{"id":24055,"date":"2024-04-05T15:35:14","date_gmt":"2024-04-05T13:35:14","guid":{"rendered":"https:\/\/exparto.pl\/produkt\/ploza-tylna-do-pluga-po738-xl-unia-prawa\/"},"modified":"2026-01-21T12:34:32","modified_gmt":"2026-01-21T11:34:32","slug":"ploza-tylna-do-pluga-po738-xl-unia-prawa","status":"publish","type":"product","link":"https:\/\/exparto.pl\/ro\/produkt\/ploza-tylna-do-pluga-po738-xl-unia-prawa\/","title":{"rendered":"P\u0142oza tylna do p\u0142uga PO738 XL Unia prawa"},"content":{"rendered":"<p><p style=\"text-align: justify\">P\u0142oza tylna prawa wykonana ze stali borowej &#8211; twardo\u015b\u0107 43-50HRC<\/p>\n<p><p style=\"text-align: justify\"><b>Z<\/b><span style=\"color: var(--gray-800)\"><b>astosowanie:<\/b><\/span><\/p>\n<ul>\n<li style=\"text-align: justify\">\u00a0p\u0142ugi obrotowe UNIA IBIS<\/li>\n<\/ul>\n<p><p style=\"text-align: justify\"><span style=\"color: var(--gray-800)\"><b>Numer katalogowy:\u00a0<\/b><\/span><\/p>\n<ul>\n<li style=\"text-align: justify\">1116730010<\/li>\n<\/ul>\n<p><b>P\u0142oza tylna do p\u0142uga prawa z naszej oferty pasuje do p\u0142ug\u00f3w obrotowych producenta UNIA IBIS<\/b><span style=\"font-weight: 400\">. Cz\u0119\u015b\u0107 ta charakteryzuje si\u0119 wysok\u0105 jako\u015bci\u0105 wykonania i wytrzyma\u0142o\u015bci\u0105 eksploatacyjn\u0105. <\/span><b>Przeznaczona jest do intensywnej pracy w trudnych warunkach<\/b><span style=\"font-weight: 400\">. Poznaj jej charakterystyk\u0119 oraz skorzystaj z naszej oferty.\u00a0<\/span><\/p>\n<h2><span style=\"font-weight: 400\">P\u0142oza do p\u0142uga \u2013 tylna prawa \u2013 Unia Grudzi\u0105dz<\/span><\/h2>\n<p><b>Bez dw\u00f3ch zda\u0144 p\u0142oza do p\u0142uga Unii Grudzi\u0105dz to wa\u017cny element konstrukcyjny ca\u0142ej maszyny<\/b><span style=\"font-weight: 400\">. To ta cz\u0119\u015b\u0107 bierze udzia\u0142 w bezpo\u015brednim ci\u0119ciu i kruszeniu ziemi, dzi\u0119ki czemu mo\u017cliwe jest przeprowadzenie podstawowych prac agrarnych i przygotowanie stanowiska do dalszej obr\u00f3bki. <\/span><b>To sprawia, \u017ce p\u0142oza p\u0142uga Unii Grudzi\u0105dz musi charakteryzowa\u0107 si\u0119 wysok\u0105 odporno\u015bci\u0105 na \u015bcieranie i uszkodzenia mechaniczne<\/b><span style=\"font-weight: 400\">. Taka w\u0142a\u015bnie jest cz\u0119\u015b\u0107 oferowana w EXPARTO.\u00a0<\/span><\/p>\n<p><span style=\"font-weight: 400\">Przygotowali\u015bmy dla Ciebie tyln\u0105 p\u0142oz\u0119 w wersji prawej, kt\u00f3ra idealnie pasuje do p\u0142ug\u00f3w obrotowych producenta Unia. <\/span><b>Element ten wyr\u00f3\u017cnia si\u0119 bardzo dobrymi parametrami technicznymi i w\u0142a\u015bciwo\u015bciami roboczymi<\/b><span style=\"font-weight: 400\">. Powstaje ze stali borowej o <\/span><b>podwy\u017cszonej twardo\u015bci<\/b><span style=\"font-weight: 400\"> i pochodzi z asortymentu producenta Agro-interstar. Jako EXPARTO oferujemy p\u0142oz\u0119 do p\u0142uga Unii w atrakcyjnej cenie i z kr\u00f3tkim terminem realizacji zam\u00f3wienia. <\/span><b>Razem z nami zadbasz o dobry stan techniczny maszyn rolniczych oraz o wydajn\u0105 prac\u0119 w gospodarstwie rolnym<\/b><span style=\"font-weight: 400\">. Zapraszamy do zakup\u00f3w.<\/span><\/p>\n","protected":false},"excerpt":{"rendered":"<p style=\"text-align: justify\">P\u0142oza tylna prawa<\/p>\n","protected":false},"featured_media":24014,"comment_status":"open","ping_status":"closed","template":"","meta":{"_acf_changed":false,"inline_featured_image":false},"product_brand":[],"product_cat":[765,781,939],"product_tag":[],"class_list":{"0":"post-24055","1":"product","2":"type-product","3":"status-publish","4":"has-post-thumbnail","6":"product_cat-czesci-do-plugow","7":"product_cat-plozy-do-pluga","8":"product_cat-plozy-prawe","10":"first","11":"instock","12":"taxable","13":"shipping-taxable","14":"purchasable","15":"product-type-simple"},"acf":[],"yoast_head":"<!-- This site is optimized with the Yoast SEO plugin v27.2 - https:\/\/yoast.com\/product\/yoast-seo-wordpress\/ -->\n<title>P\u0142oza tylna do p\u0142uga PO738 XL Unia prawa - Exparto.pl<\/title>\n<meta name=\"robots\" content=\"index, follow, max-snippet:-1, max-image-preview:large, max-video-preview:-1\" \/>\n<link rel=\"canonical\" href=\"https:\/\/exparto.pl\/ro\/produkt\/ploza-tylna-do-pluga-po738-xl-unia-prawa\/\" \/>\n<meta property=\"og:locale\" content=\"ro_RO\" \/>\n<meta property=\"og:type\" content=\"article\" \/>\n<meta property=\"og:title\" content=\"P\u0142oza tylna do p\u0142uga PO738 XL Unia prawa - Exparto.pl\" \/>\n<meta property=\"og:description\" content=\"P\u0142oza tylna prawa\" \/>\n<meta property=\"og:url\" content=\"https:\/\/exparto.pl\/ro\/produkt\/ploza-tylna-do-pluga-po738-xl-unia-prawa\/\" \/>\n<meta property=\"og:site_name\" content=\"Exparto.pl\" \/>\n<meta property=\"article:publisher\" content=\"https:\/\/www.facebook.com\/exparto.agro\/\" \/>\n<meta property=\"article:modified_time\" content=\"2026-01-21T11:34:32+00:00\" \/>\n<meta property=\"og:image\" content=\"https:\/\/exparto.pl\/wp-content\/uploads\/2024\/04\/29a9910d0c9e45cc0fb34e0019d1e51e.jpg\" \/>\n\t<meta property=\"og:image:width\" content=\"1200\" \/>\n\t<meta property=\"og:image:height\" content=\"1200\" \/>\n\t<meta property=\"og:image:type\" content=\"image\/jpeg\" \/>\n<meta name=\"twitter:card\" content=\"summary_large_image\" \/>\n<meta name=\"twitter:label1\" content=\"Timp estimat pentru citire\" \/>\n\t<meta name=\"twitter:data1\" content=\"2 minute\" \/>\n<script type=\"application\/ld+json\" class=\"yoast-schema-graph\">{\"@context\":\"https:\/\/schema.org\",\"@graph\":[{\"@type\":\"WebPage\",\"@id\":\"https:\/\/exparto.pl\/ro\/produkt\/ploza-tylna-do-pluga-po738-xl-unia-prawa\/\",\"url\":\"https:\/\/exparto.pl\/ro\/produkt\/ploza-tylna-do-pluga-po738-xl-unia-prawa\/\",\"name\":\"P\u0142oza tylna do p\u0142uga PO738 XL Unia prawa - Exparto.pl\",\"isPartOf\":{\"@id\":\"https:\/\/exparto.pl\/ro\/#website\"},\"primaryImageOfPage\":{\"@id\":\"https:\/\/exparto.pl\/ro\/produkt\/ploza-tylna-do-pluga-po738-xl-unia-prawa\/#primaryimage\"},\"image\":{\"@id\":\"https:\/\/exparto.pl\/ro\/produkt\/ploza-tylna-do-pluga-po738-xl-unia-prawa\/#primaryimage\"},\"thumbnailUrl\":\"https:\/\/exparto.pl\/wp-content\/uploads\/2024\/04\/29a9910d0c9e45cc0fb34e0019d1e51e.jpg\",\"datePublished\":\"2024-04-05T13:35:14+00:00\",\"dateModified\":\"2026-01-21T11:34:32+00:00\",\"breadcrumb\":{\"@id\":\"https:\/\/exparto.pl\/ro\/produkt\/ploza-tylna-do-pluga-po738-xl-unia-prawa\/#breadcrumb\"},\"inLanguage\":\"ro-RO\",\"potentialAction\":[{\"@type\":\"ReadAction\",\"target\":[\"https:\/\/exparto.pl\/ro\/produkt\/ploza-tylna-do-pluga-po738-xl-unia-prawa\/\"]}]},{\"@type\":\"ImageObject\",\"inLanguage\":\"ro-RO\",\"@id\":\"https:\/\/exparto.pl\/ro\/produkt\/ploza-tylna-do-pluga-po738-xl-unia-prawa\/#primaryimage\",\"url\":\"https:\/\/exparto.pl\/wp-content\/uploads\/2024\/04\/29a9910d0c9e45cc0fb34e0019d1e51e.jpg\",\"contentUrl\":\"https:\/\/exparto.pl\/wp-content\/uploads\/2024\/04\/29a9910d0c9e45cc0fb34e0019d1e51e.jpg\",\"width\":1200,\"height\":1200},{\"@type\":\"BreadcrumbList\",\"@id\":\"https:\/\/exparto.pl\/ro\/produkt\/ploza-tylna-do-pluga-po738-xl-unia-prawa\/#breadcrumb\",\"itemListElement\":[{\"@type\":\"ListItem\",\"position\":1,\"name\":\"Pagina de start\",\"item\":\"https:\/\/exparto.pl\/ro\/pagina-de-start\/\"},{\"@type\":\"ListItem\",\"position\":2,\"name\":\"Sklep\",\"item\":\"https:\/\/exparto.pl\/sklep\/\"},{\"@type\":\"ListItem\",\"position\":3,\"name\":\"Piese pentru plug\",\"item\":\"https:\/\/exparto.pl\/ro\/categoria-de-produse\/piese-pentru-plug\/\"},{\"@type\":\"ListItem\",\"position\":4,\"name\":\"Patine pentru plug\",\"item\":\"https:\/\/exparto.pl\/ro\/categoria-de-produse\/piese-pentru-plug\/patine-pentru-plug\/\"},{\"@type\":\"ListItem\",\"position\":5,\"name\":\"P\u0142oza tylna do p\u0142uga PO738 XL Unia prawa\"}]},{\"@type\":\"WebSite\",\"@id\":\"https:\/\/exparto.pl\/ro\/#website\",\"url\":\"https:\/\/exparto.pl\/ro\/\",\"name\":\"EXPARTO\",\"description\":\"More than agro parts\",\"publisher\":{\"@id\":\"https:\/\/exparto.pl\/ro\/#organization\"},\"potentialAction\":[{\"@type\":\"SearchAction\",\"target\":{\"@type\":\"EntryPoint\",\"urlTemplate\":\"https:\/\/exparto.pl\/ro\/?s={search_term_string}\"},\"query-input\":{\"@type\":\"PropertyValueSpecification\",\"valueRequired\":true,\"valueName\":\"search_term_string\"}}],\"inLanguage\":\"ro-RO\"},{\"@type\":\"Organization\",\"@id\":\"https:\/\/exparto.pl\/ro\/#organization\",\"name\":\"EXPARTO\",\"url\":\"https:\/\/exparto.pl\/ro\/\",\"logo\":{\"@type\":\"ImageObject\",\"inLanguage\":\"ro-RO\",\"@id\":\"https:\/\/exparto.pl\/ro\/#\/schema\/logo\/image\/\",\"url\":\"https:\/\/exparto.pl\/wp-content\/uploads\/2023\/02\/logo-wektor.png\",\"contentUrl\":\"https:\/\/exparto.pl\/wp-content\/uploads\/2023\/02\/logo-wektor.png\",\"width\":1338,\"height\":143,\"caption\":\"EXPARTO\"},\"image\":{\"@id\":\"https:\/\/exparto.pl\/ro\/#\/schema\/logo\/image\/\"},\"sameAs\":[\"https:\/\/www.facebook.com\/exparto.agro\/\"]}]}<\/script>\n<!-- \/ Yoast SEO plugin. -->","yoast_head_json":{"title":"P\u0142oza tylna do p\u0142uga PO738 XL Unia prawa - Exparto.pl","robots":{"index":"index","follow":"follow","max-snippet":"max-snippet:-1","max-image-preview":"max-image-preview:large","max-video-preview":"max-video-preview:-1"},"canonical":"https:\/\/exparto.pl\/ro\/produkt\/ploza-tylna-do-pluga-po738-xl-unia-prawa\/","og_locale":"ro_RO","og_type":"article","og_title":"P\u0142oza tylna do p\u0142uga PO738 XL Unia prawa - Exparto.pl","og_description":"P\u0142oza tylna prawa","og_url":"https:\/\/exparto.pl\/ro\/produkt\/ploza-tylna-do-pluga-po738-xl-unia-prawa\/","og_site_name":"Exparto.pl","article_publisher":"https:\/\/www.facebook.com\/exparto.agro\/","article_modified_time":"2026-01-21T11:34:32+00:00","og_image":[{"width":1200,"height":1200,"url":"https:\/\/exparto.pl\/wp-content\/uploads\/2024\/04\/29a9910d0c9e45cc0fb34e0019d1e51e.jpg","type":"image\/jpeg"}],"twitter_card":"summary_large_image","twitter_misc":{"Timp estimat pentru citire":"2 minute"},"schema":{"@context":"https:\/\/schema.org","@graph":[{"@type":"WebPage","@id":"https:\/\/exparto.pl\/ro\/produkt\/ploza-tylna-do-pluga-po738-xl-unia-prawa\/","url":"https:\/\/exparto.pl\/ro\/produkt\/ploza-tylna-do-pluga-po738-xl-unia-prawa\/","name":"P\u0142oza tylna do p\u0142uga PO738 XL Unia prawa - Exparto.pl","isPartOf":{"@id":"https:\/\/exparto.pl\/ro\/#website"},"primaryImageOfPage":{"@id":"https:\/\/exparto.pl\/ro\/produkt\/ploza-tylna-do-pluga-po738-xl-unia-prawa\/#primaryimage"},"image":{"@id":"https:\/\/exparto.pl\/ro\/produkt\/ploza-tylna-do-pluga-po738-xl-unia-prawa\/#primaryimage"},"thumbnailUrl":"https:\/\/exparto.pl\/wp-content\/uploads\/2024\/04\/29a9910d0c9e45cc0fb34e0019d1e51e.jpg","datePublished":"2024-04-05T13:35:14+00:00","dateModified":"2026-01-21T11:34:32+00:00","breadcrumb":{"@id":"https:\/\/exparto.pl\/ro\/produkt\/ploza-tylna-do-pluga-po738-xl-unia-prawa\/#breadcrumb"},"inLanguage":"ro-RO","potentialAction":[{"@type":"ReadAction","target":["https:\/\/exparto.pl\/ro\/produkt\/ploza-tylna-do-pluga-po738-xl-unia-prawa\/"]}]},{"@type":"ImageObject","inLanguage":"ro-RO","@id":"https:\/\/exparto.pl\/ro\/produkt\/ploza-tylna-do-pluga-po738-xl-unia-prawa\/#primaryimage","url":"https:\/\/exparto.pl\/wp-content\/uploads\/2024\/04\/29a9910d0c9e45cc0fb34e0019d1e51e.jpg","contentUrl":"https:\/\/exparto.pl\/wp-content\/uploads\/2024\/04\/29a9910d0c9e45cc0fb34e0019d1e51e.jpg","width":1200,"height":1200},{"@type":"BreadcrumbList","@id":"https:\/\/exparto.pl\/ro\/produkt\/ploza-tylna-do-pluga-po738-xl-unia-prawa\/#breadcrumb","itemListElement":[{"@type":"ListItem","position":1,"name":"Pagina de start","item":"https:\/\/exparto.pl\/ro\/pagina-de-start\/"},{"@type":"ListItem","position":2,"name":"Sklep","item":"https:\/\/exparto.pl\/sklep\/"},{"@type":"ListItem","position":3,"name":"Piese pentru plug","item":"https:\/\/exparto.pl\/ro\/categoria-de-produse\/piese-pentru-plug\/"},{"@type":"ListItem","position":4,"name":"Patine pentru plug","item":"https:\/\/exparto.pl\/ro\/categoria-de-produse\/piese-pentru-plug\/patine-pentru-plug\/"},{"@type":"ListItem","position":5,"name":"P\u0142oza tylna do p\u0142uga PO738 XL Unia prawa"}]},{"@type":"WebSite","@id":"https:\/\/exparto.pl\/ro\/#website","url":"https:\/\/exparto.pl\/ro\/","name":"EXPARTO","description":"More than agro parts","publisher":{"@id":"https:\/\/exparto.pl\/ro\/#organization"},"potentialAction":[{"@type":"SearchAction","target":{"@type":"EntryPoint","urlTemplate":"https:\/\/exparto.pl\/ro\/?s={search_term_string}"},"query-input":{"@type":"PropertyValueSpecification","valueRequired":true,"valueName":"search_term_string"}}],"inLanguage":"ro-RO"},{"@type":"Organization","@id":"https:\/\/exparto.pl\/ro\/#organization","name":"EXPARTO","url":"https:\/\/exparto.pl\/ro\/","logo":{"@type":"ImageObject","inLanguage":"ro-RO","@id":"https:\/\/exparto.pl\/ro\/#\/schema\/logo\/image\/","url":"https:\/\/exparto.pl\/wp-content\/uploads\/2023\/02\/logo-wektor.png","contentUrl":"https:\/\/exparto.pl\/wp-content\/uploads\/2023\/02\/logo-wektor.png","width":1338,"height":143,"caption":"EXPARTO"},"image":{"@id":"https:\/\/exparto.pl\/ro\/#\/schema\/logo\/image\/"},"sameAs":["https:\/\/www.facebook.com\/exparto.agro\/"]}]}},"_links":{"self":[{"href":"https:\/\/exparto.pl\/ro\/wp-json\/wp\/v2\/product\/24055","targetHints":{"allow":["GET"]}}],"collection":[{"href":"https:\/\/exparto.pl\/ro\/wp-json\/wp\/v2\/product"}],"about":[{"href":"https:\/\/exparto.pl\/ro\/wp-json\/wp\/v2\/types\/product"}],"replies":[{"embeddable":true,"href":"https:\/\/exparto.pl\/ro\/wp-json\/wp\/v2\/comments?post=24055"}],"wp:featuredmedia":[{"embeddable":true,"href":"https:\/\/exparto.pl\/ro\/wp-json\/wp\/v2\/media\/24014"}],"wp:attachment":[{"href":"https:\/\/exparto.pl\/ro\/wp-json\/wp\/v2\/media?parent=24055"}],"wp:term":[{"taxonomy":"product_brand","embeddable":true,"href":"https:\/\/exparto.pl\/ro\/wp-json\/wp\/v2\/product_brand?post=24055"},{"taxonomy":"product_cat","embeddable":true,"href":"https:\/\/exparto.pl\/ro\/wp-json\/wp\/v2\/product_cat?post=24055"},{"taxonomy":"product_tag","embeddable":true,"href":"https:\/\/exparto.pl\/ro\/wp-json\/wp\/v2\/product_tag?post=24055"}],"curies":[{"name":"wp","href":"https:\/\/api.w.org\/{rel}","templated":true}]}}