{"id":24103,"date":"2024-04-05T15:36:50","date_gmt":"2024-04-05T13:36:50","guid":{"rendered":"https:\/\/exparto.pl\/produkt\/ploza-tylna-do-pluga-po739-xl-unia-plug-lewa\/"},"modified":"2026-01-21T12:34:33","modified_gmt":"2026-01-21T11:34:33","slug":"ploza-tylna-do-pluga-po739-xl-unia-plug-lewa","status":"publish","type":"product","link":"https:\/\/exparto.pl\/ro\/produkt\/ploza-tylna-do-pluga-po739-xl-unia-plug-lewa\/","title":{"rendered":"P\u0142oza tylna do p\u0142uga PO739 XL Unia P\u0142ug lewa"},"content":{"rendered":"<p><p style=\"text-align: justify\">P\u0142oza tylna lewa wykonana ze stali borowej &#8211; twardo\u015b\u0107 43-50HRC<\/p>\n<p><p style=\"text-align: justify\"><b>Z<\/b><span style=\"color: var(--gray-800)\"><b>astosowanie:<\/b><\/span><\/p>\n<ul>\n<li style=\"text-align: justify\">\u00a0p\u0142ugi obrotowe UNIA IBIS<\/li>\n<\/ul>\n<p><p style=\"text-align: justify\"><span style=\"color: var(--gray-800)\"><b>Numer katalogowy:\u00a0<\/b><\/span><\/p>\n<ul>\n<li style=\"text-align: justify\">1116740010<\/li>\n<\/ul>\n<p><b>P\u0142oza tylna do p\u0142uga Unia lewa z naszej oferty pasuje do p\u0142ug\u00f3w obrotowych producenta UNIA IBIS<\/b><span style=\"font-weight: 400\">. Cz\u0119\u015b\u0107 ta wyr\u00f3\u017cnia si\u0119 wysok\u0105 jako\u015bci\u0105 wykonania oraz dobrymi w\u0142a\u015bciwo\u015bciami roboczymi. To sprawdzony zamiennik, kt\u00f3ry dobrze sprawdza si\u0119 w trakcie pracy w trudnych warunkach. Poznaj jego parametry i skorzystaj z naszego asortymentu.<\/span><\/p>\n<h2><span style=\"font-weight: 400\">P\u0142oza do p\u0142uga \u2013 tylna lewa \u2013 Unia Grudzi\u0105dz<\/span><\/h2>\n<p><b>P\u0142ug to maszyna rolnicza intensywnie u\u017cytkowana w gospodarstwie<\/b><span style=\"font-weight: 400\">. To sprawia, \u017ce ka\u017cdy jej element powinien znajdowa\u0107 si\u0119 w dobrym stanie technicznym. <\/span><b>Szczeg\u00f3ln\u0105 uwag\u0119 nale\u017cy zwr\u00f3ci\u0107 na cz\u0119\u015bci eksploatacyjne<\/b><span style=\"font-weight: 400\">, kt\u00f3re bior\u0105 bezpo\u015bredni udzia\u0142 w procesie ci\u0119cia i kruszenia ziemi.\u00a0<\/span><\/p>\n<p><b>W tym miejscu przygotowali\u015bmy dla Ciebie tyln\u0105 p\u0142oz\u0119 p\u0142uga Unii Grudzi\u0105dz w wersji lewej<\/b><span style=\"font-weight: 400\">. Przeznaczona jest do stosowania w maszynach rolniczych tego producenta. <\/span><b>P\u0142oza wykonana jest ze stali borowej o podwy\u017cszonej twardo\u015bci, dzi\u0119ki czemu jest dobrze przygotowana do pracy w trudnych warunkach wyst\u0119puj\u0105cych na polu<\/b><span style=\"font-weight: 400\">. Na uwag\u0119 zas\u0142uguje jej zwi\u0119kszona odporno\u015b\u0107 na uszkodzenia mechaniczne oraz \u015bcieranie. Niska waga p\u0142ozy sprawia, \u017ce jest wygodna w monta\u017cu i demonta\u017cu. Zapraszamy do zakupu tej cz\u0119\u015bci w naszym sklepie. <\/span><b>Ju\u017c dzi\u015b z\u0142\u00f3\u017c zam\u00f3wienie i zadbaj o wydajn\u0105 i bezpieczn\u0105 prac\u0119 w gospodarstwie rolnym<\/b><span style=\"font-weight: 400\">.\u00a0<\/span><\/p>\n","protected":false},"excerpt":{"rendered":"<p style=\"text-align: justify\">P\u0142oza tylna lewa<\/p>\n","protected":false},"featured_media":24062,"comment_status":"open","ping_status":"closed","template":"","meta":{"_acf_changed":false,"inline_featured_image":false},"product_brand":[],"product_cat":[765,781,938],"product_tag":[],"class_list":{"0":"post-24103","1":"product","2":"type-product","3":"status-publish","4":"has-post-thumbnail","6":"product_cat-czesci-do-plugow","7":"product_cat-plozy-do-pluga","8":"product_cat-plozy-lewe","10":"first","11":"instock","12":"taxable","13":"shipping-taxable","14":"purchasable","15":"product-type-simple"},"acf":[],"yoast_head":"<!-- This site is optimized with the Yoast SEO plugin v27.2 - https:\/\/yoast.com\/product\/yoast-seo-wordpress\/ -->\n<title>P\u0142oza tylna do p\u0142uga PO739 XL Unia P\u0142ug lewa - Exparto.pl<\/title>\n<meta name=\"robots\" content=\"index, follow, max-snippet:-1, max-image-preview:large, max-video-preview:-1\" \/>\n<link rel=\"canonical\" href=\"https:\/\/exparto.pl\/ro\/produkt\/ploza-tylna-do-pluga-po739-xl-unia-plug-lewa\/\" \/>\n<meta property=\"og:locale\" content=\"ro_RO\" \/>\n<meta property=\"og:type\" content=\"article\" \/>\n<meta property=\"og:title\" content=\"P\u0142oza tylna do p\u0142uga PO739 XL Unia P\u0142ug lewa - Exparto.pl\" \/>\n<meta property=\"og:description\" content=\"P\u0142oza tylna lewa\" \/>\n<meta property=\"og:url\" content=\"https:\/\/exparto.pl\/ro\/produkt\/ploza-tylna-do-pluga-po739-xl-unia-plug-lewa\/\" \/>\n<meta property=\"og:site_name\" content=\"Exparto.pl\" \/>\n<meta property=\"article:publisher\" content=\"https:\/\/www.facebook.com\/exparto.agro\/\" \/>\n<meta property=\"article:modified_time\" content=\"2026-01-21T11:34:33+00:00\" \/>\n<meta property=\"og:image\" content=\"https:\/\/exparto.pl\/wp-content\/uploads\/2024\/04\/9434966e77cb9f327559925019bcaf69.jpg\" \/>\n\t<meta property=\"og:image:width\" content=\"1200\" \/>\n\t<meta property=\"og:image:height\" content=\"1200\" \/>\n\t<meta property=\"og:image:type\" content=\"image\/jpeg\" \/>\n<meta name=\"twitter:card\" content=\"summary_large_image\" \/>\n<meta name=\"twitter:label1\" content=\"Timp estimat pentru citire\" \/>\n\t<meta name=\"twitter:data1\" content=\"2 minute\" \/>\n<script type=\"application\/ld+json\" class=\"yoast-schema-graph\">{\"@context\":\"https:\/\/schema.org\",\"@graph\":[{\"@type\":\"WebPage\",\"@id\":\"https:\/\/exparto.pl\/ro\/produkt\/ploza-tylna-do-pluga-po739-xl-unia-plug-lewa\/\",\"url\":\"https:\/\/exparto.pl\/ro\/produkt\/ploza-tylna-do-pluga-po739-xl-unia-plug-lewa\/\",\"name\":\"P\u0142oza tylna do p\u0142uga PO739 XL Unia P\u0142ug lewa - Exparto.pl\",\"isPartOf\":{\"@id\":\"https:\/\/exparto.pl\/ro\/#website\"},\"primaryImageOfPage\":{\"@id\":\"https:\/\/exparto.pl\/ro\/produkt\/ploza-tylna-do-pluga-po739-xl-unia-plug-lewa\/#primaryimage\"},\"image\":{\"@id\":\"https:\/\/exparto.pl\/ro\/produkt\/ploza-tylna-do-pluga-po739-xl-unia-plug-lewa\/#primaryimage\"},\"thumbnailUrl\":\"https:\/\/exparto.pl\/wp-content\/uploads\/2024\/04\/9434966e77cb9f327559925019bcaf69.jpg\",\"datePublished\":\"2024-04-05T13:36:50+00:00\",\"dateModified\":\"2026-01-21T11:34:33+00:00\",\"breadcrumb\":{\"@id\":\"https:\/\/exparto.pl\/ro\/produkt\/ploza-tylna-do-pluga-po739-xl-unia-plug-lewa\/#breadcrumb\"},\"inLanguage\":\"ro-RO\",\"potentialAction\":[{\"@type\":\"ReadAction\",\"target\":[\"https:\/\/exparto.pl\/ro\/produkt\/ploza-tylna-do-pluga-po739-xl-unia-plug-lewa\/\"]}]},{\"@type\":\"ImageObject\",\"inLanguage\":\"ro-RO\",\"@id\":\"https:\/\/exparto.pl\/ro\/produkt\/ploza-tylna-do-pluga-po739-xl-unia-plug-lewa\/#primaryimage\",\"url\":\"https:\/\/exparto.pl\/wp-content\/uploads\/2024\/04\/9434966e77cb9f327559925019bcaf69.jpg\",\"contentUrl\":\"https:\/\/exparto.pl\/wp-content\/uploads\/2024\/04\/9434966e77cb9f327559925019bcaf69.jpg\",\"width\":1200,\"height\":1200},{\"@type\":\"BreadcrumbList\",\"@id\":\"https:\/\/exparto.pl\/ro\/produkt\/ploza-tylna-do-pluga-po739-xl-unia-plug-lewa\/#breadcrumb\",\"itemListElement\":[{\"@type\":\"ListItem\",\"position\":1,\"name\":\"Pagina de start\",\"item\":\"https:\/\/exparto.pl\/ro\/pagina-de-start\/\"},{\"@type\":\"ListItem\",\"position\":2,\"name\":\"Sklep\",\"item\":\"https:\/\/exparto.pl\/sklep\/\"},{\"@type\":\"ListItem\",\"position\":3,\"name\":\"Piese pentru plug\",\"item\":\"https:\/\/exparto.pl\/ro\/categoria-de-produse\/piese-pentru-plug\/\"},{\"@type\":\"ListItem\",\"position\":4,\"name\":\"Patine pentru plug\",\"item\":\"https:\/\/exparto.pl\/ro\/categoria-de-produse\/piese-pentru-plug\/patine-pentru-plug\/\"},{\"@type\":\"ListItem\",\"position\":5,\"name\":\"P\u0142oza tylna do p\u0142uga PO739 XL Unia P\u0142ug lewa\"}]},{\"@type\":\"WebSite\",\"@id\":\"https:\/\/exparto.pl\/ro\/#website\",\"url\":\"https:\/\/exparto.pl\/ro\/\",\"name\":\"EXPARTO\",\"description\":\"More than agro parts\",\"publisher\":{\"@id\":\"https:\/\/exparto.pl\/ro\/#organization\"},\"potentialAction\":[{\"@type\":\"SearchAction\",\"target\":{\"@type\":\"EntryPoint\",\"urlTemplate\":\"https:\/\/exparto.pl\/ro\/?s={search_term_string}\"},\"query-input\":{\"@type\":\"PropertyValueSpecification\",\"valueRequired\":true,\"valueName\":\"search_term_string\"}}],\"inLanguage\":\"ro-RO\"},{\"@type\":\"Organization\",\"@id\":\"https:\/\/exparto.pl\/ro\/#organization\",\"name\":\"EXPARTO\",\"url\":\"https:\/\/exparto.pl\/ro\/\",\"logo\":{\"@type\":\"ImageObject\",\"inLanguage\":\"ro-RO\",\"@id\":\"https:\/\/exparto.pl\/ro\/#\/schema\/logo\/image\/\",\"url\":\"https:\/\/exparto.pl\/wp-content\/uploads\/2023\/02\/logo-wektor.png\",\"contentUrl\":\"https:\/\/exparto.pl\/wp-content\/uploads\/2023\/02\/logo-wektor.png\",\"width\":1338,\"height\":143,\"caption\":\"EXPARTO\"},\"image\":{\"@id\":\"https:\/\/exparto.pl\/ro\/#\/schema\/logo\/image\/\"},\"sameAs\":[\"https:\/\/www.facebook.com\/exparto.agro\/\"]}]}<\/script>\n<!-- \/ Yoast SEO plugin. -->","yoast_head_json":{"title":"P\u0142oza tylna do p\u0142uga PO739 XL Unia P\u0142ug lewa - Exparto.pl","robots":{"index":"index","follow":"follow","max-snippet":"max-snippet:-1","max-image-preview":"max-image-preview:large","max-video-preview":"max-video-preview:-1"},"canonical":"https:\/\/exparto.pl\/ro\/produkt\/ploza-tylna-do-pluga-po739-xl-unia-plug-lewa\/","og_locale":"ro_RO","og_type":"article","og_title":"P\u0142oza tylna do p\u0142uga PO739 XL Unia P\u0142ug lewa - Exparto.pl","og_description":"P\u0142oza tylna lewa","og_url":"https:\/\/exparto.pl\/ro\/produkt\/ploza-tylna-do-pluga-po739-xl-unia-plug-lewa\/","og_site_name":"Exparto.pl","article_publisher":"https:\/\/www.facebook.com\/exparto.agro\/","article_modified_time":"2026-01-21T11:34:33+00:00","og_image":[{"width":1200,"height":1200,"url":"https:\/\/exparto.pl\/wp-content\/uploads\/2024\/04\/9434966e77cb9f327559925019bcaf69.jpg","type":"image\/jpeg"}],"twitter_card":"summary_large_image","twitter_misc":{"Timp estimat pentru citire":"2 minute"},"schema":{"@context":"https:\/\/schema.org","@graph":[{"@type":"WebPage","@id":"https:\/\/exparto.pl\/ro\/produkt\/ploza-tylna-do-pluga-po739-xl-unia-plug-lewa\/","url":"https:\/\/exparto.pl\/ro\/produkt\/ploza-tylna-do-pluga-po739-xl-unia-plug-lewa\/","name":"P\u0142oza tylna do p\u0142uga PO739 XL Unia P\u0142ug lewa - Exparto.pl","isPartOf":{"@id":"https:\/\/exparto.pl\/ro\/#website"},"primaryImageOfPage":{"@id":"https:\/\/exparto.pl\/ro\/produkt\/ploza-tylna-do-pluga-po739-xl-unia-plug-lewa\/#primaryimage"},"image":{"@id":"https:\/\/exparto.pl\/ro\/produkt\/ploza-tylna-do-pluga-po739-xl-unia-plug-lewa\/#primaryimage"},"thumbnailUrl":"https:\/\/exparto.pl\/wp-content\/uploads\/2024\/04\/9434966e77cb9f327559925019bcaf69.jpg","datePublished":"2024-04-05T13:36:50+00:00","dateModified":"2026-01-21T11:34:33+00:00","breadcrumb":{"@id":"https:\/\/exparto.pl\/ro\/produkt\/ploza-tylna-do-pluga-po739-xl-unia-plug-lewa\/#breadcrumb"},"inLanguage":"ro-RO","potentialAction":[{"@type":"ReadAction","target":["https:\/\/exparto.pl\/ro\/produkt\/ploza-tylna-do-pluga-po739-xl-unia-plug-lewa\/"]}]},{"@type":"ImageObject","inLanguage":"ro-RO","@id":"https:\/\/exparto.pl\/ro\/produkt\/ploza-tylna-do-pluga-po739-xl-unia-plug-lewa\/#primaryimage","url":"https:\/\/exparto.pl\/wp-content\/uploads\/2024\/04\/9434966e77cb9f327559925019bcaf69.jpg","contentUrl":"https:\/\/exparto.pl\/wp-content\/uploads\/2024\/04\/9434966e77cb9f327559925019bcaf69.jpg","width":1200,"height":1200},{"@type":"BreadcrumbList","@id":"https:\/\/exparto.pl\/ro\/produkt\/ploza-tylna-do-pluga-po739-xl-unia-plug-lewa\/#breadcrumb","itemListElement":[{"@type":"ListItem","position":1,"name":"Pagina de start","item":"https:\/\/exparto.pl\/ro\/pagina-de-start\/"},{"@type":"ListItem","position":2,"name":"Sklep","item":"https:\/\/exparto.pl\/sklep\/"},{"@type":"ListItem","position":3,"name":"Piese pentru plug","item":"https:\/\/exparto.pl\/ro\/categoria-de-produse\/piese-pentru-plug\/"},{"@type":"ListItem","position":4,"name":"Patine pentru plug","item":"https:\/\/exparto.pl\/ro\/categoria-de-produse\/piese-pentru-plug\/patine-pentru-plug\/"},{"@type":"ListItem","position":5,"name":"P\u0142oza tylna do p\u0142uga PO739 XL Unia P\u0142ug lewa"}]},{"@type":"WebSite","@id":"https:\/\/exparto.pl\/ro\/#website","url":"https:\/\/exparto.pl\/ro\/","name":"EXPARTO","description":"More than agro parts","publisher":{"@id":"https:\/\/exparto.pl\/ro\/#organization"},"potentialAction":[{"@type":"SearchAction","target":{"@type":"EntryPoint","urlTemplate":"https:\/\/exparto.pl\/ro\/?s={search_term_string}"},"query-input":{"@type":"PropertyValueSpecification","valueRequired":true,"valueName":"search_term_string"}}],"inLanguage":"ro-RO"},{"@type":"Organization","@id":"https:\/\/exparto.pl\/ro\/#organization","name":"EXPARTO","url":"https:\/\/exparto.pl\/ro\/","logo":{"@type":"ImageObject","inLanguage":"ro-RO","@id":"https:\/\/exparto.pl\/ro\/#\/schema\/logo\/image\/","url":"https:\/\/exparto.pl\/wp-content\/uploads\/2023\/02\/logo-wektor.png","contentUrl":"https:\/\/exparto.pl\/wp-content\/uploads\/2023\/02\/logo-wektor.png","width":1338,"height":143,"caption":"EXPARTO"},"image":{"@id":"https:\/\/exparto.pl\/ro\/#\/schema\/logo\/image\/"},"sameAs":["https:\/\/www.facebook.com\/exparto.agro\/"]}]}},"_links":{"self":[{"href":"https:\/\/exparto.pl\/ro\/wp-json\/wp\/v2\/product\/24103","targetHints":{"allow":["GET"]}}],"collection":[{"href":"https:\/\/exparto.pl\/ro\/wp-json\/wp\/v2\/product"}],"about":[{"href":"https:\/\/exparto.pl\/ro\/wp-json\/wp\/v2\/types\/product"}],"replies":[{"embeddable":true,"href":"https:\/\/exparto.pl\/ro\/wp-json\/wp\/v2\/comments?post=24103"}],"wp:featuredmedia":[{"embeddable":true,"href":"https:\/\/exparto.pl\/ro\/wp-json\/wp\/v2\/media\/24062"}],"wp:attachment":[{"href":"https:\/\/exparto.pl\/ro\/wp-json\/wp\/v2\/media?parent=24103"}],"wp:term":[{"taxonomy":"product_brand","embeddable":true,"href":"https:\/\/exparto.pl\/ro\/wp-json\/wp\/v2\/product_brand?post=24103"},{"taxonomy":"product_cat","embeddable":true,"href":"https:\/\/exparto.pl\/ro\/wp-json\/wp\/v2\/product_cat?post=24103"},{"taxonomy":"product_tag","embeddable":true,"href":"https:\/\/exparto.pl\/ro\/wp-json\/wp\/v2\/product_tag?post=24103"}],"curies":[{"name":"wp","href":"https:\/\/api.w.org\/{rel}","templated":true}]}}