{"id":24104,"date":"2024-04-05T15:36:56","date_gmt":"2024-04-05T13:36:56","guid":{"rendered":"https:\/\/exparto.pl\/produkt\/dluto-do-pluga-prawe-vogel-noot\/"},"modified":"2026-03-22T23:02:08","modified_gmt":"2026-03-22T22:02:08","slug":"dluto-do-pluga-prawe-vogel-noot","status":"publish","type":"product","link":"https:\/\/exparto.pl\/ro\/produkt\/dluto-do-pluga-prawe-vogel-noot\/","title":{"rendered":"D\u0142uto do p\u0142uga prawe Vogel Noot"},"content":{"rendered":"<p><b>Zastosowanie<\/b><span style=\"font-weight: 400\">:\u00a0<\/span><\/p>\n<ul>\n<li style=\"font-weight: 400\"><span style=\"font-weight: 400\">p\u0142ugi zagonowe i obrotowe Vogel&amp;Noot, Akpil<\/span><\/li>\n<\/ul>\n<p><b>Numer katalogowy<\/b><span style=\"font-weight: 400\">:<\/span><\/p>\n<ul>\n<li style=\"font-weight: 400\"><span style=\"font-weight: 400\">801101<\/span><\/li>\n<\/ul>\n<p><b>Dob\u00f3r wysokiej jako\u015bci cz\u0119\u015bci roboczych do p\u0142ug\u00f3w ma du\u017ce znaczenie w kontek\u015bcie utrzymania optymalnej wydajno\u015bci pracy w polu<\/b><span style=\"font-weight: 400\">. W EXPARTO przygotowali\u015bmy dla Ciebie d\u0142uta do p\u0142uga Vogel&amp;Noot, kt\u00f3re przeznaczone s\u0105 do monta\u017cu po prawej stronie korpusu maszyny. Zapraszamy do zapoznania si\u0119 z ich specyfikacj\u0105 techniczn\u0105.\u00a0<\/span><\/p>\n<h2><span style=\"font-weight: 400\">D\u0142uto do p\u0142uga \u2013 prawe \u2013 Vogel&amp;noot, Akpil<\/span><\/h2>\n<p><span style=\"font-weight: 400\">P\u0142ug to maszyna, kt\u00f3ra powszechnie wykorzystywana jest na polskiej wsi. S\u0142u\u017cy do orki, czyli zrywania wierzchniej warstwy gleby i odwracania jej na drug\u0105 stron\u0119. Jednym z wa\u017cnych element\u00f3w roboczych maszyny jest d\u0142uto p\u0142uga. To ono odpowiada za odrywanie skiby z pod\u0142o\u017ca. <\/span><b>W naszym sklepie przygotowali\u015bmy dla Ciebie starannie obrobione d\u0142uto prawe, kt\u00f3re przeznaczone jest do stosowania w p\u0142ugach zagonowych i obrotowych producent\u00f3w Vogel&amp;noot i Akpil<\/b><span style=\"font-weight: 400\">. Cz\u0119\u015b\u0107 ta produkowana jest ze stali borowej o wysokiej twardo\u015bci i odporno\u015bci na \u015bcieranie.<\/span><\/p>\n<p><p style=\"text-align: justify\"><span style=\"font-weight: 400\">Zale\u017cy Ci na wydajnej i niezawodnej pracy p\u0142ugiem rolnym? <\/span><b>Zainwestuj w wysokiej jako\u015bci cz\u0119\u015bci od EXPARTO i wyd\u0142u\u017c \u017cywotno\u015b\u0107 Twojej maszyny rolniczej<\/b><span style=\"font-weight: 400\">. Zapraszamy do zakup\u00f3w w naszym sklepie internetowym. W przypadku pyta\u0144 lub w\u0105tpliwo\u015bci skontaktuj si\u0119 z naszym ekspertem. <\/span><\/p>\n","protected":false},"excerpt":{"rendered":"<p style=\"text-align: justify\">D\u0142uto prawe<\/p>\n","protected":false},"featured_media":24067,"comment_status":"open","ping_status":"closed","template":"","meta":{"_acf_changed":false,"inline_featured_image":false},"product_brand":[],"product_cat":[765,771,937],"product_tag":[],"class_list":{"0":"post-24104","1":"product","2":"type-product","3":"status-publish","4":"has-post-thumbnail","6":"product_cat-czesci-do-plugow","7":"product_cat-dluta-do-pluga","8":"product_cat-dluta-prawe","10":"first","11":"instock","12":"taxable","13":"shipping-taxable","14":"purchasable","15":"product-type-simple"},"acf":[],"yoast_head":"<!-- This site is optimized with the Yoast SEO plugin v27.2 - https:\/\/yoast.com\/product\/yoast-seo-wordpress\/ -->\n<title>D\u0142uto do p\u0142uga prawe Vogel Noot - Exparto.pl<\/title>\n<meta name=\"robots\" content=\"index, follow, max-snippet:-1, max-image-preview:large, max-video-preview:-1\" \/>\n<link rel=\"canonical\" href=\"https:\/\/exparto.pl\/ro\/produkt\/dluto-do-pluga-prawe-vogel-noot\/\" \/>\n<meta property=\"og:locale\" content=\"ro_RO\" \/>\n<meta property=\"og:type\" content=\"article\" \/>\n<meta property=\"og:title\" content=\"D\u0142uto do p\u0142uga prawe Vogel Noot - Exparto.pl\" \/>\n<meta property=\"og:description\" content=\"D\u0142uto prawe\" \/>\n<meta property=\"og:url\" content=\"https:\/\/exparto.pl\/ro\/produkt\/dluto-do-pluga-prawe-vogel-noot\/\" \/>\n<meta property=\"og:site_name\" content=\"Exparto.pl\" \/>\n<meta property=\"article:publisher\" content=\"https:\/\/www.facebook.com\/exparto.agro\/\" \/>\n<meta property=\"article:modified_time\" content=\"2026-03-22T22:02:08+00:00\" \/>\n<meta property=\"og:image\" content=\"https:\/\/exparto.pl\/wp-content\/uploads\/2024\/04\/b94371f4beed8b892a751c5f79850e99.jpg\" \/>\n\t<meta property=\"og:image:width\" content=\"1200\" \/>\n\t<meta property=\"og:image:height\" content=\"1200\" \/>\n\t<meta property=\"og:image:type\" content=\"image\/jpeg\" \/>\n<meta name=\"twitter:card\" content=\"summary_large_image\" \/>\n<meta name=\"twitter:label1\" content=\"Timp estimat pentru citire\" \/>\n\t<meta name=\"twitter:data1\" content=\"2 minute\" \/>\n<script type=\"application\/ld+json\" class=\"yoast-schema-graph\">{\"@context\":\"https:\/\/schema.org\",\"@graph\":[{\"@type\":\"WebPage\",\"@id\":\"https:\/\/exparto.pl\/ro\/produkt\/dluto-do-pluga-prawe-vogel-noot\/\",\"url\":\"https:\/\/exparto.pl\/ro\/produkt\/dluto-do-pluga-prawe-vogel-noot\/\",\"name\":\"D\u0142uto do p\u0142uga prawe Vogel Noot - Exparto.pl\",\"isPartOf\":{\"@id\":\"https:\/\/exparto.pl\/ro\/#website\"},\"primaryImageOfPage\":{\"@id\":\"https:\/\/exparto.pl\/ro\/produkt\/dluto-do-pluga-prawe-vogel-noot\/#primaryimage\"},\"image\":{\"@id\":\"https:\/\/exparto.pl\/ro\/produkt\/dluto-do-pluga-prawe-vogel-noot\/#primaryimage\"},\"thumbnailUrl\":\"https:\/\/exparto.pl\/wp-content\/uploads\/2024\/04\/b94371f4beed8b892a751c5f79850e99.jpg\",\"datePublished\":\"2024-04-05T13:36:56+00:00\",\"dateModified\":\"2026-03-22T22:02:08+00:00\",\"breadcrumb\":{\"@id\":\"https:\/\/exparto.pl\/ro\/produkt\/dluto-do-pluga-prawe-vogel-noot\/#breadcrumb\"},\"inLanguage\":\"ro-RO\",\"potentialAction\":[{\"@type\":\"ReadAction\",\"target\":[\"https:\/\/exparto.pl\/ro\/produkt\/dluto-do-pluga-prawe-vogel-noot\/\"]}]},{\"@type\":\"ImageObject\",\"inLanguage\":\"ro-RO\",\"@id\":\"https:\/\/exparto.pl\/ro\/produkt\/dluto-do-pluga-prawe-vogel-noot\/#primaryimage\",\"url\":\"https:\/\/exparto.pl\/wp-content\/uploads\/2024\/04\/b94371f4beed8b892a751c5f79850e99.jpg\",\"contentUrl\":\"https:\/\/exparto.pl\/wp-content\/uploads\/2024\/04\/b94371f4beed8b892a751c5f79850e99.jpg\",\"width\":1200,\"height\":1200},{\"@type\":\"BreadcrumbList\",\"@id\":\"https:\/\/exparto.pl\/ro\/produkt\/dluto-do-pluga-prawe-vogel-noot\/#breadcrumb\",\"itemListElement\":[{\"@type\":\"ListItem\",\"position\":1,\"name\":\"Pagina de start\",\"item\":\"https:\/\/exparto.pl\/ro\/pagina-de-start\/\"},{\"@type\":\"ListItem\",\"position\":2,\"name\":\"Sklep\",\"item\":\"https:\/\/exparto.pl\/sklep\/\"},{\"@type\":\"ListItem\",\"position\":3,\"name\":\"Piese pentru plug\",\"item\":\"https:\/\/exparto.pl\/ro\/categoria-de-produse\/piese-pentru-plug\/\"},{\"@type\":\"ListItem\",\"position\":4,\"name\":\"D\u0142uta do p\u0142uga\",\"item\":\"https:\/\/exparto.pl\/kategoria-produktu\/czesci-do-plugow\/dluta-do-pluga\/\"},{\"@type\":\"ListItem\",\"position\":5,\"name\":\"D\u0142uto do p\u0142uga prawe Vogel Noot\"}]},{\"@type\":\"WebSite\",\"@id\":\"https:\/\/exparto.pl\/ro\/#website\",\"url\":\"https:\/\/exparto.pl\/ro\/\",\"name\":\"EXPARTO\",\"description\":\"More than agro parts\",\"publisher\":{\"@id\":\"https:\/\/exparto.pl\/ro\/#organization\"},\"potentialAction\":[{\"@type\":\"SearchAction\",\"target\":{\"@type\":\"EntryPoint\",\"urlTemplate\":\"https:\/\/exparto.pl\/ro\/?s={search_term_string}\"},\"query-input\":{\"@type\":\"PropertyValueSpecification\",\"valueRequired\":true,\"valueName\":\"search_term_string\"}}],\"inLanguage\":\"ro-RO\"},{\"@type\":\"Organization\",\"@id\":\"https:\/\/exparto.pl\/ro\/#organization\",\"name\":\"EXPARTO\",\"url\":\"https:\/\/exparto.pl\/ro\/\",\"logo\":{\"@type\":\"ImageObject\",\"inLanguage\":\"ro-RO\",\"@id\":\"https:\/\/exparto.pl\/ro\/#\/schema\/logo\/image\/\",\"url\":\"https:\/\/exparto.pl\/wp-content\/uploads\/2023\/02\/logo-wektor.png\",\"contentUrl\":\"https:\/\/exparto.pl\/wp-content\/uploads\/2023\/02\/logo-wektor.png\",\"width\":1338,\"height\":143,\"caption\":\"EXPARTO\"},\"image\":{\"@id\":\"https:\/\/exparto.pl\/ro\/#\/schema\/logo\/image\/\"},\"sameAs\":[\"https:\/\/www.facebook.com\/exparto.agro\/\"]}]}<\/script>\n<!-- \/ Yoast SEO plugin. -->","yoast_head_json":{"title":"D\u0142uto do p\u0142uga prawe Vogel Noot - Exparto.pl","robots":{"index":"index","follow":"follow","max-snippet":"max-snippet:-1","max-image-preview":"max-image-preview:large","max-video-preview":"max-video-preview:-1"},"canonical":"https:\/\/exparto.pl\/ro\/produkt\/dluto-do-pluga-prawe-vogel-noot\/","og_locale":"ro_RO","og_type":"article","og_title":"D\u0142uto do p\u0142uga prawe Vogel Noot - Exparto.pl","og_description":"D\u0142uto prawe","og_url":"https:\/\/exparto.pl\/ro\/produkt\/dluto-do-pluga-prawe-vogel-noot\/","og_site_name":"Exparto.pl","article_publisher":"https:\/\/www.facebook.com\/exparto.agro\/","article_modified_time":"2026-03-22T22:02:08+00:00","og_image":[{"width":1200,"height":1200,"url":"https:\/\/exparto.pl\/wp-content\/uploads\/2024\/04\/b94371f4beed8b892a751c5f79850e99.jpg","type":"image\/jpeg"}],"twitter_card":"summary_large_image","twitter_misc":{"Timp estimat pentru citire":"2 minute"},"schema":{"@context":"https:\/\/schema.org","@graph":[{"@type":"WebPage","@id":"https:\/\/exparto.pl\/ro\/produkt\/dluto-do-pluga-prawe-vogel-noot\/","url":"https:\/\/exparto.pl\/ro\/produkt\/dluto-do-pluga-prawe-vogel-noot\/","name":"D\u0142uto do p\u0142uga prawe Vogel Noot - Exparto.pl","isPartOf":{"@id":"https:\/\/exparto.pl\/ro\/#website"},"primaryImageOfPage":{"@id":"https:\/\/exparto.pl\/ro\/produkt\/dluto-do-pluga-prawe-vogel-noot\/#primaryimage"},"image":{"@id":"https:\/\/exparto.pl\/ro\/produkt\/dluto-do-pluga-prawe-vogel-noot\/#primaryimage"},"thumbnailUrl":"https:\/\/exparto.pl\/wp-content\/uploads\/2024\/04\/b94371f4beed8b892a751c5f79850e99.jpg","datePublished":"2024-04-05T13:36:56+00:00","dateModified":"2026-03-22T22:02:08+00:00","breadcrumb":{"@id":"https:\/\/exparto.pl\/ro\/produkt\/dluto-do-pluga-prawe-vogel-noot\/#breadcrumb"},"inLanguage":"ro-RO","potentialAction":[{"@type":"ReadAction","target":["https:\/\/exparto.pl\/ro\/produkt\/dluto-do-pluga-prawe-vogel-noot\/"]}]},{"@type":"ImageObject","inLanguage":"ro-RO","@id":"https:\/\/exparto.pl\/ro\/produkt\/dluto-do-pluga-prawe-vogel-noot\/#primaryimage","url":"https:\/\/exparto.pl\/wp-content\/uploads\/2024\/04\/b94371f4beed8b892a751c5f79850e99.jpg","contentUrl":"https:\/\/exparto.pl\/wp-content\/uploads\/2024\/04\/b94371f4beed8b892a751c5f79850e99.jpg","width":1200,"height":1200},{"@type":"BreadcrumbList","@id":"https:\/\/exparto.pl\/ro\/produkt\/dluto-do-pluga-prawe-vogel-noot\/#breadcrumb","itemListElement":[{"@type":"ListItem","position":1,"name":"Pagina de start","item":"https:\/\/exparto.pl\/ro\/pagina-de-start\/"},{"@type":"ListItem","position":2,"name":"Sklep","item":"https:\/\/exparto.pl\/sklep\/"},{"@type":"ListItem","position":3,"name":"Piese pentru plug","item":"https:\/\/exparto.pl\/ro\/categoria-de-produse\/piese-pentru-plug\/"},{"@type":"ListItem","position":4,"name":"D\u0142uta do p\u0142uga","item":"https:\/\/exparto.pl\/kategoria-produktu\/czesci-do-plugow\/dluta-do-pluga\/"},{"@type":"ListItem","position":5,"name":"D\u0142uto do p\u0142uga prawe Vogel Noot"}]},{"@type":"WebSite","@id":"https:\/\/exparto.pl\/ro\/#website","url":"https:\/\/exparto.pl\/ro\/","name":"EXPARTO","description":"More than agro parts","publisher":{"@id":"https:\/\/exparto.pl\/ro\/#organization"},"potentialAction":[{"@type":"SearchAction","target":{"@type":"EntryPoint","urlTemplate":"https:\/\/exparto.pl\/ro\/?s={search_term_string}"},"query-input":{"@type":"PropertyValueSpecification","valueRequired":true,"valueName":"search_term_string"}}],"inLanguage":"ro-RO"},{"@type":"Organization","@id":"https:\/\/exparto.pl\/ro\/#organization","name":"EXPARTO","url":"https:\/\/exparto.pl\/ro\/","logo":{"@type":"ImageObject","inLanguage":"ro-RO","@id":"https:\/\/exparto.pl\/ro\/#\/schema\/logo\/image\/","url":"https:\/\/exparto.pl\/wp-content\/uploads\/2023\/02\/logo-wektor.png","contentUrl":"https:\/\/exparto.pl\/wp-content\/uploads\/2023\/02\/logo-wektor.png","width":1338,"height":143,"caption":"EXPARTO"},"image":{"@id":"https:\/\/exparto.pl\/ro\/#\/schema\/logo\/image\/"},"sameAs":["https:\/\/www.facebook.com\/exparto.agro\/"]}]}},"_links":{"self":[{"href":"https:\/\/exparto.pl\/ro\/wp-json\/wp\/v2\/product\/24104","targetHints":{"allow":["GET"]}}],"collection":[{"href":"https:\/\/exparto.pl\/ro\/wp-json\/wp\/v2\/product"}],"about":[{"href":"https:\/\/exparto.pl\/ro\/wp-json\/wp\/v2\/types\/product"}],"replies":[{"embeddable":true,"href":"https:\/\/exparto.pl\/ro\/wp-json\/wp\/v2\/comments?post=24104"}],"wp:featuredmedia":[{"embeddable":true,"href":"https:\/\/exparto.pl\/ro\/wp-json\/wp\/v2\/media\/24067"}],"wp:attachment":[{"href":"https:\/\/exparto.pl\/ro\/wp-json\/wp\/v2\/media?parent=24104"}],"wp:term":[{"taxonomy":"product_brand","embeddable":true,"href":"https:\/\/exparto.pl\/ro\/wp-json\/wp\/v2\/product_brand?post=24104"},{"taxonomy":"product_cat","embeddable":true,"href":"https:\/\/exparto.pl\/ro\/wp-json\/wp\/v2\/product_cat?post=24104"},{"taxonomy":"product_tag","embeddable":true,"href":"https:\/\/exparto.pl\/ro\/wp-json\/wp\/v2\/product_tag?post=24104"}],"curies":[{"name":"wp","href":"https:\/\/api.w.org\/{rel}","templated":true}]}}