{"id":24184,"date":"2024-04-05T15:40:41","date_gmt":"2024-04-05T13:40:41","guid":{"rendered":"https:\/\/exparto.pl\/produkt\/nakladka-plozy-przednia-do-pluga-po699-unia-lewa\/"},"modified":"2026-01-21T12:34:34","modified_gmt":"2026-01-21T11:34:34","slug":"nakladka-plozy-przednia-do-pluga-po699-unia-lewa","status":"publish","type":"product","link":"https:\/\/exparto.pl\/ro\/produkt\/nakladka-plozy-przednia-do-pluga-po699-unia-lewa\/","title":{"rendered":"Nak\u0142adka p\u0142ozy przednia do p\u0142uga PO699 Unia lewa"},"content":{"rendered":"<p><b>Zastosowanie<\/b><span style=\"font-weight: 400;\">:<\/span><\/p>\n<ul>\n<li style=\"font-weight: 400;\" aria-level=\"1\"><span style=\"font-weight: 400;\">p\u0142ugi obrotowe UNIA IBIS<\/span><\/li>\n<\/ul>\n<p><b>Numer katalogowy<\/b><span style=\"font-weight: 400;\">:\u00a0<\/span><\/p>\n<ul>\n<li style=\"font-weight: 400;\" aria-level=\"1\"><span style=\"font-weight: 400;\">1127220020<\/span><\/li>\n<\/ul>\n<p><b>Oferowana w EXPARTO nak\u0142adka p\u0142ozy przednia do p\u0142uga lewa pasuje do p\u0142ug\u00f3w obrotowych producenta UNIA IBIS<\/b><span style=\"font-weight: 400;\">. Element ten stosuje si\u0119 jako zabezpieczenie p\u0142ozy d\u0142ugiej przed przyspieszon\u0105 degradacj\u0105 i uszkodzeniami, zachowuj\u0105c zwi\u0119kszon\u0105 wydajno\u015b\u0107 maszyny rolniczej.\u00a0<\/span><\/p>\n<h2><span style=\"font-weight: 400;\">Nak\u0142adka p\u0142ozy p\u0142uga \u2013 przednia lewa \u2013 Unia Grudzi\u0105dz<\/span><\/h2>\n<p><b>P\u0142ug jako maszyna rolnicza podlega intensywnej eksploatacji<\/b><span style=\"font-weight: 400;\">. Wykorzystuje si\u0119 go przy podstawowych pracach agrarnych zwi\u0105zanych z przygotowaniem gleby pod upraw\u0119 oraz bezpo\u015brednio po przeprowadzonych zbiorach. <\/span><b>Elementami konstrukcyjnymi p\u0142uga s\u0105 p\u0142ozy, kt\u00f3rych rol\u0105 jest wyznaczanie kierunku orki<\/b><span style=\"font-weight: 400;\">. Od jako\u015bci i kszta\u0142tu p\u0142ozy zale\u017c\u0105 efektywno\u015b\u0107 pracy rolnika oraz g\u0142\u0119boko\u015b\u0107 tworzonych na polu bruzd.\u00a0<\/span><\/p>\n<p><b>W ramach zabezpieczenia tego elementu maszyny stosowana jest nak\u0142adka p\u0142ozy p\u0142uga<\/b><span style=\"font-weight: 400;\">. Dzi\u0119ki niej sama p\u0142oza jest mniej nara\u017cona na uszkodzenia mechaniczne, \u015bcieranie i szybsz\u0105 degradacj\u0119. <\/span><b>Oferowana przez nas nak\u0142adka p\u0142ozy p\u0142uga Unii Grudzi\u0105dz powstaje ze stali borowej o podwy\u017cszonej twardo\u015bci<\/b><span style=\"font-weight: 400;\">. Produkt ten charakteryzuje si\u0119 wysok\u0105 jako\u015bci\u0105 wykonania oraz zwi\u0119kszon\u0105 wytrzyma\u0142o\u015bci\u0105 eksploatacyjn\u0105. Zapraszamy do jego zakupu w naszym sklepie.\u00a0<\/span><\/p>\n","protected":false},"excerpt":{"rendered":"<p style=\"text-align: justify;\">Nak\u0142adka p\u0142ozy lewa<\/p>\n","protected":false},"featured_media":24158,"comment_status":"open","ping_status":"closed","template":"","meta":{"_acf_changed":false,"inline_featured_image":false},"product_brand":[],"product_cat":[765,781],"product_tag":[],"class_list":{"0":"post-24184","1":"product","2":"type-product","3":"status-publish","4":"has-post-thumbnail","6":"product_cat-czesci-do-plugow","7":"product_cat-plozy-do-pluga","9":"first","10":"instock","11":"taxable","12":"shipping-taxable","13":"purchasable","14":"product-type-simple"},"acf":[],"yoast_head":"<!-- This site is optimized with the Yoast SEO plugin v27.2 - https:\/\/yoast.com\/product\/yoast-seo-wordpress\/ -->\n<title>Nak\u0142adka p\u0142ozy przednia do p\u0142uga PO699 Unia lewa - Exparto.pl<\/title>\n<meta name=\"robots\" content=\"index, follow, max-snippet:-1, max-image-preview:large, max-video-preview:-1\" \/>\n<link rel=\"canonical\" href=\"https:\/\/exparto.pl\/ro\/produkt\/nakladka-plozy-przednia-do-pluga-po699-unia-lewa\/\" \/>\n<meta property=\"og:locale\" content=\"ro_RO\" \/>\n<meta property=\"og:type\" content=\"article\" \/>\n<meta property=\"og:title\" content=\"Nak\u0142adka p\u0142ozy przednia do p\u0142uga PO699 Unia lewa - Exparto.pl\" \/>\n<meta property=\"og:description\" content=\"Nak\u0142adka p\u0142ozy lewa\" \/>\n<meta property=\"og:url\" content=\"https:\/\/exparto.pl\/ro\/produkt\/nakladka-plozy-przednia-do-pluga-po699-unia-lewa\/\" \/>\n<meta property=\"og:site_name\" content=\"Exparto.pl\" \/>\n<meta property=\"article:publisher\" content=\"https:\/\/www.facebook.com\/exparto.agro\/\" \/>\n<meta property=\"article:modified_time\" content=\"2026-01-21T11:34:34+00:00\" \/>\n<meta property=\"og:image\" content=\"https:\/\/exparto.pl\/wp-content\/uploads\/2024\/04\/6a7ddd8e2088021dd355fdeba168dadb.jpg\" \/>\n\t<meta property=\"og:image:width\" content=\"1200\" \/>\n\t<meta property=\"og:image:height\" content=\"1200\" \/>\n\t<meta property=\"og:image:type\" content=\"image\/jpeg\" \/>\n<meta name=\"twitter:card\" content=\"summary_large_image\" \/>\n<meta name=\"twitter:label1\" content=\"Timp estimat pentru citire\" \/>\n\t<meta name=\"twitter:data1\" content=\"2 minute\" \/>\n<script type=\"application\/ld+json\" class=\"yoast-schema-graph\">{\"@context\":\"https:\/\/schema.org\",\"@graph\":[{\"@type\":\"WebPage\",\"@id\":\"https:\/\/exparto.pl\/ro\/produkt\/nakladka-plozy-przednia-do-pluga-po699-unia-lewa\/\",\"url\":\"https:\/\/exparto.pl\/ro\/produkt\/nakladka-plozy-przednia-do-pluga-po699-unia-lewa\/\",\"name\":\"Nak\u0142adka p\u0142ozy przednia do p\u0142uga PO699 Unia lewa - Exparto.pl\",\"isPartOf\":{\"@id\":\"https:\/\/exparto.pl\/ro\/#website\"},\"primaryImageOfPage\":{\"@id\":\"https:\/\/exparto.pl\/ro\/produkt\/nakladka-plozy-przednia-do-pluga-po699-unia-lewa\/#primaryimage\"},\"image\":{\"@id\":\"https:\/\/exparto.pl\/ro\/produkt\/nakladka-plozy-przednia-do-pluga-po699-unia-lewa\/#primaryimage\"},\"thumbnailUrl\":\"https:\/\/exparto.pl\/wp-content\/uploads\/2024\/04\/6a7ddd8e2088021dd355fdeba168dadb.jpg\",\"datePublished\":\"2024-04-05T13:40:41+00:00\",\"dateModified\":\"2026-01-21T11:34:34+00:00\",\"breadcrumb\":{\"@id\":\"https:\/\/exparto.pl\/ro\/produkt\/nakladka-plozy-przednia-do-pluga-po699-unia-lewa\/#breadcrumb\"},\"inLanguage\":\"ro-RO\",\"potentialAction\":[{\"@type\":\"ReadAction\",\"target\":[\"https:\/\/exparto.pl\/ro\/produkt\/nakladka-plozy-przednia-do-pluga-po699-unia-lewa\/\"]}]},{\"@type\":\"ImageObject\",\"inLanguage\":\"ro-RO\",\"@id\":\"https:\/\/exparto.pl\/ro\/produkt\/nakladka-plozy-przednia-do-pluga-po699-unia-lewa\/#primaryimage\",\"url\":\"https:\/\/exparto.pl\/wp-content\/uploads\/2024\/04\/6a7ddd8e2088021dd355fdeba168dadb.jpg\",\"contentUrl\":\"https:\/\/exparto.pl\/wp-content\/uploads\/2024\/04\/6a7ddd8e2088021dd355fdeba168dadb.jpg\",\"width\":1200,\"height\":1200},{\"@type\":\"BreadcrumbList\",\"@id\":\"https:\/\/exparto.pl\/ro\/produkt\/nakladka-plozy-przednia-do-pluga-po699-unia-lewa\/#breadcrumb\",\"itemListElement\":[{\"@type\":\"ListItem\",\"position\":1,\"name\":\"Pagina de start\",\"item\":\"https:\/\/exparto.pl\/ro\/pagina-de-start\/\"},{\"@type\":\"ListItem\",\"position\":2,\"name\":\"Sklep\",\"item\":\"https:\/\/exparto.pl\/sklep\/\"},{\"@type\":\"ListItem\",\"position\":3,\"name\":\"Piese pentru plug\",\"item\":\"https:\/\/exparto.pl\/ro\/categoria-de-produse\/piese-pentru-plug\/\"},{\"@type\":\"ListItem\",\"position\":4,\"name\":\"Patine pentru plug\",\"item\":\"https:\/\/exparto.pl\/ro\/categoria-de-produse\/piese-pentru-plug\/patine-pentru-plug\/\"},{\"@type\":\"ListItem\",\"position\":5,\"name\":\"Nak\u0142adka p\u0142ozy przednia do p\u0142uga PO699 Unia lewa\"}]},{\"@type\":\"WebSite\",\"@id\":\"https:\/\/exparto.pl\/ro\/#website\",\"url\":\"https:\/\/exparto.pl\/ro\/\",\"name\":\"EXPARTO\",\"description\":\"More than agro parts\",\"publisher\":{\"@id\":\"https:\/\/exparto.pl\/ro\/#organization\"},\"potentialAction\":[{\"@type\":\"SearchAction\",\"target\":{\"@type\":\"EntryPoint\",\"urlTemplate\":\"https:\/\/exparto.pl\/ro\/?s={search_term_string}\"},\"query-input\":{\"@type\":\"PropertyValueSpecification\",\"valueRequired\":true,\"valueName\":\"search_term_string\"}}],\"inLanguage\":\"ro-RO\"},{\"@type\":\"Organization\",\"@id\":\"https:\/\/exparto.pl\/ro\/#organization\",\"name\":\"EXPARTO\",\"url\":\"https:\/\/exparto.pl\/ro\/\",\"logo\":{\"@type\":\"ImageObject\",\"inLanguage\":\"ro-RO\",\"@id\":\"https:\/\/exparto.pl\/ro\/#\/schema\/logo\/image\/\",\"url\":\"https:\/\/exparto.pl\/wp-content\/uploads\/2023\/02\/logo-wektor.png\",\"contentUrl\":\"https:\/\/exparto.pl\/wp-content\/uploads\/2023\/02\/logo-wektor.png\",\"width\":1338,\"height\":143,\"caption\":\"EXPARTO\"},\"image\":{\"@id\":\"https:\/\/exparto.pl\/ro\/#\/schema\/logo\/image\/\"},\"sameAs\":[\"https:\/\/www.facebook.com\/exparto.agro\/\"]}]}<\/script>\n<!-- \/ Yoast SEO plugin. -->","yoast_head_json":{"title":"Nak\u0142adka p\u0142ozy przednia do p\u0142uga PO699 Unia lewa - Exparto.pl","robots":{"index":"index","follow":"follow","max-snippet":"max-snippet:-1","max-image-preview":"max-image-preview:large","max-video-preview":"max-video-preview:-1"},"canonical":"https:\/\/exparto.pl\/ro\/produkt\/nakladka-plozy-przednia-do-pluga-po699-unia-lewa\/","og_locale":"ro_RO","og_type":"article","og_title":"Nak\u0142adka p\u0142ozy przednia do p\u0142uga PO699 Unia lewa - Exparto.pl","og_description":"Nak\u0142adka p\u0142ozy lewa","og_url":"https:\/\/exparto.pl\/ro\/produkt\/nakladka-plozy-przednia-do-pluga-po699-unia-lewa\/","og_site_name":"Exparto.pl","article_publisher":"https:\/\/www.facebook.com\/exparto.agro\/","article_modified_time":"2026-01-21T11:34:34+00:00","og_image":[{"width":1200,"height":1200,"url":"https:\/\/exparto.pl\/wp-content\/uploads\/2024\/04\/6a7ddd8e2088021dd355fdeba168dadb.jpg","type":"image\/jpeg"}],"twitter_card":"summary_large_image","twitter_misc":{"Timp estimat pentru citire":"2 minute"},"schema":{"@context":"https:\/\/schema.org","@graph":[{"@type":"WebPage","@id":"https:\/\/exparto.pl\/ro\/produkt\/nakladka-plozy-przednia-do-pluga-po699-unia-lewa\/","url":"https:\/\/exparto.pl\/ro\/produkt\/nakladka-plozy-przednia-do-pluga-po699-unia-lewa\/","name":"Nak\u0142adka p\u0142ozy przednia do p\u0142uga PO699 Unia lewa - Exparto.pl","isPartOf":{"@id":"https:\/\/exparto.pl\/ro\/#website"},"primaryImageOfPage":{"@id":"https:\/\/exparto.pl\/ro\/produkt\/nakladka-plozy-przednia-do-pluga-po699-unia-lewa\/#primaryimage"},"image":{"@id":"https:\/\/exparto.pl\/ro\/produkt\/nakladka-plozy-przednia-do-pluga-po699-unia-lewa\/#primaryimage"},"thumbnailUrl":"https:\/\/exparto.pl\/wp-content\/uploads\/2024\/04\/6a7ddd8e2088021dd355fdeba168dadb.jpg","datePublished":"2024-04-05T13:40:41+00:00","dateModified":"2026-01-21T11:34:34+00:00","breadcrumb":{"@id":"https:\/\/exparto.pl\/ro\/produkt\/nakladka-plozy-przednia-do-pluga-po699-unia-lewa\/#breadcrumb"},"inLanguage":"ro-RO","potentialAction":[{"@type":"ReadAction","target":["https:\/\/exparto.pl\/ro\/produkt\/nakladka-plozy-przednia-do-pluga-po699-unia-lewa\/"]}]},{"@type":"ImageObject","inLanguage":"ro-RO","@id":"https:\/\/exparto.pl\/ro\/produkt\/nakladka-plozy-przednia-do-pluga-po699-unia-lewa\/#primaryimage","url":"https:\/\/exparto.pl\/wp-content\/uploads\/2024\/04\/6a7ddd8e2088021dd355fdeba168dadb.jpg","contentUrl":"https:\/\/exparto.pl\/wp-content\/uploads\/2024\/04\/6a7ddd8e2088021dd355fdeba168dadb.jpg","width":1200,"height":1200},{"@type":"BreadcrumbList","@id":"https:\/\/exparto.pl\/ro\/produkt\/nakladka-plozy-przednia-do-pluga-po699-unia-lewa\/#breadcrumb","itemListElement":[{"@type":"ListItem","position":1,"name":"Pagina de start","item":"https:\/\/exparto.pl\/ro\/pagina-de-start\/"},{"@type":"ListItem","position":2,"name":"Sklep","item":"https:\/\/exparto.pl\/sklep\/"},{"@type":"ListItem","position":3,"name":"Piese pentru plug","item":"https:\/\/exparto.pl\/ro\/categoria-de-produse\/piese-pentru-plug\/"},{"@type":"ListItem","position":4,"name":"Patine pentru plug","item":"https:\/\/exparto.pl\/ro\/categoria-de-produse\/piese-pentru-plug\/patine-pentru-plug\/"},{"@type":"ListItem","position":5,"name":"Nak\u0142adka p\u0142ozy przednia do p\u0142uga PO699 Unia lewa"}]},{"@type":"WebSite","@id":"https:\/\/exparto.pl\/ro\/#website","url":"https:\/\/exparto.pl\/ro\/","name":"EXPARTO","description":"More than agro parts","publisher":{"@id":"https:\/\/exparto.pl\/ro\/#organization"},"potentialAction":[{"@type":"SearchAction","target":{"@type":"EntryPoint","urlTemplate":"https:\/\/exparto.pl\/ro\/?s={search_term_string}"},"query-input":{"@type":"PropertyValueSpecification","valueRequired":true,"valueName":"search_term_string"}}],"inLanguage":"ro-RO"},{"@type":"Organization","@id":"https:\/\/exparto.pl\/ro\/#organization","name":"EXPARTO","url":"https:\/\/exparto.pl\/ro\/","logo":{"@type":"ImageObject","inLanguage":"ro-RO","@id":"https:\/\/exparto.pl\/ro\/#\/schema\/logo\/image\/","url":"https:\/\/exparto.pl\/wp-content\/uploads\/2023\/02\/logo-wektor.png","contentUrl":"https:\/\/exparto.pl\/wp-content\/uploads\/2023\/02\/logo-wektor.png","width":1338,"height":143,"caption":"EXPARTO"},"image":{"@id":"https:\/\/exparto.pl\/ro\/#\/schema\/logo\/image\/"},"sameAs":["https:\/\/www.facebook.com\/exparto.agro\/"]}]}},"_links":{"self":[{"href":"https:\/\/exparto.pl\/ro\/wp-json\/wp\/v2\/product\/24184","targetHints":{"allow":["GET"]}}],"collection":[{"href":"https:\/\/exparto.pl\/ro\/wp-json\/wp\/v2\/product"}],"about":[{"href":"https:\/\/exparto.pl\/ro\/wp-json\/wp\/v2\/types\/product"}],"replies":[{"embeddable":true,"href":"https:\/\/exparto.pl\/ro\/wp-json\/wp\/v2\/comments?post=24184"}],"wp:featuredmedia":[{"embeddable":true,"href":"https:\/\/exparto.pl\/ro\/wp-json\/wp\/v2\/media\/24158"}],"wp:attachment":[{"href":"https:\/\/exparto.pl\/ro\/wp-json\/wp\/v2\/media?parent=24184"}],"wp:term":[{"taxonomy":"product_brand","embeddable":true,"href":"https:\/\/exparto.pl\/ro\/wp-json\/wp\/v2\/product_brand?post=24184"},{"taxonomy":"product_cat","embeddable":true,"href":"https:\/\/exparto.pl\/ro\/wp-json\/wp\/v2\/product_cat?post=24184"},{"taxonomy":"product_tag","embeddable":true,"href":"https:\/\/exparto.pl\/ro\/wp-json\/wp\/v2\/product_tag?post=24184"}],"curies":[{"name":"wp","href":"https:\/\/api.w.org\/{rel}","templated":true}]}}