{"id":24216,"date":"2024-04-05T15:42:18","date_gmt":"2024-04-05T13:42:18","guid":{"rendered":"https:\/\/exparto.pl\/produkt\/nakladka-plozy-tylna-do-pluga-u212-unia-prawa\/"},"modified":"2026-03-08T18:01:13","modified_gmt":"2026-03-08T17:01:13","slug":"nakladka-plozy-tylna-do-pluga-u212-unia-prawa","status":"publish","type":"product","link":"https:\/\/exparto.pl\/ro\/produkt\/nakladka-plozy-tylna-do-pluga-u212-unia-prawa\/","title":{"rendered":"Nak\u0142adka p\u0142ozy tylna do p\u0142uga U212 Unia prawa"},"content":{"rendered":"<p><b>Zastosowanie<\/b><span style=\"font-weight: 400;\">:<\/span><\/p>\n<ul>\n<li style=\"font-weight: 400;\" aria-level=\"1\"><span style=\"font-weight: 400;\">p\u0142ugi obrotowe UNIA IBIS<\/span><\/li>\n<\/ul>\n<p><b>Numer katalogowy<\/b><span style=\"font-weight: 400;\">:\u00a0<\/span><\/p>\n<ul>\n<li style=\"font-weight: 400;\" aria-level=\"1\"><span style=\"font-weight: 400;\">1126700020<\/span><\/li>\n<\/ul>\n<p><b>Dost\u0119pna tu nak\u0142adka p\u0142ozy tylna do p\u0142uga lewa pasuje do p\u0142ug\u00f3w obrotowych producenta UNIA IBIS<\/b><span style=\"font-weight: 400;\">. Nak\u0142adka p\u0142ozy p\u0142uga to element, kt\u00f3ry zabezpiecza p\u0142oz\u0119 przed uszkodzeniami mechanicznymi i \u015bcieraniem. Dzi\u0119ki niej mo\u017cna zwi\u0119kszy\u0107 \u017cywotno\u015b\u0107 tej cz\u0119\u015bci oraz zoptymalizowa\u0107 koszty prowadzonych prac rolnych. Poznaj nasz\u0105 ofert\u0119.\u00a0<\/span><\/p>\n<h2><span style=\"font-weight: 400;\">Nak\u0142adka p\u0142ozy p\u0142uga \u2013 tylna prawa \u2013 Unia Grudzi\u0105dz<\/span><\/h2>\n<p><span style=\"font-weight: 400;\">W swoim gospodarstwie rolnym korzystasz z p\u0142uga rolniczego? Zaleca si\u0119 dbanie o jego dobry stan techniczny. Dzi\u0119ki temu zapewnisz sobie bezpieczn\u0105 i wydajn\u0105 prac\u0119. <\/span><b>W\u015br\u00f3d element\u00f3w eksploatacyjnych urz\u0105dzenia znajduj\u0105 si\u0119 p\u0142ozy. To one odpowiadaj\u0105 za kierunek prowadzonej orki, g\u0142\u0119boko\u015b\u0107 oraz kszta\u0142t bruzd<\/b><span style=\"font-weight: 400;\">. W trakcie pracy maj\u0105 kontakt z gleb\u0105, przez co s\u0105 nara\u017cone na uszkodzenia mechaniczne i \u015bcieranie.\u00a0<\/span><\/p>\n<p><b>Ryzyko zniszczenia p\u0142ozy mo\u017cesz zmniejszy\u0107 po zastosowaniu dedykowanej nak\u0142adki p\u0142ozy<\/b><span style=\"font-weight: 400;\">. To niewielki element, kt\u00f3ry przykr\u0119ca si\u0119 bezpo\u015brednio do p\u0142ozy i to on przyjmuje na siebie uderzenia kamieni i obci\u0105\u017cenia zwi\u0105zane z prowadzon\u0105 ork\u0105. Jednocze\u015bnie ogranicza ryzyko zniszczenia p\u0142ozy, kt\u00f3ra jest zdecydowanie dro\u017csza.\u00a0<\/span><\/p>\n<p><b>W EXPARTO przygotowali\u015bmy dla Ciebie tyln\u0105 nak\u0142adk\u0119 p\u0142ozy p\u0142uga Unia Grudzi\u0105dz w wersji prawej<\/b><span style=\"font-weight: 400;\">. Produkt ten powstaje ze stali borowej o <\/span><b>podwy\u017cszonej twardo\u015bci<\/b><span style=\"font-weight: 400;\">, dzi\u0119ki czemu spe\u0142ni oczekiwania wymagaj\u0105cych klient\u00f3w. <\/span><b>Zach\u0119camy do skorzystania z naszej oferty<\/b><span style=\"font-weight: 400;\"> i zadbania wsp\u00f3lnie z EXPARTO o dobry stan techniczny p\u0142uga oraz wydajn\u0105 prac\u0119 w polu.<\/span><\/p>\n","protected":false},"excerpt":{"rendered":"<p style=\"text-align: justify;\">Nak\u0142adka p\u0142ozy prawa<\/p>\n","protected":false},"featured_media":24190,"comment_status":"open","ping_status":"closed","template":"","meta":{"_acf_changed":false,"inline_featured_image":false},"product_brand":[],"product_cat":[765,781],"product_tag":[],"class_list":{"0":"post-24216","1":"product","2":"type-product","3":"status-publish","4":"has-post-thumbnail","6":"product_cat-czesci-do-plugow","7":"product_cat-plozy-do-pluga","9":"first","10":"instock","11":"taxable","12":"shipping-taxable","13":"purchasable","14":"product-type-simple"},"acf":[],"yoast_head":"<!-- This site is optimized with the Yoast SEO plugin v27.2 - https:\/\/yoast.com\/product\/yoast-seo-wordpress\/ -->\n<title>Nak\u0142adka p\u0142ozy tylna do p\u0142uga U212 Unia prawa - Exparto.pl<\/title>\n<meta name=\"robots\" content=\"index, follow, max-snippet:-1, max-image-preview:large, max-video-preview:-1\" \/>\n<link rel=\"canonical\" href=\"https:\/\/exparto.pl\/ro\/produkt\/nakladka-plozy-tylna-do-pluga-u212-unia-prawa\/\" \/>\n<meta property=\"og:locale\" content=\"ro_RO\" \/>\n<meta property=\"og:type\" content=\"article\" \/>\n<meta property=\"og:title\" content=\"Nak\u0142adka p\u0142ozy tylna do p\u0142uga U212 Unia prawa - Exparto.pl\" \/>\n<meta property=\"og:description\" content=\"Nak\u0142adka p\u0142ozy prawa\" \/>\n<meta property=\"og:url\" content=\"https:\/\/exparto.pl\/ro\/produkt\/nakladka-plozy-tylna-do-pluga-u212-unia-prawa\/\" \/>\n<meta property=\"og:site_name\" content=\"Exparto.pl\" \/>\n<meta property=\"article:publisher\" content=\"https:\/\/www.facebook.com\/exparto.agro\/\" \/>\n<meta property=\"article:modified_time\" content=\"2026-03-08T17:01:13+00:00\" \/>\n<meta property=\"og:image\" content=\"https:\/\/exparto.pl\/wp-content\/uploads\/2024\/04\/9a877828cf7a3cb00a19ad20975c3347.jpg\" \/>\n\t<meta property=\"og:image:width\" content=\"1200\" \/>\n\t<meta property=\"og:image:height\" content=\"1200\" \/>\n\t<meta property=\"og:image:type\" content=\"image\/jpeg\" \/>\n<meta name=\"twitter:card\" content=\"summary_large_image\" \/>\n<meta name=\"twitter:label1\" content=\"Timp estimat pentru citire\" \/>\n\t<meta name=\"twitter:data1\" content=\"2 minute\" \/>\n<script type=\"application\/ld+json\" class=\"yoast-schema-graph\">{\"@context\":\"https:\/\/schema.org\",\"@graph\":[{\"@type\":\"WebPage\",\"@id\":\"https:\/\/exparto.pl\/ro\/produkt\/nakladka-plozy-tylna-do-pluga-u212-unia-prawa\/\",\"url\":\"https:\/\/exparto.pl\/ro\/produkt\/nakladka-plozy-tylna-do-pluga-u212-unia-prawa\/\",\"name\":\"Nak\u0142adka p\u0142ozy tylna do p\u0142uga U212 Unia prawa - Exparto.pl\",\"isPartOf\":{\"@id\":\"https:\/\/exparto.pl\/ro\/#website\"},\"primaryImageOfPage\":{\"@id\":\"https:\/\/exparto.pl\/ro\/produkt\/nakladka-plozy-tylna-do-pluga-u212-unia-prawa\/#primaryimage\"},\"image\":{\"@id\":\"https:\/\/exparto.pl\/ro\/produkt\/nakladka-plozy-tylna-do-pluga-u212-unia-prawa\/#primaryimage\"},\"thumbnailUrl\":\"https:\/\/exparto.pl\/wp-content\/uploads\/2024\/04\/9a877828cf7a3cb00a19ad20975c3347.jpg\",\"datePublished\":\"2024-04-05T13:42:18+00:00\",\"dateModified\":\"2026-03-08T17:01:13+00:00\",\"breadcrumb\":{\"@id\":\"https:\/\/exparto.pl\/ro\/produkt\/nakladka-plozy-tylna-do-pluga-u212-unia-prawa\/#breadcrumb\"},\"inLanguage\":\"ro-RO\",\"potentialAction\":[{\"@type\":\"ReadAction\",\"target\":[\"https:\/\/exparto.pl\/ro\/produkt\/nakladka-plozy-tylna-do-pluga-u212-unia-prawa\/\"]}]},{\"@type\":\"ImageObject\",\"inLanguage\":\"ro-RO\",\"@id\":\"https:\/\/exparto.pl\/ro\/produkt\/nakladka-plozy-tylna-do-pluga-u212-unia-prawa\/#primaryimage\",\"url\":\"https:\/\/exparto.pl\/wp-content\/uploads\/2024\/04\/9a877828cf7a3cb00a19ad20975c3347.jpg\",\"contentUrl\":\"https:\/\/exparto.pl\/wp-content\/uploads\/2024\/04\/9a877828cf7a3cb00a19ad20975c3347.jpg\",\"width\":1200,\"height\":1200},{\"@type\":\"BreadcrumbList\",\"@id\":\"https:\/\/exparto.pl\/ro\/produkt\/nakladka-plozy-tylna-do-pluga-u212-unia-prawa\/#breadcrumb\",\"itemListElement\":[{\"@type\":\"ListItem\",\"position\":1,\"name\":\"Pagina de start\",\"item\":\"https:\/\/exparto.pl\/ro\/pagina-de-start\/\"},{\"@type\":\"ListItem\",\"position\":2,\"name\":\"Sklep\",\"item\":\"https:\/\/exparto.pl\/sklep\/\"},{\"@type\":\"ListItem\",\"position\":3,\"name\":\"Piese pentru plug\",\"item\":\"https:\/\/exparto.pl\/ro\/categoria-de-produse\/piese-pentru-plug\/\"},{\"@type\":\"ListItem\",\"position\":4,\"name\":\"Patine pentru plug\",\"item\":\"https:\/\/exparto.pl\/ro\/categoria-de-produse\/piese-pentru-plug\/patine-pentru-plug\/\"},{\"@type\":\"ListItem\",\"position\":5,\"name\":\"Nak\u0142adka p\u0142ozy tylna do p\u0142uga U212 Unia prawa\"}]},{\"@type\":\"WebSite\",\"@id\":\"https:\/\/exparto.pl\/ro\/#website\",\"url\":\"https:\/\/exparto.pl\/ro\/\",\"name\":\"EXPARTO\",\"description\":\"More than agro parts\",\"publisher\":{\"@id\":\"https:\/\/exparto.pl\/ro\/#organization\"},\"potentialAction\":[{\"@type\":\"SearchAction\",\"target\":{\"@type\":\"EntryPoint\",\"urlTemplate\":\"https:\/\/exparto.pl\/ro\/?s={search_term_string}\"},\"query-input\":{\"@type\":\"PropertyValueSpecification\",\"valueRequired\":true,\"valueName\":\"search_term_string\"}}],\"inLanguage\":\"ro-RO\"},{\"@type\":\"Organization\",\"@id\":\"https:\/\/exparto.pl\/ro\/#organization\",\"name\":\"EXPARTO\",\"url\":\"https:\/\/exparto.pl\/ro\/\",\"logo\":{\"@type\":\"ImageObject\",\"inLanguage\":\"ro-RO\",\"@id\":\"https:\/\/exparto.pl\/ro\/#\/schema\/logo\/image\/\",\"url\":\"https:\/\/exparto.pl\/wp-content\/uploads\/2023\/02\/logo-wektor.png\",\"contentUrl\":\"https:\/\/exparto.pl\/wp-content\/uploads\/2023\/02\/logo-wektor.png\",\"width\":1338,\"height\":143,\"caption\":\"EXPARTO\"},\"image\":{\"@id\":\"https:\/\/exparto.pl\/ro\/#\/schema\/logo\/image\/\"},\"sameAs\":[\"https:\/\/www.facebook.com\/exparto.agro\/\"]}]}<\/script>\n<!-- \/ Yoast SEO plugin. -->","yoast_head_json":{"title":"Nak\u0142adka p\u0142ozy tylna do p\u0142uga U212 Unia prawa - Exparto.pl","robots":{"index":"index","follow":"follow","max-snippet":"max-snippet:-1","max-image-preview":"max-image-preview:large","max-video-preview":"max-video-preview:-1"},"canonical":"https:\/\/exparto.pl\/ro\/produkt\/nakladka-plozy-tylna-do-pluga-u212-unia-prawa\/","og_locale":"ro_RO","og_type":"article","og_title":"Nak\u0142adka p\u0142ozy tylna do p\u0142uga U212 Unia prawa - Exparto.pl","og_description":"Nak\u0142adka p\u0142ozy prawa","og_url":"https:\/\/exparto.pl\/ro\/produkt\/nakladka-plozy-tylna-do-pluga-u212-unia-prawa\/","og_site_name":"Exparto.pl","article_publisher":"https:\/\/www.facebook.com\/exparto.agro\/","article_modified_time":"2026-03-08T17:01:13+00:00","og_image":[{"width":1200,"height":1200,"url":"https:\/\/exparto.pl\/wp-content\/uploads\/2024\/04\/9a877828cf7a3cb00a19ad20975c3347.jpg","type":"image\/jpeg"}],"twitter_card":"summary_large_image","twitter_misc":{"Timp estimat pentru citire":"2 minute"},"schema":{"@context":"https:\/\/schema.org","@graph":[{"@type":"WebPage","@id":"https:\/\/exparto.pl\/ro\/produkt\/nakladka-plozy-tylna-do-pluga-u212-unia-prawa\/","url":"https:\/\/exparto.pl\/ro\/produkt\/nakladka-plozy-tylna-do-pluga-u212-unia-prawa\/","name":"Nak\u0142adka p\u0142ozy tylna do p\u0142uga U212 Unia prawa - Exparto.pl","isPartOf":{"@id":"https:\/\/exparto.pl\/ro\/#website"},"primaryImageOfPage":{"@id":"https:\/\/exparto.pl\/ro\/produkt\/nakladka-plozy-tylna-do-pluga-u212-unia-prawa\/#primaryimage"},"image":{"@id":"https:\/\/exparto.pl\/ro\/produkt\/nakladka-plozy-tylna-do-pluga-u212-unia-prawa\/#primaryimage"},"thumbnailUrl":"https:\/\/exparto.pl\/wp-content\/uploads\/2024\/04\/9a877828cf7a3cb00a19ad20975c3347.jpg","datePublished":"2024-04-05T13:42:18+00:00","dateModified":"2026-03-08T17:01:13+00:00","breadcrumb":{"@id":"https:\/\/exparto.pl\/ro\/produkt\/nakladka-plozy-tylna-do-pluga-u212-unia-prawa\/#breadcrumb"},"inLanguage":"ro-RO","potentialAction":[{"@type":"ReadAction","target":["https:\/\/exparto.pl\/ro\/produkt\/nakladka-plozy-tylna-do-pluga-u212-unia-prawa\/"]}]},{"@type":"ImageObject","inLanguage":"ro-RO","@id":"https:\/\/exparto.pl\/ro\/produkt\/nakladka-plozy-tylna-do-pluga-u212-unia-prawa\/#primaryimage","url":"https:\/\/exparto.pl\/wp-content\/uploads\/2024\/04\/9a877828cf7a3cb00a19ad20975c3347.jpg","contentUrl":"https:\/\/exparto.pl\/wp-content\/uploads\/2024\/04\/9a877828cf7a3cb00a19ad20975c3347.jpg","width":1200,"height":1200},{"@type":"BreadcrumbList","@id":"https:\/\/exparto.pl\/ro\/produkt\/nakladka-plozy-tylna-do-pluga-u212-unia-prawa\/#breadcrumb","itemListElement":[{"@type":"ListItem","position":1,"name":"Pagina de start","item":"https:\/\/exparto.pl\/ro\/pagina-de-start\/"},{"@type":"ListItem","position":2,"name":"Sklep","item":"https:\/\/exparto.pl\/sklep\/"},{"@type":"ListItem","position":3,"name":"Piese pentru plug","item":"https:\/\/exparto.pl\/ro\/categoria-de-produse\/piese-pentru-plug\/"},{"@type":"ListItem","position":4,"name":"Patine pentru plug","item":"https:\/\/exparto.pl\/ro\/categoria-de-produse\/piese-pentru-plug\/patine-pentru-plug\/"},{"@type":"ListItem","position":5,"name":"Nak\u0142adka p\u0142ozy tylna do p\u0142uga U212 Unia prawa"}]},{"@type":"WebSite","@id":"https:\/\/exparto.pl\/ro\/#website","url":"https:\/\/exparto.pl\/ro\/","name":"EXPARTO","description":"More than agro parts","publisher":{"@id":"https:\/\/exparto.pl\/ro\/#organization"},"potentialAction":[{"@type":"SearchAction","target":{"@type":"EntryPoint","urlTemplate":"https:\/\/exparto.pl\/ro\/?s={search_term_string}"},"query-input":{"@type":"PropertyValueSpecification","valueRequired":true,"valueName":"search_term_string"}}],"inLanguage":"ro-RO"},{"@type":"Organization","@id":"https:\/\/exparto.pl\/ro\/#organization","name":"EXPARTO","url":"https:\/\/exparto.pl\/ro\/","logo":{"@type":"ImageObject","inLanguage":"ro-RO","@id":"https:\/\/exparto.pl\/ro\/#\/schema\/logo\/image\/","url":"https:\/\/exparto.pl\/wp-content\/uploads\/2023\/02\/logo-wektor.png","contentUrl":"https:\/\/exparto.pl\/wp-content\/uploads\/2023\/02\/logo-wektor.png","width":1338,"height":143,"caption":"EXPARTO"},"image":{"@id":"https:\/\/exparto.pl\/ro\/#\/schema\/logo\/image\/"},"sameAs":["https:\/\/www.facebook.com\/exparto.agro\/"]}]}},"_links":{"self":[{"href":"https:\/\/exparto.pl\/ro\/wp-json\/wp\/v2\/product\/24216","targetHints":{"allow":["GET"]}}],"collection":[{"href":"https:\/\/exparto.pl\/ro\/wp-json\/wp\/v2\/product"}],"about":[{"href":"https:\/\/exparto.pl\/ro\/wp-json\/wp\/v2\/types\/product"}],"replies":[{"embeddable":true,"href":"https:\/\/exparto.pl\/ro\/wp-json\/wp\/v2\/comments?post=24216"}],"wp:featuredmedia":[{"embeddable":true,"href":"https:\/\/exparto.pl\/ro\/wp-json\/wp\/v2\/media\/24190"}],"wp:attachment":[{"href":"https:\/\/exparto.pl\/ro\/wp-json\/wp\/v2\/media?parent=24216"}],"wp:term":[{"taxonomy":"product_brand","embeddable":true,"href":"https:\/\/exparto.pl\/ro\/wp-json\/wp\/v2\/product_brand?post=24216"},{"taxonomy":"product_cat","embeddable":true,"href":"https:\/\/exparto.pl\/ro\/wp-json\/wp\/v2\/product_cat?post=24216"},{"taxonomy":"product_tag","embeddable":true,"href":"https:\/\/exparto.pl\/ro\/wp-json\/wp\/v2\/product_tag?post=24216"}],"curies":[{"name":"wp","href":"https:\/\/api.w.org\/{rel}","templated":true}]}}