{"id":25570,"date":"2024-04-23T14:42:48","date_gmt":"2024-04-23T12:42:48","guid":{"rendered":"https:\/\/exparto.pl\/produkt\/glowica-z-16-bijakami-srutownik-bak\/"},"modified":"2026-04-08T09:00:14","modified_gmt":"2026-04-08T07:00:14","slug":"glowica-z-16-bijakami-srutownik-bak","status":"publish","type":"product","link":"https:\/\/exparto.pl\/ro\/produkt\/glowica-z-16-bijakami-srutownik-bak\/","title":{"rendered":"G\u0142owica z 16 bijakami \u015brutownik B\u0105k"},"content":{"rendered":"<p><p style=\"text-align: justify;\">G\u0142owica kompletna.\u00a0<span style=\"color: var(--gray-800);\">Produkt Polski wykonany z wysokiej jako\u015bci materia\u0142\u00f3w.<\/span><\/p>\n<p><b>Zastosowanie<\/b><span style=\"font-weight: 400;\">:<\/span><\/p>\n<ul>\n<li style=\"font-weight: 400;\" aria-level=\"1\"><span style=\"font-weight: 400;\">\u015brutownik B\u0105k<\/span><\/li>\n<\/ul>\n<p><b>Numer katalogowy<\/b><span style=\"font-weight: 400;\">:<\/span><\/p>\n<ul>\n<li style=\"font-weight: 400;\" aria-level=\"1\"><span style=\"font-weight: 400;\">8111010330<\/span><\/li>\n<\/ul>\n<p><b>Przygotowali\u015bmy dla Ciebie kompletn\u0105 g\u0142owic\u0119 do \u015brutownika bijakowego B\u0105k<\/b><span style=\"font-weight: 400;\">. Wyposa\u017cona jest ona w 16 bijak\u00f3w, kt\u00f3re doskonale sprawdzaj\u0105 si\u0119 w codziennej pracy. Zach\u0119camy do zapoznania si\u0119 z parametrami technicznymi g\u0142owicy oraz do jej zakupu w naszym sklepie.\u00a0<\/span><\/p>\n<h2><span style=\"font-weight: 400;\">G\u0142owica do \u015brutownika bijakowego B\u0105k \u2013 kompletna, g\u0142owica z 16 bijakami<\/span><\/h2>\n<p><b>G\u0142owica od \u015brutownika bijakowego B\u0105k to jeden z podstawowych element\u00f3w konstrukcji ca\u0142ej maszyny<\/b><span style=\"font-weight: 400;\">. Znajduje si\u0119 ona w komorze, do kt\u00f3rej dostarczane jest ziarno. <\/span><b>Nast\u0119pnie zestaw 16 bijak\u00f3w pod\u0142\u0105czonych do g\u0142owicy odpowiada za rozdrabnianie materia\u0142u do postaci \u015bruty<\/b><span style=\"font-weight: 400;\">. Ta wykorzystywana jest jako pasza dla zwierz\u0105t. \u015arutowniki bijakowe B\u0105k z powodzeniem stosowane s\u0105 w gospodarstwach rolnych, kt\u00f3re we w\u0142asnym zakresie produkuj\u0105 pokarm dla zwierz\u0105t.\u00a0<\/span><\/p>\n<p><p style=\"text-align: justify;\"><b>W naszej ofercie przygotowali\u015bmy kompletn\u0105 g\u0142owic\u0119 z bijakami<\/b><span style=\"font-weight: 400;\">. Ponadto mo\u017cesz kupi\u0107 sam zestaw bijak\u00f3w, je\u017celi te b\u0119d\u0105 wymaga\u0142y wymiany \u2013 r\u00f3wnie\u017c dost\u0119pny w naszym asortymencie. <\/span><b>Bijaki produkowane s\u0105 ze stali w\u0119glowej C45, kt\u00f3ra charakteryzuje si\u0119 wysok\u0105 odporno\u015bci\u0105 na \u015bcieranie i uszkodzenia mechaniczne<\/b><span style=\"font-weight: 400;\">. Dzi\u0119ki temu produkt d\u0142u\u017cej zachowuje swoje w\u0142a\u015bciwo\u015bci. G\u0142owica powstaje z wysokiej jako\u015bci materia\u0142\u00f3w i produkowana jest od A do Z w Polsce. Zale\u017cy Ci na wydajnej i bezpiecznej pracy w gospodarstwie? Zach\u0119camy do skorzystania z oferty przygotowanej przez naszych specjalist\u00f3w. <\/span><\/p>\n","protected":false},"excerpt":{"rendered":"<p style=\"text-align: justify\">G\u0142owica z 16 bijakami<\/p>\n","protected":false},"featured_media":25545,"comment_status":"open","ping_status":"closed","template":"","meta":{"_acf_changed":false,"inline_featured_image":false},"product_brand":[],"product_cat":[734],"product_tag":[],"class_list":{"0":"post-25570","1":"product","2":"type-product","3":"status-publish","4":"has-post-thumbnail","6":"product_cat-czesci-do-rozdrabniacza","8":"first","9":"instock","10":"taxable","11":"shipping-taxable","12":"purchasable","13":"product-type-simple"},"acf":[],"yoast_head":"<!-- This site is optimized with the Yoast SEO plugin v27.3 - https:\/\/yoast.com\/product\/yoast-seo-wordpress\/ -->\n<title>G\u0142owica z 16 bijakami \u015brutownik B\u0105k - Exparto.pl<\/title>\n<meta name=\"robots\" content=\"index, follow, max-snippet:-1, max-image-preview:large, max-video-preview:-1\" \/>\n<link rel=\"canonical\" href=\"https:\/\/exparto.pl\/ro\/produkt\/glowica-z-16-bijakami-srutownik-bak\/\" \/>\n<meta property=\"og:locale\" content=\"ro_RO\" \/>\n<meta property=\"og:type\" content=\"article\" \/>\n<meta property=\"og:title\" content=\"G\u0142owica z 16 bijakami \u015brutownik B\u0105k - Exparto.pl\" \/>\n<meta property=\"og:description\" content=\"G\u0142owica z 16 bijakami\" \/>\n<meta property=\"og:url\" content=\"https:\/\/exparto.pl\/ro\/produkt\/glowica-z-16-bijakami-srutownik-bak\/\" \/>\n<meta property=\"og:site_name\" content=\"Exparto.pl\" \/>\n<meta property=\"article:publisher\" content=\"https:\/\/www.facebook.com\/exparto.agro\/\" \/>\n<meta property=\"article:modified_time\" content=\"2026-04-08T07:00:14+00:00\" \/>\n<meta property=\"og:image\" content=\"https:\/\/exparto.pl\/wp-content\/uploads\/2024\/04\/83781b54547362972e966d27f1479fba.jpg\" \/>\n\t<meta property=\"og:image:width\" content=\"1200\" \/>\n\t<meta property=\"og:image:height\" content=\"1200\" \/>\n\t<meta property=\"og:image:type\" content=\"image\/jpeg\" \/>\n<meta name=\"twitter:card\" content=\"summary_large_image\" \/>\n<meta name=\"twitter:label1\" content=\"Timp estimat pentru citire\" \/>\n\t<meta name=\"twitter:data1\" content=\"2 minute\" \/>\n<script type=\"application\/ld+json\" class=\"yoast-schema-graph\">{\"@context\":\"https:\\\/\\\/schema.org\",\"@graph\":[{\"@type\":\"WebPage\",\"@id\":\"https:\\\/\\\/exparto.pl\\\/ro\\\/produkt\\\/glowica-z-16-bijakami-srutownik-bak\\\/\",\"url\":\"https:\\\/\\\/exparto.pl\\\/ro\\\/produkt\\\/glowica-z-16-bijakami-srutownik-bak\\\/\",\"name\":\"G\u0142owica z 16 bijakami \u015brutownik B\u0105k - Exparto.pl\",\"isPartOf\":{\"@id\":\"https:\\\/\\\/exparto.pl\\\/ro\\\/#website\"},\"primaryImageOfPage\":{\"@id\":\"https:\\\/\\\/exparto.pl\\\/ro\\\/produkt\\\/glowica-z-16-bijakami-srutownik-bak\\\/#primaryimage\"},\"image\":{\"@id\":\"https:\\\/\\\/exparto.pl\\\/ro\\\/produkt\\\/glowica-z-16-bijakami-srutownik-bak\\\/#primaryimage\"},\"thumbnailUrl\":\"https:\\\/\\\/exparto.pl\\\/wp-content\\\/uploads\\\/2024\\\/04\\\/83781b54547362972e966d27f1479fba.jpg\",\"datePublished\":\"2024-04-23T12:42:48+00:00\",\"dateModified\":\"2026-04-08T07:00:14+00:00\",\"breadcrumb\":{\"@id\":\"https:\\\/\\\/exparto.pl\\\/ro\\\/produkt\\\/glowica-z-16-bijakami-srutownik-bak\\\/#breadcrumb\"},\"inLanguage\":\"ro-RO\",\"potentialAction\":[{\"@type\":\"ReadAction\",\"target\":[\"https:\\\/\\\/exparto.pl\\\/ro\\\/produkt\\\/glowica-z-16-bijakami-srutownik-bak\\\/\"]}]},{\"@type\":\"ImageObject\",\"inLanguage\":\"ro-RO\",\"@id\":\"https:\\\/\\\/exparto.pl\\\/ro\\\/produkt\\\/glowica-z-16-bijakami-srutownik-bak\\\/#primaryimage\",\"url\":\"https:\\\/\\\/exparto.pl\\\/wp-content\\\/uploads\\\/2024\\\/04\\\/83781b54547362972e966d27f1479fba.jpg\",\"contentUrl\":\"https:\\\/\\\/exparto.pl\\\/wp-content\\\/uploads\\\/2024\\\/04\\\/83781b54547362972e966d27f1479fba.jpg\",\"width\":1200,\"height\":1200},{\"@type\":\"BreadcrumbList\",\"@id\":\"https:\\\/\\\/exparto.pl\\\/ro\\\/produkt\\\/glowica-z-16-bijakami-srutownik-bak\\\/#breadcrumb\",\"itemListElement\":[{\"@type\":\"ListItem\",\"position\":1,\"name\":\"Pagina de start\",\"item\":\"https:\\\/\\\/exparto.pl\\\/ro\\\/pagina-de-start\\\/\"},{\"@type\":\"ListItem\",\"position\":2,\"name\":\"Sklep\",\"item\":\"https:\\\/\\\/exparto.pl\\\/sklep\\\/\"},{\"@type\":\"ListItem\",\"position\":3,\"name\":\"Cz\u0119\u015bci do rozdrabniacza\",\"item\":\"https:\\\/\\\/exparto.pl\\\/kategoria-produktu\\\/czesci-do-rozdrabniacza\\\/\"},{\"@type\":\"ListItem\",\"position\":4,\"name\":\"G\u0142owica z 16 bijakami \u015brutownik B\u0105k\"}]},{\"@type\":\"WebSite\",\"@id\":\"https:\\\/\\\/exparto.pl\\\/ro\\\/#website\",\"url\":\"https:\\\/\\\/exparto.pl\\\/ro\\\/\",\"name\":\"EXPARTO\",\"description\":\"More than agro parts\",\"publisher\":{\"@id\":\"https:\\\/\\\/exparto.pl\\\/ro\\\/#organization\"},\"potentialAction\":[{\"@type\":\"SearchAction\",\"target\":{\"@type\":\"EntryPoint\",\"urlTemplate\":\"https:\\\/\\\/exparto.pl\\\/ro\\\/?s={search_term_string}\"},\"query-input\":{\"@type\":\"PropertyValueSpecification\",\"valueRequired\":true,\"valueName\":\"search_term_string\"}}],\"inLanguage\":\"ro-RO\"},{\"@type\":\"Organization\",\"@id\":\"https:\\\/\\\/exparto.pl\\\/ro\\\/#organization\",\"name\":\"EXPARTO\",\"url\":\"https:\\\/\\\/exparto.pl\\\/ro\\\/\",\"logo\":{\"@type\":\"ImageObject\",\"inLanguage\":\"ro-RO\",\"@id\":\"https:\\\/\\\/exparto.pl\\\/ro\\\/#\\\/schema\\\/logo\\\/image\\\/\",\"url\":\"https:\\\/\\\/exparto.pl\\\/wp-content\\\/uploads\\\/2023\\\/02\\\/logo-wektor.png\",\"contentUrl\":\"https:\\\/\\\/exparto.pl\\\/wp-content\\\/uploads\\\/2023\\\/02\\\/logo-wektor.png\",\"width\":1338,\"height\":143,\"caption\":\"EXPARTO\"},\"image\":{\"@id\":\"https:\\\/\\\/exparto.pl\\\/ro\\\/#\\\/schema\\\/logo\\\/image\\\/\"},\"sameAs\":[\"https:\\\/\\\/www.facebook.com\\\/exparto.agro\\\/\"]}]}<\/script>\n<!-- \/ Yoast SEO plugin. -->","yoast_head_json":{"title":"G\u0142owica z 16 bijakami \u015brutownik B\u0105k - Exparto.pl","robots":{"index":"index","follow":"follow","max-snippet":"max-snippet:-1","max-image-preview":"max-image-preview:large","max-video-preview":"max-video-preview:-1"},"canonical":"https:\/\/exparto.pl\/ro\/produkt\/glowica-z-16-bijakami-srutownik-bak\/","og_locale":"ro_RO","og_type":"article","og_title":"G\u0142owica z 16 bijakami \u015brutownik B\u0105k - Exparto.pl","og_description":"G\u0142owica z 16 bijakami","og_url":"https:\/\/exparto.pl\/ro\/produkt\/glowica-z-16-bijakami-srutownik-bak\/","og_site_name":"Exparto.pl","article_publisher":"https:\/\/www.facebook.com\/exparto.agro\/","article_modified_time":"2026-04-08T07:00:14+00:00","og_image":[{"width":1200,"height":1200,"url":"https:\/\/exparto.pl\/wp-content\/uploads\/2024\/04\/83781b54547362972e966d27f1479fba.jpg","type":"image\/jpeg"}],"twitter_card":"summary_large_image","twitter_misc":{"Timp estimat pentru citire":"2 minute"},"schema":{"@context":"https:\/\/schema.org","@graph":[{"@type":"WebPage","@id":"https:\/\/exparto.pl\/ro\/produkt\/glowica-z-16-bijakami-srutownik-bak\/","url":"https:\/\/exparto.pl\/ro\/produkt\/glowica-z-16-bijakami-srutownik-bak\/","name":"G\u0142owica z 16 bijakami \u015brutownik B\u0105k - Exparto.pl","isPartOf":{"@id":"https:\/\/exparto.pl\/ro\/#website"},"primaryImageOfPage":{"@id":"https:\/\/exparto.pl\/ro\/produkt\/glowica-z-16-bijakami-srutownik-bak\/#primaryimage"},"image":{"@id":"https:\/\/exparto.pl\/ro\/produkt\/glowica-z-16-bijakami-srutownik-bak\/#primaryimage"},"thumbnailUrl":"https:\/\/exparto.pl\/wp-content\/uploads\/2024\/04\/83781b54547362972e966d27f1479fba.jpg","datePublished":"2024-04-23T12:42:48+00:00","dateModified":"2026-04-08T07:00:14+00:00","breadcrumb":{"@id":"https:\/\/exparto.pl\/ro\/produkt\/glowica-z-16-bijakami-srutownik-bak\/#breadcrumb"},"inLanguage":"ro-RO","potentialAction":[{"@type":"ReadAction","target":["https:\/\/exparto.pl\/ro\/produkt\/glowica-z-16-bijakami-srutownik-bak\/"]}]},{"@type":"ImageObject","inLanguage":"ro-RO","@id":"https:\/\/exparto.pl\/ro\/produkt\/glowica-z-16-bijakami-srutownik-bak\/#primaryimage","url":"https:\/\/exparto.pl\/wp-content\/uploads\/2024\/04\/83781b54547362972e966d27f1479fba.jpg","contentUrl":"https:\/\/exparto.pl\/wp-content\/uploads\/2024\/04\/83781b54547362972e966d27f1479fba.jpg","width":1200,"height":1200},{"@type":"BreadcrumbList","@id":"https:\/\/exparto.pl\/ro\/produkt\/glowica-z-16-bijakami-srutownik-bak\/#breadcrumb","itemListElement":[{"@type":"ListItem","position":1,"name":"Pagina de start","item":"https:\/\/exparto.pl\/ro\/pagina-de-start\/"},{"@type":"ListItem","position":2,"name":"Sklep","item":"https:\/\/exparto.pl\/sklep\/"},{"@type":"ListItem","position":3,"name":"Cz\u0119\u015bci do rozdrabniacza","item":"https:\/\/exparto.pl\/kategoria-produktu\/czesci-do-rozdrabniacza\/"},{"@type":"ListItem","position":4,"name":"G\u0142owica z 16 bijakami \u015brutownik B\u0105k"}]},{"@type":"WebSite","@id":"https:\/\/exparto.pl\/ro\/#website","url":"https:\/\/exparto.pl\/ro\/","name":"EXPARTO","description":"More than agro parts","publisher":{"@id":"https:\/\/exparto.pl\/ro\/#organization"},"potentialAction":[{"@type":"SearchAction","target":{"@type":"EntryPoint","urlTemplate":"https:\/\/exparto.pl\/ro\/?s={search_term_string}"},"query-input":{"@type":"PropertyValueSpecification","valueRequired":true,"valueName":"search_term_string"}}],"inLanguage":"ro-RO"},{"@type":"Organization","@id":"https:\/\/exparto.pl\/ro\/#organization","name":"EXPARTO","url":"https:\/\/exparto.pl\/ro\/","logo":{"@type":"ImageObject","inLanguage":"ro-RO","@id":"https:\/\/exparto.pl\/ro\/#\/schema\/logo\/image\/","url":"https:\/\/exparto.pl\/wp-content\/uploads\/2023\/02\/logo-wektor.png","contentUrl":"https:\/\/exparto.pl\/wp-content\/uploads\/2023\/02\/logo-wektor.png","width":1338,"height":143,"caption":"EXPARTO"},"image":{"@id":"https:\/\/exparto.pl\/ro\/#\/schema\/logo\/image\/"},"sameAs":["https:\/\/www.facebook.com\/exparto.agro\/"]}]}},"_links":{"self":[{"href":"https:\/\/exparto.pl\/ro\/wp-json\/wp\/v2\/product\/25570","targetHints":{"allow":["GET"]}}],"collection":[{"href":"https:\/\/exparto.pl\/ro\/wp-json\/wp\/v2\/product"}],"about":[{"href":"https:\/\/exparto.pl\/ro\/wp-json\/wp\/v2\/types\/product"}],"replies":[{"embeddable":true,"href":"https:\/\/exparto.pl\/ro\/wp-json\/wp\/v2\/comments?post=25570"}],"wp:featuredmedia":[{"embeddable":true,"href":"https:\/\/exparto.pl\/ro\/wp-json\/wp\/v2\/media\/25545"}],"wp:attachment":[{"href":"https:\/\/exparto.pl\/ro\/wp-json\/wp\/v2\/media?parent=25570"}],"wp:term":[{"taxonomy":"product_brand","embeddable":true,"href":"https:\/\/exparto.pl\/ro\/wp-json\/wp\/v2\/product_brand?post=25570"},{"taxonomy":"product_cat","embeddable":true,"href":"https:\/\/exparto.pl\/ro\/wp-json\/wp\/v2\/product_cat?post=25570"},{"taxonomy":"product_tag","embeddable":true,"href":"https:\/\/exparto.pl\/ro\/wp-json\/wp\/v2\/product_tag?post=25570"}],"curies":[{"name":"wp","href":"https:\/\/api.w.org\/{rel}","templated":true}]}}