{"id":27823,"date":"2024-06-12T00:29:14","date_gmt":"2024-06-11T22:29:14","guid":{"rendered":"https:\/\/exparto.pl\/produkt\/korpus-rozpylacza-na-rurke-fi-25mm-0-100-09_25\/"},"modified":"2026-03-30T21:00:18","modified_gmt":"2026-03-30T19:00:18","slug":"korpus-rozpylacza-na-rurke-fi-25mm-0-100-09_25","status":"publish","type":"product","link":"https:\/\/exparto.pl\/ro\/produkt\/korpus-rozpylacza-na-rurke-fi-25mm-0-100-09_25\/","title":{"rendered":"Korpus rozpylacza na rurk\u0119 fi-25mm 0-100\/09_25"},"content":{"rendered":"<p style=\"text-align: justify\">Korpus rozpylacza na rurk\u0119. Wykonane\u00a0 ze specjalnych, udaroodpornych kopolimer\u00f3w (ponad 40% wi\u0119ksz\u0105 odporno\u015bci\u0105 na z\u0142amanie).\u00a0<span style=\"color: var(--gray-800)\">Zastosowanie uszczelki i membrany wykonanych z VERDESILU &#8211; specjalnej mieszanki silikonu gwarantuje idealn\u0105 i d\u0142ugotrwa\u0142\u0105 szczelno\u015b\u0107 uk\u0142adu, dzi\u0119ki niepor\u00f3wnywalnie lepszej pami\u0119ci kszta\u0142tu.\u00a0<\/span><span style=\"color: var(--gray-800)\">Ulepszona konstrukcja zaworu odcinaj\u0105cego zapewnia doskona\u0142\u0105 szczelno\u015b\u0107 uk\u0142adu i precyzyjne odci\u0119cie cieczy w momencie zamkni\u0119cia obiegu cieczy w opryskiwaczu.<\/span><\/p>\n<p style=\"text-align: justify\"><span style=\"color: var(--gray-800)\"><b>W sk\u0142ad zestawu wchodz\u0105:<\/b><\/span><\/p>\n<ul>\n<li style=\"text-align: justify\"><span style=\"color: var(--gray-800)\">oring uszczelniaj\u0105cy pod rurk\u0119<\/span><\/li>\n<li style=\"text-align: justify\">\u015brubka monta\u017cowa<\/li>\n<li style=\"text-align: justify\">dysza p\u0142askostrumieniowa niebieska<\/li>\n<\/ul>\n<p style=\"text-align: justify\"><b>Zastosowanie:<\/b><\/p>\n<ul>\n<li style=\"text-align: justify\"><span style=\"color: var(--gray-800)\">rozpylacze i ko\u0142paki typu ARAG<\/span><\/li>\n<\/ul>\n<div style=\"text-align: justify\"><b>Numer katalogowy:<\/b><\/div>\n<div>\n<ul>\n<li style=\"text-align: justify\">222169<\/li>\n<\/ul>\n<\/div>\n<p>&nbsp;<\/p>\n<p>&nbsp;<\/p>\n<p>&nbsp;<\/p>\n","protected":false},"excerpt":{"rendered":"<p style=\"text-align: justify\">Korpus rozpylacza na rurk\u0119.<\/p>\n","protected":false},"featured_media":27797,"comment_status":"open","ping_status":"closed","template":"","meta":{"_acf_changed":false,"inline_featured_image":false},"product_brand":[],"product_cat":[47,132,150],"product_tag":[],"class_list":{"0":"post-27823","1":"product","2":"type-product","3":"status-publish","4":"has-post-thumbnail","6":"product_cat-czesci-do-opryskiwaczy","7":"product_cat-elementy-lancy-opryskiwacza","8":"product_cat-korpusy","10":"first","11":"instock","12":"taxable","13":"shipping-taxable","14":"purchasable","15":"product-type-simple"},"acf":[],"yoast_head":"<!-- This site is optimized with the Yoast SEO plugin v27.4 - https:\/\/yoast.com\/product\/yoast-seo-wordpress\/ -->\n<title>Korpus rozpylacza na rurk\u0119 fi-25mm 0-100\/09_25 - Exparto.pl<\/title>\n<meta name=\"robots\" content=\"index, follow, max-snippet:-1, max-image-preview:large, max-video-preview:-1\" \/>\n<link rel=\"canonical\" href=\"https:\/\/exparto.pl\/ro\/produkt\/korpus-rozpylacza-na-rurke-fi-25mm-0-100-09_25\/\" \/>\n<meta property=\"og:locale\" content=\"ro_RO\" \/>\n<meta property=\"og:type\" content=\"article\" \/>\n<meta property=\"og:title\" content=\"Korpus rozpylacza na rurk\u0119 fi-25mm 0-100\/09_25 - Exparto.pl\" \/>\n<meta property=\"og:description\" content=\"Korpus rozpylacza na rurk\u0119.\" \/>\n<meta property=\"og:url\" content=\"https:\/\/exparto.pl\/ro\/produkt\/korpus-rozpylacza-na-rurke-fi-25mm-0-100-09_25\/\" \/>\n<meta property=\"og:site_name\" content=\"Exparto.pl\" \/>\n<meta property=\"article:publisher\" content=\"https:\/\/www.facebook.com\/exparto.agro\/\" \/>\n<meta property=\"article:modified_time\" content=\"2026-03-30T19:00:18+00:00\" \/>\n<meta property=\"og:image\" content=\"https:\/\/exparto.pl\/wp-content\/uploads\/2024\/06\/7be5eedf96089d05f36bc8b2a9f39536.jpg\" \/>\n\t<meta property=\"og:image:width\" content=\"1200\" \/>\n\t<meta property=\"og:image:height\" content=\"1200\" \/>\n\t<meta property=\"og:image:type\" content=\"image\/jpeg\" \/>\n<meta name=\"twitter:card\" content=\"summary_large_image\" \/>\n<meta name=\"twitter:label1\" content=\"Timp estimat pentru citire\" \/>\n\t<meta name=\"twitter:data1\" content=\"1 minut\" \/>\n<script type=\"application\/ld+json\" class=\"yoast-schema-graph\">{\"@context\":\"https:\\\/\\\/schema.org\",\"@graph\":[{\"@type\":\"WebPage\",\"@id\":\"https:\\\/\\\/exparto.pl\\\/ro\\\/produkt\\\/korpus-rozpylacza-na-rurke-fi-25mm-0-100-09_25\\\/\",\"url\":\"https:\\\/\\\/exparto.pl\\\/ro\\\/produkt\\\/korpus-rozpylacza-na-rurke-fi-25mm-0-100-09_25\\\/\",\"name\":\"Korpus rozpylacza na rurk\u0119 fi-25mm 0-100\\\/09_25 - Exparto.pl\",\"isPartOf\":{\"@id\":\"https:\\\/\\\/exparto.pl\\\/ro\\\/#website\"},\"primaryImageOfPage\":{\"@id\":\"https:\\\/\\\/exparto.pl\\\/ro\\\/produkt\\\/korpus-rozpylacza-na-rurke-fi-25mm-0-100-09_25\\\/#primaryimage\"},\"image\":{\"@id\":\"https:\\\/\\\/exparto.pl\\\/ro\\\/produkt\\\/korpus-rozpylacza-na-rurke-fi-25mm-0-100-09_25\\\/#primaryimage\"},\"thumbnailUrl\":\"https:\\\/\\\/exparto.pl\\\/wp-content\\\/uploads\\\/2024\\\/06\\\/7be5eedf96089d05f36bc8b2a9f39536.jpg\",\"datePublished\":\"2024-06-11T22:29:14+00:00\",\"dateModified\":\"2026-03-30T19:00:18+00:00\",\"breadcrumb\":{\"@id\":\"https:\\\/\\\/exparto.pl\\\/ro\\\/produkt\\\/korpus-rozpylacza-na-rurke-fi-25mm-0-100-09_25\\\/#breadcrumb\"},\"inLanguage\":\"ro-RO\",\"potentialAction\":[{\"@type\":\"ReadAction\",\"target\":[\"https:\\\/\\\/exparto.pl\\\/ro\\\/produkt\\\/korpus-rozpylacza-na-rurke-fi-25mm-0-100-09_25\\\/\"]}]},{\"@type\":\"ImageObject\",\"inLanguage\":\"ro-RO\",\"@id\":\"https:\\\/\\\/exparto.pl\\\/ro\\\/produkt\\\/korpus-rozpylacza-na-rurke-fi-25mm-0-100-09_25\\\/#primaryimage\",\"url\":\"https:\\\/\\\/exparto.pl\\\/wp-content\\\/uploads\\\/2024\\\/06\\\/7be5eedf96089d05f36bc8b2a9f39536.jpg\",\"contentUrl\":\"https:\\\/\\\/exparto.pl\\\/wp-content\\\/uploads\\\/2024\\\/06\\\/7be5eedf96089d05f36bc8b2a9f39536.jpg\",\"width\":1200,\"height\":1200},{\"@type\":\"BreadcrumbList\",\"@id\":\"https:\\\/\\\/exparto.pl\\\/ro\\\/produkt\\\/korpus-rozpylacza-na-rurke-fi-25mm-0-100-09_25\\\/#breadcrumb\",\"itemListElement\":[{\"@type\":\"ListItem\",\"position\":1,\"name\":\"Pagina de start\",\"item\":\"https:\\\/\\\/exparto.pl\\\/ro\\\/pagina-de-start\\\/\"},{\"@type\":\"ListItem\",\"position\":2,\"name\":\"Sklep\",\"item\":\"https:\\\/\\\/exparto.pl\\\/sklep\\\/\"},{\"@type\":\"ListItem\",\"position\":3,\"name\":\"Piese pentru pulverizatoare\",\"item\":\"https:\\\/\\\/exparto.pl\\\/ro\\\/categoria-de-produse\\\/piese-pentru-pulverizatoare\\\/\"},{\"@type\":\"ListItem\",\"position\":4,\"name\":\"Componente ale l\u0103ncii de pulverizare\",\"item\":\"https:\\\/\\\/exparto.pl\\\/ro\\\/categoria-de-produse\\\/piese-pentru-pulverizatoare\\\/componente-ale-lancii-de-pulverizare\\\/\"},{\"@type\":\"ListItem\",\"position\":5,\"name\":\"Corpuri\",\"item\":\"https:\\\/\\\/exparto.pl\\\/ro\\\/categoria-de-produse\\\/piese-pentru-pulverizatoare\\\/componente-ale-lancii-de-pulverizare\\\/corpuri\\\/\"},{\"@type\":\"ListItem\",\"position\":6,\"name\":\"Korpus rozpylacza na rurk\u0119 fi-25mm 0-100\\\/09_25\"}]},{\"@type\":\"WebSite\",\"@id\":\"https:\\\/\\\/exparto.pl\\\/ro\\\/#website\",\"url\":\"https:\\\/\\\/exparto.pl\\\/ro\\\/\",\"name\":\"EXPARTO\",\"description\":\"More than agro parts\",\"publisher\":{\"@id\":\"https:\\\/\\\/exparto.pl\\\/ro\\\/#organization\"},\"potentialAction\":[{\"@type\":\"SearchAction\",\"target\":{\"@type\":\"EntryPoint\",\"urlTemplate\":\"https:\\\/\\\/exparto.pl\\\/ro\\\/?s={search_term_string}\"},\"query-input\":{\"@type\":\"PropertyValueSpecification\",\"valueRequired\":true,\"valueName\":\"search_term_string\"}}],\"inLanguage\":\"ro-RO\"},{\"@type\":\"Organization\",\"@id\":\"https:\\\/\\\/exparto.pl\\\/ro\\\/#organization\",\"name\":\"EXPARTO\",\"url\":\"https:\\\/\\\/exparto.pl\\\/ro\\\/\",\"logo\":{\"@type\":\"ImageObject\",\"inLanguage\":\"ro-RO\",\"@id\":\"https:\\\/\\\/exparto.pl\\\/ro\\\/#\\\/schema\\\/logo\\\/image\\\/\",\"url\":\"https:\\\/\\\/exparto.pl\\\/wp-content\\\/uploads\\\/2023\\\/02\\\/logo-wektor.png\",\"contentUrl\":\"https:\\\/\\\/exparto.pl\\\/wp-content\\\/uploads\\\/2023\\\/02\\\/logo-wektor.png\",\"width\":1338,\"height\":143,\"caption\":\"EXPARTO\"},\"image\":{\"@id\":\"https:\\\/\\\/exparto.pl\\\/ro\\\/#\\\/schema\\\/logo\\\/image\\\/\"},\"sameAs\":[\"https:\\\/\\\/www.facebook.com\\\/exparto.agro\\\/\"]}]}<\/script>\n<!-- \/ Yoast SEO plugin. -->","yoast_head_json":{"title":"Korpus rozpylacza na rurk\u0119 fi-25mm 0-100\/09_25 - Exparto.pl","robots":{"index":"index","follow":"follow","max-snippet":"max-snippet:-1","max-image-preview":"max-image-preview:large","max-video-preview":"max-video-preview:-1"},"canonical":"https:\/\/exparto.pl\/ro\/produkt\/korpus-rozpylacza-na-rurke-fi-25mm-0-100-09_25\/","og_locale":"ro_RO","og_type":"article","og_title":"Korpus rozpylacza na rurk\u0119 fi-25mm 0-100\/09_25 - Exparto.pl","og_description":"Korpus rozpylacza na rurk\u0119.","og_url":"https:\/\/exparto.pl\/ro\/produkt\/korpus-rozpylacza-na-rurke-fi-25mm-0-100-09_25\/","og_site_name":"Exparto.pl","article_publisher":"https:\/\/www.facebook.com\/exparto.agro\/","article_modified_time":"2026-03-30T19:00:18+00:00","og_image":[{"width":1200,"height":1200,"url":"https:\/\/exparto.pl\/wp-content\/uploads\/2024\/06\/7be5eedf96089d05f36bc8b2a9f39536.jpg","type":"image\/jpeg"}],"twitter_card":"summary_large_image","twitter_misc":{"Timp estimat pentru citire":"1 minut"},"schema":{"@context":"https:\/\/schema.org","@graph":[{"@type":"WebPage","@id":"https:\/\/exparto.pl\/ro\/produkt\/korpus-rozpylacza-na-rurke-fi-25mm-0-100-09_25\/","url":"https:\/\/exparto.pl\/ro\/produkt\/korpus-rozpylacza-na-rurke-fi-25mm-0-100-09_25\/","name":"Korpus rozpylacza na rurk\u0119 fi-25mm 0-100\/09_25 - Exparto.pl","isPartOf":{"@id":"https:\/\/exparto.pl\/ro\/#website"},"primaryImageOfPage":{"@id":"https:\/\/exparto.pl\/ro\/produkt\/korpus-rozpylacza-na-rurke-fi-25mm-0-100-09_25\/#primaryimage"},"image":{"@id":"https:\/\/exparto.pl\/ro\/produkt\/korpus-rozpylacza-na-rurke-fi-25mm-0-100-09_25\/#primaryimage"},"thumbnailUrl":"https:\/\/exparto.pl\/wp-content\/uploads\/2024\/06\/7be5eedf96089d05f36bc8b2a9f39536.jpg","datePublished":"2024-06-11T22:29:14+00:00","dateModified":"2026-03-30T19:00:18+00:00","breadcrumb":{"@id":"https:\/\/exparto.pl\/ro\/produkt\/korpus-rozpylacza-na-rurke-fi-25mm-0-100-09_25\/#breadcrumb"},"inLanguage":"ro-RO","potentialAction":[{"@type":"ReadAction","target":["https:\/\/exparto.pl\/ro\/produkt\/korpus-rozpylacza-na-rurke-fi-25mm-0-100-09_25\/"]}]},{"@type":"ImageObject","inLanguage":"ro-RO","@id":"https:\/\/exparto.pl\/ro\/produkt\/korpus-rozpylacza-na-rurke-fi-25mm-0-100-09_25\/#primaryimage","url":"https:\/\/exparto.pl\/wp-content\/uploads\/2024\/06\/7be5eedf96089d05f36bc8b2a9f39536.jpg","contentUrl":"https:\/\/exparto.pl\/wp-content\/uploads\/2024\/06\/7be5eedf96089d05f36bc8b2a9f39536.jpg","width":1200,"height":1200},{"@type":"BreadcrumbList","@id":"https:\/\/exparto.pl\/ro\/produkt\/korpus-rozpylacza-na-rurke-fi-25mm-0-100-09_25\/#breadcrumb","itemListElement":[{"@type":"ListItem","position":1,"name":"Pagina de start","item":"https:\/\/exparto.pl\/ro\/pagina-de-start\/"},{"@type":"ListItem","position":2,"name":"Sklep","item":"https:\/\/exparto.pl\/sklep\/"},{"@type":"ListItem","position":3,"name":"Piese pentru pulverizatoare","item":"https:\/\/exparto.pl\/ro\/categoria-de-produse\/piese-pentru-pulverizatoare\/"},{"@type":"ListItem","position":4,"name":"Componente ale l\u0103ncii de pulverizare","item":"https:\/\/exparto.pl\/ro\/categoria-de-produse\/piese-pentru-pulverizatoare\/componente-ale-lancii-de-pulverizare\/"},{"@type":"ListItem","position":5,"name":"Corpuri","item":"https:\/\/exparto.pl\/ro\/categoria-de-produse\/piese-pentru-pulverizatoare\/componente-ale-lancii-de-pulverizare\/corpuri\/"},{"@type":"ListItem","position":6,"name":"Korpus rozpylacza na rurk\u0119 fi-25mm 0-100\/09_25"}]},{"@type":"WebSite","@id":"https:\/\/exparto.pl\/ro\/#website","url":"https:\/\/exparto.pl\/ro\/","name":"EXPARTO","description":"More than agro parts","publisher":{"@id":"https:\/\/exparto.pl\/ro\/#organization"},"potentialAction":[{"@type":"SearchAction","target":{"@type":"EntryPoint","urlTemplate":"https:\/\/exparto.pl\/ro\/?s={search_term_string}"},"query-input":{"@type":"PropertyValueSpecification","valueRequired":true,"valueName":"search_term_string"}}],"inLanguage":"ro-RO"},{"@type":"Organization","@id":"https:\/\/exparto.pl\/ro\/#organization","name":"EXPARTO","url":"https:\/\/exparto.pl\/ro\/","logo":{"@type":"ImageObject","inLanguage":"ro-RO","@id":"https:\/\/exparto.pl\/ro\/#\/schema\/logo\/image\/","url":"https:\/\/exparto.pl\/wp-content\/uploads\/2023\/02\/logo-wektor.png","contentUrl":"https:\/\/exparto.pl\/wp-content\/uploads\/2023\/02\/logo-wektor.png","width":1338,"height":143,"caption":"EXPARTO"},"image":{"@id":"https:\/\/exparto.pl\/ro\/#\/schema\/logo\/image\/"},"sameAs":["https:\/\/www.facebook.com\/exparto.agro\/"]}]}},"_links":{"self":[{"href":"https:\/\/exparto.pl\/ro\/wp-json\/wp\/v2\/product\/27823","targetHints":{"allow":["GET"]}}],"collection":[{"href":"https:\/\/exparto.pl\/ro\/wp-json\/wp\/v2\/product"}],"about":[{"href":"https:\/\/exparto.pl\/ro\/wp-json\/wp\/v2\/types\/product"}],"replies":[{"embeddable":true,"href":"https:\/\/exparto.pl\/ro\/wp-json\/wp\/v2\/comments?post=27823"}],"wp:featuredmedia":[{"embeddable":true,"href":"https:\/\/exparto.pl\/ro\/wp-json\/wp\/v2\/media\/27797"}],"wp:attachment":[{"href":"https:\/\/exparto.pl\/ro\/wp-json\/wp\/v2\/media?parent=27823"}],"wp:term":[{"taxonomy":"product_brand","embeddable":true,"href":"https:\/\/exparto.pl\/ro\/wp-json\/wp\/v2\/product_brand?post=27823"},{"taxonomy":"product_cat","embeddable":true,"href":"https:\/\/exparto.pl\/ro\/wp-json\/wp\/v2\/product_cat?post=27823"},{"taxonomy":"product_tag","embeddable":true,"href":"https:\/\/exparto.pl\/ro\/wp-json\/wp\/v2\/product_tag?post=27823"}],"curies":[{"name":"wp","href":"https:\/\/api.w.org\/{rel}","templated":true}]}}