{"id":30042,"date":"2024-07-25T12:11:35","date_gmt":"2024-07-25T10:11:35","guid":{"rendered":"https:\/\/exparto.pl\/produkt\/talerz-do-talerzowki-560-mm-x-4-mm-uzebiony-5-otworow-z-10-stal-sprezynowa\/"},"modified":"2026-03-25T15:30:49","modified_gmt":"2026-03-25T14:30:49","slug":"talerz-do-talerzowki-560-mm-x-4-mm-uzebiony-5-otworow-z-10-stal-sprezynowa","status":"publish","type":"product","link":"https:\/\/exparto.pl\/ro\/produkt\/talerz-do-talerzowki-560-mm-x-4-mm-uzebiony-5-otworow-z-10-stal-sprezynowa\/","title":{"rendered":"Talerz do talerz\u00f3wki 560 mm x 4 mm, uz\u0119biony, 5 otwor\u00f3w, Z-10, stal spr\u0119\u017cynowa"},"content":{"rendered":"<p><span style=\"font-weight: 400;\">W EXPARTO oferujemy szeroki wyb\u00f3r cz\u0119\u015bci do maszyn rolniczych. <\/span><b>W tym miejscu znajdziesz talerz do brony talerzowej o \u015brednicy 560 mm wykonany ze stali spr\u0119\u017cynowej<\/b><span style=\"font-weight: 400;\">. To model typu Z-10 z pi\u0119cioma otworami monta\u017cowymi. Zapraszamy do zapoznania si\u0119 z jego charakterystyk\u0105.<\/span><\/p>\n<h2><span style=\"font-weight: 400;\">Talerz z\u0119baty 560 do talerz\u00f3wki \u2013 5 otwor\u00f3w, typ Z-10<\/span><\/h2>\n<p><b>Talerz do talerz\u00f3wki 560 mm to cz\u0119\u015b\u0107 robocza brony talerzowej<\/b><span style=\"font-weight: 400;\">.\u00a0<\/span><\/p>\n<p><span style=\"font-weight: 400;\">Odpowiada za precyzyjne ci\u0119cie i rozdrabnianie gleby, przygotowuj\u0105c j\u0105 do kolejnych etap\u00f3w prac agrarnych. Oferowany przez nas model posiada dodatkowe uz\u0119bienie, dzi\u0119ki czemu jeszcze lepiej radzi sobie z korzeniami i innymi szcz\u0105tkami organicznymi. <\/span><b>Cz\u0119\u015b\u0107 ta powstaje ze stali spr\u0119\u017cynowej, kt\u00f3ra wykazuje wysok\u0105 wytrzyma\u0142o\u015b\u0107 na \u015bcieranie i uszkodzenia mechaniczne<\/b><span style=\"font-weight: 400;\">. Dzi\u0119ki temu talerz z\u0119baty 560 mm d\u0142u\u017cej zachowuje swoje podstawowe w\u0142a\u015bciwo\u015bci, co umo\u017cliwia efektywne prowadzenie prac w gospodarstwie rolnym.\u00a0<\/span><\/p>\n<p><span style=\"font-weight: 400;\">Szukasz wysokiej jako\u015bci cz\u0119\u015bci zamiennych do brony talerzowej i innych maszyn? Znajdziesz je w naszej ofercie. <\/span><b>Wszystkie produkty od EXPARTO spe\u0142niaj\u0105 najwy\u017csze standardy rynkowe i s\u0105 zgodne z normami producent\u00f3w<\/b><span style=\"font-weight: 400;\">. Zapraszamy do zakup\u00f3w w naszym sklepie.\u00a0 <\/span><\/p>\n<p><p style=\"text-align: justify;\">Polecamy talerze EXPARTO do <strong>bron talerzowych, bron muszlowych, bron le\u015bnych, agregat\u00f3w uprawowych, p\u0142ug\u00f3w talerzowych oraz kultywator\u00f3w \u015bcierniskowych (gruber\u00f3w), agregat\u00f3w siewnych, siewnik\u00f3w, agregat\u00f3w hybrydowych.<\/strong><\/p>\n<p><p style=\"text-align: justify;\"><strong>Talerze EXPARTO<\/strong> s\u0105 kompatybilne z maszynami produkowanymi przez:<\/p>\n<ul>\n<li style=\"text-align: justify;\">Agrisem, Agrimet, Agro lift, Agromasz, Agrotom, Akpil, Amazone, ATMP, Awemak, Batyra, Bednar, Bomet, Bury, Czajkowski, Dexwal, Euromasz, Expom, Goliath, Horsch, Kunh, Kverneland, Lemken, Mandam, Metalfach, Pettinger, Polgrom, Rol\/ex, Rolmako, Staltech, Strumyk, Unia, Vaderstad, , PPHU ZAPA\u0141A oraz pozosta\u0142ymi maszynami wyposa\u017conymi w piasty SKF , Krasnik czy talerze typu C<\/li>\n<\/ul>\n","protected":false},"excerpt":{"rendered":"<p style=\"text-align: justify;\">Talerze rolnicze EXPARTO do uprawy w technologii uproszczonej przy u\u017cyciu agregat\u00f3w i bron talerzowych. Uwzgl\u0119dniaj\u0105 rodzaj prac polowych czy specyfik\u0119 gleby. Gwarantuj\u0105 spokojn\u0105 i wydajn\u0105 prac\u0119.<\/p>\n","protected":false},"featured_media":30026,"comment_status":"open","ping_status":"closed","template":"","meta":{"_acf_changed":false,"inline_featured_image":false},"product_brand":[],"product_cat":[41,56,63],"product_tag":[],"class_list":{"0":"post-30042","1":"product","2":"type-product","3":"status-publish","4":"has-post-thumbnail","6":"product_cat-czesci-do-talerzowki","7":"product_cat-talerze-uprawowe","8":"product_cat-talerze-560-mm","10":"first","11":"instock","12":"taxable","13":"shipping-taxable","14":"purchasable","15":"product-type-simple"},"acf":[],"yoast_head":"<!-- This site is optimized with the Yoast SEO plugin v27.3 - https:\/\/yoast.com\/product\/yoast-seo-wordpress\/ -->\n<title>Talerz do talerz\u00f3wki 560 mm x 4 mm, uz\u0119biony, 5 otwor\u00f3w, Z-10, stal spr\u0119\u017cynowa - Exparto.pl<\/title>\n<meta name=\"robots\" content=\"index, follow, max-snippet:-1, max-image-preview:large, max-video-preview:-1\" \/>\n<link rel=\"canonical\" href=\"https:\/\/exparto.pl\/ro\/produkt\/talerz-do-talerzowki-560-mm-x-4-mm-uzebiony-5-otworow-z-10-stal-sprezynowa\/\" \/>\n<meta property=\"og:locale\" content=\"ro_RO\" \/>\n<meta property=\"og:type\" content=\"article\" \/>\n<meta property=\"og:title\" content=\"Talerz do talerz\u00f3wki 560 mm x 4 mm, uz\u0119biony, 5 otwor\u00f3w, Z-10, stal spr\u0119\u017cynowa - Exparto.pl\" \/>\n<meta property=\"og:description\" content=\"Talerze rolnicze EXPARTO do uprawy w technologii uproszczonej przy u\u017cyciu agregat\u00f3w i bron talerzowych. Uwzgl\u0119dniaj\u0105 rodzaj prac polowych czy specyfik\u0119 gleby. Gwarantuj\u0105 spokojn\u0105 i wydajn\u0105 prac\u0119.\" \/>\n<meta property=\"og:url\" content=\"https:\/\/exparto.pl\/ro\/produkt\/talerz-do-talerzowki-560-mm-x-4-mm-uzebiony-5-otworow-z-10-stal-sprezynowa\/\" \/>\n<meta property=\"og:site_name\" content=\"Exparto.pl\" \/>\n<meta property=\"article:publisher\" content=\"https:\/\/www.facebook.com\/exparto.agro\/\" \/>\n<meta property=\"article:modified_time\" content=\"2026-03-25T14:30:49+00:00\" \/>\n<meta property=\"og:image\" content=\"https:\/\/exparto.pl\/wp-content\/uploads\/2024\/07\/195957bb04435b564fe8b13554fdce9c.jpg\" \/>\n\t<meta property=\"og:image:width\" content=\"1000\" \/>\n\t<meta property=\"og:image:height\" content=\"1000\" \/>\n\t<meta property=\"og:image:type\" content=\"image\/jpeg\" \/>\n<meta name=\"twitter:card\" content=\"summary_large_image\" \/>\n<meta name=\"twitter:label1\" content=\"Timp estimat pentru citire\" \/>\n\t<meta name=\"twitter:data1\" content=\"2 minute\" \/>\n<script type=\"application\/ld+json\" class=\"yoast-schema-graph\">{\"@context\":\"https:\\\/\\\/schema.org\",\"@graph\":[{\"@type\":\"WebPage\",\"@id\":\"https:\\\/\\\/exparto.pl\\\/ro\\\/produkt\\\/talerz-do-talerzowki-560-mm-x-4-mm-uzebiony-5-otworow-z-10-stal-sprezynowa\\\/\",\"url\":\"https:\\\/\\\/exparto.pl\\\/ro\\\/produkt\\\/talerz-do-talerzowki-560-mm-x-4-mm-uzebiony-5-otworow-z-10-stal-sprezynowa\\\/\",\"name\":\"Talerz do talerz\u00f3wki 560 mm x 4 mm, uz\u0119biony, 5 otwor\u00f3w, Z-10, stal spr\u0119\u017cynowa - Exparto.pl\",\"isPartOf\":{\"@id\":\"https:\\\/\\\/exparto.pl\\\/ro\\\/#website\"},\"primaryImageOfPage\":{\"@id\":\"https:\\\/\\\/exparto.pl\\\/ro\\\/produkt\\\/talerz-do-talerzowki-560-mm-x-4-mm-uzebiony-5-otworow-z-10-stal-sprezynowa\\\/#primaryimage\"},\"image\":{\"@id\":\"https:\\\/\\\/exparto.pl\\\/ro\\\/produkt\\\/talerz-do-talerzowki-560-mm-x-4-mm-uzebiony-5-otworow-z-10-stal-sprezynowa\\\/#primaryimage\"},\"thumbnailUrl\":\"https:\\\/\\\/exparto.pl\\\/wp-content\\\/uploads\\\/2024\\\/07\\\/195957bb04435b564fe8b13554fdce9c.jpg\",\"datePublished\":\"2024-07-25T10:11:35+00:00\",\"dateModified\":\"2026-03-25T14:30:49+00:00\",\"breadcrumb\":{\"@id\":\"https:\\\/\\\/exparto.pl\\\/ro\\\/produkt\\\/talerz-do-talerzowki-560-mm-x-4-mm-uzebiony-5-otworow-z-10-stal-sprezynowa\\\/#breadcrumb\"},\"inLanguage\":\"ro-RO\",\"potentialAction\":[{\"@type\":\"ReadAction\",\"target\":[\"https:\\\/\\\/exparto.pl\\\/ro\\\/produkt\\\/talerz-do-talerzowki-560-mm-x-4-mm-uzebiony-5-otworow-z-10-stal-sprezynowa\\\/\"]}]},{\"@type\":\"ImageObject\",\"inLanguage\":\"ro-RO\",\"@id\":\"https:\\\/\\\/exparto.pl\\\/ro\\\/produkt\\\/talerz-do-talerzowki-560-mm-x-4-mm-uzebiony-5-otworow-z-10-stal-sprezynowa\\\/#primaryimage\",\"url\":\"https:\\\/\\\/exparto.pl\\\/wp-content\\\/uploads\\\/2024\\\/07\\\/195957bb04435b564fe8b13554fdce9c.jpg\",\"contentUrl\":\"https:\\\/\\\/exparto.pl\\\/wp-content\\\/uploads\\\/2024\\\/07\\\/195957bb04435b564fe8b13554fdce9c.jpg\",\"width\":1000,\"height\":1000},{\"@type\":\"BreadcrumbList\",\"@id\":\"https:\\\/\\\/exparto.pl\\\/ro\\\/produkt\\\/talerz-do-talerzowki-560-mm-x-4-mm-uzebiony-5-otworow-z-10-stal-sprezynowa\\\/#breadcrumb\",\"itemListElement\":[{\"@type\":\"ListItem\",\"position\":1,\"name\":\"Pagina de start\",\"item\":\"https:\\\/\\\/exparto.pl\\\/ro\\\/pagina-de-start\\\/\"},{\"@type\":\"ListItem\",\"position\":2,\"name\":\"Sklep\",\"item\":\"https:\\\/\\\/exparto.pl\\\/sklep\\\/\"},{\"@type\":\"ListItem\",\"position\":3,\"name\":\"Lucrare a solului\",\"item\":\"https:\\\/\\\/exparto.pl\\\/ro\\\/categoria-de-produse\\\/lucrare-a-solului\\\/\"},{\"@type\":\"ListItem\",\"position\":4,\"name\":\"Discuri de cultivare\",\"item\":\"https:\\\/\\\/exparto.pl\\\/ro\\\/categoria-de-produse\\\/lucrare-a-solului\\\/discuri-de-cultivare\\\/\"},{\"@type\":\"ListItem\",\"position\":5,\"name\":\"Discuri de 560 mm\",\"item\":\"https:\\\/\\\/exparto.pl\\\/ro\\\/categoria-de-produse\\\/lucrare-a-solului\\\/discuri-de-cultivare\\\/discuri-de-560-mm\\\/\"},{\"@type\":\"ListItem\",\"position\":6,\"name\":\"Talerz do talerz\u00f3wki 560 mm x 4 mm, uz\u0119biony, 5 otwor\u00f3w, Z-10, stal spr\u0119\u017cynowa\"}]},{\"@type\":\"WebSite\",\"@id\":\"https:\\\/\\\/exparto.pl\\\/ro\\\/#website\",\"url\":\"https:\\\/\\\/exparto.pl\\\/ro\\\/\",\"name\":\"EXPARTO\",\"description\":\"More than agro parts\",\"publisher\":{\"@id\":\"https:\\\/\\\/exparto.pl\\\/ro\\\/#organization\"},\"potentialAction\":[{\"@type\":\"SearchAction\",\"target\":{\"@type\":\"EntryPoint\",\"urlTemplate\":\"https:\\\/\\\/exparto.pl\\\/ro\\\/?s={search_term_string}\"},\"query-input\":{\"@type\":\"PropertyValueSpecification\",\"valueRequired\":true,\"valueName\":\"search_term_string\"}}],\"inLanguage\":\"ro-RO\"},{\"@type\":\"Organization\",\"@id\":\"https:\\\/\\\/exparto.pl\\\/ro\\\/#organization\",\"name\":\"EXPARTO\",\"url\":\"https:\\\/\\\/exparto.pl\\\/ro\\\/\",\"logo\":{\"@type\":\"ImageObject\",\"inLanguage\":\"ro-RO\",\"@id\":\"https:\\\/\\\/exparto.pl\\\/ro\\\/#\\\/schema\\\/logo\\\/image\\\/\",\"url\":\"https:\\\/\\\/exparto.pl\\\/wp-content\\\/uploads\\\/2023\\\/02\\\/logo-wektor.png\",\"contentUrl\":\"https:\\\/\\\/exparto.pl\\\/wp-content\\\/uploads\\\/2023\\\/02\\\/logo-wektor.png\",\"width\":1338,\"height\":143,\"caption\":\"EXPARTO\"},\"image\":{\"@id\":\"https:\\\/\\\/exparto.pl\\\/ro\\\/#\\\/schema\\\/logo\\\/image\\\/\"},\"sameAs\":[\"https:\\\/\\\/www.facebook.com\\\/exparto.agro\\\/\"]}]}<\/script>\n<!-- \/ Yoast SEO plugin. -->","yoast_head_json":{"title":"Talerz do talerz\u00f3wki 560 mm x 4 mm, uz\u0119biony, 5 otwor\u00f3w, Z-10, stal spr\u0119\u017cynowa - Exparto.pl","robots":{"index":"index","follow":"follow","max-snippet":"max-snippet:-1","max-image-preview":"max-image-preview:large","max-video-preview":"max-video-preview:-1"},"canonical":"https:\/\/exparto.pl\/ro\/produkt\/talerz-do-talerzowki-560-mm-x-4-mm-uzebiony-5-otworow-z-10-stal-sprezynowa\/","og_locale":"ro_RO","og_type":"article","og_title":"Talerz do talerz\u00f3wki 560 mm x 4 mm, uz\u0119biony, 5 otwor\u00f3w, Z-10, stal spr\u0119\u017cynowa - Exparto.pl","og_description":"Talerze rolnicze EXPARTO do uprawy w technologii uproszczonej przy u\u017cyciu agregat\u00f3w i bron talerzowych. Uwzgl\u0119dniaj\u0105 rodzaj prac polowych czy specyfik\u0119 gleby. Gwarantuj\u0105 spokojn\u0105 i wydajn\u0105 prac\u0119.","og_url":"https:\/\/exparto.pl\/ro\/produkt\/talerz-do-talerzowki-560-mm-x-4-mm-uzebiony-5-otworow-z-10-stal-sprezynowa\/","og_site_name":"Exparto.pl","article_publisher":"https:\/\/www.facebook.com\/exparto.agro\/","article_modified_time":"2026-03-25T14:30:49+00:00","og_image":[{"width":1000,"height":1000,"url":"https:\/\/exparto.pl\/wp-content\/uploads\/2024\/07\/195957bb04435b564fe8b13554fdce9c.jpg","type":"image\/jpeg"}],"twitter_card":"summary_large_image","twitter_misc":{"Timp estimat pentru citire":"2 minute"},"schema":{"@context":"https:\/\/schema.org","@graph":[{"@type":"WebPage","@id":"https:\/\/exparto.pl\/ro\/produkt\/talerz-do-talerzowki-560-mm-x-4-mm-uzebiony-5-otworow-z-10-stal-sprezynowa\/","url":"https:\/\/exparto.pl\/ro\/produkt\/talerz-do-talerzowki-560-mm-x-4-mm-uzebiony-5-otworow-z-10-stal-sprezynowa\/","name":"Talerz do talerz\u00f3wki 560 mm x 4 mm, uz\u0119biony, 5 otwor\u00f3w, Z-10, stal spr\u0119\u017cynowa - Exparto.pl","isPartOf":{"@id":"https:\/\/exparto.pl\/ro\/#website"},"primaryImageOfPage":{"@id":"https:\/\/exparto.pl\/ro\/produkt\/talerz-do-talerzowki-560-mm-x-4-mm-uzebiony-5-otworow-z-10-stal-sprezynowa\/#primaryimage"},"image":{"@id":"https:\/\/exparto.pl\/ro\/produkt\/talerz-do-talerzowki-560-mm-x-4-mm-uzebiony-5-otworow-z-10-stal-sprezynowa\/#primaryimage"},"thumbnailUrl":"https:\/\/exparto.pl\/wp-content\/uploads\/2024\/07\/195957bb04435b564fe8b13554fdce9c.jpg","datePublished":"2024-07-25T10:11:35+00:00","dateModified":"2026-03-25T14:30:49+00:00","breadcrumb":{"@id":"https:\/\/exparto.pl\/ro\/produkt\/talerz-do-talerzowki-560-mm-x-4-mm-uzebiony-5-otworow-z-10-stal-sprezynowa\/#breadcrumb"},"inLanguage":"ro-RO","potentialAction":[{"@type":"ReadAction","target":["https:\/\/exparto.pl\/ro\/produkt\/talerz-do-talerzowki-560-mm-x-4-mm-uzebiony-5-otworow-z-10-stal-sprezynowa\/"]}]},{"@type":"ImageObject","inLanguage":"ro-RO","@id":"https:\/\/exparto.pl\/ro\/produkt\/talerz-do-talerzowki-560-mm-x-4-mm-uzebiony-5-otworow-z-10-stal-sprezynowa\/#primaryimage","url":"https:\/\/exparto.pl\/wp-content\/uploads\/2024\/07\/195957bb04435b564fe8b13554fdce9c.jpg","contentUrl":"https:\/\/exparto.pl\/wp-content\/uploads\/2024\/07\/195957bb04435b564fe8b13554fdce9c.jpg","width":1000,"height":1000},{"@type":"BreadcrumbList","@id":"https:\/\/exparto.pl\/ro\/produkt\/talerz-do-talerzowki-560-mm-x-4-mm-uzebiony-5-otworow-z-10-stal-sprezynowa\/#breadcrumb","itemListElement":[{"@type":"ListItem","position":1,"name":"Pagina de start","item":"https:\/\/exparto.pl\/ro\/pagina-de-start\/"},{"@type":"ListItem","position":2,"name":"Sklep","item":"https:\/\/exparto.pl\/sklep\/"},{"@type":"ListItem","position":3,"name":"Lucrare a solului","item":"https:\/\/exparto.pl\/ro\/categoria-de-produse\/lucrare-a-solului\/"},{"@type":"ListItem","position":4,"name":"Discuri de cultivare","item":"https:\/\/exparto.pl\/ro\/categoria-de-produse\/lucrare-a-solului\/discuri-de-cultivare\/"},{"@type":"ListItem","position":5,"name":"Discuri de 560 mm","item":"https:\/\/exparto.pl\/ro\/categoria-de-produse\/lucrare-a-solului\/discuri-de-cultivare\/discuri-de-560-mm\/"},{"@type":"ListItem","position":6,"name":"Talerz do talerz\u00f3wki 560 mm x 4 mm, uz\u0119biony, 5 otwor\u00f3w, Z-10, stal spr\u0119\u017cynowa"}]},{"@type":"WebSite","@id":"https:\/\/exparto.pl\/ro\/#website","url":"https:\/\/exparto.pl\/ro\/","name":"EXPARTO","description":"More than agro parts","publisher":{"@id":"https:\/\/exparto.pl\/ro\/#organization"},"potentialAction":[{"@type":"SearchAction","target":{"@type":"EntryPoint","urlTemplate":"https:\/\/exparto.pl\/ro\/?s={search_term_string}"},"query-input":{"@type":"PropertyValueSpecification","valueRequired":true,"valueName":"search_term_string"}}],"inLanguage":"ro-RO"},{"@type":"Organization","@id":"https:\/\/exparto.pl\/ro\/#organization","name":"EXPARTO","url":"https:\/\/exparto.pl\/ro\/","logo":{"@type":"ImageObject","inLanguage":"ro-RO","@id":"https:\/\/exparto.pl\/ro\/#\/schema\/logo\/image\/","url":"https:\/\/exparto.pl\/wp-content\/uploads\/2023\/02\/logo-wektor.png","contentUrl":"https:\/\/exparto.pl\/wp-content\/uploads\/2023\/02\/logo-wektor.png","width":1338,"height":143,"caption":"EXPARTO"},"image":{"@id":"https:\/\/exparto.pl\/ro\/#\/schema\/logo\/image\/"},"sameAs":["https:\/\/www.facebook.com\/exparto.agro\/"]}]}},"_links":{"self":[{"href":"https:\/\/exparto.pl\/ro\/wp-json\/wp\/v2\/product\/30042","targetHints":{"allow":["GET"]}}],"collection":[{"href":"https:\/\/exparto.pl\/ro\/wp-json\/wp\/v2\/product"}],"about":[{"href":"https:\/\/exparto.pl\/ro\/wp-json\/wp\/v2\/types\/product"}],"replies":[{"embeddable":true,"href":"https:\/\/exparto.pl\/ro\/wp-json\/wp\/v2\/comments?post=30042"}],"wp:featuredmedia":[{"embeddable":true,"href":"https:\/\/exparto.pl\/ro\/wp-json\/wp\/v2\/media\/30026"}],"wp:attachment":[{"href":"https:\/\/exparto.pl\/ro\/wp-json\/wp\/v2\/media?parent=30042"}],"wp:term":[{"taxonomy":"product_brand","embeddable":true,"href":"https:\/\/exparto.pl\/ro\/wp-json\/wp\/v2\/product_brand?post=30042"},{"taxonomy":"product_cat","embeddable":true,"href":"https:\/\/exparto.pl\/ro\/wp-json\/wp\/v2\/product_cat?post=30042"},{"taxonomy":"product_tag","embeddable":true,"href":"https:\/\/exparto.pl\/ro\/wp-json\/wp\/v2\/product_tag?post=30042"}],"curies":[{"name":"wp","href":"https:\/\/api.w.org\/{rel}","templated":true}]}}