{"id":30064,"date":"2024-07-25T12:12:32","date_gmt":"2024-07-25T10:12:32","guid":{"rendered":"https:\/\/exparto.pl\/produkt\/talerz-do-talerzowki-560-mm-x-4-mm-uzebiony-4-otwory-z-10-stal-sprezynowa\/"},"modified":"2026-05-08T15:45:00","modified_gmt":"2026-05-08T13:45:00","slug":"talerz-do-talerzowki-560-mm-x-4-mm-uzebiony-4-otwory-z-10-stal-sprezynowa","status":"publish","type":"product","link":"https:\/\/exparto.pl\/ro\/produkt\/talerz-do-talerzowki-560-mm-x-4-mm-uzebiony-4-otwory-z-10-stal-sprezynowa\/","title":{"rendered":"Talerz do talerz\u00f3wki 560 mm x 4 mm, uz\u0119biony, 4 otwory, Z-10, stal spr\u0119\u017cynowa"},"content":{"rendered":"<p dir=\"ltr\" style=\"line-height:1.7999999999999998;margin-top:0pt;margin-bottom:0pt\"><span style=\"font-size:11pt;font-family:Arial,sans-serif;color:#000000;background-color:transparent;font-weight:700;font-style:normal;font-variant:normal;text-decoration:none;vertical-align:baseline;white-space:pre;white-space:pre-wrap\">W tym miejscu znajdziesz starannie wykonany talerz do brony talerzowej 560 mm<\/span><span style=\"font-size:11pt;font-family:Arial,sans-serif;color:#000000;background-color:transparent;font-weight:400;font-style:normal;font-variant:normal;text-decoration:none;vertical-align:baseline;white-space:pre;white-space:pre-wrap\">. Model ten posiada zwi\u0119kszon\u0105 powierzchni\u0119 pracy, co usprawnia prac\u0119 w polu. <\/span><span style=\"font-size:11pt;font-family:Arial,sans-serif;color:#000000;background-color:transparent;font-weight:700;font-style:normal;font-variant:normal;text-decoration:none;vertical-align:baseline;white-space:pre;white-space:pre-wrap\">Powstaje ze stali spr\u0119\u017cynowej<\/span><span style=\"font-size:11pt;font-family:Arial,sans-serif;color:#000000;background-color:transparent;font-weight:400;font-style:normal;font-variant:normal;text-decoration:none;vertical-align:baseline;white-space:pre;white-space:pre-wrap\">, kt\u00f3ra wykazuje du\u017c\u0105 odporno\u015b\u0107 na \u015bcieranie i uszkodzenia mechaniczne. Zapoznaj si\u0119 ze specyfikacj\u0105 talerza i sfinalizuj zakup w EXPARTO.\u00a0<\/span><\/p>\n<h2 dir=\"ltr\" style=\"line-height:1.7999999999999998;margin-top:18pt;margin-bottom:6pt\"><span style=\"font-size:16pt;font-family:Arial,sans-serif;color:#000000;background-color:transparent;font-weight:400;font-style:normal;font-variant:normal;text-decoration:none;vertical-align:baseline;white-space:pre;white-space:pre-wrap\">Talerz z\u0119baty 560 do talerz\u00f3wki \u2013 4 otwory, typ Z-10<\/span><\/h2>\n<p dir=\"ltr\" style=\"line-height:1.7999999999999998;margin-top:0pt;margin-bottom:0pt\"><span style=\"font-size:11pt;font-family:Arial,sans-serif;color:#000000;background-color:transparent;font-weight:400;font-style:normal;font-variant:normal;text-decoration:none;vertical-align:baseline;white-space:pre;white-space:pre-wrap\">Dost\u0119pny tu talerz do talerz\u00f3wki o \u015brednicy 560 mm to produkt typu Z-10, kt\u00f3ry pasuje do wybranych bron talerzowych. Przed zakupem warto to sprawdzi\u0107, a ewentualne w\u0105tpliwo\u015bci skonsultowa\u0107 z naszym ekspertem. <\/span><span style=\"font-size:11pt;font-family:Arial,sans-serif;color:#000000;background-color:transparent;font-weight:700;font-style:normal;font-variant:normal;text-decoration:none;vertical-align:baseline;white-space:pre;white-space:pre-wrap\">Zwi\u0119kszona powierzchnia pracy sprawia, \u017ce bronowanie przebiega jeszcze szybciej<\/span><span style=\"font-size:11pt;font-family:Arial,sans-serif;color:#000000;background-color:transparent;font-weight:400;font-style:normal;font-variant:normal;text-decoration:none;vertical-align:baseline;white-space:pre;white-space:pre-wrap\">. Talerz z\u0119baty 560 m przygotowany jest do radzenia sobie z trudnym pod\u0142o\u017cem, w tym gleb\u0105 zawieraj\u0105c\u0105 korzenie i szcz\u0105tki organiczne. W modelu tym zastosowano 4 otwory monta\u017cowe, kt\u00f3re rozmieszczono w ten spos\u00f3b, aby zapewni\u0107 stabilne po\u0142\u0105czenie z osi\u0105. <\/span><span style=\"font-size:11pt;font-family:Arial,sans-serif;color:#000000;background-color:transparent;font-weight:700;font-style:normal;font-variant:normal;text-decoration:none;vertical-align:baseline;white-space:pre;white-space:pre-wrap\">W produkcji wykorzystano stal spr\u0119\u017cynow\u0105 charakteryzuj\u0105c\u0105 si\u0119 wysok\u0105 wytrzyma\u0142o\u015bci\u0105.<\/span><\/p>\n<p><span id=\"docs-internal-guid-6bf3f686-7fff-bbb0-dcdb-47b5483cd99f\"><br \/><span style=\"font-size: 11pt;font-family: Arial, sans-serif;background-color: transparent;vertical-align: baseline\">Cenisz sobie komfortow\u0105 i bezpieczn\u0105 prac\u0119 w polu? Osi\u0105gniesz to, korzystaj\u0105c z oferowanych w EXPARTO cz\u0119\u015bci do maszyn rolniczych. <\/span><span style=\"font-size: 11pt;font-family: Arial, sans-serif;background-color: transparent;font-weight: 700;vertical-align: baseline\">Talerz z\u0119baty 560 do talerz\u00f3wki to element, kt\u00f3ry spe\u0142ni oczekiwania nawet najbardziej wymagaj\u0105cych rolnik\u00f3w<\/span><span style=\"font-size: 11pt;font-family: Arial, sans-serif;background-color: transparent;vertical-align: baseline\">. Zapraszamy do zakup\u00f3w. <\/span><\/span><\/p>\n","protected":false},"excerpt":{"rendered":"<p style=\"text-align: justify\">Talerze rolnicze EXPARTO do uprawy w technologii uproszczonej przy u\u017cyciu agregat\u00f3w i bron talerzowych. Uwzgl\u0119dniaj\u0105 rodzaj prac polowych czy specyfik\u0119 gleby. Gwarantuj\u0105 spokojn\u0105 i wydajn\u0105 prac\u0119.<\/p>\n","protected":false},"featured_media":66207,"comment_status":"open","ping_status":"closed","template":"","meta":{"_acf_changed":false,"inline_featured_image":false},"product_brand":[920],"product_cat":[41,56,63],"product_tag":[],"class_list":{"0":"post-30064","1":"product","2":"type-product","3":"status-publish","4":"has-post-thumbnail","6":"product_brand-exparto","7":"product_cat-czesci-do-talerzowki","8":"product_cat-talerze-uprawowe","9":"product_cat-talerze-560-mm","11":"first","12":"outofstock","13":"taxable","14":"shipping-taxable","15":"purchasable","16":"product-type-simple"},"acf":[],"yoast_head":"<!-- This site is optimized with the Yoast SEO plugin v27.5 - https:\/\/yoast.com\/product\/yoast-seo-wordpress\/ -->\n<title>Talerz do talerz\u00f3wki 560 mm x 4 mm, uz\u0119biony, 4 otwory, Z-10, stal spr\u0119\u017cynowa - Exparto.pl<\/title>\n<meta name=\"robots\" content=\"index, follow, max-snippet:-1, max-image-preview:large, max-video-preview:-1\" \/>\n<link rel=\"canonical\" href=\"https:\/\/exparto.pl\/ro\/produkt\/talerz-do-talerzowki-560-mm-x-4-mm-uzebiony-4-otwory-z-10-stal-sprezynowa\/\" \/>\n<meta property=\"og:locale\" content=\"ro_RO\" \/>\n<meta property=\"og:type\" content=\"article\" \/>\n<meta property=\"og:title\" content=\"Talerz do talerz\u00f3wki 560 mm x 4 mm, uz\u0119biony, 4 otwory, Z-10, stal spr\u0119\u017cynowa - Exparto.pl\" \/>\n<meta property=\"og:description\" content=\"Talerze rolnicze EXPARTO do uprawy w technologii uproszczonej przy u\u017cyciu agregat\u00f3w i bron talerzowych. Uwzgl\u0119dniaj\u0105 rodzaj prac polowych czy specyfik\u0119 gleby. Gwarantuj\u0105 spokojn\u0105 i wydajn\u0105 prac\u0119.\" \/>\n<meta property=\"og:url\" content=\"https:\/\/exparto.pl\/ro\/produkt\/talerz-do-talerzowki-560-mm-x-4-mm-uzebiony-4-otwory-z-10-stal-sprezynowa\/\" \/>\n<meta property=\"og:site_name\" content=\"Exparto.pl\" \/>\n<meta property=\"article:publisher\" content=\"https:\/\/www.facebook.com\/exparto.agro\/\" \/>\n<meta property=\"article:modified_time\" content=\"2026-05-08T13:45:00+00:00\" \/>\n<meta property=\"og:image\" content=\"https:\/\/exparto.pl\/wp-content\/uploads\/2025\/07\/5828c30d3202303052b71e543301f318.jpg\" \/>\n\t<meta property=\"og:image:width\" content=\"1200\" \/>\n\t<meta property=\"og:image:height\" content=\"1200\" \/>\n\t<meta property=\"og:image:type\" content=\"image\/jpeg\" \/>\n<meta name=\"twitter:card\" content=\"summary_large_image\" \/>\n<meta name=\"twitter:label1\" content=\"Timp estimat pentru citire\" \/>\n\t<meta name=\"twitter:data1\" content=\"2 minute\" \/>\n<script type=\"application\/ld+json\" class=\"yoast-schema-graph\">{\"@context\":\"https:\\\/\\\/schema.org\",\"@graph\":[{\"@type\":\"WebPage\",\"@id\":\"https:\\\/\\\/exparto.pl\\\/ro\\\/produkt\\\/talerz-do-talerzowki-560-mm-x-4-mm-uzebiony-4-otwory-z-10-stal-sprezynowa\\\/\",\"url\":\"https:\\\/\\\/exparto.pl\\\/ro\\\/produkt\\\/talerz-do-talerzowki-560-mm-x-4-mm-uzebiony-4-otwory-z-10-stal-sprezynowa\\\/\",\"name\":\"Talerz do talerz\u00f3wki 560 mm x 4 mm, uz\u0119biony, 4 otwory, Z-10, stal spr\u0119\u017cynowa - Exparto.pl\",\"isPartOf\":{\"@id\":\"https:\\\/\\\/exparto.pl\\\/ro\\\/#website\"},\"primaryImageOfPage\":{\"@id\":\"https:\\\/\\\/exparto.pl\\\/ro\\\/produkt\\\/talerz-do-talerzowki-560-mm-x-4-mm-uzebiony-4-otwory-z-10-stal-sprezynowa\\\/#primaryimage\"},\"image\":{\"@id\":\"https:\\\/\\\/exparto.pl\\\/ro\\\/produkt\\\/talerz-do-talerzowki-560-mm-x-4-mm-uzebiony-4-otwory-z-10-stal-sprezynowa\\\/#primaryimage\"},\"thumbnailUrl\":\"https:\\\/\\\/exparto.pl\\\/wp-content\\\/uploads\\\/2026\\\/05\\\/5828c30d3202303052b71e543301f318.jpg\",\"datePublished\":\"2024-07-25T10:12:32+00:00\",\"dateModified\":\"2026-05-08T13:45:00+00:00\",\"breadcrumb\":{\"@id\":\"https:\\\/\\\/exparto.pl\\\/ro\\\/produkt\\\/talerz-do-talerzowki-560-mm-x-4-mm-uzebiony-4-otwory-z-10-stal-sprezynowa\\\/#breadcrumb\"},\"inLanguage\":\"ro-RO\",\"potentialAction\":[{\"@type\":\"ReadAction\",\"target\":[\"https:\\\/\\\/exparto.pl\\\/ro\\\/produkt\\\/talerz-do-talerzowki-560-mm-x-4-mm-uzebiony-4-otwory-z-10-stal-sprezynowa\\\/\"]}]},{\"@type\":\"ImageObject\",\"inLanguage\":\"ro-RO\",\"@id\":\"https:\\\/\\\/exparto.pl\\\/ro\\\/produkt\\\/talerz-do-talerzowki-560-mm-x-4-mm-uzebiony-4-otwory-z-10-stal-sprezynowa\\\/#primaryimage\",\"url\":\"https:\\\/\\\/exparto.pl\\\/wp-content\\\/uploads\\\/2026\\\/05\\\/5828c30d3202303052b71e543301f318.jpg\",\"contentUrl\":\"https:\\\/\\\/exparto.pl\\\/wp-content\\\/uploads\\\/2026\\\/05\\\/5828c30d3202303052b71e543301f318.jpg\",\"width\":1200,\"height\":1200,\"caption\":\"5e214de81df60fc2973ad6b61885c118\"},{\"@type\":\"BreadcrumbList\",\"@id\":\"https:\\\/\\\/exparto.pl\\\/ro\\\/produkt\\\/talerz-do-talerzowki-560-mm-x-4-mm-uzebiony-4-otwory-z-10-stal-sprezynowa\\\/#breadcrumb\",\"itemListElement\":[{\"@type\":\"ListItem\",\"position\":1,\"name\":\"Pagina de start\",\"item\":\"https:\\\/\\\/exparto.pl\\\/ro\\\/pagina-de-start\\\/\"},{\"@type\":\"ListItem\",\"position\":2,\"name\":\"Sklep\",\"item\":\"https:\\\/\\\/exparto.pl\\\/sklep\\\/\"},{\"@type\":\"ListItem\",\"position\":3,\"name\":\"Lucrare a solului\",\"item\":\"https:\\\/\\\/exparto.pl\\\/ro\\\/categoria-de-produse\\\/lucrare-a-solului\\\/\"},{\"@type\":\"ListItem\",\"position\":4,\"name\":\"Discuri de cultivare\",\"item\":\"https:\\\/\\\/exparto.pl\\\/ro\\\/categoria-de-produse\\\/lucrare-a-solului\\\/discuri-de-cultivare\\\/\"},{\"@type\":\"ListItem\",\"position\":5,\"name\":\"Discuri de 560 mm\",\"item\":\"https:\\\/\\\/exparto.pl\\\/ro\\\/categoria-de-produse\\\/lucrare-a-solului\\\/discuri-de-cultivare\\\/discuri-de-560-mm\\\/\"},{\"@type\":\"ListItem\",\"position\":6,\"name\":\"Talerz do talerz\u00f3wki 560 mm x 4 mm, uz\u0119biony, 4 otwory, Z-10, stal spr\u0119\u017cynowa\"}]},{\"@type\":\"WebSite\",\"@id\":\"https:\\\/\\\/exparto.pl\\\/ro\\\/#website\",\"url\":\"https:\\\/\\\/exparto.pl\\\/ro\\\/\",\"name\":\"EXPARTO\",\"description\":\"More than agro parts\",\"publisher\":{\"@id\":\"https:\\\/\\\/exparto.pl\\\/ro\\\/#organization\"},\"potentialAction\":[{\"@type\":\"SearchAction\",\"target\":{\"@type\":\"EntryPoint\",\"urlTemplate\":\"https:\\\/\\\/exparto.pl\\\/ro\\\/?s={search_term_string}\"},\"query-input\":{\"@type\":\"PropertyValueSpecification\",\"valueRequired\":true,\"valueName\":\"search_term_string\"}}],\"inLanguage\":\"ro-RO\"},{\"@type\":\"Organization\",\"@id\":\"https:\\\/\\\/exparto.pl\\\/ro\\\/#organization\",\"name\":\"EXPARTO\",\"url\":\"https:\\\/\\\/exparto.pl\\\/ro\\\/\",\"logo\":{\"@type\":\"ImageObject\",\"inLanguage\":\"ro-RO\",\"@id\":\"https:\\\/\\\/exparto.pl\\\/ro\\\/#\\\/schema\\\/logo\\\/image\\\/\",\"url\":\"https:\\\/\\\/exparto.pl\\\/wp-content\\\/uploads\\\/2023\\\/02\\\/logo-wektor.png\",\"contentUrl\":\"https:\\\/\\\/exparto.pl\\\/wp-content\\\/uploads\\\/2023\\\/02\\\/logo-wektor.png\",\"width\":1338,\"height\":143,\"caption\":\"EXPARTO\"},\"image\":{\"@id\":\"https:\\\/\\\/exparto.pl\\\/ro\\\/#\\\/schema\\\/logo\\\/image\\\/\"},\"sameAs\":[\"https:\\\/\\\/www.facebook.com\\\/exparto.agro\\\/\"]}]}<\/script>\n<!-- \/ Yoast SEO plugin. -->","yoast_head_json":{"title":"Talerz do talerz\u00f3wki 560 mm x 4 mm, uz\u0119biony, 4 otwory, Z-10, stal spr\u0119\u017cynowa - Exparto.pl","robots":{"index":"index","follow":"follow","max-snippet":"max-snippet:-1","max-image-preview":"max-image-preview:large","max-video-preview":"max-video-preview:-1"},"canonical":"https:\/\/exparto.pl\/ro\/produkt\/talerz-do-talerzowki-560-mm-x-4-mm-uzebiony-4-otwory-z-10-stal-sprezynowa\/","og_locale":"ro_RO","og_type":"article","og_title":"Talerz do talerz\u00f3wki 560 mm x 4 mm, uz\u0119biony, 4 otwory, Z-10, stal spr\u0119\u017cynowa - Exparto.pl","og_description":"Talerze rolnicze EXPARTO do uprawy w technologii uproszczonej przy u\u017cyciu agregat\u00f3w i bron talerzowych. Uwzgl\u0119dniaj\u0105 rodzaj prac polowych czy specyfik\u0119 gleby. Gwarantuj\u0105 spokojn\u0105 i wydajn\u0105 prac\u0119.","og_url":"https:\/\/exparto.pl\/ro\/produkt\/talerz-do-talerzowki-560-mm-x-4-mm-uzebiony-4-otwory-z-10-stal-sprezynowa\/","og_site_name":"Exparto.pl","article_publisher":"https:\/\/www.facebook.com\/exparto.agro\/","article_modified_time":"2026-05-08T13:45:00+00:00","og_image":[{"width":1200,"height":1200,"url":"https:\/\/exparto.pl\/wp-content\/uploads\/2025\/07\/5828c30d3202303052b71e543301f318.jpg","type":"image\/jpeg"}],"twitter_card":"summary_large_image","twitter_misc":{"Timp estimat pentru citire":"2 minute"},"schema":{"@context":"https:\/\/schema.org","@graph":[{"@type":"WebPage","@id":"https:\/\/exparto.pl\/ro\/produkt\/talerz-do-talerzowki-560-mm-x-4-mm-uzebiony-4-otwory-z-10-stal-sprezynowa\/","url":"https:\/\/exparto.pl\/ro\/produkt\/talerz-do-talerzowki-560-mm-x-4-mm-uzebiony-4-otwory-z-10-stal-sprezynowa\/","name":"Talerz do talerz\u00f3wki 560 mm x 4 mm, uz\u0119biony, 4 otwory, Z-10, stal spr\u0119\u017cynowa - Exparto.pl","isPartOf":{"@id":"https:\/\/exparto.pl\/ro\/#website"},"primaryImageOfPage":{"@id":"https:\/\/exparto.pl\/ro\/produkt\/talerz-do-talerzowki-560-mm-x-4-mm-uzebiony-4-otwory-z-10-stal-sprezynowa\/#primaryimage"},"image":{"@id":"https:\/\/exparto.pl\/ro\/produkt\/talerz-do-talerzowki-560-mm-x-4-mm-uzebiony-4-otwory-z-10-stal-sprezynowa\/#primaryimage"},"thumbnailUrl":"https:\/\/exparto.pl\/wp-content\/uploads\/2026\/05\/5828c30d3202303052b71e543301f318.jpg","datePublished":"2024-07-25T10:12:32+00:00","dateModified":"2026-05-08T13:45:00+00:00","breadcrumb":{"@id":"https:\/\/exparto.pl\/ro\/produkt\/talerz-do-talerzowki-560-mm-x-4-mm-uzebiony-4-otwory-z-10-stal-sprezynowa\/#breadcrumb"},"inLanguage":"ro-RO","potentialAction":[{"@type":"ReadAction","target":["https:\/\/exparto.pl\/ro\/produkt\/talerz-do-talerzowki-560-mm-x-4-mm-uzebiony-4-otwory-z-10-stal-sprezynowa\/"]}]},{"@type":"ImageObject","inLanguage":"ro-RO","@id":"https:\/\/exparto.pl\/ro\/produkt\/talerz-do-talerzowki-560-mm-x-4-mm-uzebiony-4-otwory-z-10-stal-sprezynowa\/#primaryimage","url":"https:\/\/exparto.pl\/wp-content\/uploads\/2026\/05\/5828c30d3202303052b71e543301f318.jpg","contentUrl":"https:\/\/exparto.pl\/wp-content\/uploads\/2026\/05\/5828c30d3202303052b71e543301f318.jpg","width":1200,"height":1200,"caption":"5e214de81df60fc2973ad6b61885c118"},{"@type":"BreadcrumbList","@id":"https:\/\/exparto.pl\/ro\/produkt\/talerz-do-talerzowki-560-mm-x-4-mm-uzebiony-4-otwory-z-10-stal-sprezynowa\/#breadcrumb","itemListElement":[{"@type":"ListItem","position":1,"name":"Pagina de start","item":"https:\/\/exparto.pl\/ro\/pagina-de-start\/"},{"@type":"ListItem","position":2,"name":"Sklep","item":"https:\/\/exparto.pl\/sklep\/"},{"@type":"ListItem","position":3,"name":"Lucrare a solului","item":"https:\/\/exparto.pl\/ro\/categoria-de-produse\/lucrare-a-solului\/"},{"@type":"ListItem","position":4,"name":"Discuri de cultivare","item":"https:\/\/exparto.pl\/ro\/categoria-de-produse\/lucrare-a-solului\/discuri-de-cultivare\/"},{"@type":"ListItem","position":5,"name":"Discuri de 560 mm","item":"https:\/\/exparto.pl\/ro\/categoria-de-produse\/lucrare-a-solului\/discuri-de-cultivare\/discuri-de-560-mm\/"},{"@type":"ListItem","position":6,"name":"Talerz do talerz\u00f3wki 560 mm x 4 mm, uz\u0119biony, 4 otwory, Z-10, stal spr\u0119\u017cynowa"}]},{"@type":"WebSite","@id":"https:\/\/exparto.pl\/ro\/#website","url":"https:\/\/exparto.pl\/ro\/","name":"EXPARTO","description":"More than agro parts","publisher":{"@id":"https:\/\/exparto.pl\/ro\/#organization"},"potentialAction":[{"@type":"SearchAction","target":{"@type":"EntryPoint","urlTemplate":"https:\/\/exparto.pl\/ro\/?s={search_term_string}"},"query-input":{"@type":"PropertyValueSpecification","valueRequired":true,"valueName":"search_term_string"}}],"inLanguage":"ro-RO"},{"@type":"Organization","@id":"https:\/\/exparto.pl\/ro\/#organization","name":"EXPARTO","url":"https:\/\/exparto.pl\/ro\/","logo":{"@type":"ImageObject","inLanguage":"ro-RO","@id":"https:\/\/exparto.pl\/ro\/#\/schema\/logo\/image\/","url":"https:\/\/exparto.pl\/wp-content\/uploads\/2023\/02\/logo-wektor.png","contentUrl":"https:\/\/exparto.pl\/wp-content\/uploads\/2023\/02\/logo-wektor.png","width":1338,"height":143,"caption":"EXPARTO"},"image":{"@id":"https:\/\/exparto.pl\/ro\/#\/schema\/logo\/image\/"},"sameAs":["https:\/\/www.facebook.com\/exparto.agro\/"]}]}},"_links":{"self":[{"href":"https:\/\/exparto.pl\/ro\/wp-json\/wp\/v2\/product\/30064","targetHints":{"allow":["GET"]}}],"collection":[{"href":"https:\/\/exparto.pl\/ro\/wp-json\/wp\/v2\/product"}],"about":[{"href":"https:\/\/exparto.pl\/ro\/wp-json\/wp\/v2\/types\/product"}],"replies":[{"embeddable":true,"href":"https:\/\/exparto.pl\/ro\/wp-json\/wp\/v2\/comments?post=30064"}],"wp:featuredmedia":[{"embeddable":true,"href":"https:\/\/exparto.pl\/ro\/wp-json\/wp\/v2\/media\/66207"}],"wp:attachment":[{"href":"https:\/\/exparto.pl\/ro\/wp-json\/wp\/v2\/media?parent=30064"}],"wp:term":[{"taxonomy":"product_brand","embeddable":true,"href":"https:\/\/exparto.pl\/ro\/wp-json\/wp\/v2\/product_brand?post=30064"},{"taxonomy":"product_cat","embeddable":true,"href":"https:\/\/exparto.pl\/ro\/wp-json\/wp\/v2\/product_cat?post=30064"},{"taxonomy":"product_tag","embeddable":true,"href":"https:\/\/exparto.pl\/ro\/wp-json\/wp\/v2\/product_tag?post=30064"}],"curies":[{"name":"wp","href":"https:\/\/api.w.org\/{rel}","templated":true}]}}