{"id":30508,"date":"2024-08-05T18:48:01","date_gmt":"2024-08-05T16:48:01","guid":{"rendered":"https:\/\/exparto.pl\/produkt\/zab-sprezysty-z-redliczka-siewnik-poznaniak-unia-famarol\/"},"modified":"2026-01-21T12:34:02","modified_gmt":"2026-01-21T11:34:02","slug":"zab-sprezysty-z-redliczka-siewnik-poznaniak-unia-famarol","status":"publish","type":"product","link":"https:\/\/exparto.pl\/ro\/produkt\/zab-sprezysty-z-redliczka-siewnik-poznaniak-unia-famarol\/","title":{"rendered":"Z\u0105b spr\u0119\u017cysty z redliczk\u0105 siewnik Poznaniak, Unia, Famarol"},"content":{"rendered":"<p style=\"text-align: justify\">Z\u0105b spr\u0119\u017cysty z redliczk\u0105.<\/p>\n<p style=\"text-align: justify\"><b>Zastosowanie:<\/b><\/p>\n<ul>\n<li style=\"text-align: justify\">siewnik Poznaniak<\/li>\n<li style=\"text-align: justify\">UNIA<\/li>\n<li style=\"text-align: justify\">Famarol<\/li>\n<\/ul>\n<div style=\"text-align: justify\"><b>Numer katalogowy:<\/b><\/div>\n<div style=\"text-align: justify\">\n<ul>\n<li>1731001000<\/li>\n<\/ul>\n<\/div>\n","protected":false},"excerpt":{"rendered":"<p style=\"text-align: justify\">Z\u0105b spr\u0119\u017cysty z redliczk\u0105 siewnik Poznaniak, Unia, Famarol<\/p>\n","protected":false},"featured_media":30488,"comment_status":"open","ping_status":"closed","template":"","meta":{"_acf_changed":false,"inline_featured_image":false},"product_brand":[],"product_cat":[728,753,752,759],"product_tag":[],"class_list":{"0":"post-30508","1":"product","2":"type-product","3":"status-publish","4":"has-post-thumbnail","6":"product_cat-czesci-do-siewnika","7":"product_cat-siewnik-famarol","8":"product_cat-siewnik-poznaniak","9":"product_cat-pasujace-do-siewnikow","11":"first","12":"outofstock","13":"taxable","14":"shipping-taxable","15":"purchasable","16":"product-type-simple"},"acf":[],"yoast_head":"<!-- This site is optimized with the Yoast SEO plugin v27.3 - https:\/\/yoast.com\/product\/yoast-seo-wordpress\/ -->\n<title>Z\u0105b spr\u0119\u017cysty z redliczk\u0105 siewnik Poznaniak, Unia, Famarol - Exparto.pl<\/title>\n<meta name=\"robots\" content=\"index, follow, max-snippet:-1, max-image-preview:large, max-video-preview:-1\" \/>\n<link rel=\"canonical\" href=\"https:\/\/exparto.pl\/ro\/produkt\/zab-sprezysty-z-redliczka-siewnik-poznaniak-unia-famarol\/\" \/>\n<meta property=\"og:locale\" content=\"ro_RO\" \/>\n<meta property=\"og:type\" content=\"article\" \/>\n<meta property=\"og:title\" content=\"Z\u0105b spr\u0119\u017cysty z redliczk\u0105 siewnik Poznaniak, Unia, Famarol - Exparto.pl\" \/>\n<meta property=\"og:description\" content=\"Z\u0105b spr\u0119\u017cysty z redliczk\u0105 siewnik Poznaniak, Unia, Famarol\" \/>\n<meta property=\"og:url\" content=\"https:\/\/exparto.pl\/ro\/produkt\/zab-sprezysty-z-redliczka-siewnik-poznaniak-unia-famarol\/\" \/>\n<meta property=\"og:site_name\" content=\"Exparto.pl\" \/>\n<meta property=\"article:publisher\" content=\"https:\/\/www.facebook.com\/exparto.agro\/\" \/>\n<meta property=\"article:modified_time\" content=\"2026-01-21T11:34:02+00:00\" \/>\n<meta property=\"og:image\" content=\"https:\/\/exparto.pl\/wp-content\/uploads\/2024\/08\/6c60362c23d4c2c68b668ca8e0ad8ff4.jpg\" \/>\n\t<meta property=\"og:image:width\" content=\"1200\" \/>\n\t<meta property=\"og:image:height\" content=\"1200\" \/>\n\t<meta property=\"og:image:type\" content=\"image\/jpeg\" \/>\n<meta name=\"twitter:card\" content=\"summary_large_image\" \/>\n<meta name=\"twitter:label1\" content=\"Timp estimat pentru citire\" \/>\n\t<meta name=\"twitter:data1\" content=\"1 minut\" \/>\n<script type=\"application\/ld+json\" class=\"yoast-schema-graph\">{\"@context\":\"https:\\\/\\\/schema.org\",\"@graph\":[{\"@type\":\"WebPage\",\"@id\":\"https:\\\/\\\/exparto.pl\\\/ro\\\/produkt\\\/zab-sprezysty-z-redliczka-siewnik-poznaniak-unia-famarol\\\/\",\"url\":\"https:\\\/\\\/exparto.pl\\\/ro\\\/produkt\\\/zab-sprezysty-z-redliczka-siewnik-poznaniak-unia-famarol\\\/\",\"name\":\"Z\u0105b spr\u0119\u017cysty z redliczk\u0105 siewnik Poznaniak, Unia, Famarol - Exparto.pl\",\"isPartOf\":{\"@id\":\"https:\\\/\\\/exparto.pl\\\/ro\\\/#website\"},\"primaryImageOfPage\":{\"@id\":\"https:\\\/\\\/exparto.pl\\\/ro\\\/produkt\\\/zab-sprezysty-z-redliczka-siewnik-poznaniak-unia-famarol\\\/#primaryimage\"},\"image\":{\"@id\":\"https:\\\/\\\/exparto.pl\\\/ro\\\/produkt\\\/zab-sprezysty-z-redliczka-siewnik-poznaniak-unia-famarol\\\/#primaryimage\"},\"thumbnailUrl\":\"https:\\\/\\\/exparto.pl\\\/wp-content\\\/uploads\\\/2024\\\/08\\\/6c60362c23d4c2c68b668ca8e0ad8ff4.jpg\",\"datePublished\":\"2024-08-05T16:48:01+00:00\",\"dateModified\":\"2026-01-21T11:34:02+00:00\",\"breadcrumb\":{\"@id\":\"https:\\\/\\\/exparto.pl\\\/ro\\\/produkt\\\/zab-sprezysty-z-redliczka-siewnik-poznaniak-unia-famarol\\\/#breadcrumb\"},\"inLanguage\":\"ro-RO\",\"potentialAction\":[{\"@type\":\"ReadAction\",\"target\":[\"https:\\\/\\\/exparto.pl\\\/ro\\\/produkt\\\/zab-sprezysty-z-redliczka-siewnik-poznaniak-unia-famarol\\\/\"]}]},{\"@type\":\"ImageObject\",\"inLanguage\":\"ro-RO\",\"@id\":\"https:\\\/\\\/exparto.pl\\\/ro\\\/produkt\\\/zab-sprezysty-z-redliczka-siewnik-poznaniak-unia-famarol\\\/#primaryimage\",\"url\":\"https:\\\/\\\/exparto.pl\\\/wp-content\\\/uploads\\\/2024\\\/08\\\/6c60362c23d4c2c68b668ca8e0ad8ff4.jpg\",\"contentUrl\":\"https:\\\/\\\/exparto.pl\\\/wp-content\\\/uploads\\\/2024\\\/08\\\/6c60362c23d4c2c68b668ca8e0ad8ff4.jpg\",\"width\":1200,\"height\":1200},{\"@type\":\"BreadcrumbList\",\"@id\":\"https:\\\/\\\/exparto.pl\\\/ro\\\/produkt\\\/zab-sprezysty-z-redliczka-siewnik-poznaniak-unia-famarol\\\/#breadcrumb\",\"itemListElement\":[{\"@type\":\"ListItem\",\"position\":1,\"name\":\"Pagina de start\",\"item\":\"https:\\\/\\\/exparto.pl\\\/ro\\\/pagina-de-start\\\/\"},{\"@type\":\"ListItem\",\"position\":2,\"name\":\"Sklep\",\"item\":\"https:\\\/\\\/exparto.pl\\\/sklep\\\/\"},{\"@type\":\"ListItem\",\"position\":3,\"name\":\"Cz\u0119\u015bci do siewnika\",\"item\":\"https:\\\/\\\/exparto.pl\\\/kategoria-produktu\\\/czesci-do-siewnika\\\/\"},{\"@type\":\"ListItem\",\"position\":4,\"name\":\"Pasuj\u0105ce do siewnik\u00f3w\",\"item\":\"https:\\\/\\\/exparto.pl\\\/kategoria-produktu\\\/czesci-do-siewnika\\\/pasujace-do-siewnikow\\\/\"},{\"@type\":\"ListItem\",\"position\":5,\"name\":\"Cz\u0119\u015bci do siewnika Poznaniak\",\"item\":\"https:\\\/\\\/exparto.pl\\\/kategoria-produktu\\\/czesci-do-siewnika\\\/pasujace-do-siewnikow\\\/siewnik-poznaniak\\\/\"},{\"@type\":\"ListItem\",\"position\":6,\"name\":\"Z\u0105b spr\u0119\u017cysty z redliczk\u0105 siewnik Poznaniak, Unia, Famarol\"}]},{\"@type\":\"WebSite\",\"@id\":\"https:\\\/\\\/exparto.pl\\\/ro\\\/#website\",\"url\":\"https:\\\/\\\/exparto.pl\\\/ro\\\/\",\"name\":\"EXPARTO\",\"description\":\"More than agro parts\",\"publisher\":{\"@id\":\"https:\\\/\\\/exparto.pl\\\/ro\\\/#organization\"},\"potentialAction\":[{\"@type\":\"SearchAction\",\"target\":{\"@type\":\"EntryPoint\",\"urlTemplate\":\"https:\\\/\\\/exparto.pl\\\/ro\\\/?s={search_term_string}\"},\"query-input\":{\"@type\":\"PropertyValueSpecification\",\"valueRequired\":true,\"valueName\":\"search_term_string\"}}],\"inLanguage\":\"ro-RO\"},{\"@type\":\"Organization\",\"@id\":\"https:\\\/\\\/exparto.pl\\\/ro\\\/#organization\",\"name\":\"EXPARTO\",\"url\":\"https:\\\/\\\/exparto.pl\\\/ro\\\/\",\"logo\":{\"@type\":\"ImageObject\",\"inLanguage\":\"ro-RO\",\"@id\":\"https:\\\/\\\/exparto.pl\\\/ro\\\/#\\\/schema\\\/logo\\\/image\\\/\",\"url\":\"https:\\\/\\\/exparto.pl\\\/wp-content\\\/uploads\\\/2023\\\/02\\\/logo-wektor.png\",\"contentUrl\":\"https:\\\/\\\/exparto.pl\\\/wp-content\\\/uploads\\\/2023\\\/02\\\/logo-wektor.png\",\"width\":1338,\"height\":143,\"caption\":\"EXPARTO\"},\"image\":{\"@id\":\"https:\\\/\\\/exparto.pl\\\/ro\\\/#\\\/schema\\\/logo\\\/image\\\/\"},\"sameAs\":[\"https:\\\/\\\/www.facebook.com\\\/exparto.agro\\\/\"]}]}<\/script>\n<!-- \/ Yoast SEO plugin. -->","yoast_head_json":{"title":"Z\u0105b spr\u0119\u017cysty z redliczk\u0105 siewnik Poznaniak, Unia, Famarol - Exparto.pl","robots":{"index":"index","follow":"follow","max-snippet":"max-snippet:-1","max-image-preview":"max-image-preview:large","max-video-preview":"max-video-preview:-1"},"canonical":"https:\/\/exparto.pl\/ro\/produkt\/zab-sprezysty-z-redliczka-siewnik-poznaniak-unia-famarol\/","og_locale":"ro_RO","og_type":"article","og_title":"Z\u0105b spr\u0119\u017cysty z redliczk\u0105 siewnik Poznaniak, Unia, Famarol - Exparto.pl","og_description":"Z\u0105b spr\u0119\u017cysty z redliczk\u0105 siewnik Poznaniak, Unia, Famarol","og_url":"https:\/\/exparto.pl\/ro\/produkt\/zab-sprezysty-z-redliczka-siewnik-poznaniak-unia-famarol\/","og_site_name":"Exparto.pl","article_publisher":"https:\/\/www.facebook.com\/exparto.agro\/","article_modified_time":"2026-01-21T11:34:02+00:00","og_image":[{"width":1200,"height":1200,"url":"https:\/\/exparto.pl\/wp-content\/uploads\/2024\/08\/6c60362c23d4c2c68b668ca8e0ad8ff4.jpg","type":"image\/jpeg"}],"twitter_card":"summary_large_image","twitter_misc":{"Timp estimat pentru citire":"1 minut"},"schema":{"@context":"https:\/\/schema.org","@graph":[{"@type":"WebPage","@id":"https:\/\/exparto.pl\/ro\/produkt\/zab-sprezysty-z-redliczka-siewnik-poznaniak-unia-famarol\/","url":"https:\/\/exparto.pl\/ro\/produkt\/zab-sprezysty-z-redliczka-siewnik-poznaniak-unia-famarol\/","name":"Z\u0105b spr\u0119\u017cysty z redliczk\u0105 siewnik Poznaniak, Unia, Famarol - Exparto.pl","isPartOf":{"@id":"https:\/\/exparto.pl\/ro\/#website"},"primaryImageOfPage":{"@id":"https:\/\/exparto.pl\/ro\/produkt\/zab-sprezysty-z-redliczka-siewnik-poznaniak-unia-famarol\/#primaryimage"},"image":{"@id":"https:\/\/exparto.pl\/ro\/produkt\/zab-sprezysty-z-redliczka-siewnik-poznaniak-unia-famarol\/#primaryimage"},"thumbnailUrl":"https:\/\/exparto.pl\/wp-content\/uploads\/2024\/08\/6c60362c23d4c2c68b668ca8e0ad8ff4.jpg","datePublished":"2024-08-05T16:48:01+00:00","dateModified":"2026-01-21T11:34:02+00:00","breadcrumb":{"@id":"https:\/\/exparto.pl\/ro\/produkt\/zab-sprezysty-z-redliczka-siewnik-poznaniak-unia-famarol\/#breadcrumb"},"inLanguage":"ro-RO","potentialAction":[{"@type":"ReadAction","target":["https:\/\/exparto.pl\/ro\/produkt\/zab-sprezysty-z-redliczka-siewnik-poznaniak-unia-famarol\/"]}]},{"@type":"ImageObject","inLanguage":"ro-RO","@id":"https:\/\/exparto.pl\/ro\/produkt\/zab-sprezysty-z-redliczka-siewnik-poznaniak-unia-famarol\/#primaryimage","url":"https:\/\/exparto.pl\/wp-content\/uploads\/2024\/08\/6c60362c23d4c2c68b668ca8e0ad8ff4.jpg","contentUrl":"https:\/\/exparto.pl\/wp-content\/uploads\/2024\/08\/6c60362c23d4c2c68b668ca8e0ad8ff4.jpg","width":1200,"height":1200},{"@type":"BreadcrumbList","@id":"https:\/\/exparto.pl\/ro\/produkt\/zab-sprezysty-z-redliczka-siewnik-poznaniak-unia-famarol\/#breadcrumb","itemListElement":[{"@type":"ListItem","position":1,"name":"Pagina de start","item":"https:\/\/exparto.pl\/ro\/pagina-de-start\/"},{"@type":"ListItem","position":2,"name":"Sklep","item":"https:\/\/exparto.pl\/sklep\/"},{"@type":"ListItem","position":3,"name":"Cz\u0119\u015bci do siewnika","item":"https:\/\/exparto.pl\/kategoria-produktu\/czesci-do-siewnika\/"},{"@type":"ListItem","position":4,"name":"Pasuj\u0105ce do siewnik\u00f3w","item":"https:\/\/exparto.pl\/kategoria-produktu\/czesci-do-siewnika\/pasujace-do-siewnikow\/"},{"@type":"ListItem","position":5,"name":"Cz\u0119\u015bci do siewnika Poznaniak","item":"https:\/\/exparto.pl\/kategoria-produktu\/czesci-do-siewnika\/pasujace-do-siewnikow\/siewnik-poznaniak\/"},{"@type":"ListItem","position":6,"name":"Z\u0105b spr\u0119\u017cysty z redliczk\u0105 siewnik Poznaniak, Unia, Famarol"}]},{"@type":"WebSite","@id":"https:\/\/exparto.pl\/ro\/#website","url":"https:\/\/exparto.pl\/ro\/","name":"EXPARTO","description":"More than agro parts","publisher":{"@id":"https:\/\/exparto.pl\/ro\/#organization"},"potentialAction":[{"@type":"SearchAction","target":{"@type":"EntryPoint","urlTemplate":"https:\/\/exparto.pl\/ro\/?s={search_term_string}"},"query-input":{"@type":"PropertyValueSpecification","valueRequired":true,"valueName":"search_term_string"}}],"inLanguage":"ro-RO"},{"@type":"Organization","@id":"https:\/\/exparto.pl\/ro\/#organization","name":"EXPARTO","url":"https:\/\/exparto.pl\/ro\/","logo":{"@type":"ImageObject","inLanguage":"ro-RO","@id":"https:\/\/exparto.pl\/ro\/#\/schema\/logo\/image\/","url":"https:\/\/exparto.pl\/wp-content\/uploads\/2023\/02\/logo-wektor.png","contentUrl":"https:\/\/exparto.pl\/wp-content\/uploads\/2023\/02\/logo-wektor.png","width":1338,"height":143,"caption":"EXPARTO"},"image":{"@id":"https:\/\/exparto.pl\/ro\/#\/schema\/logo\/image\/"},"sameAs":["https:\/\/www.facebook.com\/exparto.agro\/"]}]}},"_links":{"self":[{"href":"https:\/\/exparto.pl\/ro\/wp-json\/wp\/v2\/product\/30508","targetHints":{"allow":["GET"]}}],"collection":[{"href":"https:\/\/exparto.pl\/ro\/wp-json\/wp\/v2\/product"}],"about":[{"href":"https:\/\/exparto.pl\/ro\/wp-json\/wp\/v2\/types\/product"}],"replies":[{"embeddable":true,"href":"https:\/\/exparto.pl\/ro\/wp-json\/wp\/v2\/comments?post=30508"}],"wp:featuredmedia":[{"embeddable":true,"href":"https:\/\/exparto.pl\/ro\/wp-json\/wp\/v2\/media\/30488"}],"wp:attachment":[{"href":"https:\/\/exparto.pl\/ro\/wp-json\/wp\/v2\/media?parent=30508"}],"wp:term":[{"taxonomy":"product_brand","embeddable":true,"href":"https:\/\/exparto.pl\/ro\/wp-json\/wp\/v2\/product_brand?post=30508"},{"taxonomy":"product_cat","embeddable":true,"href":"https:\/\/exparto.pl\/ro\/wp-json\/wp\/v2\/product_cat?post=30508"},{"taxonomy":"product_tag","embeddable":true,"href":"https:\/\/exparto.pl\/ro\/wp-json\/wp\/v2\/product_tag?post=30508"}],"curies":[{"name":"wp","href":"https:\/\/api.w.org\/{rel}","templated":true}]}}