{"id":31516,"date":"2024-08-29T12:54:52","date_gmt":"2024-08-29T10:54:52","guid":{"rendered":"https:\/\/exparto.pl\/produkt\/bagnet-podwojny-claas\/"},"modified":"2026-01-21T12:38:22","modified_gmt":"2026-01-21T11:38:22","slug":"bagnet-podwojny-claas","status":"publish","type":"product","link":"https:\/\/exparto.pl\/ro\/produkt\/bagnet-podwojny-claas\/","title":{"rendered":"Bagnet podw\u00f3jny Claas"},"content":{"rendered":"<p style=\"text-align: justify\">Bagnet podw\u00f3jny kuty do kombajn\u00f3w Claas.<\/p>\n<p style=\"text-align: justify\"><b>Zastosowanie:<\/b><\/p>\n<\/p>\n<ul>\n<li style=\"text-align: justify\">Pasuje do modeli:\u00a0<\/li>\n<li style=\"text-align: justify\">Claas: Mercator, Dominator: 80, 85, 100, 105, 76, 86, 96, 106, 38, 48, 58, 68, 78, 88, 98, 108, 118, 130, 140, 150, 88VX, 98VX, 108VX, 128VX, Commandor 112CS, 114CS, 115CS, 116CS, 228CS, Mega 202, 203, 204, 208, 218, 202 II, 203 II, 204 II, 208 II, 218 II, 350, 360, 370,<\/li>\n<li style=\"text-align: justify\">Lexion 405, 410, 415, 430, 420 Montana, 430 Montana, 440, 460 II, Lexion 450 Terra, 460 Terra, 450 MTS II, 460 MTS II, 480 Terra, Medion, Tucano<\/li>\n<\/ul>\n<div style=\"text-align: justify\"><b>Numery katalogowe:<\/b><\/div>\n<div style=\"text-align: justify\">\n<ul>\n<li>676235, 648406, 626295, 67624<\/li>\n<\/ul>\n<\/div>\n","protected":false},"excerpt":{"rendered":"<p style=\"text-align: justify\">Bagnet podw\u00f3jny kuty do kombajn\u00f3w Claas.<\/p>\n","protected":false},"featured_media":31501,"comment_status":"open","ping_status":"closed","template":"","meta":{"_acf_changed":false,"inline_featured_image":false},"product_brand":[],"product_cat":[770],"product_tag":[],"class_list":{"0":"post-31516","1":"product","2":"type-product","3":"status-publish","4":"has-post-thumbnail","6":"product_cat-czesci-do-kombajnow-zbozowych-2","8":"first","9":"outofstock","10":"taxable","11":"shipping-taxable","12":"purchasable","13":"product-type-simple"},"acf":[],"yoast_head":"<!-- This site is optimized with the Yoast SEO plugin v27.3 - https:\/\/yoast.com\/product\/yoast-seo-wordpress\/ -->\n<title>Bagnet podw\u00f3jny Claas - Exparto.pl<\/title>\n<meta name=\"robots\" content=\"index, follow, max-snippet:-1, max-image-preview:large, max-video-preview:-1\" \/>\n<link rel=\"canonical\" href=\"https:\/\/exparto.pl\/ro\/produkt\/bagnet-podwojny-claas\/\" \/>\n<meta property=\"og:locale\" content=\"ro_RO\" \/>\n<meta property=\"og:type\" content=\"article\" \/>\n<meta property=\"og:title\" content=\"Bagnet podw\u00f3jny Claas - Exparto.pl\" \/>\n<meta property=\"og:description\" content=\"Bagnet podw\u00f3jny kuty do kombajn\u00f3w Claas.\" \/>\n<meta property=\"og:url\" content=\"https:\/\/exparto.pl\/ro\/produkt\/bagnet-podwojny-claas\/\" \/>\n<meta property=\"og:site_name\" content=\"Exparto.pl\" \/>\n<meta property=\"article:publisher\" content=\"https:\/\/www.facebook.com\/exparto.agro\/\" \/>\n<meta property=\"article:modified_time\" content=\"2026-01-21T11:38:22+00:00\" \/>\n<meta name=\"twitter:card\" content=\"summary_large_image\" \/>\n<script type=\"application\/ld+json\" class=\"yoast-schema-graph\">{\"@context\":\"https:\\\/\\\/schema.org\",\"@graph\":[{\"@type\":\"WebPage\",\"@id\":\"https:\\\/\\\/exparto.pl\\\/ro\\\/produkt\\\/bagnet-podwojny-claas\\\/\",\"url\":\"https:\\\/\\\/exparto.pl\\\/ro\\\/produkt\\\/bagnet-podwojny-claas\\\/\",\"name\":\"Bagnet podw\u00f3jny Claas - Exparto.pl\",\"isPartOf\":{\"@id\":\"https:\\\/\\\/exparto.pl\\\/ro\\\/#website\"},\"primaryImageOfPage\":{\"@id\":\"https:\\\/\\\/exparto.pl\\\/ro\\\/produkt\\\/bagnet-podwojny-claas\\\/#primaryimage\"},\"image\":{\"@id\":\"https:\\\/\\\/exparto.pl\\\/ro\\\/produkt\\\/bagnet-podwojny-claas\\\/#primaryimage\"},\"thumbnailUrl\":\"https:\\\/\\\/exparto.pl\\\/wp-content\\\/uploads\\\/2024\\\/08\\\/c1b296ecdb2ead490d55c06235fb1e85.jpg\",\"datePublished\":\"2024-08-29T10:54:52+00:00\",\"dateModified\":\"2026-01-21T11:38:22+00:00\",\"breadcrumb\":{\"@id\":\"https:\\\/\\\/exparto.pl\\\/ro\\\/produkt\\\/bagnet-podwojny-claas\\\/#breadcrumb\"},\"inLanguage\":\"ro-RO\",\"potentialAction\":[{\"@type\":\"ReadAction\",\"target\":[\"https:\\\/\\\/exparto.pl\\\/ro\\\/produkt\\\/bagnet-podwojny-claas\\\/\"]}]},{\"@type\":\"ImageObject\",\"inLanguage\":\"ro-RO\",\"@id\":\"https:\\\/\\\/exparto.pl\\\/ro\\\/produkt\\\/bagnet-podwojny-claas\\\/#primaryimage\",\"url\":\"https:\\\/\\\/exparto.pl\\\/wp-content\\\/uploads\\\/2024\\\/08\\\/c1b296ecdb2ead490d55c06235fb1e85.jpg\",\"contentUrl\":\"https:\\\/\\\/exparto.pl\\\/wp-content\\\/uploads\\\/2024\\\/08\\\/c1b296ecdb2ead490d55c06235fb1e85.jpg\",\"width\":1200,\"height\":1200},{\"@type\":\"BreadcrumbList\",\"@id\":\"https:\\\/\\\/exparto.pl\\\/ro\\\/produkt\\\/bagnet-podwojny-claas\\\/#breadcrumb\",\"itemListElement\":[{\"@type\":\"ListItem\",\"position\":1,\"name\":\"Pagina de start\",\"item\":\"https:\\\/\\\/exparto.pl\\\/ro\\\/pagina-de-start\\\/\"},{\"@type\":\"ListItem\",\"position\":2,\"name\":\"Sklep\",\"item\":\"https:\\\/\\\/exparto.pl\\\/sklep\\\/\"},{\"@type\":\"ListItem\",\"position\":3,\"name\":\"Bagnet podw\u00f3jny Claas\"}]},{\"@type\":\"WebSite\",\"@id\":\"https:\\\/\\\/exparto.pl\\\/ro\\\/#website\",\"url\":\"https:\\\/\\\/exparto.pl\\\/ro\\\/\",\"name\":\"EXPARTO\",\"description\":\"More than agro parts\",\"publisher\":{\"@id\":\"https:\\\/\\\/exparto.pl\\\/ro\\\/#organization\"},\"potentialAction\":[{\"@type\":\"SearchAction\",\"target\":{\"@type\":\"EntryPoint\",\"urlTemplate\":\"https:\\\/\\\/exparto.pl\\\/ro\\\/?s={search_term_string}\"},\"query-input\":{\"@type\":\"PropertyValueSpecification\",\"valueRequired\":true,\"valueName\":\"search_term_string\"}}],\"inLanguage\":\"ro-RO\"},{\"@type\":\"Organization\",\"@id\":\"https:\\\/\\\/exparto.pl\\\/ro\\\/#organization\",\"name\":\"EXPARTO\",\"url\":\"https:\\\/\\\/exparto.pl\\\/ro\\\/\",\"logo\":{\"@type\":\"ImageObject\",\"inLanguage\":\"ro-RO\",\"@id\":\"https:\\\/\\\/exparto.pl\\\/ro\\\/#\\\/schema\\\/logo\\\/image\\\/\",\"url\":\"https:\\\/\\\/exparto.pl\\\/wp-content\\\/uploads\\\/2023\\\/02\\\/logo-wektor.png\",\"contentUrl\":\"https:\\\/\\\/exparto.pl\\\/wp-content\\\/uploads\\\/2023\\\/02\\\/logo-wektor.png\",\"width\":1338,\"height\":143,\"caption\":\"EXPARTO\"},\"image\":{\"@id\":\"https:\\\/\\\/exparto.pl\\\/ro\\\/#\\\/schema\\\/logo\\\/image\\\/\"},\"sameAs\":[\"https:\\\/\\\/www.facebook.com\\\/exparto.agro\\\/\"]}]}<\/script>\n<!-- \/ Yoast SEO plugin. -->","yoast_head_json":{"title":"Bagnet podw\u00f3jny Claas - Exparto.pl","robots":{"index":"index","follow":"follow","max-snippet":"max-snippet:-1","max-image-preview":"max-image-preview:large","max-video-preview":"max-video-preview:-1"},"canonical":"https:\/\/exparto.pl\/ro\/produkt\/bagnet-podwojny-claas\/","og_locale":"ro_RO","og_type":"article","og_title":"Bagnet podw\u00f3jny Claas - Exparto.pl","og_description":"Bagnet podw\u00f3jny kuty do kombajn\u00f3w Claas.","og_url":"https:\/\/exparto.pl\/ro\/produkt\/bagnet-podwojny-claas\/","og_site_name":"Exparto.pl","article_publisher":"https:\/\/www.facebook.com\/exparto.agro\/","article_modified_time":"2026-01-21T11:38:22+00:00","twitter_card":"summary_large_image","schema":{"@context":"https:\/\/schema.org","@graph":[{"@type":"WebPage","@id":"https:\/\/exparto.pl\/ro\/produkt\/bagnet-podwojny-claas\/","url":"https:\/\/exparto.pl\/ro\/produkt\/bagnet-podwojny-claas\/","name":"Bagnet podw\u00f3jny Claas - Exparto.pl","isPartOf":{"@id":"https:\/\/exparto.pl\/ro\/#website"},"primaryImageOfPage":{"@id":"https:\/\/exparto.pl\/ro\/produkt\/bagnet-podwojny-claas\/#primaryimage"},"image":{"@id":"https:\/\/exparto.pl\/ro\/produkt\/bagnet-podwojny-claas\/#primaryimage"},"thumbnailUrl":"https:\/\/exparto.pl\/wp-content\/uploads\/2024\/08\/c1b296ecdb2ead490d55c06235fb1e85.jpg","datePublished":"2024-08-29T10:54:52+00:00","dateModified":"2026-01-21T11:38:22+00:00","breadcrumb":{"@id":"https:\/\/exparto.pl\/ro\/produkt\/bagnet-podwojny-claas\/#breadcrumb"},"inLanguage":"ro-RO","potentialAction":[{"@type":"ReadAction","target":["https:\/\/exparto.pl\/ro\/produkt\/bagnet-podwojny-claas\/"]}]},{"@type":"ImageObject","inLanguage":"ro-RO","@id":"https:\/\/exparto.pl\/ro\/produkt\/bagnet-podwojny-claas\/#primaryimage","url":"https:\/\/exparto.pl\/wp-content\/uploads\/2024\/08\/c1b296ecdb2ead490d55c06235fb1e85.jpg","contentUrl":"https:\/\/exparto.pl\/wp-content\/uploads\/2024\/08\/c1b296ecdb2ead490d55c06235fb1e85.jpg","width":1200,"height":1200},{"@type":"BreadcrumbList","@id":"https:\/\/exparto.pl\/ro\/produkt\/bagnet-podwojny-claas\/#breadcrumb","itemListElement":[{"@type":"ListItem","position":1,"name":"Pagina de start","item":"https:\/\/exparto.pl\/ro\/pagina-de-start\/"},{"@type":"ListItem","position":2,"name":"Sklep","item":"https:\/\/exparto.pl\/sklep\/"},{"@type":"ListItem","position":3,"name":"Bagnet podw\u00f3jny Claas"}]},{"@type":"WebSite","@id":"https:\/\/exparto.pl\/ro\/#website","url":"https:\/\/exparto.pl\/ro\/","name":"EXPARTO","description":"More than agro parts","publisher":{"@id":"https:\/\/exparto.pl\/ro\/#organization"},"potentialAction":[{"@type":"SearchAction","target":{"@type":"EntryPoint","urlTemplate":"https:\/\/exparto.pl\/ro\/?s={search_term_string}"},"query-input":{"@type":"PropertyValueSpecification","valueRequired":true,"valueName":"search_term_string"}}],"inLanguage":"ro-RO"},{"@type":"Organization","@id":"https:\/\/exparto.pl\/ro\/#organization","name":"EXPARTO","url":"https:\/\/exparto.pl\/ro\/","logo":{"@type":"ImageObject","inLanguage":"ro-RO","@id":"https:\/\/exparto.pl\/ro\/#\/schema\/logo\/image\/","url":"https:\/\/exparto.pl\/wp-content\/uploads\/2023\/02\/logo-wektor.png","contentUrl":"https:\/\/exparto.pl\/wp-content\/uploads\/2023\/02\/logo-wektor.png","width":1338,"height":143,"caption":"EXPARTO"},"image":{"@id":"https:\/\/exparto.pl\/ro\/#\/schema\/logo\/image\/"},"sameAs":["https:\/\/www.facebook.com\/exparto.agro\/"]}]}},"_links":{"self":[{"href":"https:\/\/exparto.pl\/ro\/wp-json\/wp\/v2\/product\/31516","targetHints":{"allow":["GET"]}}],"collection":[{"href":"https:\/\/exparto.pl\/ro\/wp-json\/wp\/v2\/product"}],"about":[{"href":"https:\/\/exparto.pl\/ro\/wp-json\/wp\/v2\/types\/product"}],"replies":[{"embeddable":true,"href":"https:\/\/exparto.pl\/ro\/wp-json\/wp\/v2\/comments?post=31516"}],"wp:featuredmedia":[{"embeddable":true,"href":"https:\/\/exparto.pl\/ro\/wp-json\/wp\/v2\/media\/31501"}],"wp:attachment":[{"href":"https:\/\/exparto.pl\/ro\/wp-json\/wp\/v2\/media?parent=31516"}],"wp:term":[{"taxonomy":"product_brand","embeddable":true,"href":"https:\/\/exparto.pl\/ro\/wp-json\/wp\/v2\/product_brand?post=31516"},{"taxonomy":"product_cat","embeddable":true,"href":"https:\/\/exparto.pl\/ro\/wp-json\/wp\/v2\/product_cat?post=31516"},{"taxonomy":"product_tag","embeddable":true,"href":"https:\/\/exparto.pl\/ro\/wp-json\/wp\/v2\/product_tag?post=31516"}],"curies":[{"name":"wp","href":"https:\/\/api.w.org\/{rel}","templated":true}]}}