{"id":31677,"date":"2024-08-30T09:49:23","date_gmt":"2024-08-30T07:49:23","guid":{"rendered":"https:\/\/exparto.pl\/produkt\/apteczka-pierwszej-pomocy-samochodowa-din-13164\/"},"modified":"2026-01-21T12:38:19","modified_gmt":"2026-01-21T11:38:19","slug":"apteczka-pierwszej-pomocy-samochodowa-din-13164","status":"publish","type":"product","link":"https:\/\/exparto.pl\/ro\/produkt\/apteczka-pierwszej-pomocy-samochodowa-din-13164\/","title":{"rendered":"Apteczka pierwszej pomocy samochodowa DIN 13164"},"content":{"rendered":"<p style=\"text-align: justify\">Apteczka DIN 13164 w sk\u0142ad kt\u00f3rej wchodz\u0105:<\/p>\n<\/p>\n<ul>\n<li style=\"text-align: justify\">plaster: 4,5&#215;7,6cm x2; 12x2cm x1; 7,6&#215;1,9cm x2, 7,6&#215;2,5cm x4; 6x10cm x4,<\/li>\n<li style=\"text-align: justify\">kompres gazowy 10x10cm x2,<\/li>\n<li style=\"text-align: justify\">koc termiczny 160x210cm x1,<\/li>\n<li style=\"text-align: justify\">chusta tr\u00f3jk\u0105tna 96x96x136cm- x1,<\/li>\n<li style=\"text-align: justify\">banda\u017c elastyczny 6cm x4m x2,<\/li>\n<li style=\"text-align: justify\">banda\u017c elastyczny 8cm x4m x3,<\/li>\n<li style=\"text-align: justify\">chusteczka do dezynfekcji 20x12cm x2,<\/li>\n<li style=\"text-align: justify\">banda\u017c 6cm x3m + 6cm x 8cm x1,<\/li>\n<li style=\"text-align: justify\">banda\u017c 8cm x4m + 8cm x 10cm x2,<\/li>\n<li style=\"text-align: justify\">banda\u017c 10cm x4m + 10cm x 12cm x1,<\/li>\n<li style=\"text-align: justify\">r\u0119kawiczki winylowe &#8222;L&#8221; x1,<\/li>\n<li style=\"text-align: justify\">no\u017cyczki 15cm x1,<\/li>\n<li style=\"text-align: justify\">ta\u015bma klej\u0105ca 2,5cm x 5m x1,<\/li>\n<li style=\"text-align: justify\">opatrunek na oparzenia 60x80cm x1,-<\/li>\n<li style=\"text-align: justify\">maseczka jednorazowa x2,<\/li>\n<li style=\"text-align: justify\">instrukcja pierwszej pomocy x1<\/li>\n<\/ul>\n","protected":false},"excerpt":{"rendered":"<p style=\"text-align: justify\">Apteczka pierwszej pomocy samochodowa.<\/p>\n","protected":false},"featured_media":31657,"comment_status":"open","ping_status":"closed","template":"","meta":{"_acf_changed":false,"inline_featured_image":false},"product_brand":[],"product_cat":[43],"product_tag":[],"class_list":{"0":"post-31677","1":"product","2":"type-product","3":"status-publish","4":"has-post-thumbnail","6":"product_cat-odziez-bhp","8":"first","9":"outofstock","10":"taxable","11":"shipping-taxable","12":"purchasable","13":"product-type-simple"},"acf":[],"yoast_head":"<!-- This site is optimized with the Yoast SEO plugin v27.3 - https:\/\/yoast.com\/product\/yoast-seo-wordpress\/ -->\n<title>Apteczka pierwszej pomocy samochodowa DIN 13164 - Exparto.pl<\/title>\n<meta name=\"robots\" content=\"index, follow, max-snippet:-1, max-image-preview:large, max-video-preview:-1\" \/>\n<link rel=\"canonical\" href=\"https:\/\/exparto.pl\/ro\/produkt\/apteczka-pierwszej-pomocy-samochodowa-din-13164\/\" \/>\n<meta property=\"og:locale\" content=\"ro_RO\" \/>\n<meta property=\"og:type\" content=\"article\" \/>\n<meta property=\"og:title\" content=\"Apteczka pierwszej pomocy samochodowa DIN 13164 - Exparto.pl\" \/>\n<meta property=\"og:description\" content=\"Apteczka pierwszej pomocy samochodowa.\" \/>\n<meta property=\"og:url\" content=\"https:\/\/exparto.pl\/ro\/produkt\/apteczka-pierwszej-pomocy-samochodowa-din-13164\/\" \/>\n<meta property=\"og:site_name\" content=\"Exparto.pl\" \/>\n<meta property=\"article:publisher\" content=\"https:\/\/www.facebook.com\/exparto.agro\/\" \/>\n<meta property=\"article:modified_time\" content=\"2026-01-21T11:38:19+00:00\" \/>\n<meta name=\"twitter:card\" content=\"summary_large_image\" \/>\n<meta name=\"twitter:label1\" content=\"Timp estimat pentru citire\" \/>\n\t<meta name=\"twitter:data1\" content=\"1 minut\" \/>\n<script type=\"application\/ld+json\" class=\"yoast-schema-graph\">{\"@context\":\"https:\\\/\\\/schema.org\",\"@graph\":[{\"@type\":\"WebPage\",\"@id\":\"https:\\\/\\\/exparto.pl\\\/ro\\\/produkt\\\/apteczka-pierwszej-pomocy-samochodowa-din-13164\\\/\",\"url\":\"https:\\\/\\\/exparto.pl\\\/ro\\\/produkt\\\/apteczka-pierwszej-pomocy-samochodowa-din-13164\\\/\",\"name\":\"Apteczka pierwszej pomocy samochodowa DIN 13164 - Exparto.pl\",\"isPartOf\":{\"@id\":\"https:\\\/\\\/exparto.pl\\\/ro\\\/#website\"},\"primaryImageOfPage\":{\"@id\":\"https:\\\/\\\/exparto.pl\\\/ro\\\/produkt\\\/apteczka-pierwszej-pomocy-samochodowa-din-13164\\\/#primaryimage\"},\"image\":{\"@id\":\"https:\\\/\\\/exparto.pl\\\/ro\\\/produkt\\\/apteczka-pierwszej-pomocy-samochodowa-din-13164\\\/#primaryimage\"},\"thumbnailUrl\":\"https:\\\/\\\/exparto.pl\\\/wp-content\\\/uploads\\\/2024\\\/08\\\/e7e97b54682af22b46e0692720416c9b.jpg\",\"datePublished\":\"2024-08-30T07:49:23+00:00\",\"dateModified\":\"2026-01-21T11:38:19+00:00\",\"breadcrumb\":{\"@id\":\"https:\\\/\\\/exparto.pl\\\/ro\\\/produkt\\\/apteczka-pierwszej-pomocy-samochodowa-din-13164\\\/#breadcrumb\"},\"inLanguage\":\"ro-RO\",\"potentialAction\":[{\"@type\":\"ReadAction\",\"target\":[\"https:\\\/\\\/exparto.pl\\\/ro\\\/produkt\\\/apteczka-pierwszej-pomocy-samochodowa-din-13164\\\/\"]}]},{\"@type\":\"ImageObject\",\"inLanguage\":\"ro-RO\",\"@id\":\"https:\\\/\\\/exparto.pl\\\/ro\\\/produkt\\\/apteczka-pierwszej-pomocy-samochodowa-din-13164\\\/#primaryimage\",\"url\":\"https:\\\/\\\/exparto.pl\\\/wp-content\\\/uploads\\\/2024\\\/08\\\/e7e97b54682af22b46e0692720416c9b.jpg\",\"contentUrl\":\"https:\\\/\\\/exparto.pl\\\/wp-content\\\/uploads\\\/2024\\\/08\\\/e7e97b54682af22b46e0692720416c9b.jpg\",\"width\":1200,\"height\":1200},{\"@type\":\"BreadcrumbList\",\"@id\":\"https:\\\/\\\/exparto.pl\\\/ro\\\/produkt\\\/apteczka-pierwszej-pomocy-samochodowa-din-13164\\\/#breadcrumb\",\"itemListElement\":[{\"@type\":\"ListItem\",\"position\":1,\"name\":\"Pagina de start\",\"item\":\"https:\\\/\\\/exparto.pl\\\/ro\\\/pagina-de-start\\\/\"},{\"@type\":\"ListItem\",\"position\":2,\"name\":\"Sklep\",\"item\":\"https:\\\/\\\/exparto.pl\\\/sklep\\\/\"},{\"@type\":\"ListItem\",\"position\":3,\"name\":\"Apteczka pierwszej pomocy samochodowa DIN 13164\"}]},{\"@type\":\"WebSite\",\"@id\":\"https:\\\/\\\/exparto.pl\\\/ro\\\/#website\",\"url\":\"https:\\\/\\\/exparto.pl\\\/ro\\\/\",\"name\":\"EXPARTO\",\"description\":\"More than agro parts\",\"publisher\":{\"@id\":\"https:\\\/\\\/exparto.pl\\\/ro\\\/#organization\"},\"potentialAction\":[{\"@type\":\"SearchAction\",\"target\":{\"@type\":\"EntryPoint\",\"urlTemplate\":\"https:\\\/\\\/exparto.pl\\\/ro\\\/?s={search_term_string}\"},\"query-input\":{\"@type\":\"PropertyValueSpecification\",\"valueRequired\":true,\"valueName\":\"search_term_string\"}}],\"inLanguage\":\"ro-RO\"},{\"@type\":\"Organization\",\"@id\":\"https:\\\/\\\/exparto.pl\\\/ro\\\/#organization\",\"name\":\"EXPARTO\",\"url\":\"https:\\\/\\\/exparto.pl\\\/ro\\\/\",\"logo\":{\"@type\":\"ImageObject\",\"inLanguage\":\"ro-RO\",\"@id\":\"https:\\\/\\\/exparto.pl\\\/ro\\\/#\\\/schema\\\/logo\\\/image\\\/\",\"url\":\"https:\\\/\\\/exparto.pl\\\/wp-content\\\/uploads\\\/2023\\\/02\\\/logo-wektor.png\",\"contentUrl\":\"https:\\\/\\\/exparto.pl\\\/wp-content\\\/uploads\\\/2023\\\/02\\\/logo-wektor.png\",\"width\":1338,\"height\":143,\"caption\":\"EXPARTO\"},\"image\":{\"@id\":\"https:\\\/\\\/exparto.pl\\\/ro\\\/#\\\/schema\\\/logo\\\/image\\\/\"},\"sameAs\":[\"https:\\\/\\\/www.facebook.com\\\/exparto.agro\\\/\"]}]}<\/script>\n<!-- \/ Yoast SEO plugin. -->","yoast_head_json":{"title":"Apteczka pierwszej pomocy samochodowa DIN 13164 - Exparto.pl","robots":{"index":"index","follow":"follow","max-snippet":"max-snippet:-1","max-image-preview":"max-image-preview:large","max-video-preview":"max-video-preview:-1"},"canonical":"https:\/\/exparto.pl\/ro\/produkt\/apteczka-pierwszej-pomocy-samochodowa-din-13164\/","og_locale":"ro_RO","og_type":"article","og_title":"Apteczka pierwszej pomocy samochodowa DIN 13164 - Exparto.pl","og_description":"Apteczka pierwszej pomocy samochodowa.","og_url":"https:\/\/exparto.pl\/ro\/produkt\/apteczka-pierwszej-pomocy-samochodowa-din-13164\/","og_site_name":"Exparto.pl","article_publisher":"https:\/\/www.facebook.com\/exparto.agro\/","article_modified_time":"2026-01-21T11:38:19+00:00","twitter_card":"summary_large_image","twitter_misc":{"Timp estimat pentru citire":"1 minut"},"schema":{"@context":"https:\/\/schema.org","@graph":[{"@type":"WebPage","@id":"https:\/\/exparto.pl\/ro\/produkt\/apteczka-pierwszej-pomocy-samochodowa-din-13164\/","url":"https:\/\/exparto.pl\/ro\/produkt\/apteczka-pierwszej-pomocy-samochodowa-din-13164\/","name":"Apteczka pierwszej pomocy samochodowa DIN 13164 - Exparto.pl","isPartOf":{"@id":"https:\/\/exparto.pl\/ro\/#website"},"primaryImageOfPage":{"@id":"https:\/\/exparto.pl\/ro\/produkt\/apteczka-pierwszej-pomocy-samochodowa-din-13164\/#primaryimage"},"image":{"@id":"https:\/\/exparto.pl\/ro\/produkt\/apteczka-pierwszej-pomocy-samochodowa-din-13164\/#primaryimage"},"thumbnailUrl":"https:\/\/exparto.pl\/wp-content\/uploads\/2024\/08\/e7e97b54682af22b46e0692720416c9b.jpg","datePublished":"2024-08-30T07:49:23+00:00","dateModified":"2026-01-21T11:38:19+00:00","breadcrumb":{"@id":"https:\/\/exparto.pl\/ro\/produkt\/apteczka-pierwszej-pomocy-samochodowa-din-13164\/#breadcrumb"},"inLanguage":"ro-RO","potentialAction":[{"@type":"ReadAction","target":["https:\/\/exparto.pl\/ro\/produkt\/apteczka-pierwszej-pomocy-samochodowa-din-13164\/"]}]},{"@type":"ImageObject","inLanguage":"ro-RO","@id":"https:\/\/exparto.pl\/ro\/produkt\/apteczka-pierwszej-pomocy-samochodowa-din-13164\/#primaryimage","url":"https:\/\/exparto.pl\/wp-content\/uploads\/2024\/08\/e7e97b54682af22b46e0692720416c9b.jpg","contentUrl":"https:\/\/exparto.pl\/wp-content\/uploads\/2024\/08\/e7e97b54682af22b46e0692720416c9b.jpg","width":1200,"height":1200},{"@type":"BreadcrumbList","@id":"https:\/\/exparto.pl\/ro\/produkt\/apteczka-pierwszej-pomocy-samochodowa-din-13164\/#breadcrumb","itemListElement":[{"@type":"ListItem","position":1,"name":"Pagina de start","item":"https:\/\/exparto.pl\/ro\/pagina-de-start\/"},{"@type":"ListItem","position":2,"name":"Sklep","item":"https:\/\/exparto.pl\/sklep\/"},{"@type":"ListItem","position":3,"name":"Apteczka pierwszej pomocy samochodowa DIN 13164"}]},{"@type":"WebSite","@id":"https:\/\/exparto.pl\/ro\/#website","url":"https:\/\/exparto.pl\/ro\/","name":"EXPARTO","description":"More than agro parts","publisher":{"@id":"https:\/\/exparto.pl\/ro\/#organization"},"potentialAction":[{"@type":"SearchAction","target":{"@type":"EntryPoint","urlTemplate":"https:\/\/exparto.pl\/ro\/?s={search_term_string}"},"query-input":{"@type":"PropertyValueSpecification","valueRequired":true,"valueName":"search_term_string"}}],"inLanguage":"ro-RO"},{"@type":"Organization","@id":"https:\/\/exparto.pl\/ro\/#organization","name":"EXPARTO","url":"https:\/\/exparto.pl\/ro\/","logo":{"@type":"ImageObject","inLanguage":"ro-RO","@id":"https:\/\/exparto.pl\/ro\/#\/schema\/logo\/image\/","url":"https:\/\/exparto.pl\/wp-content\/uploads\/2023\/02\/logo-wektor.png","contentUrl":"https:\/\/exparto.pl\/wp-content\/uploads\/2023\/02\/logo-wektor.png","width":1338,"height":143,"caption":"EXPARTO"},"image":{"@id":"https:\/\/exparto.pl\/ro\/#\/schema\/logo\/image\/"},"sameAs":["https:\/\/www.facebook.com\/exparto.agro\/"]}]}},"_links":{"self":[{"href":"https:\/\/exparto.pl\/ro\/wp-json\/wp\/v2\/product\/31677","targetHints":{"allow":["GET"]}}],"collection":[{"href":"https:\/\/exparto.pl\/ro\/wp-json\/wp\/v2\/product"}],"about":[{"href":"https:\/\/exparto.pl\/ro\/wp-json\/wp\/v2\/types\/product"}],"replies":[{"embeddable":true,"href":"https:\/\/exparto.pl\/ro\/wp-json\/wp\/v2\/comments?post=31677"}],"wp:featuredmedia":[{"embeddable":true,"href":"https:\/\/exparto.pl\/ro\/wp-json\/wp\/v2\/media\/31657"}],"wp:attachment":[{"href":"https:\/\/exparto.pl\/ro\/wp-json\/wp\/v2\/media?parent=31677"}],"wp:term":[{"taxonomy":"product_brand","embeddable":true,"href":"https:\/\/exparto.pl\/ro\/wp-json\/wp\/v2\/product_brand?post=31677"},{"taxonomy":"product_cat","embeddable":true,"href":"https:\/\/exparto.pl\/ro\/wp-json\/wp\/v2\/product_cat?post=31677"},{"taxonomy":"product_tag","embeddable":true,"href":"https:\/\/exparto.pl\/ro\/wp-json\/wp\/v2\/product_tag?post=31677"}],"curies":[{"name":"wp","href":"https:\/\/api.w.org\/{rel}","templated":true}]}}