{"id":32105,"date":"2024-09-05T09:38:50","date_gmt":"2024-09-05T07:38:50","guid":{"rendered":"https:\/\/exparto.pl\/produkt\/krzyzak-30x80-walu-walka-wom-przekaznika-2\/"},"modified":"2026-04-03T20:00:09","modified_gmt":"2026-04-03T18:00:09","slug":"krzyzak-30x80-walu-walka-wom-przekaznika-2","status":"publish","type":"product","link":"https:\/\/exparto.pl\/ro\/produkt\/krzyzak-30x80-walu-walka-wom-przekaznika-2\/","title":{"rendered":"Krzy\u017cak 30\u00d780 Wa\u0142u Wa\u0142ka WOM Przeka\u017anika"},"content":{"rendered":"<section class=\"section\">\n<div class=\"item item-12\">\n<section class=\"text-item\">\n<p style=\"text-align: justify\">Krzy\u017cak wa\u0142u nap\u0119dowego to kluczowy element w mechanizmie\u00a0<b>przeniesienia nap\u0119du<\/b>\u00a0w wielu pojazdach i maszynach. Jest to z\u0142\u0105cze krzy\u017cowe, kt\u00f3re pozwala na przekazywanie mocy\u00a0<b>z silnika do wa\u0142u nap\u0119dowego<\/b>\u00a0przy jednoczesnym umo\u017cliwieniu zmiany k\u0105ta pomi\u0119dzy po\u0142\u0105czonymi wa\u0142ami. Produkty te s\u0105 powszechnie stosowane w samochodach, ci\u0119\u017car\u00f3wkach, maszynach rolniczych oraz w przemy\u015ble ci\u0119\u017ckim. Wysoka jako\u015b\u0107 krzy\u017caka zapewnia efektywn\u0105 i cich\u0105 prac\u0119 przek\u0142adni oraz minimalizuje ryzyko awarii.\u00a0\u0141o\u017cyska s\u0105 od zewn\u0119trznej strony wide\u0142ek zabezpieczone przed wypadni\u0119ciem pier\u015bcieniami.<\/p>\n<p style=\"text-align: justify\"><b>Zastosowanie:<\/b><\/p>\n<p style=\"text-align: justify\">\n<ul>\n<li>Zamiennik &#8211; pasuje do Sipma, Ama, XKardan, Wary\u0144ski, Aksan, Gopard etc.<\/li>\n<\/ul>\n<\/section><\/div>\n<\/section>\n","protected":false},"excerpt":{"rendered":"<p style=\"text-align: justify\">Krzy\u017cak wa\u0142u wa\u0142ka 30&#215;80<\/p>\n","protected":false},"featured_media":32090,"comment_status":"open","ping_status":"closed","template":"","meta":{"_acf_changed":false,"inline_featured_image":false},"product_brand":[],"product_cat":[114,320,53],"product_tag":[],"class_list":{"0":"post-32105","1":"product","2":"type-product","3":"status-publish","4":"has-post-thumbnail","6":"product_cat-czesci-do-walow","7":"product_cat-krzyzaki","8":"product_cat-waly-przegubowo-teleskopowe","10":"first","11":"instock","12":"taxable","13":"shipping-taxable","14":"purchasable","15":"product-type-simple"},"acf":[],"yoast_head":"<!-- This site is optimized with the Yoast SEO plugin v27.2 - https:\/\/yoast.com\/product\/yoast-seo-wordpress\/ -->\n<title>Krzy\u017cak 30\u00d780 Wa\u0142u Wa\u0142ka WOM Przeka\u017anika - Exparto.pl<\/title>\n<meta name=\"robots\" content=\"index, follow, max-snippet:-1, max-image-preview:large, max-video-preview:-1\" \/>\n<link rel=\"canonical\" href=\"https:\/\/exparto.pl\/ro\/produkt\/krzyzak-30x80-walu-walka-wom-przekaznika-2\/\" \/>\n<meta property=\"og:locale\" content=\"ro_RO\" \/>\n<meta property=\"og:type\" content=\"article\" \/>\n<meta property=\"og:title\" content=\"Krzy\u017cak 30\u00d780 Wa\u0142u Wa\u0142ka WOM Przeka\u017anika - Exparto.pl\" \/>\n<meta property=\"og:description\" content=\"Krzy\u017cak wa\u0142u wa\u0142ka 30x80\" \/>\n<meta property=\"og:url\" content=\"https:\/\/exparto.pl\/ro\/produkt\/krzyzak-30x80-walu-walka-wom-przekaznika-2\/\" \/>\n<meta property=\"og:site_name\" content=\"Exparto.pl\" \/>\n<meta property=\"article:publisher\" content=\"https:\/\/www.facebook.com\/exparto.agro\/\" \/>\n<meta property=\"article:modified_time\" content=\"2026-04-03T18:00:09+00:00\" \/>\n<meta name=\"twitter:card\" content=\"summary_large_image\" \/>\n<meta name=\"twitter:label1\" content=\"Timp estimat pentru citire\" \/>\n\t<meta name=\"twitter:data1\" content=\"1 minut\" \/>\n<script type=\"application\/ld+json\" class=\"yoast-schema-graph\">{\"@context\":\"https:\/\/schema.org\",\"@graph\":[{\"@type\":\"WebPage\",\"@id\":\"https:\/\/exparto.pl\/ro\/produkt\/krzyzak-30x80-walu-walka-wom-przekaznika-2\/\",\"url\":\"https:\/\/exparto.pl\/ro\/produkt\/krzyzak-30x80-walu-walka-wom-przekaznika-2\/\",\"name\":\"Krzy\u017cak 30\u00d780 Wa\u0142u Wa\u0142ka WOM Przeka\u017anika - Exparto.pl\",\"isPartOf\":{\"@id\":\"https:\/\/exparto.pl\/ro\/#website\"},\"primaryImageOfPage\":{\"@id\":\"https:\/\/exparto.pl\/ro\/produkt\/krzyzak-30x80-walu-walka-wom-przekaznika-2\/#primaryimage\"},\"image\":{\"@id\":\"https:\/\/exparto.pl\/ro\/produkt\/krzyzak-30x80-walu-walka-wom-przekaznika-2\/#primaryimage\"},\"thumbnailUrl\":\"https:\/\/exparto.pl\/wp-content\/uploads\/2024\/09\/09a6c2911e949e671171f40b2f141446.jpg\",\"datePublished\":\"2024-09-05T07:38:50+00:00\",\"dateModified\":\"2026-04-03T18:00:09+00:00\",\"breadcrumb\":{\"@id\":\"https:\/\/exparto.pl\/ro\/produkt\/krzyzak-30x80-walu-walka-wom-przekaznika-2\/#breadcrumb\"},\"inLanguage\":\"ro-RO\",\"potentialAction\":[{\"@type\":\"ReadAction\",\"target\":[\"https:\/\/exparto.pl\/ro\/produkt\/krzyzak-30x80-walu-walka-wom-przekaznika-2\/\"]}]},{\"@type\":\"ImageObject\",\"inLanguage\":\"ro-RO\",\"@id\":\"https:\/\/exparto.pl\/ro\/produkt\/krzyzak-30x80-walu-walka-wom-przekaznika-2\/#primaryimage\",\"url\":\"https:\/\/exparto.pl\/wp-content\/uploads\/2024\/09\/09a6c2911e949e671171f40b2f141446.jpg\",\"contentUrl\":\"https:\/\/exparto.pl\/wp-content\/uploads\/2024\/09\/09a6c2911e949e671171f40b2f141446.jpg\",\"width\":1200,\"height\":1200},{\"@type\":\"BreadcrumbList\",\"@id\":\"https:\/\/exparto.pl\/ro\/produkt\/krzyzak-30x80-walu-walka-wom-przekaznika-2\/#breadcrumb\",\"itemListElement\":[{\"@type\":\"ListItem\",\"position\":1,\"name\":\"Pagina de start\",\"item\":\"https:\/\/exparto.pl\/ro\/pagina-de-start\/\"},{\"@type\":\"ListItem\",\"position\":2,\"name\":\"Sklep\",\"item\":\"https:\/\/exparto.pl\/sklep\/\"},{\"@type\":\"ListItem\",\"position\":3,\"name\":\"Krzy\u017cak 30\u00d780 Wa\u0142u Wa\u0142ka WOM Przeka\u017anika\"}]},{\"@type\":\"WebSite\",\"@id\":\"https:\/\/exparto.pl\/ro\/#website\",\"url\":\"https:\/\/exparto.pl\/ro\/\",\"name\":\"EXPARTO\",\"description\":\"More than agro parts\",\"publisher\":{\"@id\":\"https:\/\/exparto.pl\/ro\/#organization\"},\"potentialAction\":[{\"@type\":\"SearchAction\",\"target\":{\"@type\":\"EntryPoint\",\"urlTemplate\":\"https:\/\/exparto.pl\/ro\/?s={search_term_string}\"},\"query-input\":{\"@type\":\"PropertyValueSpecification\",\"valueRequired\":true,\"valueName\":\"search_term_string\"}}],\"inLanguage\":\"ro-RO\"},{\"@type\":\"Organization\",\"@id\":\"https:\/\/exparto.pl\/ro\/#organization\",\"name\":\"EXPARTO\",\"url\":\"https:\/\/exparto.pl\/ro\/\",\"logo\":{\"@type\":\"ImageObject\",\"inLanguage\":\"ro-RO\",\"@id\":\"https:\/\/exparto.pl\/ro\/#\/schema\/logo\/image\/\",\"url\":\"https:\/\/exparto.pl\/wp-content\/uploads\/2023\/02\/logo-wektor.png\",\"contentUrl\":\"https:\/\/exparto.pl\/wp-content\/uploads\/2023\/02\/logo-wektor.png\",\"width\":1338,\"height\":143,\"caption\":\"EXPARTO\"},\"image\":{\"@id\":\"https:\/\/exparto.pl\/ro\/#\/schema\/logo\/image\/\"},\"sameAs\":[\"https:\/\/www.facebook.com\/exparto.agro\/\"]}]}<\/script>\n<!-- \/ Yoast SEO plugin. -->","yoast_head_json":{"title":"Krzy\u017cak 30\u00d780 Wa\u0142u Wa\u0142ka WOM Przeka\u017anika - Exparto.pl","robots":{"index":"index","follow":"follow","max-snippet":"max-snippet:-1","max-image-preview":"max-image-preview:large","max-video-preview":"max-video-preview:-1"},"canonical":"https:\/\/exparto.pl\/ro\/produkt\/krzyzak-30x80-walu-walka-wom-przekaznika-2\/","og_locale":"ro_RO","og_type":"article","og_title":"Krzy\u017cak 30\u00d780 Wa\u0142u Wa\u0142ka WOM Przeka\u017anika - Exparto.pl","og_description":"Krzy\u017cak wa\u0142u wa\u0142ka 30x80","og_url":"https:\/\/exparto.pl\/ro\/produkt\/krzyzak-30x80-walu-walka-wom-przekaznika-2\/","og_site_name":"Exparto.pl","article_publisher":"https:\/\/www.facebook.com\/exparto.agro\/","article_modified_time":"2026-04-03T18:00:09+00:00","twitter_card":"summary_large_image","twitter_misc":{"Timp estimat pentru citire":"1 minut"},"schema":{"@context":"https:\/\/schema.org","@graph":[{"@type":"WebPage","@id":"https:\/\/exparto.pl\/ro\/produkt\/krzyzak-30x80-walu-walka-wom-przekaznika-2\/","url":"https:\/\/exparto.pl\/ro\/produkt\/krzyzak-30x80-walu-walka-wom-przekaznika-2\/","name":"Krzy\u017cak 30\u00d780 Wa\u0142u Wa\u0142ka WOM Przeka\u017anika - Exparto.pl","isPartOf":{"@id":"https:\/\/exparto.pl\/ro\/#website"},"primaryImageOfPage":{"@id":"https:\/\/exparto.pl\/ro\/produkt\/krzyzak-30x80-walu-walka-wom-przekaznika-2\/#primaryimage"},"image":{"@id":"https:\/\/exparto.pl\/ro\/produkt\/krzyzak-30x80-walu-walka-wom-przekaznika-2\/#primaryimage"},"thumbnailUrl":"https:\/\/exparto.pl\/wp-content\/uploads\/2024\/09\/09a6c2911e949e671171f40b2f141446.jpg","datePublished":"2024-09-05T07:38:50+00:00","dateModified":"2026-04-03T18:00:09+00:00","breadcrumb":{"@id":"https:\/\/exparto.pl\/ro\/produkt\/krzyzak-30x80-walu-walka-wom-przekaznika-2\/#breadcrumb"},"inLanguage":"ro-RO","potentialAction":[{"@type":"ReadAction","target":["https:\/\/exparto.pl\/ro\/produkt\/krzyzak-30x80-walu-walka-wom-przekaznika-2\/"]}]},{"@type":"ImageObject","inLanguage":"ro-RO","@id":"https:\/\/exparto.pl\/ro\/produkt\/krzyzak-30x80-walu-walka-wom-przekaznika-2\/#primaryimage","url":"https:\/\/exparto.pl\/wp-content\/uploads\/2024\/09\/09a6c2911e949e671171f40b2f141446.jpg","contentUrl":"https:\/\/exparto.pl\/wp-content\/uploads\/2024\/09\/09a6c2911e949e671171f40b2f141446.jpg","width":1200,"height":1200},{"@type":"BreadcrumbList","@id":"https:\/\/exparto.pl\/ro\/produkt\/krzyzak-30x80-walu-walka-wom-przekaznika-2\/#breadcrumb","itemListElement":[{"@type":"ListItem","position":1,"name":"Pagina de start","item":"https:\/\/exparto.pl\/ro\/pagina-de-start\/"},{"@type":"ListItem","position":2,"name":"Sklep","item":"https:\/\/exparto.pl\/sklep\/"},{"@type":"ListItem","position":3,"name":"Krzy\u017cak 30\u00d780 Wa\u0142u Wa\u0142ka WOM Przeka\u017anika"}]},{"@type":"WebSite","@id":"https:\/\/exparto.pl\/ro\/#website","url":"https:\/\/exparto.pl\/ro\/","name":"EXPARTO","description":"More than agro parts","publisher":{"@id":"https:\/\/exparto.pl\/ro\/#organization"},"potentialAction":[{"@type":"SearchAction","target":{"@type":"EntryPoint","urlTemplate":"https:\/\/exparto.pl\/ro\/?s={search_term_string}"},"query-input":{"@type":"PropertyValueSpecification","valueRequired":true,"valueName":"search_term_string"}}],"inLanguage":"ro-RO"},{"@type":"Organization","@id":"https:\/\/exparto.pl\/ro\/#organization","name":"EXPARTO","url":"https:\/\/exparto.pl\/ro\/","logo":{"@type":"ImageObject","inLanguage":"ro-RO","@id":"https:\/\/exparto.pl\/ro\/#\/schema\/logo\/image\/","url":"https:\/\/exparto.pl\/wp-content\/uploads\/2023\/02\/logo-wektor.png","contentUrl":"https:\/\/exparto.pl\/wp-content\/uploads\/2023\/02\/logo-wektor.png","width":1338,"height":143,"caption":"EXPARTO"},"image":{"@id":"https:\/\/exparto.pl\/ro\/#\/schema\/logo\/image\/"},"sameAs":["https:\/\/www.facebook.com\/exparto.agro\/"]}]}},"_links":{"self":[{"href":"https:\/\/exparto.pl\/ro\/wp-json\/wp\/v2\/product\/32105","targetHints":{"allow":["GET"]}}],"collection":[{"href":"https:\/\/exparto.pl\/ro\/wp-json\/wp\/v2\/product"}],"about":[{"href":"https:\/\/exparto.pl\/ro\/wp-json\/wp\/v2\/types\/product"}],"replies":[{"embeddable":true,"href":"https:\/\/exparto.pl\/ro\/wp-json\/wp\/v2\/comments?post=32105"}],"wp:featuredmedia":[{"embeddable":true,"href":"https:\/\/exparto.pl\/ro\/wp-json\/wp\/v2\/media\/32090"}],"wp:attachment":[{"href":"https:\/\/exparto.pl\/ro\/wp-json\/wp\/v2\/media?parent=32105"}],"wp:term":[{"taxonomy":"product_brand","embeddable":true,"href":"https:\/\/exparto.pl\/ro\/wp-json\/wp\/v2\/product_brand?post=32105"},{"taxonomy":"product_cat","embeddable":true,"href":"https:\/\/exparto.pl\/ro\/wp-json\/wp\/v2\/product_cat?post=32105"},{"taxonomy":"product_tag","embeddable":true,"href":"https:\/\/exparto.pl\/ro\/wp-json\/wp\/v2\/product_tag?post=32105"}],"curies":[{"name":"wp","href":"https:\/\/api.w.org\/{rel}","templated":true}]}}