{"id":33512,"date":"2024-09-06T15:21:08","date_gmt":"2024-09-06T13:21:08","guid":{"rendered":"https:\/\/exparto.pl\/produkt\/cilindru-hidraulic-cu-dublu-efect-63-35-400-fi30\/"},"modified":"2024-09-06T15:21:08","modified_gmt":"2024-09-06T13:21:08","slug":"cilindru-hidraulic-cu-dublu-efect-63-35-400-fi30","status":"publish","type":"product","link":"https:\/\/exparto.pl\/ro\/produkt\/cilindru-hidraulic-cu-dublu-efect-63-35-400-fi30\/","title":{"rendered":"Cilindru hidraulic cu dublu efect 63\/35\/400 FI30"},"content":{"rendered":"<section class=\"section\">\n<div class=\"item item-12\">\n<section class=\"text-item\">\n<p style=\"text-align: justify\"><b>Cilindrii hidraulici<\/b> sunt dispozitive care func\u021bioneaz\u0103 bine atunci c\u00e2nd este necesar\u0103 o for\u021b\u0103 de \u00eempingere mare. Sarcina lor este de a transforma <b>energia de presiune a fluidului de lucru<\/b> \u00een <b>energie mecanic\u0103 <\/b>. Acest lucru permite mi\u0219carea alternativ\u0103 a ansamblului piston-piston. Ar trebui s\u0103 ad\u0103ug\u0103m c\u0103 actuatoarele de acest tip sunt adaptate \u00een mod ideal la nevoile sistemelor utilizate, printre altele. \u00een domeniul ma\u0219inilor agricole.<\/p>\n<p style=\"text-align: justify\">Cilindrii hidraulici, denumi\u021bi \u0219i cilindri hidraulici, pot fi \u00eemp\u0103r\u021bi\u021bi \u00een: cu <b>o singur\u0103 fa\u021b\u0103 <\/b>sau cu <b>dou\u0103 fe\u021be<\/b>. Primele au <b>un singur rac<\/b> ord pentru fluidul de lucru (iar cursa de lucru este \u00eentr-o singur\u0103 direc\u021bie), \u00een timp ce cele din urm\u0103 au<b> dou\u0103 racorduri <\/b>(iar cursa de lucru este \u00een dou\u0103 direc\u021bii). \u00cen plus, acestea din urm\u0103 lucreaz\u0103 mai repede, se <b>disting prin orice lungime a cursei<\/b> \u0219i sunt <b>mai eficiente<\/b>. Cilindrii hidraulici individuali pot varia \u00een ceea ce prive\u0219te rezisten\u021ba, gama de diametre, precum \u0219i <b>montajul<\/b>.<\/p>\n<p style=\"text-align: justify\"><b>Acesta este adaptat pentru a func\u021biona \u00een :  <\/b><\/p>\n<p style=\"text-align: justify\">\n<ul>\n<li style=\"text-align: justify\">ma\u0219ini agricole,<span style=\"color: var(--gray-800)\">tractoare, pulverizatoare, strunguri, ciclopuri, \u00eenc\u0103rc\u0103toare HDS, ma\u0219ini de construc\u021bii, \u00eenc\u0103rc\u0103toare, excavatoare, m\u0103tur\u0103toare, ma\u0219ini industriale \u0219i altele<\/span><\/li>\n<\/ul>\n<\/section><\/div>\n<\/section>\n","protected":false},"excerpt":{"rendered":"<p style=\"text-align: justify\">Cilindrii hidraulici sunt dispozitive care se comport\u0103 bine atunci c\u00e2nd este necesar\u0103 o \u00eempingere mare. Sarcina lor este de a transforma energia de presiune a fluidului de lucru \u00een energie mecanic\u0103.<\/p>\n","protected":false},"featured_media":32748,"comment_status":"open","ping_status":"closed","template":"","meta":{"_acf_changed":false,"inline_featured_image":false},"product_brand":[],"product_cat":[416,383,454],"product_tag":[],"class_list":{"0":"post-33512","1":"product","2":"type-product","3":"status-publish","4":"has-post-thumbnail","6":"product_cat-actiune-bilaterala","7":"product_cat-cilindri-hidraulici","8":"product_cat-hidraulica","10":"first","11":"instock","12":"taxable","13":"shipping-taxable","14":"purchasable","15":"product-type-simple"},"acf":[],"yoast_head":"<!-- This site is optimized with the Yoast SEO plugin v27.3 - https:\/\/yoast.com\/product\/yoast-seo-wordpress\/ -->\n<title>Cilindru hidraulic cu dublu efect 63\/35\/400 FI30 - Exparto.pl<\/title>\n<meta name=\"robots\" content=\"index, follow, max-snippet:-1, max-image-preview:large, max-video-preview:-1\" \/>\n<link rel=\"canonical\" href=\"https:\/\/exparto.pl\/ro\/produkt\/cilindru-hidraulic-cu-dublu-efect-63-35-400-fi30\/\" \/>\n<meta property=\"og:locale\" content=\"ro_RO\" \/>\n<meta property=\"og:type\" content=\"article\" \/>\n<meta property=\"og:title\" content=\"Cilindru hidraulic cu dublu efect 63\/35\/400 FI30 - Exparto.pl\" \/>\n<meta property=\"og:description\" content=\"Cilindrii hidraulici sunt dispozitive care se comport\u0103 bine atunci c\u00e2nd este necesar\u0103 o \u00eempingere mare. Sarcina lor este de a transforma energia de presiune a fluidului de lucru \u00een energie mecanic\u0103.\" \/>\n<meta property=\"og:url\" content=\"https:\/\/exparto.pl\/ro\/produkt\/cilindru-hidraulic-cu-dublu-efect-63-35-400-fi30\/\" \/>\n<meta property=\"og:site_name\" content=\"Exparto.pl\" \/>\n<meta property=\"article:publisher\" content=\"https:\/\/www.facebook.com\/exparto.agro\/\" \/>\n<meta property=\"og:image\" content=\"https:\/\/exparto.pl\/wp-content\/uploads\/2024\/09\/270d9c4a4f81c99b198c40c2a02c5ad4.jpg\" \/>\n\t<meta property=\"og:image:width\" content=\"1200\" \/>\n\t<meta property=\"og:image:height\" content=\"1200\" \/>\n\t<meta property=\"og:image:type\" content=\"image\/jpeg\" \/>\n<meta name=\"twitter:card\" content=\"summary_large_image\" \/>\n<meta name=\"twitter:label1\" content=\"Timp estimat pentru citire\" \/>\n\t<meta name=\"twitter:data1\" content=\"1 minut\" \/>\n<script type=\"application\/ld+json\" class=\"yoast-schema-graph\">{\"@context\":\"https:\\\/\\\/schema.org\",\"@graph\":[{\"@type\":\"WebPage\",\"@id\":\"https:\\\/\\\/exparto.pl\\\/ro\\\/produkt\\\/cilindru-hidraulic-cu-dublu-efect-63-35-400-fi30\\\/\",\"url\":\"https:\\\/\\\/exparto.pl\\\/ro\\\/produkt\\\/cilindru-hidraulic-cu-dublu-efect-63-35-400-fi30\\\/\",\"name\":\"Cilindru hidraulic cu dublu efect 63\\\/35\\\/400 FI30 - Exparto.pl\",\"isPartOf\":{\"@id\":\"https:\\\/\\\/exparto.pl\\\/ro\\\/#website\"},\"primaryImageOfPage\":{\"@id\":\"https:\\\/\\\/exparto.pl\\\/ro\\\/produkt\\\/cilindru-hidraulic-cu-dublu-efect-63-35-400-fi30\\\/#primaryimage\"},\"image\":{\"@id\":\"https:\\\/\\\/exparto.pl\\\/ro\\\/produkt\\\/cilindru-hidraulic-cu-dublu-efect-63-35-400-fi30\\\/#primaryimage\"},\"thumbnailUrl\":\"https:\\\/\\\/exparto.pl\\\/wp-content\\\/uploads\\\/2024\\\/09\\\/270d9c4a4f81c99b198c40c2a02c5ad4.jpg\",\"datePublished\":\"2024-09-06T13:21:08+00:00\",\"breadcrumb\":{\"@id\":\"https:\\\/\\\/exparto.pl\\\/ro\\\/produkt\\\/cilindru-hidraulic-cu-dublu-efect-63-35-400-fi30\\\/#breadcrumb\"},\"inLanguage\":\"ro-RO\",\"potentialAction\":[{\"@type\":\"ReadAction\",\"target\":[\"https:\\\/\\\/exparto.pl\\\/ro\\\/produkt\\\/cilindru-hidraulic-cu-dublu-efect-63-35-400-fi30\\\/\"]}]},{\"@type\":\"ImageObject\",\"inLanguage\":\"ro-RO\",\"@id\":\"https:\\\/\\\/exparto.pl\\\/ro\\\/produkt\\\/cilindru-hidraulic-cu-dublu-efect-63-35-400-fi30\\\/#primaryimage\",\"url\":\"https:\\\/\\\/exparto.pl\\\/wp-content\\\/uploads\\\/2024\\\/09\\\/270d9c4a4f81c99b198c40c2a02c5ad4.jpg\",\"contentUrl\":\"https:\\\/\\\/exparto.pl\\\/wp-content\\\/uploads\\\/2024\\\/09\\\/270d9c4a4f81c99b198c40c2a02c5ad4.jpg\",\"width\":1200,\"height\":1200},{\"@type\":\"BreadcrumbList\",\"@id\":\"https:\\\/\\\/exparto.pl\\\/ro\\\/produkt\\\/cilindru-hidraulic-cu-dublu-efect-63-35-400-fi30\\\/#breadcrumb\",\"itemListElement\":[{\"@type\":\"ListItem\",\"position\":1,\"name\":\"Pagina de start\",\"item\":\"https:\\\/\\\/exparto.pl\\\/ro\\\/pagina-de-start\\\/\"},{\"@type\":\"ListItem\",\"position\":2,\"name\":\"Sklep\",\"item\":\"https:\\\/\\\/exparto.pl\\\/sklep\\\/\"},{\"@type\":\"ListItem\",\"position\":3,\"name\":\"Cilindru hidraulic cu dublu efect 63\\\/35\\\/400 FI30\"}]},{\"@type\":\"WebSite\",\"@id\":\"https:\\\/\\\/exparto.pl\\\/ro\\\/#website\",\"url\":\"https:\\\/\\\/exparto.pl\\\/ro\\\/\",\"name\":\"EXPARTO\",\"description\":\"More than agro parts\",\"publisher\":{\"@id\":\"https:\\\/\\\/exparto.pl\\\/ro\\\/#organization\"},\"potentialAction\":[{\"@type\":\"SearchAction\",\"target\":{\"@type\":\"EntryPoint\",\"urlTemplate\":\"https:\\\/\\\/exparto.pl\\\/ro\\\/?s={search_term_string}\"},\"query-input\":{\"@type\":\"PropertyValueSpecification\",\"valueRequired\":true,\"valueName\":\"search_term_string\"}}],\"inLanguage\":\"ro-RO\"},{\"@type\":\"Organization\",\"@id\":\"https:\\\/\\\/exparto.pl\\\/ro\\\/#organization\",\"name\":\"EXPARTO\",\"url\":\"https:\\\/\\\/exparto.pl\\\/ro\\\/\",\"logo\":{\"@type\":\"ImageObject\",\"inLanguage\":\"ro-RO\",\"@id\":\"https:\\\/\\\/exparto.pl\\\/ro\\\/#\\\/schema\\\/logo\\\/image\\\/\",\"url\":\"https:\\\/\\\/exparto.pl\\\/wp-content\\\/uploads\\\/2023\\\/02\\\/logo-wektor.png\",\"contentUrl\":\"https:\\\/\\\/exparto.pl\\\/wp-content\\\/uploads\\\/2023\\\/02\\\/logo-wektor.png\",\"width\":1338,\"height\":143,\"caption\":\"EXPARTO\"},\"image\":{\"@id\":\"https:\\\/\\\/exparto.pl\\\/ro\\\/#\\\/schema\\\/logo\\\/image\\\/\"},\"sameAs\":[\"https:\\\/\\\/www.facebook.com\\\/exparto.agro\\\/\"]}]}<\/script>\n<!-- \/ Yoast SEO plugin. -->","yoast_head_json":{"title":"Cilindru hidraulic cu dublu efect 63\/35\/400 FI30 - Exparto.pl","robots":{"index":"index","follow":"follow","max-snippet":"max-snippet:-1","max-image-preview":"max-image-preview:large","max-video-preview":"max-video-preview:-1"},"canonical":"https:\/\/exparto.pl\/ro\/produkt\/cilindru-hidraulic-cu-dublu-efect-63-35-400-fi30\/","og_locale":"ro_RO","og_type":"article","og_title":"Cilindru hidraulic cu dublu efect 63\/35\/400 FI30 - Exparto.pl","og_description":"Cilindrii hidraulici sunt dispozitive care se comport\u0103 bine atunci c\u00e2nd este necesar\u0103 o \u00eempingere mare. Sarcina lor este de a transforma energia de presiune a fluidului de lucru \u00een energie mecanic\u0103.","og_url":"https:\/\/exparto.pl\/ro\/produkt\/cilindru-hidraulic-cu-dublu-efect-63-35-400-fi30\/","og_site_name":"Exparto.pl","article_publisher":"https:\/\/www.facebook.com\/exparto.agro\/","og_image":[{"width":1200,"height":1200,"url":"https:\/\/exparto.pl\/wp-content\/uploads\/2024\/09\/270d9c4a4f81c99b198c40c2a02c5ad4.jpg","type":"image\/jpeg"}],"twitter_card":"summary_large_image","twitter_misc":{"Timp estimat pentru citire":"1 minut"},"schema":{"@context":"https:\/\/schema.org","@graph":[{"@type":"WebPage","@id":"https:\/\/exparto.pl\/ro\/produkt\/cilindru-hidraulic-cu-dublu-efect-63-35-400-fi30\/","url":"https:\/\/exparto.pl\/ro\/produkt\/cilindru-hidraulic-cu-dublu-efect-63-35-400-fi30\/","name":"Cilindru hidraulic cu dublu efect 63\/35\/400 FI30 - Exparto.pl","isPartOf":{"@id":"https:\/\/exparto.pl\/ro\/#website"},"primaryImageOfPage":{"@id":"https:\/\/exparto.pl\/ro\/produkt\/cilindru-hidraulic-cu-dublu-efect-63-35-400-fi30\/#primaryimage"},"image":{"@id":"https:\/\/exparto.pl\/ro\/produkt\/cilindru-hidraulic-cu-dublu-efect-63-35-400-fi30\/#primaryimage"},"thumbnailUrl":"https:\/\/exparto.pl\/wp-content\/uploads\/2024\/09\/270d9c4a4f81c99b198c40c2a02c5ad4.jpg","datePublished":"2024-09-06T13:21:08+00:00","breadcrumb":{"@id":"https:\/\/exparto.pl\/ro\/produkt\/cilindru-hidraulic-cu-dublu-efect-63-35-400-fi30\/#breadcrumb"},"inLanguage":"ro-RO","potentialAction":[{"@type":"ReadAction","target":["https:\/\/exparto.pl\/ro\/produkt\/cilindru-hidraulic-cu-dublu-efect-63-35-400-fi30\/"]}]},{"@type":"ImageObject","inLanguage":"ro-RO","@id":"https:\/\/exparto.pl\/ro\/produkt\/cilindru-hidraulic-cu-dublu-efect-63-35-400-fi30\/#primaryimage","url":"https:\/\/exparto.pl\/wp-content\/uploads\/2024\/09\/270d9c4a4f81c99b198c40c2a02c5ad4.jpg","contentUrl":"https:\/\/exparto.pl\/wp-content\/uploads\/2024\/09\/270d9c4a4f81c99b198c40c2a02c5ad4.jpg","width":1200,"height":1200},{"@type":"BreadcrumbList","@id":"https:\/\/exparto.pl\/ro\/produkt\/cilindru-hidraulic-cu-dublu-efect-63-35-400-fi30\/#breadcrumb","itemListElement":[{"@type":"ListItem","position":1,"name":"Pagina de start","item":"https:\/\/exparto.pl\/ro\/pagina-de-start\/"},{"@type":"ListItem","position":2,"name":"Sklep","item":"https:\/\/exparto.pl\/sklep\/"},{"@type":"ListItem","position":3,"name":"Cilindru hidraulic cu dublu efect 63\/35\/400 FI30"}]},{"@type":"WebSite","@id":"https:\/\/exparto.pl\/ro\/#website","url":"https:\/\/exparto.pl\/ro\/","name":"EXPARTO","description":"More than agro parts","publisher":{"@id":"https:\/\/exparto.pl\/ro\/#organization"},"potentialAction":[{"@type":"SearchAction","target":{"@type":"EntryPoint","urlTemplate":"https:\/\/exparto.pl\/ro\/?s={search_term_string}"},"query-input":{"@type":"PropertyValueSpecification","valueRequired":true,"valueName":"search_term_string"}}],"inLanguage":"ro-RO"},{"@type":"Organization","@id":"https:\/\/exparto.pl\/ro\/#organization","name":"EXPARTO","url":"https:\/\/exparto.pl\/ro\/","logo":{"@type":"ImageObject","inLanguage":"ro-RO","@id":"https:\/\/exparto.pl\/ro\/#\/schema\/logo\/image\/","url":"https:\/\/exparto.pl\/wp-content\/uploads\/2023\/02\/logo-wektor.png","contentUrl":"https:\/\/exparto.pl\/wp-content\/uploads\/2023\/02\/logo-wektor.png","width":1338,"height":143,"caption":"EXPARTO"},"image":{"@id":"https:\/\/exparto.pl\/ro\/#\/schema\/logo\/image\/"},"sameAs":["https:\/\/www.facebook.com\/exparto.agro\/"]}]}},"_links":{"self":[{"href":"https:\/\/exparto.pl\/ro\/wp-json\/wp\/v2\/product\/33512","targetHints":{"allow":["GET"]}}],"collection":[{"href":"https:\/\/exparto.pl\/ro\/wp-json\/wp\/v2\/product"}],"about":[{"href":"https:\/\/exparto.pl\/ro\/wp-json\/wp\/v2\/types\/product"}],"replies":[{"embeddable":true,"href":"https:\/\/exparto.pl\/ro\/wp-json\/wp\/v2\/comments?post=33512"}],"wp:featuredmedia":[{"embeddable":true,"href":"https:\/\/exparto.pl\/ro\/wp-json\/wp\/v2\/media\/32748"}],"wp:attachment":[{"href":"https:\/\/exparto.pl\/ro\/wp-json\/wp\/v2\/media?parent=33512"}],"wp:term":[{"taxonomy":"product_brand","embeddable":true,"href":"https:\/\/exparto.pl\/ro\/wp-json\/wp\/v2\/product_brand?post=33512"},{"taxonomy":"product_cat","embeddable":true,"href":"https:\/\/exparto.pl\/ro\/wp-json\/wp\/v2\/product_cat?post=33512"},{"taxonomy":"product_tag","embeddable":true,"href":"https:\/\/exparto.pl\/ro\/wp-json\/wp\/v2\/product_tag?post=33512"}],"curies":[{"name":"wp","href":"https:\/\/api.w.org\/{rel}","templated":true}]}}