{"id":33789,"date":"2024-10-25T14:32:09","date_gmt":"2024-10-25T12:32:09","guid":{"rendered":"https:\/\/exparto.pl\/produkt\/lemiesz-do-pluga-16-prawy-overum-sr\/"},"modified":"2026-04-24T13:54:43","modified_gmt":"2026-04-24T11:54:43","slug":"lemiesz-do-pluga-16-prawy-overum-sr","status":"publish","type":"product","link":"https:\/\/exparto.pl\/ro\/produkt\/lemiesz-do-pluga-16-prawy-overum-sr\/","title":{"rendered":"Lemiesz do p\u0142uga prawy 16&#8243; Overum SR 74607"},"content":{"rendered":"<p style=\"text-align: justify\"><strong>W naszym asortymencie znajdziesz prawy lemiesz do p\u0142uga w rozmiarze 16\u201d, kt\u00f3ry odpowiada za sprawne odcinanie skiby od dna bruzdy.<\/strong> Oferowany przez nas lemiesz do p\u0142uga pasuje do p\u0142ug\u00f3w typu Overum. Sprawd\u017a pe\u0142n\u0105 ofert\u0119 na cz\u0119\u015bci do p\u0142uga w sklepie EXPARTO.<\/p>\n<h2><span style=\"font-weight: 400\">Lemiesz do p\u0142uga \u2013 lemiesz prawy 16 cali, p\u0142ug Overum SR<\/span><\/h2>\n<p style=\"text-align: justify\">Dlaczego p\u0142ug nie chce trzyma\u0107 g\u0142\u0119boko\u015bci? Prawid\u0142owo przygotowany lemiesz do p\u0142uga dzia\u0142a jak n\u00f3\u017c prowadzony pod powierzchni\u0105 gleby, przecinaj\u0105c korzenie chwast\u00f3w i napowietrzaj\u0105c struktur\u0119 roli. <strong>Wysoka twardo\u015b\u0107 materia\u0142u naszego lemiesza Overum zapobiega szybkiemu wycieraniu si\u0119 czuba i ostrza.<\/strong> Nale\u017cy regularnie kontrolowa\u0107 stan techniczny kraw\u0119dzi tn\u0105cej, poniewa\u017c st\u0119piony element powoduje, \u017ce maszyna zaczyna samoczynnie wyskakiwa\u0107 z ziemi. Lemiesz 16 cali odpowiada za utrzymanie r\u00f3wnej g\u0142\u0119boko\u015bci orki na ca\u0142ej d\u0142ugo\u015bci pola.<\/p>\n<p style=\"text-align: justify\"><strong>Oferowany lemiesz do p\u0142uga zosta\u0142 wykonany z wysokiej jako\u015bci stali trudno\u015bcieralnej, co zapobiega szybkiemu t\u0119pieniu si\u0119 elementu.<\/strong> W naszym sklepie znajdziesz r\u00f3wnie\u017c inne lemiesze oraz podzespo\u0142y, kt\u00f3re pomog\u0105 Ci kompleksowo przygotowa\u0107 p\u0142ug do sezonu. Postaw na sprawdzone rozwi\u0105zania i zach\u0119camy do zapoznania si\u0119 z nasz\u0105 pe\u0142n\u0105 ofert\u0105 dost\u0119pn\u0105 na stronie.<\/p>\n<p style=\"text-align: justify\"><strong>Zastosowanie:<\/strong><\/p>\n<ul>\n<li style=\"text-align: justify\">p\u0142ugi typu Overum<\/li>\n<\/ul>\n<p style=\"text-align: justify\"><strong>Numer katalogowy:<\/strong><\/p>\n<ul>\n<li style=\"text-align: justify\">74607<\/li>\n<\/ul>\n","protected":false},"excerpt":{"rendered":"<p>Lemiesz do p\u0142uga prawy 16 cali zosta\u0142 wykonany z stali trudno\u015bcieralnej, co zapobiega szybkiemu t\u0119pieniu si\u0119 elementu.<\/p>\n","protected":false},"featured_media":64892,"comment_status":"open","ping_status":"closed","template":"","meta":{"_acf_changed":false,"inline_featured_image":false},"product_brand":[1053],"product_cat":[765,772,935],"product_tag":[],"class_list":{"0":"post-33789","1":"product","2":"type-product","3":"status-publish","4":"has-post-thumbnail","6":"product_brand-metallic-karolina-czapla-bubela","7":"product_cat-czesci-do-plugow","8":"product_cat-lemiesze-do-pluga","9":"product_cat-lemiesze-prawe","11":"first","12":"instock","13":"taxable","14":"shipping-taxable","15":"purchasable","16":"product-type-simple"},"acf":[],"yoast_head":"<!-- This site is optimized with the Yoast SEO plugin v27.4 - https:\/\/yoast.com\/product\/yoast-seo-wordpress\/ -->\n<title>Lemiesz do p\u0142uga prawy 16&quot; Overum SR 74607 - Exparto.pl<\/title>\n<meta name=\"robots\" content=\"index, follow, max-snippet:-1, max-image-preview:large, max-video-preview:-1\" \/>\n<link rel=\"canonical\" href=\"https:\/\/exparto.pl\/ro\/produkt\/lemiesz-do-pluga-16-prawy-overum-sr\/\" \/>\n<meta property=\"og:locale\" content=\"ro_RO\" \/>\n<meta property=\"og:type\" content=\"article\" \/>\n<meta property=\"og:title\" content=\"Lemiesz do p\u0142uga prawy 16&quot; Overum SR 74607 - Exparto.pl\" \/>\n<meta property=\"og:description\" content=\"Lemiesz do p\u0142uga prawy 16 cali zosta\u0142 wykonany z stali trudno\u015bcieralnej, co zapobiega szybkiemu t\u0119pieniu si\u0119 elementu.\" \/>\n<meta property=\"og:url\" content=\"https:\/\/exparto.pl\/ro\/produkt\/lemiesz-do-pluga-16-prawy-overum-sr\/\" \/>\n<meta property=\"og:site_name\" content=\"Exparto.pl\" \/>\n<meta property=\"article:publisher\" content=\"https:\/\/www.facebook.com\/exparto.agro\/\" \/>\n<meta property=\"article:modified_time\" content=\"2026-04-24T11:54:43+00:00\" \/>\n<meta property=\"og:image\" content=\"https:\/\/exparto.pl\/wp-content\/uploads\/2026\/04\/20ebe5e72a500104718e363e13664dd3.jpg\" \/>\n\t<meta property=\"og:image:width\" content=\"1200\" \/>\n\t<meta property=\"og:image:height\" content=\"1200\" \/>\n\t<meta property=\"og:image:type\" content=\"image\/jpeg\" \/>\n<meta name=\"twitter:card\" content=\"summary_large_image\" \/>\n<meta name=\"twitter:label1\" content=\"Timp estimat pentru citire\" \/>\n\t<meta name=\"twitter:data1\" content=\"1 minut\" \/>\n<script type=\"application\/ld+json\" class=\"yoast-schema-graph\">{\"@context\":\"https:\\\/\\\/schema.org\",\"@graph\":[{\"@type\":\"WebPage\",\"@id\":\"https:\\\/\\\/exparto.pl\\\/ro\\\/produkt\\\/lemiesz-do-pluga-16-prawy-overum-sr\\\/\",\"url\":\"https:\\\/\\\/exparto.pl\\\/ro\\\/produkt\\\/lemiesz-do-pluga-16-prawy-overum-sr\\\/\",\"name\":\"Lemiesz do p\u0142uga prawy 16\\\" Overum SR 74607 - Exparto.pl\",\"isPartOf\":{\"@id\":\"https:\\\/\\\/exparto.pl\\\/ro\\\/#website\"},\"primaryImageOfPage\":{\"@id\":\"https:\\\/\\\/exparto.pl\\\/ro\\\/produkt\\\/lemiesz-do-pluga-16-prawy-overum-sr\\\/#primaryimage\"},\"image\":{\"@id\":\"https:\\\/\\\/exparto.pl\\\/ro\\\/produkt\\\/lemiesz-do-pluga-16-prawy-overum-sr\\\/#primaryimage\"},\"thumbnailUrl\":\"https:\\\/\\\/exparto.pl\\\/wp-content\\\/uploads\\\/2026\\\/04\\\/20ebe5e72a500104718e363e13664dd3.jpg\",\"datePublished\":\"2024-10-25T12:32:09+00:00\",\"dateModified\":\"2026-04-24T11:54:43+00:00\",\"breadcrumb\":{\"@id\":\"https:\\\/\\\/exparto.pl\\\/ro\\\/produkt\\\/lemiesz-do-pluga-16-prawy-overum-sr\\\/#breadcrumb\"},\"inLanguage\":\"ro-RO\",\"potentialAction\":[{\"@type\":\"ReadAction\",\"target\":[\"https:\\\/\\\/exparto.pl\\\/ro\\\/produkt\\\/lemiesz-do-pluga-16-prawy-overum-sr\\\/\"]}]},{\"@type\":\"ImageObject\",\"inLanguage\":\"ro-RO\",\"@id\":\"https:\\\/\\\/exparto.pl\\\/ro\\\/produkt\\\/lemiesz-do-pluga-16-prawy-overum-sr\\\/#primaryimage\",\"url\":\"https:\\\/\\\/exparto.pl\\\/wp-content\\\/uploads\\\/2026\\\/04\\\/20ebe5e72a500104718e363e13664dd3.jpg\",\"contentUrl\":\"https:\\\/\\\/exparto.pl\\\/wp-content\\\/uploads\\\/2026\\\/04\\\/20ebe5e72a500104718e363e13664dd3.jpg\",\"width\":1200,\"height\":1200,\"caption\":\"65867fb7997ce6ee19c390840eb59aaa\"},{\"@type\":\"BreadcrumbList\",\"@id\":\"https:\\\/\\\/exparto.pl\\\/ro\\\/produkt\\\/lemiesz-do-pluga-16-prawy-overum-sr\\\/#breadcrumb\",\"itemListElement\":[{\"@type\":\"ListItem\",\"position\":1,\"name\":\"Pagina de start\",\"item\":\"https:\\\/\\\/exparto.pl\\\/ro\\\/pagina-de-start\\\/\"},{\"@type\":\"ListItem\",\"position\":2,\"name\":\"Sklep\",\"item\":\"https:\\\/\\\/exparto.pl\\\/sklep\\\/\"},{\"@type\":\"ListItem\",\"position\":3,\"name\":\"Piese pentru plug\",\"item\":\"https:\\\/\\\/exparto.pl\\\/ro\\\/categoria-de-produse\\\/piese-pentru-plug\\\/\"},{\"@type\":\"ListItem\",\"position\":4,\"name\":\"Lame de plug\",\"item\":\"https:\\\/\\\/exparto.pl\\\/ro\\\/categoria-de-produse\\\/piese-pentru-plug\\\/lame-de-plug\\\/\"},{\"@type\":\"ListItem\",\"position\":5,\"name\":\"Lemiesz do p\u0142uga prawy 16&#8243; Overum SR 74607\"}]},{\"@type\":\"WebSite\",\"@id\":\"https:\\\/\\\/exparto.pl\\\/ro\\\/#website\",\"url\":\"https:\\\/\\\/exparto.pl\\\/ro\\\/\",\"name\":\"EXPARTO\",\"description\":\"More than agro parts\",\"publisher\":{\"@id\":\"https:\\\/\\\/exparto.pl\\\/ro\\\/#organization\"},\"potentialAction\":[{\"@type\":\"SearchAction\",\"target\":{\"@type\":\"EntryPoint\",\"urlTemplate\":\"https:\\\/\\\/exparto.pl\\\/ro\\\/?s={search_term_string}\"},\"query-input\":{\"@type\":\"PropertyValueSpecification\",\"valueRequired\":true,\"valueName\":\"search_term_string\"}}],\"inLanguage\":\"ro-RO\"},{\"@type\":\"Organization\",\"@id\":\"https:\\\/\\\/exparto.pl\\\/ro\\\/#organization\",\"name\":\"EXPARTO\",\"url\":\"https:\\\/\\\/exparto.pl\\\/ro\\\/\",\"logo\":{\"@type\":\"ImageObject\",\"inLanguage\":\"ro-RO\",\"@id\":\"https:\\\/\\\/exparto.pl\\\/ro\\\/#\\\/schema\\\/logo\\\/image\\\/\",\"url\":\"https:\\\/\\\/exparto.pl\\\/wp-content\\\/uploads\\\/2023\\\/02\\\/logo-wektor.png\",\"contentUrl\":\"https:\\\/\\\/exparto.pl\\\/wp-content\\\/uploads\\\/2023\\\/02\\\/logo-wektor.png\",\"width\":1338,\"height\":143,\"caption\":\"EXPARTO\"},\"image\":{\"@id\":\"https:\\\/\\\/exparto.pl\\\/ro\\\/#\\\/schema\\\/logo\\\/image\\\/\"},\"sameAs\":[\"https:\\\/\\\/www.facebook.com\\\/exparto.agro\\\/\"]}]}<\/script>\n<!-- \/ Yoast SEO plugin. -->","yoast_head_json":{"title":"Lemiesz do p\u0142uga prawy 16\" Overum SR 74607 - Exparto.pl","robots":{"index":"index","follow":"follow","max-snippet":"max-snippet:-1","max-image-preview":"max-image-preview:large","max-video-preview":"max-video-preview:-1"},"canonical":"https:\/\/exparto.pl\/ro\/produkt\/lemiesz-do-pluga-16-prawy-overum-sr\/","og_locale":"ro_RO","og_type":"article","og_title":"Lemiesz do p\u0142uga prawy 16\" Overum SR 74607 - Exparto.pl","og_description":"Lemiesz do p\u0142uga prawy 16 cali zosta\u0142 wykonany z stali trudno\u015bcieralnej, co zapobiega szybkiemu t\u0119pieniu si\u0119 elementu.","og_url":"https:\/\/exparto.pl\/ro\/produkt\/lemiesz-do-pluga-16-prawy-overum-sr\/","og_site_name":"Exparto.pl","article_publisher":"https:\/\/www.facebook.com\/exparto.agro\/","article_modified_time":"2026-04-24T11:54:43+00:00","og_image":[{"width":1200,"height":1200,"url":"https:\/\/exparto.pl\/wp-content\/uploads\/2026\/04\/20ebe5e72a500104718e363e13664dd3.jpg","type":"image\/jpeg"}],"twitter_card":"summary_large_image","twitter_misc":{"Timp estimat pentru citire":"1 minut"},"schema":{"@context":"https:\/\/schema.org","@graph":[{"@type":"WebPage","@id":"https:\/\/exparto.pl\/ro\/produkt\/lemiesz-do-pluga-16-prawy-overum-sr\/","url":"https:\/\/exparto.pl\/ro\/produkt\/lemiesz-do-pluga-16-prawy-overum-sr\/","name":"Lemiesz do p\u0142uga prawy 16\" Overum SR 74607 - Exparto.pl","isPartOf":{"@id":"https:\/\/exparto.pl\/ro\/#website"},"primaryImageOfPage":{"@id":"https:\/\/exparto.pl\/ro\/produkt\/lemiesz-do-pluga-16-prawy-overum-sr\/#primaryimage"},"image":{"@id":"https:\/\/exparto.pl\/ro\/produkt\/lemiesz-do-pluga-16-prawy-overum-sr\/#primaryimage"},"thumbnailUrl":"https:\/\/exparto.pl\/wp-content\/uploads\/2026\/04\/20ebe5e72a500104718e363e13664dd3.jpg","datePublished":"2024-10-25T12:32:09+00:00","dateModified":"2026-04-24T11:54:43+00:00","breadcrumb":{"@id":"https:\/\/exparto.pl\/ro\/produkt\/lemiesz-do-pluga-16-prawy-overum-sr\/#breadcrumb"},"inLanguage":"ro-RO","potentialAction":[{"@type":"ReadAction","target":["https:\/\/exparto.pl\/ro\/produkt\/lemiesz-do-pluga-16-prawy-overum-sr\/"]}]},{"@type":"ImageObject","inLanguage":"ro-RO","@id":"https:\/\/exparto.pl\/ro\/produkt\/lemiesz-do-pluga-16-prawy-overum-sr\/#primaryimage","url":"https:\/\/exparto.pl\/wp-content\/uploads\/2026\/04\/20ebe5e72a500104718e363e13664dd3.jpg","contentUrl":"https:\/\/exparto.pl\/wp-content\/uploads\/2026\/04\/20ebe5e72a500104718e363e13664dd3.jpg","width":1200,"height":1200,"caption":"65867fb7997ce6ee19c390840eb59aaa"},{"@type":"BreadcrumbList","@id":"https:\/\/exparto.pl\/ro\/produkt\/lemiesz-do-pluga-16-prawy-overum-sr\/#breadcrumb","itemListElement":[{"@type":"ListItem","position":1,"name":"Pagina de start","item":"https:\/\/exparto.pl\/ro\/pagina-de-start\/"},{"@type":"ListItem","position":2,"name":"Sklep","item":"https:\/\/exparto.pl\/sklep\/"},{"@type":"ListItem","position":3,"name":"Piese pentru plug","item":"https:\/\/exparto.pl\/ro\/categoria-de-produse\/piese-pentru-plug\/"},{"@type":"ListItem","position":4,"name":"Lame de plug","item":"https:\/\/exparto.pl\/ro\/categoria-de-produse\/piese-pentru-plug\/lame-de-plug\/"},{"@type":"ListItem","position":5,"name":"Lemiesz do p\u0142uga prawy 16&#8243; Overum SR 74607"}]},{"@type":"WebSite","@id":"https:\/\/exparto.pl\/ro\/#website","url":"https:\/\/exparto.pl\/ro\/","name":"EXPARTO","description":"More than agro parts","publisher":{"@id":"https:\/\/exparto.pl\/ro\/#organization"},"potentialAction":[{"@type":"SearchAction","target":{"@type":"EntryPoint","urlTemplate":"https:\/\/exparto.pl\/ro\/?s={search_term_string}"},"query-input":{"@type":"PropertyValueSpecification","valueRequired":true,"valueName":"search_term_string"}}],"inLanguage":"ro-RO"},{"@type":"Organization","@id":"https:\/\/exparto.pl\/ro\/#organization","name":"EXPARTO","url":"https:\/\/exparto.pl\/ro\/","logo":{"@type":"ImageObject","inLanguage":"ro-RO","@id":"https:\/\/exparto.pl\/ro\/#\/schema\/logo\/image\/","url":"https:\/\/exparto.pl\/wp-content\/uploads\/2023\/02\/logo-wektor.png","contentUrl":"https:\/\/exparto.pl\/wp-content\/uploads\/2023\/02\/logo-wektor.png","width":1338,"height":143,"caption":"EXPARTO"},"image":{"@id":"https:\/\/exparto.pl\/ro\/#\/schema\/logo\/image\/"},"sameAs":["https:\/\/www.facebook.com\/exparto.agro\/"]}]}},"_links":{"self":[{"href":"https:\/\/exparto.pl\/ro\/wp-json\/wp\/v2\/product\/33789","targetHints":{"allow":["GET"]}}],"collection":[{"href":"https:\/\/exparto.pl\/ro\/wp-json\/wp\/v2\/product"}],"about":[{"href":"https:\/\/exparto.pl\/ro\/wp-json\/wp\/v2\/types\/product"}],"replies":[{"embeddable":true,"href":"https:\/\/exparto.pl\/ro\/wp-json\/wp\/v2\/comments?post=33789"}],"wp:featuredmedia":[{"embeddable":true,"href":"https:\/\/exparto.pl\/ro\/wp-json\/wp\/v2\/media\/64892"}],"wp:attachment":[{"href":"https:\/\/exparto.pl\/ro\/wp-json\/wp\/v2\/media?parent=33789"}],"wp:term":[{"taxonomy":"product_brand","embeddable":true,"href":"https:\/\/exparto.pl\/ro\/wp-json\/wp\/v2\/product_brand?post=33789"},{"taxonomy":"product_cat","embeddable":true,"href":"https:\/\/exparto.pl\/ro\/wp-json\/wp\/v2\/product_cat?post=33789"},{"taxonomy":"product_tag","embeddable":true,"href":"https:\/\/exparto.pl\/ro\/wp-json\/wp\/v2\/product_tag?post=33789"}],"curies":[{"name":"wp","href":"https:\/\/api.w.org\/{rel}","templated":true}]}}