{"id":34441,"date":"2024-11-15T12:50:52","date_gmt":"2024-11-15T11:50:52","guid":{"rendered":"https:\/\/exparto.pl\/produkt\/silownik-hydrauliczny-dwustronnego-dzialania-50-28-300-fi25\/"},"modified":"2026-01-21T12:38:54","modified_gmt":"2026-01-21T11:38:54","slug":"silownik-hydrauliczny-dwustronnego-dzialania-50-28-300-fi25","status":"publish","type":"product","link":"https:\/\/exparto.pl\/ro\/produkt\/silownik-hydrauliczny-dwustronnego-dzialania-50-28-300-fi25\/","title":{"rendered":"Si\u0142ownik hydrauliczny dwustronnego dzia\u0142ania 50\/28\/300 FI25"},"content":{"rendered":"<section class=\"section\">\n<div class=\"item item-12\">\n<section class=\"text-item\">\n<p style=\"text-align: justify\"><b>Si\u0142owniki hydrauliczne<\/b> to urz\u0105dzenia, kt\u00f3re sprawdzaj\u0105 si\u0119 tam, gdzie wymagana jest du\u017ca si\u0142a nacisku. Ich zadaniem jest <b>zamiana energii ci\u015bnienia cieczy roboczej<\/b> na <b>energi\u0119 mechaniczn\u0105. <\/b>Dzi\u0119ki temu mo\u017cliwy jest posuwisty ruch zespo\u0142u t\u0142ok-t\u0142oczysko. Dodajmy, \u017ce si\u0142owniki tego typu s\u0105 idealnie dopasowane do potrzeb uk\u0142ad\u00f3w zastosowanych m.in. w maszynach rolniczych.<\/p>\n<p style=\"text-align: justify\">Si\u0142owniki hydrauliczne, okre\u015blane te\u017c mianem cylindr\u00f3w hydraulicznych, mo\u017cemy podzieli\u0107 na: <b>jednostronne <\/b>lub <b>dwustronne<\/b>. W przypadku tych pierwszych wyst\u0119puje <b>jedno przy\u0142\u0105cze<\/b> na ciecz robocz\u0105 (i suw roboczy odbywa si\u0119 w jednym kierunku), a w przypadku drugich \u2013<b> dwa przy\u0142\u0105cza <\/b>(i suw roboczy odbywa si\u0119 w dw\u00f3ch kierunkach). Ponadto te drugie dzia\u0142aj\u0105 szybciej, <b>wyr\u00f3\u017cniaj\u0105 dowoln\u0105 d\u0142ugo\u015bci\u0105 skoku<\/b>, a tak\u017ce <b>wi\u0119ksz\u0105 efektywno\u015bci\u0105<\/b>. Poszczeg\u00f3lne cylindry hydrauliczne mog\u0105 r\u00f3\u017cni\u0107 si\u0119 mi\u0119dzy sob\u0105 si\u0142\u0105, zakresem \u015brednic, jak r\u00f3wnie\u017c <b>mocowaniem<\/b>.<\/p>\n<p style=\"text-align: justify\"><b>Dostosowany jest do pracy w :\u00a0<\/b><\/p>\n<ul>\n<li style=\"text-align: justify\">ci\u0105gnik Ursus: si\u0142ownik uk\u0142adu wspomagania C-385 i pochodne (bez przedniego nap\u0119du)<\/li>\n<li style=\"text-align: justify\">p\u0142ugi, agregaty, brony talerzowe, opryskiwacze, rozsiewacze, maszyny rolnicze i przemys\u0142owe.<\/li>\n<\/ul>\n<\/section><\/div>\n<\/section>\n","protected":false},"excerpt":{"rendered":"<p style=\"text-align: justify\">Si\u0142owniki hydrauliczne to urz\u0105dzenia, kt\u00f3re sprawdzaj\u0105 si\u0119 tam, gdzie wymagana jest du\u017ca si\u0142a nacisku. Ich zadaniem jest zamiana energii ci\u015bnienia cieczy roboczej na energi\u0119 mechaniczn\u0105.<\/p>\n","protected":false},"featured_media":34426,"comment_status":"open","ping_status":"closed","template":"","meta":{"_acf_changed":false,"inline_featured_image":false},"product_brand":[],"product_cat":[42,88,106],"product_tag":[],"class_list":{"0":"post-34441","1":"product","2":"type-product","3":"status-publish","4":"has-post-thumbnail","6":"product_cat-hydraulika-silowa","7":"product_cat-silowniki-hydrauliczne","8":"product_cat-dwustronneg-dzialania","10":"first","11":"outofstock","12":"taxable","13":"shipping-taxable","14":"purchasable","15":"product-type-simple"},"acf":[],"yoast_head":"<!-- This site is optimized with the Yoast SEO plugin v27.3 - https:\/\/yoast.com\/product\/yoast-seo-wordpress\/ -->\n<title>Si\u0142ownik hydrauliczny dwustronnego dzia\u0142ania 50\/28\/300 FI25 - Exparto.pl<\/title>\n<meta name=\"robots\" content=\"index, follow, max-snippet:-1, max-image-preview:large, max-video-preview:-1\" \/>\n<link rel=\"canonical\" href=\"https:\/\/exparto.pl\/ro\/produkt\/silownik-hydrauliczny-dwustronnego-dzialania-50-28-300-fi25\/\" \/>\n<meta property=\"og:locale\" content=\"ro_RO\" \/>\n<meta property=\"og:type\" content=\"article\" \/>\n<meta property=\"og:title\" content=\"Si\u0142ownik hydrauliczny dwustronnego dzia\u0142ania 50\/28\/300 FI25 - Exparto.pl\" \/>\n<meta property=\"og:description\" content=\"Si\u0142owniki hydrauliczne to urz\u0105dzenia, kt\u00f3re sprawdzaj\u0105 si\u0119 tam, gdzie wymagana jest du\u017ca si\u0142a nacisku. Ich zadaniem jest zamiana energii ci\u015bnienia cieczy roboczej na energi\u0119 mechaniczn\u0105.\" \/>\n<meta property=\"og:url\" content=\"https:\/\/exparto.pl\/ro\/produkt\/silownik-hydrauliczny-dwustronnego-dzialania-50-28-300-fi25\/\" \/>\n<meta property=\"og:site_name\" content=\"Exparto.pl\" \/>\n<meta property=\"article:publisher\" content=\"https:\/\/www.facebook.com\/exparto.agro\/\" \/>\n<meta property=\"article:modified_time\" content=\"2026-01-21T11:38:54+00:00\" \/>\n<meta property=\"og:image\" content=\"https:\/\/exparto.pl\/wp-content\/uploads\/2024\/11\/dde79f326a0d6256954d85266ca267cd.jpg\" \/>\n\t<meta property=\"og:image:width\" content=\"1200\" \/>\n\t<meta property=\"og:image:height\" content=\"1200\" \/>\n\t<meta property=\"og:image:type\" content=\"image\/jpeg\" \/>\n<meta name=\"twitter:card\" content=\"summary_large_image\" \/>\n<meta name=\"twitter:label1\" content=\"Timp estimat pentru citire\" \/>\n\t<meta name=\"twitter:data1\" content=\"2 minute\" \/>\n<script type=\"application\/ld+json\" class=\"yoast-schema-graph\">{\"@context\":\"https:\\\/\\\/schema.org\",\"@graph\":[{\"@type\":\"WebPage\",\"@id\":\"https:\\\/\\\/exparto.pl\\\/ro\\\/produkt\\\/silownik-hydrauliczny-dwustronnego-dzialania-50-28-300-fi25\\\/\",\"url\":\"https:\\\/\\\/exparto.pl\\\/ro\\\/produkt\\\/silownik-hydrauliczny-dwustronnego-dzialania-50-28-300-fi25\\\/\",\"name\":\"Si\u0142ownik hydrauliczny dwustronnego dzia\u0142ania 50\\\/28\\\/300 FI25 - Exparto.pl\",\"isPartOf\":{\"@id\":\"https:\\\/\\\/exparto.pl\\\/ro\\\/#website\"},\"primaryImageOfPage\":{\"@id\":\"https:\\\/\\\/exparto.pl\\\/ro\\\/produkt\\\/silownik-hydrauliczny-dwustronnego-dzialania-50-28-300-fi25\\\/#primaryimage\"},\"image\":{\"@id\":\"https:\\\/\\\/exparto.pl\\\/ro\\\/produkt\\\/silownik-hydrauliczny-dwustronnego-dzialania-50-28-300-fi25\\\/#primaryimage\"},\"thumbnailUrl\":\"https:\\\/\\\/exparto.pl\\\/wp-content\\\/uploads\\\/2024\\\/11\\\/dde79f326a0d6256954d85266ca267cd.jpg\",\"datePublished\":\"2024-11-15T11:50:52+00:00\",\"dateModified\":\"2026-01-21T11:38:54+00:00\",\"breadcrumb\":{\"@id\":\"https:\\\/\\\/exparto.pl\\\/ro\\\/produkt\\\/silownik-hydrauliczny-dwustronnego-dzialania-50-28-300-fi25\\\/#breadcrumb\"},\"inLanguage\":\"ro-RO\",\"potentialAction\":[{\"@type\":\"ReadAction\",\"target\":[\"https:\\\/\\\/exparto.pl\\\/ro\\\/produkt\\\/silownik-hydrauliczny-dwustronnego-dzialania-50-28-300-fi25\\\/\"]}]},{\"@type\":\"ImageObject\",\"inLanguage\":\"ro-RO\",\"@id\":\"https:\\\/\\\/exparto.pl\\\/ro\\\/produkt\\\/silownik-hydrauliczny-dwustronnego-dzialania-50-28-300-fi25\\\/#primaryimage\",\"url\":\"https:\\\/\\\/exparto.pl\\\/wp-content\\\/uploads\\\/2024\\\/11\\\/dde79f326a0d6256954d85266ca267cd.jpg\",\"contentUrl\":\"https:\\\/\\\/exparto.pl\\\/wp-content\\\/uploads\\\/2024\\\/11\\\/dde79f326a0d6256954d85266ca267cd.jpg\",\"width\":1200,\"height\":1200},{\"@type\":\"BreadcrumbList\",\"@id\":\"https:\\\/\\\/exparto.pl\\\/ro\\\/produkt\\\/silownik-hydrauliczny-dwustronnego-dzialania-50-28-300-fi25\\\/#breadcrumb\",\"itemListElement\":[{\"@type\":\"ListItem\",\"position\":1,\"name\":\"Pagina de start\",\"item\":\"https:\\\/\\\/exparto.pl\\\/ro\\\/pagina-de-start\\\/\"},{\"@type\":\"ListItem\",\"position\":2,\"name\":\"Sklep\",\"item\":\"https:\\\/\\\/exparto.pl\\\/sklep\\\/\"},{\"@type\":\"ListItem\",\"position\":3,\"name\":\"Hidraulic\u0103\",\"item\":\"https:\\\/\\\/exparto.pl\\\/ro\\\/categoria-de-produse\\\/hidraulica\\\/\"},{\"@type\":\"ListItem\",\"position\":4,\"name\":\"Cilindri hidraulici\",\"item\":\"https:\\\/\\\/exparto.pl\\\/ro\\\/categoria-de-produse\\\/hidraulica\\\/cilindri-hidraulici\\\/\"},{\"@type\":\"ListItem\",\"position\":5,\"name\":\"Ac\u021biune bilateral\u0103\",\"item\":\"https:\\\/\\\/exparto.pl\\\/ro\\\/categoria-de-produse\\\/hidraulica\\\/cilindri-hidraulici\\\/actiune-bilaterala\\\/\"},{\"@type\":\"ListItem\",\"position\":6,\"name\":\"Si\u0142ownik hydrauliczny dwustronnego dzia\u0142ania 50\\\/28\\\/300 FI25\"}]},{\"@type\":\"WebSite\",\"@id\":\"https:\\\/\\\/exparto.pl\\\/ro\\\/#website\",\"url\":\"https:\\\/\\\/exparto.pl\\\/ro\\\/\",\"name\":\"EXPARTO\",\"description\":\"More than agro parts\",\"publisher\":{\"@id\":\"https:\\\/\\\/exparto.pl\\\/ro\\\/#organization\"},\"potentialAction\":[{\"@type\":\"SearchAction\",\"target\":{\"@type\":\"EntryPoint\",\"urlTemplate\":\"https:\\\/\\\/exparto.pl\\\/ro\\\/?s={search_term_string}\"},\"query-input\":{\"@type\":\"PropertyValueSpecification\",\"valueRequired\":true,\"valueName\":\"search_term_string\"}}],\"inLanguage\":\"ro-RO\"},{\"@type\":\"Organization\",\"@id\":\"https:\\\/\\\/exparto.pl\\\/ro\\\/#organization\",\"name\":\"EXPARTO\",\"url\":\"https:\\\/\\\/exparto.pl\\\/ro\\\/\",\"logo\":{\"@type\":\"ImageObject\",\"inLanguage\":\"ro-RO\",\"@id\":\"https:\\\/\\\/exparto.pl\\\/ro\\\/#\\\/schema\\\/logo\\\/image\\\/\",\"url\":\"https:\\\/\\\/exparto.pl\\\/wp-content\\\/uploads\\\/2023\\\/02\\\/logo-wektor.png\",\"contentUrl\":\"https:\\\/\\\/exparto.pl\\\/wp-content\\\/uploads\\\/2023\\\/02\\\/logo-wektor.png\",\"width\":1338,\"height\":143,\"caption\":\"EXPARTO\"},\"image\":{\"@id\":\"https:\\\/\\\/exparto.pl\\\/ro\\\/#\\\/schema\\\/logo\\\/image\\\/\"},\"sameAs\":[\"https:\\\/\\\/www.facebook.com\\\/exparto.agro\\\/\"]}]}<\/script>\n<!-- \/ Yoast SEO plugin. -->","yoast_head_json":{"title":"Si\u0142ownik hydrauliczny dwustronnego dzia\u0142ania 50\/28\/300 FI25 - Exparto.pl","robots":{"index":"index","follow":"follow","max-snippet":"max-snippet:-1","max-image-preview":"max-image-preview:large","max-video-preview":"max-video-preview:-1"},"canonical":"https:\/\/exparto.pl\/ro\/produkt\/silownik-hydrauliczny-dwustronnego-dzialania-50-28-300-fi25\/","og_locale":"ro_RO","og_type":"article","og_title":"Si\u0142ownik hydrauliczny dwustronnego dzia\u0142ania 50\/28\/300 FI25 - Exparto.pl","og_description":"Si\u0142owniki hydrauliczne to urz\u0105dzenia, kt\u00f3re sprawdzaj\u0105 si\u0119 tam, gdzie wymagana jest du\u017ca si\u0142a nacisku. Ich zadaniem jest zamiana energii ci\u015bnienia cieczy roboczej na energi\u0119 mechaniczn\u0105.","og_url":"https:\/\/exparto.pl\/ro\/produkt\/silownik-hydrauliczny-dwustronnego-dzialania-50-28-300-fi25\/","og_site_name":"Exparto.pl","article_publisher":"https:\/\/www.facebook.com\/exparto.agro\/","article_modified_time":"2026-01-21T11:38:54+00:00","og_image":[{"width":1200,"height":1200,"url":"https:\/\/exparto.pl\/wp-content\/uploads\/2024\/11\/dde79f326a0d6256954d85266ca267cd.jpg","type":"image\/jpeg"}],"twitter_card":"summary_large_image","twitter_misc":{"Timp estimat pentru citire":"2 minute"},"schema":{"@context":"https:\/\/schema.org","@graph":[{"@type":"WebPage","@id":"https:\/\/exparto.pl\/ro\/produkt\/silownik-hydrauliczny-dwustronnego-dzialania-50-28-300-fi25\/","url":"https:\/\/exparto.pl\/ro\/produkt\/silownik-hydrauliczny-dwustronnego-dzialania-50-28-300-fi25\/","name":"Si\u0142ownik hydrauliczny dwustronnego dzia\u0142ania 50\/28\/300 FI25 - Exparto.pl","isPartOf":{"@id":"https:\/\/exparto.pl\/ro\/#website"},"primaryImageOfPage":{"@id":"https:\/\/exparto.pl\/ro\/produkt\/silownik-hydrauliczny-dwustronnego-dzialania-50-28-300-fi25\/#primaryimage"},"image":{"@id":"https:\/\/exparto.pl\/ro\/produkt\/silownik-hydrauliczny-dwustronnego-dzialania-50-28-300-fi25\/#primaryimage"},"thumbnailUrl":"https:\/\/exparto.pl\/wp-content\/uploads\/2024\/11\/dde79f326a0d6256954d85266ca267cd.jpg","datePublished":"2024-11-15T11:50:52+00:00","dateModified":"2026-01-21T11:38:54+00:00","breadcrumb":{"@id":"https:\/\/exparto.pl\/ro\/produkt\/silownik-hydrauliczny-dwustronnego-dzialania-50-28-300-fi25\/#breadcrumb"},"inLanguage":"ro-RO","potentialAction":[{"@type":"ReadAction","target":["https:\/\/exparto.pl\/ro\/produkt\/silownik-hydrauliczny-dwustronnego-dzialania-50-28-300-fi25\/"]}]},{"@type":"ImageObject","inLanguage":"ro-RO","@id":"https:\/\/exparto.pl\/ro\/produkt\/silownik-hydrauliczny-dwustronnego-dzialania-50-28-300-fi25\/#primaryimage","url":"https:\/\/exparto.pl\/wp-content\/uploads\/2024\/11\/dde79f326a0d6256954d85266ca267cd.jpg","contentUrl":"https:\/\/exparto.pl\/wp-content\/uploads\/2024\/11\/dde79f326a0d6256954d85266ca267cd.jpg","width":1200,"height":1200},{"@type":"BreadcrumbList","@id":"https:\/\/exparto.pl\/ro\/produkt\/silownik-hydrauliczny-dwustronnego-dzialania-50-28-300-fi25\/#breadcrumb","itemListElement":[{"@type":"ListItem","position":1,"name":"Pagina de start","item":"https:\/\/exparto.pl\/ro\/pagina-de-start\/"},{"@type":"ListItem","position":2,"name":"Sklep","item":"https:\/\/exparto.pl\/sklep\/"},{"@type":"ListItem","position":3,"name":"Hidraulic\u0103","item":"https:\/\/exparto.pl\/ro\/categoria-de-produse\/hidraulica\/"},{"@type":"ListItem","position":4,"name":"Cilindri hidraulici","item":"https:\/\/exparto.pl\/ro\/categoria-de-produse\/hidraulica\/cilindri-hidraulici\/"},{"@type":"ListItem","position":5,"name":"Ac\u021biune bilateral\u0103","item":"https:\/\/exparto.pl\/ro\/categoria-de-produse\/hidraulica\/cilindri-hidraulici\/actiune-bilaterala\/"},{"@type":"ListItem","position":6,"name":"Si\u0142ownik hydrauliczny dwustronnego dzia\u0142ania 50\/28\/300 FI25"}]},{"@type":"WebSite","@id":"https:\/\/exparto.pl\/ro\/#website","url":"https:\/\/exparto.pl\/ro\/","name":"EXPARTO","description":"More than agro parts","publisher":{"@id":"https:\/\/exparto.pl\/ro\/#organization"},"potentialAction":[{"@type":"SearchAction","target":{"@type":"EntryPoint","urlTemplate":"https:\/\/exparto.pl\/ro\/?s={search_term_string}"},"query-input":{"@type":"PropertyValueSpecification","valueRequired":true,"valueName":"search_term_string"}}],"inLanguage":"ro-RO"},{"@type":"Organization","@id":"https:\/\/exparto.pl\/ro\/#organization","name":"EXPARTO","url":"https:\/\/exparto.pl\/ro\/","logo":{"@type":"ImageObject","inLanguage":"ro-RO","@id":"https:\/\/exparto.pl\/ro\/#\/schema\/logo\/image\/","url":"https:\/\/exparto.pl\/wp-content\/uploads\/2023\/02\/logo-wektor.png","contentUrl":"https:\/\/exparto.pl\/wp-content\/uploads\/2023\/02\/logo-wektor.png","width":1338,"height":143,"caption":"EXPARTO"},"image":{"@id":"https:\/\/exparto.pl\/ro\/#\/schema\/logo\/image\/"},"sameAs":["https:\/\/www.facebook.com\/exparto.agro\/"]}]}},"_links":{"self":[{"href":"https:\/\/exparto.pl\/ro\/wp-json\/wp\/v2\/product\/34441","targetHints":{"allow":["GET"]}}],"collection":[{"href":"https:\/\/exparto.pl\/ro\/wp-json\/wp\/v2\/product"}],"about":[{"href":"https:\/\/exparto.pl\/ro\/wp-json\/wp\/v2\/types\/product"}],"replies":[{"embeddable":true,"href":"https:\/\/exparto.pl\/ro\/wp-json\/wp\/v2\/comments?post=34441"}],"wp:featuredmedia":[{"embeddable":true,"href":"https:\/\/exparto.pl\/ro\/wp-json\/wp\/v2\/media\/34426"}],"wp:attachment":[{"href":"https:\/\/exparto.pl\/ro\/wp-json\/wp\/v2\/media?parent=34441"}],"wp:term":[{"taxonomy":"product_brand","embeddable":true,"href":"https:\/\/exparto.pl\/ro\/wp-json\/wp\/v2\/product_brand?post=34441"},{"taxonomy":"product_cat","embeddable":true,"href":"https:\/\/exparto.pl\/ro\/wp-json\/wp\/v2\/product_cat?post=34441"},{"taxonomy":"product_tag","embeddable":true,"href":"https:\/\/exparto.pl\/ro\/wp-json\/wp\/v2\/product_tag?post=34441"}],"curies":[{"name":"wp","href":"https:\/\/api.w.org\/{rel}","templated":true}]}}