{"id":37160,"date":"2024-12-10T13:21:09","date_gmt":"2024-12-10T12:21:09","guid":{"rendered":"https:\/\/exparto.pl\/produkt\/piasta-bezobslugowa-stalowa-6-otworowa-fi-30\/"},"modified":"2026-04-16T15:00:10","modified_gmt":"2026-04-16T13:00:10","slug":"piasta-bezobslugowa-stalowa-6-otworowa-fi-30","status":"publish","type":"product","link":"https:\/\/exparto.pl\/ro\/produkt\/piasta-bezobslugowa-stalowa-6-otworowa-fi-30\/","title":{"rendered":"Piasta bezobs\u0142ugowa stalowa 6 otworowa ze \u015brubami\u00a0wa\u0142ek\u00a0FI-30mm"},"content":{"rendered":"<div style=\"text-align: justify\">\n<p><strong>Dobrze dobrane piasty<\/strong> wraz z innymi komponentami, opr\u00f3cz czysto praktycznych zalet, takich jak \u0142atwy monta\u017c czy wymiana, s\u0105 w stanie <strong>zwi\u0119kszy\u0107 wydajno\u015b\u0107 prac o ponad 100%<\/strong> oraz obni\u017cy\u0107 <strong>koszty eksploatacji nawet o 30%<\/strong>.<\/p>\n<\/div>\n<div style=\"text-align: justify\"><\/div>\n<div style=\"text-align: justify\">Zazwyczaj dwa razy do roku, na wiosn\u0119 i jesieni\u0105, rolnicy przygotowuj\u0105 gleb\u0119 pod nowe nasiona. W ostatnich latach, okres prac bezp\u0142u\u017cnych przygotowuj\u0105cych gleb\u0119 do zasiewu, jest wyj\u0105tkowo kr\u00f3tki, co sk\u0142ania do <strong>poszukiwania rozwi\u0105za\u0144 optymalizuj\u0105cych czas<\/strong>, zasoby, a przy tym ekologicznych.<\/div>\n<div style=\"text-align: justify\"><\/div>\n<div style=\"text-align: justify\">Piasty typu bezobs\u0142ugowego <strong>nie wymagaj\u0105 regularnego przesmarowywania<\/strong>. Tym samym, czas potrzebny do obs\u0142ugi maszyny jest kr\u00f3tszy, chocia\u017cby ze wzgl\u0119du na brak ryzyka wyrwania smarownic \u2013 kalamitek, kt\u00f3re najcz\u0119\u015bciej ulegaj\u0105 uszkodzeniu podczas pracy na du\u017cych g\u0142\u0119boko\u015bciach.<\/div>\n<div style=\"text-align: justify\"><\/div>\n<div style=\"text-align: justify\">Zale\u017cy nam na skuteczno\u015bci pracy naszych cz\u0119\u015bci, dlatego szczeg\u00f3\u0142owo kontrolujemy ca\u0142y proces produkcji poprzez:<\/div>\n<div style=\"text-align: justify\"><\/div>\n<div style=\"text-align: justify\"><\/div>\n<div style=\"text-align: justify\">\n<ul>\n<li>Przeprowadzamy test szczelno\u015bci piast marki EXPARTO oraz prawid\u0142owego spasowania element\u00f3w wsp\u00f3\u0142pracuj\u0105cych.<\/li>\n<li>Stopie\u0144 dok\u0142adno\u015bci wykonania poszczeg\u00f3lnych element\u00f3w przek\u0142ada si\u0119 na maksymalnie d\u0142ug\u0105 \u017cywotno\u015b\u0107 cz\u0119\u015bci, co jednocze\u015bnie gwarantuje niewyst\u0119powanie luz\u00f3w pomi\u0119dzy elementami wsp\u00f3\u0142pracuj\u0105cymi.<\/li>\n<li>Kulki w \u0142o\u017cyskach, o\u015b, korpusy i inne podzespo\u0142y wykonane s\u0105 ze starannie wyselekcjonowanej stali. W\u0142a\u015bciwa kontrola sk\u0142adu gwarantuje odpowiedni poziom hartowania oraz p\u00f3\u017aniejsz\u0105 wydajn\u0105 eksploatacj\u0119 cz\u0119\u015bci.<\/li>\n<li>Badamy twardo\u015b\u0107 z u\u017cyciem twardo\u015bciomierzy Rockwella oraz Brinella, a\u017ceby mie\u0107 pewno\u015b\u0107, \u017ce \u017caden z element\u00f3w podlegaj\u0105cych obr\u00f3bce cieplnej nie jest za mi\u0119kki, co powodowa\u0142oby jego przedwczesne zu\u017cycie lub za twardy, co prowadzi\u0142oby do nag\u0142ej awarii.<\/li>\n<li>Rzetelna kontrola jest gwarantem 100% powtarzalno\u015bci produkt\u00f3w.<\/li>\n<\/ul>\n<div>Wa\u0142ek jest \u015bci\u0119ty na 27 mm.<\/div>\n<\/div>\n<div style=\"text-align: justify\"><\/div>\n<div style=\"text-align: justify\">\n<p><strong>Piasty EXPARTO\u00a0<\/strong>stosowane s\u0105 z powodzeniem do bron talerzowych, bron muszlowych, bron le\u015bnych, agregat\u00f3w uprawowych, p\u0142ug\u00f3w talerzowych oraz kultywator\u00f3w \u015bcierniskowych (gruber), agregat\u00f3w siewnych, siewnik\u00f3w, agregat\u00f3w hybrydowych, talerzy rozgrabiaj\u0105co-rozrywaj\u0105cych.<\/p>\n<\/div>\n<div style=\"text-align: justify\"><strong>Piasty dostarczane przez Exparto s\u0105 kompatybilne z maszynami produkowanymi przez<\/strong>:<\/div>\n<div style=\"text-align: justify\">Agrisem, Agrimet, Agro lift, Agromasz, Agrotom, Akpil, Amazone, ATMP, Awemak, Batyra, Bednar, Bomet, Bury, Czajkowski, Dexwal, Euromasz, Expoam, Goliath, Horsch, Kunh, Kverneland, Lemken, Mandam, Metalfach, Pettinger, Polgrom, Rol\/ex, Rolmako, Staltech, Strumyk, Unia, Vaderstad, , PPHU ZAPA\u0141A oraz pozosta\u0142e maszyny wyposa\u017cone w piasty SKF , Krasnik czy talerze typu C<\/div>\n","protected":false},"excerpt":{"rendered":"<p style=\"text-align: justify\">Piasta stalowa do talerz\u00f3wki 6 otworowa z kpl \u015brub.<\/p>\n","protected":false},"featured_media":37181,"comment_status":"open","ping_status":"closed","template":"","meta":{"_acf_changed":false,"inline_featured_image":false},"product_brand":[],"product_cat":[41,67,57],"product_tag":[],"class_list":{"0":"post-37160","1":"product","2":"type-product","3":"status-publish","4":"has-post-thumbnail","6":"product_cat-czesci-do-talerzowki","7":"product_cat-piasty-6otworowe","8":"product_cat-piasty","10":"first","11":"instock","12":"taxable","13":"shipping-taxable","14":"purchasable","15":"product-type-simple"},"acf":[],"yoast_head":"<!-- This site is optimized with the Yoast SEO plugin v27.4 - https:\/\/yoast.com\/product\/yoast-seo-wordpress\/ -->\n<title>Piasta bezobs\u0142ugowa stalowa 6 otworowa ze \u015brubami\u00a0wa\u0142ek\u00a0FI-30mm - Exparto.pl<\/title>\n<meta name=\"robots\" content=\"index, follow, max-snippet:-1, max-image-preview:large, max-video-preview:-1\" \/>\n<link rel=\"canonical\" href=\"https:\/\/exparto.pl\/ro\/produkt\/piasta-bezobslugowa-stalowa-6-otworowa-fi-30\/\" \/>\n<meta property=\"og:locale\" content=\"ro_RO\" \/>\n<meta property=\"og:type\" content=\"article\" \/>\n<meta property=\"og:title\" content=\"Piasta bezobs\u0142ugowa stalowa 6 otworowa ze \u015brubami\u00a0wa\u0142ek\u00a0FI-30mm - Exparto.pl\" \/>\n<meta property=\"og:description\" content=\"Piasta stalowa do talerz\u00f3wki 6 otworowa z kpl \u015brub.\" \/>\n<meta property=\"og:url\" content=\"https:\/\/exparto.pl\/ro\/produkt\/piasta-bezobslugowa-stalowa-6-otworowa-fi-30\/\" \/>\n<meta property=\"og:site_name\" content=\"Exparto.pl\" \/>\n<meta property=\"article:publisher\" content=\"https:\/\/www.facebook.com\/exparto.agro\/\" \/>\n<meta property=\"article:modified_time\" content=\"2026-04-16T13:00:10+00:00\" \/>\n<meta property=\"og:image\" content=\"https:\/\/exparto.pl\/wp-content\/uploads\/2024\/12\/72bbd5e943ff871cca0a16b2bb878de3-1.jpg\" \/>\n\t<meta property=\"og:image:width\" content=\"1200\" \/>\n\t<meta property=\"og:image:height\" content=\"1200\" \/>\n\t<meta property=\"og:image:type\" content=\"image\/jpeg\" \/>\n<meta name=\"twitter:card\" content=\"summary_large_image\" \/>\n<meta name=\"twitter:label1\" content=\"Timp estimat pentru citire\" \/>\n\t<meta name=\"twitter:data1\" content=\"3 minute\" \/>\n<script type=\"application\/ld+json\" class=\"yoast-schema-graph\">{\"@context\":\"https:\\\/\\\/schema.org\",\"@graph\":[{\"@type\":\"WebPage\",\"@id\":\"https:\\\/\\\/exparto.pl\\\/ro\\\/produkt\\\/piasta-bezobslugowa-stalowa-6-otworowa-fi-30\\\/\",\"url\":\"https:\\\/\\\/exparto.pl\\\/ro\\\/produkt\\\/piasta-bezobslugowa-stalowa-6-otworowa-fi-30\\\/\",\"name\":\"Piasta bezobs\u0142ugowa stalowa 6 otworowa ze \u015brubami\u00a0wa\u0142ek\u00a0FI-30mm - Exparto.pl\",\"isPartOf\":{\"@id\":\"https:\\\/\\\/exparto.pl\\\/ro\\\/#website\"},\"primaryImageOfPage\":{\"@id\":\"https:\\\/\\\/exparto.pl\\\/ro\\\/produkt\\\/piasta-bezobslugowa-stalowa-6-otworowa-fi-30\\\/#primaryimage\"},\"image\":{\"@id\":\"https:\\\/\\\/exparto.pl\\\/ro\\\/produkt\\\/piasta-bezobslugowa-stalowa-6-otworowa-fi-30\\\/#primaryimage\"},\"thumbnailUrl\":\"https:\\\/\\\/exparto.pl\\\/wp-content\\\/uploads\\\/2024\\\/12\\\/72bbd5e943ff871cca0a16b2bb878de3-2.jpg\",\"datePublished\":\"2024-12-10T12:21:09+00:00\",\"dateModified\":\"2026-04-16T13:00:10+00:00\",\"breadcrumb\":{\"@id\":\"https:\\\/\\\/exparto.pl\\\/ro\\\/produkt\\\/piasta-bezobslugowa-stalowa-6-otworowa-fi-30\\\/#breadcrumb\"},\"inLanguage\":\"ro-RO\",\"potentialAction\":[{\"@type\":\"ReadAction\",\"target\":[\"https:\\\/\\\/exparto.pl\\\/ro\\\/produkt\\\/piasta-bezobslugowa-stalowa-6-otworowa-fi-30\\\/\"]}]},{\"@type\":\"ImageObject\",\"inLanguage\":\"ro-RO\",\"@id\":\"https:\\\/\\\/exparto.pl\\\/ro\\\/produkt\\\/piasta-bezobslugowa-stalowa-6-otworowa-fi-30\\\/#primaryimage\",\"url\":\"https:\\\/\\\/exparto.pl\\\/wp-content\\\/uploads\\\/2024\\\/12\\\/72bbd5e943ff871cca0a16b2bb878de3-2.jpg\",\"contentUrl\":\"https:\\\/\\\/exparto.pl\\\/wp-content\\\/uploads\\\/2024\\\/12\\\/72bbd5e943ff871cca0a16b2bb878de3-2.jpg\",\"width\":1200,\"height\":1200},{\"@type\":\"BreadcrumbList\",\"@id\":\"https:\\\/\\\/exparto.pl\\\/ro\\\/produkt\\\/piasta-bezobslugowa-stalowa-6-otworowa-fi-30\\\/#breadcrumb\",\"itemListElement\":[{\"@type\":\"ListItem\",\"position\":1,\"name\":\"Pagina de start\",\"item\":\"https:\\\/\\\/exparto.pl\\\/ro\\\/pagina-de-start\\\/\"},{\"@type\":\"ListItem\",\"position\":2,\"name\":\"Sklep\",\"item\":\"https:\\\/\\\/exparto.pl\\\/sklep\\\/\"},{\"@type\":\"ListItem\",\"position\":3,\"name\":\"Lucrare a solului\",\"item\":\"https:\\\/\\\/exparto.pl\\\/ro\\\/categoria-de-produse\\\/lucrare-a-solului\\\/\"},{\"@type\":\"ListItem\",\"position\":4,\"name\":\"Hub-uri\",\"item\":\"https:\\\/\\\/exparto.pl\\\/ro\\\/categoria-de-produse\\\/lucrare-a-solului\\\/hub-uri\\\/\"},{\"@type\":\"ListItem\",\"position\":5,\"name\":\"butuci cu 6 g\u0103uri\",\"item\":\"https:\\\/\\\/exparto.pl\\\/ro\\\/categoria-de-produse\\\/lucrare-a-solului\\\/hub-uri\\\/butuci-cu-6-gauri\\\/\"},{\"@type\":\"ListItem\",\"position\":6,\"name\":\"Piasta bezobs\u0142ugowa stalowa 6 otworowa ze \u015brubami\u00a0wa\u0142ek\u00a0FI-30mm\"}]},{\"@type\":\"WebSite\",\"@id\":\"https:\\\/\\\/exparto.pl\\\/ro\\\/#website\",\"url\":\"https:\\\/\\\/exparto.pl\\\/ro\\\/\",\"name\":\"EXPARTO\",\"description\":\"More than agro parts\",\"publisher\":{\"@id\":\"https:\\\/\\\/exparto.pl\\\/ro\\\/#organization\"},\"potentialAction\":[{\"@type\":\"SearchAction\",\"target\":{\"@type\":\"EntryPoint\",\"urlTemplate\":\"https:\\\/\\\/exparto.pl\\\/ro\\\/?s={search_term_string}\"},\"query-input\":{\"@type\":\"PropertyValueSpecification\",\"valueRequired\":true,\"valueName\":\"search_term_string\"}}],\"inLanguage\":\"ro-RO\"},{\"@type\":\"Organization\",\"@id\":\"https:\\\/\\\/exparto.pl\\\/ro\\\/#organization\",\"name\":\"EXPARTO\",\"url\":\"https:\\\/\\\/exparto.pl\\\/ro\\\/\",\"logo\":{\"@type\":\"ImageObject\",\"inLanguage\":\"ro-RO\",\"@id\":\"https:\\\/\\\/exparto.pl\\\/ro\\\/#\\\/schema\\\/logo\\\/image\\\/\",\"url\":\"https:\\\/\\\/exparto.pl\\\/wp-content\\\/uploads\\\/2023\\\/02\\\/logo-wektor.png\",\"contentUrl\":\"https:\\\/\\\/exparto.pl\\\/wp-content\\\/uploads\\\/2023\\\/02\\\/logo-wektor.png\",\"width\":1338,\"height\":143,\"caption\":\"EXPARTO\"},\"image\":{\"@id\":\"https:\\\/\\\/exparto.pl\\\/ro\\\/#\\\/schema\\\/logo\\\/image\\\/\"},\"sameAs\":[\"https:\\\/\\\/www.facebook.com\\\/exparto.agro\\\/\"]}]}<\/script>\n<!-- \/ Yoast SEO plugin. -->","yoast_head_json":{"title":"Piasta bezobs\u0142ugowa stalowa 6 otworowa ze \u015brubami\u00a0wa\u0142ek\u00a0FI-30mm - Exparto.pl","robots":{"index":"index","follow":"follow","max-snippet":"max-snippet:-1","max-image-preview":"max-image-preview:large","max-video-preview":"max-video-preview:-1"},"canonical":"https:\/\/exparto.pl\/ro\/produkt\/piasta-bezobslugowa-stalowa-6-otworowa-fi-30\/","og_locale":"ro_RO","og_type":"article","og_title":"Piasta bezobs\u0142ugowa stalowa 6 otworowa ze \u015brubami\u00a0wa\u0142ek\u00a0FI-30mm - Exparto.pl","og_description":"Piasta stalowa do talerz\u00f3wki 6 otworowa z kpl \u015brub.","og_url":"https:\/\/exparto.pl\/ro\/produkt\/piasta-bezobslugowa-stalowa-6-otworowa-fi-30\/","og_site_name":"Exparto.pl","article_publisher":"https:\/\/www.facebook.com\/exparto.agro\/","article_modified_time":"2026-04-16T13:00:10+00:00","og_image":[{"width":1200,"height":1200,"url":"https:\/\/exparto.pl\/wp-content\/uploads\/2024\/12\/72bbd5e943ff871cca0a16b2bb878de3-1.jpg","type":"image\/jpeg"}],"twitter_card":"summary_large_image","twitter_misc":{"Timp estimat pentru citire":"3 minute"},"schema":{"@context":"https:\/\/schema.org","@graph":[{"@type":"WebPage","@id":"https:\/\/exparto.pl\/ro\/produkt\/piasta-bezobslugowa-stalowa-6-otworowa-fi-30\/","url":"https:\/\/exparto.pl\/ro\/produkt\/piasta-bezobslugowa-stalowa-6-otworowa-fi-30\/","name":"Piasta bezobs\u0142ugowa stalowa 6 otworowa ze \u015brubami\u00a0wa\u0142ek\u00a0FI-30mm - Exparto.pl","isPartOf":{"@id":"https:\/\/exparto.pl\/ro\/#website"},"primaryImageOfPage":{"@id":"https:\/\/exparto.pl\/ro\/produkt\/piasta-bezobslugowa-stalowa-6-otworowa-fi-30\/#primaryimage"},"image":{"@id":"https:\/\/exparto.pl\/ro\/produkt\/piasta-bezobslugowa-stalowa-6-otworowa-fi-30\/#primaryimage"},"thumbnailUrl":"https:\/\/exparto.pl\/wp-content\/uploads\/2024\/12\/72bbd5e943ff871cca0a16b2bb878de3-2.jpg","datePublished":"2024-12-10T12:21:09+00:00","dateModified":"2026-04-16T13:00:10+00:00","breadcrumb":{"@id":"https:\/\/exparto.pl\/ro\/produkt\/piasta-bezobslugowa-stalowa-6-otworowa-fi-30\/#breadcrumb"},"inLanguage":"ro-RO","potentialAction":[{"@type":"ReadAction","target":["https:\/\/exparto.pl\/ro\/produkt\/piasta-bezobslugowa-stalowa-6-otworowa-fi-30\/"]}]},{"@type":"ImageObject","inLanguage":"ro-RO","@id":"https:\/\/exparto.pl\/ro\/produkt\/piasta-bezobslugowa-stalowa-6-otworowa-fi-30\/#primaryimage","url":"https:\/\/exparto.pl\/wp-content\/uploads\/2024\/12\/72bbd5e943ff871cca0a16b2bb878de3-2.jpg","contentUrl":"https:\/\/exparto.pl\/wp-content\/uploads\/2024\/12\/72bbd5e943ff871cca0a16b2bb878de3-2.jpg","width":1200,"height":1200},{"@type":"BreadcrumbList","@id":"https:\/\/exparto.pl\/ro\/produkt\/piasta-bezobslugowa-stalowa-6-otworowa-fi-30\/#breadcrumb","itemListElement":[{"@type":"ListItem","position":1,"name":"Pagina de start","item":"https:\/\/exparto.pl\/ro\/pagina-de-start\/"},{"@type":"ListItem","position":2,"name":"Sklep","item":"https:\/\/exparto.pl\/sklep\/"},{"@type":"ListItem","position":3,"name":"Lucrare a solului","item":"https:\/\/exparto.pl\/ro\/categoria-de-produse\/lucrare-a-solului\/"},{"@type":"ListItem","position":4,"name":"Hub-uri","item":"https:\/\/exparto.pl\/ro\/categoria-de-produse\/lucrare-a-solului\/hub-uri\/"},{"@type":"ListItem","position":5,"name":"butuci cu 6 g\u0103uri","item":"https:\/\/exparto.pl\/ro\/categoria-de-produse\/lucrare-a-solului\/hub-uri\/butuci-cu-6-gauri\/"},{"@type":"ListItem","position":6,"name":"Piasta bezobs\u0142ugowa stalowa 6 otworowa ze \u015brubami\u00a0wa\u0142ek\u00a0FI-30mm"}]},{"@type":"WebSite","@id":"https:\/\/exparto.pl\/ro\/#website","url":"https:\/\/exparto.pl\/ro\/","name":"EXPARTO","description":"More than agro parts","publisher":{"@id":"https:\/\/exparto.pl\/ro\/#organization"},"potentialAction":[{"@type":"SearchAction","target":{"@type":"EntryPoint","urlTemplate":"https:\/\/exparto.pl\/ro\/?s={search_term_string}"},"query-input":{"@type":"PropertyValueSpecification","valueRequired":true,"valueName":"search_term_string"}}],"inLanguage":"ro-RO"},{"@type":"Organization","@id":"https:\/\/exparto.pl\/ro\/#organization","name":"EXPARTO","url":"https:\/\/exparto.pl\/ro\/","logo":{"@type":"ImageObject","inLanguage":"ro-RO","@id":"https:\/\/exparto.pl\/ro\/#\/schema\/logo\/image\/","url":"https:\/\/exparto.pl\/wp-content\/uploads\/2023\/02\/logo-wektor.png","contentUrl":"https:\/\/exparto.pl\/wp-content\/uploads\/2023\/02\/logo-wektor.png","width":1338,"height":143,"caption":"EXPARTO"},"image":{"@id":"https:\/\/exparto.pl\/ro\/#\/schema\/logo\/image\/"},"sameAs":["https:\/\/www.facebook.com\/exparto.agro\/"]}]}},"_links":{"self":[{"href":"https:\/\/exparto.pl\/ro\/wp-json\/wp\/v2\/product\/37160","targetHints":{"allow":["GET"]}}],"collection":[{"href":"https:\/\/exparto.pl\/ro\/wp-json\/wp\/v2\/product"}],"about":[{"href":"https:\/\/exparto.pl\/ro\/wp-json\/wp\/v2\/types\/product"}],"replies":[{"embeddable":true,"href":"https:\/\/exparto.pl\/ro\/wp-json\/wp\/v2\/comments?post=37160"}],"wp:featuredmedia":[{"embeddable":true,"href":"https:\/\/exparto.pl\/ro\/wp-json\/wp\/v2\/media\/37181"}],"wp:attachment":[{"href":"https:\/\/exparto.pl\/ro\/wp-json\/wp\/v2\/media?parent=37160"}],"wp:term":[{"taxonomy":"product_brand","embeddable":true,"href":"https:\/\/exparto.pl\/ro\/wp-json\/wp\/v2\/product_brand?post=37160"},{"taxonomy":"product_cat","embeddable":true,"href":"https:\/\/exparto.pl\/ro\/wp-json\/wp\/v2\/product_cat?post=37160"},{"taxonomy":"product_tag","embeddable":true,"href":"https:\/\/exparto.pl\/ro\/wp-json\/wp\/v2\/product_tag?post=37160"}],"curies":[{"name":"wp","href":"https:\/\/api.w.org\/{rel}","templated":true}]}}