{"id":37490,"date":"2024-12-19T10:59:54","date_gmt":"2024-12-19T09:59:54","guid":{"rendered":"https:\/\/exparto.pl\/produkt\/obroza-stanowiskowa-dla-krowy-l-130cm\/"},"modified":"2026-04-01T13:00:27","modified_gmt":"2026-04-01T11:00:27","slug":"obroza-stanowiskowa-dla-krowy-l-130cm","status":"publish","type":"product","link":"https:\/\/exparto.pl\/ro\/produkt\/obroza-stanowiskowa-dla-krowy-l-130cm\/","title":{"rendered":"Obro\u017ca stanowiskowa dla krowy L-130cm"},"content":{"rendered":"<p style=\"text-align: justify\">Obro\u017ca dla krowy (pas dla krowy), model <b>TORO OKT1<\/b> wykonana jest z mi\u0119kkiej, a zarazem bardzo mocnej ta\u015bmy, <b>odpornej na warunki<\/b> panuj\u0105ce w pomieszczeniach inwentarskich. U\u017cyte do produkcji <b>wysokiej jako\u015bci materia\u0142y<\/b> zapewniaj\u0105 wieloletnie u\u017cytkowanie. Regulacja zapi\u0119cia zosta\u0142a wzmocniona dodatkow\u0105 ta\u015bm\u0105.\u00a0<\/p>\n<p style=\"text-align: justify\"><b>Dane techniczne:<\/b><\/p>\n<\/p>\n<ul>\n<li style=\"text-align: justify\">regulacja 10 stopniowa<\/li>\n<li style=\"text-align: justify\">podw\u00f3jna ta\u015bma<\/li>\n<li style=\"text-align: justify\">wzmocnienie na regulacji &#8211; dodatkowa ta\u015bma naszyta<\/li>\n<li style=\"text-align: justify\">otwory wybijane na gor\u0105co, nie rozwarstwiaj\u0105 si\u0119<\/li>\n<li style=\"text-align: justify\">okucia wykonane ze stali ocynkowanej<\/li>\n<li style=\"text-align: justify\">podw\u00f3jne zapi\u0119cie<\/li>\n<li style=\"text-align: justify\">nitowana 6 nit\u00f3w<\/li>\n<\/ul>\n<p style=\"text-align: justify\"><\/p>\n","protected":false},"excerpt":{"rendered":"<p style=\"text-align: justify\">Obro\u017ca dla krowy, byd\u0142a ze wzmacnian\u0105 regulacj\u0105 130 cm<\/p>\n","protected":false},"featured_media":37485,"comment_status":"open","ping_status":"closed","template":"","meta":{"_acf_changed":false,"inline_featured_image":false},"product_brand":[],"product_cat":[194,726],"product_tag":[],"class_list":{"0":"post-37490","1":"product","2":"type-product","3":"status-publish","4":"has-post-thumbnail","6":"product_cat-hodowla","7":"product_cat-obroze","9":"first","10":"instock","11":"taxable","12":"shipping-taxable","13":"purchasable","14":"product-type-simple"},"acf":[],"yoast_head":"<!-- This site is optimized with the Yoast SEO plugin v27.2 - https:\/\/yoast.com\/product\/yoast-seo-wordpress\/ -->\n<title>Obro\u017ca stanowiskowa dla krowy L-130cm - Exparto.pl<\/title>\n<meta name=\"robots\" content=\"index, follow, max-snippet:-1, max-image-preview:large, max-video-preview:-1\" \/>\n<link rel=\"canonical\" href=\"https:\/\/exparto.pl\/ro\/produkt\/obroza-stanowiskowa-dla-krowy-l-130cm\/\" \/>\n<meta property=\"og:locale\" content=\"ro_RO\" \/>\n<meta property=\"og:type\" content=\"article\" \/>\n<meta property=\"og:title\" content=\"Obro\u017ca stanowiskowa dla krowy L-130cm - Exparto.pl\" \/>\n<meta property=\"og:description\" content=\"Obro\u017ca dla krowy, byd\u0142a ze wzmacnian\u0105 regulacj\u0105 130 cm\" \/>\n<meta property=\"og:url\" content=\"https:\/\/exparto.pl\/ro\/produkt\/obroza-stanowiskowa-dla-krowy-l-130cm\/\" \/>\n<meta property=\"og:site_name\" content=\"Exparto.pl\" \/>\n<meta property=\"article:publisher\" content=\"https:\/\/www.facebook.com\/exparto.agro\/\" \/>\n<meta property=\"article:modified_time\" content=\"2026-04-01T11:00:27+00:00\" \/>\n<meta property=\"og:image\" content=\"https:\/\/exparto.pl\/wp-content\/uploads\/2024\/12\/3bcecf14cfca6da729857ab31480272a.jpg\" \/>\n\t<meta property=\"og:image:width\" content=\"1000\" \/>\n\t<meta property=\"og:image:height\" content=\"1000\" \/>\n\t<meta property=\"og:image:type\" content=\"image\/jpeg\" \/>\n<meta name=\"twitter:card\" content=\"summary_large_image\" \/>\n<meta name=\"twitter:label1\" content=\"Timp estimat pentru citire\" \/>\n\t<meta name=\"twitter:data1\" content=\"1 minut\" \/>\n<script type=\"application\/ld+json\" class=\"yoast-schema-graph\">{\"@context\":\"https:\/\/schema.org\",\"@graph\":[{\"@type\":\"WebPage\",\"@id\":\"https:\/\/exparto.pl\/ro\/produkt\/obroza-stanowiskowa-dla-krowy-l-130cm\/\",\"url\":\"https:\/\/exparto.pl\/ro\/produkt\/obroza-stanowiskowa-dla-krowy-l-130cm\/\",\"name\":\"Obro\u017ca stanowiskowa dla krowy L-130cm - Exparto.pl\",\"isPartOf\":{\"@id\":\"https:\/\/exparto.pl\/ro\/#website\"},\"primaryImageOfPage\":{\"@id\":\"https:\/\/exparto.pl\/ro\/produkt\/obroza-stanowiskowa-dla-krowy-l-130cm\/#primaryimage\"},\"image\":{\"@id\":\"https:\/\/exparto.pl\/ro\/produkt\/obroza-stanowiskowa-dla-krowy-l-130cm\/#primaryimage\"},\"thumbnailUrl\":\"https:\/\/exparto.pl\/wp-content\/uploads\/2024\/12\/3bcecf14cfca6da729857ab31480272a.jpg\",\"datePublished\":\"2024-12-19T09:59:54+00:00\",\"dateModified\":\"2026-04-01T11:00:27+00:00\",\"breadcrumb\":{\"@id\":\"https:\/\/exparto.pl\/ro\/produkt\/obroza-stanowiskowa-dla-krowy-l-130cm\/#breadcrumb\"},\"inLanguage\":\"ro-RO\",\"potentialAction\":[{\"@type\":\"ReadAction\",\"target\":[\"https:\/\/exparto.pl\/ro\/produkt\/obroza-stanowiskowa-dla-krowy-l-130cm\/\"]}]},{\"@type\":\"ImageObject\",\"inLanguage\":\"ro-RO\",\"@id\":\"https:\/\/exparto.pl\/ro\/produkt\/obroza-stanowiskowa-dla-krowy-l-130cm\/#primaryimage\",\"url\":\"https:\/\/exparto.pl\/wp-content\/uploads\/2024\/12\/3bcecf14cfca6da729857ab31480272a.jpg\",\"contentUrl\":\"https:\/\/exparto.pl\/wp-content\/uploads\/2024\/12\/3bcecf14cfca6da729857ab31480272a.jpg\",\"width\":1000,\"height\":1000},{\"@type\":\"BreadcrumbList\",\"@id\":\"https:\/\/exparto.pl\/ro\/produkt\/obroza-stanowiskowa-dla-krowy-l-130cm\/#breadcrumb\",\"itemListElement\":[{\"@type\":\"ListItem\",\"position\":1,\"name\":\"Pagina de start\",\"item\":\"https:\/\/exparto.pl\/ro\/pagina-de-start\/\"},{\"@type\":\"ListItem\",\"position\":2,\"name\":\"Sklep\",\"item\":\"https:\/\/exparto.pl\/sklep\/\"},{\"@type\":\"ListItem\",\"position\":3,\"name\":\"Reproduc\u021bie\",\"item\":\"https:\/\/exparto.pl\/ro\/categoria-de-produse\/reproductie\/\"},{\"@type\":\"ListItem\",\"position\":4,\"name\":\"Obro\u017ce dla byd\u0142a\",\"item\":\"https:\/\/exparto.pl\/kategoria-produktu\/hodowla\/obroze\/\"},{\"@type\":\"ListItem\",\"position\":5,\"name\":\"Obro\u017ca stanowiskowa dla krowy L-130cm\"}]},{\"@type\":\"WebSite\",\"@id\":\"https:\/\/exparto.pl\/ro\/#website\",\"url\":\"https:\/\/exparto.pl\/ro\/\",\"name\":\"EXPARTO\",\"description\":\"More than agro parts\",\"publisher\":{\"@id\":\"https:\/\/exparto.pl\/ro\/#organization\"},\"potentialAction\":[{\"@type\":\"SearchAction\",\"target\":{\"@type\":\"EntryPoint\",\"urlTemplate\":\"https:\/\/exparto.pl\/ro\/?s={search_term_string}\"},\"query-input\":{\"@type\":\"PropertyValueSpecification\",\"valueRequired\":true,\"valueName\":\"search_term_string\"}}],\"inLanguage\":\"ro-RO\"},{\"@type\":\"Organization\",\"@id\":\"https:\/\/exparto.pl\/ro\/#organization\",\"name\":\"EXPARTO\",\"url\":\"https:\/\/exparto.pl\/ro\/\",\"logo\":{\"@type\":\"ImageObject\",\"inLanguage\":\"ro-RO\",\"@id\":\"https:\/\/exparto.pl\/ro\/#\/schema\/logo\/image\/\",\"url\":\"https:\/\/exparto.pl\/wp-content\/uploads\/2023\/02\/logo-wektor.png\",\"contentUrl\":\"https:\/\/exparto.pl\/wp-content\/uploads\/2023\/02\/logo-wektor.png\",\"width\":1338,\"height\":143,\"caption\":\"EXPARTO\"},\"image\":{\"@id\":\"https:\/\/exparto.pl\/ro\/#\/schema\/logo\/image\/\"},\"sameAs\":[\"https:\/\/www.facebook.com\/exparto.agro\/\"]}]}<\/script>\n<!-- \/ Yoast SEO plugin. -->","yoast_head_json":{"title":"Obro\u017ca stanowiskowa dla krowy L-130cm - Exparto.pl","robots":{"index":"index","follow":"follow","max-snippet":"max-snippet:-1","max-image-preview":"max-image-preview:large","max-video-preview":"max-video-preview:-1"},"canonical":"https:\/\/exparto.pl\/ro\/produkt\/obroza-stanowiskowa-dla-krowy-l-130cm\/","og_locale":"ro_RO","og_type":"article","og_title":"Obro\u017ca stanowiskowa dla krowy L-130cm - Exparto.pl","og_description":"Obro\u017ca dla krowy, byd\u0142a ze wzmacnian\u0105 regulacj\u0105 130 cm","og_url":"https:\/\/exparto.pl\/ro\/produkt\/obroza-stanowiskowa-dla-krowy-l-130cm\/","og_site_name":"Exparto.pl","article_publisher":"https:\/\/www.facebook.com\/exparto.agro\/","article_modified_time":"2026-04-01T11:00:27+00:00","og_image":[{"width":1000,"height":1000,"url":"https:\/\/exparto.pl\/wp-content\/uploads\/2024\/12\/3bcecf14cfca6da729857ab31480272a.jpg","type":"image\/jpeg"}],"twitter_card":"summary_large_image","twitter_misc":{"Timp estimat pentru citire":"1 minut"},"schema":{"@context":"https:\/\/schema.org","@graph":[{"@type":"WebPage","@id":"https:\/\/exparto.pl\/ro\/produkt\/obroza-stanowiskowa-dla-krowy-l-130cm\/","url":"https:\/\/exparto.pl\/ro\/produkt\/obroza-stanowiskowa-dla-krowy-l-130cm\/","name":"Obro\u017ca stanowiskowa dla krowy L-130cm - Exparto.pl","isPartOf":{"@id":"https:\/\/exparto.pl\/ro\/#website"},"primaryImageOfPage":{"@id":"https:\/\/exparto.pl\/ro\/produkt\/obroza-stanowiskowa-dla-krowy-l-130cm\/#primaryimage"},"image":{"@id":"https:\/\/exparto.pl\/ro\/produkt\/obroza-stanowiskowa-dla-krowy-l-130cm\/#primaryimage"},"thumbnailUrl":"https:\/\/exparto.pl\/wp-content\/uploads\/2024\/12\/3bcecf14cfca6da729857ab31480272a.jpg","datePublished":"2024-12-19T09:59:54+00:00","dateModified":"2026-04-01T11:00:27+00:00","breadcrumb":{"@id":"https:\/\/exparto.pl\/ro\/produkt\/obroza-stanowiskowa-dla-krowy-l-130cm\/#breadcrumb"},"inLanguage":"ro-RO","potentialAction":[{"@type":"ReadAction","target":["https:\/\/exparto.pl\/ro\/produkt\/obroza-stanowiskowa-dla-krowy-l-130cm\/"]}]},{"@type":"ImageObject","inLanguage":"ro-RO","@id":"https:\/\/exparto.pl\/ro\/produkt\/obroza-stanowiskowa-dla-krowy-l-130cm\/#primaryimage","url":"https:\/\/exparto.pl\/wp-content\/uploads\/2024\/12\/3bcecf14cfca6da729857ab31480272a.jpg","contentUrl":"https:\/\/exparto.pl\/wp-content\/uploads\/2024\/12\/3bcecf14cfca6da729857ab31480272a.jpg","width":1000,"height":1000},{"@type":"BreadcrumbList","@id":"https:\/\/exparto.pl\/ro\/produkt\/obroza-stanowiskowa-dla-krowy-l-130cm\/#breadcrumb","itemListElement":[{"@type":"ListItem","position":1,"name":"Pagina de start","item":"https:\/\/exparto.pl\/ro\/pagina-de-start\/"},{"@type":"ListItem","position":2,"name":"Sklep","item":"https:\/\/exparto.pl\/sklep\/"},{"@type":"ListItem","position":3,"name":"Reproduc\u021bie","item":"https:\/\/exparto.pl\/ro\/categoria-de-produse\/reproductie\/"},{"@type":"ListItem","position":4,"name":"Obro\u017ce dla byd\u0142a","item":"https:\/\/exparto.pl\/kategoria-produktu\/hodowla\/obroze\/"},{"@type":"ListItem","position":5,"name":"Obro\u017ca stanowiskowa dla krowy L-130cm"}]},{"@type":"WebSite","@id":"https:\/\/exparto.pl\/ro\/#website","url":"https:\/\/exparto.pl\/ro\/","name":"EXPARTO","description":"More than agro parts","publisher":{"@id":"https:\/\/exparto.pl\/ro\/#organization"},"potentialAction":[{"@type":"SearchAction","target":{"@type":"EntryPoint","urlTemplate":"https:\/\/exparto.pl\/ro\/?s={search_term_string}"},"query-input":{"@type":"PropertyValueSpecification","valueRequired":true,"valueName":"search_term_string"}}],"inLanguage":"ro-RO"},{"@type":"Organization","@id":"https:\/\/exparto.pl\/ro\/#organization","name":"EXPARTO","url":"https:\/\/exparto.pl\/ro\/","logo":{"@type":"ImageObject","inLanguage":"ro-RO","@id":"https:\/\/exparto.pl\/ro\/#\/schema\/logo\/image\/","url":"https:\/\/exparto.pl\/wp-content\/uploads\/2023\/02\/logo-wektor.png","contentUrl":"https:\/\/exparto.pl\/wp-content\/uploads\/2023\/02\/logo-wektor.png","width":1338,"height":143,"caption":"EXPARTO"},"image":{"@id":"https:\/\/exparto.pl\/ro\/#\/schema\/logo\/image\/"},"sameAs":["https:\/\/www.facebook.com\/exparto.agro\/"]}]}},"_links":{"self":[{"href":"https:\/\/exparto.pl\/ro\/wp-json\/wp\/v2\/product\/37490","targetHints":{"allow":["GET"]}}],"collection":[{"href":"https:\/\/exparto.pl\/ro\/wp-json\/wp\/v2\/product"}],"about":[{"href":"https:\/\/exparto.pl\/ro\/wp-json\/wp\/v2\/types\/product"}],"replies":[{"embeddable":true,"href":"https:\/\/exparto.pl\/ro\/wp-json\/wp\/v2\/comments?post=37490"}],"wp:featuredmedia":[{"embeddable":true,"href":"https:\/\/exparto.pl\/ro\/wp-json\/wp\/v2\/media\/37485"}],"wp:attachment":[{"href":"https:\/\/exparto.pl\/ro\/wp-json\/wp\/v2\/media?parent=37490"}],"wp:term":[{"taxonomy":"product_brand","embeddable":true,"href":"https:\/\/exparto.pl\/ro\/wp-json\/wp\/v2\/product_brand?post=37490"},{"taxonomy":"product_cat","embeddable":true,"href":"https:\/\/exparto.pl\/ro\/wp-json\/wp\/v2\/product_cat?post=37490"},{"taxonomy":"product_tag","embeddable":true,"href":"https:\/\/exparto.pl\/ro\/wp-json\/wp\/v2\/product_tag?post=37490"}],"curies":[{"name":"wp","href":"https:\/\/api.w.org\/{rel}","templated":true}]}}