{"id":49964,"date":"2025-06-05T13:31:54","date_gmt":"2025-06-05T11:31:54","guid":{"rendered":"https:\/\/exparto.pl\/produkt\/noz-do-paszowozu-pronar-vmp10-552x211x5-otwor-22-mm-407-005-001481\/"},"modified":"2026-03-18T11:30:38","modified_gmt":"2026-03-18T10:30:38","slug":"noz-do-paszowozu-pronar-vmp10-552x211x5-otwor-22-mm-407-005-001481","status":"publish","type":"product","link":"https:\/\/exparto.pl\/ro\/produkt\/noz-do-paszowozu-pronar-vmp10-552x211x5-otwor-22-mm-407-005-001481\/","title":{"rendered":"N\u00f3\u017c do paszowozu PRONAR VMP10 552x211x5 \u015brednica otworu 22 mm 407-005-001481"},"content":{"rendered":"<p style=\"text-align: justify\">N\u00f3\u017c do paszowozu Wykonany z wysokiej jako\u015bci materia\u0142u, wzmocniony-napawany, charakteryzuj\u0119 si\u0119 zwi\u0119kszon\u0105 odporno\u015bci\u0105 na \u015bcieranie, d\u0142u\u017csz\u0105 \u017cywotno\u015bci\u0105 i wytrzyma\u0142o\u015bci\u0105.<\/p>\n<p style=\"text-align: justify\"><b>Zastosowanie:\u00a0<\/b><\/p>\n<\/p>\n<ul>\n<li style=\"text-align: justify\">Pasuje do PRONAR VMP10<\/li>\n<\/ul>\n<p style=\"text-align: justify\"><b>Numer katalogowy:<\/b><\/p>\n<\/p>\n<ul>\n<li style=\"text-align: justify\">APL00245, 407-005-001481<\/li>\n<\/ul>\n","protected":false},"excerpt":{"rendered":"<p style=\"text-align: justify\">N\u00f3\u017c do paszowozu PRONAR 552x211x5.<\/p>\n","protected":false},"featured_media":50072,"comment_status":"open","ping_status":"closed","template":"","meta":{"_acf_changed":false,"inline_featured_image":false},"product_brand":[],"product_cat":[803],"product_tag":[],"class_list":{"0":"post-49964","1":"product","2":"type-product","3":"status-publish","4":"has-post-thumbnail","6":"product_cat-czesci-do-paszowozow","8":"first","9":"instock","10":"taxable","11":"shipping-taxable","12":"purchasable","13":"product-type-simple"},"acf":[],"yoast_head":"<!-- This site is optimized with the Yoast SEO plugin v27.3 - https:\/\/yoast.com\/product\/yoast-seo-wordpress\/ -->\n<title>N\u00f3\u017c do paszowozu PRONAR VMP10 552x211x5 \u015brednica otworu 22 mm 407-005-001481 - Exparto.pl<\/title>\n<meta name=\"robots\" content=\"index, follow, max-snippet:-1, max-image-preview:large, max-video-preview:-1\" \/>\n<link rel=\"canonical\" href=\"https:\/\/exparto.pl\/ro\/produkt\/noz-do-paszowozu-pronar-vmp10-552x211x5-otwor-22-mm-407-005-001481\/\" \/>\n<meta property=\"og:locale\" content=\"ro_RO\" \/>\n<meta property=\"og:type\" content=\"article\" \/>\n<meta property=\"og:title\" content=\"N\u00f3\u017c do paszowozu PRONAR VMP10 552x211x5 \u015brednica otworu 22 mm 407-005-001481 - Exparto.pl\" \/>\n<meta property=\"og:description\" content=\"N\u00f3\u017c do paszowozu PRONAR 552x211x5.\" \/>\n<meta property=\"og:url\" content=\"https:\/\/exparto.pl\/ro\/produkt\/noz-do-paszowozu-pronar-vmp10-552x211x5-otwor-22-mm-407-005-001481\/\" \/>\n<meta property=\"og:site_name\" content=\"Exparto.pl\" \/>\n<meta property=\"article:publisher\" content=\"https:\/\/www.facebook.com\/exparto.agro\/\" \/>\n<meta property=\"article:modified_time\" content=\"2026-03-18T10:30:38+00:00\" \/>\n<meta property=\"og:image\" content=\"https:\/\/exparto.pl\/wp-content\/uploads\/2025\/06\/bed03174d35d6e6373b59f7b5c550652-2.jpg\" \/>\n\t<meta property=\"og:image:width\" content=\"1200\" \/>\n\t<meta property=\"og:image:height\" content=\"1200\" \/>\n\t<meta property=\"og:image:type\" content=\"image\/jpeg\" \/>\n<meta name=\"twitter:card\" content=\"summary_large_image\" \/>\n<meta name=\"twitter:label1\" content=\"Timp estimat pentru citire\" \/>\n\t<meta name=\"twitter:data1\" content=\"1 minut\" \/>\n<script type=\"application\/ld+json\" class=\"yoast-schema-graph\">{\"@context\":\"https:\\\/\\\/schema.org\",\"@graph\":[{\"@type\":\"WebPage\",\"@id\":\"https:\\\/\\\/exparto.pl\\\/ro\\\/produkt\\\/noz-do-paszowozu-pronar-vmp10-552x211x5-otwor-22-mm-407-005-001481\\\/\",\"url\":\"https:\\\/\\\/exparto.pl\\\/ro\\\/produkt\\\/noz-do-paszowozu-pronar-vmp10-552x211x5-otwor-22-mm-407-005-001481\\\/\",\"name\":\"N\u00f3\u017c do paszowozu PRONAR VMP10 552x211x5 \u015brednica otworu 22 mm 407-005-001481 - Exparto.pl\",\"isPartOf\":{\"@id\":\"https:\\\/\\\/exparto.pl\\\/ro\\\/#website\"},\"primaryImageOfPage\":{\"@id\":\"https:\\\/\\\/exparto.pl\\\/ro\\\/produkt\\\/noz-do-paszowozu-pronar-vmp10-552x211x5-otwor-22-mm-407-005-001481\\\/#primaryimage\"},\"image\":{\"@id\":\"https:\\\/\\\/exparto.pl\\\/ro\\\/produkt\\\/noz-do-paszowozu-pronar-vmp10-552x211x5-otwor-22-mm-407-005-001481\\\/#primaryimage\"},\"thumbnailUrl\":\"https:\\\/\\\/exparto.pl\\\/wp-content\\\/uploads\\\/2025\\\/06\\\/bed03174d35d6e6373b59f7b5c550652-3.jpg\",\"datePublished\":\"2025-06-05T11:31:54+00:00\",\"dateModified\":\"2026-03-18T10:30:38+00:00\",\"breadcrumb\":{\"@id\":\"https:\\\/\\\/exparto.pl\\\/ro\\\/produkt\\\/noz-do-paszowozu-pronar-vmp10-552x211x5-otwor-22-mm-407-005-001481\\\/#breadcrumb\"},\"inLanguage\":\"ro-RO\",\"potentialAction\":[{\"@type\":\"ReadAction\",\"target\":[\"https:\\\/\\\/exparto.pl\\\/ro\\\/produkt\\\/noz-do-paszowozu-pronar-vmp10-552x211x5-otwor-22-mm-407-005-001481\\\/\"]}]},{\"@type\":\"ImageObject\",\"inLanguage\":\"ro-RO\",\"@id\":\"https:\\\/\\\/exparto.pl\\\/ro\\\/produkt\\\/noz-do-paszowozu-pronar-vmp10-552x211x5-otwor-22-mm-407-005-001481\\\/#primaryimage\",\"url\":\"https:\\\/\\\/exparto.pl\\\/wp-content\\\/uploads\\\/2025\\\/06\\\/bed03174d35d6e6373b59f7b5c550652-3.jpg\",\"contentUrl\":\"https:\\\/\\\/exparto.pl\\\/wp-content\\\/uploads\\\/2025\\\/06\\\/bed03174d35d6e6373b59f7b5c550652-3.jpg\",\"width\":1200,\"height\":1200},{\"@type\":\"BreadcrumbList\",\"@id\":\"https:\\\/\\\/exparto.pl\\\/ro\\\/produkt\\\/noz-do-paszowozu-pronar-vmp10-552x211x5-otwor-22-mm-407-005-001481\\\/#breadcrumb\",\"itemListElement\":[{\"@type\":\"ListItem\",\"position\":1,\"name\":\"Pagina de start\",\"item\":\"https:\\\/\\\/exparto.pl\\\/ro\\\/pagina-de-start\\\/\"},{\"@type\":\"ListItem\",\"position\":2,\"name\":\"Sklep\",\"item\":\"https:\\\/\\\/exparto.pl\\\/sklep\\\/\"},{\"@type\":\"ListItem\",\"position\":3,\"name\":\"Cz\u0119\u015bci do paszowoz\u00f3w\",\"item\":\"https:\\\/\\\/exparto.pl\\\/kategoria-produktu\\\/czesci-do-paszowozow\\\/\"},{\"@type\":\"ListItem\",\"position\":4,\"name\":\"N\u00f3\u017c do paszowozu PRONAR VMP10 552x211x5 \u015brednica otworu 22 mm 407-005-001481\"}]},{\"@type\":\"WebSite\",\"@id\":\"https:\\\/\\\/exparto.pl\\\/ro\\\/#website\",\"url\":\"https:\\\/\\\/exparto.pl\\\/ro\\\/\",\"name\":\"EXPARTO\",\"description\":\"More than agro parts\",\"publisher\":{\"@id\":\"https:\\\/\\\/exparto.pl\\\/ro\\\/#organization\"},\"potentialAction\":[{\"@type\":\"SearchAction\",\"target\":{\"@type\":\"EntryPoint\",\"urlTemplate\":\"https:\\\/\\\/exparto.pl\\\/ro\\\/?s={search_term_string}\"},\"query-input\":{\"@type\":\"PropertyValueSpecification\",\"valueRequired\":true,\"valueName\":\"search_term_string\"}}],\"inLanguage\":\"ro-RO\"},{\"@type\":\"Organization\",\"@id\":\"https:\\\/\\\/exparto.pl\\\/ro\\\/#organization\",\"name\":\"EXPARTO\",\"url\":\"https:\\\/\\\/exparto.pl\\\/ro\\\/\",\"logo\":{\"@type\":\"ImageObject\",\"inLanguage\":\"ro-RO\",\"@id\":\"https:\\\/\\\/exparto.pl\\\/ro\\\/#\\\/schema\\\/logo\\\/image\\\/\",\"url\":\"https:\\\/\\\/exparto.pl\\\/wp-content\\\/uploads\\\/2023\\\/02\\\/logo-wektor.png\",\"contentUrl\":\"https:\\\/\\\/exparto.pl\\\/wp-content\\\/uploads\\\/2023\\\/02\\\/logo-wektor.png\",\"width\":1338,\"height\":143,\"caption\":\"EXPARTO\"},\"image\":{\"@id\":\"https:\\\/\\\/exparto.pl\\\/ro\\\/#\\\/schema\\\/logo\\\/image\\\/\"},\"sameAs\":[\"https:\\\/\\\/www.facebook.com\\\/exparto.agro\\\/\"]}]}<\/script>\n<!-- \/ Yoast SEO plugin. -->","yoast_head_json":{"title":"N\u00f3\u017c do paszowozu PRONAR VMP10 552x211x5 \u015brednica otworu 22 mm 407-005-001481 - Exparto.pl","robots":{"index":"index","follow":"follow","max-snippet":"max-snippet:-1","max-image-preview":"max-image-preview:large","max-video-preview":"max-video-preview:-1"},"canonical":"https:\/\/exparto.pl\/ro\/produkt\/noz-do-paszowozu-pronar-vmp10-552x211x5-otwor-22-mm-407-005-001481\/","og_locale":"ro_RO","og_type":"article","og_title":"N\u00f3\u017c do paszowozu PRONAR VMP10 552x211x5 \u015brednica otworu 22 mm 407-005-001481 - Exparto.pl","og_description":"N\u00f3\u017c do paszowozu PRONAR 552x211x5.","og_url":"https:\/\/exparto.pl\/ro\/produkt\/noz-do-paszowozu-pronar-vmp10-552x211x5-otwor-22-mm-407-005-001481\/","og_site_name":"Exparto.pl","article_publisher":"https:\/\/www.facebook.com\/exparto.agro\/","article_modified_time":"2026-03-18T10:30:38+00:00","og_image":[{"width":1200,"height":1200,"url":"https:\/\/exparto.pl\/wp-content\/uploads\/2025\/06\/bed03174d35d6e6373b59f7b5c550652-2.jpg","type":"image\/jpeg"}],"twitter_card":"summary_large_image","twitter_misc":{"Timp estimat pentru citire":"1 minut"},"schema":{"@context":"https:\/\/schema.org","@graph":[{"@type":"WebPage","@id":"https:\/\/exparto.pl\/ro\/produkt\/noz-do-paszowozu-pronar-vmp10-552x211x5-otwor-22-mm-407-005-001481\/","url":"https:\/\/exparto.pl\/ro\/produkt\/noz-do-paszowozu-pronar-vmp10-552x211x5-otwor-22-mm-407-005-001481\/","name":"N\u00f3\u017c do paszowozu PRONAR VMP10 552x211x5 \u015brednica otworu 22 mm 407-005-001481 - Exparto.pl","isPartOf":{"@id":"https:\/\/exparto.pl\/ro\/#website"},"primaryImageOfPage":{"@id":"https:\/\/exparto.pl\/ro\/produkt\/noz-do-paszowozu-pronar-vmp10-552x211x5-otwor-22-mm-407-005-001481\/#primaryimage"},"image":{"@id":"https:\/\/exparto.pl\/ro\/produkt\/noz-do-paszowozu-pronar-vmp10-552x211x5-otwor-22-mm-407-005-001481\/#primaryimage"},"thumbnailUrl":"https:\/\/exparto.pl\/wp-content\/uploads\/2025\/06\/bed03174d35d6e6373b59f7b5c550652-3.jpg","datePublished":"2025-06-05T11:31:54+00:00","dateModified":"2026-03-18T10:30:38+00:00","breadcrumb":{"@id":"https:\/\/exparto.pl\/ro\/produkt\/noz-do-paszowozu-pronar-vmp10-552x211x5-otwor-22-mm-407-005-001481\/#breadcrumb"},"inLanguage":"ro-RO","potentialAction":[{"@type":"ReadAction","target":["https:\/\/exparto.pl\/ro\/produkt\/noz-do-paszowozu-pronar-vmp10-552x211x5-otwor-22-mm-407-005-001481\/"]}]},{"@type":"ImageObject","inLanguage":"ro-RO","@id":"https:\/\/exparto.pl\/ro\/produkt\/noz-do-paszowozu-pronar-vmp10-552x211x5-otwor-22-mm-407-005-001481\/#primaryimage","url":"https:\/\/exparto.pl\/wp-content\/uploads\/2025\/06\/bed03174d35d6e6373b59f7b5c550652-3.jpg","contentUrl":"https:\/\/exparto.pl\/wp-content\/uploads\/2025\/06\/bed03174d35d6e6373b59f7b5c550652-3.jpg","width":1200,"height":1200},{"@type":"BreadcrumbList","@id":"https:\/\/exparto.pl\/ro\/produkt\/noz-do-paszowozu-pronar-vmp10-552x211x5-otwor-22-mm-407-005-001481\/#breadcrumb","itemListElement":[{"@type":"ListItem","position":1,"name":"Pagina de start","item":"https:\/\/exparto.pl\/ro\/pagina-de-start\/"},{"@type":"ListItem","position":2,"name":"Sklep","item":"https:\/\/exparto.pl\/sklep\/"},{"@type":"ListItem","position":3,"name":"Cz\u0119\u015bci do paszowoz\u00f3w","item":"https:\/\/exparto.pl\/kategoria-produktu\/czesci-do-paszowozow\/"},{"@type":"ListItem","position":4,"name":"N\u00f3\u017c do paszowozu PRONAR VMP10 552x211x5 \u015brednica otworu 22 mm 407-005-001481"}]},{"@type":"WebSite","@id":"https:\/\/exparto.pl\/ro\/#website","url":"https:\/\/exparto.pl\/ro\/","name":"EXPARTO","description":"More than agro parts","publisher":{"@id":"https:\/\/exparto.pl\/ro\/#organization"},"potentialAction":[{"@type":"SearchAction","target":{"@type":"EntryPoint","urlTemplate":"https:\/\/exparto.pl\/ro\/?s={search_term_string}"},"query-input":{"@type":"PropertyValueSpecification","valueRequired":true,"valueName":"search_term_string"}}],"inLanguage":"ro-RO"},{"@type":"Organization","@id":"https:\/\/exparto.pl\/ro\/#organization","name":"EXPARTO","url":"https:\/\/exparto.pl\/ro\/","logo":{"@type":"ImageObject","inLanguage":"ro-RO","@id":"https:\/\/exparto.pl\/ro\/#\/schema\/logo\/image\/","url":"https:\/\/exparto.pl\/wp-content\/uploads\/2023\/02\/logo-wektor.png","contentUrl":"https:\/\/exparto.pl\/wp-content\/uploads\/2023\/02\/logo-wektor.png","width":1338,"height":143,"caption":"EXPARTO"},"image":{"@id":"https:\/\/exparto.pl\/ro\/#\/schema\/logo\/image\/"},"sameAs":["https:\/\/www.facebook.com\/exparto.agro\/"]}]}},"_links":{"self":[{"href":"https:\/\/exparto.pl\/ro\/wp-json\/wp\/v2\/product\/49964","targetHints":{"allow":["GET"]}}],"collection":[{"href":"https:\/\/exparto.pl\/ro\/wp-json\/wp\/v2\/product"}],"about":[{"href":"https:\/\/exparto.pl\/ro\/wp-json\/wp\/v2\/types\/product"}],"replies":[{"embeddable":true,"href":"https:\/\/exparto.pl\/ro\/wp-json\/wp\/v2\/comments?post=49964"}],"wp:featuredmedia":[{"embeddable":true,"href":"https:\/\/exparto.pl\/ro\/wp-json\/wp\/v2\/media\/50072"}],"wp:attachment":[{"href":"https:\/\/exparto.pl\/ro\/wp-json\/wp\/v2\/media?parent=49964"}],"wp:term":[{"taxonomy":"product_brand","embeddable":true,"href":"https:\/\/exparto.pl\/ro\/wp-json\/wp\/v2\/product_brand?post=49964"},{"taxonomy":"product_cat","embeddable":true,"href":"https:\/\/exparto.pl\/ro\/wp-json\/wp\/v2\/product_cat?post=49964"},{"taxonomy":"product_tag","embeddable":true,"href":"https:\/\/exparto.pl\/ro\/wp-json\/wp\/v2\/product_tag?post=49964"}],"curies":[{"name":"wp","href":"https:\/\/api.w.org\/{rel}","templated":true}]}}