{"id":61372,"date":"2025-12-10T10:33:24","date_gmt":"2025-12-10T09:33:24","guid":{"rendered":"https:\/\/exparto.pl\/produkt\/walek-wom-130cm-rura-trojkatna-500nm-krzyzak-27x745-sprzeglo-jednokierunkowe\/"},"modified":"2026-02-02T10:52:40","modified_gmt":"2026-02-02T09:52:40","slug":"walek-wom-130cm-rura-trojkatna-500nm-krzyzak-27x745-sprzeglo-jednokierunkowe","status":"publish","type":"product","link":"https:\/\/exparto.pl\/ro\/produkt\/walek-wom-130cm-rura-trojkatna-500nm-krzyzak-27x745-sprzeglo-jednokierunkowe\/","title":{"rendered":"Wa\u0142ek WOM 130cm rura tr\u00f3jk\u0105tna 500Nm krzy\u017cak 27&#215;74,5 + sprz\u0119g\u0142o przeci\u0105\u017ceniowe"},"content":{"rendered":"<div style=\"text-align: justify\"><span style=\"color: var(--text-color)\">Wa\u0142y przegubowo-teleskopowe wykorzystywane s\u0105 do\u00a0<\/span><b>przenoszenia momentu obrotowego<\/b><span style=\"color: var(--text-color)\">\u00a0z wa\u0142ka odbioru mocy ci\u0105gnika (WOM) na wa\u0142ek przyj\u0119cia mocy maszyny (WPM), kt\u00f3ra jest do owego ci\u0105gnika doczepiana. Wa\u0142y stanowi\u0105 istotny element\u00a0<\/span><span style=\"color: var(--text-color);font-weight: 700 !important\">przyczep<\/span><span style=\"color: var(--text-color)\">\u00a0oraz\u00a0<\/span><span style=\"color: var(--text-color);font-weight: 700 !important\">pojazd\u00f3w rolniczych<\/span><span style=\"color: var(--text-color)\">. Jednocze\u015bnie s\u0105 one\u00a0<\/span><span style=\"color: var(--text-color);font-weight: 700 !important\">gwarantem niezawodno\u015bci<\/span><span style=\"color: var(--text-color)\">\u00a0oraz bezpiecznej pracy. Zabezpieczaj\u0105 te\u017c elementy nap\u0119dowe urz\u0105dzenia, kiedy ono pracuje.<\/span><\/div>\n<\/p>\n<p style=\"text-align: justify\">Podstawowy podzia\u0142 obejmuje:<\/p>\n<ul style=\"text-align: justify\">\n<li><span style=\"font-weight: 700 !important\">Wa\u0142y przegubowo-teleskopowe podstawowe<\/span>\u00a0\u2013 stosuje si\u0119 je wtedy, gdy wzajemne usytuowanie wa\u0142k\u00f3w WOM i WPM wobec siebie nie przekracza 25\u00b0 k\u0105ta \u0142amania przegubu podczas pracy ci\u0105g\u0142ej.<\/li>\n<li><span style=\"font-weight: 700 !important\">Wa\u0142y przegubowo-teleskopowe szerokok\u0105tne<\/span>\u00a0&#8211; stosuje si\u0119 je wtedy, gdy wzajemne usytuowanie wa\u0142k\u00f3w WOM i WPM mo\u017ce doprowadzi\u0107 do z\u0142amania przegubu do 50\u00b0 k\u0105ta \u0142amania przegubu podczas pracy ci\u0105g\u0142ej oraz 50\u00b0 podczas pracy chwilowej.<\/li>\n<\/ul>\n<p style=\"text-align: justify\">Mo\u017cna wyr\u00f3\u017cni\u0107 tak\u017ce\u00a0<span style=\"font-weight: 700 !important\">wa\u0142y frezowane, rurowe<\/span>\u00a0oraz\u00a0<span style=\"font-weight: 700 !important\">rurowo tr\u00f3jk\u0105tne<\/span>\u00a0\u2013 r\u00f3\u017cni\u0105 si\u0119 one mi\u0119dzy sob\u0105 profilami rur. Poszczeg\u00f3lne wa\u0142y mog\u0105 mie\u0107 r\u00f3wnie\u017c odmienn\u0105 warto\u015b\u0107 momentu obrotowego oraz inn\u0105 liczb\u0119 przegub\u00f3w szerokok\u0105tnych.<\/p>\n<p style=\"text-align: justify\">W Exparto oferujemy zar\u00f3wno\u00a0<span style=\"font-weight: 700 !important\">kompletne wa\u0142y<\/span>, jak i przeznaczone do nich\u00a0<b>c<\/b><span style=\"font-weight: 700 !important\">z\u0119\u015bci i akcesoria<\/span>: krzy\u017caki, przeguby, sprz\u0119g\u0142a. Poszczeg\u00f3lne komponenty s\u0105 wykonane z wysokiej jako\u015bci materia\u0142\u00f3w (np. ze\u00a0<span style=\"font-weight: 700 !important\">stali wysokow\u0119glowej<\/span>), a same\u00a0<span style=\"font-weight: 700 !important\">os\u0142ony wa\u0142\u00f3w<\/span>\u00a0nie s\u0105 podatne na\u00a0<span style=\"font-weight: 700 !important\">uszkodzenia mechaniczne<\/span>, niskie temperatury czy te\u017c promieniowanie UV. Co wi\u0119cej, niekt\u00f3re komponenty wyposa\u017cone zosta\u0142y w specjalne \u0142o\u017cyska o podwy\u017cszonej wytrzyma\u0142o\u015bci.<\/p>\n<p style=\"text-align: justify\"><span style=\"color: var(--text-color)\"><\/span><strong>G\u0141\u00d3WNE ZASTOSOWANIE:<\/strong><\/p>\n<p style=\"text-align: justify\">\n<ul>\n<li style=\"text-align: justify\"><b>Opryskiwacz<\/b><\/li>\n<li style=\"text-align: justify\"><b>Kosiarka rotacyjna<\/b><\/li>\n<li style=\"text-align: justify\"><b>Glebogryzarka<\/b><\/li>\n<li style=\"text-align: justify\"><b>Zgrabiarka<\/b><\/li>\n<li style=\"text-align: justify\"><b>Przetrz\u0105sarka<\/b><\/li>\n<li style=\"text-align: justify\"><b>Kopaczka<\/b><\/li>\n<li style=\"text-align: justify\"><b>Kombajn ziemniaczany<\/b><\/li>\n<li style=\"text-align: justify\"><b>W\u00f3z asenizacyjny<\/b><\/li>\n<li style=\"text-align: justify\"><b>Rozsiewacz<\/b><\/li>\n<li style=\"text-align: justify\"><b>Rozrzutnik obornika<\/b><\/li>\n<\/ul>\n","protected":false},"excerpt":{"rendered":"<p style=\"text-align: justify\">Wa\u0142y przegubowo-teleskopowe wykorzystywane s\u0105 do przenoszenia momentu obrotowego z wa\u0142ka odbioru mocy ci\u0105gnika (WOM) na wa\u0142ek przyj\u0119cia mocy maszyny (WPM), kt\u00f3ra jest do owego ci\u0105gnika doczepiana.<\/p>\n","protected":false},"featured_media":61357,"comment_status":"open","ping_status":"closed","template":"","meta":{"_acf_changed":false,"inline_featured_image":false},"product_brand":[920],"product_cat":[876,901,53],"product_tag":[],"class_list":{"0":"post-61372","1":"product","2":"type-product","3":"status-publish","4":"has-post-thumbnail","6":"product_brand-exparto","7":"product_cat-walki-wom-ze-sprzeglem","8":"product_cat-walki-wom-ze-sprzeglem-jednokierunkowym","9":"product_cat-waly-przegubowo-teleskopowe","11":"first","12":"instock","13":"taxable","14":"shipping-taxable","15":"purchasable","16":"product-type-simple"},"acf":[],"yoast_head":"<!-- This site is optimized with the Yoast SEO plugin v27.3 - https:\/\/yoast.com\/product\/yoast-seo-wordpress\/ -->\n<title>Wa\u0142ek WOM 130cm rura tr\u00f3jk\u0105tna 500Nm krzy\u017cak 27x74,5 + sprz\u0119g\u0142o przeci\u0105\u017ceniowe - Exparto.pl<\/title>\n<meta name=\"robots\" content=\"index, follow, max-snippet:-1, max-image-preview:large, max-video-preview:-1\" \/>\n<link rel=\"canonical\" href=\"https:\/\/exparto.pl\/ro\/produkt\/walek-wom-130cm-rura-trojkatna-500nm-krzyzak-27x745-sprzeglo-jednokierunkowe\/\" \/>\n<meta property=\"og:locale\" content=\"ro_RO\" \/>\n<meta property=\"og:type\" content=\"article\" \/>\n<meta property=\"og:title\" content=\"Wa\u0142ek WOM 130cm rura tr\u00f3jk\u0105tna 500Nm krzy\u017cak 27x74,5 + sprz\u0119g\u0142o przeci\u0105\u017ceniowe - Exparto.pl\" \/>\n<meta property=\"og:description\" content=\"Wa\u0142y przegubowo-teleskopowe wykorzystywane s\u0105 do przenoszenia momentu obrotowego z wa\u0142ka odbioru mocy ci\u0105gnika (WOM) na wa\u0142ek przyj\u0119cia mocy maszyny (WPM), kt\u00f3ra jest do owego ci\u0105gnika doczepiana.\" \/>\n<meta property=\"og:url\" content=\"https:\/\/exparto.pl\/ro\/produkt\/walek-wom-130cm-rura-trojkatna-500nm-krzyzak-27x745-sprzeglo-jednokierunkowe\/\" \/>\n<meta property=\"og:site_name\" content=\"Exparto.pl\" \/>\n<meta property=\"article:publisher\" content=\"https:\/\/www.facebook.com\/exparto.agro\/\" \/>\n<meta property=\"article:modified_time\" content=\"2026-02-02T09:52:40+00:00\" \/>\n<meta property=\"og:image\" content=\"https:\/\/exparto.pl\/wp-content\/uploads\/2025\/12\/c42511d06138119f17aa11d8f0f6483e.jpg\" \/>\n\t<meta property=\"og:image:width\" content=\"1200\" \/>\n\t<meta property=\"og:image:height\" content=\"1200\" \/>\n\t<meta property=\"og:image:type\" content=\"image\/jpeg\" \/>\n<meta name=\"twitter:card\" content=\"summary_large_image\" \/>\n<meta name=\"twitter:label1\" content=\"Timp estimat pentru citire\" \/>\n\t<meta name=\"twitter:data1\" content=\"2 minute\" \/>\n<script type=\"application\/ld+json\" class=\"yoast-schema-graph\">{\"@context\":\"https:\\\/\\\/schema.org\",\"@graph\":[{\"@type\":\"WebPage\",\"@id\":\"https:\\\/\\\/exparto.pl\\\/ro\\\/produkt\\\/walek-wom-130cm-rura-trojkatna-500nm-krzyzak-27x745-sprzeglo-jednokierunkowe\\\/\",\"url\":\"https:\\\/\\\/exparto.pl\\\/ro\\\/produkt\\\/walek-wom-130cm-rura-trojkatna-500nm-krzyzak-27x745-sprzeglo-jednokierunkowe\\\/\",\"name\":\"Wa\u0142ek WOM 130cm rura tr\u00f3jk\u0105tna 500Nm krzy\u017cak 27x74,5 + sprz\u0119g\u0142o przeci\u0105\u017ceniowe - Exparto.pl\",\"isPartOf\":{\"@id\":\"https:\\\/\\\/exparto.pl\\\/ro\\\/#website\"},\"primaryImageOfPage\":{\"@id\":\"https:\\\/\\\/exparto.pl\\\/ro\\\/produkt\\\/walek-wom-130cm-rura-trojkatna-500nm-krzyzak-27x745-sprzeglo-jednokierunkowe\\\/#primaryimage\"},\"image\":{\"@id\":\"https:\\\/\\\/exparto.pl\\\/ro\\\/produkt\\\/walek-wom-130cm-rura-trojkatna-500nm-krzyzak-27x745-sprzeglo-jednokierunkowe\\\/#primaryimage\"},\"thumbnailUrl\":\"https:\\\/\\\/exparto.pl\\\/wp-content\\\/uploads\\\/2025\\\/12\\\/c42511d06138119f17aa11d8f0f6483e.jpg\",\"datePublished\":\"2025-12-10T09:33:24+00:00\",\"dateModified\":\"2026-02-02T09:52:40+00:00\",\"breadcrumb\":{\"@id\":\"https:\\\/\\\/exparto.pl\\\/ro\\\/produkt\\\/walek-wom-130cm-rura-trojkatna-500nm-krzyzak-27x745-sprzeglo-jednokierunkowe\\\/#breadcrumb\"},\"inLanguage\":\"ro-RO\",\"potentialAction\":[{\"@type\":\"ReadAction\",\"target\":[\"https:\\\/\\\/exparto.pl\\\/ro\\\/produkt\\\/walek-wom-130cm-rura-trojkatna-500nm-krzyzak-27x745-sprzeglo-jednokierunkowe\\\/\"]}]},{\"@type\":\"ImageObject\",\"inLanguage\":\"ro-RO\",\"@id\":\"https:\\\/\\\/exparto.pl\\\/ro\\\/produkt\\\/walek-wom-130cm-rura-trojkatna-500nm-krzyzak-27x745-sprzeglo-jednokierunkowe\\\/#primaryimage\",\"url\":\"https:\\\/\\\/exparto.pl\\\/wp-content\\\/uploads\\\/2025\\\/12\\\/c42511d06138119f17aa11d8f0f6483e.jpg\",\"contentUrl\":\"https:\\\/\\\/exparto.pl\\\/wp-content\\\/uploads\\\/2025\\\/12\\\/c42511d06138119f17aa11d8f0f6483e.jpg\",\"width\":1200,\"height\":1200},{\"@type\":\"BreadcrumbList\",\"@id\":\"https:\\\/\\\/exparto.pl\\\/ro\\\/produkt\\\/walek-wom-130cm-rura-trojkatna-500nm-krzyzak-27x745-sprzeglo-jednokierunkowe\\\/#breadcrumb\",\"itemListElement\":[{\"@type\":\"ListItem\",\"position\":1,\"name\":\"Pagina de start\",\"item\":\"https:\\\/\\\/exparto.pl\\\/ro\\\/pagina-de-start\\\/\"},{\"@type\":\"ListItem\",\"position\":2,\"name\":\"Sklep\",\"item\":\"https:\\\/\\\/exparto.pl\\\/sklep\\\/\"},{\"@type\":\"ListItem\",\"position\":3,\"name\":\"Arbori PTO telescopici\",\"item\":\"https:\\\/\\\/exparto.pl\\\/ro\\\/categoria-de-produse\\\/arbori-pto-telescopici\\\/\"},{\"@type\":\"ListItem\",\"position\":4,\"name\":\"Wa\u0142ki WOM ze sprz\u0119g\u0142em\",\"item\":\"https:\\\/\\\/exparto.pl\\\/kategoria-produktu\\\/waly-przegubowo-teleskopowe\\\/walki-wom-ze-sprzeglem\\\/\"},{\"@type\":\"ListItem\",\"position\":5,\"name\":\"Wa\u0142ki WOM ze sprz\u0119g\u0142em jednokierunkowym\",\"item\":\"https:\\\/\\\/exparto.pl\\\/kategoria-produktu\\\/waly-przegubowo-teleskopowe\\\/walki-wom-ze-sprzeglem\\\/walki-wom-ze-sprzeglem-jednokierunkowym\\\/\"},{\"@type\":\"ListItem\",\"position\":6,\"name\":\"Wa\u0142ek WOM 130cm rura tr\u00f3jk\u0105tna 500Nm krzy\u017cak 27&#215;74,5 + sprz\u0119g\u0142o przeci\u0105\u017ceniowe\"}]},{\"@type\":\"WebSite\",\"@id\":\"https:\\\/\\\/exparto.pl\\\/ro\\\/#website\",\"url\":\"https:\\\/\\\/exparto.pl\\\/ro\\\/\",\"name\":\"EXPARTO\",\"description\":\"More than agro parts\",\"publisher\":{\"@id\":\"https:\\\/\\\/exparto.pl\\\/ro\\\/#organization\"},\"potentialAction\":[{\"@type\":\"SearchAction\",\"target\":{\"@type\":\"EntryPoint\",\"urlTemplate\":\"https:\\\/\\\/exparto.pl\\\/ro\\\/?s={search_term_string}\"},\"query-input\":{\"@type\":\"PropertyValueSpecification\",\"valueRequired\":true,\"valueName\":\"search_term_string\"}}],\"inLanguage\":\"ro-RO\"},{\"@type\":\"Organization\",\"@id\":\"https:\\\/\\\/exparto.pl\\\/ro\\\/#organization\",\"name\":\"EXPARTO\",\"url\":\"https:\\\/\\\/exparto.pl\\\/ro\\\/\",\"logo\":{\"@type\":\"ImageObject\",\"inLanguage\":\"ro-RO\",\"@id\":\"https:\\\/\\\/exparto.pl\\\/ro\\\/#\\\/schema\\\/logo\\\/image\\\/\",\"url\":\"https:\\\/\\\/exparto.pl\\\/wp-content\\\/uploads\\\/2023\\\/02\\\/logo-wektor.png\",\"contentUrl\":\"https:\\\/\\\/exparto.pl\\\/wp-content\\\/uploads\\\/2023\\\/02\\\/logo-wektor.png\",\"width\":1338,\"height\":143,\"caption\":\"EXPARTO\"},\"image\":{\"@id\":\"https:\\\/\\\/exparto.pl\\\/ro\\\/#\\\/schema\\\/logo\\\/image\\\/\"},\"sameAs\":[\"https:\\\/\\\/www.facebook.com\\\/exparto.agro\\\/\"]}]}<\/script>\n<!-- \/ Yoast SEO plugin. -->","yoast_head_json":{"title":"Wa\u0142ek WOM 130cm rura tr\u00f3jk\u0105tna 500Nm krzy\u017cak 27x74,5 + sprz\u0119g\u0142o przeci\u0105\u017ceniowe - Exparto.pl","robots":{"index":"index","follow":"follow","max-snippet":"max-snippet:-1","max-image-preview":"max-image-preview:large","max-video-preview":"max-video-preview:-1"},"canonical":"https:\/\/exparto.pl\/ro\/produkt\/walek-wom-130cm-rura-trojkatna-500nm-krzyzak-27x745-sprzeglo-jednokierunkowe\/","og_locale":"ro_RO","og_type":"article","og_title":"Wa\u0142ek WOM 130cm rura tr\u00f3jk\u0105tna 500Nm krzy\u017cak 27x74,5 + sprz\u0119g\u0142o przeci\u0105\u017ceniowe - Exparto.pl","og_description":"Wa\u0142y przegubowo-teleskopowe wykorzystywane s\u0105 do przenoszenia momentu obrotowego z wa\u0142ka odbioru mocy ci\u0105gnika (WOM) na wa\u0142ek przyj\u0119cia mocy maszyny (WPM), kt\u00f3ra jest do owego ci\u0105gnika doczepiana.","og_url":"https:\/\/exparto.pl\/ro\/produkt\/walek-wom-130cm-rura-trojkatna-500nm-krzyzak-27x745-sprzeglo-jednokierunkowe\/","og_site_name":"Exparto.pl","article_publisher":"https:\/\/www.facebook.com\/exparto.agro\/","article_modified_time":"2026-02-02T09:52:40+00:00","og_image":[{"width":1200,"height":1200,"url":"https:\/\/exparto.pl\/wp-content\/uploads\/2025\/12\/c42511d06138119f17aa11d8f0f6483e.jpg","type":"image\/jpeg"}],"twitter_card":"summary_large_image","twitter_misc":{"Timp estimat pentru citire":"2 minute"},"schema":{"@context":"https:\/\/schema.org","@graph":[{"@type":"WebPage","@id":"https:\/\/exparto.pl\/ro\/produkt\/walek-wom-130cm-rura-trojkatna-500nm-krzyzak-27x745-sprzeglo-jednokierunkowe\/","url":"https:\/\/exparto.pl\/ro\/produkt\/walek-wom-130cm-rura-trojkatna-500nm-krzyzak-27x745-sprzeglo-jednokierunkowe\/","name":"Wa\u0142ek WOM 130cm rura tr\u00f3jk\u0105tna 500Nm krzy\u017cak 27x74,5 + sprz\u0119g\u0142o przeci\u0105\u017ceniowe - Exparto.pl","isPartOf":{"@id":"https:\/\/exparto.pl\/ro\/#website"},"primaryImageOfPage":{"@id":"https:\/\/exparto.pl\/ro\/produkt\/walek-wom-130cm-rura-trojkatna-500nm-krzyzak-27x745-sprzeglo-jednokierunkowe\/#primaryimage"},"image":{"@id":"https:\/\/exparto.pl\/ro\/produkt\/walek-wom-130cm-rura-trojkatna-500nm-krzyzak-27x745-sprzeglo-jednokierunkowe\/#primaryimage"},"thumbnailUrl":"https:\/\/exparto.pl\/wp-content\/uploads\/2025\/12\/c42511d06138119f17aa11d8f0f6483e.jpg","datePublished":"2025-12-10T09:33:24+00:00","dateModified":"2026-02-02T09:52:40+00:00","breadcrumb":{"@id":"https:\/\/exparto.pl\/ro\/produkt\/walek-wom-130cm-rura-trojkatna-500nm-krzyzak-27x745-sprzeglo-jednokierunkowe\/#breadcrumb"},"inLanguage":"ro-RO","potentialAction":[{"@type":"ReadAction","target":["https:\/\/exparto.pl\/ro\/produkt\/walek-wom-130cm-rura-trojkatna-500nm-krzyzak-27x745-sprzeglo-jednokierunkowe\/"]}]},{"@type":"ImageObject","inLanguage":"ro-RO","@id":"https:\/\/exparto.pl\/ro\/produkt\/walek-wom-130cm-rura-trojkatna-500nm-krzyzak-27x745-sprzeglo-jednokierunkowe\/#primaryimage","url":"https:\/\/exparto.pl\/wp-content\/uploads\/2025\/12\/c42511d06138119f17aa11d8f0f6483e.jpg","contentUrl":"https:\/\/exparto.pl\/wp-content\/uploads\/2025\/12\/c42511d06138119f17aa11d8f0f6483e.jpg","width":1200,"height":1200},{"@type":"BreadcrumbList","@id":"https:\/\/exparto.pl\/ro\/produkt\/walek-wom-130cm-rura-trojkatna-500nm-krzyzak-27x745-sprzeglo-jednokierunkowe\/#breadcrumb","itemListElement":[{"@type":"ListItem","position":1,"name":"Pagina de start","item":"https:\/\/exparto.pl\/ro\/pagina-de-start\/"},{"@type":"ListItem","position":2,"name":"Sklep","item":"https:\/\/exparto.pl\/sklep\/"},{"@type":"ListItem","position":3,"name":"Arbori PTO telescopici","item":"https:\/\/exparto.pl\/ro\/categoria-de-produse\/arbori-pto-telescopici\/"},{"@type":"ListItem","position":4,"name":"Wa\u0142ki WOM ze sprz\u0119g\u0142em","item":"https:\/\/exparto.pl\/kategoria-produktu\/waly-przegubowo-teleskopowe\/walki-wom-ze-sprzeglem\/"},{"@type":"ListItem","position":5,"name":"Wa\u0142ki WOM ze sprz\u0119g\u0142em jednokierunkowym","item":"https:\/\/exparto.pl\/kategoria-produktu\/waly-przegubowo-teleskopowe\/walki-wom-ze-sprzeglem\/walki-wom-ze-sprzeglem-jednokierunkowym\/"},{"@type":"ListItem","position":6,"name":"Wa\u0142ek WOM 130cm rura tr\u00f3jk\u0105tna 500Nm krzy\u017cak 27&#215;74,5 + sprz\u0119g\u0142o przeci\u0105\u017ceniowe"}]},{"@type":"WebSite","@id":"https:\/\/exparto.pl\/ro\/#website","url":"https:\/\/exparto.pl\/ro\/","name":"EXPARTO","description":"More than agro parts","publisher":{"@id":"https:\/\/exparto.pl\/ro\/#organization"},"potentialAction":[{"@type":"SearchAction","target":{"@type":"EntryPoint","urlTemplate":"https:\/\/exparto.pl\/ro\/?s={search_term_string}"},"query-input":{"@type":"PropertyValueSpecification","valueRequired":true,"valueName":"search_term_string"}}],"inLanguage":"ro-RO"},{"@type":"Organization","@id":"https:\/\/exparto.pl\/ro\/#organization","name":"EXPARTO","url":"https:\/\/exparto.pl\/ro\/","logo":{"@type":"ImageObject","inLanguage":"ro-RO","@id":"https:\/\/exparto.pl\/ro\/#\/schema\/logo\/image\/","url":"https:\/\/exparto.pl\/wp-content\/uploads\/2023\/02\/logo-wektor.png","contentUrl":"https:\/\/exparto.pl\/wp-content\/uploads\/2023\/02\/logo-wektor.png","width":1338,"height":143,"caption":"EXPARTO"},"image":{"@id":"https:\/\/exparto.pl\/ro\/#\/schema\/logo\/image\/"},"sameAs":["https:\/\/www.facebook.com\/exparto.agro\/"]}]}},"_links":{"self":[{"href":"https:\/\/exparto.pl\/ro\/wp-json\/wp\/v2\/product\/61372","targetHints":{"allow":["GET"]}}],"collection":[{"href":"https:\/\/exparto.pl\/ro\/wp-json\/wp\/v2\/product"}],"about":[{"href":"https:\/\/exparto.pl\/ro\/wp-json\/wp\/v2\/types\/product"}],"replies":[{"embeddable":true,"href":"https:\/\/exparto.pl\/ro\/wp-json\/wp\/v2\/comments?post=61372"}],"wp:featuredmedia":[{"embeddable":true,"href":"https:\/\/exparto.pl\/ro\/wp-json\/wp\/v2\/media\/61357"}],"wp:attachment":[{"href":"https:\/\/exparto.pl\/ro\/wp-json\/wp\/v2\/media?parent=61372"}],"wp:term":[{"taxonomy":"product_brand","embeddable":true,"href":"https:\/\/exparto.pl\/ro\/wp-json\/wp\/v2\/product_brand?post=61372"},{"taxonomy":"product_cat","embeddable":true,"href":"https:\/\/exparto.pl\/ro\/wp-json\/wp\/v2\/product_cat?post=61372"},{"taxonomy":"product_tag","embeddable":true,"href":"https:\/\/exparto.pl\/ro\/wp-json\/wp\/v2\/product_tag?post=61372"}],"curies":[{"name":"wp","href":"https:\/\/api.w.org\/{rel}","templated":true}]}}