{"id":61466,"date":"2025-12-11T12:50:12","date_gmt":"2025-12-11T11:50:12","guid":{"rendered":"https:\/\/exparto.pl\/produkt\/filtr-przeciwpylowy-speedglas-3m-adflo-837010\/"},"modified":"2026-01-21T12:45:39","modified_gmt":"2026-01-21T11:45:39","slug":"filtr-przeciwpylowy-speedglas-3m-adflo-837010","status":"publish","type":"product","link":"https:\/\/exparto.pl\/ro\/produkt\/filtr-przeciwpylowy-speedglas-3m-adflo-837010\/","title":{"rendered":"Filtr przeciwpy\u0142owy SPEEDGLAS 3M ADFLO 837010"},"content":{"rendered":"<p style=\"text-align: justify\">Filtr przeciwpy\u0142owy 3M\u2122 Adflo\u2122 837010 to wysokiej klasy wk\u0142ad filtruj\u0105cy przeznaczony do ochrony dr\u00f3g oddechowych w \u015brodowiskach zapylonych. Stosowany w systemie z wymuszonym przep\u0142ywem powietrza 3M Adflo, skutecznie zatrzymuje drobne cz\u0105stki sta\u0142e, zapewniaj\u0105c czyste i bezpieczne powietrze podczas pracy. Konstrukcja o zwi\u0119kszonej powierzchni filtracyjnej wyd\u0142u\u017ca jego \u017cywotno\u015b\u0107 oraz poprawia komfort u\u017cytkownika.<\/p>\n<p style=\"text-align: justify\"><b>Zastosowanie:<\/b><\/p>\n<ul>\n<li style=\"text-align: justify\">Filtr 837010 montowany jest w jednostce nap\u0119dowej systemu 3M Adflo i przeznaczony do pracy w \u015brodowisku:<\/li>\n<li style=\"text-align: justify\">spawalniczym,<\/li>\n<li style=\"text-align: justify\">szlifierskim,<\/li>\n<li style=\"text-align: justify\">z py\u0142ami metalicznymi, przemys\u0142owymi i produkcyjnymi,<\/li>\n<li style=\"text-align: justify\">wymagaj\u0105cym skutecznej filtracji cz\u0105stek sta\u0142ych klasy P3.<\/li>\n<\/ul>\n","protected":false},"excerpt":{"rendered":"<p style=\"text-align: justify\">Filtr przeciwpy\u0142owy SPEEDGLAS 3M ADFLO 837010.<\/p>\n","protected":false},"featured_media":61446,"comment_status":"open","ping_status":"closed","template":"","meta":{"_acf_changed":false,"inline_featured_image":false},"product_brand":[],"product_cat":[494],"product_tag":[],"class_list":{"0":"post-61466","1":"product","2":"type-product","3":"status-publish","4":"has-post-thumbnail","6":"product_cat-filtre-sk","8":"first","9":"instock","10":"taxable","11":"shipping-taxable","12":"purchasable","13":"product-type-simple"},"acf":[],"yoast_head":"<!-- This site is optimized with the Yoast SEO plugin v27.3 - https:\/\/yoast.com\/product\/yoast-seo-wordpress\/ -->\n<title>Filtr przeciwpy\u0142owy SPEEDGLAS 3M ADFLO 837010 - Exparto.pl<\/title>\n<meta name=\"robots\" content=\"index, follow, max-snippet:-1, max-image-preview:large, max-video-preview:-1\" \/>\n<link rel=\"canonical\" href=\"https:\/\/exparto.pl\/ro\/produkt\/filtr-przeciwpylowy-speedglas-3m-adflo-837010\/\" \/>\n<meta property=\"og:locale\" content=\"ro_RO\" \/>\n<meta property=\"og:type\" content=\"article\" \/>\n<meta property=\"og:title\" content=\"Filtr przeciwpy\u0142owy SPEEDGLAS 3M ADFLO 837010 - Exparto.pl\" \/>\n<meta property=\"og:description\" content=\"Filtr przeciwpy\u0142owy SPEEDGLAS 3M ADFLO 837010.\" \/>\n<meta property=\"og:url\" content=\"https:\/\/exparto.pl\/ro\/produkt\/filtr-przeciwpylowy-speedglas-3m-adflo-837010\/\" \/>\n<meta property=\"og:site_name\" content=\"Exparto.pl\" \/>\n<meta property=\"article:publisher\" content=\"https:\/\/www.facebook.com\/exparto.agro\/\" \/>\n<meta property=\"article:modified_time\" content=\"2026-01-21T11:45:39+00:00\" \/>\n<meta name=\"twitter:card\" content=\"summary_large_image\" \/>\n<script type=\"application\/ld+json\" class=\"yoast-schema-graph\">{\"@context\":\"https:\\\/\\\/schema.org\",\"@graph\":[{\"@type\":\"WebPage\",\"@id\":\"https:\\\/\\\/exparto.pl\\\/ro\\\/produkt\\\/filtr-przeciwpylowy-speedglas-3m-adflo-837010\\\/\",\"url\":\"https:\\\/\\\/exparto.pl\\\/ro\\\/produkt\\\/filtr-przeciwpylowy-speedglas-3m-adflo-837010\\\/\",\"name\":\"Filtr przeciwpy\u0142owy SPEEDGLAS 3M ADFLO 837010 - Exparto.pl\",\"isPartOf\":{\"@id\":\"https:\\\/\\\/exparto.pl\\\/ro\\\/#website\"},\"primaryImageOfPage\":{\"@id\":\"https:\\\/\\\/exparto.pl\\\/ro\\\/produkt\\\/filtr-przeciwpylowy-speedglas-3m-adflo-837010\\\/#primaryimage\"},\"image\":{\"@id\":\"https:\\\/\\\/exparto.pl\\\/ro\\\/produkt\\\/filtr-przeciwpylowy-speedglas-3m-adflo-837010\\\/#primaryimage\"},\"thumbnailUrl\":\"https:\\\/\\\/exparto.pl\\\/wp-content\\\/uploads\\\/2025\\\/12\\\/13301a9d5ff13e8060ab9d5ad46c122b.jpg\",\"datePublished\":\"2025-12-11T11:50:12+00:00\",\"dateModified\":\"2026-01-21T11:45:39+00:00\",\"breadcrumb\":{\"@id\":\"https:\\\/\\\/exparto.pl\\\/ro\\\/produkt\\\/filtr-przeciwpylowy-speedglas-3m-adflo-837010\\\/#breadcrumb\"},\"inLanguage\":\"ro-RO\",\"potentialAction\":[{\"@type\":\"ReadAction\",\"target\":[\"https:\\\/\\\/exparto.pl\\\/ro\\\/produkt\\\/filtr-przeciwpylowy-speedglas-3m-adflo-837010\\\/\"]}]},{\"@type\":\"ImageObject\",\"inLanguage\":\"ro-RO\",\"@id\":\"https:\\\/\\\/exparto.pl\\\/ro\\\/produkt\\\/filtr-przeciwpylowy-speedglas-3m-adflo-837010\\\/#primaryimage\",\"url\":\"https:\\\/\\\/exparto.pl\\\/wp-content\\\/uploads\\\/2025\\\/12\\\/13301a9d5ff13e8060ab9d5ad46c122b.jpg\",\"contentUrl\":\"https:\\\/\\\/exparto.pl\\\/wp-content\\\/uploads\\\/2025\\\/12\\\/13301a9d5ff13e8060ab9d5ad46c122b.jpg\",\"width\":1200,\"height\":1200},{\"@type\":\"BreadcrumbList\",\"@id\":\"https:\\\/\\\/exparto.pl\\\/ro\\\/produkt\\\/filtr-przeciwpylowy-speedglas-3m-adflo-837010\\\/#breadcrumb\",\"itemListElement\":[{\"@type\":\"ListItem\",\"position\":1,\"name\":\"Pagina de start\",\"item\":\"https:\\\/\\\/exparto.pl\\\/ro\\\/pagina-de-start\\\/\"},{\"@type\":\"ListItem\",\"position\":2,\"name\":\"Sklep\",\"item\":\"https:\\\/\\\/exparto.pl\\\/sklep\\\/\"},{\"@type\":\"ListItem\",\"position\":3,\"name\":\"Filtr przeciwpy\u0142owy SPEEDGLAS 3M ADFLO 837010\"}]},{\"@type\":\"WebSite\",\"@id\":\"https:\\\/\\\/exparto.pl\\\/ro\\\/#website\",\"url\":\"https:\\\/\\\/exparto.pl\\\/ro\\\/\",\"name\":\"EXPARTO\",\"description\":\"More than agro parts\",\"publisher\":{\"@id\":\"https:\\\/\\\/exparto.pl\\\/ro\\\/#organization\"},\"potentialAction\":[{\"@type\":\"SearchAction\",\"target\":{\"@type\":\"EntryPoint\",\"urlTemplate\":\"https:\\\/\\\/exparto.pl\\\/ro\\\/?s={search_term_string}\"},\"query-input\":{\"@type\":\"PropertyValueSpecification\",\"valueRequired\":true,\"valueName\":\"search_term_string\"}}],\"inLanguage\":\"ro-RO\"},{\"@type\":\"Organization\",\"@id\":\"https:\\\/\\\/exparto.pl\\\/ro\\\/#organization\",\"name\":\"EXPARTO\",\"url\":\"https:\\\/\\\/exparto.pl\\\/ro\\\/\",\"logo\":{\"@type\":\"ImageObject\",\"inLanguage\":\"ro-RO\",\"@id\":\"https:\\\/\\\/exparto.pl\\\/ro\\\/#\\\/schema\\\/logo\\\/image\\\/\",\"url\":\"https:\\\/\\\/exparto.pl\\\/wp-content\\\/uploads\\\/2023\\\/02\\\/logo-wektor.png\",\"contentUrl\":\"https:\\\/\\\/exparto.pl\\\/wp-content\\\/uploads\\\/2023\\\/02\\\/logo-wektor.png\",\"width\":1338,\"height\":143,\"caption\":\"EXPARTO\"},\"image\":{\"@id\":\"https:\\\/\\\/exparto.pl\\\/ro\\\/#\\\/schema\\\/logo\\\/image\\\/\"},\"sameAs\":[\"https:\\\/\\\/www.facebook.com\\\/exparto.agro\\\/\"]}]}<\/script>\n<!-- \/ Yoast SEO plugin. -->","yoast_head_json":{"title":"Filtr przeciwpy\u0142owy SPEEDGLAS 3M ADFLO 837010 - Exparto.pl","robots":{"index":"index","follow":"follow","max-snippet":"max-snippet:-1","max-image-preview":"max-image-preview:large","max-video-preview":"max-video-preview:-1"},"canonical":"https:\/\/exparto.pl\/ro\/produkt\/filtr-przeciwpylowy-speedglas-3m-adflo-837010\/","og_locale":"ro_RO","og_type":"article","og_title":"Filtr przeciwpy\u0142owy SPEEDGLAS 3M ADFLO 837010 - Exparto.pl","og_description":"Filtr przeciwpy\u0142owy SPEEDGLAS 3M ADFLO 837010.","og_url":"https:\/\/exparto.pl\/ro\/produkt\/filtr-przeciwpylowy-speedglas-3m-adflo-837010\/","og_site_name":"Exparto.pl","article_publisher":"https:\/\/www.facebook.com\/exparto.agro\/","article_modified_time":"2026-01-21T11:45:39+00:00","twitter_card":"summary_large_image","schema":{"@context":"https:\/\/schema.org","@graph":[{"@type":"WebPage","@id":"https:\/\/exparto.pl\/ro\/produkt\/filtr-przeciwpylowy-speedglas-3m-adflo-837010\/","url":"https:\/\/exparto.pl\/ro\/produkt\/filtr-przeciwpylowy-speedglas-3m-adflo-837010\/","name":"Filtr przeciwpy\u0142owy SPEEDGLAS 3M ADFLO 837010 - Exparto.pl","isPartOf":{"@id":"https:\/\/exparto.pl\/ro\/#website"},"primaryImageOfPage":{"@id":"https:\/\/exparto.pl\/ro\/produkt\/filtr-przeciwpylowy-speedglas-3m-adflo-837010\/#primaryimage"},"image":{"@id":"https:\/\/exparto.pl\/ro\/produkt\/filtr-przeciwpylowy-speedglas-3m-adflo-837010\/#primaryimage"},"thumbnailUrl":"https:\/\/exparto.pl\/wp-content\/uploads\/2025\/12\/13301a9d5ff13e8060ab9d5ad46c122b.jpg","datePublished":"2025-12-11T11:50:12+00:00","dateModified":"2026-01-21T11:45:39+00:00","breadcrumb":{"@id":"https:\/\/exparto.pl\/ro\/produkt\/filtr-przeciwpylowy-speedglas-3m-adflo-837010\/#breadcrumb"},"inLanguage":"ro-RO","potentialAction":[{"@type":"ReadAction","target":["https:\/\/exparto.pl\/ro\/produkt\/filtr-przeciwpylowy-speedglas-3m-adflo-837010\/"]}]},{"@type":"ImageObject","inLanguage":"ro-RO","@id":"https:\/\/exparto.pl\/ro\/produkt\/filtr-przeciwpylowy-speedglas-3m-adflo-837010\/#primaryimage","url":"https:\/\/exparto.pl\/wp-content\/uploads\/2025\/12\/13301a9d5ff13e8060ab9d5ad46c122b.jpg","contentUrl":"https:\/\/exparto.pl\/wp-content\/uploads\/2025\/12\/13301a9d5ff13e8060ab9d5ad46c122b.jpg","width":1200,"height":1200},{"@type":"BreadcrumbList","@id":"https:\/\/exparto.pl\/ro\/produkt\/filtr-przeciwpylowy-speedglas-3m-adflo-837010\/#breadcrumb","itemListElement":[{"@type":"ListItem","position":1,"name":"Pagina de start","item":"https:\/\/exparto.pl\/ro\/pagina-de-start\/"},{"@type":"ListItem","position":2,"name":"Sklep","item":"https:\/\/exparto.pl\/sklep\/"},{"@type":"ListItem","position":3,"name":"Filtr przeciwpy\u0142owy SPEEDGLAS 3M ADFLO 837010"}]},{"@type":"WebSite","@id":"https:\/\/exparto.pl\/ro\/#website","url":"https:\/\/exparto.pl\/ro\/","name":"EXPARTO","description":"More than agro parts","publisher":{"@id":"https:\/\/exparto.pl\/ro\/#organization"},"potentialAction":[{"@type":"SearchAction","target":{"@type":"EntryPoint","urlTemplate":"https:\/\/exparto.pl\/ro\/?s={search_term_string}"},"query-input":{"@type":"PropertyValueSpecification","valueRequired":true,"valueName":"search_term_string"}}],"inLanguage":"ro-RO"},{"@type":"Organization","@id":"https:\/\/exparto.pl\/ro\/#organization","name":"EXPARTO","url":"https:\/\/exparto.pl\/ro\/","logo":{"@type":"ImageObject","inLanguage":"ro-RO","@id":"https:\/\/exparto.pl\/ro\/#\/schema\/logo\/image\/","url":"https:\/\/exparto.pl\/wp-content\/uploads\/2023\/02\/logo-wektor.png","contentUrl":"https:\/\/exparto.pl\/wp-content\/uploads\/2023\/02\/logo-wektor.png","width":1338,"height":143,"caption":"EXPARTO"},"image":{"@id":"https:\/\/exparto.pl\/ro\/#\/schema\/logo\/image\/"},"sameAs":["https:\/\/www.facebook.com\/exparto.agro\/"]}]}},"_links":{"self":[{"href":"https:\/\/exparto.pl\/ro\/wp-json\/wp\/v2\/product\/61466","targetHints":{"allow":["GET"]}}],"collection":[{"href":"https:\/\/exparto.pl\/ro\/wp-json\/wp\/v2\/product"}],"about":[{"href":"https:\/\/exparto.pl\/ro\/wp-json\/wp\/v2\/types\/product"}],"replies":[{"embeddable":true,"href":"https:\/\/exparto.pl\/ro\/wp-json\/wp\/v2\/comments?post=61466"}],"wp:featuredmedia":[{"embeddable":true,"href":"https:\/\/exparto.pl\/ro\/wp-json\/wp\/v2\/media\/61446"}],"wp:attachment":[{"href":"https:\/\/exparto.pl\/ro\/wp-json\/wp\/v2\/media?parent=61466"}],"wp:term":[{"taxonomy":"product_brand","embeddable":true,"href":"https:\/\/exparto.pl\/ro\/wp-json\/wp\/v2\/product_brand?post=61466"},{"taxonomy":"product_cat","embeddable":true,"href":"https:\/\/exparto.pl\/ro\/wp-json\/wp\/v2\/product_cat?post=61466"},{"taxonomy":"product_tag","embeddable":true,"href":"https:\/\/exparto.pl\/ro\/wp-json\/wp\/v2\/product_tag?post=61466"}],"curies":[{"name":"wp","href":"https:\/\/api.w.org\/{rel}","templated":true}]}}