{"id":63874,"date":"2026-04-09T13:27:44","date_gmt":"2026-04-09T11:27:44","guid":{"rendered":"https:\/\/exparto.pl\/produkt\/noz-sadowniczy-do-kosiarki-rozdrabniacza-duzy-kuty-hartowany-375mm-199rz-3\/"},"modified":"2026-04-09T13:44:37","modified_gmt":"2026-04-09T11:44:37","slug":"noz-sadowniczy-do-kosiarki-rozdrabniacza-duzy-kuty-hartowany-375mm-199rz-3","status":"publish","type":"product","link":"https:\/\/exparto.pl\/ro\/produkt\/noz-sadowniczy-do-kosiarki-rozdrabniacza-duzy-kuty-hartowany-375mm-199rz-3\/","title":{"rendered":"N\u00f3\u017c sadowniczy do kosiarki rozdrabniacza du\u017cy kuty hartowany 375mm 199RZ-3"},"content":{"rendered":"<p style=\"text-align: justify\">No\u017ce do kosiarek sadowniczych oraz rozdrabniaczy ga\u0142\u0119zi to profesjonalne rozwi\u0105zanie, kt\u00f3re w EXPARTO wybrali\u015bmy dla ka\u017cdego, kto chce unikn\u0105\u0107 przestoj\u00f3w w samym szczycie sezonu. <strong>Oferowany przez nas n\u00f3\u017c sadowniczy z wysokiej jako\u015bci stali manganowej zosta\u0142 wykonany przez polskiego producenta Agro-Wikt.<\/strong> Je\u015bli szukasz czego\u015b, co bez problemu poradzi sobie z grubymi ga\u0142\u0119ziami czy resztkami po wycinaniu, ten model b\u0119dzie strza\u0142em w dziesi\u0105tk\u0119.<\/p>\n<h2><span style=\"font-weight: 400\">N\u00f3\u017c do kosiarki sadowniczej \u2013 n\u00f3\u017c kuty, n\u00f3\u017c do rozdrabniacza ga\u0142\u0119zi<\/span><\/h2>\n<p style=\"text-align: justify\"><b>W EXPARTO wiemy, \u017ce w rolnictwie liczy si\u0119 czas i pewno\u015b\u0107 dzia\u0142ania, dlatego nasz du\u017cy n\u00f3\u017c do kosiarko-rozdrabniacza zosta\u0142 zaprojektowany tak, by wytrzyma\u0107 uderzenia o twarde p\u0119dy czy ukryte w trawie przeszkody<\/b>. Metoda kucia daje pewno\u015b\u0107, \u017ce maszyna pracuje p\u0142ynnie i bez zb\u0119dnych wibracji. Dbamy o to, aby\u015b rzadziej zagl\u0105da\u0142 do warsztatu, dlatego ostrze, jakim dysponuje nasz n\u00f3\u017c do rozdrabniacza, profesjonalnie hartuje si\u0119 na ca\u0142ej d\u0142ugo\u015bci. Taka obr\u00f3bka cieplna powoduje, \u017ce te no\u017ce ruchome nie t\u0119pi\u0105 si\u0119 po kilku godzinach pracy i zachowuj\u0105 swoj\u0105 agresj\u0119 w ci\u0119ciu przez bardzo d\u0142ugi czas.<\/p>\n<p style=\"text-align: justify\">Wybieraj\u0105c ten n\u00f3\u017c do kosiarki, inwestujesz w p\u0142ynn\u0105 prac\u0119 bez zb\u0119dnych przestoj\u00f3w. <strong>W naszej ofercie posiadamy r\u00f3wnie\u017c inne warianty element\u00f3w tn\u0105cych, dlatego zapraszamy do zakup\u00f3w, kt\u00f3re u\u0142atwi\u0105 Ci codzienn\u0105 prac\u0119.<\/strong><\/p>\n<p style=\"text-align: justify\"><strong>Zastosowanie:<\/strong><\/p>\n<ul>\n<li>kosiarki sadownicze<\/li>\n<li>rozdrabniacze sadownicze<\/li>\n<\/ul>\n<p style=\"text-align: justify\"><strong>Numer katalogowy:<\/strong><\/p>\n<ul>\n<li>199RZ-3<\/li>\n<\/ul>\n","protected":false},"excerpt":{"rendered":"<p>Dzi\u0119ki metodzie kucia masz pewno\u015b\u0107, \u017ce maszyna pracuje p\u0142ynnie, bez zb\u0119dnych wibracji i ryzyka nag\u0142ych awarii. Nasz n\u00f3\u017c posiada ostrze poddane obr\u00f3bce cieplnej co sprawia, \u017ce kraw\u0119d\u017a tn\u0105ca pozostaje ostra i agresywna znacznie d\u0142u\u017cej ni\u017c standardowe zamienniki.<\/p>\n","protected":false},"featured_media":63854,"comment_status":"open","ping_status":"closed","template":"","meta":{"_acf_changed":false,"inline_featured_image":false},"product_brand":[1042],"product_cat":[927],"product_tag":[],"class_list":{"0":"post-63874","1":"product","2":"type-product","3":"status-publish","4":"has-post-thumbnail","6":"product_brand-agro-wikt","7":"product_cat-czesci-do-kosiarki-bijakowej","9":"first","10":"instock","11":"taxable","12":"shipping-taxable","13":"purchasable","14":"product-type-simple"},"acf":[],"yoast_head":"<!-- This site is optimized with the Yoast SEO plugin v27.3 - https:\/\/yoast.com\/product\/yoast-seo-wordpress\/ -->\n<title>N\u00f3\u017c sadowniczy do kosiarki rozdrabniacza du\u017cy kuty hartowany 375mm 199RZ-3 - Exparto.pl<\/title>\n<meta name=\"robots\" content=\"index, follow, max-snippet:-1, max-image-preview:large, max-video-preview:-1\" \/>\n<link rel=\"canonical\" href=\"https:\/\/exparto.pl\/ro\/produkt\/noz-sadowniczy-do-kosiarki-rozdrabniacza-duzy-kuty-hartowany-375mm-199rz-3\/\" \/>\n<meta property=\"og:locale\" content=\"ro_RO\" \/>\n<meta property=\"og:type\" content=\"article\" \/>\n<meta property=\"og:title\" content=\"N\u00f3\u017c sadowniczy do kosiarki rozdrabniacza du\u017cy kuty hartowany 375mm 199RZ-3 - Exparto.pl\" \/>\n<meta property=\"og:description\" content=\"Dzi\u0119ki metodzie kucia masz pewno\u015b\u0107, \u017ce maszyna pracuje p\u0142ynnie, bez zb\u0119dnych wibracji i ryzyka nag\u0142ych awarii. Nasz n\u00f3\u017c posiada ostrze poddane obr\u00f3bce cieplnej co sprawia, \u017ce kraw\u0119d\u017a tn\u0105ca pozostaje ostra i agresywna znacznie d\u0142u\u017cej ni\u017c standardowe zamienniki.\" \/>\n<meta property=\"og:url\" content=\"https:\/\/exparto.pl\/ro\/produkt\/noz-sadowniczy-do-kosiarki-rozdrabniacza-duzy-kuty-hartowany-375mm-199rz-3\/\" \/>\n<meta property=\"og:site_name\" content=\"Exparto.pl\" \/>\n<meta property=\"article:publisher\" content=\"https:\/\/www.facebook.com\/exparto.agro\/\" \/>\n<meta property=\"article:modified_time\" content=\"2026-04-09T11:44:37+00:00\" \/>\n<meta property=\"og:image\" content=\"https:\/\/exparto.pl\/wp-content\/uploads\/2026\/04\/eb565991ccdcf59fde3af7b4a37e8dc3-scaled.jpg\" \/>\n\t<meta property=\"og:image:width\" content=\"2560\" \/>\n\t<meta property=\"og:image:height\" content=\"2560\" \/>\n\t<meta property=\"og:image:type\" content=\"image\/jpeg\" \/>\n<meta name=\"twitter:card\" content=\"summary_large_image\" \/>\n<meta name=\"twitter:label1\" content=\"Timp estimat pentru citire\" \/>\n\t<meta name=\"twitter:data1\" content=\"2 minute\" \/>\n<script type=\"application\/ld+json\" class=\"yoast-schema-graph\">{\"@context\":\"https:\\\/\\\/schema.org\",\"@graph\":[{\"@type\":\"WebPage\",\"@id\":\"https:\\\/\\\/exparto.pl\\\/ro\\\/produkt\\\/noz-sadowniczy-do-kosiarki-rozdrabniacza-duzy-kuty-hartowany-375mm-199rz-3\\\/\",\"url\":\"https:\\\/\\\/exparto.pl\\\/ro\\\/produkt\\\/noz-sadowniczy-do-kosiarki-rozdrabniacza-duzy-kuty-hartowany-375mm-199rz-3\\\/\",\"name\":\"N\u00f3\u017c sadowniczy do kosiarki rozdrabniacza du\u017cy kuty hartowany 375mm 199RZ-3 - Exparto.pl\",\"isPartOf\":{\"@id\":\"https:\\\/\\\/exparto.pl\\\/ro\\\/#website\"},\"primaryImageOfPage\":{\"@id\":\"https:\\\/\\\/exparto.pl\\\/ro\\\/produkt\\\/noz-sadowniczy-do-kosiarki-rozdrabniacza-duzy-kuty-hartowany-375mm-199rz-3\\\/#primaryimage\"},\"image\":{\"@id\":\"https:\\\/\\\/exparto.pl\\\/ro\\\/produkt\\\/noz-sadowniczy-do-kosiarki-rozdrabniacza-duzy-kuty-hartowany-375mm-199rz-3\\\/#primaryimage\"},\"thumbnailUrl\":\"https:\\\/\\\/exparto.pl\\\/wp-content\\\/uploads\\\/2026\\\/04\\\/eb565991ccdcf59fde3af7b4a37e8dc3-scaled.jpg\",\"datePublished\":\"2026-04-09T11:27:44+00:00\",\"dateModified\":\"2026-04-09T11:44:37+00:00\",\"breadcrumb\":{\"@id\":\"https:\\\/\\\/exparto.pl\\\/ro\\\/produkt\\\/noz-sadowniczy-do-kosiarki-rozdrabniacza-duzy-kuty-hartowany-375mm-199rz-3\\\/#breadcrumb\"},\"inLanguage\":\"ro-RO\",\"potentialAction\":[{\"@type\":\"ReadAction\",\"target\":[\"https:\\\/\\\/exparto.pl\\\/ro\\\/produkt\\\/noz-sadowniczy-do-kosiarki-rozdrabniacza-duzy-kuty-hartowany-375mm-199rz-3\\\/\"]}]},{\"@type\":\"ImageObject\",\"inLanguage\":\"ro-RO\",\"@id\":\"https:\\\/\\\/exparto.pl\\\/ro\\\/produkt\\\/noz-sadowniczy-do-kosiarki-rozdrabniacza-duzy-kuty-hartowany-375mm-199rz-3\\\/#primaryimage\",\"url\":\"https:\\\/\\\/exparto.pl\\\/wp-content\\\/uploads\\\/2026\\\/04\\\/eb565991ccdcf59fde3af7b4a37e8dc3-scaled.jpg\",\"contentUrl\":\"https:\\\/\\\/exparto.pl\\\/wp-content\\\/uploads\\\/2026\\\/04\\\/eb565991ccdcf59fde3af7b4a37e8dc3-scaled.jpg\",\"width\":2560,\"height\":2560,\"caption\":\"768d63d213c1406af506c341481f8790\"},{\"@type\":\"BreadcrumbList\",\"@id\":\"https:\\\/\\\/exparto.pl\\\/ro\\\/produkt\\\/noz-sadowniczy-do-kosiarki-rozdrabniacza-duzy-kuty-hartowany-375mm-199rz-3\\\/#breadcrumb\",\"itemListElement\":[{\"@type\":\"ListItem\",\"position\":1,\"name\":\"Pagina de start\",\"item\":\"https:\\\/\\\/exparto.pl\\\/ro\\\/pagina-de-start\\\/\"},{\"@type\":\"ListItem\",\"position\":2,\"name\":\"Sklep\",\"item\":\"https:\\\/\\\/exparto.pl\\\/sklep\\\/\"},{\"@type\":\"ListItem\",\"position\":3,\"name\":\"Cz\u0119\u015bci do kosiarki bijakowej\",\"item\":\"https:\\\/\\\/exparto.pl\\\/kategoria-produktu\\\/czesci-do-kosiarki-bijakowej\\\/\"},{\"@type\":\"ListItem\",\"position\":4,\"name\":\"N\u00f3\u017c sadowniczy do kosiarki rozdrabniacza du\u017cy kuty hartowany 375mm 199RZ-3\"}]},{\"@type\":\"WebSite\",\"@id\":\"https:\\\/\\\/exparto.pl\\\/ro\\\/#website\",\"url\":\"https:\\\/\\\/exparto.pl\\\/ro\\\/\",\"name\":\"EXPARTO\",\"description\":\"More than agro parts\",\"publisher\":{\"@id\":\"https:\\\/\\\/exparto.pl\\\/ro\\\/#organization\"},\"potentialAction\":[{\"@type\":\"SearchAction\",\"target\":{\"@type\":\"EntryPoint\",\"urlTemplate\":\"https:\\\/\\\/exparto.pl\\\/ro\\\/?s={search_term_string}\"},\"query-input\":{\"@type\":\"PropertyValueSpecification\",\"valueRequired\":true,\"valueName\":\"search_term_string\"}}],\"inLanguage\":\"ro-RO\"},{\"@type\":\"Organization\",\"@id\":\"https:\\\/\\\/exparto.pl\\\/ro\\\/#organization\",\"name\":\"EXPARTO\",\"url\":\"https:\\\/\\\/exparto.pl\\\/ro\\\/\",\"logo\":{\"@type\":\"ImageObject\",\"inLanguage\":\"ro-RO\",\"@id\":\"https:\\\/\\\/exparto.pl\\\/ro\\\/#\\\/schema\\\/logo\\\/image\\\/\",\"url\":\"https:\\\/\\\/exparto.pl\\\/wp-content\\\/uploads\\\/2023\\\/02\\\/logo-wektor.png\",\"contentUrl\":\"https:\\\/\\\/exparto.pl\\\/wp-content\\\/uploads\\\/2023\\\/02\\\/logo-wektor.png\",\"width\":1338,\"height\":143,\"caption\":\"EXPARTO\"},\"image\":{\"@id\":\"https:\\\/\\\/exparto.pl\\\/ro\\\/#\\\/schema\\\/logo\\\/image\\\/\"},\"sameAs\":[\"https:\\\/\\\/www.facebook.com\\\/exparto.agro\\\/\"]}]}<\/script>\n<!-- \/ Yoast SEO plugin. -->","yoast_head_json":{"title":"N\u00f3\u017c sadowniczy do kosiarki rozdrabniacza du\u017cy kuty hartowany 375mm 199RZ-3 - Exparto.pl","robots":{"index":"index","follow":"follow","max-snippet":"max-snippet:-1","max-image-preview":"max-image-preview:large","max-video-preview":"max-video-preview:-1"},"canonical":"https:\/\/exparto.pl\/ro\/produkt\/noz-sadowniczy-do-kosiarki-rozdrabniacza-duzy-kuty-hartowany-375mm-199rz-3\/","og_locale":"ro_RO","og_type":"article","og_title":"N\u00f3\u017c sadowniczy do kosiarki rozdrabniacza du\u017cy kuty hartowany 375mm 199RZ-3 - Exparto.pl","og_description":"Dzi\u0119ki metodzie kucia masz pewno\u015b\u0107, \u017ce maszyna pracuje p\u0142ynnie, bez zb\u0119dnych wibracji i ryzyka nag\u0142ych awarii. Nasz n\u00f3\u017c posiada ostrze poddane obr\u00f3bce cieplnej co sprawia, \u017ce kraw\u0119d\u017a tn\u0105ca pozostaje ostra i agresywna znacznie d\u0142u\u017cej ni\u017c standardowe zamienniki.","og_url":"https:\/\/exparto.pl\/ro\/produkt\/noz-sadowniczy-do-kosiarki-rozdrabniacza-duzy-kuty-hartowany-375mm-199rz-3\/","og_site_name":"Exparto.pl","article_publisher":"https:\/\/www.facebook.com\/exparto.agro\/","article_modified_time":"2026-04-09T11:44:37+00:00","og_image":[{"width":2560,"height":2560,"url":"https:\/\/exparto.pl\/wp-content\/uploads\/2026\/04\/eb565991ccdcf59fde3af7b4a37e8dc3-scaled.jpg","type":"image\/jpeg"}],"twitter_card":"summary_large_image","twitter_misc":{"Timp estimat pentru citire":"2 minute"},"schema":{"@context":"https:\/\/schema.org","@graph":[{"@type":"WebPage","@id":"https:\/\/exparto.pl\/ro\/produkt\/noz-sadowniczy-do-kosiarki-rozdrabniacza-duzy-kuty-hartowany-375mm-199rz-3\/","url":"https:\/\/exparto.pl\/ro\/produkt\/noz-sadowniczy-do-kosiarki-rozdrabniacza-duzy-kuty-hartowany-375mm-199rz-3\/","name":"N\u00f3\u017c sadowniczy do kosiarki rozdrabniacza du\u017cy kuty hartowany 375mm 199RZ-3 - Exparto.pl","isPartOf":{"@id":"https:\/\/exparto.pl\/ro\/#website"},"primaryImageOfPage":{"@id":"https:\/\/exparto.pl\/ro\/produkt\/noz-sadowniczy-do-kosiarki-rozdrabniacza-duzy-kuty-hartowany-375mm-199rz-3\/#primaryimage"},"image":{"@id":"https:\/\/exparto.pl\/ro\/produkt\/noz-sadowniczy-do-kosiarki-rozdrabniacza-duzy-kuty-hartowany-375mm-199rz-3\/#primaryimage"},"thumbnailUrl":"https:\/\/exparto.pl\/wp-content\/uploads\/2026\/04\/eb565991ccdcf59fde3af7b4a37e8dc3-scaled.jpg","datePublished":"2026-04-09T11:27:44+00:00","dateModified":"2026-04-09T11:44:37+00:00","breadcrumb":{"@id":"https:\/\/exparto.pl\/ro\/produkt\/noz-sadowniczy-do-kosiarki-rozdrabniacza-duzy-kuty-hartowany-375mm-199rz-3\/#breadcrumb"},"inLanguage":"ro-RO","potentialAction":[{"@type":"ReadAction","target":["https:\/\/exparto.pl\/ro\/produkt\/noz-sadowniczy-do-kosiarki-rozdrabniacza-duzy-kuty-hartowany-375mm-199rz-3\/"]}]},{"@type":"ImageObject","inLanguage":"ro-RO","@id":"https:\/\/exparto.pl\/ro\/produkt\/noz-sadowniczy-do-kosiarki-rozdrabniacza-duzy-kuty-hartowany-375mm-199rz-3\/#primaryimage","url":"https:\/\/exparto.pl\/wp-content\/uploads\/2026\/04\/eb565991ccdcf59fde3af7b4a37e8dc3-scaled.jpg","contentUrl":"https:\/\/exparto.pl\/wp-content\/uploads\/2026\/04\/eb565991ccdcf59fde3af7b4a37e8dc3-scaled.jpg","width":2560,"height":2560,"caption":"768d63d213c1406af506c341481f8790"},{"@type":"BreadcrumbList","@id":"https:\/\/exparto.pl\/ro\/produkt\/noz-sadowniczy-do-kosiarki-rozdrabniacza-duzy-kuty-hartowany-375mm-199rz-3\/#breadcrumb","itemListElement":[{"@type":"ListItem","position":1,"name":"Pagina de start","item":"https:\/\/exparto.pl\/ro\/pagina-de-start\/"},{"@type":"ListItem","position":2,"name":"Sklep","item":"https:\/\/exparto.pl\/sklep\/"},{"@type":"ListItem","position":3,"name":"Cz\u0119\u015bci do kosiarki bijakowej","item":"https:\/\/exparto.pl\/kategoria-produktu\/czesci-do-kosiarki-bijakowej\/"},{"@type":"ListItem","position":4,"name":"N\u00f3\u017c sadowniczy do kosiarki rozdrabniacza du\u017cy kuty hartowany 375mm 199RZ-3"}]},{"@type":"WebSite","@id":"https:\/\/exparto.pl\/ro\/#website","url":"https:\/\/exparto.pl\/ro\/","name":"EXPARTO","description":"More than agro parts","publisher":{"@id":"https:\/\/exparto.pl\/ro\/#organization"},"potentialAction":[{"@type":"SearchAction","target":{"@type":"EntryPoint","urlTemplate":"https:\/\/exparto.pl\/ro\/?s={search_term_string}"},"query-input":{"@type":"PropertyValueSpecification","valueRequired":true,"valueName":"search_term_string"}}],"inLanguage":"ro-RO"},{"@type":"Organization","@id":"https:\/\/exparto.pl\/ro\/#organization","name":"EXPARTO","url":"https:\/\/exparto.pl\/ro\/","logo":{"@type":"ImageObject","inLanguage":"ro-RO","@id":"https:\/\/exparto.pl\/ro\/#\/schema\/logo\/image\/","url":"https:\/\/exparto.pl\/wp-content\/uploads\/2023\/02\/logo-wektor.png","contentUrl":"https:\/\/exparto.pl\/wp-content\/uploads\/2023\/02\/logo-wektor.png","width":1338,"height":143,"caption":"EXPARTO"},"image":{"@id":"https:\/\/exparto.pl\/ro\/#\/schema\/logo\/image\/"},"sameAs":["https:\/\/www.facebook.com\/exparto.agro\/"]}]}},"_links":{"self":[{"href":"https:\/\/exparto.pl\/ro\/wp-json\/wp\/v2\/product\/63874","targetHints":{"allow":["GET"]}}],"collection":[{"href":"https:\/\/exparto.pl\/ro\/wp-json\/wp\/v2\/product"}],"about":[{"href":"https:\/\/exparto.pl\/ro\/wp-json\/wp\/v2\/types\/product"}],"replies":[{"embeddable":true,"href":"https:\/\/exparto.pl\/ro\/wp-json\/wp\/v2\/comments?post=63874"}],"wp:featuredmedia":[{"embeddable":true,"href":"https:\/\/exparto.pl\/ro\/wp-json\/wp\/v2\/media\/63854"}],"wp:attachment":[{"href":"https:\/\/exparto.pl\/ro\/wp-json\/wp\/v2\/media?parent=63874"}],"wp:term":[{"taxonomy":"product_brand","embeddable":true,"href":"https:\/\/exparto.pl\/ro\/wp-json\/wp\/v2\/product_brand?post=63874"},{"taxonomy":"product_cat","embeddable":true,"href":"https:\/\/exparto.pl\/ro\/wp-json\/wp\/v2\/product_cat?post=63874"},{"taxonomy":"product_tag","embeddable":true,"href":"https:\/\/exparto.pl\/ro\/wp-json\/wp\/v2\/product_tag?post=63874"}],"curies":[{"name":"wp","href":"https:\/\/api.w.org\/{rel}","templated":true}]}}