{"id":64709,"date":"2026-04-21T15:31:43","date_gmt":"2026-04-21T13:31:43","guid":{"rendered":"https:\/\/exparto.pl\/produkt\/stabilizator-boczny-profil-kwadratowy-uniwersalny-ciagnik-ursus-c-360-468501120\/"},"modified":"2026-04-22T08:06:11","modified_gmt":"2026-04-22T06:06:11","slug":"stabilizator-boczny-profil-kwadratowy-uniwersalny-ciagnik-ursus-c-360-468501120","status":"publish","type":"product","link":"https:\/\/exparto.pl\/ro\/produkt\/stabilizator-boczny-profil-kwadratowy-uniwersalny-ciagnik-ursus-c-360-468501120\/","title":{"rendered":"Stabilizator boczny profil kwadratowy uniwersalny ci\u0105gnik URSUS C-360 468501120"},"content":{"rendered":"<p style=\"text-align: justify\">Ci\u0105gnik C360 wymaga sprawnych podzespo\u0142\u00f3w, aby zapewni\u0107 stabilno\u015b\u0107 i bezpiecze\u0144stwo podczas przejazd\u00f3w. Stabilizator boczny C-360 to nowoczesny element uk\u0142adu zawieszenia, kt\u00f3ry zapewnia stabilno\u015b\u0107 Twojej maszyny rolniczej podczas pracy i transportu. <span style=\"font-weight: 600;color: inherit\">W EXPARTO wiemy, \u017ce przy pracy z ci\u0119\u017cszymi maszynami potrzebujesz solidniejszego wsparcia, dlatego oferujemy wzmocniony stabilizator boczny C-360 o profilu kwadratowym. <\/span>Zapraszamy do sprawdzenia naszej oferty i postawienia na rozwi\u0105zanie do zada\u0144 specjalnych.<\/p>\n<h2 style=\"font-family:\"><span style=\"font-weight: 400\">Stabilizator boczny C-360 &#8211; odci\u0105g boczny, ci\u0105gnik URSUS C360, ZETOR<\/span><\/h2>\n<p><span style=\"font-weight: 600;color: inherit\">Nasz stabilizator uniwersalny charakteryzuje si\u0119 wysok\u0105 jako\u015bci\u0105 wykonania i pasuje do ci\u0105gnika Ursus C-360, skutecznie eliminuj\u0105c problem uderzania ci\u0119gie\u0142 o opony. <\/span>Ten podzesp\u00f3\u0142 systemu TUZ C-360 dzi\u0119ki kwadratowej konstrukcji jest znacznie odporniejszy na si\u0142y skr\u0119tne i wygi\u0119cia ni\u017c standardowe rozwi\u0105zania. Solidna budowa o przekroju kwadratu chroni Tw\u00f3j ci\u0105gnik Ursus C-360 oraz jego tylne ko\u0142a przed przypadkowymi uderzeniami, zapewniaj\u0105c trwa\u0142o\u015b\u0107 przy najbardziej intensywnej eksploatacji.<\/p>\n<p><span style=\"font-weight: 600;color: inherit\">Posiadamy w ofercie r\u00f3wnie\u017c inne cz\u0119\u015bci do Ursus C-360, kt\u00f3re pozwol\u0105 Ci kompleksowo zadba\u0107 o sprawno\u015b\u0107 techniczn\u0105 Twojego pojazdu.<\/span> Szukasz sprawdzonych cz\u0119\u015bci do maszyn rolniczych od renomowanego dostawcy? Jako EXPARTO od lat wspieramy bran\u017c\u0119 rolnicz\u0105 w Polsce!<\/p>\n<p style=\"text-align: justify\"><b>Zastosowanie<\/b><span style=\"font-weight: 400\">:<\/span><\/p>\n<ul>\n<li style=\"font-weight: 400\">Ursus C-360<\/li>\n<li style=\"font-weight: 400\">wybrane modele Zetor<\/li>\n<\/ul>\n<p style=\"text-align: justify\"><b>Numer katalogowy<\/b><span style=\"font-weight: 400\">:<\/span><\/p>\n<ul>\n<li>468501120<\/li>\n<li>46650391<\/li>\n<li>0046650391<\/li>\n<li>46\/65-039\/1<\/li>\n<li>0046\/65-039\/1<\/li>\n<li>46650390<\/li>\n<li>0046650390<\/li>\n<li>46\/65-039\/0<\/li>\n<li>0046\/65-039\/0<\/li>\n<li>GMP468501120H<\/li>\n<li>46650390\/95<\/li>\n<li>46650391<\/li>\n<li>656468501126<\/li>\n<\/ul>\n","protected":false},"excerpt":{"rendered":"<p>Solidna budowa o przekroju kwadratu chroni Tw\u00f3j ci\u0105gnik Ursus C-360 oraz jego tylne ko\u0142a przed przypadkowymi uderzeniami, zapewniaj\u0105c trwa\u0142o\u015b\u0107 przy najbardziej intensywnej eksploatacji.<\/p>\n","protected":false},"featured_media":64694,"comment_status":"open","ping_status":"closed","template":"","meta":{"_acf_changed":false,"inline_featured_image":false},"product_brand":[],"product_cat":[45,138,140],"product_tag":[],"class_list":{"0":"post-64709","1":"product","2":"type-product","3":"status-publish","4":"has-post-thumbnail","6":"product_cat-czesci-do-ciagnikow","7":"product_cat-czesci-do-ursus","8":"product_cat-ursus-c360","10":"first","11":"instock","12":"taxable","13":"shipping-taxable","14":"purchasable","15":"product-type-simple"},"acf":[],"yoast_head":"<!-- This site is optimized with the Yoast SEO plugin v27.4 - https:\/\/yoast.com\/product\/yoast-seo-wordpress\/ -->\n<title>Stabilizator boczny profil kwadratowy uniwersalny ci\u0105gnik URSUS C-360 468501120 - Exparto.pl<\/title>\n<meta name=\"robots\" content=\"index, follow, max-snippet:-1, max-image-preview:large, max-video-preview:-1\" \/>\n<link rel=\"canonical\" href=\"https:\/\/exparto.pl\/ro\/produkt\/stabilizator-boczny-profil-kwadratowy-uniwersalny-ciagnik-ursus-c-360-468501120\/\" \/>\n<meta property=\"og:locale\" content=\"ro_RO\" \/>\n<meta property=\"og:type\" content=\"article\" \/>\n<meta property=\"og:title\" content=\"Stabilizator boczny profil kwadratowy uniwersalny ci\u0105gnik URSUS C-360 468501120 - Exparto.pl\" \/>\n<meta property=\"og:description\" content=\"Solidna budowa o przekroju kwadratu chroni Tw\u00f3j ci\u0105gnik Ursus C-360 oraz jego tylne ko\u0142a przed przypadkowymi uderzeniami, zapewniaj\u0105c trwa\u0142o\u015b\u0107 przy najbardziej intensywnej eksploatacji.\" \/>\n<meta property=\"og:url\" content=\"https:\/\/exparto.pl\/ro\/produkt\/stabilizator-boczny-profil-kwadratowy-uniwersalny-ciagnik-ursus-c-360-468501120\/\" \/>\n<meta property=\"og:site_name\" content=\"Exparto.pl\" \/>\n<meta property=\"article:publisher\" content=\"https:\/\/www.facebook.com\/exparto.agro\/\" \/>\n<meta property=\"article:modified_time\" content=\"2026-04-22T06:06:11+00:00\" \/>\n<meta property=\"og:image\" content=\"https:\/\/exparto.pl\/wp-content\/uploads\/2026\/04\/bf5ebb520595b4848bed0dc9159025f1.jpg\" \/>\n\t<meta property=\"og:image:width\" content=\"1200\" \/>\n\t<meta property=\"og:image:height\" content=\"1200\" \/>\n\t<meta property=\"og:image:type\" content=\"image\/jpeg\" \/>\n<meta name=\"twitter:card\" content=\"summary_large_image\" \/>\n<meta name=\"twitter:label1\" content=\"Timp estimat pentru citire\" \/>\n\t<meta name=\"twitter:data1\" content=\"2 minute\" \/>\n<script type=\"application\/ld+json\" class=\"yoast-schema-graph\">{\"@context\":\"https:\\\/\\\/schema.org\",\"@graph\":[{\"@type\":\"WebPage\",\"@id\":\"https:\\\/\\\/exparto.pl\\\/ro\\\/produkt\\\/stabilizator-boczny-profil-kwadratowy-uniwersalny-ciagnik-ursus-c-360-468501120\\\/\",\"url\":\"https:\\\/\\\/exparto.pl\\\/ro\\\/produkt\\\/stabilizator-boczny-profil-kwadratowy-uniwersalny-ciagnik-ursus-c-360-468501120\\\/\",\"name\":\"Stabilizator boczny profil kwadratowy uniwersalny ci\u0105gnik URSUS C-360 468501120 - Exparto.pl\",\"isPartOf\":{\"@id\":\"https:\\\/\\\/exparto.pl\\\/ro\\\/#website\"},\"primaryImageOfPage\":{\"@id\":\"https:\\\/\\\/exparto.pl\\\/ro\\\/produkt\\\/stabilizator-boczny-profil-kwadratowy-uniwersalny-ciagnik-ursus-c-360-468501120\\\/#primaryimage\"},\"image\":{\"@id\":\"https:\\\/\\\/exparto.pl\\\/ro\\\/produkt\\\/stabilizator-boczny-profil-kwadratowy-uniwersalny-ciagnik-ursus-c-360-468501120\\\/#primaryimage\"},\"thumbnailUrl\":\"https:\\\/\\\/exparto.pl\\\/wp-content\\\/uploads\\\/2026\\\/04\\\/bf5ebb520595b4848bed0dc9159025f1.jpg\",\"datePublished\":\"2026-04-21T13:31:43+00:00\",\"dateModified\":\"2026-04-22T06:06:11+00:00\",\"breadcrumb\":{\"@id\":\"https:\\\/\\\/exparto.pl\\\/ro\\\/produkt\\\/stabilizator-boczny-profil-kwadratowy-uniwersalny-ciagnik-ursus-c-360-468501120\\\/#breadcrumb\"},\"inLanguage\":\"ro-RO\",\"potentialAction\":[{\"@type\":\"ReadAction\",\"target\":[\"https:\\\/\\\/exparto.pl\\\/ro\\\/produkt\\\/stabilizator-boczny-profil-kwadratowy-uniwersalny-ciagnik-ursus-c-360-468501120\\\/\"]}]},{\"@type\":\"ImageObject\",\"inLanguage\":\"ro-RO\",\"@id\":\"https:\\\/\\\/exparto.pl\\\/ro\\\/produkt\\\/stabilizator-boczny-profil-kwadratowy-uniwersalny-ciagnik-ursus-c-360-468501120\\\/#primaryimage\",\"url\":\"https:\\\/\\\/exparto.pl\\\/wp-content\\\/uploads\\\/2026\\\/04\\\/bf5ebb520595b4848bed0dc9159025f1.jpg\",\"contentUrl\":\"https:\\\/\\\/exparto.pl\\\/wp-content\\\/uploads\\\/2026\\\/04\\\/bf5ebb520595b4848bed0dc9159025f1.jpg\",\"width\":1200,\"height\":1200,\"caption\":\"42a8be57955a5201ade6102c48f13d2d\"},{\"@type\":\"BreadcrumbList\",\"@id\":\"https:\\\/\\\/exparto.pl\\\/ro\\\/produkt\\\/stabilizator-boczny-profil-kwadratowy-uniwersalny-ciagnik-ursus-c-360-468501120\\\/#breadcrumb\",\"itemListElement\":[{\"@type\":\"ListItem\",\"position\":1,\"name\":\"Pagina de start\",\"item\":\"https:\\\/\\\/exparto.pl\\\/ro\\\/pagina-de-start\\\/\"},{\"@type\":\"ListItem\",\"position\":2,\"name\":\"Sklep\",\"item\":\"https:\\\/\\\/exparto.pl\\\/sklep\\\/\"},{\"@type\":\"ListItem\",\"position\":3,\"name\":\"Piese pentru tractoare\",\"item\":\"https:\\\/\\\/exparto.pl\\\/ro\\\/categoria-de-produse\\\/piese-pentru-tractoare\\\/\"},{\"@type\":\"ListItem\",\"position\":4,\"name\":\"Piese pentru URSUS\",\"item\":\"https:\\\/\\\/exparto.pl\\\/ro\\\/categoria-de-produse\\\/piese-pentru-tractoare\\\/piese-pentru-ursus\\\/\"},{\"@type\":\"ListItem\",\"position\":5,\"name\":\"URSUS C-360\",\"item\":\"https:\\\/\\\/exparto.pl\\\/ro\\\/categoria-de-produse\\\/piese-pentru-tractoare\\\/piese-pentru-ursus\\\/ursus-c-360-ro\\\/\"},{\"@type\":\"ListItem\",\"position\":6,\"name\":\"Stabilizator boczny profil kwadratowy uniwersalny ci\u0105gnik URSUS C-360 468501120\"}]},{\"@type\":\"WebSite\",\"@id\":\"https:\\\/\\\/exparto.pl\\\/ro\\\/#website\",\"url\":\"https:\\\/\\\/exparto.pl\\\/ro\\\/\",\"name\":\"EXPARTO\",\"description\":\"More than agro parts\",\"publisher\":{\"@id\":\"https:\\\/\\\/exparto.pl\\\/ro\\\/#organization\"},\"potentialAction\":[{\"@type\":\"SearchAction\",\"target\":{\"@type\":\"EntryPoint\",\"urlTemplate\":\"https:\\\/\\\/exparto.pl\\\/ro\\\/?s={search_term_string}\"},\"query-input\":{\"@type\":\"PropertyValueSpecification\",\"valueRequired\":true,\"valueName\":\"search_term_string\"}}],\"inLanguage\":\"ro-RO\"},{\"@type\":\"Organization\",\"@id\":\"https:\\\/\\\/exparto.pl\\\/ro\\\/#organization\",\"name\":\"EXPARTO\",\"url\":\"https:\\\/\\\/exparto.pl\\\/ro\\\/\",\"logo\":{\"@type\":\"ImageObject\",\"inLanguage\":\"ro-RO\",\"@id\":\"https:\\\/\\\/exparto.pl\\\/ro\\\/#\\\/schema\\\/logo\\\/image\\\/\",\"url\":\"https:\\\/\\\/exparto.pl\\\/wp-content\\\/uploads\\\/2023\\\/02\\\/logo-wektor.png\",\"contentUrl\":\"https:\\\/\\\/exparto.pl\\\/wp-content\\\/uploads\\\/2023\\\/02\\\/logo-wektor.png\",\"width\":1338,\"height\":143,\"caption\":\"EXPARTO\"},\"image\":{\"@id\":\"https:\\\/\\\/exparto.pl\\\/ro\\\/#\\\/schema\\\/logo\\\/image\\\/\"},\"sameAs\":[\"https:\\\/\\\/www.facebook.com\\\/exparto.agro\\\/\"]}]}<\/script>\n<!-- \/ Yoast SEO plugin. -->","yoast_head_json":{"title":"Stabilizator boczny profil kwadratowy uniwersalny ci\u0105gnik URSUS C-360 468501120 - Exparto.pl","robots":{"index":"index","follow":"follow","max-snippet":"max-snippet:-1","max-image-preview":"max-image-preview:large","max-video-preview":"max-video-preview:-1"},"canonical":"https:\/\/exparto.pl\/ro\/produkt\/stabilizator-boczny-profil-kwadratowy-uniwersalny-ciagnik-ursus-c-360-468501120\/","og_locale":"ro_RO","og_type":"article","og_title":"Stabilizator boczny profil kwadratowy uniwersalny ci\u0105gnik URSUS C-360 468501120 - Exparto.pl","og_description":"Solidna budowa o przekroju kwadratu chroni Tw\u00f3j ci\u0105gnik Ursus C-360 oraz jego tylne ko\u0142a przed przypadkowymi uderzeniami, zapewniaj\u0105c trwa\u0142o\u015b\u0107 przy najbardziej intensywnej eksploatacji.","og_url":"https:\/\/exparto.pl\/ro\/produkt\/stabilizator-boczny-profil-kwadratowy-uniwersalny-ciagnik-ursus-c-360-468501120\/","og_site_name":"Exparto.pl","article_publisher":"https:\/\/www.facebook.com\/exparto.agro\/","article_modified_time":"2026-04-22T06:06:11+00:00","og_image":[{"width":1200,"height":1200,"url":"https:\/\/exparto.pl\/wp-content\/uploads\/2026\/04\/bf5ebb520595b4848bed0dc9159025f1.jpg","type":"image\/jpeg"}],"twitter_card":"summary_large_image","twitter_misc":{"Timp estimat pentru citire":"2 minute"},"schema":{"@context":"https:\/\/schema.org","@graph":[{"@type":"WebPage","@id":"https:\/\/exparto.pl\/ro\/produkt\/stabilizator-boczny-profil-kwadratowy-uniwersalny-ciagnik-ursus-c-360-468501120\/","url":"https:\/\/exparto.pl\/ro\/produkt\/stabilizator-boczny-profil-kwadratowy-uniwersalny-ciagnik-ursus-c-360-468501120\/","name":"Stabilizator boczny profil kwadratowy uniwersalny ci\u0105gnik URSUS C-360 468501120 - Exparto.pl","isPartOf":{"@id":"https:\/\/exparto.pl\/ro\/#website"},"primaryImageOfPage":{"@id":"https:\/\/exparto.pl\/ro\/produkt\/stabilizator-boczny-profil-kwadratowy-uniwersalny-ciagnik-ursus-c-360-468501120\/#primaryimage"},"image":{"@id":"https:\/\/exparto.pl\/ro\/produkt\/stabilizator-boczny-profil-kwadratowy-uniwersalny-ciagnik-ursus-c-360-468501120\/#primaryimage"},"thumbnailUrl":"https:\/\/exparto.pl\/wp-content\/uploads\/2026\/04\/bf5ebb520595b4848bed0dc9159025f1.jpg","datePublished":"2026-04-21T13:31:43+00:00","dateModified":"2026-04-22T06:06:11+00:00","breadcrumb":{"@id":"https:\/\/exparto.pl\/ro\/produkt\/stabilizator-boczny-profil-kwadratowy-uniwersalny-ciagnik-ursus-c-360-468501120\/#breadcrumb"},"inLanguage":"ro-RO","potentialAction":[{"@type":"ReadAction","target":["https:\/\/exparto.pl\/ro\/produkt\/stabilizator-boczny-profil-kwadratowy-uniwersalny-ciagnik-ursus-c-360-468501120\/"]}]},{"@type":"ImageObject","inLanguage":"ro-RO","@id":"https:\/\/exparto.pl\/ro\/produkt\/stabilizator-boczny-profil-kwadratowy-uniwersalny-ciagnik-ursus-c-360-468501120\/#primaryimage","url":"https:\/\/exparto.pl\/wp-content\/uploads\/2026\/04\/bf5ebb520595b4848bed0dc9159025f1.jpg","contentUrl":"https:\/\/exparto.pl\/wp-content\/uploads\/2026\/04\/bf5ebb520595b4848bed0dc9159025f1.jpg","width":1200,"height":1200,"caption":"42a8be57955a5201ade6102c48f13d2d"},{"@type":"BreadcrumbList","@id":"https:\/\/exparto.pl\/ro\/produkt\/stabilizator-boczny-profil-kwadratowy-uniwersalny-ciagnik-ursus-c-360-468501120\/#breadcrumb","itemListElement":[{"@type":"ListItem","position":1,"name":"Pagina de start","item":"https:\/\/exparto.pl\/ro\/pagina-de-start\/"},{"@type":"ListItem","position":2,"name":"Sklep","item":"https:\/\/exparto.pl\/sklep\/"},{"@type":"ListItem","position":3,"name":"Piese pentru tractoare","item":"https:\/\/exparto.pl\/ro\/categoria-de-produse\/piese-pentru-tractoare\/"},{"@type":"ListItem","position":4,"name":"Piese pentru URSUS","item":"https:\/\/exparto.pl\/ro\/categoria-de-produse\/piese-pentru-tractoare\/piese-pentru-ursus\/"},{"@type":"ListItem","position":5,"name":"URSUS C-360","item":"https:\/\/exparto.pl\/ro\/categoria-de-produse\/piese-pentru-tractoare\/piese-pentru-ursus\/ursus-c-360-ro\/"},{"@type":"ListItem","position":6,"name":"Stabilizator boczny profil kwadratowy uniwersalny ci\u0105gnik URSUS C-360 468501120"}]},{"@type":"WebSite","@id":"https:\/\/exparto.pl\/ro\/#website","url":"https:\/\/exparto.pl\/ro\/","name":"EXPARTO","description":"More than agro parts","publisher":{"@id":"https:\/\/exparto.pl\/ro\/#organization"},"potentialAction":[{"@type":"SearchAction","target":{"@type":"EntryPoint","urlTemplate":"https:\/\/exparto.pl\/ro\/?s={search_term_string}"},"query-input":{"@type":"PropertyValueSpecification","valueRequired":true,"valueName":"search_term_string"}}],"inLanguage":"ro-RO"},{"@type":"Organization","@id":"https:\/\/exparto.pl\/ro\/#organization","name":"EXPARTO","url":"https:\/\/exparto.pl\/ro\/","logo":{"@type":"ImageObject","inLanguage":"ro-RO","@id":"https:\/\/exparto.pl\/ro\/#\/schema\/logo\/image\/","url":"https:\/\/exparto.pl\/wp-content\/uploads\/2023\/02\/logo-wektor.png","contentUrl":"https:\/\/exparto.pl\/wp-content\/uploads\/2023\/02\/logo-wektor.png","width":1338,"height":143,"caption":"EXPARTO"},"image":{"@id":"https:\/\/exparto.pl\/ro\/#\/schema\/logo\/image\/"},"sameAs":["https:\/\/www.facebook.com\/exparto.agro\/"]}]}},"_links":{"self":[{"href":"https:\/\/exparto.pl\/ro\/wp-json\/wp\/v2\/product\/64709","targetHints":{"allow":["GET"]}}],"collection":[{"href":"https:\/\/exparto.pl\/ro\/wp-json\/wp\/v2\/product"}],"about":[{"href":"https:\/\/exparto.pl\/ro\/wp-json\/wp\/v2\/types\/product"}],"replies":[{"embeddable":true,"href":"https:\/\/exparto.pl\/ro\/wp-json\/wp\/v2\/comments?post=64709"}],"wp:featuredmedia":[{"embeddable":true,"href":"https:\/\/exparto.pl\/ro\/wp-json\/wp\/v2\/media\/64694"}],"wp:attachment":[{"href":"https:\/\/exparto.pl\/ro\/wp-json\/wp\/v2\/media?parent=64709"}],"wp:term":[{"taxonomy":"product_brand","embeddable":true,"href":"https:\/\/exparto.pl\/ro\/wp-json\/wp\/v2\/product_brand?post=64709"},{"taxonomy":"product_cat","embeddable":true,"href":"https:\/\/exparto.pl\/ro\/wp-json\/wp\/v2\/product_cat?post=64709"},{"taxonomy":"product_tag","embeddable":true,"href":"https:\/\/exparto.pl\/ro\/wp-json\/wp\/v2\/product_tag?post=64709"}],"curies":[{"name":"wp","href":"https:\/\/api.w.org\/{rel}","templated":true}]}}