{"id":65342,"date":"2026-04-29T13:51:28","date_gmt":"2026-04-29T11:51:28","guid":{"rendered":"https:\/\/exparto.pl\/produkt\/zab-brony-wloki-lakowo-polowej-potrojny-segment-siatki\/"},"modified":"2026-04-29T14:02:29","modified_gmt":"2026-04-29T12:02:29","slug":"zab-brony-wloki-lakowo-polowej-potrojny-segment-siatki","status":"publish","type":"product","link":"https:\/\/exparto.pl\/ro\/produkt\/zab-brony-wloki-lakowo-polowej-potrojny-segment-siatki\/","title":{"rendered":"Z\u0105b brony w\u0142\u00f3ki \u0142\u0105kowo-polowej potr\u00f3jny segment siatki"},"content":{"rendered":"<p style=\"text-align: justify\">W naszym asortymencie mamy z\u0105b w\u0142\u00f3ki, kt\u00f3ry jest idealnym rozwi\u0105zaniem do bron w\u0142\u00f3kowych \u015brednich i lekkich, kt\u00f3re s\u0142u\u017c\u0105 do dbania o \u0142\u0105ki, pastwiska i pola po orce.<strong> W EXPARTO oferujemy segment potr\u00f3jny wykonany z trwa\u0142ego wysokiej jako\u015bci \u017celiwa, kt\u00f3ry skutecznie rozbija twarde bry\u0142y ziemi i wyr\u00f3wnuje kretowiska<\/strong>. Dzi\u0119ki temu Twoje maszyny rolnicze pracuj\u0105 sprawniej, a trawa jest nacinana z odpowiedni\u0105 si\u0142\u0105, co pomaga jej szybciej rosn\u0105\u0107. Zapraszamy do zapoznania si\u0119 z ofert\u0105.<\/p>\n<h2><span style=\"font-weight: 400\">Z\u0105b w\u0142\u00f3ki \u2013 z\u0105b do brony, w\u0142\u00f3ka polowa, w\u0142\u00f3ka \u0142\u0105kowa<\/span><\/h2>\n<p style=\"text-align: justify\">Dobre przygotowanie \u0142\u0105ki przed sezonem zale\u017cy od tego, jak segment w\u0142\u00f3ki \u0142\u0105kowej radzi sobie z rozci\u0105ganiem kopc\u00f3w ziemi oraz usuwaniem mchu. Nasz produkt mo\u017cna montowa\u0107 dwustronnie, co daje Ci wyb\u00f3r: mo\u017cesz mocniej nacina\u0107 ziemi\u0119 z\u0119bami albo delikatnie wyg\u0142adza\u0107 powierzchni\u0119 \u2013 wystarczy odwr\u00f3ci\u0107 siatk\u0119 na ramie maszyny. <strong>Trzy otwory monta\u017cowe w ka\u017cdym elemencie sprawiaj\u0105, \u017ce siatka dobrze przylega do nier\u00f3wno\u015bci terenu, co u\u0142atwia napowietrzanie ziemi i sprawia, \u017ce lepiej pije ona wod\u0119.<\/strong><\/p>\n<p style=\"text-align: justify\">Wybieraj\u0105c wytrzyma\u0142y z\u0105b do w\u0142\u00f3ki, chronisz swoje pozosta\u0142e sprz\u0119ty, poniewa\u017c prosta i r\u00f3wna \u0142\u0105ka to brak st\u0119pionych no\u017cy w kosiarkach podczas sianokos\u00f3w. <strong>Zach\u0119camy do zakupu oraz sprawdzenia pozosta\u0142ych ofert, w kt\u00f3rych znajdziesz inne niezb\u0119dne cz\u0119\u015bci do twoich maszyn.<\/strong><\/p>\n<p style=\"text-align: justify\"><strong>Zastosowanie:<\/strong><\/p>\n<ul>\n<li style=\"text-align: justify\">w\u0142\u00f3ki \u0142\u0105kowo polowe<\/li>\n<li style=\"text-align: justify\">brony w\u0142\u00f3kowe<\/li>\n<li style=\"text-align: justify\">maszyny rolnicze<\/li>\n<\/ul>\n","protected":false},"excerpt":{"rendered":"<p>Segment potr\u00f3jny wykonany z trwa\u0142ego wysokiej jako\u015bci \u017celiwa, kt\u00f3ry skutecznie rozbija twarde bry\u0142y ziemi i wyr\u00f3wnuje kretowisk<\/p>\n","protected":false},"featured_media":65322,"comment_status":"open","ping_status":"closed","template":"","meta":{"_acf_changed":false,"inline_featured_image":false},"product_brand":[920],"product_cat":[365],"product_tag":[],"class_list":{"0":"post-65342","1":"product","2":"type-product","3":"status-publish","4":"has-post-thumbnail","6":"product_brand-exparto","7":"product_cat-fara-categorie","9":"first","10":"instock","11":"taxable","12":"shipping-taxable","13":"purchasable","14":"product-type-simple"},"acf":[],"yoast_head":"<!-- This site is optimized with the Yoast SEO plugin v27.4 - https:\/\/yoast.com\/product\/yoast-seo-wordpress\/ -->\n<title>Z\u0105b brony w\u0142\u00f3ki \u0142\u0105kowo-polowej potr\u00f3jny segment siatki - Exparto.pl<\/title>\n<meta name=\"robots\" content=\"index, follow, max-snippet:-1, max-image-preview:large, max-video-preview:-1\" \/>\n<link rel=\"canonical\" href=\"https:\/\/exparto.pl\/ro\/produkt\/zab-brony-wloki-lakowo-polowej-potrojny-segment-siatki\/\" \/>\n<meta property=\"og:locale\" content=\"ro_RO\" \/>\n<meta property=\"og:type\" content=\"article\" \/>\n<meta property=\"og:title\" content=\"Z\u0105b brony w\u0142\u00f3ki \u0142\u0105kowo-polowej potr\u00f3jny segment siatki - Exparto.pl\" \/>\n<meta property=\"og:description\" content=\"Segment potr\u00f3jny wykonany z trwa\u0142ego wysokiej jako\u015bci \u017celiwa, kt\u00f3ry skutecznie rozbija twarde bry\u0142y ziemi i wyr\u00f3wnuje kretowisk\" \/>\n<meta property=\"og:url\" content=\"https:\/\/exparto.pl\/ro\/produkt\/zab-brony-wloki-lakowo-polowej-potrojny-segment-siatki\/\" \/>\n<meta property=\"og:site_name\" content=\"Exparto.pl\" \/>\n<meta property=\"article:publisher\" content=\"https:\/\/www.facebook.com\/exparto.agro\/\" \/>\n<meta property=\"article:modified_time\" content=\"2026-04-29T12:02:29+00:00\" \/>\n<meta name=\"twitter:card\" content=\"summary_large_image\" \/>\n<meta name=\"twitter:label1\" content=\"Timp estimat pentru citire\" \/>\n\t<meta name=\"twitter:data1\" content=\"1 minut\" \/>\n<script type=\"application\/ld+json\" class=\"yoast-schema-graph\">{\"@context\":\"https:\\\/\\\/schema.org\",\"@graph\":[{\"@type\":\"WebPage\",\"@id\":\"https:\\\/\\\/exparto.pl\\\/ro\\\/produkt\\\/zab-brony-wloki-lakowo-polowej-potrojny-segment-siatki\\\/\",\"url\":\"https:\\\/\\\/exparto.pl\\\/ro\\\/produkt\\\/zab-brony-wloki-lakowo-polowej-potrojny-segment-siatki\\\/\",\"name\":\"Z\u0105b brony w\u0142\u00f3ki \u0142\u0105kowo-polowej potr\u00f3jny segment siatki - Exparto.pl\",\"isPartOf\":{\"@id\":\"https:\\\/\\\/exparto.pl\\\/ro\\\/#website\"},\"primaryImageOfPage\":{\"@id\":\"https:\\\/\\\/exparto.pl\\\/ro\\\/produkt\\\/zab-brony-wloki-lakowo-polowej-potrojny-segment-siatki\\\/#primaryimage\"},\"image\":{\"@id\":\"https:\\\/\\\/exparto.pl\\\/ro\\\/produkt\\\/zab-brony-wloki-lakowo-polowej-potrojny-segment-siatki\\\/#primaryimage\"},\"thumbnailUrl\":\"https:\\\/\\\/exparto.pl\\\/wp-content\\\/uploads\\\/2026\\\/04\\\/b0ce96579a9c9580f025562b5513a97c.jpg\",\"datePublished\":\"2026-04-29T11:51:28+00:00\",\"dateModified\":\"2026-04-29T12:02:29+00:00\",\"breadcrumb\":{\"@id\":\"https:\\\/\\\/exparto.pl\\\/ro\\\/produkt\\\/zab-brony-wloki-lakowo-polowej-potrojny-segment-siatki\\\/#breadcrumb\"},\"inLanguage\":\"ro-RO\",\"potentialAction\":[{\"@type\":\"ReadAction\",\"target\":[\"https:\\\/\\\/exparto.pl\\\/ro\\\/produkt\\\/zab-brony-wloki-lakowo-polowej-potrojny-segment-siatki\\\/\"]}]},{\"@type\":\"ImageObject\",\"inLanguage\":\"ro-RO\",\"@id\":\"https:\\\/\\\/exparto.pl\\\/ro\\\/produkt\\\/zab-brony-wloki-lakowo-polowej-potrojny-segment-siatki\\\/#primaryimage\",\"url\":\"https:\\\/\\\/exparto.pl\\\/wp-content\\\/uploads\\\/2026\\\/04\\\/b0ce96579a9c9580f025562b5513a97c.jpg\",\"contentUrl\":\"https:\\\/\\\/exparto.pl\\\/wp-content\\\/uploads\\\/2026\\\/04\\\/b0ce96579a9c9580f025562b5513a97c.jpg\",\"width\":1200,\"height\":1200,\"caption\":\"15e287d7347d142cde587c2df8d5ae03\"},{\"@type\":\"BreadcrumbList\",\"@id\":\"https:\\\/\\\/exparto.pl\\\/ro\\\/produkt\\\/zab-brony-wloki-lakowo-polowej-potrojny-segment-siatki\\\/#breadcrumb\",\"itemListElement\":[{\"@type\":\"ListItem\",\"position\":1,\"name\":\"Pagina de start\",\"item\":\"https:\\\/\\\/exparto.pl\\\/ro\\\/pagina-de-start\\\/\"},{\"@type\":\"ListItem\",\"position\":2,\"name\":\"Sklep\",\"item\":\"https:\\\/\\\/exparto.pl\\\/sklep\\\/\"},{\"@type\":\"ListItem\",\"position\":3,\"name\":\"Z\u0105b brony w\u0142\u00f3ki \u0142\u0105kowo-polowej potr\u00f3jny segment siatki\"}]},{\"@type\":\"WebSite\",\"@id\":\"https:\\\/\\\/exparto.pl\\\/ro\\\/#website\",\"url\":\"https:\\\/\\\/exparto.pl\\\/ro\\\/\",\"name\":\"EXPARTO\",\"description\":\"More than agro parts\",\"publisher\":{\"@id\":\"https:\\\/\\\/exparto.pl\\\/ro\\\/#organization\"},\"potentialAction\":[{\"@type\":\"SearchAction\",\"target\":{\"@type\":\"EntryPoint\",\"urlTemplate\":\"https:\\\/\\\/exparto.pl\\\/ro\\\/?s={search_term_string}\"},\"query-input\":{\"@type\":\"PropertyValueSpecification\",\"valueRequired\":true,\"valueName\":\"search_term_string\"}}],\"inLanguage\":\"ro-RO\"},{\"@type\":\"Organization\",\"@id\":\"https:\\\/\\\/exparto.pl\\\/ro\\\/#organization\",\"name\":\"EXPARTO\",\"url\":\"https:\\\/\\\/exparto.pl\\\/ro\\\/\",\"logo\":{\"@type\":\"ImageObject\",\"inLanguage\":\"ro-RO\",\"@id\":\"https:\\\/\\\/exparto.pl\\\/ro\\\/#\\\/schema\\\/logo\\\/image\\\/\",\"url\":\"https:\\\/\\\/exparto.pl\\\/wp-content\\\/uploads\\\/2023\\\/02\\\/logo-wektor.png\",\"contentUrl\":\"https:\\\/\\\/exparto.pl\\\/wp-content\\\/uploads\\\/2023\\\/02\\\/logo-wektor.png\",\"width\":1338,\"height\":143,\"caption\":\"EXPARTO\"},\"image\":{\"@id\":\"https:\\\/\\\/exparto.pl\\\/ro\\\/#\\\/schema\\\/logo\\\/image\\\/\"},\"sameAs\":[\"https:\\\/\\\/www.facebook.com\\\/exparto.agro\\\/\"]}]}<\/script>\n<!-- \/ Yoast SEO plugin. -->","yoast_head_json":{"title":"Z\u0105b brony w\u0142\u00f3ki \u0142\u0105kowo-polowej potr\u00f3jny segment siatki - Exparto.pl","robots":{"index":"index","follow":"follow","max-snippet":"max-snippet:-1","max-image-preview":"max-image-preview:large","max-video-preview":"max-video-preview:-1"},"canonical":"https:\/\/exparto.pl\/ro\/produkt\/zab-brony-wloki-lakowo-polowej-potrojny-segment-siatki\/","og_locale":"ro_RO","og_type":"article","og_title":"Z\u0105b brony w\u0142\u00f3ki \u0142\u0105kowo-polowej potr\u00f3jny segment siatki - Exparto.pl","og_description":"Segment potr\u00f3jny wykonany z trwa\u0142ego wysokiej jako\u015bci \u017celiwa, kt\u00f3ry skutecznie rozbija twarde bry\u0142y ziemi i wyr\u00f3wnuje kretowisk","og_url":"https:\/\/exparto.pl\/ro\/produkt\/zab-brony-wloki-lakowo-polowej-potrojny-segment-siatki\/","og_site_name":"Exparto.pl","article_publisher":"https:\/\/www.facebook.com\/exparto.agro\/","article_modified_time":"2026-04-29T12:02:29+00:00","twitter_card":"summary_large_image","twitter_misc":{"Timp estimat pentru citire":"1 minut"},"schema":{"@context":"https:\/\/schema.org","@graph":[{"@type":"WebPage","@id":"https:\/\/exparto.pl\/ro\/produkt\/zab-brony-wloki-lakowo-polowej-potrojny-segment-siatki\/","url":"https:\/\/exparto.pl\/ro\/produkt\/zab-brony-wloki-lakowo-polowej-potrojny-segment-siatki\/","name":"Z\u0105b brony w\u0142\u00f3ki \u0142\u0105kowo-polowej potr\u00f3jny segment siatki - Exparto.pl","isPartOf":{"@id":"https:\/\/exparto.pl\/ro\/#website"},"primaryImageOfPage":{"@id":"https:\/\/exparto.pl\/ro\/produkt\/zab-brony-wloki-lakowo-polowej-potrojny-segment-siatki\/#primaryimage"},"image":{"@id":"https:\/\/exparto.pl\/ro\/produkt\/zab-brony-wloki-lakowo-polowej-potrojny-segment-siatki\/#primaryimage"},"thumbnailUrl":"https:\/\/exparto.pl\/wp-content\/uploads\/2026\/04\/b0ce96579a9c9580f025562b5513a97c.jpg","datePublished":"2026-04-29T11:51:28+00:00","dateModified":"2026-04-29T12:02:29+00:00","breadcrumb":{"@id":"https:\/\/exparto.pl\/ro\/produkt\/zab-brony-wloki-lakowo-polowej-potrojny-segment-siatki\/#breadcrumb"},"inLanguage":"ro-RO","potentialAction":[{"@type":"ReadAction","target":["https:\/\/exparto.pl\/ro\/produkt\/zab-brony-wloki-lakowo-polowej-potrojny-segment-siatki\/"]}]},{"@type":"ImageObject","inLanguage":"ro-RO","@id":"https:\/\/exparto.pl\/ro\/produkt\/zab-brony-wloki-lakowo-polowej-potrojny-segment-siatki\/#primaryimage","url":"https:\/\/exparto.pl\/wp-content\/uploads\/2026\/04\/b0ce96579a9c9580f025562b5513a97c.jpg","contentUrl":"https:\/\/exparto.pl\/wp-content\/uploads\/2026\/04\/b0ce96579a9c9580f025562b5513a97c.jpg","width":1200,"height":1200,"caption":"15e287d7347d142cde587c2df8d5ae03"},{"@type":"BreadcrumbList","@id":"https:\/\/exparto.pl\/ro\/produkt\/zab-brony-wloki-lakowo-polowej-potrojny-segment-siatki\/#breadcrumb","itemListElement":[{"@type":"ListItem","position":1,"name":"Pagina de start","item":"https:\/\/exparto.pl\/ro\/pagina-de-start\/"},{"@type":"ListItem","position":2,"name":"Sklep","item":"https:\/\/exparto.pl\/sklep\/"},{"@type":"ListItem","position":3,"name":"Z\u0105b brony w\u0142\u00f3ki \u0142\u0105kowo-polowej potr\u00f3jny segment siatki"}]},{"@type":"WebSite","@id":"https:\/\/exparto.pl\/ro\/#website","url":"https:\/\/exparto.pl\/ro\/","name":"EXPARTO","description":"More than agro parts","publisher":{"@id":"https:\/\/exparto.pl\/ro\/#organization"},"potentialAction":[{"@type":"SearchAction","target":{"@type":"EntryPoint","urlTemplate":"https:\/\/exparto.pl\/ro\/?s={search_term_string}"},"query-input":{"@type":"PropertyValueSpecification","valueRequired":true,"valueName":"search_term_string"}}],"inLanguage":"ro-RO"},{"@type":"Organization","@id":"https:\/\/exparto.pl\/ro\/#organization","name":"EXPARTO","url":"https:\/\/exparto.pl\/ro\/","logo":{"@type":"ImageObject","inLanguage":"ro-RO","@id":"https:\/\/exparto.pl\/ro\/#\/schema\/logo\/image\/","url":"https:\/\/exparto.pl\/wp-content\/uploads\/2023\/02\/logo-wektor.png","contentUrl":"https:\/\/exparto.pl\/wp-content\/uploads\/2023\/02\/logo-wektor.png","width":1338,"height":143,"caption":"EXPARTO"},"image":{"@id":"https:\/\/exparto.pl\/ro\/#\/schema\/logo\/image\/"},"sameAs":["https:\/\/www.facebook.com\/exparto.agro\/"]}]}},"_links":{"self":[{"href":"https:\/\/exparto.pl\/ro\/wp-json\/wp\/v2\/product\/65342","targetHints":{"allow":["GET"]}}],"collection":[{"href":"https:\/\/exparto.pl\/ro\/wp-json\/wp\/v2\/product"}],"about":[{"href":"https:\/\/exparto.pl\/ro\/wp-json\/wp\/v2\/types\/product"}],"replies":[{"embeddable":true,"href":"https:\/\/exparto.pl\/ro\/wp-json\/wp\/v2\/comments?post=65342"}],"wp:featuredmedia":[{"embeddable":true,"href":"https:\/\/exparto.pl\/ro\/wp-json\/wp\/v2\/media\/65322"}],"wp:attachment":[{"href":"https:\/\/exparto.pl\/ro\/wp-json\/wp\/v2\/media?parent=65342"}],"wp:term":[{"taxonomy":"product_brand","embeddable":true,"href":"https:\/\/exparto.pl\/ro\/wp-json\/wp\/v2\/product_brand?post=65342"},{"taxonomy":"product_cat","embeddable":true,"href":"https:\/\/exparto.pl\/ro\/wp-json\/wp\/v2\/product_cat?post=65342"},{"taxonomy":"product_tag","embeddable":true,"href":"https:\/\/exparto.pl\/ro\/wp-json\/wp\/v2\/product_tag?post=65342"}],"curies":[{"name":"wp","href":"https:\/\/api.w.org\/{rel}","templated":true}]}}