{"id":65368,"date":"2026-04-29T14:53:14","date_gmt":"2026-04-29T12:53:14","guid":{"rendered":"https:\/\/exparto.pl\/produkt\/talerz-do-talerzowki-460-mm-x-35-mm-gladki-kwadrat-30x30-stal-weglowa\/"},"modified":"2026-04-29T15:35:19","modified_gmt":"2026-04-29T13:35:19","slug":"talerz-do-talerzowki-460-mm-x-35-mm-gladki-kwadrat-30x30-stal-weglowa","status":"publish","type":"product","link":"https:\/\/exparto.pl\/ro\/produkt\/talerz-do-talerzowki-460-mm-x-35-mm-gladki-kwadrat-30x30-stal-weglowa\/","title":{"rendered":"Talerz do talerz\u00f3wki 460 mm x 3,5 mm, g\u0142adki, kwadrat 30\u00d730, stal w\u0119glowa"},"content":{"rendered":"<p style=\"text-align: justify\"><b>W EXPARTO przygotowali\u015bmy g\u0142adki talerz o \u015brednicy 460 mm. Model ten wyposa\u017cony jest w kwadratowy otw\u00f3r monta\u017cowy 30&#215;30<\/b><span style=\"font-weight: 400\">, co wp\u0142ywa na spos\u00f3b jego monta\u017cu. Przeznaczony jest do stosowania w maszynach do rozdrabniania i mieszania gleby, np. bronach talerzowych czy agregatach uprawowych. Dzi\u0119ki wykonaniu ze stali w\u0119glowej o twardo\u015bci 38-40 HRC talerz zachowuje swoj\u0105 struktur\u0119 nawet przy wymagaj\u0105cych pracach. Zapraszamy do zapoznania si\u0119 z ofert\u0105<\/span><\/p>\n<h2><span style=\"font-weight: 400\">Talerz g\u0142adki 460 do talerz\u00f3wki \u2013 kwadrat 30&#215;30, cz\u0119\u015bci do brony talerzowej<\/span><\/h2>\n<p style=\"text-align: justify\"><span style=\"font-weight: 400\">Kiedy warto wybra\u0107 g\u0142adki talerz do brony? Talerze g\u0142adkie <b>pozbawione dodatkowych element\u00f3w w postaci z\u0119b\u00f3w<\/b> lepiej sprawdzaj\u0105 si\u0119 przy l\u017cejszym pod\u0142o\u017cu, gdzie nie trzeba intensywnie \u015bcina\u0107 skib. Precyzja wykonania i zwi\u0119kszona wytrzyma\u0142o\u015b\u0107 mechaniczna talerza umo\u017cliwia zachowanie najwy\u017cszej wydajno\u015bci prac. W EXPARTO dbamy o to, aby ka\u017cdy produkt z oferty by\u0142 zgodny ze specyfikacj\u0105 techniczn\u0105 producenta maszyny. <\/span><b>Dzi\u0119ki temu ten talerz brony talerzowej 460 doskonale pasuje do wielu urz\u0105dze\u0144 wykorzystywanych w gospodarstwach rolnych w Polsce<\/b><span style=\"font-weight: 400\">.  <\/span><span style=\"font-weight: 400\"> <\/span><\/p>\n<p style=\"text-align: justify\"><span style=\"font-weight: 400\">Zapraszamy do zakupu talerza g\u0142adkiego 460 oraz innych produkt\u00f3w z naszej oferty. Razem z EXPARTO zadbasz o wydajn\u0105 i bezpieczn\u0105 prac\u0119 w polu na d\u0142u\u017cej. <\/span><\/p>\n<p style=\"text-align: justify\">Polecamy talerze EXPARTO do <strong>bron talerzowych, bron muszlowych, bron le\u015bnych, agregat\u00f3w uprawowych, p\u0142ug\u00f3w talerzowych oraz kultywator\u00f3w \u015bcierniskowych (gruber\u00f3w), agregat\u00f3w siewnych, siewnik\u00f3w, agregat\u00f3w hybrydowych.<\/strong><\/p>\n<p style=\"text-align: justify\"><strong>Talerze EXPARTO<\/strong> s\u0105 kompatybilne z maszynami produkowanymi przez:<\/p>\n<ul>\n<li style=\"text-align: justify\">Agrisem, Agrimet, Agro lift, Agromasz, Agrotom, Akpil, Amazone, ATMP, Awemak, Batyra, Bednar, Bomet, Bury, Czajkowski, Dexwal, Euromasz, Expom, Goliath, Horsch, Kunh, Kverneland, Lemken, Mandam, Metalfach, Pettinger, Polgrom, Rol\/ex, Rolmako, Staltech, Strumyk, Unia, Vaderstad, , PPHU ZAPA\u0141A oraz pozosta\u0142ymi maszynami wyposa\u017conymi w piasty SKF , Krasnik czy talerze typu C<\/li>\n<\/ul>\n","protected":false},"excerpt":{"rendered":"<p>Talerze g\u0142adkie pozbawione dodatkowych element\u00f3w w postaci z\u0119b\u00f3w lepiej sprawdzaj\u0105 si\u0119 przy l\u017cejszym pod\u0142o\u017cu, gdzie nie trzeba intensywnie \u015bcina\u0107 skib. Precyzja wykonania i zwi\u0119kszona wytrzyma\u0142o\u015b\u0107 mechaniczna talerza umo\u017cliwia zachowanie najwy\u017cszej wydajno\u015bci prac.<\/p>\n","protected":false},"featured_media":65358,"comment_status":"open","ping_status":"closed","template":"","meta":{"_acf_changed":false,"inline_featured_image":false},"product_brand":[],"product_cat":[41,56,65],"product_tag":[],"class_list":{"0":"post-65368","1":"product","2":"type-product","3":"status-publish","4":"has-post-thumbnail","6":"product_cat-czesci-do-talerzowki","7":"product_cat-talerze-uprawowe","8":"product_cat-talerze-460-mm","10":"first","11":"instock","12":"taxable","13":"shipping-taxable","14":"purchasable","15":"product-type-simple"},"acf":[],"yoast_head":"<!-- This site is optimized with the Yoast SEO plugin v27.4 - https:\/\/yoast.com\/product\/yoast-seo-wordpress\/ -->\n<title>Talerz do talerz\u00f3wki 460 mm x 3,5 mm, g\u0142adki, kwadrat 30\u00d730, stal w\u0119glowa - Exparto.pl<\/title>\n<meta name=\"robots\" content=\"index, follow, max-snippet:-1, max-image-preview:large, max-video-preview:-1\" \/>\n<link rel=\"canonical\" href=\"https:\/\/exparto.pl\/ro\/produkt\/talerz-do-talerzowki-460-mm-x-35-mm-gladki-kwadrat-30x30-stal-weglowa\/\" \/>\n<meta property=\"og:locale\" content=\"ro_RO\" \/>\n<meta property=\"og:type\" content=\"article\" \/>\n<meta property=\"og:title\" content=\"Talerz do talerz\u00f3wki 460 mm x 3,5 mm, g\u0142adki, kwadrat 30\u00d730, stal w\u0119glowa - Exparto.pl\" \/>\n<meta property=\"og:description\" content=\"Talerze g\u0142adkie pozbawione dodatkowych element\u00f3w w postaci z\u0119b\u00f3w lepiej sprawdzaj\u0105 si\u0119 przy l\u017cejszym pod\u0142o\u017cu, gdzie nie trzeba intensywnie \u015bcina\u0107 skib. Precyzja wykonania i zwi\u0119kszona wytrzyma\u0142o\u015b\u0107 mechaniczna talerza umo\u017cliwia zachowanie najwy\u017cszej wydajno\u015bci prac.\" \/>\n<meta property=\"og:url\" content=\"https:\/\/exparto.pl\/ro\/produkt\/talerz-do-talerzowki-460-mm-x-35-mm-gladki-kwadrat-30x30-stal-weglowa\/\" \/>\n<meta property=\"og:site_name\" content=\"Exparto.pl\" \/>\n<meta property=\"article:publisher\" content=\"https:\/\/www.facebook.com\/exparto.agro\/\" \/>\n<meta property=\"article:modified_time\" content=\"2026-04-29T13:35:19+00:00\" \/>\n<meta property=\"og:image\" content=\"https:\/\/exparto.pl\/wp-content\/uploads\/2026\/04\/2deb54ef1d505ec9b2ef46328a9cb54d.jpg\" \/>\n\t<meta property=\"og:image:width\" content=\"1200\" \/>\n\t<meta property=\"og:image:height\" content=\"1200\" \/>\n\t<meta property=\"og:image:type\" content=\"image\/jpeg\" \/>\n<meta name=\"twitter:card\" content=\"summary_large_image\" \/>\n<meta name=\"twitter:label1\" content=\"Timp estimat pentru citire\" \/>\n\t<meta name=\"twitter:data1\" content=\"2 minute\" \/>\n<script type=\"application\/ld+json\" class=\"yoast-schema-graph\">{\"@context\":\"https:\\\/\\\/schema.org\",\"@graph\":[{\"@type\":\"WebPage\",\"@id\":\"https:\\\/\\\/exparto.pl\\\/ro\\\/produkt\\\/talerz-do-talerzowki-460-mm-x-35-mm-gladki-kwadrat-30x30-stal-weglowa\\\/\",\"url\":\"https:\\\/\\\/exparto.pl\\\/ro\\\/produkt\\\/talerz-do-talerzowki-460-mm-x-35-mm-gladki-kwadrat-30x30-stal-weglowa\\\/\",\"name\":\"Talerz do talerz\u00f3wki 460 mm x 3,5 mm, g\u0142adki, kwadrat 30\u00d730, stal w\u0119glowa - Exparto.pl\",\"isPartOf\":{\"@id\":\"https:\\\/\\\/exparto.pl\\\/ro\\\/#website\"},\"primaryImageOfPage\":{\"@id\":\"https:\\\/\\\/exparto.pl\\\/ro\\\/produkt\\\/talerz-do-talerzowki-460-mm-x-35-mm-gladki-kwadrat-30x30-stal-weglowa\\\/#primaryimage\"},\"image\":{\"@id\":\"https:\\\/\\\/exparto.pl\\\/ro\\\/produkt\\\/talerz-do-talerzowki-460-mm-x-35-mm-gladki-kwadrat-30x30-stal-weglowa\\\/#primaryimage\"},\"thumbnailUrl\":\"https:\\\/\\\/exparto.pl\\\/wp-content\\\/uploads\\\/2026\\\/04\\\/2deb54ef1d505ec9b2ef46328a9cb54d.jpg\",\"datePublished\":\"2026-04-29T12:53:14+00:00\",\"dateModified\":\"2026-04-29T13:35:19+00:00\",\"breadcrumb\":{\"@id\":\"https:\\\/\\\/exparto.pl\\\/ro\\\/produkt\\\/talerz-do-talerzowki-460-mm-x-35-mm-gladki-kwadrat-30x30-stal-weglowa\\\/#breadcrumb\"},\"inLanguage\":\"ro-RO\",\"potentialAction\":[{\"@type\":\"ReadAction\",\"target\":[\"https:\\\/\\\/exparto.pl\\\/ro\\\/produkt\\\/talerz-do-talerzowki-460-mm-x-35-mm-gladki-kwadrat-30x30-stal-weglowa\\\/\"]}]},{\"@type\":\"ImageObject\",\"inLanguage\":\"ro-RO\",\"@id\":\"https:\\\/\\\/exparto.pl\\\/ro\\\/produkt\\\/talerz-do-talerzowki-460-mm-x-35-mm-gladki-kwadrat-30x30-stal-weglowa\\\/#primaryimage\",\"url\":\"https:\\\/\\\/exparto.pl\\\/wp-content\\\/uploads\\\/2026\\\/04\\\/2deb54ef1d505ec9b2ef46328a9cb54d.jpg\",\"contentUrl\":\"https:\\\/\\\/exparto.pl\\\/wp-content\\\/uploads\\\/2026\\\/04\\\/2deb54ef1d505ec9b2ef46328a9cb54d.jpg\",\"width\":1200,\"height\":1200,\"caption\":\"2b53ec849c37d9058423f43ed81061f4\"},{\"@type\":\"BreadcrumbList\",\"@id\":\"https:\\\/\\\/exparto.pl\\\/ro\\\/produkt\\\/talerz-do-talerzowki-460-mm-x-35-mm-gladki-kwadrat-30x30-stal-weglowa\\\/#breadcrumb\",\"itemListElement\":[{\"@type\":\"ListItem\",\"position\":1,\"name\":\"Pagina de start\",\"item\":\"https:\\\/\\\/exparto.pl\\\/ro\\\/pagina-de-start\\\/\"},{\"@type\":\"ListItem\",\"position\":2,\"name\":\"Sklep\",\"item\":\"https:\\\/\\\/exparto.pl\\\/sklep\\\/\"},{\"@type\":\"ListItem\",\"position\":3,\"name\":\"Lucrare a solului\",\"item\":\"https:\\\/\\\/exparto.pl\\\/ro\\\/categoria-de-produse\\\/lucrare-a-solului\\\/\"},{\"@type\":\"ListItem\",\"position\":4,\"name\":\"Discuri de cultivare\",\"item\":\"https:\\\/\\\/exparto.pl\\\/ro\\\/categoria-de-produse\\\/lucrare-a-solului\\\/discuri-de-cultivare\\\/\"},{\"@type\":\"ListItem\",\"position\":5,\"name\":\"Discuri 460 mm\",\"item\":\"https:\\\/\\\/exparto.pl\\\/ro\\\/categoria-de-produse\\\/lucrare-a-solului\\\/discuri-de-cultivare\\\/discuri-460-mm\\\/\"},{\"@type\":\"ListItem\",\"position\":6,\"name\":\"Talerz do talerz\u00f3wki 460 mm x 3,5 mm, g\u0142adki, kwadrat 30\u00d730, stal w\u0119glowa\"}]},{\"@type\":\"WebSite\",\"@id\":\"https:\\\/\\\/exparto.pl\\\/ro\\\/#website\",\"url\":\"https:\\\/\\\/exparto.pl\\\/ro\\\/\",\"name\":\"EXPARTO\",\"description\":\"More than agro parts\",\"publisher\":{\"@id\":\"https:\\\/\\\/exparto.pl\\\/ro\\\/#organization\"},\"potentialAction\":[{\"@type\":\"SearchAction\",\"target\":{\"@type\":\"EntryPoint\",\"urlTemplate\":\"https:\\\/\\\/exparto.pl\\\/ro\\\/?s={search_term_string}\"},\"query-input\":{\"@type\":\"PropertyValueSpecification\",\"valueRequired\":true,\"valueName\":\"search_term_string\"}}],\"inLanguage\":\"ro-RO\"},{\"@type\":\"Organization\",\"@id\":\"https:\\\/\\\/exparto.pl\\\/ro\\\/#organization\",\"name\":\"EXPARTO\",\"url\":\"https:\\\/\\\/exparto.pl\\\/ro\\\/\",\"logo\":{\"@type\":\"ImageObject\",\"inLanguage\":\"ro-RO\",\"@id\":\"https:\\\/\\\/exparto.pl\\\/ro\\\/#\\\/schema\\\/logo\\\/image\\\/\",\"url\":\"https:\\\/\\\/exparto.pl\\\/wp-content\\\/uploads\\\/2023\\\/02\\\/logo-wektor.png\",\"contentUrl\":\"https:\\\/\\\/exparto.pl\\\/wp-content\\\/uploads\\\/2023\\\/02\\\/logo-wektor.png\",\"width\":1338,\"height\":143,\"caption\":\"EXPARTO\"},\"image\":{\"@id\":\"https:\\\/\\\/exparto.pl\\\/ro\\\/#\\\/schema\\\/logo\\\/image\\\/\"},\"sameAs\":[\"https:\\\/\\\/www.facebook.com\\\/exparto.agro\\\/\"]}]}<\/script>\n<!-- \/ Yoast SEO plugin. -->","yoast_head_json":{"title":"Talerz do talerz\u00f3wki 460 mm x 3,5 mm, g\u0142adki, kwadrat 30\u00d730, stal w\u0119glowa - Exparto.pl","robots":{"index":"index","follow":"follow","max-snippet":"max-snippet:-1","max-image-preview":"max-image-preview:large","max-video-preview":"max-video-preview:-1"},"canonical":"https:\/\/exparto.pl\/ro\/produkt\/talerz-do-talerzowki-460-mm-x-35-mm-gladki-kwadrat-30x30-stal-weglowa\/","og_locale":"ro_RO","og_type":"article","og_title":"Talerz do talerz\u00f3wki 460 mm x 3,5 mm, g\u0142adki, kwadrat 30\u00d730, stal w\u0119glowa - Exparto.pl","og_description":"Talerze g\u0142adkie pozbawione dodatkowych element\u00f3w w postaci z\u0119b\u00f3w lepiej sprawdzaj\u0105 si\u0119 przy l\u017cejszym pod\u0142o\u017cu, gdzie nie trzeba intensywnie \u015bcina\u0107 skib. Precyzja wykonania i zwi\u0119kszona wytrzyma\u0142o\u015b\u0107 mechaniczna talerza umo\u017cliwia zachowanie najwy\u017cszej wydajno\u015bci prac.","og_url":"https:\/\/exparto.pl\/ro\/produkt\/talerz-do-talerzowki-460-mm-x-35-mm-gladki-kwadrat-30x30-stal-weglowa\/","og_site_name":"Exparto.pl","article_publisher":"https:\/\/www.facebook.com\/exparto.agro\/","article_modified_time":"2026-04-29T13:35:19+00:00","og_image":[{"width":1200,"height":1200,"url":"https:\/\/exparto.pl\/wp-content\/uploads\/2026\/04\/2deb54ef1d505ec9b2ef46328a9cb54d.jpg","type":"image\/jpeg"}],"twitter_card":"summary_large_image","twitter_misc":{"Timp estimat pentru citire":"2 minute"},"schema":{"@context":"https:\/\/schema.org","@graph":[{"@type":"WebPage","@id":"https:\/\/exparto.pl\/ro\/produkt\/talerz-do-talerzowki-460-mm-x-35-mm-gladki-kwadrat-30x30-stal-weglowa\/","url":"https:\/\/exparto.pl\/ro\/produkt\/talerz-do-talerzowki-460-mm-x-35-mm-gladki-kwadrat-30x30-stal-weglowa\/","name":"Talerz do talerz\u00f3wki 460 mm x 3,5 mm, g\u0142adki, kwadrat 30\u00d730, stal w\u0119glowa - Exparto.pl","isPartOf":{"@id":"https:\/\/exparto.pl\/ro\/#website"},"primaryImageOfPage":{"@id":"https:\/\/exparto.pl\/ro\/produkt\/talerz-do-talerzowki-460-mm-x-35-mm-gladki-kwadrat-30x30-stal-weglowa\/#primaryimage"},"image":{"@id":"https:\/\/exparto.pl\/ro\/produkt\/talerz-do-talerzowki-460-mm-x-35-mm-gladki-kwadrat-30x30-stal-weglowa\/#primaryimage"},"thumbnailUrl":"https:\/\/exparto.pl\/wp-content\/uploads\/2026\/04\/2deb54ef1d505ec9b2ef46328a9cb54d.jpg","datePublished":"2026-04-29T12:53:14+00:00","dateModified":"2026-04-29T13:35:19+00:00","breadcrumb":{"@id":"https:\/\/exparto.pl\/ro\/produkt\/talerz-do-talerzowki-460-mm-x-35-mm-gladki-kwadrat-30x30-stal-weglowa\/#breadcrumb"},"inLanguage":"ro-RO","potentialAction":[{"@type":"ReadAction","target":["https:\/\/exparto.pl\/ro\/produkt\/talerz-do-talerzowki-460-mm-x-35-mm-gladki-kwadrat-30x30-stal-weglowa\/"]}]},{"@type":"ImageObject","inLanguage":"ro-RO","@id":"https:\/\/exparto.pl\/ro\/produkt\/talerz-do-talerzowki-460-mm-x-35-mm-gladki-kwadrat-30x30-stal-weglowa\/#primaryimage","url":"https:\/\/exparto.pl\/wp-content\/uploads\/2026\/04\/2deb54ef1d505ec9b2ef46328a9cb54d.jpg","contentUrl":"https:\/\/exparto.pl\/wp-content\/uploads\/2026\/04\/2deb54ef1d505ec9b2ef46328a9cb54d.jpg","width":1200,"height":1200,"caption":"2b53ec849c37d9058423f43ed81061f4"},{"@type":"BreadcrumbList","@id":"https:\/\/exparto.pl\/ro\/produkt\/talerz-do-talerzowki-460-mm-x-35-mm-gladki-kwadrat-30x30-stal-weglowa\/#breadcrumb","itemListElement":[{"@type":"ListItem","position":1,"name":"Pagina de start","item":"https:\/\/exparto.pl\/ro\/pagina-de-start\/"},{"@type":"ListItem","position":2,"name":"Sklep","item":"https:\/\/exparto.pl\/sklep\/"},{"@type":"ListItem","position":3,"name":"Lucrare a solului","item":"https:\/\/exparto.pl\/ro\/categoria-de-produse\/lucrare-a-solului\/"},{"@type":"ListItem","position":4,"name":"Discuri de cultivare","item":"https:\/\/exparto.pl\/ro\/categoria-de-produse\/lucrare-a-solului\/discuri-de-cultivare\/"},{"@type":"ListItem","position":5,"name":"Discuri 460 mm","item":"https:\/\/exparto.pl\/ro\/categoria-de-produse\/lucrare-a-solului\/discuri-de-cultivare\/discuri-460-mm\/"},{"@type":"ListItem","position":6,"name":"Talerz do talerz\u00f3wki 460 mm x 3,5 mm, g\u0142adki, kwadrat 30\u00d730, stal w\u0119glowa"}]},{"@type":"WebSite","@id":"https:\/\/exparto.pl\/ro\/#website","url":"https:\/\/exparto.pl\/ro\/","name":"EXPARTO","description":"More than agro parts","publisher":{"@id":"https:\/\/exparto.pl\/ro\/#organization"},"potentialAction":[{"@type":"SearchAction","target":{"@type":"EntryPoint","urlTemplate":"https:\/\/exparto.pl\/ro\/?s={search_term_string}"},"query-input":{"@type":"PropertyValueSpecification","valueRequired":true,"valueName":"search_term_string"}}],"inLanguage":"ro-RO"},{"@type":"Organization","@id":"https:\/\/exparto.pl\/ro\/#organization","name":"EXPARTO","url":"https:\/\/exparto.pl\/ro\/","logo":{"@type":"ImageObject","inLanguage":"ro-RO","@id":"https:\/\/exparto.pl\/ro\/#\/schema\/logo\/image\/","url":"https:\/\/exparto.pl\/wp-content\/uploads\/2023\/02\/logo-wektor.png","contentUrl":"https:\/\/exparto.pl\/wp-content\/uploads\/2023\/02\/logo-wektor.png","width":1338,"height":143,"caption":"EXPARTO"},"image":{"@id":"https:\/\/exparto.pl\/ro\/#\/schema\/logo\/image\/"},"sameAs":["https:\/\/www.facebook.com\/exparto.agro\/"]}]}},"_links":{"self":[{"href":"https:\/\/exparto.pl\/ro\/wp-json\/wp\/v2\/product\/65368","targetHints":{"allow":["GET"]}}],"collection":[{"href":"https:\/\/exparto.pl\/ro\/wp-json\/wp\/v2\/product"}],"about":[{"href":"https:\/\/exparto.pl\/ro\/wp-json\/wp\/v2\/types\/product"}],"replies":[{"embeddable":true,"href":"https:\/\/exparto.pl\/ro\/wp-json\/wp\/v2\/comments?post=65368"}],"wp:featuredmedia":[{"embeddable":true,"href":"https:\/\/exparto.pl\/ro\/wp-json\/wp\/v2\/media\/65358"}],"wp:attachment":[{"href":"https:\/\/exparto.pl\/ro\/wp-json\/wp\/v2\/media?parent=65368"}],"wp:term":[{"taxonomy":"product_brand","embeddable":true,"href":"https:\/\/exparto.pl\/ro\/wp-json\/wp\/v2\/product_brand?post=65368"},{"taxonomy":"product_cat","embeddable":true,"href":"https:\/\/exparto.pl\/ro\/wp-json\/wp\/v2\/product_cat?post=65368"},{"taxonomy":"product_tag","embeddable":true,"href":"https:\/\/exparto.pl\/ro\/wp-json\/wp\/v2\/product_tag?post=65368"}],"curies":[{"name":"wp","href":"https:\/\/api.w.org\/{rel}","templated":true}]}}