{"id":65978,"date":"2026-05-07T09:54:47","date_gmt":"2026-05-07T07:54:47","guid":{"rendered":"https:\/\/exparto.pl\/produkt\/podkladka-mosiezna-kola-zamachowego-prasa-sipma-z-224-5223041340-2023-040-134-00\/"},"modified":"2026-05-07T10:02:58","modified_gmt":"2026-05-07T08:02:58","slug":"podkladka-mosiezna-kola-zamachowego-prasa-sipma-z-224-5223041340-2023-040-134-00","status":"publish","type":"product","link":"https:\/\/exparto.pl\/ro\/produkt\/podkladka-mosiezna-kola-zamachowego-prasa-sipma-z-224-5223041340-2023-040-134-00\/","title":{"rendered":"Podk\u0142adka mosi\u0119\u017cna ko\u0142a zamachowego prasa SIPMA Z-224 5223041340 2023-040-134.00"},"content":{"rendered":"<p style=\"text-align: justify\">Podk\u0142adka ko\u0142a zamachowego pracuje w uk\u0142adzie przeniesienia nap\u0119du, dbaj\u0105c o to, by Twoja prasa kostkuj\u0105ca mog\u0142a bezpiecznie pracowa\u0107 nawet przy du\u017cym obci\u0105\u017ceniu<strong>. W naszym asortymencie znajduje si\u0119 podk\u0142adka mosi\u0119\u017cna, kt\u00f3ra pasuje do pras kostkuj\u0105cych takich jak SIPMA Z-224, PK 4000 i PK 4010.<\/strong> Zapraszamy do zapoznania si\u0119 z ofert\u0105 EXPARTO, aby zapewni\u0107 sobie bezawaryjn\u0105 prac\u0119 podczas najbardziej intensywnych \u017cniw.<\/p>\n<h2><span style=\"font-weight: 400\">Podk\u0142adka mosi\u0119\u017cna ko\u0142a \u2013 przek\u0142adnia, cz\u0119\u015bci do prasy SIPMA Z-224<\/span><\/h2>\n<p style=\"text-align: justify\">Dzia\u0142anie maszyny w momencie przeci\u0105\u017cenia zale\u017cy od tego, jak sprz\u0119g\u0142o do prasy SIPMA zareaguje na nag\u0142y op\u00f3r materia\u0142u. Podk\u0142adka stanowi stabilny punkt podparcia dla tarczy dociskowej, dzi\u0119ki czemu sprz\u0119g\u0142o prasy mo\u017ce przenie\u015b\u0107 moc z ci\u0105gnika na pozosta\u0142e mechanizmy bez niepotrzebnych strat<strong>. Dzi\u0119ki zastosowaniu mosi\u0105dzu, nasze podk\u0142adki ko\u0142a do prasy nie blokuj\u0105 si\u0119 pod wp\u0142ywem temperatury i pozwalaj\u0105 sprz\u0119g\u0142u prawid\u0142owo zadzia\u0142a\u0107. <\/strong><\/p>\n<p style=\"text-align: justify\">Wybieraj\u0105c sprawdzone cz\u0119\u015bci do prasy SIPMA, dbasz o p\u0142ynn\u0105 prac\u0119 urz\u0105dzenia i unikasz przestoj\u00f3w w trakcie \u017cniw. <strong>W naszym sklepie znajdziesz wszystkie niezb\u0119dne cz\u0119\u015bci do prasy kostkuj\u0105cej, kt\u00f3re pozwol\u0105 Ci na profesjonalny serwis i utrzymanie Twojej maszyny w pe\u0142nej sprawno\u015bci.<\/strong><\/p>\n<p style=\"text-align: justify\"><strong>Zastosowanie:<\/strong><\/p>\n<ul>\n<li>prasy kostkuj\u0105ce Sipma Z-224, PK 4000, PK 4010 , prasy , maszyny rolnicze<\/li>\n<\/ul>\n<p style=\"text-align: justify\"><strong>Numer katalogowy:<\/strong><\/p>\n<ul>\n<li>5223041340<\/li>\n<li>2023-040-134.00<\/li>\n<li>5223\/04-134\/0<\/li>\n<\/ul>\n","protected":false},"excerpt":{"rendered":"<p>Dzi\u0119ki zastosowaniu mosi\u0105dzu, nasze podk\u0142adki ko\u0142a do prasy nie blokuj\u0105 si\u0119 pod wp\u0142ywem temperatury i pozwalaj\u0105 sprz\u0119g\u0142u prawid\u0142owo zadzia\u0142a\u0107.<\/p>\n","protected":false},"featured_media":65958,"comment_status":"open","ping_status":"closed","template":"","meta":{"_acf_changed":false,"inline_featured_image":false},"product_brand":[],"product_cat":[48,116],"product_tag":[],"class_list":{"0":"post-65978","1":"product","2":"type-product","3":"status-publish","4":"has-post-thumbnail","6":"product_cat-czesci-do-prasy-kostkujacej","7":"product_cat-czesci-do-prasy-sipma","9":"first","10":"instock","11":"taxable","12":"shipping-taxable","13":"purchasable","14":"product-type-simple"},"acf":[],"yoast_head":"<!-- This site is optimized with the Yoast SEO plugin v27.5 - https:\/\/yoast.com\/product\/yoast-seo-wordpress\/ -->\n<title>Podk\u0142adka mosi\u0119\u017cna ko\u0142a zamachowego prasa SIPMA Z-224 5223041340 2023-040-134.00 - Exparto.pl<\/title>\n<meta name=\"robots\" content=\"index, follow, max-snippet:-1, max-image-preview:large, max-video-preview:-1\" \/>\n<link rel=\"canonical\" href=\"https:\/\/exparto.pl\/ro\/produkt\/podkladka-mosiezna-kola-zamachowego-prasa-sipma-z-224-5223041340-2023-040-134-00\/\" \/>\n<meta property=\"og:locale\" content=\"ro_RO\" \/>\n<meta property=\"og:type\" content=\"article\" \/>\n<meta property=\"og:title\" content=\"Podk\u0142adka mosi\u0119\u017cna ko\u0142a zamachowego prasa SIPMA Z-224 5223041340 2023-040-134.00 - Exparto.pl\" \/>\n<meta property=\"og:description\" content=\"Dzi\u0119ki zastosowaniu mosi\u0105dzu, nasze podk\u0142adki ko\u0142a do prasy nie blokuj\u0105 si\u0119 pod wp\u0142ywem temperatury i pozwalaj\u0105 sprz\u0119g\u0142u prawid\u0142owo zadzia\u0142a\u0107.\" \/>\n<meta property=\"og:url\" content=\"https:\/\/exparto.pl\/ro\/produkt\/podkladka-mosiezna-kola-zamachowego-prasa-sipma-z-224-5223041340-2023-040-134-00\/\" \/>\n<meta property=\"og:site_name\" content=\"Exparto.pl\" \/>\n<meta property=\"article:publisher\" content=\"https:\/\/www.facebook.com\/exparto.agro\/\" \/>\n<meta property=\"article:modified_time\" content=\"2026-05-07T08:02:58+00:00\" \/>\n<meta property=\"og:image\" content=\"https:\/\/exparto.pl\/wp-content\/uploads\/2026\/05\/668698c93d1c54d68068f64c8f4d7d35.jpg\" \/>\n\t<meta property=\"og:image:width\" content=\"1200\" \/>\n\t<meta property=\"og:image:height\" content=\"1200\" \/>\n\t<meta property=\"og:image:type\" content=\"image\/jpeg\" \/>\n<meta name=\"twitter:card\" content=\"summary_large_image\" \/>\n<meta name=\"twitter:label1\" content=\"Timp estimat pentru citire\" \/>\n\t<meta name=\"twitter:data1\" content=\"2 minute\" \/>\n<script type=\"application\/ld+json\" class=\"yoast-schema-graph\">{\"@context\":\"https:\\\/\\\/schema.org\",\"@graph\":[{\"@type\":\"WebPage\",\"@id\":\"https:\\\/\\\/exparto.pl\\\/ro\\\/produkt\\\/podkladka-mosiezna-kola-zamachowego-prasa-sipma-z-224-5223041340-2023-040-134-00\\\/\",\"url\":\"https:\\\/\\\/exparto.pl\\\/ro\\\/produkt\\\/podkladka-mosiezna-kola-zamachowego-prasa-sipma-z-224-5223041340-2023-040-134-00\\\/\",\"name\":\"Podk\u0142adka mosi\u0119\u017cna ko\u0142a zamachowego prasa SIPMA Z-224 5223041340 2023-040-134.00 - Exparto.pl\",\"isPartOf\":{\"@id\":\"https:\\\/\\\/exparto.pl\\\/ro\\\/#website\"},\"primaryImageOfPage\":{\"@id\":\"https:\\\/\\\/exparto.pl\\\/ro\\\/produkt\\\/podkladka-mosiezna-kola-zamachowego-prasa-sipma-z-224-5223041340-2023-040-134-00\\\/#primaryimage\"},\"image\":{\"@id\":\"https:\\\/\\\/exparto.pl\\\/ro\\\/produkt\\\/podkladka-mosiezna-kola-zamachowego-prasa-sipma-z-224-5223041340-2023-040-134-00\\\/#primaryimage\"},\"thumbnailUrl\":\"https:\\\/\\\/exparto.pl\\\/wp-content\\\/uploads\\\/2026\\\/05\\\/668698c93d1c54d68068f64c8f4d7d35.jpg\",\"datePublished\":\"2026-05-07T07:54:47+00:00\",\"dateModified\":\"2026-05-07T08:02:58+00:00\",\"breadcrumb\":{\"@id\":\"https:\\\/\\\/exparto.pl\\\/ro\\\/produkt\\\/podkladka-mosiezna-kola-zamachowego-prasa-sipma-z-224-5223041340-2023-040-134-00\\\/#breadcrumb\"},\"inLanguage\":\"ro-RO\",\"potentialAction\":[{\"@type\":\"ReadAction\",\"target\":[\"https:\\\/\\\/exparto.pl\\\/ro\\\/produkt\\\/podkladka-mosiezna-kola-zamachowego-prasa-sipma-z-224-5223041340-2023-040-134-00\\\/\"]}]},{\"@type\":\"ImageObject\",\"inLanguage\":\"ro-RO\",\"@id\":\"https:\\\/\\\/exparto.pl\\\/ro\\\/produkt\\\/podkladka-mosiezna-kola-zamachowego-prasa-sipma-z-224-5223041340-2023-040-134-00\\\/#primaryimage\",\"url\":\"https:\\\/\\\/exparto.pl\\\/wp-content\\\/uploads\\\/2026\\\/05\\\/668698c93d1c54d68068f64c8f4d7d35.jpg\",\"contentUrl\":\"https:\\\/\\\/exparto.pl\\\/wp-content\\\/uploads\\\/2026\\\/05\\\/668698c93d1c54d68068f64c8f4d7d35.jpg\",\"width\":1200,\"height\":1200,\"caption\":\"158c98826a02e2d2fca8359adb35cbe2\"},{\"@type\":\"BreadcrumbList\",\"@id\":\"https:\\\/\\\/exparto.pl\\\/ro\\\/produkt\\\/podkladka-mosiezna-kola-zamachowego-prasa-sipma-z-224-5223041340-2023-040-134-00\\\/#breadcrumb\",\"itemListElement\":[{\"@type\":\"ListItem\",\"position\":1,\"name\":\"Pagina de start\",\"item\":\"https:\\\/\\\/exparto.pl\\\/ro\\\/pagina-de-start\\\/\"},{\"@type\":\"ListItem\",\"position\":2,\"name\":\"Sklep\",\"item\":\"https:\\\/\\\/exparto.pl\\\/sklep\\\/\"},{\"@type\":\"ListItem\",\"position\":3,\"name\":\"Piese de pres\u0103\",\"item\":\"https:\\\/\\\/exparto.pl\\\/ro\\\/categoria-de-produse\\\/piese-de-presa\\\/\"},{\"@type\":\"ListItem\",\"position\":4,\"name\":\"Piese pentru presa de balotat SIPMA Z-224\",\"item\":\"https:\\\/\\\/exparto.pl\\\/ro\\\/categoria-de-produse\\\/piese-de-presa\\\/piese-pentru-presa-de-balotat-sipma-z-224\\\/\"},{\"@type\":\"ListItem\",\"position\":5,\"name\":\"Podk\u0142adka mosi\u0119\u017cna ko\u0142a zamachowego prasa SIPMA Z-224 5223041340 2023-040-134.00\"}]},{\"@type\":\"WebSite\",\"@id\":\"https:\\\/\\\/exparto.pl\\\/ro\\\/#website\",\"url\":\"https:\\\/\\\/exparto.pl\\\/ro\\\/\",\"name\":\"EXPARTO\",\"description\":\"More than agro parts\",\"publisher\":{\"@id\":\"https:\\\/\\\/exparto.pl\\\/ro\\\/#organization\"},\"potentialAction\":[{\"@type\":\"SearchAction\",\"target\":{\"@type\":\"EntryPoint\",\"urlTemplate\":\"https:\\\/\\\/exparto.pl\\\/ro\\\/?s={search_term_string}\"},\"query-input\":{\"@type\":\"PropertyValueSpecification\",\"valueRequired\":true,\"valueName\":\"search_term_string\"}}],\"inLanguage\":\"ro-RO\"},{\"@type\":\"Organization\",\"@id\":\"https:\\\/\\\/exparto.pl\\\/ro\\\/#organization\",\"name\":\"EXPARTO\",\"url\":\"https:\\\/\\\/exparto.pl\\\/ro\\\/\",\"logo\":{\"@type\":\"ImageObject\",\"inLanguage\":\"ro-RO\",\"@id\":\"https:\\\/\\\/exparto.pl\\\/ro\\\/#\\\/schema\\\/logo\\\/image\\\/\",\"url\":\"https:\\\/\\\/exparto.pl\\\/wp-content\\\/uploads\\\/2023\\\/02\\\/logo-wektor.png\",\"contentUrl\":\"https:\\\/\\\/exparto.pl\\\/wp-content\\\/uploads\\\/2023\\\/02\\\/logo-wektor.png\",\"width\":1338,\"height\":143,\"caption\":\"EXPARTO\"},\"image\":{\"@id\":\"https:\\\/\\\/exparto.pl\\\/ro\\\/#\\\/schema\\\/logo\\\/image\\\/\"},\"sameAs\":[\"https:\\\/\\\/www.facebook.com\\\/exparto.agro\\\/\"]}]}<\/script>\n<!-- \/ Yoast SEO plugin. -->","yoast_head_json":{"title":"Podk\u0142adka mosi\u0119\u017cna ko\u0142a zamachowego prasa SIPMA Z-224 5223041340 2023-040-134.00 - Exparto.pl","robots":{"index":"index","follow":"follow","max-snippet":"max-snippet:-1","max-image-preview":"max-image-preview:large","max-video-preview":"max-video-preview:-1"},"canonical":"https:\/\/exparto.pl\/ro\/produkt\/podkladka-mosiezna-kola-zamachowego-prasa-sipma-z-224-5223041340-2023-040-134-00\/","og_locale":"ro_RO","og_type":"article","og_title":"Podk\u0142adka mosi\u0119\u017cna ko\u0142a zamachowego prasa SIPMA Z-224 5223041340 2023-040-134.00 - Exparto.pl","og_description":"Dzi\u0119ki zastosowaniu mosi\u0105dzu, nasze podk\u0142adki ko\u0142a do prasy nie blokuj\u0105 si\u0119 pod wp\u0142ywem temperatury i pozwalaj\u0105 sprz\u0119g\u0142u prawid\u0142owo zadzia\u0142a\u0107.","og_url":"https:\/\/exparto.pl\/ro\/produkt\/podkladka-mosiezna-kola-zamachowego-prasa-sipma-z-224-5223041340-2023-040-134-00\/","og_site_name":"Exparto.pl","article_publisher":"https:\/\/www.facebook.com\/exparto.agro\/","article_modified_time":"2026-05-07T08:02:58+00:00","og_image":[{"width":1200,"height":1200,"url":"https:\/\/exparto.pl\/wp-content\/uploads\/2026\/05\/668698c93d1c54d68068f64c8f4d7d35.jpg","type":"image\/jpeg"}],"twitter_card":"summary_large_image","twitter_misc":{"Timp estimat pentru citire":"2 minute"},"schema":{"@context":"https:\/\/schema.org","@graph":[{"@type":"WebPage","@id":"https:\/\/exparto.pl\/ro\/produkt\/podkladka-mosiezna-kola-zamachowego-prasa-sipma-z-224-5223041340-2023-040-134-00\/","url":"https:\/\/exparto.pl\/ro\/produkt\/podkladka-mosiezna-kola-zamachowego-prasa-sipma-z-224-5223041340-2023-040-134-00\/","name":"Podk\u0142adka mosi\u0119\u017cna ko\u0142a zamachowego prasa SIPMA Z-224 5223041340 2023-040-134.00 - Exparto.pl","isPartOf":{"@id":"https:\/\/exparto.pl\/ro\/#website"},"primaryImageOfPage":{"@id":"https:\/\/exparto.pl\/ro\/produkt\/podkladka-mosiezna-kola-zamachowego-prasa-sipma-z-224-5223041340-2023-040-134-00\/#primaryimage"},"image":{"@id":"https:\/\/exparto.pl\/ro\/produkt\/podkladka-mosiezna-kola-zamachowego-prasa-sipma-z-224-5223041340-2023-040-134-00\/#primaryimage"},"thumbnailUrl":"https:\/\/exparto.pl\/wp-content\/uploads\/2026\/05\/668698c93d1c54d68068f64c8f4d7d35.jpg","datePublished":"2026-05-07T07:54:47+00:00","dateModified":"2026-05-07T08:02:58+00:00","breadcrumb":{"@id":"https:\/\/exparto.pl\/ro\/produkt\/podkladka-mosiezna-kola-zamachowego-prasa-sipma-z-224-5223041340-2023-040-134-00\/#breadcrumb"},"inLanguage":"ro-RO","potentialAction":[{"@type":"ReadAction","target":["https:\/\/exparto.pl\/ro\/produkt\/podkladka-mosiezna-kola-zamachowego-prasa-sipma-z-224-5223041340-2023-040-134-00\/"]}]},{"@type":"ImageObject","inLanguage":"ro-RO","@id":"https:\/\/exparto.pl\/ro\/produkt\/podkladka-mosiezna-kola-zamachowego-prasa-sipma-z-224-5223041340-2023-040-134-00\/#primaryimage","url":"https:\/\/exparto.pl\/wp-content\/uploads\/2026\/05\/668698c93d1c54d68068f64c8f4d7d35.jpg","contentUrl":"https:\/\/exparto.pl\/wp-content\/uploads\/2026\/05\/668698c93d1c54d68068f64c8f4d7d35.jpg","width":1200,"height":1200,"caption":"158c98826a02e2d2fca8359adb35cbe2"},{"@type":"BreadcrumbList","@id":"https:\/\/exparto.pl\/ro\/produkt\/podkladka-mosiezna-kola-zamachowego-prasa-sipma-z-224-5223041340-2023-040-134-00\/#breadcrumb","itemListElement":[{"@type":"ListItem","position":1,"name":"Pagina de start","item":"https:\/\/exparto.pl\/ro\/pagina-de-start\/"},{"@type":"ListItem","position":2,"name":"Sklep","item":"https:\/\/exparto.pl\/sklep\/"},{"@type":"ListItem","position":3,"name":"Piese de pres\u0103","item":"https:\/\/exparto.pl\/ro\/categoria-de-produse\/piese-de-presa\/"},{"@type":"ListItem","position":4,"name":"Piese pentru presa de balotat SIPMA Z-224","item":"https:\/\/exparto.pl\/ro\/categoria-de-produse\/piese-de-presa\/piese-pentru-presa-de-balotat-sipma-z-224\/"},{"@type":"ListItem","position":5,"name":"Podk\u0142adka mosi\u0119\u017cna ko\u0142a zamachowego prasa SIPMA Z-224 5223041340 2023-040-134.00"}]},{"@type":"WebSite","@id":"https:\/\/exparto.pl\/ro\/#website","url":"https:\/\/exparto.pl\/ro\/","name":"EXPARTO","description":"More than agro parts","publisher":{"@id":"https:\/\/exparto.pl\/ro\/#organization"},"potentialAction":[{"@type":"SearchAction","target":{"@type":"EntryPoint","urlTemplate":"https:\/\/exparto.pl\/ro\/?s={search_term_string}"},"query-input":{"@type":"PropertyValueSpecification","valueRequired":true,"valueName":"search_term_string"}}],"inLanguage":"ro-RO"},{"@type":"Organization","@id":"https:\/\/exparto.pl\/ro\/#organization","name":"EXPARTO","url":"https:\/\/exparto.pl\/ro\/","logo":{"@type":"ImageObject","inLanguage":"ro-RO","@id":"https:\/\/exparto.pl\/ro\/#\/schema\/logo\/image\/","url":"https:\/\/exparto.pl\/wp-content\/uploads\/2023\/02\/logo-wektor.png","contentUrl":"https:\/\/exparto.pl\/wp-content\/uploads\/2023\/02\/logo-wektor.png","width":1338,"height":143,"caption":"EXPARTO"},"image":{"@id":"https:\/\/exparto.pl\/ro\/#\/schema\/logo\/image\/"},"sameAs":["https:\/\/www.facebook.com\/exparto.agro\/"]}]}},"_links":{"self":[{"href":"https:\/\/exparto.pl\/ro\/wp-json\/wp\/v2\/product\/65978","targetHints":{"allow":["GET"]}}],"collection":[{"href":"https:\/\/exparto.pl\/ro\/wp-json\/wp\/v2\/product"}],"about":[{"href":"https:\/\/exparto.pl\/ro\/wp-json\/wp\/v2\/types\/product"}],"replies":[{"embeddable":true,"href":"https:\/\/exparto.pl\/ro\/wp-json\/wp\/v2\/comments?post=65978"}],"wp:featuredmedia":[{"embeddable":true,"href":"https:\/\/exparto.pl\/ro\/wp-json\/wp\/v2\/media\/65958"}],"wp:attachment":[{"href":"https:\/\/exparto.pl\/ro\/wp-json\/wp\/v2\/media?parent=65978"}],"wp:term":[{"taxonomy":"product_brand","embeddable":true,"href":"https:\/\/exparto.pl\/ro\/wp-json\/wp\/v2\/product_brand?post=65978"},{"taxonomy":"product_cat","embeddable":true,"href":"https:\/\/exparto.pl\/ro\/wp-json\/wp\/v2\/product_cat?post=65978"},{"taxonomy":"product_tag","embeddable":true,"href":"https:\/\/exparto.pl\/ro\/wp-json\/wp\/v2\/product_tag?post=65978"}],"curies":[{"name":"wp","href":"https:\/\/api.w.org\/{rel}","templated":true}]}}