{"id":11576,"date":"2022-11-25T11:56:28","date_gmt":"2022-11-25T10:56:28","guid":{"rendered":"https:\/\/exparto.pl\/platba-a-doprava\/"},"modified":"2023-11-13T19:48:15","modified_gmt":"2023-11-13T18:48:15","slug":"platba-a-doprava","status":"publish","type":"page","link":"https:\/\/exparto.pl\/sk\/platba-a-doprava\/","title":{"rendered":"Platba a doprava"},"content":{"rendered":"\n<h2 class=\"wp-block-heading\">Platba a doprava<\/h2>\n\n<figure class=\"wp-block-table is-style-stripes\"><table class=\"has-fixed-layout\"><tbody><tr><td><strong>Prev\u00e1dzkovate\u013e<\/strong><\/td><td><strong>Sp\u00f4sob doru\u010denia<\/strong><\/td><td><strong>N\u00e1klady<\/strong><\/td><td><strong>Maxim\u00e1lna hmotnos\u0165<\/strong><\/td><\/tr><tr><td><img loading=\"lazy\" decoding=\"async\" width=\"150\" height=\"67\" class=\"wp-image-1344\" style=\"width: 150px;\" src=\"https:\/\/exparto.pl\/wp-content\/uploads\/2023\/05\/DPD_logored2015.png\" alt=\"\" srcset=\"https:\/\/exparto.pl\/wp-content\/uploads\/2023\/05\/DPD_logored2015.png 4097w, https:\/\/exparto.pl\/wp-content\/uploads\/2023\/05\/DPD_logored2015-300x133.png 300w, https:\/\/exparto.pl\/wp-content\/uploads\/2023\/05\/DPD_logored2015-1024x455.png 1024w, https:\/\/exparto.pl\/wp-content\/uploads\/2023\/05\/DPD_logored2015-768x342.png 768w, https:\/\/exparto.pl\/wp-content\/uploads\/2023\/05\/DPD_logored2015-1536x683.png 1536w, https:\/\/exparto.pl\/wp-content\/uploads\/2023\/05\/DPD_logored2015-600x267.png 600w, https:\/\/exparto.pl\/wp-content\/uploads\/2023\/05\/DPD_logored2015-2048x911.png 2048w\" sizes=\"auto, (max-width: 150px) 100vw, 150px\" \/><\/td><td>Kuri\u00e9rska slu\u017eba DPD<\/td><td>16 PLN<\/td><td>31,5 kg<\/td><\/tr><tr><td><img loading=\"lazy\" decoding=\"async\" width=\"150\" height=\"67\" class=\"wp-image-1344\" style=\"width: 150px;\" src=\"https:\/\/exparto.pl\/wp-content\/uploads\/2023\/05\/DPD_logored2015.png\" alt=\"\" srcset=\"https:\/\/exparto.pl\/wp-content\/uploads\/2023\/05\/DPD_logored2015.png 4097w, https:\/\/exparto.pl\/wp-content\/uploads\/2023\/05\/DPD_logored2015-300x133.png 300w, https:\/\/exparto.pl\/wp-content\/uploads\/2023\/05\/DPD_logored2015-1024x455.png 1024w, https:\/\/exparto.pl\/wp-content\/uploads\/2023\/05\/DPD_logored2015-768x342.png 768w, https:\/\/exparto.pl\/wp-content\/uploads\/2023\/05\/DPD_logored2015-1536x683.png 1536w, https:\/\/exparto.pl\/wp-content\/uploads\/2023\/05\/DPD_logored2015-600x267.png 600w, https:\/\/exparto.pl\/wp-content\/uploads\/2023\/05\/DPD_logored2015-2048x911.png 2048w\" sizes=\"auto, (max-width: 150px) 100vw, 150px\" \/><\/td><td>Kuri\u00e9rska slu\u017eba DPD na dobierku<\/td><td>19 PLN<\/td><td>31,5 kg<\/td><\/tr><tr><td><img loading=\"lazy\" decoding=\"async\" width=\"150\" height=\"90\" class=\"wp-image-1345\" style=\"width: 150px;\" src=\"https:\/\/exparto.pl\/wp-content\/uploads\/2023\/05\/2560px-InPost_logo.svg.png\" alt=\"\" srcset=\"https:\/\/exparto.pl\/wp-content\/uploads\/2023\/05\/2560px-InPost_logo.svg.png 2560w, https:\/\/exparto.pl\/wp-content\/uploads\/2023\/05\/2560px-InPost_logo.svg-300x180.png 300w, https:\/\/exparto.pl\/wp-content\/uploads\/2023\/05\/2560px-InPost_logo.svg-1024x614.png 1024w, https:\/\/exparto.pl\/wp-content\/uploads\/2023\/05\/2560px-InPost_logo.svg-768x461.png 768w, https:\/\/exparto.pl\/wp-content\/uploads\/2023\/05\/2560px-InPost_logo.svg-1536x922.png 1536w, https:\/\/exparto.pl\/wp-content\/uploads\/2023\/05\/2560px-InPost_logo.svg-600x360.png 600w, https:\/\/exparto.pl\/wp-content\/uploads\/2023\/05\/2560px-InPost_logo.svg-2048x1229.png 2048w\" sizes=\"auto, (max-width: 150px) 100vw, 150px\" \/><\/td><td>Bal\u00edkomaty InPost<\/td><td>15 PLN<\/td><td>25 kg<\/td><\/tr><tr><td><img loading=\"lazy\" decoding=\"async\" width=\"150\" height=\"84\" class=\"wp-image-1358\" style=\"width: 150px;\" src=\"https:\/\/exparto.pl\/wp-content\/uploads\/2023\/05\/pp_logo_pionowe.jpg\" alt=\"\" srcset=\"https:\/\/exparto.pl\/wp-content\/uploads\/2023\/05\/pp_logo_pionowe.jpg 1920w, https:\/\/exparto.pl\/wp-content\/uploads\/2023\/05\/pp_logo_pionowe-300x169.jpg 300w, https:\/\/exparto.pl\/wp-content\/uploads\/2023\/05\/pp_logo_pionowe-1024x576.jpg 1024w, https:\/\/exparto.pl\/wp-content\/uploads\/2023\/05\/pp_logo_pionowe-768x432.jpg 768w, https:\/\/exparto.pl\/wp-content\/uploads\/2023\/05\/pp_logo_pionowe-1536x864.jpg 1536w, https:\/\/exparto.pl\/wp-content\/uploads\/2023\/05\/pp_logo_pionowe-600x338.jpg 600w\" sizes=\"auto, (max-width: 150px) 100vw, 150px\" \/><\/td><td>Poczta Polska (EURO paleta)<\/td><td>220 PLN<\/td><td>1000 kg<\/td><\/tr><\/tbody><\/table><\/figure>\n","protected":false},"excerpt":{"rendered":"<p>Platba a doprava Prev\u00e1dzkovate\u013e Sp\u00f4sob doru\u010denia N\u00e1klady Maxim\u00e1lna hmotnos\u0165 Kuri\u00e9rska slu\u017eba DPD 16 PLN 31,5 kg Kuri\u00e9rska slu\u017eba DPD na dobierku 19 PLN 31,5 kg Bal\u00edkomaty InPost 15 PLN 25 kg Poczta Polska (EURO paleta) 220 PLN 1000 kg<\/p>\n","protected":false},"author":1,"featured_media":0,"parent":0,"menu_order":0,"comment_status":"closed","ping_status":"closed","template":"","meta":{"_acf_changed":false,"inline_featured_image":false,"footnotes":""},"class_list":["post-11576","page","type-page","status-publish","hentry"],"acf":[],"yoast_head":"<!-- This site is optimized with the Yoast SEO plugin v27.3 - https:\/\/yoast.com\/product\/yoast-seo-wordpress\/ -->\n<title>Platba a doprava - Exparto.pl<\/title>\n<meta name=\"robots\" content=\"index, follow, max-snippet:-1, max-image-preview:large, max-video-preview:-1\" \/>\n<link rel=\"canonical\" href=\"https:\/\/exparto.pl\/sk\/platba-a-doprava\/\" \/>\n<meta property=\"og:locale\" content=\"sk_SK\" \/>\n<meta property=\"og:type\" content=\"article\" \/>\n<meta property=\"og:title\" content=\"Platba a doprava - Exparto.pl\" \/>\n<meta property=\"og:description\" content=\"Platba a doprava Prev\u00e1dzkovate\u013e Sp\u00f4sob doru\u010denia N\u00e1klady Maxim\u00e1lna hmotnos\u0165 Kuri\u00e9rska slu\u017eba DPD 16 PLN 31,5 kg Kuri\u00e9rska slu\u017eba DPD na dobierku 19 PLN 31,5 kg Bal\u00edkomaty InPost 15 PLN 25 kg Poczta Polska (EURO paleta) 220 PLN 1000 kg\" \/>\n<meta property=\"og:url\" content=\"https:\/\/exparto.pl\/sk\/platba-a-doprava\/\" \/>\n<meta property=\"og:site_name\" content=\"Exparto.pl\" \/>\n<meta property=\"article:publisher\" content=\"https:\/\/www.facebook.com\/exparto.agro\/\" \/>\n<meta property=\"article:modified_time\" content=\"2023-11-13T18:48:15+00:00\" \/>\n<meta property=\"og:image\" content=\"https:\/\/exparto.pl\/wp-content\/uploads\/2023\/05\/DPD_logored2015.png\" \/>\n<meta name=\"twitter:card\" content=\"summary_large_image\" \/>\n<script type=\"application\/ld+json\" class=\"yoast-schema-graph\">{\"@context\":\"https:\\\/\\\/schema.org\",\"@graph\":[{\"@type\":\"WebPage\",\"@id\":\"https:\\\/\\\/exparto.pl\\\/sk\\\/platba-a-doprava\\\/\",\"url\":\"https:\\\/\\\/exparto.pl\\\/sk\\\/platba-a-doprava\\\/\",\"name\":\"Platba a doprava - Exparto.pl\",\"isPartOf\":{\"@id\":\"https:\\\/\\\/exparto.pl\\\/sk\\\/#website\"},\"primaryImageOfPage\":{\"@id\":\"https:\\\/\\\/exparto.pl\\\/sk\\\/platba-a-doprava\\\/#primaryimage\"},\"image\":{\"@id\":\"https:\\\/\\\/exparto.pl\\\/sk\\\/platba-a-doprava\\\/#primaryimage\"},\"thumbnailUrl\":\"https:\\\/\\\/exparto.pl\\\/wp-content\\\/uploads\\\/2023\\\/05\\\/DPD_logored2015.png\",\"datePublished\":\"2022-11-25T10:56:28+00:00\",\"dateModified\":\"2023-11-13T18:48:15+00:00\",\"breadcrumb\":{\"@id\":\"https:\\\/\\\/exparto.pl\\\/sk\\\/platba-a-doprava\\\/#breadcrumb\"},\"inLanguage\":\"sk-SK\",\"potentialAction\":[{\"@type\":\"ReadAction\",\"target\":[\"https:\\\/\\\/exparto.pl\\\/sk\\\/platba-a-doprava\\\/\"]}]},{\"@type\":\"ImageObject\",\"inLanguage\":\"sk-SK\",\"@id\":\"https:\\\/\\\/exparto.pl\\\/sk\\\/platba-a-doprava\\\/#primaryimage\",\"url\":\"https:\\\/\\\/exparto.pl\\\/wp-content\\\/uploads\\\/2023\\\/05\\\/DPD_logored2015.png\",\"contentUrl\":\"https:\\\/\\\/exparto.pl\\\/wp-content\\\/uploads\\\/2023\\\/05\\\/DPD_logored2015.png\"},{\"@type\":\"BreadcrumbList\",\"@id\":\"https:\\\/\\\/exparto.pl\\\/sk\\\/platba-a-doprava\\\/#breadcrumb\",\"itemListElement\":[{\"@type\":\"ListItem\",\"position\":1,\"name\":\"Domovsk\u00e1 str\u00e1nka\",\"item\":\"https:\\\/\\\/exparto.pl\\\/sk\\\/domovska-stranka\\\/\"},{\"@type\":\"ListItem\",\"position\":2,\"name\":\"Platba a doprava\"}]},{\"@type\":\"WebSite\",\"@id\":\"https:\\\/\\\/exparto.pl\\\/sk\\\/#website\",\"url\":\"https:\\\/\\\/exparto.pl\\\/sk\\\/\",\"name\":\"EXPARTO\",\"description\":\"More than agro parts\",\"publisher\":{\"@id\":\"https:\\\/\\\/exparto.pl\\\/sk\\\/#organization\"},\"potentialAction\":[{\"@type\":\"SearchAction\",\"target\":{\"@type\":\"EntryPoint\",\"urlTemplate\":\"https:\\\/\\\/exparto.pl\\\/sk\\\/?s={search_term_string}\"},\"query-input\":{\"@type\":\"PropertyValueSpecification\",\"valueRequired\":true,\"valueName\":\"search_term_string\"}}],\"inLanguage\":\"sk-SK\"},{\"@type\":\"Organization\",\"@id\":\"https:\\\/\\\/exparto.pl\\\/sk\\\/#organization\",\"name\":\"EXPARTO\",\"url\":\"https:\\\/\\\/exparto.pl\\\/sk\\\/\",\"logo\":{\"@type\":\"ImageObject\",\"inLanguage\":\"sk-SK\",\"@id\":\"https:\\\/\\\/exparto.pl\\\/sk\\\/#\\\/schema\\\/logo\\\/image\\\/\",\"url\":\"https:\\\/\\\/exparto.pl\\\/wp-content\\\/uploads\\\/2023\\\/02\\\/logo-wektor.png\",\"contentUrl\":\"https:\\\/\\\/exparto.pl\\\/wp-content\\\/uploads\\\/2023\\\/02\\\/logo-wektor.png\",\"width\":1338,\"height\":143,\"caption\":\"EXPARTO\"},\"image\":{\"@id\":\"https:\\\/\\\/exparto.pl\\\/sk\\\/#\\\/schema\\\/logo\\\/image\\\/\"},\"sameAs\":[\"https:\\\/\\\/www.facebook.com\\\/exparto.agro\\\/\"]}]}<\/script>\n<!-- \/ Yoast SEO plugin. -->","yoast_head_json":{"title":"Platba a doprava - Exparto.pl","robots":{"index":"index","follow":"follow","max-snippet":"max-snippet:-1","max-image-preview":"max-image-preview:large","max-video-preview":"max-video-preview:-1"},"canonical":"https:\/\/exparto.pl\/sk\/platba-a-doprava\/","og_locale":"sk_SK","og_type":"article","og_title":"Platba a doprava - Exparto.pl","og_description":"Platba a doprava Prev\u00e1dzkovate\u013e Sp\u00f4sob doru\u010denia N\u00e1klady Maxim\u00e1lna hmotnos\u0165 Kuri\u00e9rska slu\u017eba DPD 16 PLN 31,5 kg Kuri\u00e9rska slu\u017eba DPD na dobierku 19 PLN 31,5 kg Bal\u00edkomaty InPost 15 PLN 25 kg Poczta Polska (EURO paleta) 220 PLN 1000 kg","og_url":"https:\/\/exparto.pl\/sk\/platba-a-doprava\/","og_site_name":"Exparto.pl","article_publisher":"https:\/\/www.facebook.com\/exparto.agro\/","article_modified_time":"2023-11-13T18:48:15+00:00","og_image":[{"url":"https:\/\/exparto.pl\/wp-content\/uploads\/2023\/05\/DPD_logored2015.png","type":"","width":"","height":""}],"twitter_card":"summary_large_image","schema":{"@context":"https:\/\/schema.org","@graph":[{"@type":"WebPage","@id":"https:\/\/exparto.pl\/sk\/platba-a-doprava\/","url":"https:\/\/exparto.pl\/sk\/platba-a-doprava\/","name":"Platba a doprava - Exparto.pl","isPartOf":{"@id":"https:\/\/exparto.pl\/sk\/#website"},"primaryImageOfPage":{"@id":"https:\/\/exparto.pl\/sk\/platba-a-doprava\/#primaryimage"},"image":{"@id":"https:\/\/exparto.pl\/sk\/platba-a-doprava\/#primaryimage"},"thumbnailUrl":"https:\/\/exparto.pl\/wp-content\/uploads\/2023\/05\/DPD_logored2015.png","datePublished":"2022-11-25T10:56:28+00:00","dateModified":"2023-11-13T18:48:15+00:00","breadcrumb":{"@id":"https:\/\/exparto.pl\/sk\/platba-a-doprava\/#breadcrumb"},"inLanguage":"sk-SK","potentialAction":[{"@type":"ReadAction","target":["https:\/\/exparto.pl\/sk\/platba-a-doprava\/"]}]},{"@type":"ImageObject","inLanguage":"sk-SK","@id":"https:\/\/exparto.pl\/sk\/platba-a-doprava\/#primaryimage","url":"https:\/\/exparto.pl\/wp-content\/uploads\/2023\/05\/DPD_logored2015.png","contentUrl":"https:\/\/exparto.pl\/wp-content\/uploads\/2023\/05\/DPD_logored2015.png"},{"@type":"BreadcrumbList","@id":"https:\/\/exparto.pl\/sk\/platba-a-doprava\/#breadcrumb","itemListElement":[{"@type":"ListItem","position":1,"name":"Domovsk\u00e1 str\u00e1nka","item":"https:\/\/exparto.pl\/sk\/domovska-stranka\/"},{"@type":"ListItem","position":2,"name":"Platba a doprava"}]},{"@type":"WebSite","@id":"https:\/\/exparto.pl\/sk\/#website","url":"https:\/\/exparto.pl\/sk\/","name":"EXPARTO","description":"More than agro parts","publisher":{"@id":"https:\/\/exparto.pl\/sk\/#organization"},"potentialAction":[{"@type":"SearchAction","target":{"@type":"EntryPoint","urlTemplate":"https:\/\/exparto.pl\/sk\/?s={search_term_string}"},"query-input":{"@type":"PropertyValueSpecification","valueRequired":true,"valueName":"search_term_string"}}],"inLanguage":"sk-SK"},{"@type":"Organization","@id":"https:\/\/exparto.pl\/sk\/#organization","name":"EXPARTO","url":"https:\/\/exparto.pl\/sk\/","logo":{"@type":"ImageObject","inLanguage":"sk-SK","@id":"https:\/\/exparto.pl\/sk\/#\/schema\/logo\/image\/","url":"https:\/\/exparto.pl\/wp-content\/uploads\/2023\/02\/logo-wektor.png","contentUrl":"https:\/\/exparto.pl\/wp-content\/uploads\/2023\/02\/logo-wektor.png","width":1338,"height":143,"caption":"EXPARTO"},"image":{"@id":"https:\/\/exparto.pl\/sk\/#\/schema\/logo\/image\/"},"sameAs":["https:\/\/www.facebook.com\/exparto.agro\/"]}]}},"_links":{"self":[{"href":"https:\/\/exparto.pl\/sk\/wp-json\/wp\/v2\/pages\/11576","targetHints":{"allow":["GET"]}}],"collection":[{"href":"https:\/\/exparto.pl\/sk\/wp-json\/wp\/v2\/pages"}],"about":[{"href":"https:\/\/exparto.pl\/sk\/wp-json\/wp\/v2\/types\/page"}],"author":[{"embeddable":true,"href":"https:\/\/exparto.pl\/sk\/wp-json\/wp\/v2\/users\/1"}],"replies":[{"embeddable":true,"href":"https:\/\/exparto.pl\/sk\/wp-json\/wp\/v2\/comments?post=11576"}],"version-history":[{"count":0,"href":"https:\/\/exparto.pl\/sk\/wp-json\/wp\/v2\/pages\/11576\/revisions"}],"wp:attachment":[{"href":"https:\/\/exparto.pl\/sk\/wp-json\/wp\/v2\/media?parent=11576"}],"curies":[{"name":"wp","href":"https:\/\/api.w.org\/{rel}","templated":true}]}}