{"id":11579,"date":"2022-11-25T13:06:25","date_gmt":"2022-11-25T12:06:25","guid":{"rendered":"https:\/\/exparto.pl\/vratenie-tovaru-a-staznosti\/"},"modified":"2023-11-13T19:48:17","modified_gmt":"2023-11-13T18:48:17","slug":"vratenie-tovaru-a-staznosti","status":"publish","type":"page","link":"https:\/\/exparto.pl\/sk\/vratenie-tovaru-a-staznosti\/","title":{"rendered":"Vr\u00e1tenie tovaru a s\u0165a\u017enosti"},"content":{"rendered":"\n<h2 class=\"wp-block-heading\">Vr\u00e1tenie tovaru a s\u0165a\u017enosti<\/h2>\n<h2 style=\"text-align: center;\"><strong>REKLAM\u00c1CIA V\u00ddROBKU<\/strong><\/h2>\n<h5><span style=\"font-size: revert;\">1. informujte predava\u010da o svojom \u00famysle <\/span><strong style=\"font-size: revert;\">reklam\u00e1ciu<\/strong><span style=\"font-size: revert;\"> zak\u00fapen\u00fd tovar.<\/span><\/h5>\n<p>M\u00f4\u017eete n\u00e1s kontaktova\u0165 nieko\u013ek\u00fdmi sp\u00f4sobmi:<\/p>\n<ul>\n<li>Telefonick\u00fd kontakt (telef\u00f3nne \u010d\u00edsla s\u00fa uveden\u00e9 na tejto webovej str\u00e1nke<\/li>\n<li>Vyplnen\u00edm a odoslan\u00edm kontaktn\u00e9ho formul\u00e1ra, ktor\u00fd je k dispoz\u00edcii na webovej str\u00e1nke: <a style=\"font-size: revert;\" href=\"https:\/\/exparto.pl\/kontakt\/\">https:\/\/exparto.pl\/kontakt\/.<\/a><\/li>\n<li>E-mail: sklep@exparto.pl<\/li>\n<\/ul>\n<p style=\"text-align: justify;\"><span style=\"color: #000000;\">Na\u0161i <strong>zamestnanci<\/strong> v\u00e1m pom\u00f4\u017eu vyrie\u0161i\u0165 probl\u00e9m a pou\u010dia v\u00e1s o najlep\u0161om sp\u00f4sobe reklam\u00e1cie (vo v\u00fdnimo\u010dn\u00fdch situ\u00e1ci\u00e1ch \u017eiadame len fotografiu v\u00fdrobku).<\/span><\/p>\n<h5>2. Stiahnite si a <strong>vypl\u0148te<\/strong> formul\u00e1r \u017eiadosti<\/h5>\n<p>Ak chcete ur\u00fdchli\u0165 postup pod\u00e1vania s\u0165a\u017enost\u00ed, stiahnite si a vypl\u0148te formul\u00e1r, ktor\u00fd je k dispoz\u00edcii kliknut\u00edm na tla\u010didlo ni\u017e\u0161ie:<\/p>\n<p><strong>(tu si m\u00f4\u017eete stiahnu\u0165 formul\u00e1r s\u0165a\u017enosti na vyplnenie)<\/strong><\/p>\n<p style=\"text-align: justify;\">Vyplnen\u00fd formul\u00e1r na reklam\u00e1ciu tovaru prilo\u017ete k z\u00e1sielke alebo ho po\u0161lite na na\u0161u e-mailov\u00fa adresu: <a href=\"mailto:sklep@exparto.pl\">sklep@exparto.pl<\/a>. Tovar od objedn\u00e1vate\u013ea prevezme pred\u00e1vaj\u00faci <strong>(EXPARTO<\/strong> ) prostredn\u00edctvom kuri\u00e9rskej slu\u017eby, ktorej n\u00e1klady zn\u00e1\u0161a<strong> pred\u00e1vaj\u00faci<\/strong>.<\/p>\n<h5>(3) Do 14 dn\u00ed od prijatia reklamovan\u00e9ho v\u00fdrobku bude <strong>Exparto.PL<\/strong> informova\u0165 \u017eiadate\u013ea o v\u00fdsledku kone\u010dn\u00e9ho overenia.<\/h5>\n<h5 style=\"text-align: justify;\">(4) Pred\u00e1vaj\u00faci je povinn\u00fd po <strong>kladnom vybaven\u00ed<\/strong> reklam\u00e1cie tovar bezplatne opravi\u0165 alebo vymeni\u0165 za nov\u00fd bez v\u00e1d alebo vr\u00e1ti\u0165 dl\u017en\u00fa sumu, <span style=\"color: #000000;\">ak<\/span> oprava alebo v\u00fdmena za nov\u00fd tovar <strong>nie je mo\u017en\u00e1<\/strong>.<\/h5>\n<h5>5 V pr\u00edpade, \u017ee nie je mo\u017en\u00e9 vymeni\u0165 tovar za nov\u00fd, pred\u00e1vaj\u00faci vyd\u00e1:<\/h5>\n<ul>\n<li><span style=\"color: #000000;\">Po vystaven\u00ed <strong>potvrdenia o pr\u00edjme<\/strong> sa vykon\u00e1 <strong>vr\u00e1tenie potvrdenia o pr\u00edjme<\/strong>.<\/span><\/li>\n<li><span style=\"color: #000000;\">Po vystaven\u00ed <strong>fakt\u00fary<\/strong> sa vyhotov\u00ed <strong>opravn\u00e1 fakt\u00fara<\/strong>, ktor\u00e1 sa za\u0161le e-mailom.<\/span><\/li>\n<\/ul>\n<p>V pr\u00edpade, \u017ee pred\u00e1vaj\u00faci <strong>reklam\u00e1ciu uzn\u00e1<\/strong>, vr\u00e1tenie pe\u0148az\u00ed sa uskuto\u010dn\u00ed po doru\u010den\u00ed opravnej fakt\u00fary alebo vr\u00e1ten\u00ed dokladu o k\u00fape.<\/p>\n<p>Pred\u00e1vaj\u00faci <strong>vr\u00e1ti platbu<\/strong> na \u010d\u00edslo bankov\u00e9ho \u00fa\u010dtu uveden\u00e9 <span style=\"color: #000000;\">z\u00e1kazn\u00edkom<\/span>.<\/p>\n<h5 style=\"text-align: justify;\">(6) Z\u00e1ruka na v\u00fdrobky pon\u00fakan\u00e9 spolo\u010dnos\u0165ou <strong>EXPARTO<\/strong> sa vz\u0165ahuje len na skryt\u00e9 chyby alebo in\u00e9 v\u00fdrobn\u00e9 chyby, ktor\u00e9 maj\u00fa vplyv na nespr\u00e1vne opotrebovanie alebo pou\u017e\u00edvanie v\u00fdrobku. Reklam\u00e1cia nebude uznan\u00e1, ak je po\u0161kodenie v\u00fdrobku mechanickou chybou sp\u00f4sobenou nespr\u00e1vnym pou\u017e\u00edvan\u00edm zo strany z\u00e1kazn\u00edka.<\/h5>\n<h5>(7) Ak sa reklam\u00e1cia zamietne, v\u0161etky n\u00e1klady na dopravu zn\u00e1\u0161a <strong>\u017eiadate\u013e <\/strong>.<\/h5>\n<\/p>\n<h2 style=\"text-align: center;\"><strong>VR\u00c1TENIE V\u00ddROBKU<\/strong><\/h2>\n<h5>1. informova\u0165 person\u00e1l predajne o svojom z\u00e1mere <strong>vr\u00e1ti\u0165<\/strong> zak\u00fapen\u00fd tovar<\/h5>\n<p style=\"text-align: justify;\"><span style=\"color: #000000;\">Predpokladom uznania vr\u00e1tenia tovaru je informova\u0165 pracovn\u00edkov internetov\u00e9ho obchodu do <strong>14 dn\u00ed od prijatia z\u00e1sielky<\/strong>.<\/span><\/p>\n<p style=\"text-align: justify;\">M\u00f4\u017eete n\u00e1s kontaktova\u0165 nieko\u013ek\u00fdmi sp\u00f4sobmi:<\/p>\n<ul>\n<li>Telefonick\u00fd kontakt (telef\u00f3nne \u010d\u00edsla s\u00fa uveden\u00e9 na tejto str\u00e1nke)<\/li>\n<li>Vyplnen\u00edm a odoslan\u00edm kontaktn\u00e9ho formul\u00e1ra, ktor\u00fd je k dispoz\u00edcii na webovej str\u00e1nke: https:\/\/exparto.pl\/kontakt\/.<\/li>\n<li>E-mail: <a href=\"mailto:sklep@exparto.pl\">sklep@exparto.pl<\/a><\/li>\n<\/ul>\n<p style=\"text-align: justify;\"><span style=\"color: #000000;\">Nezabudnite, \u017ee na vr\u00e1tenie tovaru n\u00e1m mus\u00edte poskytn\u00fa\u0165 doklad o jeho <strong style=\"font-size: revert;\">k\u00fape<\/strong>.<span style=\"font-size: revert;\">  (napr. Fakt\u00fara DPH, potvrdenie  <\/span><span style=\"font-size: revert;\">objedn\u00e1vka<\/span><span style=\"font-size: revert;\"> \u010d\u00edslo alebo potvrdenie) a poskytnite n\u00e1m inform\u00e1cie o \u010d\u00edsle.<\/span><\/span><\/p>\n<h5>2. Stiahnite si a vypl\u0148te formul\u00e1r na vr\u00e1tenie<\/h5>\n<p>Ak chcete ur\u00fdchli\u0165 postup vr\u00e1tenia, stiahnite si a vypl\u0148te formul\u00e1r, ktor\u00fd je k dispoz\u00edcii kliknut\u00edm na tla\u010didlo ni\u017e\u0161ie:<\/p>\n<p><span style=\"color: #000000;\"><strong>(tu n\u00e1jdete odkaz na stiahnutie, pomocou ktor\u00e9ho vypln\u00edte n\u00e1vratku)<\/strong><\/span><\/p>\n<p>K z\u00e1sielke prilo\u017ete vyplnen\u00fd formul\u00e1r na vr\u00e1tenie tovaru alebo ho po\u0161lite na na\u0161u e-mailov\u00fa adresu: <a href=\"mailto:sklep@exparto.pl\"><br \/>\n  <strong>sklep@exparto.pl<\/strong><br \/>\n<\/a><\/p>\n<h5>3 Na vidite\u013enom mieste na z\u00e1sielke uve\u010fte \u010d\u00edslo objedn\u00e1vky a pozn\u00e1mku <strong>&#8222;Vr\u00e1tenie tovaru&#8220;<\/strong>.<\/h5>\n<p>Inform\u00e1cie <strong>s \u010d\u00edslom objedn\u00e1vky<\/strong> je najlep\u0161ie nap\u00edsa\u0165 ve\u013ek\u00fdmi \u010d\u00edslami hrub\u00fdm fixom.<\/p>\n<h5>4. Po\u0161lite z\u00e1sielku na na\u0161u adresu<\/h5>\n<p style=\"text-align: justify;\">Po informovan\u00ed pracovn\u00edkov internetov\u00e9ho obchodu o va\u0161om \u017eelan\u00ed vr\u00e1ti\u0165 (odst\u00fapi\u0165 od k\u00fapnej zmluvy) <strong>je potrebn\u00e9<\/strong> zak\u00fapen\u00fd tovar <strong>zasla\u0165<\/strong> na adresu spolo\u010dnosti:<\/p>\n<blockquote>\n<p>EXPARTO Agata a Ireneusz Skonieczni komanditn\u00e1 spolo\u010dnos\u0165<\/p>\n<p>Norwida 8, 16-100 Sok\u00f3\u0142ka, Po\u013esko<\/p>\n<\/blockquote>\n<p style=\"text-align: justify;\"><strong style=\"color: #000000; font-size: 1rem;\">Nezabudnite, \u017ee vr\u00e1ten\u00fd tovar by nemal nies\u0165 \u017eiadne zn\u00e1mky pou\u017e\u00edvania a pravdepodobne sa bude \u010falej pred\u00e1va\u0165 &#8211; sna\u017ete sa zabezpe\u010di\u0165, aby bol bal\u00edk dobre chr\u00e1nen\u00fd a v p\u00f4vodnom obale.<\/strong><\/p>\n","protected":false},"excerpt":{"rendered":"<p>Vr\u00e1tenie tovaru a s\u0165a\u017enosti REKLAM\u00c1CIA V\u00ddROBKU 1. informujte predava\u010da o svojom \u00famysle reklam\u00e1ciu zak\u00fapen\u00fd tovar. M\u00f4\u017eete n\u00e1s kontaktova\u0165 nieko\u013ek\u00fdmi sp\u00f4sobmi: Telefonick\u00fd kontakt (telef\u00f3nne \u010d\u00edsla s\u00fa uveden\u00e9 na tejto webovej str\u00e1nke Vyplnen\u00edm a odoslan\u00edm kontaktn\u00e9ho formul\u00e1ra, ktor\u00fd je k dispoz\u00edcii na webovej str\u00e1nke: https:\/\/exparto.pl\/kontakt\/. E-mail: sklep@exparto.pl Na\u0161i zamestnanci v\u00e1m pom\u00f4\u017eu vyrie\u0161i\u0165 probl\u00e9m a pou\u010dia v\u00e1s o [&hellip;]<\/p>\n","protected":false},"author":1,"featured_media":0,"parent":0,"menu_order":0,"comment_status":"closed","ping_status":"closed","template":"","meta":{"_acf_changed":false,"inline_featured_image":false,"footnotes":""},"class_list":["post-11579","page","type-page","status-publish","hentry"],"acf":[],"yoast_head":"<!-- This site is optimized with the Yoast SEO plugin v27.3 - https:\/\/yoast.com\/product\/yoast-seo-wordpress\/ -->\n<title>Vr\u00e1tenie tovaru a s\u0165a\u017enosti - Exparto.pl<\/title>\n<meta name=\"robots\" content=\"index, follow, max-snippet:-1, max-image-preview:large, max-video-preview:-1\" \/>\n<link rel=\"canonical\" href=\"https:\/\/exparto.pl\/sk\/vratenie-tovaru-a-staznosti\/\" \/>\n<meta property=\"og:locale\" content=\"sk_SK\" \/>\n<meta property=\"og:type\" content=\"article\" \/>\n<meta property=\"og:title\" content=\"Vr\u00e1tenie tovaru a s\u0165a\u017enosti - Exparto.pl\" \/>\n<meta property=\"og:description\" content=\"Vr\u00e1tenie tovaru a s\u0165a\u017enosti REKLAM\u00c1CIA V\u00ddROBKU 1. informujte predava\u010da o svojom \u00famysle reklam\u00e1ciu zak\u00fapen\u00fd tovar. M\u00f4\u017eete n\u00e1s kontaktova\u0165 nieko\u013ek\u00fdmi sp\u00f4sobmi: Telefonick\u00fd kontakt (telef\u00f3nne \u010d\u00edsla s\u00fa uveden\u00e9 na tejto webovej str\u00e1nke Vyplnen\u00edm a odoslan\u00edm kontaktn\u00e9ho formul\u00e1ra, ktor\u00fd je k dispoz\u00edcii na webovej str\u00e1nke: https:\/\/exparto.pl\/kontakt\/. E-mail: sklep@exparto.pl Na\u0161i zamestnanci v\u00e1m pom\u00f4\u017eu vyrie\u0161i\u0165 probl\u00e9m a pou\u010dia v\u00e1s o [&hellip;]\" \/>\n<meta property=\"og:url\" content=\"https:\/\/exparto.pl\/sk\/vratenie-tovaru-a-staznosti\/\" \/>\n<meta property=\"og:site_name\" content=\"Exparto.pl\" \/>\n<meta property=\"article:publisher\" content=\"https:\/\/www.facebook.com\/exparto.agro\/\" \/>\n<meta property=\"article:modified_time\" content=\"2023-11-13T18:48:17+00:00\" \/>\n<meta name=\"twitter:card\" content=\"summary_large_image\" \/>\n<meta name=\"twitter:label1\" content=\"Predpokladan\u00fd \u010das \u010d\u00edtania\" \/>\n\t<meta name=\"twitter:data1\" content=\"4 min\u00faty\" \/>\n<script type=\"application\/ld+json\" class=\"yoast-schema-graph\">{\"@context\":\"https:\\\/\\\/schema.org\",\"@graph\":[{\"@type\":\"WebPage\",\"@id\":\"https:\\\/\\\/exparto.pl\\\/sk\\\/vratenie-tovaru-a-staznosti\\\/\",\"url\":\"https:\\\/\\\/exparto.pl\\\/sk\\\/vratenie-tovaru-a-staznosti\\\/\",\"name\":\"Vr\u00e1tenie tovaru a s\u0165a\u017enosti - Exparto.pl\",\"isPartOf\":{\"@id\":\"https:\\\/\\\/exparto.pl\\\/sk\\\/#website\"},\"datePublished\":\"2022-11-25T12:06:25+00:00\",\"dateModified\":\"2023-11-13T18:48:17+00:00\",\"breadcrumb\":{\"@id\":\"https:\\\/\\\/exparto.pl\\\/sk\\\/vratenie-tovaru-a-staznosti\\\/#breadcrumb\"},\"inLanguage\":\"sk-SK\",\"potentialAction\":[{\"@type\":\"ReadAction\",\"target\":[\"https:\\\/\\\/exparto.pl\\\/sk\\\/vratenie-tovaru-a-staznosti\\\/\"]}]},{\"@type\":\"BreadcrumbList\",\"@id\":\"https:\\\/\\\/exparto.pl\\\/sk\\\/vratenie-tovaru-a-staznosti\\\/#breadcrumb\",\"itemListElement\":[{\"@type\":\"ListItem\",\"position\":1,\"name\":\"Domovsk\u00e1 str\u00e1nka\",\"item\":\"https:\\\/\\\/exparto.pl\\\/sk\\\/domovska-stranka\\\/\"},{\"@type\":\"ListItem\",\"position\":2,\"name\":\"Vr\u00e1tenie tovaru a s\u0165a\u017enosti\"}]},{\"@type\":\"WebSite\",\"@id\":\"https:\\\/\\\/exparto.pl\\\/sk\\\/#website\",\"url\":\"https:\\\/\\\/exparto.pl\\\/sk\\\/\",\"name\":\"EXPARTO\",\"description\":\"More than agro parts\",\"publisher\":{\"@id\":\"https:\\\/\\\/exparto.pl\\\/sk\\\/#organization\"},\"potentialAction\":[{\"@type\":\"SearchAction\",\"target\":{\"@type\":\"EntryPoint\",\"urlTemplate\":\"https:\\\/\\\/exparto.pl\\\/sk\\\/?s={search_term_string}\"},\"query-input\":{\"@type\":\"PropertyValueSpecification\",\"valueRequired\":true,\"valueName\":\"search_term_string\"}}],\"inLanguage\":\"sk-SK\"},{\"@type\":\"Organization\",\"@id\":\"https:\\\/\\\/exparto.pl\\\/sk\\\/#organization\",\"name\":\"EXPARTO\",\"url\":\"https:\\\/\\\/exparto.pl\\\/sk\\\/\",\"logo\":{\"@type\":\"ImageObject\",\"inLanguage\":\"sk-SK\",\"@id\":\"https:\\\/\\\/exparto.pl\\\/sk\\\/#\\\/schema\\\/logo\\\/image\\\/\",\"url\":\"https:\\\/\\\/exparto.pl\\\/wp-content\\\/uploads\\\/2023\\\/02\\\/logo-wektor.png\",\"contentUrl\":\"https:\\\/\\\/exparto.pl\\\/wp-content\\\/uploads\\\/2023\\\/02\\\/logo-wektor.png\",\"width\":1338,\"height\":143,\"caption\":\"EXPARTO\"},\"image\":{\"@id\":\"https:\\\/\\\/exparto.pl\\\/sk\\\/#\\\/schema\\\/logo\\\/image\\\/\"},\"sameAs\":[\"https:\\\/\\\/www.facebook.com\\\/exparto.agro\\\/\"]}]}<\/script>\n<!-- \/ Yoast SEO plugin. -->","yoast_head_json":{"title":"Vr\u00e1tenie tovaru a s\u0165a\u017enosti - Exparto.pl","robots":{"index":"index","follow":"follow","max-snippet":"max-snippet:-1","max-image-preview":"max-image-preview:large","max-video-preview":"max-video-preview:-1"},"canonical":"https:\/\/exparto.pl\/sk\/vratenie-tovaru-a-staznosti\/","og_locale":"sk_SK","og_type":"article","og_title":"Vr\u00e1tenie tovaru a s\u0165a\u017enosti - Exparto.pl","og_description":"Vr\u00e1tenie tovaru a s\u0165a\u017enosti REKLAM\u00c1CIA V\u00ddROBKU 1. informujte predava\u010da o svojom \u00famysle reklam\u00e1ciu zak\u00fapen\u00fd tovar. M\u00f4\u017eete n\u00e1s kontaktova\u0165 nieko\u013ek\u00fdmi sp\u00f4sobmi: Telefonick\u00fd kontakt (telef\u00f3nne \u010d\u00edsla s\u00fa uveden\u00e9 na tejto webovej str\u00e1nke Vyplnen\u00edm a odoslan\u00edm kontaktn\u00e9ho formul\u00e1ra, ktor\u00fd je k dispoz\u00edcii na webovej str\u00e1nke: https:\/\/exparto.pl\/kontakt\/. E-mail: sklep@exparto.pl Na\u0161i zamestnanci v\u00e1m pom\u00f4\u017eu vyrie\u0161i\u0165 probl\u00e9m a pou\u010dia v\u00e1s o [&hellip;]","og_url":"https:\/\/exparto.pl\/sk\/vratenie-tovaru-a-staznosti\/","og_site_name":"Exparto.pl","article_publisher":"https:\/\/www.facebook.com\/exparto.agro\/","article_modified_time":"2023-11-13T18:48:17+00:00","twitter_card":"summary_large_image","twitter_misc":{"Predpokladan\u00fd \u010das \u010d\u00edtania":"4 min\u00faty"},"schema":{"@context":"https:\/\/schema.org","@graph":[{"@type":"WebPage","@id":"https:\/\/exparto.pl\/sk\/vratenie-tovaru-a-staznosti\/","url":"https:\/\/exparto.pl\/sk\/vratenie-tovaru-a-staznosti\/","name":"Vr\u00e1tenie tovaru a s\u0165a\u017enosti - Exparto.pl","isPartOf":{"@id":"https:\/\/exparto.pl\/sk\/#website"},"datePublished":"2022-11-25T12:06:25+00:00","dateModified":"2023-11-13T18:48:17+00:00","breadcrumb":{"@id":"https:\/\/exparto.pl\/sk\/vratenie-tovaru-a-staznosti\/#breadcrumb"},"inLanguage":"sk-SK","potentialAction":[{"@type":"ReadAction","target":["https:\/\/exparto.pl\/sk\/vratenie-tovaru-a-staznosti\/"]}]},{"@type":"BreadcrumbList","@id":"https:\/\/exparto.pl\/sk\/vratenie-tovaru-a-staznosti\/#breadcrumb","itemListElement":[{"@type":"ListItem","position":1,"name":"Domovsk\u00e1 str\u00e1nka","item":"https:\/\/exparto.pl\/sk\/domovska-stranka\/"},{"@type":"ListItem","position":2,"name":"Vr\u00e1tenie tovaru a s\u0165a\u017enosti"}]},{"@type":"WebSite","@id":"https:\/\/exparto.pl\/sk\/#website","url":"https:\/\/exparto.pl\/sk\/","name":"EXPARTO","description":"More than agro parts","publisher":{"@id":"https:\/\/exparto.pl\/sk\/#organization"},"potentialAction":[{"@type":"SearchAction","target":{"@type":"EntryPoint","urlTemplate":"https:\/\/exparto.pl\/sk\/?s={search_term_string}"},"query-input":{"@type":"PropertyValueSpecification","valueRequired":true,"valueName":"search_term_string"}}],"inLanguage":"sk-SK"},{"@type":"Organization","@id":"https:\/\/exparto.pl\/sk\/#organization","name":"EXPARTO","url":"https:\/\/exparto.pl\/sk\/","logo":{"@type":"ImageObject","inLanguage":"sk-SK","@id":"https:\/\/exparto.pl\/sk\/#\/schema\/logo\/image\/","url":"https:\/\/exparto.pl\/wp-content\/uploads\/2023\/02\/logo-wektor.png","contentUrl":"https:\/\/exparto.pl\/wp-content\/uploads\/2023\/02\/logo-wektor.png","width":1338,"height":143,"caption":"EXPARTO"},"image":{"@id":"https:\/\/exparto.pl\/sk\/#\/schema\/logo\/image\/"},"sameAs":["https:\/\/www.facebook.com\/exparto.agro\/"]}]}},"_links":{"self":[{"href":"https:\/\/exparto.pl\/sk\/wp-json\/wp\/v2\/pages\/11579","targetHints":{"allow":["GET"]}}],"collection":[{"href":"https:\/\/exparto.pl\/sk\/wp-json\/wp\/v2\/pages"}],"about":[{"href":"https:\/\/exparto.pl\/sk\/wp-json\/wp\/v2\/types\/page"}],"author":[{"embeddable":true,"href":"https:\/\/exparto.pl\/sk\/wp-json\/wp\/v2\/users\/1"}],"replies":[{"embeddable":true,"href":"https:\/\/exparto.pl\/sk\/wp-json\/wp\/v2\/comments?post=11579"}],"version-history":[{"count":0,"href":"https:\/\/exparto.pl\/sk\/wp-json\/wp\/v2\/pages\/11579\/revisions"}],"wp:attachment":[{"href":"https:\/\/exparto.pl\/sk\/wp-json\/wp\/v2\/media?parent=11579"}],"curies":[{"name":"wp","href":"https:\/\/api.w.org\/{rel}","templated":true}]}}