{"id":11585,"date":"2022-11-25T13:05:44","date_gmt":"2022-11-25T12:05:44","guid":{"rendered":"https:\/\/exparto.pl\/zasady-ochrany-osobnych-udajov\/"},"modified":"2023-11-13T19:48:30","modified_gmt":"2023-11-13T18:48:30","slug":"zasady-ochrany-osobnych-udajov","status":"publish","type":"page","link":"https:\/\/exparto.pl\/sk\/zasady-ochrany-osobnych-udajov\/","title":{"rendered":"Z\u00e1sady ochrany osobn\u00fdch \u00fadajov"},"content":{"rendered":"\n<h2 class=\"wp-block-heading\"><strong>1. V\u0161eobecn\u00e9 inform\u00e1cie<\/strong><\/h2>\n\n<ol class=\"wp-block-list\">\n<li>Tieto z\u00e1sady sa vz\u0165ahuj\u00fa na Webov\u00fa str\u00e1nku, ktor\u00e1 funguje pod url: <strong>exparto.pl<\/strong><\/li>\n\n\n\n<li>Prev\u00e1dzkovate\u013eom slu\u017eby a spr\u00e1vcom osobn\u00fdch \u00fadajov je: EXPARTO Agata i Ireneusz Skonieczni sp\u00f3\u0142ka komandytowa Norwida 8, 16-100 Sok\u00f3\u0142ka<\/li>\n\n\n\n<li>E-mailov\u00e1 kontaktn\u00e1 adresa prev\u00e1dzkovate\u013ea: sklep@exparto.pl<\/li>\n\n\n\n<li>Prev\u00e1dzkovate\u013e je spr\u00e1vcom va\u0161ich osobn\u00fdch \u00fadajov, pokia\u013e ide o \u00fadaje, ktor\u00e9 ste dobrovo\u013ene poskytli na webovej str\u00e1nke.<\/li>\n\n\n\n<li>Slu\u017eba pou\u017e\u00edva osobn\u00e9 \u00fadaje na tieto \u00fa\u010dely:\n<ul class=\"wp-block-list\">\n<li>Spustenie informa\u010dn\u00e9ho bulletinu<\/li>\n\n\n\n<li>Spustenie syst\u00e9mu koment\u00e1rov<\/li>\n\n\n\n<li>Vedenie online chatu<\/li>\n\n\n\n<li>Vybavovanie ot\u00e1zok prostredn\u00edctvom formul\u00e1ra<\/li>\n\n\n\n<li>Pr\u00edprava, balenie, exped\u00edcia tovaru<\/li>\n\n\n\n<li>Poskytovanie po\u017eadovan\u00fdch slu\u017eieb<\/li>\n\n\n\n<li>Vym\u00e1hanie poh\u013ead\u00e1vok<\/li>\n\n\n\n<li>Predlo\u017eenie ponuky alebo inform\u00e1ci\u00ed<\/li>\n<\/ul>\n<\/li>\n\n\n\n<li>Slu\u017eba vykon\u00e1va funkcie na z\u00edskavanie inform\u00e1ci\u00ed o pou\u017e\u00edvate\u013eoch a ich spr\u00e1van\u00ed t\u00fdmito sp\u00f4sobmi:\n<ol class=\"wp-block-list\">\n<li>Prostredn\u00edctvom \u00fadajov dobrovo\u013ene zadan\u00fdch vo formul\u00e1roch, ktor\u00e9 s\u00fa vlo\u017een\u00e9 do syst\u00e9mov prev\u00e1dzkovate\u013ea.<\/li>\n\n\n\n<li>Ukladan\u00edm s\u00faborov cookie (tzv. &#8222;cookies&#8220;) do koncov\u00fdch zariaden\u00ed.<\/li>\n<\/ol>\n<\/li>\n<\/ol>\n\n<h2 class=\"wp-block-heading\"><strong>2. Vybran\u00e9 met\u00f3dy ochrany \u00fadajov pou\u017e\u00edvan\u00e9 prev\u00e1dzkovate\u013eom<\/strong><\/h2>\n\n<ol class=\"wp-block-list\">\n<li>Oblas\u0165 prihlasovania a zad\u00e1vania osobn\u00fdch \u00fadajov je chr\u00e1nen\u00e1 v prenosovej vrstve (certifik\u00e1t SSL). T\u00fdm sa zabezpe\u010d\u00ed, \u017ee osobn\u00e9 a prihlasovacie \u00fadaje zadan\u00e9 na webovej lokalite s\u00fa v po\u010d\u00edta\u010di pou\u017e\u00edvate\u013ea za\u0161ifrovan\u00e9 a mo\u017eno ich \u010d\u00edta\u0165 len na cie\u013eovom serveri.<\/li>\n\n\n\n<li>Prev\u00e1dzkovate\u013e v z\u00e1ujme ochrany \u00fadajov pravidelne z\u00e1lohuje.<\/li>\n\n\n\n<li>D\u00f4le\u017eit\u00fdm prvkom ochrany \u00fadajov je pravideln\u00e1 aktualiz\u00e1cia v\u0161etk\u00e9ho softv\u00e9ru pou\u017e\u00edvan\u00e9ho prev\u00e1dzkovate\u013eom na spracovanie osobn\u00fdch \u00fadajov, \u010do znamen\u00e1 najm\u00e4 pravideln\u00e9 aktualiz\u00e1cie softv\u00e9rov\u00fdch komponentov.<\/li>\n<\/ol>\n\n<h2 class=\"wp-block-heading\"><strong>3. Hos\u0165ovanie<\/strong><\/h2>\n\n<ol class=\"wp-block-list\">\n<li>Slu\u017eba je umiestnen\u00e1 (technicky udr\u017eiavan\u00e1) na serveroch prev\u00e1dzkovate\u013ea: cyberFolks.pl<\/li>\n<\/ol>\n\n<h2 class=\"wp-block-heading\"><strong>4. Va\u0161e pr\u00e1va a \u010fal\u0161ie inform\u00e1cie o tom, ako sa bud\u00fa va\u0161e \u00fadaje pou\u017e\u00edva\u0165<\/strong><\/h2>\n\n<ol class=\"wp-block-list\">\n<li>V ur\u010dit\u00fdch situ\u00e1ci\u00e1ch m\u00e1 spr\u00e1vca pr\u00e1vo prenies\u0165 va\u0161e osobn\u00e9 \u00fadaje \u010fal\u0161\u00edm pr\u00edjemcom, ak je to potrebn\u00e9 na plnenie zmluvy uzavretej s vami alebo na plnenie povinnost\u00ed spr\u00e1vcu. To plat\u00ed pre tieto skupiny div\u00e1kov:\n<ul class=\"wp-block-list\">\n<li>hostingov\u00e1 spolo\u010dnos\u0165 na z\u00e1klade poverenia<\/li>\n\n\n\n<li>kuri\u00e9ri<\/li>\n\n\n\n<li>po\u0161tov\u00ed oper\u00e1tori<\/li>\n\n\n\n<li>advok\u00e1tske kancel\u00e1rie a exek\u00fatori<\/li>\n\n\n\n<li>banky<\/li>\n\n\n\n<li>prev\u00e1dzkovatelia platieb<\/li>\n\n\n\n<li>prev\u00e1dzkovatelia koment\u00e1rov\u00e9ho syst\u00e9mu<\/li>\n\n\n\n<li>prev\u00e1dzkovatelia online chatov\u00fdch rie\u0161en\u00ed<\/li>\n\n\n\n<li>opr\u00e1vnen\u00ed zamestnanci a spolupracovn\u00edci, ktor\u00ed pou\u017e\u00edvaj\u00fa \u00fadaje na splnenie \u00fa\u010delu webovej str\u00e1nky.<\/li>\n\n\n\n<li>spolo\u010dnosti poskytuj\u00face spr\u00e1vcovi marketingov\u00e9 slu\u017eby<\/li>\n<\/ul>\n<\/li>\n\n\n\n<li>Va\u0161e osobn\u00e9 \u00fadaje sprac\u00favan\u00e9 Spr\u00e1vcom nie dlh\u0161ie, ako je nevyhnutn\u00e9 na v\u00fdkon s\u00favisiacich \u010dinnost\u00ed vymedzen\u00fdch osobitn\u00fdmi predpismi (napr. o \u00fa\u010dtovn\u00edctve). Pokia\u013e ide o marketingov\u00e9 \u00fadaje, \u00fadaje sa nebud\u00fa sprac\u00fava\u0165 dlh\u0161ie ako 3 roky.<\/li>\n\n\n\n<li>M\u00e1te pr\u00e1vo po\u017eiada\u0165 spr\u00e1vcu o:\n<ul class=\"wp-block-list\">\n<li>pr\u00edstup k osobn\u00fdm \u00fadajom, ktor\u00e9 sa v\u00e1s t\u00fdkaj\u00fa,<\/li>\n\n\n\n<li>ich n\u00e1pravu,<\/li>\n\n\n\n<li>vymazania,<\/li>\n\n\n\n<li>obmedzenie spracovania,<\/li>\n\n\n\n<li>a prenosnos\u0165 \u00fadajov.<\/li>\n<\/ul>\n<\/li>\n\n\n\n<li>M\u00e1te pr\u00e1vo namieta\u0165 proti sprac\u00favaniu uveden\u00e9mu v bode 3.3 c), ktor\u00e9 sa t\u00fdka sprac\u00favania va\u0161ich osobn\u00fdch \u00fadajov na \u00fa\u010dely opr\u00e1vnen\u00fdch z\u00e1ujmov prev\u00e1dzkovate\u013ea vr\u00e1tane profilovania, pri\u010dom pr\u00e1vo namieta\u0165 sa neuplat\u0148uje, ak existuj\u00fa platn\u00e9 opr\u00e1vnen\u00e9 d\u00f4vody na sprac\u00favanie, ktor\u00e9 preva\u017euj\u00fa nad va\u0161imi z\u00e1ujmami, pr\u00e1vami a slobodami, najm\u00e4 pokia\u013e ide o preukazovanie, uplat\u0148ovanie alebo obhajovanie n\u00e1rokov.<\/li>\n\n\n\n<li>Na konanie spr\u00e1vcu sa mo\u017eno s\u0165a\u017eova\u0165 predsedovi \u00daradu na ochranu osobn\u00fdch \u00fadajov, ul. Stawki 2, 00-193 Var\u0161ava.<\/li>\n\n\n\n<li>Poskytnutie osobn\u00fdch \u00fadajov je dobrovo\u013en\u00e9, ale nevyhnutn\u00e9 na prev\u00e1dzku slu\u017eby.<\/li>\n\n\n\n<li>Automatizovan\u00e9 rozhodovanie, vr\u00e1tane profilovania, sa m\u00f4\u017ee vykon\u00e1va\u0165 vo vz\u0165ahu k v\u00e1m na \u00fa\u010dely poskytovania slu\u017eieb pod\u013ea uzatvorenej zmluvy a na \u00fa\u010dely priameho marketingu zo strany spr\u00e1vcu.<\/li>\n\n\n\n<li>Osobn\u00e9 \u00fadaje sa nepren\u00e1\u0161aj\u00fa z tret\u00edch kraj\u00edn v zmysle pr\u00e1vnych predpisov o ochrane \u00fadajov. To znamen\u00e1, \u017ee ich neposielame mimo Eur\u00f3pskej \u00fanie.<\/li>\n<\/ol>\n\n<h2 class=\"wp-block-heading\"><strong>5. inform\u00e1cie o formul\u00e1roch<\/strong><\/h2>\n\n<ol class=\"wp-block-list\">\n<li>Webov\u00e1 str\u00e1nka zhroma\u017e\u010fuje inform\u00e1cie, ktor\u00e9 pou\u017e\u00edvate\u013e dobrovo\u013ene poskytol, vr\u00e1tane osobn\u00fdch \u00fadajov, ak boli poskytnut\u00e9.<\/li>\n\n\n\n<li>Slu\u017eba m\u00f4\u017ee uklada\u0165 inform\u00e1cie o parametroch pripojenia (\u010dasov\u00e1 pe\u010diatka, IP adresa).<\/li>\n\n\n\n<li>Slu\u017eba m\u00f4\u017ee v niektor\u00fdch pr\u00edpadoch zaznamena\u0165 inform\u00e1cie, ktor\u00e9 pom\u00f4\u017eu prepoji\u0165 \u00fadaje vo formul\u00e1ri s e-mailovou adresou pou\u017e\u00edvate\u013ea, ktor\u00fd formul\u00e1r vyp\u013a\u0148a. V tomto pr\u00edpade sa e-mailov\u00e1 adresa pou\u017e\u00edvate\u013ea zobraz\u00ed v url adrese str\u00e1nky obsahuj\u00facej formul\u00e1r.<\/li>\n\n\n\n<li>\u00dadaje uveden\u00e9 vo formul\u00e1ri sa sprac\u00favaj\u00fa na \u00fa\u010dely vypl\u00fdvaj\u00face z funkcie konkr\u00e9tneho formul\u00e1ra, napr. na spracovanie \u017eiadosti o slu\u017ebu alebo obchodn\u00fd kontakt, registr\u00e1ciu slu\u017eieb at\u010f. Kontext a opis formul\u00e1ra zaka\u017ed\u00fdm jasne informuje o tom, na \u010do sl\u00fa\u017ei.<\/li>\n<\/ol>\n\n<h2 class=\"wp-block-heading\"><strong>6 Protokoly spr\u00e1vcu<\/strong><\/h2>\n\n<ol class=\"wp-block-list\">\n<li>Inform\u00e1cie o spr\u00e1van\u00ed pou\u017e\u00edvate\u013eov na str\u00e1nke m\u00f4\u017eu by\u0165 predmetom zaznamen\u00e1vania. Tieto \u00fadaje sa pou\u017e\u00edvaj\u00fa na spr\u00e1vu webovej str\u00e1nky.<\/li>\n<\/ol>\n\n<h2 class=\"wp-block-heading\"><strong>7 Relevantn\u00e9 marketingov\u00e9 techniky<\/strong><\/h2>\n\n<ol class=\"wp-block-list\">\n<li>Prev\u00e1dzkovate\u013e pou\u017e\u00edva \u0161tatistick\u00fa anal\u00fdzu n\u00e1v\u0161tevnosti webov\u00fdch str\u00e1nok prostredn\u00edctvom slu\u017eby Google Analytics (Google Inc., so s\u00eddlom v USA). Prev\u00e1dzkovate\u013e neposiela prev\u00e1dzkovate\u013eovi tejto slu\u017eby osobn\u00e9 \u00fadaje, iba anonymizovan\u00e9 inform\u00e1cie. Slu\u017eba je zalo\u017een\u00e1 na pou\u017e\u00edvan\u00ed s\u00faborov cookie v koncovom zariaden\u00ed pou\u017e\u00edvate\u013ea. Pokia\u013e ide o inform\u00e1cie o preferenci\u00e1ch pou\u017e\u00edvate\u013ea, ktor\u00e9 zhroma\u017e\u010fuje reklamn\u00e1 sie\u0165 Google, pou\u017e\u00edvate\u013e m\u00f4\u017ee zobrazi\u0165 a upravi\u0165 inform\u00e1cie vypl\u00fdvaj\u00face zo s\u00faborov cookie pomocou nasleduj\u00faceho n\u00e1stroja: https:\/\/www.google.com\/ads\/preferences\/.<\/li>\n\n\n\n<li>Prev\u00e1dzkovate\u013e pou\u017e\u00edva techniky remarketingu na prisp\u00f4sobenie reklamn\u00fdch spr\u00e1v spr\u00e1v spr\u00e1vaniu pou\u017e\u00edvate\u013ea na webovej lokalite, \u010do m\u00f4\u017ee vzbudzova\u0165 dojem, \u017ee sa na sledovanie pou\u017e\u00edvate\u013ea pou\u017e\u00edvaj\u00fa jeho osobn\u00e9 \u00fadaje, ale v praxi sa \u017eiadne osobn\u00e9 \u00fadaje od prev\u00e1dzkovate\u013ea k prev\u00e1dzkovate\u013eom reklamy nepren\u00e1\u0161aj\u00fa. Technologick\u00fdm predpokladom je, aby boli povolen\u00e9 s\u00fabory cookie.<\/li>\n\n\n\n<li>Prev\u00e1dzkovate\u013e pou\u017e\u00edva pixel Facebooku. T\u00e1to technol\u00f3gia znamen\u00e1, \u017ee spolo\u010dnos\u0165 Facebook (Facebook Inc., so s\u00eddlom v USA) vie, \u017ee osoba, ktor\u00e1 je v nej zaregistrovan\u00e1, pou\u017e\u00edva slu\u017ebu. V tomto pr\u00edpade prev\u00e1dzkovate\u013e neposkytuje spolo\u010dnosti Facebook \u017eiadne \u010fal\u0161ie osobn\u00e9 \u00fadaje. Slu\u017eba je zalo\u017een\u00e1 na pou\u017e\u00edvan\u00ed s\u00faborov cookie v koncovom zariaden\u00ed pou\u017e\u00edvate\u013ea.<\/li>\n\n\n\n<li>Prev\u00e1dzkovate\u013e pou\u017e\u00edva rie\u0161enie, ktor\u00e9 automatizuje prev\u00e1dzku webovej str\u00e1nky vo vz\u0165ahu k pou\u017e\u00edvate\u013eom, napr. m\u00f4\u017ee pou\u017e\u00edvate\u013eovi po n\u00e1v\u0161teve konkr\u00e9tnej podstr\u00e1nky zasla\u0165 e-mail, ak pou\u017e\u00edvate\u013e s\u00fahlasil so zasielan\u00edm obchodnej kore\u0161pondencie od prev\u00e1dzkovate\u013ea.<\/li>\n<\/ol>\n\n<h2 class=\"wp-block-heading\"><strong>8 Inform\u00e1cie o s\u00faboroch cookie<\/strong><\/h2>\n\n<ol class=\"wp-block-list\">\n<li>Webov\u00e1 str\u00e1nka pou\u017e\u00edva s\u00fabory cookie.<\/li>\n\n\n\n<li>S\u00fabory cookie (tzv. &#8222;cookies&#8220;) s\u00fa \u00fadaje IT, najm\u00e4 textov\u00e9 s\u00fabory, ktor\u00e9 sa ukladaj\u00fa v koncovom zariaden\u00ed pou\u017e\u00edvate\u013ea slu\u017eby a s\u00fa ur\u010den\u00e9 na pou\u017e\u00edvanie na webovej str\u00e1nke. S\u00fabory cookie zvy\u010dajne obsahuj\u00fa n\u00e1zov webovej lokality, z ktorej poch\u00e1dzaj\u00fa, d\u013a\u017eku ich ulo\u017eenia v koncovom zariaden\u00ed a jedine\u010dn\u00e9 \u010d\u00edslo.<\/li>\n\n\n\n<li>Subjektom, ktor\u00fd umiest\u0148uje s\u00fabory cookie do koncov\u00e9ho zariadenia pou\u017e\u00edvate\u013ea slu\u017eby a z\u00edskava k nim pr\u00edstup, je prev\u00e1dzkovate\u013e slu\u017eby.<\/li>\n\n\n\n<li>S\u00fabory cookie sa pou\u017e\u00edvaj\u00fa na tieto \u00fa\u010dely:\n<ol class=\"wp-block-list\">\n<li>udr\u017eiavanie rel\u00e1cie pou\u017e\u00edvate\u013ea webovej str\u00e1nky (po prihl\u00e1sen\u00ed), v\u010faka \u010domu pou\u017e\u00edvate\u013e nemus\u00ed na ka\u017edej podstr\u00e1nke webovej str\u00e1nky znovu zad\u00e1va\u0165 svoje prihlasovacie meno a heslo;<\/li>\n\n\n\n<li>na dosiahnutie cie\u013eov uveden\u00fdch vy\u0161\u0161ie v \u010dasti &#8222;Z\u00e1kladn\u00e9 marketingov\u00e9 techniky&#8220;;<\/li>\n<\/ol>\n<\/li>\n\n\n\n<li>Webov\u00e1 lokalita pou\u017e\u00edva dva hlavn\u00e9 typy s\u00faborov cookie: &#8222;S\u00fabory cookie rel\u00e1cie&#8220; a &#8222;trval\u00e9 s\u00fabory cookie&#8220; (trval\u00e9 s\u00fabory cookie). &#8222;Rela\u010dn\u00e9&#8220; s\u00fabory cookie s\u00fa do\u010dasn\u00e9 s\u00fabory, ktor\u00e9 sa ukladaj\u00fa v koncovom zariaden\u00ed pou\u017e\u00edvate\u013ea, k\u00fdm sa pou\u017e\u00edvate\u013e neodhl\u00e1si, neopust\u00ed webov\u00fa str\u00e1nku alebo nevypne softv\u00e9r (webov\u00fd prehliada\u010d). &#8222;Trval\u00e9&#8220; s\u00fabory cookie sa ukladaj\u00fa v koncovom zariaden\u00ed pou\u017e\u00edvate\u013ea na dobu uveden\u00fa v parametroch s\u00faborov cookie alebo k\u00fdm ich pou\u017e\u00edvate\u013e nevyma\u017ee.<\/li>\n\n\n\n<li>Softv\u00e9r na prehliadanie webov\u00fdch str\u00e1nok (webov\u00fd prehliada\u010d) zvy\u010dajne \u0161tandardne umo\u017e\u0148uje ukladanie s\u00faborov cookie na koncov\u00e9 zariadenie pou\u017e\u00edvate\u013ea. Pou\u017e\u00edvatelia slu\u017eby m\u00f4\u017eu v tejto s\u00favislosti zmeni\u0165 svoje nastavenia. V\u00e1\u0161 webov\u00fd prehliada\u010d umo\u017e\u0148uje vymaza\u0165 s\u00fabory cookie. S\u00fabory cookie je mo\u017en\u00e9 aj automaticky blokova\u0165 Podrobnosti n\u00e1jdete v n\u00e1povede alebo dokument\u00e1cii svojho prehliada\u010da.<\/li>\n\n\n\n<li>Obmedzenia pou\u017e\u00edvania s\u00faborov cookie m\u00f4\u017eu ovplyvni\u0165 niektor\u00e9 funkcie dostupn\u00e9 na webovej lokalite.<\/li>\n\n\n\n<li>S\u00fabory cookie umiestnen\u00e9 v koncovom zariaden\u00ed pou\u017e\u00edvate\u013ea slu\u017eby m\u00f4\u017eu pou\u017e\u00edva\u0165 aj subjekty spolupracuj\u00face s prev\u00e1dzkovate\u013eom slu\u017eby, najm\u00e4 spolo\u010dnosti: Google (Google Inc. so s\u00eddlom v USA), Facebook (Facebook Inc. so s\u00eddlom v USA), Twitter (Twitter Inc. so s\u00eddlom v USA).<\/li>\n<\/ol>\n\n<h2 class=\"wp-block-heading\"><strong>9. Spr\u00e1va s\u00faborov cookie &#8211; ako udeli\u0165 a odvola\u0165 s\u00fahlas v praxi?<\/strong><\/h2>\n\n<ol class=\"wp-block-list\">\n<li>Ak si ne\u017eel\u00e1te dost\u00e1va\u0165 s\u00fabory cookie, m\u00f4\u017eete zmeni\u0165 nastavenia prehliada\u010da. Upozor\u0148ujeme, \u017ee vypnutie s\u00faborov cookie, ktor\u00e9 s\u00fa nevyhnutn\u00e9 pre overovacie procesy, bezpe\u010dnos\u0165, udr\u017eiavanie preferenci\u00ed pou\u017e\u00edvate\u013ea, m\u00f4\u017ee s\u0165a\u017ei\u0165 a v krajnom pr\u00edpade znemo\u017eni\u0165 pou\u017e\u00edvanie webov\u00fdch str\u00e1nok.<\/li>\n\n\n\n<li>Ak chcete spravova\u0165 nastavenia s\u00faborov cookie, vyberte z ni\u017e\u0161ie uveden\u00e9ho zoznamu webov\u00fd prehliada\u010d, ktor\u00fd pou\u017e\u00edvate, a postupujte pod\u013ea pokynov:<ul><li><a href=\"https:\/\/support.microsoft.com\/pl-pl\/help\/10607\/microsoft-edge-view-delete-browser-history\">Hrana<\/a><\/li><li><a href=\"https:\/\/support.microsoft.com\/pl-pl\/help\/278835\/how-to-delete-cookie-files-in-internet-explorer\">Internet Explorer<\/a><\/li><li><a href=\"http:\/\/support.google.com\/chrome\/bin\/answer.py?hl=pl&amp;answer=95647\">Chrome<\/a><\/li><li><a href=\"http:\/\/support.apple.com\/kb\/PH5042\">Safari<\/a><\/li><li><a href=\"http:\/\/support.mozilla.org\/pl\/kb\/W%C5%82%C4%85czanie%20i%20wy%C5%82%C4%85czanie%20obs%C5%82ugi%20ciasteczek\">Firefox<\/a><\/li><li><a href=\"http:\/\/help.opera.com\/Windows\/12.10\/pl\/cookies.html\">Opera<\/a><\/li><\/ul>Mobiln\u00e9 zariadenia:\n<ul class=\"wp-block-list\">\n<li><a href=\"http:\/\/support.google.com\/chrome\/bin\/answer.py?hl=pl&amp;answer=95647\">Android<\/a><\/li>\n\n\n\n<li><a href=\"http:\/\/support.apple.com\/kb\/HT1677?viewlocale=pl_PL\">Safari (iOS)<\/a><\/li>\n\n\n\n<li><a href=\"http:\/\/www.windowsphone.com\/pl-pl\/how-to\/wp7\/web\/changing-privacy-and-other-browser-settings\">Windows Phone<\/a><\/li>\n<\/ul>\n<\/li>\n<\/ol>\n\n<p><\/p>\n","protected":false},"excerpt":{"rendered":"<p>1. V\u0161eobecn\u00e9 inform\u00e1cie 2. Vybran\u00e9 met\u00f3dy ochrany \u00fadajov pou\u017e\u00edvan\u00e9 prev\u00e1dzkovate\u013eom 3. Hos\u0165ovanie 4. Va\u0161e pr\u00e1va a \u010fal\u0161ie inform\u00e1cie o tom, ako sa bud\u00fa va\u0161e \u00fadaje pou\u017e\u00edva\u0165 5. inform\u00e1cie o formul\u00e1roch 6 Protokoly spr\u00e1vcu 7 Relevantn\u00e9 marketingov\u00e9 techniky 8 Inform\u00e1cie o s\u00faboroch cookie 9. Spr\u00e1va s\u00faborov cookie &#8211; ako udeli\u0165 a odvola\u0165 s\u00fahlas v praxi?<\/p>\n","protected":false},"author":1,"featured_media":0,"parent":0,"menu_order":0,"comment_status":"closed","ping_status":"closed","template":"","meta":{"_acf_changed":false,"inline_featured_image":false,"footnotes":""},"class_list":["post-11585","page","type-page","status-publish","hentry"],"acf":[],"yoast_head":"<!-- This site is optimized with the Yoast SEO plugin v27.4 - https:\/\/yoast.com\/product\/yoast-seo-wordpress\/ -->\n<title>Z\u00e1sady ochrany osobn\u00fdch \u00fadajov - Exparto.pl<\/title>\n<meta name=\"robots\" content=\"index, follow, max-snippet:-1, max-image-preview:large, max-video-preview:-1\" \/>\n<link rel=\"canonical\" href=\"https:\/\/exparto.pl\/sk\/zasady-ochrany-osobnych-udajov\/\" \/>\n<meta property=\"og:locale\" content=\"sk_SK\" \/>\n<meta property=\"og:type\" content=\"article\" \/>\n<meta property=\"og:title\" content=\"Z\u00e1sady ochrany osobn\u00fdch \u00fadajov - Exparto.pl\" \/>\n<meta property=\"og:description\" content=\"1. V\u0161eobecn\u00e9 inform\u00e1cie 2. Vybran\u00e9 met\u00f3dy ochrany \u00fadajov pou\u017e\u00edvan\u00e9 prev\u00e1dzkovate\u013eom 3. Hos\u0165ovanie 4. Va\u0161e pr\u00e1va a \u010fal\u0161ie inform\u00e1cie o tom, ako sa bud\u00fa va\u0161e \u00fadaje pou\u017e\u00edva\u0165 5. inform\u00e1cie o formul\u00e1roch 6 Protokoly spr\u00e1vcu 7 Relevantn\u00e9 marketingov\u00e9 techniky 8 Inform\u00e1cie o s\u00faboroch cookie 9. Spr\u00e1va s\u00faborov cookie &#8211; ako udeli\u0165 a odvola\u0165 s\u00fahlas v praxi?\" \/>\n<meta property=\"og:url\" content=\"https:\/\/exparto.pl\/sk\/zasady-ochrany-osobnych-udajov\/\" \/>\n<meta property=\"og:site_name\" content=\"Exparto.pl\" \/>\n<meta property=\"article:publisher\" content=\"https:\/\/www.facebook.com\/exparto.agro\/\" \/>\n<meta property=\"article:modified_time\" content=\"2023-11-13T18:48:30+00:00\" \/>\n<meta name=\"twitter:card\" content=\"summary_large_image\" \/>\n<meta name=\"twitter:label1\" content=\"Predpokladan\u00fd \u010das \u010d\u00edtania\" \/>\n\t<meta name=\"twitter:data1\" content=\"8 min\u00fat\" \/>\n<script type=\"application\/ld+json\" class=\"yoast-schema-graph\">{\"@context\":\"https:\\\/\\\/schema.org\",\"@graph\":[{\"@type\":\"WebPage\",\"@id\":\"https:\\\/\\\/exparto.pl\\\/sk\\\/zasady-ochrany-osobnych-udajov\\\/\",\"url\":\"https:\\\/\\\/exparto.pl\\\/sk\\\/zasady-ochrany-osobnych-udajov\\\/\",\"name\":\"Z\u00e1sady ochrany osobn\u00fdch \u00fadajov - Exparto.pl\",\"isPartOf\":{\"@id\":\"https:\\\/\\\/exparto.pl\\\/sk\\\/#website\"},\"datePublished\":\"2022-11-25T12:05:44+00:00\",\"dateModified\":\"2023-11-13T18:48:30+00:00\",\"breadcrumb\":{\"@id\":\"https:\\\/\\\/exparto.pl\\\/sk\\\/zasady-ochrany-osobnych-udajov\\\/#breadcrumb\"},\"inLanguage\":\"sk-SK\",\"potentialAction\":[{\"@type\":\"ReadAction\",\"target\":[\"https:\\\/\\\/exparto.pl\\\/sk\\\/zasady-ochrany-osobnych-udajov\\\/\"]}]},{\"@type\":\"BreadcrumbList\",\"@id\":\"https:\\\/\\\/exparto.pl\\\/sk\\\/zasady-ochrany-osobnych-udajov\\\/#breadcrumb\",\"itemListElement\":[{\"@type\":\"ListItem\",\"position\":1,\"name\":\"Domovsk\u00e1 str\u00e1nka\",\"item\":\"https:\\\/\\\/exparto.pl\\\/sk\\\/domovska-stranka\\\/\"},{\"@type\":\"ListItem\",\"position\":2,\"name\":\"Z\u00e1sady ochrany osobn\u00fdch \u00fadajov\"}]},{\"@type\":\"WebSite\",\"@id\":\"https:\\\/\\\/exparto.pl\\\/sk\\\/#website\",\"url\":\"https:\\\/\\\/exparto.pl\\\/sk\\\/\",\"name\":\"EXPARTO\",\"description\":\"More than agro parts\",\"publisher\":{\"@id\":\"https:\\\/\\\/exparto.pl\\\/sk\\\/#organization\"},\"potentialAction\":[{\"@type\":\"SearchAction\",\"target\":{\"@type\":\"EntryPoint\",\"urlTemplate\":\"https:\\\/\\\/exparto.pl\\\/sk\\\/?s={search_term_string}\"},\"query-input\":{\"@type\":\"PropertyValueSpecification\",\"valueRequired\":true,\"valueName\":\"search_term_string\"}}],\"inLanguage\":\"sk-SK\"},{\"@type\":\"Organization\",\"@id\":\"https:\\\/\\\/exparto.pl\\\/sk\\\/#organization\",\"name\":\"EXPARTO\",\"url\":\"https:\\\/\\\/exparto.pl\\\/sk\\\/\",\"logo\":{\"@type\":\"ImageObject\",\"inLanguage\":\"sk-SK\",\"@id\":\"https:\\\/\\\/exparto.pl\\\/sk\\\/#\\\/schema\\\/logo\\\/image\\\/\",\"url\":\"https:\\\/\\\/exparto.pl\\\/wp-content\\\/uploads\\\/2023\\\/02\\\/logo-wektor.png\",\"contentUrl\":\"https:\\\/\\\/exparto.pl\\\/wp-content\\\/uploads\\\/2023\\\/02\\\/logo-wektor.png\",\"width\":1338,\"height\":143,\"caption\":\"EXPARTO\"},\"image\":{\"@id\":\"https:\\\/\\\/exparto.pl\\\/sk\\\/#\\\/schema\\\/logo\\\/image\\\/\"},\"sameAs\":[\"https:\\\/\\\/www.facebook.com\\\/exparto.agro\\\/\"]}]}<\/script>\n<!-- \/ Yoast SEO plugin. -->","yoast_head_json":{"title":"Z\u00e1sady ochrany osobn\u00fdch \u00fadajov - Exparto.pl","robots":{"index":"index","follow":"follow","max-snippet":"max-snippet:-1","max-image-preview":"max-image-preview:large","max-video-preview":"max-video-preview:-1"},"canonical":"https:\/\/exparto.pl\/sk\/zasady-ochrany-osobnych-udajov\/","og_locale":"sk_SK","og_type":"article","og_title":"Z\u00e1sady ochrany osobn\u00fdch \u00fadajov - Exparto.pl","og_description":"1. V\u0161eobecn\u00e9 inform\u00e1cie 2. Vybran\u00e9 met\u00f3dy ochrany \u00fadajov pou\u017e\u00edvan\u00e9 prev\u00e1dzkovate\u013eom 3. Hos\u0165ovanie 4. Va\u0161e pr\u00e1va a \u010fal\u0161ie inform\u00e1cie o tom, ako sa bud\u00fa va\u0161e \u00fadaje pou\u017e\u00edva\u0165 5. inform\u00e1cie o formul\u00e1roch 6 Protokoly spr\u00e1vcu 7 Relevantn\u00e9 marketingov\u00e9 techniky 8 Inform\u00e1cie o s\u00faboroch cookie 9. Spr\u00e1va s\u00faborov cookie &#8211; ako udeli\u0165 a odvola\u0165 s\u00fahlas v praxi?","og_url":"https:\/\/exparto.pl\/sk\/zasady-ochrany-osobnych-udajov\/","og_site_name":"Exparto.pl","article_publisher":"https:\/\/www.facebook.com\/exparto.agro\/","article_modified_time":"2023-11-13T18:48:30+00:00","twitter_card":"summary_large_image","twitter_misc":{"Predpokladan\u00fd \u010das \u010d\u00edtania":"8 min\u00fat"},"schema":{"@context":"https:\/\/schema.org","@graph":[{"@type":"WebPage","@id":"https:\/\/exparto.pl\/sk\/zasady-ochrany-osobnych-udajov\/","url":"https:\/\/exparto.pl\/sk\/zasady-ochrany-osobnych-udajov\/","name":"Z\u00e1sady ochrany osobn\u00fdch \u00fadajov - Exparto.pl","isPartOf":{"@id":"https:\/\/exparto.pl\/sk\/#website"},"datePublished":"2022-11-25T12:05:44+00:00","dateModified":"2023-11-13T18:48:30+00:00","breadcrumb":{"@id":"https:\/\/exparto.pl\/sk\/zasady-ochrany-osobnych-udajov\/#breadcrumb"},"inLanguage":"sk-SK","potentialAction":[{"@type":"ReadAction","target":["https:\/\/exparto.pl\/sk\/zasady-ochrany-osobnych-udajov\/"]}]},{"@type":"BreadcrumbList","@id":"https:\/\/exparto.pl\/sk\/zasady-ochrany-osobnych-udajov\/#breadcrumb","itemListElement":[{"@type":"ListItem","position":1,"name":"Domovsk\u00e1 str\u00e1nka","item":"https:\/\/exparto.pl\/sk\/domovska-stranka\/"},{"@type":"ListItem","position":2,"name":"Z\u00e1sady ochrany osobn\u00fdch \u00fadajov"}]},{"@type":"WebSite","@id":"https:\/\/exparto.pl\/sk\/#website","url":"https:\/\/exparto.pl\/sk\/","name":"EXPARTO","description":"More than agro parts","publisher":{"@id":"https:\/\/exparto.pl\/sk\/#organization"},"potentialAction":[{"@type":"SearchAction","target":{"@type":"EntryPoint","urlTemplate":"https:\/\/exparto.pl\/sk\/?s={search_term_string}"},"query-input":{"@type":"PropertyValueSpecification","valueRequired":true,"valueName":"search_term_string"}}],"inLanguage":"sk-SK"},{"@type":"Organization","@id":"https:\/\/exparto.pl\/sk\/#organization","name":"EXPARTO","url":"https:\/\/exparto.pl\/sk\/","logo":{"@type":"ImageObject","inLanguage":"sk-SK","@id":"https:\/\/exparto.pl\/sk\/#\/schema\/logo\/image\/","url":"https:\/\/exparto.pl\/wp-content\/uploads\/2023\/02\/logo-wektor.png","contentUrl":"https:\/\/exparto.pl\/wp-content\/uploads\/2023\/02\/logo-wektor.png","width":1338,"height":143,"caption":"EXPARTO"},"image":{"@id":"https:\/\/exparto.pl\/sk\/#\/schema\/logo\/image\/"},"sameAs":["https:\/\/www.facebook.com\/exparto.agro\/"]}]}},"_links":{"self":[{"href":"https:\/\/exparto.pl\/sk\/wp-json\/wp\/v2\/pages\/11585","targetHints":{"allow":["GET"]}}],"collection":[{"href":"https:\/\/exparto.pl\/sk\/wp-json\/wp\/v2\/pages"}],"about":[{"href":"https:\/\/exparto.pl\/sk\/wp-json\/wp\/v2\/types\/page"}],"author":[{"embeddable":true,"href":"https:\/\/exparto.pl\/sk\/wp-json\/wp\/v2\/users\/1"}],"replies":[{"embeddable":true,"href":"https:\/\/exparto.pl\/sk\/wp-json\/wp\/v2\/comments?post=11585"}],"version-history":[{"count":0,"href":"https:\/\/exparto.pl\/sk\/wp-json\/wp\/v2\/pages\/11585\/revisions"}],"wp:attachment":[{"href":"https:\/\/exparto.pl\/sk\/wp-json\/wp\/v2\/media?parent=11585"}],"curies":[{"name":"wp","href":"https:\/\/api.w.org\/{rel}","templated":true}]}}