{"id":11617,"date":"2022-11-22T12:49:06","date_gmt":"2022-11-22T11:49:06","guid":{"rendered":"https:\/\/exparto.pl\/domovska-stranka\/"},"modified":"2022-11-22T12:49:06","modified_gmt":"2022-11-22T11:49:06","slug":"domovska-stranka","status":"publish","type":"page","link":"https:\/\/exparto.pl\/sk\/","title":{"rendered":"Domovsk\u00e1 str\u00e1nka"},"content":{"rendered":"","protected":false},"excerpt":{"rendered":"","protected":false},"author":7,"featured_media":0,"parent":0,"menu_order":0,"comment_status":"closed","ping_status":"closed","template":"","meta":{"_acf_changed":false,"inline_featured_image":false,"footnotes":""},"class_list":["post-11617","page","type-page","status-publish","hentry"],"acf":[],"yoast_head":"<!-- This site is optimized with the Yoast SEO plugin v27.2 - https:\/\/yoast.com\/product\/yoast-seo-wordpress\/ -->\n<title>Exparto.pl - More than agro parts<\/title>\n<meta name=\"description\" content=\"Exparto - vyr\u00e1bame diely pre po\u013enohospod\u00e1rske stroje. Okrem in\u00e9ho pon\u00fakame: disky, diskov\u00e9 n\u00e1boje, kovan\u00e9 radlice, z\u00e1vesn\u00e9 syst\u00e9my, ...\" \/>\n<meta name=\"robots\" content=\"index, follow, max-snippet:-1, max-image-preview:large, max-video-preview:-1\" \/>\n<link rel=\"canonical\" href=\"https:\/\/exparto.pl\/sk\/\" \/>\n<meta property=\"og:locale\" content=\"sk_SK\" \/>\n<meta property=\"og:type\" content=\"article\" \/>\n<meta property=\"og:title\" content=\"Exparto.pl - More than agro parts\" \/>\n<meta property=\"og:description\" content=\"Exparto - vyr\u00e1bame diely pre po\u013enohospod\u00e1rske stroje. Okrem in\u00e9ho pon\u00fakame: disky, diskov\u00e9 n\u00e1boje, kovan\u00e9 radlice, z\u00e1vesn\u00e9 syst\u00e9my, ...\" \/>\n<meta property=\"og:url\" content=\"https:\/\/exparto.pl\/sk\/\" \/>\n<meta property=\"og:site_name\" content=\"Exparto.pl\" \/>\n<meta property=\"article:publisher\" content=\"https:\/\/www.facebook.com\/exparto.agro\/\" \/>\n<meta name=\"twitter:card\" content=\"summary_large_image\" \/>\n<script type=\"application\/ld+json\" class=\"yoast-schema-graph\">{\"@context\":\"https:\/\/schema.org\",\"@graph\":[{\"@type\":\"WebPage\",\"@id\":\"https:\/\/exparto.pl\/sk\/\",\"url\":\"https:\/\/exparto.pl\/sk\/\",\"name\":\"Exparto.pl - More than agro parts\",\"isPartOf\":{\"@id\":\"https:\/\/exparto.pl\/sk\/#website\"},\"datePublished\":\"2022-11-22T11:49:06+00:00\",\"description\":\"Exparto - vyr\u00e1bame diely pre po\u013enohospod\u00e1rske stroje. Okrem in\u00e9ho pon\u00fakame: disky, diskov\u00e9 n\u00e1boje, kovan\u00e9 radlice, z\u00e1vesn\u00e9 syst\u00e9my, ...\",\"breadcrumb\":{\"@id\":\"https:\/\/exparto.pl\/sk\/#breadcrumb\"},\"inLanguage\":\"sk-SK\",\"potentialAction\":[{\"@type\":\"ReadAction\",\"target\":[\"https:\/\/exparto.pl\/sk\/\"]}]},{\"@type\":\"BreadcrumbList\",\"@id\":\"https:\/\/exparto.pl\/sk\/#breadcrumb\",\"itemListElement\":[{\"@type\":\"ListItem\",\"position\":1,\"name\":\"Domovsk\u00e1 str\u00e1nka\",\"item\":\"https:\/\/exparto.pl\/sk\/domovska-stranka\/\"},{\"@type\":\"ListItem\",\"position\":2,\"name\":\"Domovsk\u00e1 str\u00e1nka\"}]},{\"@type\":\"WebSite\",\"@id\":\"https:\/\/exparto.pl\/sk\/#website\",\"url\":\"https:\/\/exparto.pl\/sk\/\",\"name\":\"EXPARTO\",\"description\":\"More than agro parts\",\"publisher\":{\"@id\":\"https:\/\/exparto.pl\/sk\/#organization\"},\"potentialAction\":[{\"@type\":\"SearchAction\",\"target\":{\"@type\":\"EntryPoint\",\"urlTemplate\":\"https:\/\/exparto.pl\/sk\/?s={search_term_string}\"},\"query-input\":{\"@type\":\"PropertyValueSpecification\",\"valueRequired\":true,\"valueName\":\"search_term_string\"}}],\"inLanguage\":\"sk-SK\"},{\"@type\":\"Organization\",\"@id\":\"https:\/\/exparto.pl\/sk\/#organization\",\"name\":\"EXPARTO\",\"url\":\"https:\/\/exparto.pl\/sk\/\",\"logo\":{\"@type\":\"ImageObject\",\"inLanguage\":\"sk-SK\",\"@id\":\"https:\/\/exparto.pl\/sk\/#\/schema\/logo\/image\/\",\"url\":\"https:\/\/exparto.pl\/wp-content\/uploads\/2023\/02\/logo-wektor.png\",\"contentUrl\":\"https:\/\/exparto.pl\/wp-content\/uploads\/2023\/02\/logo-wektor.png\",\"width\":1338,\"height\":143,\"caption\":\"EXPARTO\"},\"image\":{\"@id\":\"https:\/\/exparto.pl\/sk\/#\/schema\/logo\/image\/\"},\"sameAs\":[\"https:\/\/www.facebook.com\/exparto.agro\/\"]}]}<\/script>\n<!-- \/ Yoast SEO plugin. -->","yoast_head_json":{"title":"Exparto.pl - More than agro parts","description":"Exparto - vyr\u00e1bame diely pre po\u013enohospod\u00e1rske stroje. Okrem in\u00e9ho pon\u00fakame: disky, diskov\u00e9 n\u00e1boje, kovan\u00e9 radlice, z\u00e1vesn\u00e9 syst\u00e9my, ...","robots":{"index":"index","follow":"follow","max-snippet":"max-snippet:-1","max-image-preview":"max-image-preview:large","max-video-preview":"max-video-preview:-1"},"canonical":"https:\/\/exparto.pl\/sk\/","og_locale":"sk_SK","og_type":"article","og_title":"Exparto.pl - More than agro parts","og_description":"Exparto - vyr\u00e1bame diely pre po\u013enohospod\u00e1rske stroje. Okrem in\u00e9ho pon\u00fakame: disky, diskov\u00e9 n\u00e1boje, kovan\u00e9 radlice, z\u00e1vesn\u00e9 syst\u00e9my, ...","og_url":"https:\/\/exparto.pl\/sk\/","og_site_name":"Exparto.pl","article_publisher":"https:\/\/www.facebook.com\/exparto.agro\/","twitter_card":"summary_large_image","schema":{"@context":"https:\/\/schema.org","@graph":[{"@type":"WebPage","@id":"https:\/\/exparto.pl\/sk\/","url":"https:\/\/exparto.pl\/sk\/","name":"Exparto.pl - More than agro parts","isPartOf":{"@id":"https:\/\/exparto.pl\/sk\/#website"},"datePublished":"2022-11-22T11:49:06+00:00","description":"Exparto - vyr\u00e1bame diely pre po\u013enohospod\u00e1rske stroje. Okrem in\u00e9ho pon\u00fakame: disky, diskov\u00e9 n\u00e1boje, kovan\u00e9 radlice, z\u00e1vesn\u00e9 syst\u00e9my, ...","breadcrumb":{"@id":"https:\/\/exparto.pl\/sk\/#breadcrumb"},"inLanguage":"sk-SK","potentialAction":[{"@type":"ReadAction","target":["https:\/\/exparto.pl\/sk\/"]}]},{"@type":"BreadcrumbList","@id":"https:\/\/exparto.pl\/sk\/#breadcrumb","itemListElement":[{"@type":"ListItem","position":1,"name":"Domovsk\u00e1 str\u00e1nka","item":"https:\/\/exparto.pl\/sk\/domovska-stranka\/"},{"@type":"ListItem","position":2,"name":"Domovsk\u00e1 str\u00e1nka"}]},{"@type":"WebSite","@id":"https:\/\/exparto.pl\/sk\/#website","url":"https:\/\/exparto.pl\/sk\/","name":"EXPARTO","description":"More than agro parts","publisher":{"@id":"https:\/\/exparto.pl\/sk\/#organization"},"potentialAction":[{"@type":"SearchAction","target":{"@type":"EntryPoint","urlTemplate":"https:\/\/exparto.pl\/sk\/?s={search_term_string}"},"query-input":{"@type":"PropertyValueSpecification","valueRequired":true,"valueName":"search_term_string"}}],"inLanguage":"sk-SK"},{"@type":"Organization","@id":"https:\/\/exparto.pl\/sk\/#organization","name":"EXPARTO","url":"https:\/\/exparto.pl\/sk\/","logo":{"@type":"ImageObject","inLanguage":"sk-SK","@id":"https:\/\/exparto.pl\/sk\/#\/schema\/logo\/image\/","url":"https:\/\/exparto.pl\/wp-content\/uploads\/2023\/02\/logo-wektor.png","contentUrl":"https:\/\/exparto.pl\/wp-content\/uploads\/2023\/02\/logo-wektor.png","width":1338,"height":143,"caption":"EXPARTO"},"image":{"@id":"https:\/\/exparto.pl\/sk\/#\/schema\/logo\/image\/"},"sameAs":["https:\/\/www.facebook.com\/exparto.agro\/"]}]}},"_links":{"self":[{"href":"https:\/\/exparto.pl\/sk\/wp-json\/wp\/v2\/pages\/11617","targetHints":{"allow":["GET"]}}],"collection":[{"href":"https:\/\/exparto.pl\/sk\/wp-json\/wp\/v2\/pages"}],"about":[{"href":"https:\/\/exparto.pl\/sk\/wp-json\/wp\/v2\/types\/page"}],"author":[{"embeddable":true,"href":"https:\/\/exparto.pl\/sk\/wp-json\/wp\/v2\/users\/7"}],"replies":[{"embeddable":true,"href":"https:\/\/exparto.pl\/sk\/wp-json\/wp\/v2\/comments?post=11617"}],"version-history":[{"count":0,"href":"https:\/\/exparto.pl\/sk\/wp-json\/wp\/v2\/pages\/11617\/revisions"}],"wp:attachment":[{"href":"https:\/\/exparto.pl\/sk\/wp-json\/wp\/v2\/media?parent=11617"}],"curies":[{"name":"wp","href":"https:\/\/api.w.org\/{rel}","templated":true}]}}