{"id":11791,"date":"2023-11-08T08:40:01","date_gmt":"2023-11-08T07:40:01","guid":{"rendered":"https:\/\/exparto.pl\/produkt\/snehovy-pluh-2-m-s-pridavnym-zariadenim-s-hydraulikou\/"},"modified":"2023-11-08T08:40:01","modified_gmt":"2023-11-08T07:40:01","slug":"zastrcka-na-smyklavku-2-m-s-hydraulikou","status":"publish","type":"product","link":"https:\/\/exparto.pl\/sk\/produkt\/zastrcka-na-smyklavku-2-m-s-hydraulikou\/","title":{"rendered":"Snehov\u00fd pluh 2 m s pr\u00eddavn\u00fdm zariaden\u00edm s hydraulikou"},"content":{"rendered":"<p style=\"text-align: justify\"><b>S\u00faprava sne\u017en\u00e9ho pluhu a z\u00e1vesu traktora 2 v 1<\/b><\/p>\n<p style=\"text-align: justify\">Zimn\u00e9 sne\u017eenie m\u00f4\u017ee by\u0165 pre majite\u013eov nehnute\u013enost\u00ed, po\u013enohospod\u00e1rov, spr\u00e1vcov parkov\u00edsk a spr\u00e1vcov ciest skuto\u010dnou v\u00fdzvou. 2 m \u0161irok\u00fd snehov\u00fd pluh s hydraulick\u00fdm nadstavcom je profesion\u00e1lnym rie\u0161en\u00edm na <b>r\u00fdchle a efekt\u00edvne odstra\u0148ovanie snehu<\/b>. Jeho robustn\u00e1 kon\u0161trukcia a jednoduch\u00e9 pou\u017e\u00edvanie z neho robia ide\u00e1lny n\u00e1stroj na boj proti zimn\u00fdm nepr\u00edjemnostiam. \u010cepe\u013e je vyroben\u00e1 z gumy a zaru\u010duje pr\u00e1cu bez ob\u00e1v z po\u0161kodenia p\u00f4dy.<\/p>\n<p style=\"text-align: justify\"><b>Je nastavite\u013en\u00fd:<\/b><\/p>\n<ul style=\"text-align: justify\">\n<li style=\"text-align: justify\">Mechanick\u00e9 v troch rovin\u00e1ch<\/li>\n<li style=\"text-align: justify\">Hydraulick\u00fd ( na valci )<\/li>\n<\/ul>\n<p style=\"text-align: justify\"><b>S\u00faprava obsahuje:<\/b><\/p>\n<ul style=\"text-align: justify\">\n<li style=\"text-align: justify\">Aktu\u00e1tor 50x28x200 RW6 fi25<\/li>\n<li style=\"text-align: justify\">Mont\u00e1\u017e 2v1 tuz\/euro<\/li>\n<li style=\"text-align: justify\">Snehov\u00fd pluh 2 m<\/li>\n<\/ul>\n<p style=\"text-align: justify\">V ponuke m\u00e1me aj rad pluhov so \u0161\u00edrkou 1,5 m, 2,5 m a 3 m.<\/p>\n<div style=\"text-align: justify\">Doprava po celej krajine mo\u017en\u00e9!!!<\/div>\n","protected":false},"excerpt":{"rendered":"<p><span style=\"text-align: justify\">S\u00faprava sne\u017en\u00e9ho pluhu a z\u00e1vesu traktora 2 v 1<\/span><\/p>\n","protected":false},"featured_media":8381,"comment_status":"open","ping_status":"closed","template":"","meta":{"_acf_changed":false,"inline_featured_image":false},"product_brand":[],"product_cat":[491],"product_tag":[],"class_list":{"0":"post-11791","1":"product","2":"type-product","3":"status-publish","4":"has-post-thumbnail","6":"product_cat-snehove-pluhy","8":"first","9":"outofstock","10":"taxable","11":"shipping-taxable","12":"purchasable","13":"product-type-simple"},"acf":[],"yoast_head":"<!-- This site is optimized with the Yoast SEO plugin v27.3 - https:\/\/yoast.com\/product\/yoast-seo-wordpress\/ -->\n<title>Snehov\u00fd pluh 2 m s pr\u00eddavn\u00fdm zariaden\u00edm s hydraulikou - Exparto.pl<\/title>\n<meta name=\"robots\" content=\"index, follow, max-snippet:-1, max-image-preview:large, max-video-preview:-1\" \/>\n<link rel=\"canonical\" href=\"https:\/\/exparto.pl\/sk\/produkt\/zastrcka-na-smyklavku-2-m-s-hydraulikou\/\" \/>\n<meta property=\"og:locale\" content=\"sk_SK\" \/>\n<meta property=\"og:type\" content=\"article\" \/>\n<meta property=\"og:title\" content=\"Snehov\u00fd pluh 2 m s pr\u00eddavn\u00fdm zariaden\u00edm s hydraulikou - Exparto.pl\" \/>\n<meta property=\"og:description\" content=\"S\u00faprava sne\u017en\u00e9ho pluhu a z\u00e1vesu traktora 2 v 1\" \/>\n<meta property=\"og:url\" content=\"https:\/\/exparto.pl\/sk\/produkt\/zastrcka-na-smyklavku-2-m-s-hydraulikou\/\" \/>\n<meta property=\"og:site_name\" content=\"Exparto.pl\" \/>\n<meta property=\"article:publisher\" content=\"https:\/\/www.facebook.com\/exparto.agro\/\" \/>\n<meta property=\"og:image\" content=\"https:\/\/exparto.pl\/wp-content\/uploads\/2023\/11\/01ecf696f86b5bc0a0d68863565c0c23.jpg\" \/>\n\t<meta property=\"og:image:width\" content=\"1000\" \/>\n\t<meta property=\"og:image:height\" content=\"1000\" \/>\n\t<meta property=\"og:image:type\" content=\"image\/jpeg\" \/>\n<meta name=\"twitter:card\" content=\"summary_large_image\" \/>\n<meta name=\"twitter:label1\" content=\"Predpokladan\u00fd \u010das \u010d\u00edtania\" \/>\n\t<meta name=\"twitter:data1\" content=\"1 min\u00fata\" \/>\n<script type=\"application\/ld+json\" class=\"yoast-schema-graph\">{\"@context\":\"https:\\\/\\\/schema.org\",\"@graph\":[{\"@type\":\"WebPage\",\"@id\":\"https:\\\/\\\/exparto.pl\\\/sk\\\/produkt\\\/zastrcka-na-smyklavku-2-m-s-hydraulikou\\\/\",\"url\":\"https:\\\/\\\/exparto.pl\\\/sk\\\/produkt\\\/zastrcka-na-smyklavku-2-m-s-hydraulikou\\\/\",\"name\":\"Snehov\u00fd pluh 2 m s pr\u00eddavn\u00fdm zariaden\u00edm s hydraulikou - Exparto.pl\",\"isPartOf\":{\"@id\":\"https:\\\/\\\/exparto.pl\\\/sk\\\/#website\"},\"primaryImageOfPage\":{\"@id\":\"https:\\\/\\\/exparto.pl\\\/sk\\\/produkt\\\/zastrcka-na-smyklavku-2-m-s-hydraulikou\\\/#primaryimage\"},\"image\":{\"@id\":\"https:\\\/\\\/exparto.pl\\\/sk\\\/produkt\\\/zastrcka-na-smyklavku-2-m-s-hydraulikou\\\/#primaryimage\"},\"thumbnailUrl\":\"https:\\\/\\\/exparto.pl\\\/wp-content\\\/uploads\\\/2023\\\/11\\\/01ecf696f86b5bc0a0d68863565c0c23.jpg\",\"datePublished\":\"2023-11-08T07:40:01+00:00\",\"breadcrumb\":{\"@id\":\"https:\\\/\\\/exparto.pl\\\/sk\\\/produkt\\\/zastrcka-na-smyklavku-2-m-s-hydraulikou\\\/#breadcrumb\"},\"inLanguage\":\"sk-SK\",\"potentialAction\":[{\"@type\":\"ReadAction\",\"target\":[\"https:\\\/\\\/exparto.pl\\\/sk\\\/produkt\\\/zastrcka-na-smyklavku-2-m-s-hydraulikou\\\/\"]}]},{\"@type\":\"ImageObject\",\"inLanguage\":\"sk-SK\",\"@id\":\"https:\\\/\\\/exparto.pl\\\/sk\\\/produkt\\\/zastrcka-na-smyklavku-2-m-s-hydraulikou\\\/#primaryimage\",\"url\":\"https:\\\/\\\/exparto.pl\\\/wp-content\\\/uploads\\\/2023\\\/11\\\/01ecf696f86b5bc0a0d68863565c0c23.jpg\",\"contentUrl\":\"https:\\\/\\\/exparto.pl\\\/wp-content\\\/uploads\\\/2023\\\/11\\\/01ecf696f86b5bc0a0d68863565c0c23.jpg\",\"width\":1000,\"height\":1000},{\"@type\":\"BreadcrumbList\",\"@id\":\"https:\\\/\\\/exparto.pl\\\/sk\\\/produkt\\\/zastrcka-na-smyklavku-2-m-s-hydraulikou\\\/#breadcrumb\",\"itemListElement\":[{\"@type\":\"ListItem\",\"position\":1,\"name\":\"Domovsk\u00e1 str\u00e1nka\",\"item\":\"https:\\\/\\\/exparto.pl\\\/sk\\\/domovska-stranka\\\/\"},{\"@type\":\"ListItem\",\"position\":2,\"name\":\"Sklep\",\"item\":\"https:\\\/\\\/exparto.pl\\\/sklep\\\/\"},{\"@type\":\"ListItem\",\"position\":3,\"name\":\"Snehov\u00e9 pluhy\",\"item\":\"https:\\\/\\\/exparto.pl\\\/sk\\\/kategoria-produktov\\\/snehove-pluhy\\\/\"},{\"@type\":\"ListItem\",\"position\":4,\"name\":\"Snehov\u00fd pluh 2 m s pr\u00eddavn\u00fdm zariaden\u00edm s hydraulikou\"}]},{\"@type\":\"WebSite\",\"@id\":\"https:\\\/\\\/exparto.pl\\\/sk\\\/#website\",\"url\":\"https:\\\/\\\/exparto.pl\\\/sk\\\/\",\"name\":\"EXPARTO\",\"description\":\"More than agro parts\",\"publisher\":{\"@id\":\"https:\\\/\\\/exparto.pl\\\/sk\\\/#organization\"},\"potentialAction\":[{\"@type\":\"SearchAction\",\"target\":{\"@type\":\"EntryPoint\",\"urlTemplate\":\"https:\\\/\\\/exparto.pl\\\/sk\\\/?s={search_term_string}\"},\"query-input\":{\"@type\":\"PropertyValueSpecification\",\"valueRequired\":true,\"valueName\":\"search_term_string\"}}],\"inLanguage\":\"sk-SK\"},{\"@type\":\"Organization\",\"@id\":\"https:\\\/\\\/exparto.pl\\\/sk\\\/#organization\",\"name\":\"EXPARTO\",\"url\":\"https:\\\/\\\/exparto.pl\\\/sk\\\/\",\"logo\":{\"@type\":\"ImageObject\",\"inLanguage\":\"sk-SK\",\"@id\":\"https:\\\/\\\/exparto.pl\\\/sk\\\/#\\\/schema\\\/logo\\\/image\\\/\",\"url\":\"https:\\\/\\\/exparto.pl\\\/wp-content\\\/uploads\\\/2023\\\/02\\\/logo-wektor.png\",\"contentUrl\":\"https:\\\/\\\/exparto.pl\\\/wp-content\\\/uploads\\\/2023\\\/02\\\/logo-wektor.png\",\"width\":1338,\"height\":143,\"caption\":\"EXPARTO\"},\"image\":{\"@id\":\"https:\\\/\\\/exparto.pl\\\/sk\\\/#\\\/schema\\\/logo\\\/image\\\/\"},\"sameAs\":[\"https:\\\/\\\/www.facebook.com\\\/exparto.agro\\\/\"]}]}<\/script>\n<!-- \/ Yoast SEO plugin. -->","yoast_head_json":{"title":"Snehov\u00fd pluh 2 m s pr\u00eddavn\u00fdm zariaden\u00edm s hydraulikou - Exparto.pl","robots":{"index":"index","follow":"follow","max-snippet":"max-snippet:-1","max-image-preview":"max-image-preview:large","max-video-preview":"max-video-preview:-1"},"canonical":"https:\/\/exparto.pl\/sk\/produkt\/zastrcka-na-smyklavku-2-m-s-hydraulikou\/","og_locale":"sk_SK","og_type":"article","og_title":"Snehov\u00fd pluh 2 m s pr\u00eddavn\u00fdm zariaden\u00edm s hydraulikou - Exparto.pl","og_description":"S\u00faprava sne\u017en\u00e9ho pluhu a z\u00e1vesu traktora 2 v 1","og_url":"https:\/\/exparto.pl\/sk\/produkt\/zastrcka-na-smyklavku-2-m-s-hydraulikou\/","og_site_name":"Exparto.pl","article_publisher":"https:\/\/www.facebook.com\/exparto.agro\/","og_image":[{"width":1000,"height":1000,"url":"https:\/\/exparto.pl\/wp-content\/uploads\/2023\/11\/01ecf696f86b5bc0a0d68863565c0c23.jpg","type":"image\/jpeg"}],"twitter_card":"summary_large_image","twitter_misc":{"Predpokladan\u00fd \u010das \u010d\u00edtania":"1 min\u00fata"},"schema":{"@context":"https:\/\/schema.org","@graph":[{"@type":"WebPage","@id":"https:\/\/exparto.pl\/sk\/produkt\/zastrcka-na-smyklavku-2-m-s-hydraulikou\/","url":"https:\/\/exparto.pl\/sk\/produkt\/zastrcka-na-smyklavku-2-m-s-hydraulikou\/","name":"Snehov\u00fd pluh 2 m s pr\u00eddavn\u00fdm zariaden\u00edm s hydraulikou - Exparto.pl","isPartOf":{"@id":"https:\/\/exparto.pl\/sk\/#website"},"primaryImageOfPage":{"@id":"https:\/\/exparto.pl\/sk\/produkt\/zastrcka-na-smyklavku-2-m-s-hydraulikou\/#primaryimage"},"image":{"@id":"https:\/\/exparto.pl\/sk\/produkt\/zastrcka-na-smyklavku-2-m-s-hydraulikou\/#primaryimage"},"thumbnailUrl":"https:\/\/exparto.pl\/wp-content\/uploads\/2023\/11\/01ecf696f86b5bc0a0d68863565c0c23.jpg","datePublished":"2023-11-08T07:40:01+00:00","breadcrumb":{"@id":"https:\/\/exparto.pl\/sk\/produkt\/zastrcka-na-smyklavku-2-m-s-hydraulikou\/#breadcrumb"},"inLanguage":"sk-SK","potentialAction":[{"@type":"ReadAction","target":["https:\/\/exparto.pl\/sk\/produkt\/zastrcka-na-smyklavku-2-m-s-hydraulikou\/"]}]},{"@type":"ImageObject","inLanguage":"sk-SK","@id":"https:\/\/exparto.pl\/sk\/produkt\/zastrcka-na-smyklavku-2-m-s-hydraulikou\/#primaryimage","url":"https:\/\/exparto.pl\/wp-content\/uploads\/2023\/11\/01ecf696f86b5bc0a0d68863565c0c23.jpg","contentUrl":"https:\/\/exparto.pl\/wp-content\/uploads\/2023\/11\/01ecf696f86b5bc0a0d68863565c0c23.jpg","width":1000,"height":1000},{"@type":"BreadcrumbList","@id":"https:\/\/exparto.pl\/sk\/produkt\/zastrcka-na-smyklavku-2-m-s-hydraulikou\/#breadcrumb","itemListElement":[{"@type":"ListItem","position":1,"name":"Domovsk\u00e1 str\u00e1nka","item":"https:\/\/exparto.pl\/sk\/domovska-stranka\/"},{"@type":"ListItem","position":2,"name":"Sklep","item":"https:\/\/exparto.pl\/sklep\/"},{"@type":"ListItem","position":3,"name":"Snehov\u00e9 pluhy","item":"https:\/\/exparto.pl\/sk\/kategoria-produktov\/snehove-pluhy\/"},{"@type":"ListItem","position":4,"name":"Snehov\u00fd pluh 2 m s pr\u00eddavn\u00fdm zariaden\u00edm s hydraulikou"}]},{"@type":"WebSite","@id":"https:\/\/exparto.pl\/sk\/#website","url":"https:\/\/exparto.pl\/sk\/","name":"EXPARTO","description":"More than agro parts","publisher":{"@id":"https:\/\/exparto.pl\/sk\/#organization"},"potentialAction":[{"@type":"SearchAction","target":{"@type":"EntryPoint","urlTemplate":"https:\/\/exparto.pl\/sk\/?s={search_term_string}"},"query-input":{"@type":"PropertyValueSpecification","valueRequired":true,"valueName":"search_term_string"}}],"inLanguage":"sk-SK"},{"@type":"Organization","@id":"https:\/\/exparto.pl\/sk\/#organization","name":"EXPARTO","url":"https:\/\/exparto.pl\/sk\/","logo":{"@type":"ImageObject","inLanguage":"sk-SK","@id":"https:\/\/exparto.pl\/sk\/#\/schema\/logo\/image\/","url":"https:\/\/exparto.pl\/wp-content\/uploads\/2023\/02\/logo-wektor.png","contentUrl":"https:\/\/exparto.pl\/wp-content\/uploads\/2023\/02\/logo-wektor.png","width":1338,"height":143,"caption":"EXPARTO"},"image":{"@id":"https:\/\/exparto.pl\/sk\/#\/schema\/logo\/image\/"},"sameAs":["https:\/\/www.facebook.com\/exparto.agro\/"]}]}},"_links":{"self":[{"href":"https:\/\/exparto.pl\/sk\/wp-json\/wp\/v2\/product\/11791","targetHints":{"allow":["GET"]}}],"collection":[{"href":"https:\/\/exparto.pl\/sk\/wp-json\/wp\/v2\/product"}],"about":[{"href":"https:\/\/exparto.pl\/sk\/wp-json\/wp\/v2\/types\/product"}],"replies":[{"embeddable":true,"href":"https:\/\/exparto.pl\/sk\/wp-json\/wp\/v2\/comments?post=11791"}],"wp:featuredmedia":[{"embeddable":true,"href":"https:\/\/exparto.pl\/sk\/wp-json\/wp\/v2\/media\/8381"}],"wp:attachment":[{"href":"https:\/\/exparto.pl\/sk\/wp-json\/wp\/v2\/media?parent=11791"}],"wp:term":[{"taxonomy":"product_brand","embeddable":true,"href":"https:\/\/exparto.pl\/sk\/wp-json\/wp\/v2\/product_brand?post=11791"},{"taxonomy":"product_cat","embeddable":true,"href":"https:\/\/exparto.pl\/sk\/wp-json\/wp\/v2\/product_cat?post=11791"},{"taxonomy":"product_tag","embeddable":true,"href":"https:\/\/exparto.pl\/sk\/wp-json\/wp\/v2\/product_tag?post=11791"}],"curies":[{"name":"wp","href":"https:\/\/api.w.org\/{rel}","templated":true}]}}