{"id":11795,"date":"2023-11-07T11:54:54","date_gmt":"2023-11-07T10:54:54","guid":{"rendered":"https:\/\/exparto.pl\/produkt\/tesnenie-fs04-00-09\/"},"modified":"2023-11-07T11:54:54","modified_gmt":"2023-11-07T10:54:54","slug":"tesnenie-fs04-00-09","status":"publish","type":"product","link":"https:\/\/exparto.pl\/sk\/produkt\/tesnenie-fs04-00-09\/","title":{"rendered":"Tesnenie &#8211; FS04-00.09"},"content":{"rendered":"<p style=\"text-align: justify\"><b>Pou\u017eitie:<\/b><\/p>\n<ul>\n<li style=\"text-align: justify\">Ursus 2812 3512 3514 4512 4514 5312 5314 5714<\/li>\n<li style=\"text-align: justify\">BIZON RECORD<\/li>\n<\/ul>\n<div style=\"text-align: justify\"><\/div>\n","protected":false},"excerpt":{"rendered":"<p style=\"text-align: justify\">Ve\u013ek\u00e9 tesnenie odde\u013eova\u010da vody<\/p>\n","protected":false},"featured_media":22770,"comment_status":"open","ping_status":"closed","template":"","meta":{"_acf_changed":false,"inline_featured_image":false},"product_brand":[],"product_cat":[494],"product_tag":[],"class_list":{"0":"post-11795","1":"product","2":"type-product","3":"status-publish","4":"has-post-thumbnail","6":"product_cat-filtre-sk","8":"first","9":"instock","10":"taxable","11":"shipping-taxable","12":"purchasable","13":"product-type-simple"},"acf":[],"yoast_head":"<!-- This site is optimized with the Yoast SEO plugin v27.2 - https:\/\/yoast.com\/product\/yoast-seo-wordpress\/ -->\n<title>Tesnenie - FS04-00.09 - Exparto.pl<\/title>\n<meta name=\"robots\" content=\"index, follow, max-snippet:-1, max-image-preview:large, max-video-preview:-1\" \/>\n<link rel=\"canonical\" href=\"https:\/\/exparto.pl\/sk\/produkt\/tesnenie-fs04-00-09\/\" \/>\n<meta property=\"og:locale\" content=\"sk_SK\" \/>\n<meta property=\"og:type\" content=\"article\" \/>\n<meta property=\"og:title\" content=\"Tesnenie - FS04-00.09 - Exparto.pl\" \/>\n<meta property=\"og:description\" content=\"Ve\u013ek\u00e9 tesnenie odde\u013eova\u010da vody\" \/>\n<meta property=\"og:url\" content=\"https:\/\/exparto.pl\/sk\/produkt\/tesnenie-fs04-00-09\/\" \/>\n<meta property=\"og:site_name\" content=\"Exparto.pl\" \/>\n<meta property=\"article:publisher\" content=\"https:\/\/www.facebook.com\/exparto.agro\/\" \/>\n<meta property=\"og:image\" content=\"https:\/\/exparto.pl\/wp-content\/uploads\/2024\/03\/eeaa772e5c3c76d099765284f3998619.jpg\" \/>\n\t<meta property=\"og:image:width\" content=\"1000\" \/>\n\t<meta property=\"og:image:height\" content=\"1000\" \/>\n\t<meta property=\"og:image:type\" content=\"image\/jpeg\" \/>\n<meta name=\"twitter:card\" content=\"summary_large_image\" \/>\n<script type=\"application\/ld+json\" class=\"yoast-schema-graph\">{\"@context\":\"https:\/\/schema.org\",\"@graph\":[{\"@type\":\"WebPage\",\"@id\":\"https:\/\/exparto.pl\/sk\/produkt\/tesnenie-fs04-00-09\/\",\"url\":\"https:\/\/exparto.pl\/sk\/produkt\/tesnenie-fs04-00-09\/\",\"name\":\"Tesnenie - FS04-00.09 - Exparto.pl\",\"isPartOf\":{\"@id\":\"https:\/\/exparto.pl\/sk\/#website\"},\"primaryImageOfPage\":{\"@id\":\"https:\/\/exparto.pl\/sk\/produkt\/tesnenie-fs04-00-09\/#primaryimage\"},\"image\":{\"@id\":\"https:\/\/exparto.pl\/sk\/produkt\/tesnenie-fs04-00-09\/#primaryimage\"},\"thumbnailUrl\":\"https:\/\/exparto.pl\/wp-content\/uploads\/2024\/03\/eeaa772e5c3c76d099765284f3998619.jpg\",\"datePublished\":\"2023-11-07T10:54:54+00:00\",\"breadcrumb\":{\"@id\":\"https:\/\/exparto.pl\/sk\/produkt\/tesnenie-fs04-00-09\/#breadcrumb\"},\"inLanguage\":\"sk-SK\",\"potentialAction\":[{\"@type\":\"ReadAction\",\"target\":[\"https:\/\/exparto.pl\/sk\/produkt\/tesnenie-fs04-00-09\/\"]}]},{\"@type\":\"ImageObject\",\"inLanguage\":\"sk-SK\",\"@id\":\"https:\/\/exparto.pl\/sk\/produkt\/tesnenie-fs04-00-09\/#primaryimage\",\"url\":\"https:\/\/exparto.pl\/wp-content\/uploads\/2024\/03\/eeaa772e5c3c76d099765284f3998619.jpg\",\"contentUrl\":\"https:\/\/exparto.pl\/wp-content\/uploads\/2024\/03\/eeaa772e5c3c76d099765284f3998619.jpg\",\"width\":1000,\"height\":1000},{\"@type\":\"BreadcrumbList\",\"@id\":\"https:\/\/exparto.pl\/sk\/produkt\/tesnenie-fs04-00-09\/#breadcrumb\",\"itemListElement\":[{\"@type\":\"ListItem\",\"position\":1,\"name\":\"Domovsk\u00e1 str\u00e1nka\",\"item\":\"https:\/\/exparto.pl\/sk\/domovska-stranka\/\"},{\"@type\":\"ListItem\",\"position\":2,\"name\":\"Sklep\",\"item\":\"https:\/\/exparto.pl\/sklep\/\"},{\"@type\":\"ListItem\",\"position\":3,\"name\":\"Palivov\u00fd filter\",\"item\":\"https:\/\/exparto.pl\/sk\/kategoria-produktov\/filtre-sk\/palivovy-filter\/\"},{\"@type\":\"ListItem\",\"position\":4,\"name\":\"Tesnenie &#8211; FS04-00.09\"}]},{\"@type\":\"WebSite\",\"@id\":\"https:\/\/exparto.pl\/sk\/#website\",\"url\":\"https:\/\/exparto.pl\/sk\/\",\"name\":\"EXPARTO\",\"description\":\"More than agro parts\",\"publisher\":{\"@id\":\"https:\/\/exparto.pl\/sk\/#organization\"},\"potentialAction\":[{\"@type\":\"SearchAction\",\"target\":{\"@type\":\"EntryPoint\",\"urlTemplate\":\"https:\/\/exparto.pl\/sk\/?s={search_term_string}\"},\"query-input\":{\"@type\":\"PropertyValueSpecification\",\"valueRequired\":true,\"valueName\":\"search_term_string\"}}],\"inLanguage\":\"sk-SK\"},{\"@type\":\"Organization\",\"@id\":\"https:\/\/exparto.pl\/sk\/#organization\",\"name\":\"EXPARTO\",\"url\":\"https:\/\/exparto.pl\/sk\/\",\"logo\":{\"@type\":\"ImageObject\",\"inLanguage\":\"sk-SK\",\"@id\":\"https:\/\/exparto.pl\/sk\/#\/schema\/logo\/image\/\",\"url\":\"https:\/\/exparto.pl\/wp-content\/uploads\/2023\/02\/logo-wektor.png\",\"contentUrl\":\"https:\/\/exparto.pl\/wp-content\/uploads\/2023\/02\/logo-wektor.png\",\"width\":1338,\"height\":143,\"caption\":\"EXPARTO\"},\"image\":{\"@id\":\"https:\/\/exparto.pl\/sk\/#\/schema\/logo\/image\/\"},\"sameAs\":[\"https:\/\/www.facebook.com\/exparto.agro\/\"]}]}<\/script>\n<!-- \/ Yoast SEO plugin. -->","yoast_head_json":{"title":"Tesnenie - FS04-00.09 - Exparto.pl","robots":{"index":"index","follow":"follow","max-snippet":"max-snippet:-1","max-image-preview":"max-image-preview:large","max-video-preview":"max-video-preview:-1"},"canonical":"https:\/\/exparto.pl\/sk\/produkt\/tesnenie-fs04-00-09\/","og_locale":"sk_SK","og_type":"article","og_title":"Tesnenie - FS04-00.09 - Exparto.pl","og_description":"Ve\u013ek\u00e9 tesnenie odde\u013eova\u010da vody","og_url":"https:\/\/exparto.pl\/sk\/produkt\/tesnenie-fs04-00-09\/","og_site_name":"Exparto.pl","article_publisher":"https:\/\/www.facebook.com\/exparto.agro\/","og_image":[{"width":1000,"height":1000,"url":"https:\/\/exparto.pl\/wp-content\/uploads\/2024\/03\/eeaa772e5c3c76d099765284f3998619.jpg","type":"image\/jpeg"}],"twitter_card":"summary_large_image","schema":{"@context":"https:\/\/schema.org","@graph":[{"@type":"WebPage","@id":"https:\/\/exparto.pl\/sk\/produkt\/tesnenie-fs04-00-09\/","url":"https:\/\/exparto.pl\/sk\/produkt\/tesnenie-fs04-00-09\/","name":"Tesnenie - FS04-00.09 - Exparto.pl","isPartOf":{"@id":"https:\/\/exparto.pl\/sk\/#website"},"primaryImageOfPage":{"@id":"https:\/\/exparto.pl\/sk\/produkt\/tesnenie-fs04-00-09\/#primaryimage"},"image":{"@id":"https:\/\/exparto.pl\/sk\/produkt\/tesnenie-fs04-00-09\/#primaryimage"},"thumbnailUrl":"https:\/\/exparto.pl\/wp-content\/uploads\/2024\/03\/eeaa772e5c3c76d099765284f3998619.jpg","datePublished":"2023-11-07T10:54:54+00:00","breadcrumb":{"@id":"https:\/\/exparto.pl\/sk\/produkt\/tesnenie-fs04-00-09\/#breadcrumb"},"inLanguage":"sk-SK","potentialAction":[{"@type":"ReadAction","target":["https:\/\/exparto.pl\/sk\/produkt\/tesnenie-fs04-00-09\/"]}]},{"@type":"ImageObject","inLanguage":"sk-SK","@id":"https:\/\/exparto.pl\/sk\/produkt\/tesnenie-fs04-00-09\/#primaryimage","url":"https:\/\/exparto.pl\/wp-content\/uploads\/2024\/03\/eeaa772e5c3c76d099765284f3998619.jpg","contentUrl":"https:\/\/exparto.pl\/wp-content\/uploads\/2024\/03\/eeaa772e5c3c76d099765284f3998619.jpg","width":1000,"height":1000},{"@type":"BreadcrumbList","@id":"https:\/\/exparto.pl\/sk\/produkt\/tesnenie-fs04-00-09\/#breadcrumb","itemListElement":[{"@type":"ListItem","position":1,"name":"Domovsk\u00e1 str\u00e1nka","item":"https:\/\/exparto.pl\/sk\/domovska-stranka\/"},{"@type":"ListItem","position":2,"name":"Sklep","item":"https:\/\/exparto.pl\/sklep\/"},{"@type":"ListItem","position":3,"name":"Palivov\u00fd filter","item":"https:\/\/exparto.pl\/sk\/kategoria-produktov\/filtre-sk\/palivovy-filter\/"},{"@type":"ListItem","position":4,"name":"Tesnenie &#8211; FS04-00.09"}]},{"@type":"WebSite","@id":"https:\/\/exparto.pl\/sk\/#website","url":"https:\/\/exparto.pl\/sk\/","name":"EXPARTO","description":"More than agro parts","publisher":{"@id":"https:\/\/exparto.pl\/sk\/#organization"},"potentialAction":[{"@type":"SearchAction","target":{"@type":"EntryPoint","urlTemplate":"https:\/\/exparto.pl\/sk\/?s={search_term_string}"},"query-input":{"@type":"PropertyValueSpecification","valueRequired":true,"valueName":"search_term_string"}}],"inLanguage":"sk-SK"},{"@type":"Organization","@id":"https:\/\/exparto.pl\/sk\/#organization","name":"EXPARTO","url":"https:\/\/exparto.pl\/sk\/","logo":{"@type":"ImageObject","inLanguage":"sk-SK","@id":"https:\/\/exparto.pl\/sk\/#\/schema\/logo\/image\/","url":"https:\/\/exparto.pl\/wp-content\/uploads\/2023\/02\/logo-wektor.png","contentUrl":"https:\/\/exparto.pl\/wp-content\/uploads\/2023\/02\/logo-wektor.png","width":1338,"height":143,"caption":"EXPARTO"},"image":{"@id":"https:\/\/exparto.pl\/sk\/#\/schema\/logo\/image\/"},"sameAs":["https:\/\/www.facebook.com\/exparto.agro\/"]}]}},"_links":{"self":[{"href":"https:\/\/exparto.pl\/sk\/wp-json\/wp\/v2\/product\/11795","targetHints":{"allow":["GET"]}}],"collection":[{"href":"https:\/\/exparto.pl\/sk\/wp-json\/wp\/v2\/product"}],"about":[{"href":"https:\/\/exparto.pl\/sk\/wp-json\/wp\/v2\/types\/product"}],"replies":[{"embeddable":true,"href":"https:\/\/exparto.pl\/sk\/wp-json\/wp\/v2\/comments?post=11795"}],"wp:featuredmedia":[{"embeddable":true,"href":"https:\/\/exparto.pl\/sk\/wp-json\/wp\/v2\/media\/22770"}],"wp:attachment":[{"href":"https:\/\/exparto.pl\/sk\/wp-json\/wp\/v2\/media?parent=11795"}],"wp:term":[{"taxonomy":"product_brand","embeddable":true,"href":"https:\/\/exparto.pl\/sk\/wp-json\/wp\/v2\/product_brand?post=11795"},{"taxonomy":"product_cat","embeddable":true,"href":"https:\/\/exparto.pl\/sk\/wp-json\/wp\/v2\/product_cat?post=11795"},{"taxonomy":"product_tag","embeddable":true,"href":"https:\/\/exparto.pl\/sk\/wp-json\/wp\/v2\/product_tag?post=11795"}],"curies":[{"name":"wp","href":"https:\/\/api.w.org\/{rel}","templated":true}]}}