{"id":11808,"date":"2023-11-09T10:29:46","date_gmt":"2023-11-09T09:29:46","guid":{"rendered":"https:\/\/exparto.pl\/produkt\/mosadzny-ventil-pre-napajacku-pm-5\/"},"modified":"2023-11-09T10:29:46","modified_gmt":"2023-11-09T09:29:46","slug":"ventil-moshing-valve-pm-5","status":"publish","type":"product","link":"https:\/\/exparto.pl\/sk\/produkt\/ventil-moshing-valve-pm-5\/","title":{"rendered":"Mosadzn\u00fd ventil pre nap\u00e1ja\u010dku PM-5"},"content":{"rendered":"<p style=\"text-align: justify\">Nap\u00e1jac\u00ed ventil zo \u0161pi\u010dkovej mosadze pre nap\u00e1ja\u010dky CANA (plastov\u00e9) a tie\u017e pre s\u00e9riu nap\u00e1ja\u010diek PMU, tzv. \u010dierna s jazykom z nehrdzavej\u00facej ocele. Priklad\u00e1 sa pod jazyk pij\u00faceho. Okrem toho je vybaven\u00fd tesnen\u00edm, ktor\u00e9 zabra\u0148uje ne\u017eiaducemu \u00faniku vody. Ventil napln\u00ed nap\u00e1ja\u010dku pre dobytok vodou len vtedy, ke\u010f zviera stla\u010d\u00ed oce\u013eov\u00fd jazyk, ktor\u00fd sl\u00fa\u017ei ako sp\u00fa\u0161\u0165a\u010d na otvorenie ventilu. Voda bude pr\u00fadi\u0165 dovtedy, k\u00fdm krava alebo k\u00f4\u0148 stla\u010d\u00ed sp\u00fa\u0161\u0165 &#8211; ventil sa automaticky uzavrie pod tlakom vody.<\/p>\n","protected":false},"excerpt":{"rendered":"<p style=\"text-align: justify\">Mosadzn\u00fd ventil pre nap\u00e1ja\u010dku PM-5<\/p>\n","protected":false},"featured_media":11809,"comment_status":"open","ping_status":"closed","template":"","meta":{"_acf_changed":false,"inline_featured_image":false},"product_brand":[],"product_cat":[487,488],"product_tag":[],"class_list":{"0":"post-11808","1":"product","2":"type-product","3":"status-publish","4":"has-post-thumbnail","6":"product_cat-chov","7":"product_cat-diely-na-vycapne-zariadenia","9":"first","10":"instock","11":"taxable","12":"shipping-taxable","13":"purchasable","14":"product-type-simple"},"acf":[],"yoast_head":"<!-- This site is optimized with the Yoast SEO plugin v27.3 - https:\/\/yoast.com\/product\/yoast-seo-wordpress\/ -->\n<title>Mosadzn\u00fd ventil pre nap\u00e1ja\u010dku PM-5 - Exparto.pl<\/title>\n<meta name=\"robots\" content=\"index, follow, max-snippet:-1, max-image-preview:large, max-video-preview:-1\" \/>\n<link rel=\"canonical\" href=\"https:\/\/exparto.pl\/sk\/produkt\/ventil-moshing-valve-pm-5\/\" \/>\n<meta property=\"og:locale\" content=\"sk_SK\" \/>\n<meta property=\"og:type\" content=\"article\" \/>\n<meta property=\"og:title\" content=\"Mosadzn\u00fd ventil pre nap\u00e1ja\u010dku PM-5 - Exparto.pl\" \/>\n<meta property=\"og:description\" content=\"Mosadzn\u00fd ventil pre nap\u00e1ja\u010dku PM-5\" \/>\n<meta property=\"og:url\" content=\"https:\/\/exparto.pl\/sk\/produkt\/ventil-moshing-valve-pm-5\/\" \/>\n<meta property=\"og:site_name\" content=\"Exparto.pl\" \/>\n<meta property=\"article:publisher\" content=\"https:\/\/www.facebook.com\/exparto.agro\/\" \/>\n<meta property=\"og:image\" content=\"https:\/\/exparto.pl\/wp-content\/uploads\/2023\/11\/25b3f1a831e8bbd7ea315a1b2a071dae.jpg\" \/>\n\t<meta property=\"og:image:width\" content=\"1000\" \/>\n\t<meta property=\"og:image:height\" content=\"1000\" \/>\n\t<meta property=\"og:image:type\" content=\"image\/jpeg\" \/>\n<meta name=\"twitter:card\" content=\"summary_large_image\" \/>\n<script type=\"application\/ld+json\" class=\"yoast-schema-graph\">{\"@context\":\"https:\\\/\\\/schema.org\",\"@graph\":[{\"@type\":\"WebPage\",\"@id\":\"https:\\\/\\\/exparto.pl\\\/sk\\\/produkt\\\/ventil-moshing-valve-pm-5\\\/\",\"url\":\"https:\\\/\\\/exparto.pl\\\/sk\\\/produkt\\\/ventil-moshing-valve-pm-5\\\/\",\"name\":\"Mosadzn\u00fd ventil pre nap\u00e1ja\u010dku PM-5 - Exparto.pl\",\"isPartOf\":{\"@id\":\"https:\\\/\\\/exparto.pl\\\/sk\\\/#website\"},\"primaryImageOfPage\":{\"@id\":\"https:\\\/\\\/exparto.pl\\\/sk\\\/produkt\\\/ventil-moshing-valve-pm-5\\\/#primaryimage\"},\"image\":{\"@id\":\"https:\\\/\\\/exparto.pl\\\/sk\\\/produkt\\\/ventil-moshing-valve-pm-5\\\/#primaryimage\"},\"thumbnailUrl\":\"https:\\\/\\\/exparto.pl\\\/wp-content\\\/uploads\\\/2023\\\/11\\\/25b3f1a831e8bbd7ea315a1b2a071dae.jpg\",\"datePublished\":\"2023-11-09T09:29:46+00:00\",\"breadcrumb\":{\"@id\":\"https:\\\/\\\/exparto.pl\\\/sk\\\/produkt\\\/ventil-moshing-valve-pm-5\\\/#breadcrumb\"},\"inLanguage\":\"sk-SK\",\"potentialAction\":[{\"@type\":\"ReadAction\",\"target\":[\"https:\\\/\\\/exparto.pl\\\/sk\\\/produkt\\\/ventil-moshing-valve-pm-5\\\/\"]}]},{\"@type\":\"ImageObject\",\"inLanguage\":\"sk-SK\",\"@id\":\"https:\\\/\\\/exparto.pl\\\/sk\\\/produkt\\\/ventil-moshing-valve-pm-5\\\/#primaryimage\",\"url\":\"https:\\\/\\\/exparto.pl\\\/wp-content\\\/uploads\\\/2023\\\/11\\\/25b3f1a831e8bbd7ea315a1b2a071dae.jpg\",\"contentUrl\":\"https:\\\/\\\/exparto.pl\\\/wp-content\\\/uploads\\\/2023\\\/11\\\/25b3f1a831e8bbd7ea315a1b2a071dae.jpg\",\"width\":1000,\"height\":1000},{\"@type\":\"BreadcrumbList\",\"@id\":\"https:\\\/\\\/exparto.pl\\\/sk\\\/produkt\\\/ventil-moshing-valve-pm-5\\\/#breadcrumb\",\"itemListElement\":[{\"@type\":\"ListItem\",\"position\":1,\"name\":\"Domovsk\u00e1 str\u00e1nka\",\"item\":\"https:\\\/\\\/exparto.pl\\\/sk\\\/domovska-stranka\\\/\"},{\"@type\":\"ListItem\",\"position\":2,\"name\":\"Sklep\",\"item\":\"https:\\\/\\\/exparto.pl\\\/sklep\\\/\"},{\"@type\":\"ListItem\",\"position\":3,\"name\":\"Diely na v\u00fd\u010dapn\u00e9 zariadenia\",\"item\":\"https:\\\/\\\/exparto.pl\\\/sk\\\/kategoria-produktov\\\/chov\\\/pijaci\\\/diely-na-vycapne-zariadenia\\\/\"},{\"@type\":\"ListItem\",\"position\":4,\"name\":\"Mosadzn\u00fd ventil pre nap\u00e1ja\u010dku PM-5\"}]},{\"@type\":\"WebSite\",\"@id\":\"https:\\\/\\\/exparto.pl\\\/sk\\\/#website\",\"url\":\"https:\\\/\\\/exparto.pl\\\/sk\\\/\",\"name\":\"EXPARTO\",\"description\":\"More than agro parts\",\"publisher\":{\"@id\":\"https:\\\/\\\/exparto.pl\\\/sk\\\/#organization\"},\"potentialAction\":[{\"@type\":\"SearchAction\",\"target\":{\"@type\":\"EntryPoint\",\"urlTemplate\":\"https:\\\/\\\/exparto.pl\\\/sk\\\/?s={search_term_string}\"},\"query-input\":{\"@type\":\"PropertyValueSpecification\",\"valueRequired\":true,\"valueName\":\"search_term_string\"}}],\"inLanguage\":\"sk-SK\"},{\"@type\":\"Organization\",\"@id\":\"https:\\\/\\\/exparto.pl\\\/sk\\\/#organization\",\"name\":\"EXPARTO\",\"url\":\"https:\\\/\\\/exparto.pl\\\/sk\\\/\",\"logo\":{\"@type\":\"ImageObject\",\"inLanguage\":\"sk-SK\",\"@id\":\"https:\\\/\\\/exparto.pl\\\/sk\\\/#\\\/schema\\\/logo\\\/image\\\/\",\"url\":\"https:\\\/\\\/exparto.pl\\\/wp-content\\\/uploads\\\/2023\\\/02\\\/logo-wektor.png\",\"contentUrl\":\"https:\\\/\\\/exparto.pl\\\/wp-content\\\/uploads\\\/2023\\\/02\\\/logo-wektor.png\",\"width\":1338,\"height\":143,\"caption\":\"EXPARTO\"},\"image\":{\"@id\":\"https:\\\/\\\/exparto.pl\\\/sk\\\/#\\\/schema\\\/logo\\\/image\\\/\"},\"sameAs\":[\"https:\\\/\\\/www.facebook.com\\\/exparto.agro\\\/\"]}]}<\/script>\n<!-- \/ Yoast SEO plugin. -->","yoast_head_json":{"title":"Mosadzn\u00fd ventil pre nap\u00e1ja\u010dku PM-5 - Exparto.pl","robots":{"index":"index","follow":"follow","max-snippet":"max-snippet:-1","max-image-preview":"max-image-preview:large","max-video-preview":"max-video-preview:-1"},"canonical":"https:\/\/exparto.pl\/sk\/produkt\/ventil-moshing-valve-pm-5\/","og_locale":"sk_SK","og_type":"article","og_title":"Mosadzn\u00fd ventil pre nap\u00e1ja\u010dku PM-5 - Exparto.pl","og_description":"Mosadzn\u00fd ventil pre nap\u00e1ja\u010dku PM-5","og_url":"https:\/\/exparto.pl\/sk\/produkt\/ventil-moshing-valve-pm-5\/","og_site_name":"Exparto.pl","article_publisher":"https:\/\/www.facebook.com\/exparto.agro\/","og_image":[{"width":1000,"height":1000,"url":"https:\/\/exparto.pl\/wp-content\/uploads\/2023\/11\/25b3f1a831e8bbd7ea315a1b2a071dae.jpg","type":"image\/jpeg"}],"twitter_card":"summary_large_image","schema":{"@context":"https:\/\/schema.org","@graph":[{"@type":"WebPage","@id":"https:\/\/exparto.pl\/sk\/produkt\/ventil-moshing-valve-pm-5\/","url":"https:\/\/exparto.pl\/sk\/produkt\/ventil-moshing-valve-pm-5\/","name":"Mosadzn\u00fd ventil pre nap\u00e1ja\u010dku PM-5 - Exparto.pl","isPartOf":{"@id":"https:\/\/exparto.pl\/sk\/#website"},"primaryImageOfPage":{"@id":"https:\/\/exparto.pl\/sk\/produkt\/ventil-moshing-valve-pm-5\/#primaryimage"},"image":{"@id":"https:\/\/exparto.pl\/sk\/produkt\/ventil-moshing-valve-pm-5\/#primaryimage"},"thumbnailUrl":"https:\/\/exparto.pl\/wp-content\/uploads\/2023\/11\/25b3f1a831e8bbd7ea315a1b2a071dae.jpg","datePublished":"2023-11-09T09:29:46+00:00","breadcrumb":{"@id":"https:\/\/exparto.pl\/sk\/produkt\/ventil-moshing-valve-pm-5\/#breadcrumb"},"inLanguage":"sk-SK","potentialAction":[{"@type":"ReadAction","target":["https:\/\/exparto.pl\/sk\/produkt\/ventil-moshing-valve-pm-5\/"]}]},{"@type":"ImageObject","inLanguage":"sk-SK","@id":"https:\/\/exparto.pl\/sk\/produkt\/ventil-moshing-valve-pm-5\/#primaryimage","url":"https:\/\/exparto.pl\/wp-content\/uploads\/2023\/11\/25b3f1a831e8bbd7ea315a1b2a071dae.jpg","contentUrl":"https:\/\/exparto.pl\/wp-content\/uploads\/2023\/11\/25b3f1a831e8bbd7ea315a1b2a071dae.jpg","width":1000,"height":1000},{"@type":"BreadcrumbList","@id":"https:\/\/exparto.pl\/sk\/produkt\/ventil-moshing-valve-pm-5\/#breadcrumb","itemListElement":[{"@type":"ListItem","position":1,"name":"Domovsk\u00e1 str\u00e1nka","item":"https:\/\/exparto.pl\/sk\/domovska-stranka\/"},{"@type":"ListItem","position":2,"name":"Sklep","item":"https:\/\/exparto.pl\/sklep\/"},{"@type":"ListItem","position":3,"name":"Diely na v\u00fd\u010dapn\u00e9 zariadenia","item":"https:\/\/exparto.pl\/sk\/kategoria-produktov\/chov\/pijaci\/diely-na-vycapne-zariadenia\/"},{"@type":"ListItem","position":4,"name":"Mosadzn\u00fd ventil pre nap\u00e1ja\u010dku PM-5"}]},{"@type":"WebSite","@id":"https:\/\/exparto.pl\/sk\/#website","url":"https:\/\/exparto.pl\/sk\/","name":"EXPARTO","description":"More than agro parts","publisher":{"@id":"https:\/\/exparto.pl\/sk\/#organization"},"potentialAction":[{"@type":"SearchAction","target":{"@type":"EntryPoint","urlTemplate":"https:\/\/exparto.pl\/sk\/?s={search_term_string}"},"query-input":{"@type":"PropertyValueSpecification","valueRequired":true,"valueName":"search_term_string"}}],"inLanguage":"sk-SK"},{"@type":"Organization","@id":"https:\/\/exparto.pl\/sk\/#organization","name":"EXPARTO","url":"https:\/\/exparto.pl\/sk\/","logo":{"@type":"ImageObject","inLanguage":"sk-SK","@id":"https:\/\/exparto.pl\/sk\/#\/schema\/logo\/image\/","url":"https:\/\/exparto.pl\/wp-content\/uploads\/2023\/02\/logo-wektor.png","contentUrl":"https:\/\/exparto.pl\/wp-content\/uploads\/2023\/02\/logo-wektor.png","width":1338,"height":143,"caption":"EXPARTO"},"image":{"@id":"https:\/\/exparto.pl\/sk\/#\/schema\/logo\/image\/"},"sameAs":["https:\/\/www.facebook.com\/exparto.agro\/"]}]}},"_links":{"self":[{"href":"https:\/\/exparto.pl\/sk\/wp-json\/wp\/v2\/product\/11808","targetHints":{"allow":["GET"]}}],"collection":[{"href":"https:\/\/exparto.pl\/sk\/wp-json\/wp\/v2\/product"}],"about":[{"href":"https:\/\/exparto.pl\/sk\/wp-json\/wp\/v2\/types\/product"}],"replies":[{"embeddable":true,"href":"https:\/\/exparto.pl\/sk\/wp-json\/wp\/v2\/comments?post=11808"}],"wp:featuredmedia":[{"embeddable":true,"href":"https:\/\/exparto.pl\/sk\/wp-json\/wp\/v2\/media\/11809"}],"wp:attachment":[{"href":"https:\/\/exparto.pl\/sk\/wp-json\/wp\/v2\/media?parent=11808"}],"wp:term":[{"taxonomy":"product_brand","embeddable":true,"href":"https:\/\/exparto.pl\/sk\/wp-json\/wp\/v2\/product_brand?post=11808"},{"taxonomy":"product_cat","embeddable":true,"href":"https:\/\/exparto.pl\/sk\/wp-json\/wp\/v2\/product_cat?post=11808"},{"taxonomy":"product_tag","embeddable":true,"href":"https:\/\/exparto.pl\/sk\/wp-json\/wp\/v2\/product_tag?post=11808"}],"curies":[{"name":"wp","href":"https:\/\/api.w.org\/{rel}","templated":true}]}}