{"id":11861,"date":"2023-11-07T09:53:14","date_gmt":"2023-11-07T08:53:14","guid":{"rendered":"https:\/\/exparto.pl\/produkt\/hydraulicka-vlozka-wh20-15-ursus-mf-series\/"},"modified":"2023-11-07T09:53:14","modified_gmt":"2023-11-07T08:53:14","slug":"hydraulicka-vlozka-wh20-15-ursus-mf-series","status":"publish","type":"product","link":"https:\/\/exparto.pl\/sk\/produkt\/hydraulicka-vlozka-wh20-15-ursus-mf-series\/","title":{"rendered":"Hydraulick\u00e1 vlo\u017eka WH20-15 URSUS MF SERIES"},"content":{"rendered":"<p style=\"text-align: justify\"><b>Pou\u017eitie filtra:<\/b><\/p>\n<ul>\n<li style=\"text-align: justify\">URSUS &#8211; S\u00c9RIA 1000, S\u00c9RIA 4000, S\u00c9RIA 5000, S\u00c9RIA MF 2802, 2812, 3502, 3512, 3514, 4512, 4514, 5312, 5314,<\/li>\n<\/ul>\n<div><\/div>\n<div><span style=\"font-weight: bold\">Porovn\u00e1vacie \u010d\u00edsla \/ N\u00e1hrady:<\/span><\/div>\n<div><span style=\"font-weight: bold\"> <\/span><\/div>\n<div>\n<ul>\n<li>Filtre Crosland: 677, CR677<\/li>\n<li>Landini: 1639428M91, 1662566M1, 1662566M2<\/li>\n<li>Massey Ferguson: 1639428M91, 1662566M1, 1662566M2<\/li>\n<\/ul>\n<\/div>\n","protected":false},"excerpt":{"rendered":"<p style=\"text-align: justify\">Hydraulick\u00e1 vlo\u017eka WH20-15 URSUS MF SERIES<\/p>\n","protected":false},"featured_media":8240,"comment_status":"open","ping_status":"closed","template":"","meta":{"_acf_changed":false,"inline_featured_image":false},"product_brand":[],"product_cat":[494,511],"product_tag":[],"class_list":{"0":"post-11861","1":"product","2":"type-product","3":"status-publish","4":"has-post-thumbnail","6":"product_cat-filtre-sk","7":"product_cat-hydraulicka-vlozka","9":"first","10":"outofstock","11":"taxable","12":"shipping-taxable","13":"purchasable","14":"product-type-simple"},"acf":[],"yoast_head":"<!-- This site is optimized with the Yoast SEO plugin v27.2 - https:\/\/yoast.com\/product\/yoast-seo-wordpress\/ -->\n<title>Hydraulick\u00e1 vlo\u017eka WH20-15 URSUS MF SERIES - Exparto.pl<\/title>\n<meta name=\"robots\" content=\"index, follow, max-snippet:-1, max-image-preview:large, max-video-preview:-1\" \/>\n<link rel=\"canonical\" href=\"https:\/\/exparto.pl\/sk\/produkt\/hydraulicka-vlozka-wh20-15-ursus-mf-series\/\" \/>\n<meta property=\"og:locale\" content=\"sk_SK\" \/>\n<meta property=\"og:type\" content=\"article\" \/>\n<meta property=\"og:title\" content=\"Hydraulick\u00e1 vlo\u017eka WH20-15 URSUS MF SERIES - Exparto.pl\" \/>\n<meta property=\"og:description\" content=\"Hydraulick\u00e1 vlo\u017eka WH20-15 URSUS MF SERIES\" \/>\n<meta property=\"og:url\" content=\"https:\/\/exparto.pl\/sk\/produkt\/hydraulicka-vlozka-wh20-15-ursus-mf-series\/\" \/>\n<meta property=\"og:site_name\" content=\"Exparto.pl\" \/>\n<meta property=\"article:publisher\" content=\"https:\/\/www.facebook.com\/exparto.agro\/\" \/>\n<meta property=\"og:image\" content=\"https:\/\/exparto.pl\/wp-content\/uploads\/2023\/11\/1948b72db86fe6b8433d11d745ae6533.jpg\" \/>\n\t<meta property=\"og:image:width\" content=\"1000\" \/>\n\t<meta property=\"og:image:height\" content=\"1000\" \/>\n\t<meta property=\"og:image:type\" content=\"image\/jpeg\" \/>\n<meta name=\"twitter:card\" content=\"summary_large_image\" \/>\n<script type=\"application\/ld+json\" class=\"yoast-schema-graph\">{\"@context\":\"https:\/\/schema.org\",\"@graph\":[{\"@type\":\"WebPage\",\"@id\":\"https:\/\/exparto.pl\/sk\/produkt\/hydraulicka-vlozka-wh20-15-ursus-mf-series\/\",\"url\":\"https:\/\/exparto.pl\/sk\/produkt\/hydraulicka-vlozka-wh20-15-ursus-mf-series\/\",\"name\":\"Hydraulick\u00e1 vlo\u017eka WH20-15 URSUS MF SERIES - Exparto.pl\",\"isPartOf\":{\"@id\":\"https:\/\/exparto.pl\/sk\/#website\"},\"primaryImageOfPage\":{\"@id\":\"https:\/\/exparto.pl\/sk\/produkt\/hydraulicka-vlozka-wh20-15-ursus-mf-series\/#primaryimage\"},\"image\":{\"@id\":\"https:\/\/exparto.pl\/sk\/produkt\/hydraulicka-vlozka-wh20-15-ursus-mf-series\/#primaryimage\"},\"thumbnailUrl\":\"https:\/\/exparto.pl\/wp-content\/uploads\/2023\/11\/1948b72db86fe6b8433d11d745ae6533.jpg\",\"datePublished\":\"2023-11-07T08:53:14+00:00\",\"breadcrumb\":{\"@id\":\"https:\/\/exparto.pl\/sk\/produkt\/hydraulicka-vlozka-wh20-15-ursus-mf-series\/#breadcrumb\"},\"inLanguage\":\"sk-SK\",\"potentialAction\":[{\"@type\":\"ReadAction\",\"target\":[\"https:\/\/exparto.pl\/sk\/produkt\/hydraulicka-vlozka-wh20-15-ursus-mf-series\/\"]}]},{\"@type\":\"ImageObject\",\"inLanguage\":\"sk-SK\",\"@id\":\"https:\/\/exparto.pl\/sk\/produkt\/hydraulicka-vlozka-wh20-15-ursus-mf-series\/#primaryimage\",\"url\":\"https:\/\/exparto.pl\/wp-content\/uploads\/2023\/11\/1948b72db86fe6b8433d11d745ae6533.jpg\",\"contentUrl\":\"https:\/\/exparto.pl\/wp-content\/uploads\/2023\/11\/1948b72db86fe6b8433d11d745ae6533.jpg\",\"width\":1000,\"height\":1000},{\"@type\":\"BreadcrumbList\",\"@id\":\"https:\/\/exparto.pl\/sk\/produkt\/hydraulicka-vlozka-wh20-15-ursus-mf-series\/#breadcrumb\",\"itemListElement\":[{\"@type\":\"ListItem\",\"position\":1,\"name\":\"Domovsk\u00e1 str\u00e1nka\",\"item\":\"https:\/\/exparto.pl\/sk\/domovska-stranka\/\"},{\"@type\":\"ListItem\",\"position\":2,\"name\":\"Sklep\",\"item\":\"https:\/\/exparto.pl\/sklep\/\"},{\"@type\":\"ListItem\",\"position\":3,\"name\":\"Hydraulick\u00e1 vlo\u017eka\",\"item\":\"https:\/\/exparto.pl\/sk\/kategoria-produktov\/filtre-sk\/hydraulicka-vlozka\/\"},{\"@type\":\"ListItem\",\"position\":4,\"name\":\"Hydraulick\u00e1 vlo\u017eka WH20-15 URSUS MF SERIES\"}]},{\"@type\":\"WebSite\",\"@id\":\"https:\/\/exparto.pl\/sk\/#website\",\"url\":\"https:\/\/exparto.pl\/sk\/\",\"name\":\"EXPARTO\",\"description\":\"More than agro parts\",\"publisher\":{\"@id\":\"https:\/\/exparto.pl\/sk\/#organization\"},\"potentialAction\":[{\"@type\":\"SearchAction\",\"target\":{\"@type\":\"EntryPoint\",\"urlTemplate\":\"https:\/\/exparto.pl\/sk\/?s={search_term_string}\"},\"query-input\":{\"@type\":\"PropertyValueSpecification\",\"valueRequired\":true,\"valueName\":\"search_term_string\"}}],\"inLanguage\":\"sk-SK\"},{\"@type\":\"Organization\",\"@id\":\"https:\/\/exparto.pl\/sk\/#organization\",\"name\":\"EXPARTO\",\"url\":\"https:\/\/exparto.pl\/sk\/\",\"logo\":{\"@type\":\"ImageObject\",\"inLanguage\":\"sk-SK\",\"@id\":\"https:\/\/exparto.pl\/sk\/#\/schema\/logo\/image\/\",\"url\":\"https:\/\/exparto.pl\/wp-content\/uploads\/2023\/02\/logo-wektor.png\",\"contentUrl\":\"https:\/\/exparto.pl\/wp-content\/uploads\/2023\/02\/logo-wektor.png\",\"width\":1338,\"height\":143,\"caption\":\"EXPARTO\"},\"image\":{\"@id\":\"https:\/\/exparto.pl\/sk\/#\/schema\/logo\/image\/\"},\"sameAs\":[\"https:\/\/www.facebook.com\/exparto.agro\/\"]}]}<\/script>\n<!-- \/ Yoast SEO plugin. -->","yoast_head_json":{"title":"Hydraulick\u00e1 vlo\u017eka WH20-15 URSUS MF SERIES - Exparto.pl","robots":{"index":"index","follow":"follow","max-snippet":"max-snippet:-1","max-image-preview":"max-image-preview:large","max-video-preview":"max-video-preview:-1"},"canonical":"https:\/\/exparto.pl\/sk\/produkt\/hydraulicka-vlozka-wh20-15-ursus-mf-series\/","og_locale":"sk_SK","og_type":"article","og_title":"Hydraulick\u00e1 vlo\u017eka WH20-15 URSUS MF SERIES - Exparto.pl","og_description":"Hydraulick\u00e1 vlo\u017eka WH20-15 URSUS MF SERIES","og_url":"https:\/\/exparto.pl\/sk\/produkt\/hydraulicka-vlozka-wh20-15-ursus-mf-series\/","og_site_name":"Exparto.pl","article_publisher":"https:\/\/www.facebook.com\/exparto.agro\/","og_image":[{"width":1000,"height":1000,"url":"https:\/\/exparto.pl\/wp-content\/uploads\/2023\/11\/1948b72db86fe6b8433d11d745ae6533.jpg","type":"image\/jpeg"}],"twitter_card":"summary_large_image","schema":{"@context":"https:\/\/schema.org","@graph":[{"@type":"WebPage","@id":"https:\/\/exparto.pl\/sk\/produkt\/hydraulicka-vlozka-wh20-15-ursus-mf-series\/","url":"https:\/\/exparto.pl\/sk\/produkt\/hydraulicka-vlozka-wh20-15-ursus-mf-series\/","name":"Hydraulick\u00e1 vlo\u017eka WH20-15 URSUS MF SERIES - Exparto.pl","isPartOf":{"@id":"https:\/\/exparto.pl\/sk\/#website"},"primaryImageOfPage":{"@id":"https:\/\/exparto.pl\/sk\/produkt\/hydraulicka-vlozka-wh20-15-ursus-mf-series\/#primaryimage"},"image":{"@id":"https:\/\/exparto.pl\/sk\/produkt\/hydraulicka-vlozka-wh20-15-ursus-mf-series\/#primaryimage"},"thumbnailUrl":"https:\/\/exparto.pl\/wp-content\/uploads\/2023\/11\/1948b72db86fe6b8433d11d745ae6533.jpg","datePublished":"2023-11-07T08:53:14+00:00","breadcrumb":{"@id":"https:\/\/exparto.pl\/sk\/produkt\/hydraulicka-vlozka-wh20-15-ursus-mf-series\/#breadcrumb"},"inLanguage":"sk-SK","potentialAction":[{"@type":"ReadAction","target":["https:\/\/exparto.pl\/sk\/produkt\/hydraulicka-vlozka-wh20-15-ursus-mf-series\/"]}]},{"@type":"ImageObject","inLanguage":"sk-SK","@id":"https:\/\/exparto.pl\/sk\/produkt\/hydraulicka-vlozka-wh20-15-ursus-mf-series\/#primaryimage","url":"https:\/\/exparto.pl\/wp-content\/uploads\/2023\/11\/1948b72db86fe6b8433d11d745ae6533.jpg","contentUrl":"https:\/\/exparto.pl\/wp-content\/uploads\/2023\/11\/1948b72db86fe6b8433d11d745ae6533.jpg","width":1000,"height":1000},{"@type":"BreadcrumbList","@id":"https:\/\/exparto.pl\/sk\/produkt\/hydraulicka-vlozka-wh20-15-ursus-mf-series\/#breadcrumb","itemListElement":[{"@type":"ListItem","position":1,"name":"Domovsk\u00e1 str\u00e1nka","item":"https:\/\/exparto.pl\/sk\/domovska-stranka\/"},{"@type":"ListItem","position":2,"name":"Sklep","item":"https:\/\/exparto.pl\/sklep\/"},{"@type":"ListItem","position":3,"name":"Hydraulick\u00e1 vlo\u017eka","item":"https:\/\/exparto.pl\/sk\/kategoria-produktov\/filtre-sk\/hydraulicka-vlozka\/"},{"@type":"ListItem","position":4,"name":"Hydraulick\u00e1 vlo\u017eka WH20-15 URSUS MF SERIES"}]},{"@type":"WebSite","@id":"https:\/\/exparto.pl\/sk\/#website","url":"https:\/\/exparto.pl\/sk\/","name":"EXPARTO","description":"More than agro parts","publisher":{"@id":"https:\/\/exparto.pl\/sk\/#organization"},"potentialAction":[{"@type":"SearchAction","target":{"@type":"EntryPoint","urlTemplate":"https:\/\/exparto.pl\/sk\/?s={search_term_string}"},"query-input":{"@type":"PropertyValueSpecification","valueRequired":true,"valueName":"search_term_string"}}],"inLanguage":"sk-SK"},{"@type":"Organization","@id":"https:\/\/exparto.pl\/sk\/#organization","name":"EXPARTO","url":"https:\/\/exparto.pl\/sk\/","logo":{"@type":"ImageObject","inLanguage":"sk-SK","@id":"https:\/\/exparto.pl\/sk\/#\/schema\/logo\/image\/","url":"https:\/\/exparto.pl\/wp-content\/uploads\/2023\/02\/logo-wektor.png","contentUrl":"https:\/\/exparto.pl\/wp-content\/uploads\/2023\/02\/logo-wektor.png","width":1338,"height":143,"caption":"EXPARTO"},"image":{"@id":"https:\/\/exparto.pl\/sk\/#\/schema\/logo\/image\/"},"sameAs":["https:\/\/www.facebook.com\/exparto.agro\/"]}]}},"_links":{"self":[{"href":"https:\/\/exparto.pl\/sk\/wp-json\/wp\/v2\/product\/11861","targetHints":{"allow":["GET"]}}],"collection":[{"href":"https:\/\/exparto.pl\/sk\/wp-json\/wp\/v2\/product"}],"about":[{"href":"https:\/\/exparto.pl\/sk\/wp-json\/wp\/v2\/types\/product"}],"replies":[{"embeddable":true,"href":"https:\/\/exparto.pl\/sk\/wp-json\/wp\/v2\/comments?post=11861"}],"wp:featuredmedia":[{"embeddable":true,"href":"https:\/\/exparto.pl\/sk\/wp-json\/wp\/v2\/media\/8240"}],"wp:attachment":[{"href":"https:\/\/exparto.pl\/sk\/wp-json\/wp\/v2\/media?parent=11861"}],"wp:term":[{"taxonomy":"product_brand","embeddable":true,"href":"https:\/\/exparto.pl\/sk\/wp-json\/wp\/v2\/product_brand?post=11861"},{"taxonomy":"product_cat","embeddable":true,"href":"https:\/\/exparto.pl\/sk\/wp-json\/wp\/v2\/product_cat?post=11861"},{"taxonomy":"product_tag","embeddable":true,"href":"https:\/\/exparto.pl\/sk\/wp-json\/wp\/v2\/product_tag?post=11861"}],"curies":[{"name":"wp","href":"https:\/\/api.w.org\/{rel}","templated":true}]}}