{"id":11955,"date":"2023-10-09T09:20:16","date_gmt":"2023-10-09T07:20:16","guid":{"rendered":"https:\/\/exparto.pl\/produkt\/dvojprudovy-kompaktny-keramicky-rozprasovac-03-cerveny\/"},"modified":"2023-10-09T09:20:16","modified_gmt":"2023-10-09T07:20:16","slug":"dvojprudovy-kompaktny-keramicky-davkovac-04-cerveny","status":"publish","type":"product","link":"https:\/\/exparto.pl\/sk\/produkt\/dvojprudovy-kompaktny-keramicky-davkovac-04-cerveny\/","title":{"rendered":"Dvojpr\u00fadov\u00fd kompaktn\u00fd keramick\u00fd rozpra\u0161ova\u010d 03 \u010derven\u00fd"},"content":{"rendered":"<p style=\"text-align: justify\"><span style=\"color: inherit;font-weight: 700 !important\">Kompaktn\u00e9 trysky<\/span> umo\u017e\u0148uj\u00fa jednoduch\u00fa in\u0161tal\u00e1ciu a pohodln\u00e9 pou\u017e\u00edvanie pri zachovan\u00ed vynikaj\u00faceho v\u00fdkonu. Pou\u017eitie dvojit\u00e9ho postreku, ktor\u00fd vytv\u00e1ra keramick\u00e1 vlo\u017eka, prakticky eliminuje nebezpe\u010denstvo vynechania aj t\u00fdch najmen\u0161\u00edch oblast\u00ed postreku a z\u00e1rove\u0148 zaru\u010duje bezpe\u010dnos\u0165 rastl\u00edn. Pou\u017eitie vlo\u017eky vyrobenej z naj\u010distej\u0161ieho zirk\u00f3nu zaru\u010duje ve\u013emi dlh\u00fa \u017eivotnos\u0165 trysky pri zachovan\u00ed p\u00f4vodn\u00fdch parametrov striekania.<\/p>\n<ul>\n<li style=\"text-align: justify\">Dvojit\u00fd postrekov\u00fd vzor 110\u00b0 poskytuje vynikaj\u00facu rovnomernos\u0165 pokrytia rastl\u00edn;<\/li>\n<li style=\"text-align: justify\">Prevzdu\u0161nen\u00e9 kvap\u00f4\u010dky poskytuj\u00fa ve\u013emi vysok\u00fa odolnos\u0165 proti un\u00e1\u0161aniu;<\/li>\n<li style=\"text-align: justify\">Vytv\u00e1ra kvapky, ktor\u00e9 s\u00fa hust\u00e9 a ve\u013emi hust\u00e9;<\/li>\n<li style=\"text-align: justify\">Kompaktn\u00fd dizajn rozpra\u0161ova\u010da zaru\u010duje dokonal\u00e9 prisp\u00f4sobenie v\u0161etk\u00fdm \u0161tandardn\u00fdm typom hlav\u00edc a telies (typ Arag, typ TeeJet);<\/li>\n<li style=\"text-align: justify\">Odpor\u00fa\u010dan\u00fd tlak: 2-6 bar;<\/li>\n<li style=\"text-align: justify\">Sp\u013a\u0148a po\u017eiadavky ISO pre po\u013enohospod\u00e1rske d\u00fdzy;<\/li>\n<li style=\"text-align: justify\">Jednoduch\u00e9 \u010distenie bez rizika po\u0161kodenia alebo dekalibr\u00e1cie rozpra\u0161ova\u010da;<\/li>\n<li style=\"text-align: justify\">Keramick\u00e1 vlo\u017eka vyroben\u00e1 z naj\u010distej\u0161ieho zirk\u00f3nu zaru\u010duje v\u00fdnimo\u010dn\u00fa tvrdos\u0165 a odolnos\u0165 proti opotrebovaniu (HRC ~ 81);<\/li>\n<li style=\"text-align: justify\">Pl\u00e1\u0161\u0165 je vyroben\u00fd zo zosilnen\u00fdch technick\u00fdch plastov a poskytuje o 30 % vy\u0161\u0161iu odolnos\u0165 vo\u010di mechanick\u00e9mu po\u0161kodeniu ako be\u017ene pou\u017e\u00edvan\u00e9 materi\u00e1ly.<\/li>\n<\/ul>\n","protected":false},"excerpt":{"rendered":"<p><span style=\"text-align: justify\">Kompaktn\u00e9 trysky umo\u017e\u0148uj\u00fa jednoduch\u00fa in\u0161tal\u00e1ciu a pohodln\u00e9 pou\u017e\u00edvanie pri zachovan\u00ed vynikaj\u00faceho v\u00fdkonu.<\/span><\/p>\n","protected":false},"featured_media":11956,"comment_status":"open","ping_status":"closed","template":"","meta":{"_acf_changed":false,"inline_featured_image":false},"product_brand":[],"product_cat":[529],"product_tag":[],"class_list":{"0":"post-11955","1":"product","2":"type-product","3":"status-publish","4":"has-post-thumbnail","6":"product_cat-spreje","8":"first","9":"instock","10":"taxable","11":"shipping-taxable","12":"purchasable","13":"product-type-simple"},"acf":[],"yoast_head":"<!-- This site is optimized with the Yoast SEO plugin v27.4 - https:\/\/yoast.com\/product\/yoast-seo-wordpress\/ -->\n<title>Dvojpr\u00fadov\u00fd kompaktn\u00fd keramick\u00fd rozpra\u0161ova\u010d 03 \u010derven\u00fd - Exparto.pl<\/title>\n<meta name=\"robots\" content=\"index, follow, max-snippet:-1, max-image-preview:large, max-video-preview:-1\" \/>\n<link rel=\"canonical\" href=\"https:\/\/exparto.pl\/sk\/produkt\/dvojprudovy-kompaktny-keramicky-davkovac-04-cerveny\/\" \/>\n<meta property=\"og:locale\" content=\"sk_SK\" \/>\n<meta property=\"og:type\" content=\"article\" \/>\n<meta property=\"og:title\" content=\"Dvojpr\u00fadov\u00fd kompaktn\u00fd keramick\u00fd rozpra\u0161ova\u010d 03 \u010derven\u00fd - Exparto.pl\" \/>\n<meta property=\"og:description\" content=\"Kompaktn\u00e9 trysky umo\u017e\u0148uj\u00fa jednoduch\u00fa in\u0161tal\u00e1ciu a pohodln\u00e9 pou\u017e\u00edvanie pri zachovan\u00ed vynikaj\u00faceho v\u00fdkonu.\" \/>\n<meta property=\"og:url\" content=\"https:\/\/exparto.pl\/sk\/produkt\/dvojprudovy-kompaktny-keramicky-davkovac-04-cerveny\/\" \/>\n<meta property=\"og:site_name\" content=\"Exparto.pl\" \/>\n<meta property=\"article:publisher\" content=\"https:\/\/www.facebook.com\/exparto.agro\/\" \/>\n<meta property=\"og:image\" content=\"https:\/\/exparto.pl\/wp-content\/uploads\/2023\/10\/9fb8c2b3214ac85edc0f399bee705728.jpg\" \/>\n\t<meta property=\"og:image:width\" content=\"1000\" \/>\n\t<meta property=\"og:image:height\" content=\"1000\" \/>\n\t<meta property=\"og:image:type\" content=\"image\/jpeg\" \/>\n<meta name=\"twitter:card\" content=\"summary_large_image\" \/>\n<meta name=\"twitter:label1\" content=\"Predpokladan\u00fd \u010das \u010d\u00edtania\" \/>\n\t<meta name=\"twitter:data1\" content=\"1 min\u00fata\" \/>\n<script type=\"application\/ld+json\" class=\"yoast-schema-graph\">{\"@context\":\"https:\\\/\\\/schema.org\",\"@graph\":[{\"@type\":\"WebPage\",\"@id\":\"https:\\\/\\\/exparto.pl\\\/sk\\\/produkt\\\/dvojprudovy-kompaktny-keramicky-davkovac-04-cerveny\\\/\",\"url\":\"https:\\\/\\\/exparto.pl\\\/sk\\\/produkt\\\/dvojprudovy-kompaktny-keramicky-davkovac-04-cerveny\\\/\",\"name\":\"Dvojpr\u00fadov\u00fd kompaktn\u00fd keramick\u00fd rozpra\u0161ova\u010d 03 \u010derven\u00fd - Exparto.pl\",\"isPartOf\":{\"@id\":\"https:\\\/\\\/exparto.pl\\\/sk\\\/#website\"},\"primaryImageOfPage\":{\"@id\":\"https:\\\/\\\/exparto.pl\\\/sk\\\/produkt\\\/dvojprudovy-kompaktny-keramicky-davkovac-04-cerveny\\\/#primaryimage\"},\"image\":{\"@id\":\"https:\\\/\\\/exparto.pl\\\/sk\\\/produkt\\\/dvojprudovy-kompaktny-keramicky-davkovac-04-cerveny\\\/#primaryimage\"},\"thumbnailUrl\":\"https:\\\/\\\/exparto.pl\\\/wp-content\\\/uploads\\\/2023\\\/10\\\/9fb8c2b3214ac85edc0f399bee705728.jpg\",\"datePublished\":\"2023-10-09T07:20:16+00:00\",\"breadcrumb\":{\"@id\":\"https:\\\/\\\/exparto.pl\\\/sk\\\/produkt\\\/dvojprudovy-kompaktny-keramicky-davkovac-04-cerveny\\\/#breadcrumb\"},\"inLanguage\":\"sk-SK\",\"potentialAction\":[{\"@type\":\"ReadAction\",\"target\":[\"https:\\\/\\\/exparto.pl\\\/sk\\\/produkt\\\/dvojprudovy-kompaktny-keramicky-davkovac-04-cerveny\\\/\"]}]},{\"@type\":\"ImageObject\",\"inLanguage\":\"sk-SK\",\"@id\":\"https:\\\/\\\/exparto.pl\\\/sk\\\/produkt\\\/dvojprudovy-kompaktny-keramicky-davkovac-04-cerveny\\\/#primaryimage\",\"url\":\"https:\\\/\\\/exparto.pl\\\/wp-content\\\/uploads\\\/2023\\\/10\\\/9fb8c2b3214ac85edc0f399bee705728.jpg\",\"contentUrl\":\"https:\\\/\\\/exparto.pl\\\/wp-content\\\/uploads\\\/2023\\\/10\\\/9fb8c2b3214ac85edc0f399bee705728.jpg\",\"width\":1000,\"height\":1000},{\"@type\":\"BreadcrumbList\",\"@id\":\"https:\\\/\\\/exparto.pl\\\/sk\\\/produkt\\\/dvojprudovy-kompaktny-keramicky-davkovac-04-cerveny\\\/#breadcrumb\",\"itemListElement\":[{\"@type\":\"ListItem\",\"position\":1,\"name\":\"Domovsk\u00e1 str\u00e1nka\",\"item\":\"https:\\\/\\\/exparto.pl\\\/sk\\\/domovska-stranka\\\/\"},{\"@type\":\"ListItem\",\"position\":2,\"name\":\"Sklep\",\"item\":\"https:\\\/\\\/exparto.pl\\\/sklep\\\/\"},{\"@type\":\"ListItem\",\"position\":3,\"name\":\"Spreje\",\"item\":\"https:\\\/\\\/exparto.pl\\\/sk\\\/kategoria-produktov\\\/nahradne-diely-pre-postrekovace\\\/spreje\\\/\"},{\"@type\":\"ListItem\",\"position\":4,\"name\":\"Dvojpr\u00fadov\u00fd kompaktn\u00fd keramick\u00fd rozpra\u0161ova\u010d 03 \u010derven\u00fd\"}]},{\"@type\":\"WebSite\",\"@id\":\"https:\\\/\\\/exparto.pl\\\/sk\\\/#website\",\"url\":\"https:\\\/\\\/exparto.pl\\\/sk\\\/\",\"name\":\"EXPARTO\",\"description\":\"More than agro parts\",\"publisher\":{\"@id\":\"https:\\\/\\\/exparto.pl\\\/sk\\\/#organization\"},\"potentialAction\":[{\"@type\":\"SearchAction\",\"target\":{\"@type\":\"EntryPoint\",\"urlTemplate\":\"https:\\\/\\\/exparto.pl\\\/sk\\\/?s={search_term_string}\"},\"query-input\":{\"@type\":\"PropertyValueSpecification\",\"valueRequired\":true,\"valueName\":\"search_term_string\"}}],\"inLanguage\":\"sk-SK\"},{\"@type\":\"Organization\",\"@id\":\"https:\\\/\\\/exparto.pl\\\/sk\\\/#organization\",\"name\":\"EXPARTO\",\"url\":\"https:\\\/\\\/exparto.pl\\\/sk\\\/\",\"logo\":{\"@type\":\"ImageObject\",\"inLanguage\":\"sk-SK\",\"@id\":\"https:\\\/\\\/exparto.pl\\\/sk\\\/#\\\/schema\\\/logo\\\/image\\\/\",\"url\":\"https:\\\/\\\/exparto.pl\\\/wp-content\\\/uploads\\\/2023\\\/02\\\/logo-wektor.png\",\"contentUrl\":\"https:\\\/\\\/exparto.pl\\\/wp-content\\\/uploads\\\/2023\\\/02\\\/logo-wektor.png\",\"width\":1338,\"height\":143,\"caption\":\"EXPARTO\"},\"image\":{\"@id\":\"https:\\\/\\\/exparto.pl\\\/sk\\\/#\\\/schema\\\/logo\\\/image\\\/\"},\"sameAs\":[\"https:\\\/\\\/www.facebook.com\\\/exparto.agro\\\/\"]}]}<\/script>\n<!-- \/ Yoast SEO plugin. -->","yoast_head_json":{"title":"Dvojpr\u00fadov\u00fd kompaktn\u00fd keramick\u00fd rozpra\u0161ova\u010d 03 \u010derven\u00fd - Exparto.pl","robots":{"index":"index","follow":"follow","max-snippet":"max-snippet:-1","max-image-preview":"max-image-preview:large","max-video-preview":"max-video-preview:-1"},"canonical":"https:\/\/exparto.pl\/sk\/produkt\/dvojprudovy-kompaktny-keramicky-davkovac-04-cerveny\/","og_locale":"sk_SK","og_type":"article","og_title":"Dvojpr\u00fadov\u00fd kompaktn\u00fd keramick\u00fd rozpra\u0161ova\u010d 03 \u010derven\u00fd - Exparto.pl","og_description":"Kompaktn\u00e9 trysky umo\u017e\u0148uj\u00fa jednoduch\u00fa in\u0161tal\u00e1ciu a pohodln\u00e9 pou\u017e\u00edvanie pri zachovan\u00ed vynikaj\u00faceho v\u00fdkonu.","og_url":"https:\/\/exparto.pl\/sk\/produkt\/dvojprudovy-kompaktny-keramicky-davkovac-04-cerveny\/","og_site_name":"Exparto.pl","article_publisher":"https:\/\/www.facebook.com\/exparto.agro\/","og_image":[{"width":1000,"height":1000,"url":"https:\/\/exparto.pl\/wp-content\/uploads\/2023\/10\/9fb8c2b3214ac85edc0f399bee705728.jpg","type":"image\/jpeg"}],"twitter_card":"summary_large_image","twitter_misc":{"Predpokladan\u00fd \u010das \u010d\u00edtania":"1 min\u00fata"},"schema":{"@context":"https:\/\/schema.org","@graph":[{"@type":"WebPage","@id":"https:\/\/exparto.pl\/sk\/produkt\/dvojprudovy-kompaktny-keramicky-davkovac-04-cerveny\/","url":"https:\/\/exparto.pl\/sk\/produkt\/dvojprudovy-kompaktny-keramicky-davkovac-04-cerveny\/","name":"Dvojpr\u00fadov\u00fd kompaktn\u00fd keramick\u00fd rozpra\u0161ova\u010d 03 \u010derven\u00fd - Exparto.pl","isPartOf":{"@id":"https:\/\/exparto.pl\/sk\/#website"},"primaryImageOfPage":{"@id":"https:\/\/exparto.pl\/sk\/produkt\/dvojprudovy-kompaktny-keramicky-davkovac-04-cerveny\/#primaryimage"},"image":{"@id":"https:\/\/exparto.pl\/sk\/produkt\/dvojprudovy-kompaktny-keramicky-davkovac-04-cerveny\/#primaryimage"},"thumbnailUrl":"https:\/\/exparto.pl\/wp-content\/uploads\/2023\/10\/9fb8c2b3214ac85edc0f399bee705728.jpg","datePublished":"2023-10-09T07:20:16+00:00","breadcrumb":{"@id":"https:\/\/exparto.pl\/sk\/produkt\/dvojprudovy-kompaktny-keramicky-davkovac-04-cerveny\/#breadcrumb"},"inLanguage":"sk-SK","potentialAction":[{"@type":"ReadAction","target":["https:\/\/exparto.pl\/sk\/produkt\/dvojprudovy-kompaktny-keramicky-davkovac-04-cerveny\/"]}]},{"@type":"ImageObject","inLanguage":"sk-SK","@id":"https:\/\/exparto.pl\/sk\/produkt\/dvojprudovy-kompaktny-keramicky-davkovac-04-cerveny\/#primaryimage","url":"https:\/\/exparto.pl\/wp-content\/uploads\/2023\/10\/9fb8c2b3214ac85edc0f399bee705728.jpg","contentUrl":"https:\/\/exparto.pl\/wp-content\/uploads\/2023\/10\/9fb8c2b3214ac85edc0f399bee705728.jpg","width":1000,"height":1000},{"@type":"BreadcrumbList","@id":"https:\/\/exparto.pl\/sk\/produkt\/dvojprudovy-kompaktny-keramicky-davkovac-04-cerveny\/#breadcrumb","itemListElement":[{"@type":"ListItem","position":1,"name":"Domovsk\u00e1 str\u00e1nka","item":"https:\/\/exparto.pl\/sk\/domovska-stranka\/"},{"@type":"ListItem","position":2,"name":"Sklep","item":"https:\/\/exparto.pl\/sklep\/"},{"@type":"ListItem","position":3,"name":"Spreje","item":"https:\/\/exparto.pl\/sk\/kategoria-produktov\/nahradne-diely-pre-postrekovace\/spreje\/"},{"@type":"ListItem","position":4,"name":"Dvojpr\u00fadov\u00fd kompaktn\u00fd keramick\u00fd rozpra\u0161ova\u010d 03 \u010derven\u00fd"}]},{"@type":"WebSite","@id":"https:\/\/exparto.pl\/sk\/#website","url":"https:\/\/exparto.pl\/sk\/","name":"EXPARTO","description":"More than agro parts","publisher":{"@id":"https:\/\/exparto.pl\/sk\/#organization"},"potentialAction":[{"@type":"SearchAction","target":{"@type":"EntryPoint","urlTemplate":"https:\/\/exparto.pl\/sk\/?s={search_term_string}"},"query-input":{"@type":"PropertyValueSpecification","valueRequired":true,"valueName":"search_term_string"}}],"inLanguage":"sk-SK"},{"@type":"Organization","@id":"https:\/\/exparto.pl\/sk\/#organization","name":"EXPARTO","url":"https:\/\/exparto.pl\/sk\/","logo":{"@type":"ImageObject","inLanguage":"sk-SK","@id":"https:\/\/exparto.pl\/sk\/#\/schema\/logo\/image\/","url":"https:\/\/exparto.pl\/wp-content\/uploads\/2023\/02\/logo-wektor.png","contentUrl":"https:\/\/exparto.pl\/wp-content\/uploads\/2023\/02\/logo-wektor.png","width":1338,"height":143,"caption":"EXPARTO"},"image":{"@id":"https:\/\/exparto.pl\/sk\/#\/schema\/logo\/image\/"},"sameAs":["https:\/\/www.facebook.com\/exparto.agro\/"]}]}},"_links":{"self":[{"href":"https:\/\/exparto.pl\/sk\/wp-json\/wp\/v2\/product\/11955","targetHints":{"allow":["GET"]}}],"collection":[{"href":"https:\/\/exparto.pl\/sk\/wp-json\/wp\/v2\/product"}],"about":[{"href":"https:\/\/exparto.pl\/sk\/wp-json\/wp\/v2\/types\/product"}],"replies":[{"embeddable":true,"href":"https:\/\/exparto.pl\/sk\/wp-json\/wp\/v2\/comments?post=11955"}],"wp:featuredmedia":[{"embeddable":true,"href":"https:\/\/exparto.pl\/sk\/wp-json\/wp\/v2\/media\/11956"}],"wp:attachment":[{"href":"https:\/\/exparto.pl\/sk\/wp-json\/wp\/v2\/media?parent=11955"}],"wp:term":[{"taxonomy":"product_brand","embeddable":true,"href":"https:\/\/exparto.pl\/sk\/wp-json\/wp\/v2\/product_brand?post=11955"},{"taxonomy":"product_cat","embeddable":true,"href":"https:\/\/exparto.pl\/sk\/wp-json\/wp\/v2\/product_cat?post=11955"},{"taxonomy":"product_tag","embeddable":true,"href":"https:\/\/exparto.pl\/sk\/wp-json\/wp\/v2\/product_tag?post=11955"}],"curies":[{"name":"wp","href":"https:\/\/api.w.org\/{rel}","templated":true}]}}