{"id":11959,"date":"2023-10-06T15:36:34","date_gmt":"2023-10-06T13:36:34","guid":{"rendered":"https:\/\/exparto.pl\/produkt\/hydraulicka-vlozka-wh1065x-huta-stalowa-wola-500\/"},"modified":"2023-10-06T15:36:34","modified_gmt":"2023-10-06T13:36:34","slug":"hydraulicka-vlozka-wh1065x-huta-stalowa-wola-500","status":"publish","type":"product","link":"https:\/\/exparto.pl\/sk\/produkt\/hydraulicka-vlozka-wh1065x-huta-stalowa-wola-500\/","title":{"rendered":"Hydraulick\u00e1 vlo\u017eka &#8211; WH1065X HUTA STALOWA WOLA 500"},"content":{"rendered":"<p style=\"text-align: justify\"><b>Pou\u017eitie filtra:<\/b><\/p>\n<ul>\n<li style=\"text-align: justify\">BUMAR-KOSZALIN &#8211; S\u00c9RIA KM602A<\/li>\n<li style=\"text-align: justify\">BUMAR-WARY\u0143SKI &#8211; S\u00c9RIA 400 440<\/li>\n<li style=\"text-align: justify\">BUMAR-WARY\u0143SKI &#8211; K S\u00c9RIE 406, 406A, 408, 440, 606, 611<\/li>\n<li style=\"text-align: justify\">FMB FAMABA G\u0141OG\u00d3 &#8211; S\u00c9RIA D &#8211; DUT0082, DUT0203,<\/li>\n<li style=\"text-align: justify\">OCELIARSKY Z\u00c1VOD STALOWA WOLA &#8211; S\u00c9RIA 500 540A, 540K<\/li>\n<li style=\"text-align: justify\">OCELIARNE &#8211; S\u00c9RIA T T321, T325<\/li>\n<li style=\"text-align: justify\">OCELIARNE STALOWA WOLA &#8211; S\u00c9RIA \u014134K \u014134M \u014135<\/li>\n<li style=\"text-align: justify\">OSTR\u00d3WEK &#8211; S\u00c9RIA K162<\/li>\n<li style=\"text-align: justify\">OSTR\u00d3WEK &#8211; N-SERIES NK0451B<\/li>\n<\/ul>\n<div style=\"text-align: justify\"><span style=\"font-weight: bold\">Porovn\u00e1vacie \u010d\u00edsla \/ N\u00e1hrady:<\/span><\/div>\n<div style=\"text-align: justify\"><span style=\"font-weight: bold\"> <\/span><\/div>\n<div style=\"text-align: justify\">\n<div>\n<ul>\n<li>H.St.WOLA: 370.30.050,<\/li>\n<li>FAIREY: 870 P110A, 875 A110,<\/li>\n<li>FLEETGUARD: HF6113,<\/li>\n<li>H.St.WOLA: 867-01-0237,<\/li>\n<li>SF-FILTER (SCHUPP): HY24052,<\/li>\n<\/ul>\n<\/div>\n<\/div>\n","protected":false},"excerpt":{"rendered":"<p style=\"text-align: justify\">Hydraulick\u00e1 vlo\u017eka &#8211; WH1065X HUTA STALOWA WOLA 500<\/p>\n","protected":false},"featured_media":11960,"comment_status":"open","ping_status":"closed","template":"","meta":{"_acf_changed":false,"inline_featured_image":false},"product_brand":[],"product_cat":[494,511],"product_tag":[],"class_list":{"0":"post-11959","1":"product","2":"type-product","3":"status-publish","4":"has-post-thumbnail","6":"product_cat-filtre-sk","7":"product_cat-hydraulicka-vlozka","9":"first","10":"instock","11":"taxable","12":"shipping-taxable","13":"purchasable","14":"product-type-simple"},"acf":[],"yoast_head":"<!-- This site is optimized with the Yoast SEO plugin v27.2 - https:\/\/yoast.com\/product\/yoast-seo-wordpress\/ -->\n<title>Hydraulick\u00e1 vlo\u017eka - WH1065X HUTA STALOWA WOLA 500 - Exparto.pl<\/title>\n<meta name=\"robots\" content=\"index, follow, max-snippet:-1, max-image-preview:large, max-video-preview:-1\" \/>\n<link rel=\"canonical\" href=\"https:\/\/exparto.pl\/sk\/produkt\/hydraulicka-vlozka-wh1065x-huta-stalowa-wola-500\/\" \/>\n<meta property=\"og:locale\" content=\"sk_SK\" \/>\n<meta property=\"og:type\" content=\"article\" \/>\n<meta property=\"og:title\" content=\"Hydraulick\u00e1 vlo\u017eka - WH1065X HUTA STALOWA WOLA 500 - Exparto.pl\" \/>\n<meta property=\"og:description\" content=\"Hydraulick\u00e1 vlo\u017eka - WH1065X HUTA STALOWA WOLA 500\" \/>\n<meta property=\"og:url\" content=\"https:\/\/exparto.pl\/sk\/produkt\/hydraulicka-vlozka-wh1065x-huta-stalowa-wola-500\/\" \/>\n<meta property=\"og:site_name\" content=\"Exparto.pl\" \/>\n<meta property=\"article:publisher\" content=\"https:\/\/www.facebook.com\/exparto.agro\/\" \/>\n<meta property=\"og:image\" content=\"https:\/\/exparto.pl\/wp-content\/uploads\/2023\/10\/72f4a8691b88beaf85a40867f7b89cb3.jpg\" \/>\n\t<meta property=\"og:image:width\" content=\"1000\" \/>\n\t<meta property=\"og:image:height\" content=\"1000\" \/>\n\t<meta property=\"og:image:type\" content=\"image\/jpeg\" \/>\n<meta name=\"twitter:card\" content=\"summary_large_image\" \/>\n<script type=\"application\/ld+json\" class=\"yoast-schema-graph\">{\"@context\":\"https:\/\/schema.org\",\"@graph\":[{\"@type\":\"WebPage\",\"@id\":\"https:\/\/exparto.pl\/sk\/produkt\/hydraulicka-vlozka-wh1065x-huta-stalowa-wola-500\/\",\"url\":\"https:\/\/exparto.pl\/sk\/produkt\/hydraulicka-vlozka-wh1065x-huta-stalowa-wola-500\/\",\"name\":\"Hydraulick\u00e1 vlo\u017eka - WH1065X HUTA STALOWA WOLA 500 - Exparto.pl\",\"isPartOf\":{\"@id\":\"https:\/\/exparto.pl\/sk\/#website\"},\"primaryImageOfPage\":{\"@id\":\"https:\/\/exparto.pl\/sk\/produkt\/hydraulicka-vlozka-wh1065x-huta-stalowa-wola-500\/#primaryimage\"},\"image\":{\"@id\":\"https:\/\/exparto.pl\/sk\/produkt\/hydraulicka-vlozka-wh1065x-huta-stalowa-wola-500\/#primaryimage\"},\"thumbnailUrl\":\"https:\/\/exparto.pl\/wp-content\/uploads\/2023\/10\/72f4a8691b88beaf85a40867f7b89cb3.jpg\",\"datePublished\":\"2023-10-06T13:36:34+00:00\",\"breadcrumb\":{\"@id\":\"https:\/\/exparto.pl\/sk\/produkt\/hydraulicka-vlozka-wh1065x-huta-stalowa-wola-500\/#breadcrumb\"},\"inLanguage\":\"sk-SK\",\"potentialAction\":[{\"@type\":\"ReadAction\",\"target\":[\"https:\/\/exparto.pl\/sk\/produkt\/hydraulicka-vlozka-wh1065x-huta-stalowa-wola-500\/\"]}]},{\"@type\":\"ImageObject\",\"inLanguage\":\"sk-SK\",\"@id\":\"https:\/\/exparto.pl\/sk\/produkt\/hydraulicka-vlozka-wh1065x-huta-stalowa-wola-500\/#primaryimage\",\"url\":\"https:\/\/exparto.pl\/wp-content\/uploads\/2023\/10\/72f4a8691b88beaf85a40867f7b89cb3.jpg\",\"contentUrl\":\"https:\/\/exparto.pl\/wp-content\/uploads\/2023\/10\/72f4a8691b88beaf85a40867f7b89cb3.jpg\",\"width\":1000,\"height\":1000},{\"@type\":\"BreadcrumbList\",\"@id\":\"https:\/\/exparto.pl\/sk\/produkt\/hydraulicka-vlozka-wh1065x-huta-stalowa-wola-500\/#breadcrumb\",\"itemListElement\":[{\"@type\":\"ListItem\",\"position\":1,\"name\":\"Domovsk\u00e1 str\u00e1nka\",\"item\":\"https:\/\/exparto.pl\/sk\/domovska-stranka\/\"},{\"@type\":\"ListItem\",\"position\":2,\"name\":\"Sklep\",\"item\":\"https:\/\/exparto.pl\/sklep\/\"},{\"@type\":\"ListItem\",\"position\":3,\"name\":\"Filtre\",\"item\":\"https:\/\/exparto.pl\/sk\/kategoria-produktov\/filtre-sk\/\"},{\"@type\":\"ListItem\",\"position\":4,\"name\":\"Hydraulick\u00e1 vlo\u017eka &#8211; WH1065X HUTA STALOWA WOLA 500\"}]},{\"@type\":\"WebSite\",\"@id\":\"https:\/\/exparto.pl\/sk\/#website\",\"url\":\"https:\/\/exparto.pl\/sk\/\",\"name\":\"EXPARTO\",\"description\":\"More than agro parts\",\"publisher\":{\"@id\":\"https:\/\/exparto.pl\/sk\/#organization\"},\"potentialAction\":[{\"@type\":\"SearchAction\",\"target\":{\"@type\":\"EntryPoint\",\"urlTemplate\":\"https:\/\/exparto.pl\/sk\/?s={search_term_string}\"},\"query-input\":{\"@type\":\"PropertyValueSpecification\",\"valueRequired\":true,\"valueName\":\"search_term_string\"}}],\"inLanguage\":\"sk-SK\"},{\"@type\":\"Organization\",\"@id\":\"https:\/\/exparto.pl\/sk\/#organization\",\"name\":\"EXPARTO\",\"url\":\"https:\/\/exparto.pl\/sk\/\",\"logo\":{\"@type\":\"ImageObject\",\"inLanguage\":\"sk-SK\",\"@id\":\"https:\/\/exparto.pl\/sk\/#\/schema\/logo\/image\/\",\"url\":\"https:\/\/exparto.pl\/wp-content\/uploads\/2023\/02\/logo-wektor.png\",\"contentUrl\":\"https:\/\/exparto.pl\/wp-content\/uploads\/2023\/02\/logo-wektor.png\",\"width\":1338,\"height\":143,\"caption\":\"EXPARTO\"},\"image\":{\"@id\":\"https:\/\/exparto.pl\/sk\/#\/schema\/logo\/image\/\"},\"sameAs\":[\"https:\/\/www.facebook.com\/exparto.agro\/\"]}]}<\/script>\n<!-- \/ Yoast SEO plugin. -->","yoast_head_json":{"title":"Hydraulick\u00e1 vlo\u017eka - WH1065X HUTA STALOWA WOLA 500 - Exparto.pl","robots":{"index":"index","follow":"follow","max-snippet":"max-snippet:-1","max-image-preview":"max-image-preview:large","max-video-preview":"max-video-preview:-1"},"canonical":"https:\/\/exparto.pl\/sk\/produkt\/hydraulicka-vlozka-wh1065x-huta-stalowa-wola-500\/","og_locale":"sk_SK","og_type":"article","og_title":"Hydraulick\u00e1 vlo\u017eka - WH1065X HUTA STALOWA WOLA 500 - Exparto.pl","og_description":"Hydraulick\u00e1 vlo\u017eka - WH1065X HUTA STALOWA WOLA 500","og_url":"https:\/\/exparto.pl\/sk\/produkt\/hydraulicka-vlozka-wh1065x-huta-stalowa-wola-500\/","og_site_name":"Exparto.pl","article_publisher":"https:\/\/www.facebook.com\/exparto.agro\/","og_image":[{"width":1000,"height":1000,"url":"https:\/\/exparto.pl\/wp-content\/uploads\/2023\/10\/72f4a8691b88beaf85a40867f7b89cb3.jpg","type":"image\/jpeg"}],"twitter_card":"summary_large_image","schema":{"@context":"https:\/\/schema.org","@graph":[{"@type":"WebPage","@id":"https:\/\/exparto.pl\/sk\/produkt\/hydraulicka-vlozka-wh1065x-huta-stalowa-wola-500\/","url":"https:\/\/exparto.pl\/sk\/produkt\/hydraulicka-vlozka-wh1065x-huta-stalowa-wola-500\/","name":"Hydraulick\u00e1 vlo\u017eka - WH1065X HUTA STALOWA WOLA 500 - Exparto.pl","isPartOf":{"@id":"https:\/\/exparto.pl\/sk\/#website"},"primaryImageOfPage":{"@id":"https:\/\/exparto.pl\/sk\/produkt\/hydraulicka-vlozka-wh1065x-huta-stalowa-wola-500\/#primaryimage"},"image":{"@id":"https:\/\/exparto.pl\/sk\/produkt\/hydraulicka-vlozka-wh1065x-huta-stalowa-wola-500\/#primaryimage"},"thumbnailUrl":"https:\/\/exparto.pl\/wp-content\/uploads\/2023\/10\/72f4a8691b88beaf85a40867f7b89cb3.jpg","datePublished":"2023-10-06T13:36:34+00:00","breadcrumb":{"@id":"https:\/\/exparto.pl\/sk\/produkt\/hydraulicka-vlozka-wh1065x-huta-stalowa-wola-500\/#breadcrumb"},"inLanguage":"sk-SK","potentialAction":[{"@type":"ReadAction","target":["https:\/\/exparto.pl\/sk\/produkt\/hydraulicka-vlozka-wh1065x-huta-stalowa-wola-500\/"]}]},{"@type":"ImageObject","inLanguage":"sk-SK","@id":"https:\/\/exparto.pl\/sk\/produkt\/hydraulicka-vlozka-wh1065x-huta-stalowa-wola-500\/#primaryimage","url":"https:\/\/exparto.pl\/wp-content\/uploads\/2023\/10\/72f4a8691b88beaf85a40867f7b89cb3.jpg","contentUrl":"https:\/\/exparto.pl\/wp-content\/uploads\/2023\/10\/72f4a8691b88beaf85a40867f7b89cb3.jpg","width":1000,"height":1000},{"@type":"BreadcrumbList","@id":"https:\/\/exparto.pl\/sk\/produkt\/hydraulicka-vlozka-wh1065x-huta-stalowa-wola-500\/#breadcrumb","itemListElement":[{"@type":"ListItem","position":1,"name":"Domovsk\u00e1 str\u00e1nka","item":"https:\/\/exparto.pl\/sk\/domovska-stranka\/"},{"@type":"ListItem","position":2,"name":"Sklep","item":"https:\/\/exparto.pl\/sklep\/"},{"@type":"ListItem","position":3,"name":"Filtre","item":"https:\/\/exparto.pl\/sk\/kategoria-produktov\/filtre-sk\/"},{"@type":"ListItem","position":4,"name":"Hydraulick\u00e1 vlo\u017eka &#8211; WH1065X HUTA STALOWA WOLA 500"}]},{"@type":"WebSite","@id":"https:\/\/exparto.pl\/sk\/#website","url":"https:\/\/exparto.pl\/sk\/","name":"EXPARTO","description":"More than agro parts","publisher":{"@id":"https:\/\/exparto.pl\/sk\/#organization"},"potentialAction":[{"@type":"SearchAction","target":{"@type":"EntryPoint","urlTemplate":"https:\/\/exparto.pl\/sk\/?s={search_term_string}"},"query-input":{"@type":"PropertyValueSpecification","valueRequired":true,"valueName":"search_term_string"}}],"inLanguage":"sk-SK"},{"@type":"Organization","@id":"https:\/\/exparto.pl\/sk\/#organization","name":"EXPARTO","url":"https:\/\/exparto.pl\/sk\/","logo":{"@type":"ImageObject","inLanguage":"sk-SK","@id":"https:\/\/exparto.pl\/sk\/#\/schema\/logo\/image\/","url":"https:\/\/exparto.pl\/wp-content\/uploads\/2023\/02\/logo-wektor.png","contentUrl":"https:\/\/exparto.pl\/wp-content\/uploads\/2023\/02\/logo-wektor.png","width":1338,"height":143,"caption":"EXPARTO"},"image":{"@id":"https:\/\/exparto.pl\/sk\/#\/schema\/logo\/image\/"},"sameAs":["https:\/\/www.facebook.com\/exparto.agro\/"]}]}},"_links":{"self":[{"href":"https:\/\/exparto.pl\/sk\/wp-json\/wp\/v2\/product\/11959","targetHints":{"allow":["GET"]}}],"collection":[{"href":"https:\/\/exparto.pl\/sk\/wp-json\/wp\/v2\/product"}],"about":[{"href":"https:\/\/exparto.pl\/sk\/wp-json\/wp\/v2\/types\/product"}],"replies":[{"embeddable":true,"href":"https:\/\/exparto.pl\/sk\/wp-json\/wp\/v2\/comments?post=11959"}],"wp:featuredmedia":[{"embeddable":true,"href":"https:\/\/exparto.pl\/sk\/wp-json\/wp\/v2\/media\/11960"}],"wp:attachment":[{"href":"https:\/\/exparto.pl\/sk\/wp-json\/wp\/v2\/media?parent=11959"}],"wp:term":[{"taxonomy":"product_brand","embeddable":true,"href":"https:\/\/exparto.pl\/sk\/wp-json\/wp\/v2\/product_brand?post=11959"},{"taxonomy":"product_cat","embeddable":true,"href":"https:\/\/exparto.pl\/sk\/wp-json\/wp\/v2\/product_cat?post=11959"},{"taxonomy":"product_tag","embeddable":true,"href":"https:\/\/exparto.pl\/sk\/wp-json\/wp\/v2\/product_tag?post=11959"}],"curies":[{"name":"wp","href":"https:\/\/api.w.org\/{rel}","templated":true}]}}