{"id":11994,"date":"2023-10-06T13:44:26","date_gmt":"2023-10-06T11:44:26","guid":{"rendered":"https:\/\/exparto.pl\/produkt\/prvok-palivoveho-filtra-wp114x-class-new-holland\/"},"modified":"2023-10-06T13:44:26","modified_gmt":"2023-10-06T11:44:26","slug":"vlozenie-palivoveho-filtra-wp114x-class-new-holland","status":"publish","type":"product","link":"https:\/\/exparto.pl\/sk\/produkt\/vlozenie-palivoveho-filtra-wp114x-class-new-holland\/","title":{"rendered":"Prvok palivov\u00e9ho filtra &#8211; WP114X CLASS, NEW HOLLAND"},"content":{"rendered":"<p style=\"text-align: justify\"><b>Pou\u017eitie filtra:<\/b><\/p>\n<ul>\n<li style=\"text-align: justify\">TRIEDA &#8211; COMMANDOR 114CS, 115CS, 116CS, 228CS<\/li>\n<li style=\"text-align: justify\">TRIEDA &#8211; COSAR, COSMOS<\/li>\n<li style=\"text-align: justify\">TRIEDA &#8211; DOMINATOR 105, 106, 106SL, 108 VX, 108 SL, 114CS, 115CS, 116CS, 118SL, 96, 98SL<\/li>\n<li style=\"text-align: justify\">TRIEDA &#8211; JAGUAR<\/li>\n<li style=\"text-align: justify\">TRIEDA &#8211; LEXION<\/li>\n<li style=\"text-align: justify\">TRIEDA &#8211; MEGA<\/li>\n<li style=\"text-align: justify\">NEW HOLLAND &#8211; S\u00c9RIA 1500 1550<\/li>\n<li style=\"text-align: justify\">NEW HOLLAND &#8211; S\u00c9RIA 8000 8050, 8060, 8070, 8080<\/li>\n<li style=\"text-align: justify\">NEW HOLLAND &#8211; S\u00c9RIA TF TF44<\/li>\n<\/ul>\n<div style=\"text-align: justify\"><span style=\"font-weight: bold\">Porovn\u00e1vacie \u010d\u00edsla \/ N\u00e1hrady:<\/span><\/div>\n<div style=\"text-align: justify\"><span style=\"font-weight: bold\"> <\/span><\/div>\n<div style=\"text-align: justify\">\n<div>\n<ul>\n<li>NEOPLAN 511250303<\/li>\n<li>LIEBHERR 5507700, 5507702, 7402855, 5507702-08, 7001222, 5502259<\/li>\n<li>FLEETGUARD FF4033, FF5054<\/li>\n<li>KNECHT\/MAHLE FR4, KX27D, KX65D, KX65DECO, B404, B404-100M1, B404C, B404C-100M1, B404F, FR4D, KX44<\/li>\n<li>FILTRON PW823, PW809<\/li>\n<li>MANN-FILTER BFU811, BFU900x, BF811, BF900X, BF811X<\/li>\n<li>DEUTZ (KHD) 1160034, 1168408, 1181060, 9951042, C1H4115K, R1H4115K, W1H4115, 1168409, 1289048, 1168407, R1H4115<\/li>\n<li>VOLVO 76648, 25527, 78828<\/li>\n<li>CLARK 4119217<\/li>\n<li>BALDWIN F878-F, F950F<\/li>\n<li>HENGST E10KFR4D10, E10KFRD10, D10E10KFR4, D10E10KFR2, E10KF, E10KFR, E10KPF1, D10E10KFR<\/li>\n<li>ASTRA 38136<\/li>\n<li>CLAAS 0001336021, 01336020, 01336021, 133035, 133602, 01330350<\/li>\n<li>MERCEDES-BENZ 0000901451, 4220900051, 4220920005, 4220920105, 4220920205, 0004773115, 0004773215<\/li>\n<li>RENAULT TRUCKS 4125030024, 5000031068<\/li>\n<li>UFI 21.062.00, 21.051.00<\/li>\n<li>HANOMAG 4220900051<\/li>\n<li>HYUNDAI CONSTRUCTION 65125035002<\/li>\n<li>KAYELBLE 40002049<\/li>\n<li>WIRTGEN 33023<\/li>\n<li>SOFIMA S2162N, S0201N<\/li>\n<li>BOSCH 1457429354, N9354, 9455160330, FJSJ16S13Z, PSJ15\/3Z, FJSJ16U23Z, 9879993016, 1457431020, 1457431021, 1457431144, 1457431156, 1457431159, 1457431190, 0986450703<\/li>\n<li>CHAMPION L140<\/li>\n<li>COOPERS AZF465<\/li>\n<li>CROSLAND 4007, 107, 4007K<\/li>\n<li>DEMAG 688739<\/li>\n<li>FIAAM FC1495B, FA4161, FC1495, FC1495C<\/li>\n<li>FRAM C11863Z, C11861Z<\/li>\n<li>MECAFILTER ELG5501<\/li>\n<li>PBR AG101301<\/li>\n<li>PURFLUX C417, C188<\/li>\n<li>PUROLATOR F13014, PF454, PZ454, F57454<\/li>\n<li>TECNOCAR N1020<\/li>\n<li>M\u00c4SO &amp; DORIA 4231<\/li>\n<li>WOODGATE WGF900X<\/li>\n<li>FILTER UNICO EFF8145X<\/li>\n<li>DONALDSON P55-0349, P77-9317, P55-0061, P550489<\/li>\n<li>AGIP PETROLI 413<\/li>\n<li>DONIT 41.20.08<\/li>\n<li>LUCAS 7176\/499, HDF499<\/li>\n<li>SF-FILTER (SCHUPP) SK3953<\/li>\n<li>LUBER FINER LFF5825<\/li>\n<li>MONARK 030784354<\/li>\n<li>COOPERSFIAAM FC1495B<\/li>\n<li>SOGEFIPRO FC1495B<\/li>\n<li>ALCO FILTRE MD105\/1<\/li>\n<li>C.A.V. 7031\/105, 7031\/57<\/li>\n<li>\u010cIST\u00c9 FILTRE MG089<\/li>\n<li>FORD 5004785<\/li>\n<li>IKARUS KMG71.223-3000<\/li>\n<li>IVECO 1289048, 1160034, 1168407<\/li>\n<li>LIAZ 397968206<\/li>\n<li>MANN-JIPAP Ph14, Ph4<\/li>\n<li>MASSEY-FERGUSON 2914220M1<\/li>\n<li>MOTORCRAFT EFG30, EFG66<\/li>\n<li>MTU 11225042001<\/li>\n<li>RENAULT 24866064<\/li>\n<li>SAVARA SN066, 9.20.066.17<\/li>\n<li>TERMOKING 11-1691<\/li>\n<li>WF-PZL WP10-4, WP10-5<\/li>\n<li>ZM-WOLF 5.957.112.0<\/li>\n<li>HIFI FILTER SN 066<\/li>\n<li>EXMOT WP-085-Fx<\/li>\n<li>DENCKERMANN A120182<\/li>\n<\/ul>\n<\/div>\n<\/div>\n","protected":false},"excerpt":{"rendered":"<p style=\"text-align: justify\">Prvok palivov\u00e9ho filtra &#8211; WP114X CLASS, NEW HOLLAND<\/p>\n","protected":false},"featured_media":11995,"comment_status":"open","ping_status":"closed","template":"","meta":{"_acf_changed":false,"inline_featured_image":false},"product_brand":[],"product_cat":[494,532],"product_tag":[],"class_list":{"0":"post-11994","1":"product","2":"type-product","3":"status-publish","4":"has-post-thumbnail","6":"product_cat-filtre-sk","7":"product_cat-vlozka-palivoveho-filtra","9":"first","10":"instock","11":"taxable","12":"shipping-taxable","13":"purchasable","14":"product-type-simple"},"acf":[],"yoast_head":"<!-- This site is optimized with the Yoast SEO plugin v27.4 - https:\/\/yoast.com\/product\/yoast-seo-wordpress\/ -->\n<title>Prvok palivov\u00e9ho filtra - WP114X CLASS, NEW HOLLAND - Exparto.pl<\/title>\n<meta name=\"robots\" content=\"index, follow, max-snippet:-1, max-image-preview:large, max-video-preview:-1\" \/>\n<link rel=\"canonical\" href=\"https:\/\/exparto.pl\/sk\/produkt\/vlozenie-palivoveho-filtra-wp114x-class-new-holland\/\" \/>\n<meta property=\"og:locale\" content=\"sk_SK\" \/>\n<meta property=\"og:type\" content=\"article\" \/>\n<meta property=\"og:title\" content=\"Prvok palivov\u00e9ho filtra - WP114X CLASS, NEW HOLLAND - Exparto.pl\" \/>\n<meta property=\"og:description\" content=\"Prvok palivov\u00e9ho filtra - WP114X CLASS, NEW HOLLAND\" \/>\n<meta property=\"og:url\" content=\"https:\/\/exparto.pl\/sk\/produkt\/vlozenie-palivoveho-filtra-wp114x-class-new-holland\/\" \/>\n<meta property=\"og:site_name\" content=\"Exparto.pl\" \/>\n<meta property=\"article:publisher\" content=\"https:\/\/www.facebook.com\/exparto.agro\/\" \/>\n<meta property=\"og:image\" content=\"https:\/\/exparto.pl\/wp-content\/uploads\/2023\/10\/f423e90fff6d0ae06a5634dbeb793ed4.jpg\" \/>\n\t<meta property=\"og:image:width\" content=\"1000\" \/>\n\t<meta property=\"og:image:height\" content=\"1000\" \/>\n\t<meta property=\"og:image:type\" content=\"image\/jpeg\" \/>\n<meta name=\"twitter:card\" content=\"summary_large_image\" \/>\n<meta name=\"twitter:label1\" content=\"Predpokladan\u00fd \u010das \u010d\u00edtania\" \/>\n\t<meta name=\"twitter:data1\" content=\"1 min\u00fata\" \/>\n<script type=\"application\/ld+json\" class=\"yoast-schema-graph\">{\"@context\":\"https:\\\/\\\/schema.org\",\"@graph\":[{\"@type\":\"WebPage\",\"@id\":\"https:\\\/\\\/exparto.pl\\\/sk\\\/produkt\\\/vlozenie-palivoveho-filtra-wp114x-class-new-holland\\\/\",\"url\":\"https:\\\/\\\/exparto.pl\\\/sk\\\/produkt\\\/vlozenie-palivoveho-filtra-wp114x-class-new-holland\\\/\",\"name\":\"Prvok palivov\u00e9ho filtra - WP114X CLASS, NEW HOLLAND - Exparto.pl\",\"isPartOf\":{\"@id\":\"https:\\\/\\\/exparto.pl\\\/sk\\\/#website\"},\"primaryImageOfPage\":{\"@id\":\"https:\\\/\\\/exparto.pl\\\/sk\\\/produkt\\\/vlozenie-palivoveho-filtra-wp114x-class-new-holland\\\/#primaryimage\"},\"image\":{\"@id\":\"https:\\\/\\\/exparto.pl\\\/sk\\\/produkt\\\/vlozenie-palivoveho-filtra-wp114x-class-new-holland\\\/#primaryimage\"},\"thumbnailUrl\":\"https:\\\/\\\/exparto.pl\\\/wp-content\\\/uploads\\\/2023\\\/10\\\/f423e90fff6d0ae06a5634dbeb793ed4.jpg\",\"datePublished\":\"2023-10-06T11:44:26+00:00\",\"breadcrumb\":{\"@id\":\"https:\\\/\\\/exparto.pl\\\/sk\\\/produkt\\\/vlozenie-palivoveho-filtra-wp114x-class-new-holland\\\/#breadcrumb\"},\"inLanguage\":\"sk-SK\",\"potentialAction\":[{\"@type\":\"ReadAction\",\"target\":[\"https:\\\/\\\/exparto.pl\\\/sk\\\/produkt\\\/vlozenie-palivoveho-filtra-wp114x-class-new-holland\\\/\"]}]},{\"@type\":\"ImageObject\",\"inLanguage\":\"sk-SK\",\"@id\":\"https:\\\/\\\/exparto.pl\\\/sk\\\/produkt\\\/vlozenie-palivoveho-filtra-wp114x-class-new-holland\\\/#primaryimage\",\"url\":\"https:\\\/\\\/exparto.pl\\\/wp-content\\\/uploads\\\/2023\\\/10\\\/f423e90fff6d0ae06a5634dbeb793ed4.jpg\",\"contentUrl\":\"https:\\\/\\\/exparto.pl\\\/wp-content\\\/uploads\\\/2023\\\/10\\\/f423e90fff6d0ae06a5634dbeb793ed4.jpg\",\"width\":1000,\"height\":1000},{\"@type\":\"BreadcrumbList\",\"@id\":\"https:\\\/\\\/exparto.pl\\\/sk\\\/produkt\\\/vlozenie-palivoveho-filtra-wp114x-class-new-holland\\\/#breadcrumb\",\"itemListElement\":[{\"@type\":\"ListItem\",\"position\":1,\"name\":\"Domovsk\u00e1 str\u00e1nka\",\"item\":\"https:\\\/\\\/exparto.pl\\\/sk\\\/domovska-stranka\\\/\"},{\"@type\":\"ListItem\",\"position\":2,\"name\":\"Sklep\",\"item\":\"https:\\\/\\\/exparto.pl\\\/sklep\\\/\"},{\"@type\":\"ListItem\",\"position\":3,\"name\":\"Vlo\u017eka palivov\u00e9ho filtra\",\"item\":\"https:\\\/\\\/exparto.pl\\\/sk\\\/kategoria-produktov\\\/filtre-sk\\\/vlozka-palivoveho-filtra\\\/\"},{\"@type\":\"ListItem\",\"position\":4,\"name\":\"Prvok palivov\u00e9ho filtra &#8211; WP114X CLASS, NEW HOLLAND\"}]},{\"@type\":\"WebSite\",\"@id\":\"https:\\\/\\\/exparto.pl\\\/sk\\\/#website\",\"url\":\"https:\\\/\\\/exparto.pl\\\/sk\\\/\",\"name\":\"EXPARTO\",\"description\":\"More than agro parts\",\"publisher\":{\"@id\":\"https:\\\/\\\/exparto.pl\\\/sk\\\/#organization\"},\"potentialAction\":[{\"@type\":\"SearchAction\",\"target\":{\"@type\":\"EntryPoint\",\"urlTemplate\":\"https:\\\/\\\/exparto.pl\\\/sk\\\/?s={search_term_string}\"},\"query-input\":{\"@type\":\"PropertyValueSpecification\",\"valueRequired\":true,\"valueName\":\"search_term_string\"}}],\"inLanguage\":\"sk-SK\"},{\"@type\":\"Organization\",\"@id\":\"https:\\\/\\\/exparto.pl\\\/sk\\\/#organization\",\"name\":\"EXPARTO\",\"url\":\"https:\\\/\\\/exparto.pl\\\/sk\\\/\",\"logo\":{\"@type\":\"ImageObject\",\"inLanguage\":\"sk-SK\",\"@id\":\"https:\\\/\\\/exparto.pl\\\/sk\\\/#\\\/schema\\\/logo\\\/image\\\/\",\"url\":\"https:\\\/\\\/exparto.pl\\\/wp-content\\\/uploads\\\/2023\\\/02\\\/logo-wektor.png\",\"contentUrl\":\"https:\\\/\\\/exparto.pl\\\/wp-content\\\/uploads\\\/2023\\\/02\\\/logo-wektor.png\",\"width\":1338,\"height\":143,\"caption\":\"EXPARTO\"},\"image\":{\"@id\":\"https:\\\/\\\/exparto.pl\\\/sk\\\/#\\\/schema\\\/logo\\\/image\\\/\"},\"sameAs\":[\"https:\\\/\\\/www.facebook.com\\\/exparto.agro\\\/\"]}]}<\/script>\n<!-- \/ Yoast SEO plugin. -->","yoast_head_json":{"title":"Prvok palivov\u00e9ho filtra - WP114X CLASS, NEW HOLLAND - Exparto.pl","robots":{"index":"index","follow":"follow","max-snippet":"max-snippet:-1","max-image-preview":"max-image-preview:large","max-video-preview":"max-video-preview:-1"},"canonical":"https:\/\/exparto.pl\/sk\/produkt\/vlozenie-palivoveho-filtra-wp114x-class-new-holland\/","og_locale":"sk_SK","og_type":"article","og_title":"Prvok palivov\u00e9ho filtra - WP114X CLASS, NEW HOLLAND - Exparto.pl","og_description":"Prvok palivov\u00e9ho filtra - WP114X CLASS, NEW HOLLAND","og_url":"https:\/\/exparto.pl\/sk\/produkt\/vlozenie-palivoveho-filtra-wp114x-class-new-holland\/","og_site_name":"Exparto.pl","article_publisher":"https:\/\/www.facebook.com\/exparto.agro\/","og_image":[{"width":1000,"height":1000,"url":"https:\/\/exparto.pl\/wp-content\/uploads\/2023\/10\/f423e90fff6d0ae06a5634dbeb793ed4.jpg","type":"image\/jpeg"}],"twitter_card":"summary_large_image","twitter_misc":{"Predpokladan\u00fd \u010das \u010d\u00edtania":"1 min\u00fata"},"schema":{"@context":"https:\/\/schema.org","@graph":[{"@type":"WebPage","@id":"https:\/\/exparto.pl\/sk\/produkt\/vlozenie-palivoveho-filtra-wp114x-class-new-holland\/","url":"https:\/\/exparto.pl\/sk\/produkt\/vlozenie-palivoveho-filtra-wp114x-class-new-holland\/","name":"Prvok palivov\u00e9ho filtra - WP114X CLASS, NEW HOLLAND - Exparto.pl","isPartOf":{"@id":"https:\/\/exparto.pl\/sk\/#website"},"primaryImageOfPage":{"@id":"https:\/\/exparto.pl\/sk\/produkt\/vlozenie-palivoveho-filtra-wp114x-class-new-holland\/#primaryimage"},"image":{"@id":"https:\/\/exparto.pl\/sk\/produkt\/vlozenie-palivoveho-filtra-wp114x-class-new-holland\/#primaryimage"},"thumbnailUrl":"https:\/\/exparto.pl\/wp-content\/uploads\/2023\/10\/f423e90fff6d0ae06a5634dbeb793ed4.jpg","datePublished":"2023-10-06T11:44:26+00:00","breadcrumb":{"@id":"https:\/\/exparto.pl\/sk\/produkt\/vlozenie-palivoveho-filtra-wp114x-class-new-holland\/#breadcrumb"},"inLanguage":"sk-SK","potentialAction":[{"@type":"ReadAction","target":["https:\/\/exparto.pl\/sk\/produkt\/vlozenie-palivoveho-filtra-wp114x-class-new-holland\/"]}]},{"@type":"ImageObject","inLanguage":"sk-SK","@id":"https:\/\/exparto.pl\/sk\/produkt\/vlozenie-palivoveho-filtra-wp114x-class-new-holland\/#primaryimage","url":"https:\/\/exparto.pl\/wp-content\/uploads\/2023\/10\/f423e90fff6d0ae06a5634dbeb793ed4.jpg","contentUrl":"https:\/\/exparto.pl\/wp-content\/uploads\/2023\/10\/f423e90fff6d0ae06a5634dbeb793ed4.jpg","width":1000,"height":1000},{"@type":"BreadcrumbList","@id":"https:\/\/exparto.pl\/sk\/produkt\/vlozenie-palivoveho-filtra-wp114x-class-new-holland\/#breadcrumb","itemListElement":[{"@type":"ListItem","position":1,"name":"Domovsk\u00e1 str\u00e1nka","item":"https:\/\/exparto.pl\/sk\/domovska-stranka\/"},{"@type":"ListItem","position":2,"name":"Sklep","item":"https:\/\/exparto.pl\/sklep\/"},{"@type":"ListItem","position":3,"name":"Vlo\u017eka palivov\u00e9ho filtra","item":"https:\/\/exparto.pl\/sk\/kategoria-produktov\/filtre-sk\/vlozka-palivoveho-filtra\/"},{"@type":"ListItem","position":4,"name":"Prvok palivov\u00e9ho filtra &#8211; WP114X CLASS, NEW HOLLAND"}]},{"@type":"WebSite","@id":"https:\/\/exparto.pl\/sk\/#website","url":"https:\/\/exparto.pl\/sk\/","name":"EXPARTO","description":"More than agro parts","publisher":{"@id":"https:\/\/exparto.pl\/sk\/#organization"},"potentialAction":[{"@type":"SearchAction","target":{"@type":"EntryPoint","urlTemplate":"https:\/\/exparto.pl\/sk\/?s={search_term_string}"},"query-input":{"@type":"PropertyValueSpecification","valueRequired":true,"valueName":"search_term_string"}}],"inLanguage":"sk-SK"},{"@type":"Organization","@id":"https:\/\/exparto.pl\/sk\/#organization","name":"EXPARTO","url":"https:\/\/exparto.pl\/sk\/","logo":{"@type":"ImageObject","inLanguage":"sk-SK","@id":"https:\/\/exparto.pl\/sk\/#\/schema\/logo\/image\/","url":"https:\/\/exparto.pl\/wp-content\/uploads\/2023\/02\/logo-wektor.png","contentUrl":"https:\/\/exparto.pl\/wp-content\/uploads\/2023\/02\/logo-wektor.png","width":1338,"height":143,"caption":"EXPARTO"},"image":{"@id":"https:\/\/exparto.pl\/sk\/#\/schema\/logo\/image\/"},"sameAs":["https:\/\/www.facebook.com\/exparto.agro\/"]}]}},"_links":{"self":[{"href":"https:\/\/exparto.pl\/sk\/wp-json\/wp\/v2\/product\/11994","targetHints":{"allow":["GET"]}}],"collection":[{"href":"https:\/\/exparto.pl\/sk\/wp-json\/wp\/v2\/product"}],"about":[{"href":"https:\/\/exparto.pl\/sk\/wp-json\/wp\/v2\/types\/product"}],"replies":[{"embeddable":true,"href":"https:\/\/exparto.pl\/sk\/wp-json\/wp\/v2\/comments?post=11994"}],"wp:featuredmedia":[{"embeddable":true,"href":"https:\/\/exparto.pl\/sk\/wp-json\/wp\/v2\/media\/11995"}],"wp:attachment":[{"href":"https:\/\/exparto.pl\/sk\/wp-json\/wp\/v2\/media?parent=11994"}],"wp:term":[{"taxonomy":"product_brand","embeddable":true,"href":"https:\/\/exparto.pl\/sk\/wp-json\/wp\/v2\/product_brand?post=11994"},{"taxonomy":"product_cat","embeddable":true,"href":"https:\/\/exparto.pl\/sk\/wp-json\/wp\/v2\/product_cat?post=11994"},{"taxonomy":"product_tag","embeddable":true,"href":"https:\/\/exparto.pl\/sk\/wp-json\/wp\/v2\/product_tag?post=11994"}],"curies":[{"name":"wp","href":"https:\/\/api.w.org\/{rel}","templated":true}]}}