{"id":12020,"date":"2023-10-06T15:36:55","date_gmt":"2023-10-06T13:36:55","guid":{"rendered":"https:\/\/exparto.pl\/produkt\/hydraulicka-vlozka-wh337010a-case-ih\/"},"modified":"2023-10-06T15:36:55","modified_gmt":"2023-10-06T13:36:55","slug":"hydraulic-insert-wh337010a-case-ih","status":"publish","type":"product","link":"https:\/\/exparto.pl\/sk\/produkt\/hydraulic-insert-wh337010a-case-ih\/","title":{"rendered":"Hydraulick\u00e1 vlo\u017eka &#8211; WH337010A CASE IH"},"content":{"rendered":"<p style=\"text-align: justify\"><b>Pou\u017eitie filtra:<\/b><\/p>\n<ul>\n<li style=\"text-align: justify\">CASE IH &#8211; S\u00c9RIA 900 988<\/li>\n<li style=\"text-align: justify\">CASE IH &#8211; FARMALL<\/li>\n<li style=\"text-align: justify\">CASE IH &#8211; S\u00c9RIA JX<\/li>\n<li style=\"text-align: justify\">PR\u00cdPAD IH &#8211; S\u00c9RIA JXU<\/li>\n<li style=\"text-align: justify\">PR\u00cdPAD IH &#8211; QUANTUM<\/li>\n<li style=\"text-align: justify\">MASSEY FERGUSON &#8211; S\u00c9RIA 3600<\/li>\n<li style=\"text-align: justify\">NEW HOLLAND &#8211; S\u00c9RIA T4\/T4000, S\u00c9RIA T5, S\u00c9RIA T5000<\/li>\n<li style=\"text-align: justify\">NEW HOLLAND &#8211; S\u00c9RIA TD5, TD5000, TL\/TL-A<\/li>\n<li style=\"text-align: justify\">NEW HOLLAND &#8211; TN\/TND\/TNF\/TNS\/TNN\/TNV &#8211; S\u00c9RIA<\/li>\n<\/ul>\n<div style=\"text-align: justify\"><span style=\"font-weight: bold\">Porovn\u00e1vacie \u010d\u00edsla \/ N\u00e1hrady:<\/span><\/div>\n<div style=\"text-align: justify\"><span style=\"font-weight: bold\"> <\/span><\/div>\n<div style=\"text-align: justify\">\n<div>\n<ul>\n<li>KON\u0160TRUKCIA PR\u00cdPADU: V 29505-28, N-31506,<\/li>\n<li>PR\u00cdPAD IH: 47128208, 5194879, 1931177,<\/li>\n<li>J.C.BAMFORD: 69\/000084,<\/li>\n<li>LANDINI: 3556455 M1,<\/li>\n<li>NEW HOLLAND: 5194879, 5178100,<\/li>\n<li>POCLAIN: V 29505-28,<\/li>\n<li>STEYR: 5194879, 5178100,<\/li>\n<li>BALDWIN: PT8895-MPG,<\/li>\n<li>MANN: HD509,<\/li>\n<li>FLEETGUARD: HF30196,<\/li>\n<\/ul>\n<\/div>\n<\/div>\n","protected":false},"excerpt":{"rendered":"<p style=\"text-align: justify\">Hydraulick\u00e1 vlo\u017eka &#8211; WH337010A CASE IH<\/p>\n","protected":false},"featured_media":12021,"comment_status":"open","ping_status":"closed","template":"","meta":{"_acf_changed":false,"inline_featured_image":false},"product_brand":[],"product_cat":[494,511],"product_tag":[],"class_list":{"0":"post-12020","1":"product","2":"type-product","3":"status-publish","4":"has-post-thumbnail","6":"product_cat-filtre-sk","7":"product_cat-hydraulicka-vlozka","9":"first","10":"instock","11":"taxable","12":"shipping-taxable","13":"purchasable","14":"product-type-simple"},"acf":[],"yoast_head":"<!-- This site is optimized with the Yoast SEO plugin v27.3 - https:\/\/yoast.com\/product\/yoast-seo-wordpress\/ -->\n<title>Hydraulick\u00e1 vlo\u017eka - WH337010A CASE IH - Exparto.pl<\/title>\n<meta name=\"robots\" content=\"index, follow, max-snippet:-1, max-image-preview:large, max-video-preview:-1\" \/>\n<link rel=\"canonical\" href=\"https:\/\/exparto.pl\/sk\/produkt\/hydraulic-insert-wh337010a-case-ih\/\" \/>\n<meta property=\"og:locale\" content=\"sk_SK\" \/>\n<meta property=\"og:type\" content=\"article\" \/>\n<meta property=\"og:title\" content=\"Hydraulick\u00e1 vlo\u017eka - WH337010A CASE IH - Exparto.pl\" \/>\n<meta property=\"og:description\" content=\"Hydraulick\u00e1 vlo\u017eka - WH337010A CASE IH\" \/>\n<meta property=\"og:url\" content=\"https:\/\/exparto.pl\/sk\/produkt\/hydraulic-insert-wh337010a-case-ih\/\" \/>\n<meta property=\"og:site_name\" content=\"Exparto.pl\" \/>\n<meta property=\"article:publisher\" content=\"https:\/\/www.facebook.com\/exparto.agro\/\" \/>\n<meta property=\"og:image\" content=\"https:\/\/exparto.pl\/wp-content\/uploads\/2023\/10\/60da4ac1559fa742987817e06beafa5e.jpg\" \/>\n\t<meta property=\"og:image:width\" content=\"1000\" \/>\n\t<meta property=\"og:image:height\" content=\"1000\" \/>\n\t<meta property=\"og:image:type\" content=\"image\/jpeg\" \/>\n<meta name=\"twitter:card\" content=\"summary_large_image\" \/>\n<meta name=\"twitter:label1\" content=\"Predpokladan\u00fd \u010das \u010d\u00edtania\" \/>\n\t<meta name=\"twitter:data1\" content=\"1 min\u00fata\" \/>\n<script type=\"application\/ld+json\" class=\"yoast-schema-graph\">{\"@context\":\"https:\\\/\\\/schema.org\",\"@graph\":[{\"@type\":\"WebPage\",\"@id\":\"https:\\\/\\\/exparto.pl\\\/sk\\\/produkt\\\/hydraulic-insert-wh337010a-case-ih\\\/\",\"url\":\"https:\\\/\\\/exparto.pl\\\/sk\\\/produkt\\\/hydraulic-insert-wh337010a-case-ih\\\/\",\"name\":\"Hydraulick\u00e1 vlo\u017eka - WH337010A CASE IH - Exparto.pl\",\"isPartOf\":{\"@id\":\"https:\\\/\\\/exparto.pl\\\/sk\\\/#website\"},\"primaryImageOfPage\":{\"@id\":\"https:\\\/\\\/exparto.pl\\\/sk\\\/produkt\\\/hydraulic-insert-wh337010a-case-ih\\\/#primaryimage\"},\"image\":{\"@id\":\"https:\\\/\\\/exparto.pl\\\/sk\\\/produkt\\\/hydraulic-insert-wh337010a-case-ih\\\/#primaryimage\"},\"thumbnailUrl\":\"https:\\\/\\\/exparto.pl\\\/wp-content\\\/uploads\\\/2023\\\/10\\\/60da4ac1559fa742987817e06beafa5e.jpg\",\"datePublished\":\"2023-10-06T13:36:55+00:00\",\"breadcrumb\":{\"@id\":\"https:\\\/\\\/exparto.pl\\\/sk\\\/produkt\\\/hydraulic-insert-wh337010a-case-ih\\\/#breadcrumb\"},\"inLanguage\":\"sk-SK\",\"potentialAction\":[{\"@type\":\"ReadAction\",\"target\":[\"https:\\\/\\\/exparto.pl\\\/sk\\\/produkt\\\/hydraulic-insert-wh337010a-case-ih\\\/\"]}]},{\"@type\":\"ImageObject\",\"inLanguage\":\"sk-SK\",\"@id\":\"https:\\\/\\\/exparto.pl\\\/sk\\\/produkt\\\/hydraulic-insert-wh337010a-case-ih\\\/#primaryimage\",\"url\":\"https:\\\/\\\/exparto.pl\\\/wp-content\\\/uploads\\\/2023\\\/10\\\/60da4ac1559fa742987817e06beafa5e.jpg\",\"contentUrl\":\"https:\\\/\\\/exparto.pl\\\/wp-content\\\/uploads\\\/2023\\\/10\\\/60da4ac1559fa742987817e06beafa5e.jpg\",\"width\":1000,\"height\":1000},{\"@type\":\"BreadcrumbList\",\"@id\":\"https:\\\/\\\/exparto.pl\\\/sk\\\/produkt\\\/hydraulic-insert-wh337010a-case-ih\\\/#breadcrumb\",\"itemListElement\":[{\"@type\":\"ListItem\",\"position\":1,\"name\":\"Domovsk\u00e1 str\u00e1nka\",\"item\":\"https:\\\/\\\/exparto.pl\\\/sk\\\/domovska-stranka\\\/\"},{\"@type\":\"ListItem\",\"position\":2,\"name\":\"Sklep\",\"item\":\"https:\\\/\\\/exparto.pl\\\/sklep\\\/\"},{\"@type\":\"ListItem\",\"position\":3,\"name\":\"Hydraulick\u00e1 vlo\u017eka\",\"item\":\"https:\\\/\\\/exparto.pl\\\/sk\\\/kategoria-produktov\\\/filtre-sk\\\/hydraulicka-vlozka\\\/\"},{\"@type\":\"ListItem\",\"position\":4,\"name\":\"Hydraulick\u00e1 vlo\u017eka &#8211; WH337010A CASE IH\"}]},{\"@type\":\"WebSite\",\"@id\":\"https:\\\/\\\/exparto.pl\\\/sk\\\/#website\",\"url\":\"https:\\\/\\\/exparto.pl\\\/sk\\\/\",\"name\":\"EXPARTO\",\"description\":\"More than agro parts\",\"publisher\":{\"@id\":\"https:\\\/\\\/exparto.pl\\\/sk\\\/#organization\"},\"potentialAction\":[{\"@type\":\"SearchAction\",\"target\":{\"@type\":\"EntryPoint\",\"urlTemplate\":\"https:\\\/\\\/exparto.pl\\\/sk\\\/?s={search_term_string}\"},\"query-input\":{\"@type\":\"PropertyValueSpecification\",\"valueRequired\":true,\"valueName\":\"search_term_string\"}}],\"inLanguage\":\"sk-SK\"},{\"@type\":\"Organization\",\"@id\":\"https:\\\/\\\/exparto.pl\\\/sk\\\/#organization\",\"name\":\"EXPARTO\",\"url\":\"https:\\\/\\\/exparto.pl\\\/sk\\\/\",\"logo\":{\"@type\":\"ImageObject\",\"inLanguage\":\"sk-SK\",\"@id\":\"https:\\\/\\\/exparto.pl\\\/sk\\\/#\\\/schema\\\/logo\\\/image\\\/\",\"url\":\"https:\\\/\\\/exparto.pl\\\/wp-content\\\/uploads\\\/2023\\\/02\\\/logo-wektor.png\",\"contentUrl\":\"https:\\\/\\\/exparto.pl\\\/wp-content\\\/uploads\\\/2023\\\/02\\\/logo-wektor.png\",\"width\":1338,\"height\":143,\"caption\":\"EXPARTO\"},\"image\":{\"@id\":\"https:\\\/\\\/exparto.pl\\\/sk\\\/#\\\/schema\\\/logo\\\/image\\\/\"},\"sameAs\":[\"https:\\\/\\\/www.facebook.com\\\/exparto.agro\\\/\"]}]}<\/script>\n<!-- \/ Yoast SEO plugin. -->","yoast_head_json":{"title":"Hydraulick\u00e1 vlo\u017eka - WH337010A CASE IH - Exparto.pl","robots":{"index":"index","follow":"follow","max-snippet":"max-snippet:-1","max-image-preview":"max-image-preview:large","max-video-preview":"max-video-preview:-1"},"canonical":"https:\/\/exparto.pl\/sk\/produkt\/hydraulic-insert-wh337010a-case-ih\/","og_locale":"sk_SK","og_type":"article","og_title":"Hydraulick\u00e1 vlo\u017eka - WH337010A CASE IH - Exparto.pl","og_description":"Hydraulick\u00e1 vlo\u017eka - WH337010A CASE IH","og_url":"https:\/\/exparto.pl\/sk\/produkt\/hydraulic-insert-wh337010a-case-ih\/","og_site_name":"Exparto.pl","article_publisher":"https:\/\/www.facebook.com\/exparto.agro\/","og_image":[{"width":1000,"height":1000,"url":"https:\/\/exparto.pl\/wp-content\/uploads\/2023\/10\/60da4ac1559fa742987817e06beafa5e.jpg","type":"image\/jpeg"}],"twitter_card":"summary_large_image","twitter_misc":{"Predpokladan\u00fd \u010das \u010d\u00edtania":"1 min\u00fata"},"schema":{"@context":"https:\/\/schema.org","@graph":[{"@type":"WebPage","@id":"https:\/\/exparto.pl\/sk\/produkt\/hydraulic-insert-wh337010a-case-ih\/","url":"https:\/\/exparto.pl\/sk\/produkt\/hydraulic-insert-wh337010a-case-ih\/","name":"Hydraulick\u00e1 vlo\u017eka - WH337010A CASE IH - Exparto.pl","isPartOf":{"@id":"https:\/\/exparto.pl\/sk\/#website"},"primaryImageOfPage":{"@id":"https:\/\/exparto.pl\/sk\/produkt\/hydraulic-insert-wh337010a-case-ih\/#primaryimage"},"image":{"@id":"https:\/\/exparto.pl\/sk\/produkt\/hydraulic-insert-wh337010a-case-ih\/#primaryimage"},"thumbnailUrl":"https:\/\/exparto.pl\/wp-content\/uploads\/2023\/10\/60da4ac1559fa742987817e06beafa5e.jpg","datePublished":"2023-10-06T13:36:55+00:00","breadcrumb":{"@id":"https:\/\/exparto.pl\/sk\/produkt\/hydraulic-insert-wh337010a-case-ih\/#breadcrumb"},"inLanguage":"sk-SK","potentialAction":[{"@type":"ReadAction","target":["https:\/\/exparto.pl\/sk\/produkt\/hydraulic-insert-wh337010a-case-ih\/"]}]},{"@type":"ImageObject","inLanguage":"sk-SK","@id":"https:\/\/exparto.pl\/sk\/produkt\/hydraulic-insert-wh337010a-case-ih\/#primaryimage","url":"https:\/\/exparto.pl\/wp-content\/uploads\/2023\/10\/60da4ac1559fa742987817e06beafa5e.jpg","contentUrl":"https:\/\/exparto.pl\/wp-content\/uploads\/2023\/10\/60da4ac1559fa742987817e06beafa5e.jpg","width":1000,"height":1000},{"@type":"BreadcrumbList","@id":"https:\/\/exparto.pl\/sk\/produkt\/hydraulic-insert-wh337010a-case-ih\/#breadcrumb","itemListElement":[{"@type":"ListItem","position":1,"name":"Domovsk\u00e1 str\u00e1nka","item":"https:\/\/exparto.pl\/sk\/domovska-stranka\/"},{"@type":"ListItem","position":2,"name":"Sklep","item":"https:\/\/exparto.pl\/sklep\/"},{"@type":"ListItem","position":3,"name":"Hydraulick\u00e1 vlo\u017eka","item":"https:\/\/exparto.pl\/sk\/kategoria-produktov\/filtre-sk\/hydraulicka-vlozka\/"},{"@type":"ListItem","position":4,"name":"Hydraulick\u00e1 vlo\u017eka &#8211; WH337010A CASE IH"}]},{"@type":"WebSite","@id":"https:\/\/exparto.pl\/sk\/#website","url":"https:\/\/exparto.pl\/sk\/","name":"EXPARTO","description":"More than agro parts","publisher":{"@id":"https:\/\/exparto.pl\/sk\/#organization"},"potentialAction":[{"@type":"SearchAction","target":{"@type":"EntryPoint","urlTemplate":"https:\/\/exparto.pl\/sk\/?s={search_term_string}"},"query-input":{"@type":"PropertyValueSpecification","valueRequired":true,"valueName":"search_term_string"}}],"inLanguage":"sk-SK"},{"@type":"Organization","@id":"https:\/\/exparto.pl\/sk\/#organization","name":"EXPARTO","url":"https:\/\/exparto.pl\/sk\/","logo":{"@type":"ImageObject","inLanguage":"sk-SK","@id":"https:\/\/exparto.pl\/sk\/#\/schema\/logo\/image\/","url":"https:\/\/exparto.pl\/wp-content\/uploads\/2023\/02\/logo-wektor.png","contentUrl":"https:\/\/exparto.pl\/wp-content\/uploads\/2023\/02\/logo-wektor.png","width":1338,"height":143,"caption":"EXPARTO"},"image":{"@id":"https:\/\/exparto.pl\/sk\/#\/schema\/logo\/image\/"},"sameAs":["https:\/\/www.facebook.com\/exparto.agro\/"]}]}},"_links":{"self":[{"href":"https:\/\/exparto.pl\/sk\/wp-json\/wp\/v2\/product\/12020","targetHints":{"allow":["GET"]}}],"collection":[{"href":"https:\/\/exparto.pl\/sk\/wp-json\/wp\/v2\/product"}],"about":[{"href":"https:\/\/exparto.pl\/sk\/wp-json\/wp\/v2\/types\/product"}],"replies":[{"embeddable":true,"href":"https:\/\/exparto.pl\/sk\/wp-json\/wp\/v2\/comments?post=12020"}],"wp:featuredmedia":[{"embeddable":true,"href":"https:\/\/exparto.pl\/sk\/wp-json\/wp\/v2\/media\/12021"}],"wp:attachment":[{"href":"https:\/\/exparto.pl\/sk\/wp-json\/wp\/v2\/media?parent=12020"}],"wp:term":[{"taxonomy":"product_brand","embeddable":true,"href":"https:\/\/exparto.pl\/sk\/wp-json\/wp\/v2\/product_brand?post=12020"},{"taxonomy":"product_cat","embeddable":true,"href":"https:\/\/exparto.pl\/sk\/wp-json\/wp\/v2\/product_cat?post=12020"},{"taxonomy":"product_tag","embeddable":true,"href":"https:\/\/exparto.pl\/sk\/wp-json\/wp\/v2\/product_tag?post=12020"}],"curies":[{"name":"wp","href":"https:\/\/api.w.org\/{rel}","templated":true}]}}