{"id":12069,"date":"2023-10-06T13:42:19","date_gmt":"2023-10-06T11:42:19","guid":{"rendered":"https:\/\/exparto.pl\/produkt\/vlozka-palivoveho-filtra-215410ax-zetor\/"},"modified":"2023-10-06T13:42:19","modified_gmt":"2023-10-06T11:42:19","slug":"wklad-filtru-paliwa-215410ax-zetor","status":"publish","type":"product","link":"https:\/\/exparto.pl\/sk\/produkt\/wklad-filtru-paliwa-215410ax-zetor\/","title":{"rendered":"Vlo\u017eka palivov\u00e9ho filtra &#8211; 215410AX ZETOR"},"content":{"rendered":"<p style=\"text-align: justify\"><b>Pou\u017eitie filtra:<\/b><\/p>\n<ul>\n<li style=\"text-align: justify\">CASE IH &#8211; S\u00c9RIE 2000, S\u00c9RIE 300, S\u00c9RIE 500, S\u00c9RIE 600<\/li>\n<li style=\"text-align: justify\">TRIEDA &#8211; COSAR, COSMOS, DOMINATOR, PROTECTOR, SENATOR<\/li>\n<li style=\"text-align: justify\">FORTSCHRITT &#8211; S\u00c9RIA E, S\u00c9RIA T, S\u00c9RIA ZT<\/li>\n<li style=\"text-align: justify\">HANOMAG &#8211; ROBUSTN\u00dd<\/li>\n<li style=\"text-align: justify\">SAME &#8211; ARIETE<\/li>\n<li style=\"text-align: justify\">SCHLUETER &#8211; S SERIES, SUPER TRAC SERIES<\/li>\n<li style=\"text-align: justify\">URSUS &#8211; GIGANT B28, B40, SUPERIOR B28, B40<\/li>\n<li style=\"text-align: justify\">ZETOR &#8211; S\u00c9RIE 4000, S\u00c9RIE 5000, S\u00c9RIE 6000, S\u00c9RIE 8000, S\u00c9RIE 9000, S\u00c9RIE 10000, FORTERRA, FORTERRA HSX, MAJOR, PROXIMA<\/li>\n<\/ul>\n<div style=\"text-align: justify\"><b>Porovn\u00e1vacie \u010d\u00edsla \/ N\u00e1hrady<\/b><\/div>\n<div style=\"text-align: justify\">\n<ul>\n<li>931219, 2154\/10\/AX, 215410AX, PM802, P811x<\/li>\n<\/ul>\n<\/div>\n","protected":false},"excerpt":{"rendered":"<p style=\"text-align: justify\">Vlo\u017eka palivov\u00e9ho filtra &#8211; 215410AX ZETOR<\/p>\n","protected":false},"featured_media":12070,"comment_status":"open","ping_status":"closed","template":"","meta":{"_acf_changed":false,"inline_featured_image":false},"product_brand":[],"product_cat":[494,532],"product_tag":[],"class_list":{"0":"post-12069","1":"product","2":"type-product","3":"status-publish","4":"has-post-thumbnail","6":"product_cat-filtre-sk","7":"product_cat-vlozka-palivoveho-filtra","9":"first","10":"outofstock","11":"taxable","12":"shipping-taxable","13":"purchasable","14":"product-type-simple"},"acf":[],"yoast_head":"<!-- This site is optimized with the Yoast SEO plugin v27.2 - https:\/\/yoast.com\/product\/yoast-seo-wordpress\/ -->\n<title>Vlo\u017eka palivov\u00e9ho filtra - 215410AX ZETOR - Exparto.pl<\/title>\n<meta name=\"robots\" content=\"index, follow, max-snippet:-1, max-image-preview:large, max-video-preview:-1\" \/>\n<link rel=\"canonical\" href=\"https:\/\/exparto.pl\/sk\/produkt\/wklad-filtru-paliwa-215410ax-zetor\/\" \/>\n<meta property=\"og:locale\" content=\"sk_SK\" \/>\n<meta property=\"og:type\" content=\"article\" \/>\n<meta property=\"og:title\" content=\"Vlo\u017eka palivov\u00e9ho filtra - 215410AX ZETOR - Exparto.pl\" \/>\n<meta property=\"og:description\" content=\"Vlo\u017eka palivov\u00e9ho filtra - 215410AX ZETOR\" \/>\n<meta property=\"og:url\" content=\"https:\/\/exparto.pl\/sk\/produkt\/wklad-filtru-paliwa-215410ax-zetor\/\" \/>\n<meta property=\"og:site_name\" content=\"Exparto.pl\" \/>\n<meta property=\"article:publisher\" content=\"https:\/\/www.facebook.com\/exparto.agro\/\" \/>\n<meta property=\"og:image\" content=\"https:\/\/exparto.pl\/wp-content\/uploads\/2023\/10\/0199ca698284526163b9e555a08c41a9.jpg\" \/>\n\t<meta property=\"og:image:width\" content=\"1000\" \/>\n\t<meta property=\"og:image:height\" content=\"1000\" \/>\n\t<meta property=\"og:image:type\" content=\"image\/jpeg\" \/>\n<meta name=\"twitter:card\" content=\"summary_large_image\" \/>\n<script type=\"application\/ld+json\" class=\"yoast-schema-graph\">{\"@context\":\"https:\/\/schema.org\",\"@graph\":[{\"@type\":\"WebPage\",\"@id\":\"https:\/\/exparto.pl\/sk\/produkt\/wklad-filtru-paliwa-215410ax-zetor\/\",\"url\":\"https:\/\/exparto.pl\/sk\/produkt\/wklad-filtru-paliwa-215410ax-zetor\/\",\"name\":\"Vlo\u017eka palivov\u00e9ho filtra - 215410AX ZETOR - Exparto.pl\",\"isPartOf\":{\"@id\":\"https:\/\/exparto.pl\/sk\/#website\"},\"primaryImageOfPage\":{\"@id\":\"https:\/\/exparto.pl\/sk\/produkt\/wklad-filtru-paliwa-215410ax-zetor\/#primaryimage\"},\"image\":{\"@id\":\"https:\/\/exparto.pl\/sk\/produkt\/wklad-filtru-paliwa-215410ax-zetor\/#primaryimage\"},\"thumbnailUrl\":\"https:\/\/exparto.pl\/wp-content\/uploads\/2023\/10\/0199ca698284526163b9e555a08c41a9.jpg\",\"datePublished\":\"2023-10-06T11:42:19+00:00\",\"breadcrumb\":{\"@id\":\"https:\/\/exparto.pl\/sk\/produkt\/wklad-filtru-paliwa-215410ax-zetor\/#breadcrumb\"},\"inLanguage\":\"sk-SK\",\"potentialAction\":[{\"@type\":\"ReadAction\",\"target\":[\"https:\/\/exparto.pl\/sk\/produkt\/wklad-filtru-paliwa-215410ax-zetor\/\"]}]},{\"@type\":\"ImageObject\",\"inLanguage\":\"sk-SK\",\"@id\":\"https:\/\/exparto.pl\/sk\/produkt\/wklad-filtru-paliwa-215410ax-zetor\/#primaryimage\",\"url\":\"https:\/\/exparto.pl\/wp-content\/uploads\/2023\/10\/0199ca698284526163b9e555a08c41a9.jpg\",\"contentUrl\":\"https:\/\/exparto.pl\/wp-content\/uploads\/2023\/10\/0199ca698284526163b9e555a08c41a9.jpg\",\"width\":1000,\"height\":1000},{\"@type\":\"BreadcrumbList\",\"@id\":\"https:\/\/exparto.pl\/sk\/produkt\/wklad-filtru-paliwa-215410ax-zetor\/#breadcrumb\",\"itemListElement\":[{\"@type\":\"ListItem\",\"position\":1,\"name\":\"Domovsk\u00e1 str\u00e1nka\",\"item\":\"https:\/\/exparto.pl\/sk\/domovska-stranka\/\"},{\"@type\":\"ListItem\",\"position\":2,\"name\":\"Sklep\",\"item\":\"https:\/\/exparto.pl\/sklep\/\"},{\"@type\":\"ListItem\",\"position\":3,\"name\":\"Vlo\u017eka palivov\u00e9ho filtra\",\"item\":\"https:\/\/exparto.pl\/sk\/kategoria-produktov\/filtre-sk\/vlozka-palivoveho-filtra\/\"},{\"@type\":\"ListItem\",\"position\":4,\"name\":\"Vlo\u017eka palivov\u00e9ho filtra &#8211; 215410AX ZETOR\"}]},{\"@type\":\"WebSite\",\"@id\":\"https:\/\/exparto.pl\/sk\/#website\",\"url\":\"https:\/\/exparto.pl\/sk\/\",\"name\":\"EXPARTO\",\"description\":\"More than agro parts\",\"publisher\":{\"@id\":\"https:\/\/exparto.pl\/sk\/#organization\"},\"potentialAction\":[{\"@type\":\"SearchAction\",\"target\":{\"@type\":\"EntryPoint\",\"urlTemplate\":\"https:\/\/exparto.pl\/sk\/?s={search_term_string}\"},\"query-input\":{\"@type\":\"PropertyValueSpecification\",\"valueRequired\":true,\"valueName\":\"search_term_string\"}}],\"inLanguage\":\"sk-SK\"},{\"@type\":\"Organization\",\"@id\":\"https:\/\/exparto.pl\/sk\/#organization\",\"name\":\"EXPARTO\",\"url\":\"https:\/\/exparto.pl\/sk\/\",\"logo\":{\"@type\":\"ImageObject\",\"inLanguage\":\"sk-SK\",\"@id\":\"https:\/\/exparto.pl\/sk\/#\/schema\/logo\/image\/\",\"url\":\"https:\/\/exparto.pl\/wp-content\/uploads\/2023\/02\/logo-wektor.png\",\"contentUrl\":\"https:\/\/exparto.pl\/wp-content\/uploads\/2023\/02\/logo-wektor.png\",\"width\":1338,\"height\":143,\"caption\":\"EXPARTO\"},\"image\":{\"@id\":\"https:\/\/exparto.pl\/sk\/#\/schema\/logo\/image\/\"},\"sameAs\":[\"https:\/\/www.facebook.com\/exparto.agro\/\"]}]}<\/script>\n<!-- \/ Yoast SEO plugin. -->","yoast_head_json":{"title":"Vlo\u017eka palivov\u00e9ho filtra - 215410AX ZETOR - Exparto.pl","robots":{"index":"index","follow":"follow","max-snippet":"max-snippet:-1","max-image-preview":"max-image-preview:large","max-video-preview":"max-video-preview:-1"},"canonical":"https:\/\/exparto.pl\/sk\/produkt\/wklad-filtru-paliwa-215410ax-zetor\/","og_locale":"sk_SK","og_type":"article","og_title":"Vlo\u017eka palivov\u00e9ho filtra - 215410AX ZETOR - Exparto.pl","og_description":"Vlo\u017eka palivov\u00e9ho filtra - 215410AX ZETOR","og_url":"https:\/\/exparto.pl\/sk\/produkt\/wklad-filtru-paliwa-215410ax-zetor\/","og_site_name":"Exparto.pl","article_publisher":"https:\/\/www.facebook.com\/exparto.agro\/","og_image":[{"width":1000,"height":1000,"url":"https:\/\/exparto.pl\/wp-content\/uploads\/2023\/10\/0199ca698284526163b9e555a08c41a9.jpg","type":"image\/jpeg"}],"twitter_card":"summary_large_image","schema":{"@context":"https:\/\/schema.org","@graph":[{"@type":"WebPage","@id":"https:\/\/exparto.pl\/sk\/produkt\/wklad-filtru-paliwa-215410ax-zetor\/","url":"https:\/\/exparto.pl\/sk\/produkt\/wklad-filtru-paliwa-215410ax-zetor\/","name":"Vlo\u017eka palivov\u00e9ho filtra - 215410AX ZETOR - Exparto.pl","isPartOf":{"@id":"https:\/\/exparto.pl\/sk\/#website"},"primaryImageOfPage":{"@id":"https:\/\/exparto.pl\/sk\/produkt\/wklad-filtru-paliwa-215410ax-zetor\/#primaryimage"},"image":{"@id":"https:\/\/exparto.pl\/sk\/produkt\/wklad-filtru-paliwa-215410ax-zetor\/#primaryimage"},"thumbnailUrl":"https:\/\/exparto.pl\/wp-content\/uploads\/2023\/10\/0199ca698284526163b9e555a08c41a9.jpg","datePublished":"2023-10-06T11:42:19+00:00","breadcrumb":{"@id":"https:\/\/exparto.pl\/sk\/produkt\/wklad-filtru-paliwa-215410ax-zetor\/#breadcrumb"},"inLanguage":"sk-SK","potentialAction":[{"@type":"ReadAction","target":["https:\/\/exparto.pl\/sk\/produkt\/wklad-filtru-paliwa-215410ax-zetor\/"]}]},{"@type":"ImageObject","inLanguage":"sk-SK","@id":"https:\/\/exparto.pl\/sk\/produkt\/wklad-filtru-paliwa-215410ax-zetor\/#primaryimage","url":"https:\/\/exparto.pl\/wp-content\/uploads\/2023\/10\/0199ca698284526163b9e555a08c41a9.jpg","contentUrl":"https:\/\/exparto.pl\/wp-content\/uploads\/2023\/10\/0199ca698284526163b9e555a08c41a9.jpg","width":1000,"height":1000},{"@type":"BreadcrumbList","@id":"https:\/\/exparto.pl\/sk\/produkt\/wklad-filtru-paliwa-215410ax-zetor\/#breadcrumb","itemListElement":[{"@type":"ListItem","position":1,"name":"Domovsk\u00e1 str\u00e1nka","item":"https:\/\/exparto.pl\/sk\/domovska-stranka\/"},{"@type":"ListItem","position":2,"name":"Sklep","item":"https:\/\/exparto.pl\/sklep\/"},{"@type":"ListItem","position":3,"name":"Vlo\u017eka palivov\u00e9ho filtra","item":"https:\/\/exparto.pl\/sk\/kategoria-produktov\/filtre-sk\/vlozka-palivoveho-filtra\/"},{"@type":"ListItem","position":4,"name":"Vlo\u017eka palivov\u00e9ho filtra &#8211; 215410AX ZETOR"}]},{"@type":"WebSite","@id":"https:\/\/exparto.pl\/sk\/#website","url":"https:\/\/exparto.pl\/sk\/","name":"EXPARTO","description":"More than agro parts","publisher":{"@id":"https:\/\/exparto.pl\/sk\/#organization"},"potentialAction":[{"@type":"SearchAction","target":{"@type":"EntryPoint","urlTemplate":"https:\/\/exparto.pl\/sk\/?s={search_term_string}"},"query-input":{"@type":"PropertyValueSpecification","valueRequired":true,"valueName":"search_term_string"}}],"inLanguage":"sk-SK"},{"@type":"Organization","@id":"https:\/\/exparto.pl\/sk\/#organization","name":"EXPARTO","url":"https:\/\/exparto.pl\/sk\/","logo":{"@type":"ImageObject","inLanguage":"sk-SK","@id":"https:\/\/exparto.pl\/sk\/#\/schema\/logo\/image\/","url":"https:\/\/exparto.pl\/wp-content\/uploads\/2023\/02\/logo-wektor.png","contentUrl":"https:\/\/exparto.pl\/wp-content\/uploads\/2023\/02\/logo-wektor.png","width":1338,"height":143,"caption":"EXPARTO"},"image":{"@id":"https:\/\/exparto.pl\/sk\/#\/schema\/logo\/image\/"},"sameAs":["https:\/\/www.facebook.com\/exparto.agro\/"]}]}},"_links":{"self":[{"href":"https:\/\/exparto.pl\/sk\/wp-json\/wp\/v2\/product\/12069","targetHints":{"allow":["GET"]}}],"collection":[{"href":"https:\/\/exparto.pl\/sk\/wp-json\/wp\/v2\/product"}],"about":[{"href":"https:\/\/exparto.pl\/sk\/wp-json\/wp\/v2\/types\/product"}],"replies":[{"embeddable":true,"href":"https:\/\/exparto.pl\/sk\/wp-json\/wp\/v2\/comments?post=12069"}],"wp:featuredmedia":[{"embeddable":true,"href":"https:\/\/exparto.pl\/sk\/wp-json\/wp\/v2\/media\/12070"}],"wp:attachment":[{"href":"https:\/\/exparto.pl\/sk\/wp-json\/wp\/v2\/media?parent=12069"}],"wp:term":[{"taxonomy":"product_brand","embeddable":true,"href":"https:\/\/exparto.pl\/sk\/wp-json\/wp\/v2\/product_brand?post=12069"},{"taxonomy":"product_cat","embeddable":true,"href":"https:\/\/exparto.pl\/sk\/wp-json\/wp\/v2\/product_cat?post=12069"},{"taxonomy":"product_tag","embeddable":true,"href":"https:\/\/exparto.pl\/sk\/wp-json\/wp\/v2\/product_tag?post=12069"}],"curies":[{"name":"wp","href":"https:\/\/api.w.org\/{rel}","templated":true}]}}