{"id":12093,"date":"2023-10-05T13:55:09","date_gmt":"2023-10-05T11:55:09","guid":{"rendered":"https:\/\/exparto.pl\/produkt\/vlozka-olejoveho-filtra-wo1047-ursus-zetor\/"},"modified":"2023-10-05T13:55:09","modified_gmt":"2023-10-05T11:55:09","slug":"vlozenie-olejoveho-filtra-wo1047-ursus-zetor","status":"publish","type":"product","link":"https:\/\/exparto.pl\/sk\/produkt\/vlozenie-olejoveho-filtra-wo1047-ursus-zetor\/","title":{"rendered":"Vlo\u017eka olejov\u00e9ho filtra &#8211; WO1047 URSUS, ZETOR"},"content":{"rendered":"<div style=\"text-align: justify\"><b>Pou\u017eitie filtra:<\/b><\/div>\n<div>\n<div style=\"text-align: justify\"><b> <\/b><\/div>\n<div>\n<ul>\n<li style=\"text-align: justify\">KRI\u0160T\u00c1\u013dOV\u00dd SIERADZ &#8211; CRISTAL 120, 160<\/li>\n<li style=\"text-align: justify\">PRONAR NAREW &#8211; ZTS SERIES 16245 SUPER M98<\/li>\n<li style=\"text-align: justify\">URSUS &#8211; S\u00c9RIA 900, S\u00c9RIA 1000<\/li>\n<li style=\"text-align: justify\">ZETOR &#8211; S\u00c9RIE 3000, S\u00c9RIE 4000, S\u00c9RIE 5000, S\u00c9RIE 7000, S\u00c9RIE 8000, S\u00c9RIE 9000, S\u00c9RIE 10000, S\u00c9RIE UR, S\u00c9RIE ZTS<\/li>\n<\/ul>\n<div style=\"text-align: justify\"><span style=\"font-weight: bold\">Porovn\u00e1vacie \u010d\u00edsla \/ N\u00e1hrady:<\/span><\/div>\n<\/div>\n<\/div>\n<div style=\"text-align: justify\"><span style=\"font-weight: bold\"> <\/span><\/div>\n<div style=\"text-align: justify\">\n<div>\n<ul>\n<li>ZETOR: 70114566,<\/li>\n<li>URSUS: 89.407.110,<\/li>\n<li>FILTRON: OM659,<\/li>\n<li>EXMOT: WO-122,<\/li>\n<li>HIFI FILTER: SH78008,<\/li>\n<li>ZETOR: 70-114566,<\/li>\n<\/ul>\n<\/div>\n<\/div>\n","protected":false},"excerpt":{"rendered":"<p style=\"text-align: justify\">Vlo\u017eka olejov\u00e9ho filtra &#8211; WO1047 URSUS, ZETOR<\/p>\n","protected":false},"featured_media":12094,"comment_status":"open","ping_status":"closed","template":"","meta":{"_acf_changed":false,"inline_featured_image":false},"product_brand":[],"product_cat":[494,533],"product_tag":[],"class_list":{"0":"post-12093","1":"product","2":"type-product","3":"status-publish","4":"has-post-thumbnail","6":"product_cat-filtre-sk","7":"product_cat-vlozka-olejoveho-filtra","9":"first","10":"instock","11":"taxable","12":"shipping-taxable","13":"purchasable","14":"product-type-simple"},"acf":[],"yoast_head":"<!-- This site is optimized with the Yoast SEO plugin v27.3 - https:\/\/yoast.com\/product\/yoast-seo-wordpress\/ -->\n<title>Vlo\u017eka olejov\u00e9ho filtra - WO1047 URSUS, ZETOR - Exparto.pl<\/title>\n<meta name=\"robots\" content=\"index, follow, max-snippet:-1, max-image-preview:large, max-video-preview:-1\" \/>\n<link rel=\"canonical\" href=\"https:\/\/exparto.pl\/sk\/produkt\/vlozenie-olejoveho-filtra-wo1047-ursus-zetor\/\" \/>\n<meta property=\"og:locale\" content=\"sk_SK\" \/>\n<meta property=\"og:type\" content=\"article\" \/>\n<meta property=\"og:title\" content=\"Vlo\u017eka olejov\u00e9ho filtra - WO1047 URSUS, ZETOR - Exparto.pl\" \/>\n<meta property=\"og:description\" content=\"Vlo\u017eka olejov\u00e9ho filtra - WO1047 URSUS, ZETOR\" \/>\n<meta property=\"og:url\" content=\"https:\/\/exparto.pl\/sk\/produkt\/vlozenie-olejoveho-filtra-wo1047-ursus-zetor\/\" \/>\n<meta property=\"og:site_name\" content=\"Exparto.pl\" \/>\n<meta property=\"article:publisher\" content=\"https:\/\/www.facebook.com\/exparto.agro\/\" \/>\n<meta property=\"og:image\" content=\"https:\/\/exparto.pl\/wp-content\/uploads\/2023\/10\/27c855858c342a28a9d4bd968d8f8ed1.jpg\" \/>\n\t<meta property=\"og:image:width\" content=\"1000\" \/>\n\t<meta property=\"og:image:height\" content=\"1000\" \/>\n\t<meta property=\"og:image:type\" content=\"image\/jpeg\" \/>\n<meta name=\"twitter:card\" content=\"summary_large_image\" \/>\n<script type=\"application\/ld+json\" class=\"yoast-schema-graph\">{\"@context\":\"https:\\\/\\\/schema.org\",\"@graph\":[{\"@type\":\"WebPage\",\"@id\":\"https:\\\/\\\/exparto.pl\\\/sk\\\/produkt\\\/vlozenie-olejoveho-filtra-wo1047-ursus-zetor\\\/\",\"url\":\"https:\\\/\\\/exparto.pl\\\/sk\\\/produkt\\\/vlozenie-olejoveho-filtra-wo1047-ursus-zetor\\\/\",\"name\":\"Vlo\u017eka olejov\u00e9ho filtra - WO1047 URSUS, ZETOR - Exparto.pl\",\"isPartOf\":{\"@id\":\"https:\\\/\\\/exparto.pl\\\/sk\\\/#website\"},\"primaryImageOfPage\":{\"@id\":\"https:\\\/\\\/exparto.pl\\\/sk\\\/produkt\\\/vlozenie-olejoveho-filtra-wo1047-ursus-zetor\\\/#primaryimage\"},\"image\":{\"@id\":\"https:\\\/\\\/exparto.pl\\\/sk\\\/produkt\\\/vlozenie-olejoveho-filtra-wo1047-ursus-zetor\\\/#primaryimage\"},\"thumbnailUrl\":\"https:\\\/\\\/exparto.pl\\\/wp-content\\\/uploads\\\/2023\\\/10\\\/27c855858c342a28a9d4bd968d8f8ed1.jpg\",\"datePublished\":\"2023-10-05T11:55:09+00:00\",\"breadcrumb\":{\"@id\":\"https:\\\/\\\/exparto.pl\\\/sk\\\/produkt\\\/vlozenie-olejoveho-filtra-wo1047-ursus-zetor\\\/#breadcrumb\"},\"inLanguage\":\"sk-SK\",\"potentialAction\":[{\"@type\":\"ReadAction\",\"target\":[\"https:\\\/\\\/exparto.pl\\\/sk\\\/produkt\\\/vlozenie-olejoveho-filtra-wo1047-ursus-zetor\\\/\"]}]},{\"@type\":\"ImageObject\",\"inLanguage\":\"sk-SK\",\"@id\":\"https:\\\/\\\/exparto.pl\\\/sk\\\/produkt\\\/vlozenie-olejoveho-filtra-wo1047-ursus-zetor\\\/#primaryimage\",\"url\":\"https:\\\/\\\/exparto.pl\\\/wp-content\\\/uploads\\\/2023\\\/10\\\/27c855858c342a28a9d4bd968d8f8ed1.jpg\",\"contentUrl\":\"https:\\\/\\\/exparto.pl\\\/wp-content\\\/uploads\\\/2023\\\/10\\\/27c855858c342a28a9d4bd968d8f8ed1.jpg\",\"width\":1000,\"height\":1000},{\"@type\":\"BreadcrumbList\",\"@id\":\"https:\\\/\\\/exparto.pl\\\/sk\\\/produkt\\\/vlozenie-olejoveho-filtra-wo1047-ursus-zetor\\\/#breadcrumb\",\"itemListElement\":[{\"@type\":\"ListItem\",\"position\":1,\"name\":\"Domovsk\u00e1 str\u00e1nka\",\"item\":\"https:\\\/\\\/exparto.pl\\\/sk\\\/domovska-stranka\\\/\"},{\"@type\":\"ListItem\",\"position\":2,\"name\":\"Sklep\",\"item\":\"https:\\\/\\\/exparto.pl\\\/sklep\\\/\"},{\"@type\":\"ListItem\",\"position\":3,\"name\":\"Vlo\u017eka olejov\u00e9ho filtra\",\"item\":\"https:\\\/\\\/exparto.pl\\\/sk\\\/kategoria-produktov\\\/filtre-sk\\\/vlozka-olejoveho-filtra\\\/\"},{\"@type\":\"ListItem\",\"position\":4,\"name\":\"Vlo\u017eka olejov\u00e9ho filtra &#8211; WO1047 URSUS, ZETOR\"}]},{\"@type\":\"WebSite\",\"@id\":\"https:\\\/\\\/exparto.pl\\\/sk\\\/#website\",\"url\":\"https:\\\/\\\/exparto.pl\\\/sk\\\/\",\"name\":\"EXPARTO\",\"description\":\"More than agro parts\",\"publisher\":{\"@id\":\"https:\\\/\\\/exparto.pl\\\/sk\\\/#organization\"},\"potentialAction\":[{\"@type\":\"SearchAction\",\"target\":{\"@type\":\"EntryPoint\",\"urlTemplate\":\"https:\\\/\\\/exparto.pl\\\/sk\\\/?s={search_term_string}\"},\"query-input\":{\"@type\":\"PropertyValueSpecification\",\"valueRequired\":true,\"valueName\":\"search_term_string\"}}],\"inLanguage\":\"sk-SK\"},{\"@type\":\"Organization\",\"@id\":\"https:\\\/\\\/exparto.pl\\\/sk\\\/#organization\",\"name\":\"EXPARTO\",\"url\":\"https:\\\/\\\/exparto.pl\\\/sk\\\/\",\"logo\":{\"@type\":\"ImageObject\",\"inLanguage\":\"sk-SK\",\"@id\":\"https:\\\/\\\/exparto.pl\\\/sk\\\/#\\\/schema\\\/logo\\\/image\\\/\",\"url\":\"https:\\\/\\\/exparto.pl\\\/wp-content\\\/uploads\\\/2023\\\/02\\\/logo-wektor.png\",\"contentUrl\":\"https:\\\/\\\/exparto.pl\\\/wp-content\\\/uploads\\\/2023\\\/02\\\/logo-wektor.png\",\"width\":1338,\"height\":143,\"caption\":\"EXPARTO\"},\"image\":{\"@id\":\"https:\\\/\\\/exparto.pl\\\/sk\\\/#\\\/schema\\\/logo\\\/image\\\/\"},\"sameAs\":[\"https:\\\/\\\/www.facebook.com\\\/exparto.agro\\\/\"]}]}<\/script>\n<!-- \/ Yoast SEO plugin. -->","yoast_head_json":{"title":"Vlo\u017eka olejov\u00e9ho filtra - WO1047 URSUS, ZETOR - Exparto.pl","robots":{"index":"index","follow":"follow","max-snippet":"max-snippet:-1","max-image-preview":"max-image-preview:large","max-video-preview":"max-video-preview:-1"},"canonical":"https:\/\/exparto.pl\/sk\/produkt\/vlozenie-olejoveho-filtra-wo1047-ursus-zetor\/","og_locale":"sk_SK","og_type":"article","og_title":"Vlo\u017eka olejov\u00e9ho filtra - WO1047 URSUS, ZETOR - Exparto.pl","og_description":"Vlo\u017eka olejov\u00e9ho filtra - WO1047 URSUS, ZETOR","og_url":"https:\/\/exparto.pl\/sk\/produkt\/vlozenie-olejoveho-filtra-wo1047-ursus-zetor\/","og_site_name":"Exparto.pl","article_publisher":"https:\/\/www.facebook.com\/exparto.agro\/","og_image":[{"width":1000,"height":1000,"url":"https:\/\/exparto.pl\/wp-content\/uploads\/2023\/10\/27c855858c342a28a9d4bd968d8f8ed1.jpg","type":"image\/jpeg"}],"twitter_card":"summary_large_image","schema":{"@context":"https:\/\/schema.org","@graph":[{"@type":"WebPage","@id":"https:\/\/exparto.pl\/sk\/produkt\/vlozenie-olejoveho-filtra-wo1047-ursus-zetor\/","url":"https:\/\/exparto.pl\/sk\/produkt\/vlozenie-olejoveho-filtra-wo1047-ursus-zetor\/","name":"Vlo\u017eka olejov\u00e9ho filtra - WO1047 URSUS, ZETOR - Exparto.pl","isPartOf":{"@id":"https:\/\/exparto.pl\/sk\/#website"},"primaryImageOfPage":{"@id":"https:\/\/exparto.pl\/sk\/produkt\/vlozenie-olejoveho-filtra-wo1047-ursus-zetor\/#primaryimage"},"image":{"@id":"https:\/\/exparto.pl\/sk\/produkt\/vlozenie-olejoveho-filtra-wo1047-ursus-zetor\/#primaryimage"},"thumbnailUrl":"https:\/\/exparto.pl\/wp-content\/uploads\/2023\/10\/27c855858c342a28a9d4bd968d8f8ed1.jpg","datePublished":"2023-10-05T11:55:09+00:00","breadcrumb":{"@id":"https:\/\/exparto.pl\/sk\/produkt\/vlozenie-olejoveho-filtra-wo1047-ursus-zetor\/#breadcrumb"},"inLanguage":"sk-SK","potentialAction":[{"@type":"ReadAction","target":["https:\/\/exparto.pl\/sk\/produkt\/vlozenie-olejoveho-filtra-wo1047-ursus-zetor\/"]}]},{"@type":"ImageObject","inLanguage":"sk-SK","@id":"https:\/\/exparto.pl\/sk\/produkt\/vlozenie-olejoveho-filtra-wo1047-ursus-zetor\/#primaryimage","url":"https:\/\/exparto.pl\/wp-content\/uploads\/2023\/10\/27c855858c342a28a9d4bd968d8f8ed1.jpg","contentUrl":"https:\/\/exparto.pl\/wp-content\/uploads\/2023\/10\/27c855858c342a28a9d4bd968d8f8ed1.jpg","width":1000,"height":1000},{"@type":"BreadcrumbList","@id":"https:\/\/exparto.pl\/sk\/produkt\/vlozenie-olejoveho-filtra-wo1047-ursus-zetor\/#breadcrumb","itemListElement":[{"@type":"ListItem","position":1,"name":"Domovsk\u00e1 str\u00e1nka","item":"https:\/\/exparto.pl\/sk\/domovska-stranka\/"},{"@type":"ListItem","position":2,"name":"Sklep","item":"https:\/\/exparto.pl\/sklep\/"},{"@type":"ListItem","position":3,"name":"Vlo\u017eka olejov\u00e9ho filtra","item":"https:\/\/exparto.pl\/sk\/kategoria-produktov\/filtre-sk\/vlozka-olejoveho-filtra\/"},{"@type":"ListItem","position":4,"name":"Vlo\u017eka olejov\u00e9ho filtra &#8211; WO1047 URSUS, ZETOR"}]},{"@type":"WebSite","@id":"https:\/\/exparto.pl\/sk\/#website","url":"https:\/\/exparto.pl\/sk\/","name":"EXPARTO","description":"More than agro parts","publisher":{"@id":"https:\/\/exparto.pl\/sk\/#organization"},"potentialAction":[{"@type":"SearchAction","target":{"@type":"EntryPoint","urlTemplate":"https:\/\/exparto.pl\/sk\/?s={search_term_string}"},"query-input":{"@type":"PropertyValueSpecification","valueRequired":true,"valueName":"search_term_string"}}],"inLanguage":"sk-SK"},{"@type":"Organization","@id":"https:\/\/exparto.pl\/sk\/#organization","name":"EXPARTO","url":"https:\/\/exparto.pl\/sk\/","logo":{"@type":"ImageObject","inLanguage":"sk-SK","@id":"https:\/\/exparto.pl\/sk\/#\/schema\/logo\/image\/","url":"https:\/\/exparto.pl\/wp-content\/uploads\/2023\/02\/logo-wektor.png","contentUrl":"https:\/\/exparto.pl\/wp-content\/uploads\/2023\/02\/logo-wektor.png","width":1338,"height":143,"caption":"EXPARTO"},"image":{"@id":"https:\/\/exparto.pl\/sk\/#\/schema\/logo\/image\/"},"sameAs":["https:\/\/www.facebook.com\/exparto.agro\/"]}]}},"_links":{"self":[{"href":"https:\/\/exparto.pl\/sk\/wp-json\/wp\/v2\/product\/12093","targetHints":{"allow":["GET"]}}],"collection":[{"href":"https:\/\/exparto.pl\/sk\/wp-json\/wp\/v2\/product"}],"about":[{"href":"https:\/\/exparto.pl\/sk\/wp-json\/wp\/v2\/types\/product"}],"replies":[{"embeddable":true,"href":"https:\/\/exparto.pl\/sk\/wp-json\/wp\/v2\/comments?post=12093"}],"wp:featuredmedia":[{"embeddable":true,"href":"https:\/\/exparto.pl\/sk\/wp-json\/wp\/v2\/media\/12094"}],"wp:attachment":[{"href":"https:\/\/exparto.pl\/sk\/wp-json\/wp\/v2\/media?parent=12093"}],"wp:term":[{"taxonomy":"product_brand","embeddable":true,"href":"https:\/\/exparto.pl\/sk\/wp-json\/wp\/v2\/product_brand?post=12093"},{"taxonomy":"product_cat","embeddable":true,"href":"https:\/\/exparto.pl\/sk\/wp-json\/wp\/v2\/product_cat?post=12093"},{"taxonomy":"product_tag","embeddable":true,"href":"https:\/\/exparto.pl\/sk\/wp-json\/wp\/v2\/product_tag?post=12093"}],"curies":[{"name":"wp","href":"https:\/\/api.w.org\/{rel}","templated":true}]}}