{"id":12445,"date":"2023-09-25T14:59:43","date_gmt":"2023-09-25T12:59:43","guid":{"rendered":"https:\/\/exparto.pl\/produkt\/cap-0-103-07-r\/"},"modified":"2023-09-25T14:59:43","modified_gmt":"2023-09-25T12:59:43","slug":"kolpak-0-103-07-r","status":"publish","type":"product","link":"https:\/\/exparto.pl\/sk\/produkt\/kolpak-0-103-07-r\/","title":{"rendered":"Cap 0-103\/07\/R"},"content":{"rendered":"<p style=\"text-align: justify\">Krytka 0-103\/07\/R pre RSM &#8211; 5-otvorov\u00e1 d\u00fdza a protisklzov\u00e1 d\u00fdza.<\/p>\n<p style=\"text-align: justify\">Pou\u017e\u00edva sa pre RSM &#8211; 5-otvorov\u00e9 d\u00fdzy a protismern\u00e9 d\u00fdzy od in\u00fdch v\u00fdrobcov. Uz\u00e1ver vy\u017eaduje pou\u017eitie tesnenia hrdla 0-101\/07 alebo 101\/07 PRO.<\/p>\n<p style=\"text-align: justify\"><b>Pou\u017eitie:<\/b><\/p>\n<ul>\n<li style=\"text-align: justify\">0-100\/07\/P<\/li>\n<li style=\"text-align: justify\">0-100\/07\/K<\/li>\n<li style=\"text-align: justify\">0-100\/087\/P<\/li>\n<li style=\"text-align: justify\">0-100\/087\/K<\/li>\n<li style=\"text-align: justify\">0-100\/GW07\/P<\/li>\n<li style=\"text-align: justify\">0-100\/GW07\/K<\/li>\n<li style=\"text-align: justify\">0-100\/G07\/P<\/li>\n<li style=\"text-align: justify\">0-100\/G07\/K<\/li>\n<li style=\"text-align: justify\">0-100\/09\/G\/3<\/li>\n<li style=\"text-align: justify\">Typ RAU<\/li>\n<li style=\"text-align: justify\">typ BIARDZKI<\/li>\n<\/ul>\n<p style=\"text-align: justify\">\n","protected":false},"excerpt":{"rendered":"<p style=\"text-align: justify\">Krytka 0-103\/07\/R pre trysku RSM &#8211; 5 otvorov a tryska proti un\u00e1\u0161aniu<\/p>\n","protected":false},"featured_media":12446,"comment_status":"open","ping_status":"closed","template":"","meta":{"_acf_changed":false,"inline_featured_image":false},"product_brand":[],"product_cat":[551,539],"product_tag":[],"class_list":{"0":"post-12445","1":"product","2":"type-product","3":"status-publish","4":"has-post-thumbnail","6":"product_cat-nahradne-diely-pre-postrekovace","7":"product_cat-prislusenstvo-rsm","9":"first","10":"outofstock","11":"taxable","12":"shipping-taxable","13":"purchasable","14":"product-type-simple"},"acf":[],"yoast_head":"<!-- This site is optimized with the Yoast SEO plugin v27.2 - https:\/\/yoast.com\/product\/yoast-seo-wordpress\/ -->\n<title>Cap 0-103\/07\/R - Exparto.pl<\/title>\n<meta name=\"robots\" content=\"index, follow, max-snippet:-1, max-image-preview:large, max-video-preview:-1\" \/>\n<link rel=\"canonical\" href=\"https:\/\/exparto.pl\/sk\/produkt\/kolpak-0-103-07-r\/\" \/>\n<meta property=\"og:locale\" content=\"sk_SK\" \/>\n<meta property=\"og:type\" content=\"article\" \/>\n<meta property=\"og:title\" content=\"Cap 0-103\/07\/R - Exparto.pl\" \/>\n<meta property=\"og:description\" content=\"Krytka 0-103\/07\/R pre trysku RSM - 5 otvorov a tryska proti un\u00e1\u0161aniu\" \/>\n<meta property=\"og:url\" content=\"https:\/\/exparto.pl\/sk\/produkt\/kolpak-0-103-07-r\/\" \/>\n<meta property=\"og:site_name\" content=\"Exparto.pl\" \/>\n<meta property=\"article:publisher\" content=\"https:\/\/www.facebook.com\/exparto.agro\/\" \/>\n<meta property=\"og:image\" content=\"https:\/\/exparto.pl\/wp-content\/uploads\/2023\/09\/5ce3d7bf356eed18bfdc89675b5e5608.jpg\" \/>\n\t<meta property=\"og:image:width\" content=\"1000\" \/>\n\t<meta property=\"og:image:height\" content=\"1000\" \/>\n\t<meta property=\"og:image:type\" content=\"image\/jpeg\" \/>\n<meta name=\"twitter:card\" content=\"summary_large_image\" \/>\n<script type=\"application\/ld+json\" class=\"yoast-schema-graph\">{\"@context\":\"https:\/\/schema.org\",\"@graph\":[{\"@type\":\"WebPage\",\"@id\":\"https:\/\/exparto.pl\/sk\/produkt\/kolpak-0-103-07-r\/\",\"url\":\"https:\/\/exparto.pl\/sk\/produkt\/kolpak-0-103-07-r\/\",\"name\":\"Cap 0-103\/07\/R - Exparto.pl\",\"isPartOf\":{\"@id\":\"https:\/\/exparto.pl\/sk\/#website\"},\"primaryImageOfPage\":{\"@id\":\"https:\/\/exparto.pl\/sk\/produkt\/kolpak-0-103-07-r\/#primaryimage\"},\"image\":{\"@id\":\"https:\/\/exparto.pl\/sk\/produkt\/kolpak-0-103-07-r\/#primaryimage\"},\"thumbnailUrl\":\"https:\/\/exparto.pl\/wp-content\/uploads\/2023\/09\/5ce3d7bf356eed18bfdc89675b5e5608.jpg\",\"datePublished\":\"2023-09-25T12:59:43+00:00\",\"breadcrumb\":{\"@id\":\"https:\/\/exparto.pl\/sk\/produkt\/kolpak-0-103-07-r\/#breadcrumb\"},\"inLanguage\":\"sk-SK\",\"potentialAction\":[{\"@type\":\"ReadAction\",\"target\":[\"https:\/\/exparto.pl\/sk\/produkt\/kolpak-0-103-07-r\/\"]}]},{\"@type\":\"ImageObject\",\"inLanguage\":\"sk-SK\",\"@id\":\"https:\/\/exparto.pl\/sk\/produkt\/kolpak-0-103-07-r\/#primaryimage\",\"url\":\"https:\/\/exparto.pl\/wp-content\/uploads\/2023\/09\/5ce3d7bf356eed18bfdc89675b5e5608.jpg\",\"contentUrl\":\"https:\/\/exparto.pl\/wp-content\/uploads\/2023\/09\/5ce3d7bf356eed18bfdc89675b5e5608.jpg\",\"width\":1000,\"height\":1000},{\"@type\":\"BreadcrumbList\",\"@id\":\"https:\/\/exparto.pl\/sk\/produkt\/kolpak-0-103-07-r\/#breadcrumb\",\"itemListElement\":[{\"@type\":\"ListItem\",\"position\":1,\"name\":\"Domovsk\u00e1 str\u00e1nka\",\"item\":\"https:\/\/exparto.pl\/sk\/domovska-stranka\/\"},{\"@type\":\"ListItem\",\"position\":2,\"name\":\"Sklep\",\"item\":\"https:\/\/exparto.pl\/sklep\/\"},{\"@type\":\"ListItem\",\"position\":3,\"name\":\"Pr\u00edslu\u0161enstvo RSM\",\"item\":\"https:\/\/exparto.pl\/sk\/kategoria-produktov\/nahradne-diely-pre-postrekovace\/prislusenstvo-rsm\/\"},{\"@type\":\"ListItem\",\"position\":4,\"name\":\"Cap 0-103\/07\/R\"}]},{\"@type\":\"WebSite\",\"@id\":\"https:\/\/exparto.pl\/sk\/#website\",\"url\":\"https:\/\/exparto.pl\/sk\/\",\"name\":\"EXPARTO\",\"description\":\"More than agro parts\",\"publisher\":{\"@id\":\"https:\/\/exparto.pl\/sk\/#organization\"},\"potentialAction\":[{\"@type\":\"SearchAction\",\"target\":{\"@type\":\"EntryPoint\",\"urlTemplate\":\"https:\/\/exparto.pl\/sk\/?s={search_term_string}\"},\"query-input\":{\"@type\":\"PropertyValueSpecification\",\"valueRequired\":true,\"valueName\":\"search_term_string\"}}],\"inLanguage\":\"sk-SK\"},{\"@type\":\"Organization\",\"@id\":\"https:\/\/exparto.pl\/sk\/#organization\",\"name\":\"EXPARTO\",\"url\":\"https:\/\/exparto.pl\/sk\/\",\"logo\":{\"@type\":\"ImageObject\",\"inLanguage\":\"sk-SK\",\"@id\":\"https:\/\/exparto.pl\/sk\/#\/schema\/logo\/image\/\",\"url\":\"https:\/\/exparto.pl\/wp-content\/uploads\/2023\/02\/logo-wektor.png\",\"contentUrl\":\"https:\/\/exparto.pl\/wp-content\/uploads\/2023\/02\/logo-wektor.png\",\"width\":1338,\"height\":143,\"caption\":\"EXPARTO\"},\"image\":{\"@id\":\"https:\/\/exparto.pl\/sk\/#\/schema\/logo\/image\/\"},\"sameAs\":[\"https:\/\/www.facebook.com\/exparto.agro\/\"]}]}<\/script>\n<!-- \/ Yoast SEO plugin. -->","yoast_head_json":{"title":"Cap 0-103\/07\/R - Exparto.pl","robots":{"index":"index","follow":"follow","max-snippet":"max-snippet:-1","max-image-preview":"max-image-preview:large","max-video-preview":"max-video-preview:-1"},"canonical":"https:\/\/exparto.pl\/sk\/produkt\/kolpak-0-103-07-r\/","og_locale":"sk_SK","og_type":"article","og_title":"Cap 0-103\/07\/R - Exparto.pl","og_description":"Krytka 0-103\/07\/R pre trysku RSM - 5 otvorov a tryska proti un\u00e1\u0161aniu","og_url":"https:\/\/exparto.pl\/sk\/produkt\/kolpak-0-103-07-r\/","og_site_name":"Exparto.pl","article_publisher":"https:\/\/www.facebook.com\/exparto.agro\/","og_image":[{"width":1000,"height":1000,"url":"https:\/\/exparto.pl\/wp-content\/uploads\/2023\/09\/5ce3d7bf356eed18bfdc89675b5e5608.jpg","type":"image\/jpeg"}],"twitter_card":"summary_large_image","schema":{"@context":"https:\/\/schema.org","@graph":[{"@type":"WebPage","@id":"https:\/\/exparto.pl\/sk\/produkt\/kolpak-0-103-07-r\/","url":"https:\/\/exparto.pl\/sk\/produkt\/kolpak-0-103-07-r\/","name":"Cap 0-103\/07\/R - Exparto.pl","isPartOf":{"@id":"https:\/\/exparto.pl\/sk\/#website"},"primaryImageOfPage":{"@id":"https:\/\/exparto.pl\/sk\/produkt\/kolpak-0-103-07-r\/#primaryimage"},"image":{"@id":"https:\/\/exparto.pl\/sk\/produkt\/kolpak-0-103-07-r\/#primaryimage"},"thumbnailUrl":"https:\/\/exparto.pl\/wp-content\/uploads\/2023\/09\/5ce3d7bf356eed18bfdc89675b5e5608.jpg","datePublished":"2023-09-25T12:59:43+00:00","breadcrumb":{"@id":"https:\/\/exparto.pl\/sk\/produkt\/kolpak-0-103-07-r\/#breadcrumb"},"inLanguage":"sk-SK","potentialAction":[{"@type":"ReadAction","target":["https:\/\/exparto.pl\/sk\/produkt\/kolpak-0-103-07-r\/"]}]},{"@type":"ImageObject","inLanguage":"sk-SK","@id":"https:\/\/exparto.pl\/sk\/produkt\/kolpak-0-103-07-r\/#primaryimage","url":"https:\/\/exparto.pl\/wp-content\/uploads\/2023\/09\/5ce3d7bf356eed18bfdc89675b5e5608.jpg","contentUrl":"https:\/\/exparto.pl\/wp-content\/uploads\/2023\/09\/5ce3d7bf356eed18bfdc89675b5e5608.jpg","width":1000,"height":1000},{"@type":"BreadcrumbList","@id":"https:\/\/exparto.pl\/sk\/produkt\/kolpak-0-103-07-r\/#breadcrumb","itemListElement":[{"@type":"ListItem","position":1,"name":"Domovsk\u00e1 str\u00e1nka","item":"https:\/\/exparto.pl\/sk\/domovska-stranka\/"},{"@type":"ListItem","position":2,"name":"Sklep","item":"https:\/\/exparto.pl\/sklep\/"},{"@type":"ListItem","position":3,"name":"Pr\u00edslu\u0161enstvo RSM","item":"https:\/\/exparto.pl\/sk\/kategoria-produktov\/nahradne-diely-pre-postrekovace\/prislusenstvo-rsm\/"},{"@type":"ListItem","position":4,"name":"Cap 0-103\/07\/R"}]},{"@type":"WebSite","@id":"https:\/\/exparto.pl\/sk\/#website","url":"https:\/\/exparto.pl\/sk\/","name":"EXPARTO","description":"More than agro parts","publisher":{"@id":"https:\/\/exparto.pl\/sk\/#organization"},"potentialAction":[{"@type":"SearchAction","target":{"@type":"EntryPoint","urlTemplate":"https:\/\/exparto.pl\/sk\/?s={search_term_string}"},"query-input":{"@type":"PropertyValueSpecification","valueRequired":true,"valueName":"search_term_string"}}],"inLanguage":"sk-SK"},{"@type":"Organization","@id":"https:\/\/exparto.pl\/sk\/#organization","name":"EXPARTO","url":"https:\/\/exparto.pl\/sk\/","logo":{"@type":"ImageObject","inLanguage":"sk-SK","@id":"https:\/\/exparto.pl\/sk\/#\/schema\/logo\/image\/","url":"https:\/\/exparto.pl\/wp-content\/uploads\/2023\/02\/logo-wektor.png","contentUrl":"https:\/\/exparto.pl\/wp-content\/uploads\/2023\/02\/logo-wektor.png","width":1338,"height":143,"caption":"EXPARTO"},"image":{"@id":"https:\/\/exparto.pl\/sk\/#\/schema\/logo\/image\/"},"sameAs":["https:\/\/www.facebook.com\/exparto.agro\/"]}]}},"_links":{"self":[{"href":"https:\/\/exparto.pl\/sk\/wp-json\/wp\/v2\/product\/12445","targetHints":{"allow":["GET"]}}],"collection":[{"href":"https:\/\/exparto.pl\/sk\/wp-json\/wp\/v2\/product"}],"about":[{"href":"https:\/\/exparto.pl\/sk\/wp-json\/wp\/v2\/types\/product"}],"replies":[{"embeddable":true,"href":"https:\/\/exparto.pl\/sk\/wp-json\/wp\/v2\/comments?post=12445"}],"wp:featuredmedia":[{"embeddable":true,"href":"https:\/\/exparto.pl\/sk\/wp-json\/wp\/v2\/media\/12446"}],"wp:attachment":[{"href":"https:\/\/exparto.pl\/sk\/wp-json\/wp\/v2\/media?parent=12445"}],"wp:term":[{"taxonomy":"product_brand","embeddable":true,"href":"https:\/\/exparto.pl\/sk\/wp-json\/wp\/v2\/product_brand?post=12445"},{"taxonomy":"product_cat","embeddable":true,"href":"https:\/\/exparto.pl\/sk\/wp-json\/wp\/v2\/product_cat?post=12445"},{"taxonomy":"product_tag","embeddable":true,"href":"https:\/\/exparto.pl\/sk\/wp-json\/wp\/v2\/product_tag?post=12445"}],"curies":[{"name":"wp","href":"https:\/\/api.w.org\/{rel}","templated":true}]}}