{"id":12491,"date":"2023-09-17T23:55:23","date_gmt":"2023-09-17T21:55:23","guid":{"rendered":"https:\/\/exparto.pl\/produkt\/kompaktny-keramicky-rozprasovac-02-zlty\/"},"modified":"2023-09-17T23:55:23","modified_gmt":"2023-09-17T21:55:23","slug":"striekacia-dyza-compact-ceramic-02-gold","status":"publish","type":"product","link":"https:\/\/exparto.pl\/sk\/produkt\/striekacia-dyza-compact-ceramic-02-gold\/","title":{"rendered":"Kompaktn\u00fd keramick\u00fd rozpra\u0161ova\u010d 02 \u017elt\u00fd"},"content":{"rendered":"<p style=\"text-align: justify\">Ejektorov\u00e9 rozpra\u0161ova\u010de vytv\u00e1raj\u00fa vzduchov\u00e9 bubliny vo ve\u013ek\u00fdch kvapk\u00e1ch pomocou pr\u00fadu vzduchu nas\u00e1van\u00e9ho cez otvory na ich z\u00e1kladni. Ke\u010f kvapky postreku dopadaj\u00fa na povrch rastliny, rozpadaj\u00fa sa na jemnej\u0161ie kvapky, \u010d\u00edm sa zvy\u0161uje \u00fa\u010dinnos\u0165 a rovnomernos\u0165 o\u0161etrenia.<\/p>\n<p style=\"text-align: justify\">Vytv\u00e1ra hrub\u00e9 a\u017e ve\u013emi hrub\u00e9 kvap\u00f4\u010dky s vysokou odolnos\u0165ou proti un\u00e1\u0161aniu, a preto umo\u017e\u0148uje vykon\u00e1va\u0165 postrek aj v nepriazniv\u00fdch podmienkach (vietor do 8 m\/s, n\u00edzka vlhkos\u0165, vy\u0161\u0161ie teploty).<\/p>\n<p style=\"text-align: justify\">Pou\u017eitie pre pr\u00edpravky na ochranu rastl\u00edn, regul\u00e1tory rastu, po\u013en\u00e9 plodiny.<\/p>\n<p style=\"text-align: justify\">Kompaktn\u00e9 vyhadzovacie d\u00fdzy s keramick\u00fdmi vlo\u017ekami<\/p>\n<\/p>\n<ul>\n<li style=\"text-align: justify\"><b>prv\u00e9 \u0161pi\u010dkov\u00e9 po\u013esk\u00e9 trysky s keramickou vlo\u017ekou<\/b><\/li>\n<li style=\"text-align: justify\"><b>certifikovan\u00e1 keramika s \u010distotou 99,8 % pre najdlh\u0161iu \u017eivotnos\u0165<\/b><\/li>\n<li style=\"text-align: justify\"><b>ve\u013ek\u00e9 prevzdu\u0161\u0148ovan\u00e9 kvapky \u010do najviac zni\u017euj\u00fa \u00falet a pri kontakte s rastlinou sa rozstrekuj\u00fa na mno\u017estvo jemn\u00fdch kvapiek pre rovnomern\u00e9 pokrytie<\/b><\/li>\n<li style=\"text-align: justify\"><b>ploch\u00fd pr\u00fad s uhlom 110\u00b0<\/b><\/li>\n<li style=\"text-align: justify\"><b>kompaktn\u00fd dizajn zni\u017euje riziko po\u0161kodenia<\/b><\/li>\n<li style=\"text-align: justify\"><b>Pohodln\u00e1 konverzia &#8211; uz\u00e1ver a vyhadzovacia d\u00fdza v jednom<\/b><\/li>\n<li style=\"text-align: justify\"><b>rozsah pracovn\u00e9ho tlaku 2,5-8 barov<\/b><\/li>\n<li style=\"text-align: justify\"><b>upevnenie \u0161tandardn\u00e9ho typu Arag, typ TeeJet<\/b><\/li>\n<li style=\"text-align: justify\"><b>tesnenie je s\u00fa\u010das\u0165ou balenia<\/b><\/li>\n<\/ul>\n<\/p>\n<ul>\n<li style=\"text-align: justify\"><b>dva nas\u00e1vacie otvory navrhnut\u00e9 tak, aby sa zabr\u00e1nilo samovo\u013en\u00e9mu upch\u00e1vaniu<\/b><\/li>\n<\/ul>\n","protected":false},"excerpt":{"rendered":"<p style=\"text-align: justify\">Kompaktn\u00fd ejektorov\u00fd rozpra\u0161ova\u010d s keramickou vlo\u017ekou.<\/p>\n","protected":false},"featured_media":12492,"comment_status":"open","ping_status":"closed","template":"","meta":{"_acf_changed":false,"inline_featured_image":false},"product_brand":[],"product_cat":[529],"product_tag":[],"class_list":{"0":"post-12491","1":"product","2":"type-product","3":"status-publish","4":"has-post-thumbnail","6":"product_cat-spreje","8":"first","9":"instock","10":"taxable","11":"shipping-taxable","12":"purchasable","13":"product-type-simple"},"acf":[],"yoast_head":"<!-- This site is optimized with the Yoast SEO plugin v27.4 - https:\/\/yoast.com\/product\/yoast-seo-wordpress\/ -->\n<title>Kompaktn\u00fd keramick\u00fd rozpra\u0161ova\u010d 02 \u017elt\u00fd - Exparto.pl<\/title>\n<meta name=\"robots\" content=\"index, follow, max-snippet:-1, max-image-preview:large, max-video-preview:-1\" \/>\n<link rel=\"canonical\" href=\"https:\/\/exparto.pl\/sk\/produkt\/striekacia-dyza-compact-ceramic-02-gold\/\" \/>\n<meta property=\"og:locale\" content=\"sk_SK\" \/>\n<meta property=\"og:type\" content=\"article\" \/>\n<meta property=\"og:title\" content=\"Kompaktn\u00fd keramick\u00fd rozpra\u0161ova\u010d 02 \u017elt\u00fd - Exparto.pl\" \/>\n<meta property=\"og:description\" content=\"Kompaktn\u00fd ejektorov\u00fd rozpra\u0161ova\u010d s keramickou vlo\u017ekou.\" \/>\n<meta property=\"og:url\" content=\"https:\/\/exparto.pl\/sk\/produkt\/striekacia-dyza-compact-ceramic-02-gold\/\" \/>\n<meta property=\"og:site_name\" content=\"Exparto.pl\" \/>\n<meta property=\"article:publisher\" content=\"https:\/\/www.facebook.com\/exparto.agro\/\" \/>\n<meta property=\"og:image\" content=\"https:\/\/exparto.pl\/wp-content\/uploads\/2023\/09\/0f15125d7f4e026ea312577e36975401.jpg\" \/>\n\t<meta property=\"og:image:width\" content=\"1000\" \/>\n\t<meta property=\"og:image:height\" content=\"1000\" \/>\n\t<meta property=\"og:image:type\" content=\"image\/jpeg\" \/>\n<meta name=\"twitter:card\" content=\"summary_large_image\" \/>\n<meta name=\"twitter:label1\" content=\"Predpokladan\u00fd \u010das \u010d\u00edtania\" \/>\n\t<meta name=\"twitter:data1\" content=\"1 min\u00fata\" \/>\n<script type=\"application\/ld+json\" class=\"yoast-schema-graph\">{\"@context\":\"https:\\\/\\\/schema.org\",\"@graph\":[{\"@type\":\"WebPage\",\"@id\":\"https:\\\/\\\/exparto.pl\\\/sk\\\/produkt\\\/striekacia-dyza-compact-ceramic-02-gold\\\/\",\"url\":\"https:\\\/\\\/exparto.pl\\\/sk\\\/produkt\\\/striekacia-dyza-compact-ceramic-02-gold\\\/\",\"name\":\"Kompaktn\u00fd keramick\u00fd rozpra\u0161ova\u010d 02 \u017elt\u00fd - Exparto.pl\",\"isPartOf\":{\"@id\":\"https:\\\/\\\/exparto.pl\\\/sk\\\/#website\"},\"primaryImageOfPage\":{\"@id\":\"https:\\\/\\\/exparto.pl\\\/sk\\\/produkt\\\/striekacia-dyza-compact-ceramic-02-gold\\\/#primaryimage\"},\"image\":{\"@id\":\"https:\\\/\\\/exparto.pl\\\/sk\\\/produkt\\\/striekacia-dyza-compact-ceramic-02-gold\\\/#primaryimage\"},\"thumbnailUrl\":\"https:\\\/\\\/exparto.pl\\\/wp-content\\\/uploads\\\/2023\\\/09\\\/0f15125d7f4e026ea312577e36975401.jpg\",\"datePublished\":\"2023-09-17T21:55:23+00:00\",\"breadcrumb\":{\"@id\":\"https:\\\/\\\/exparto.pl\\\/sk\\\/produkt\\\/striekacia-dyza-compact-ceramic-02-gold\\\/#breadcrumb\"},\"inLanguage\":\"sk-SK\",\"potentialAction\":[{\"@type\":\"ReadAction\",\"target\":[\"https:\\\/\\\/exparto.pl\\\/sk\\\/produkt\\\/striekacia-dyza-compact-ceramic-02-gold\\\/\"]}]},{\"@type\":\"ImageObject\",\"inLanguage\":\"sk-SK\",\"@id\":\"https:\\\/\\\/exparto.pl\\\/sk\\\/produkt\\\/striekacia-dyza-compact-ceramic-02-gold\\\/#primaryimage\",\"url\":\"https:\\\/\\\/exparto.pl\\\/wp-content\\\/uploads\\\/2023\\\/09\\\/0f15125d7f4e026ea312577e36975401.jpg\",\"contentUrl\":\"https:\\\/\\\/exparto.pl\\\/wp-content\\\/uploads\\\/2023\\\/09\\\/0f15125d7f4e026ea312577e36975401.jpg\",\"width\":1000,\"height\":1000},{\"@type\":\"BreadcrumbList\",\"@id\":\"https:\\\/\\\/exparto.pl\\\/sk\\\/produkt\\\/striekacia-dyza-compact-ceramic-02-gold\\\/#breadcrumb\",\"itemListElement\":[{\"@type\":\"ListItem\",\"position\":1,\"name\":\"Domovsk\u00e1 str\u00e1nka\",\"item\":\"https:\\\/\\\/exparto.pl\\\/sk\\\/domovska-stranka\\\/\"},{\"@type\":\"ListItem\",\"position\":2,\"name\":\"Sklep\",\"item\":\"https:\\\/\\\/exparto.pl\\\/sklep\\\/\"},{\"@type\":\"ListItem\",\"position\":3,\"name\":\"Spreje\",\"item\":\"https:\\\/\\\/exparto.pl\\\/sk\\\/kategoria-produktov\\\/nahradne-diely-pre-postrekovace\\\/spreje\\\/\"},{\"@type\":\"ListItem\",\"position\":4,\"name\":\"Kompaktn\u00fd keramick\u00fd rozpra\u0161ova\u010d 02 \u017elt\u00fd\"}]},{\"@type\":\"WebSite\",\"@id\":\"https:\\\/\\\/exparto.pl\\\/sk\\\/#website\",\"url\":\"https:\\\/\\\/exparto.pl\\\/sk\\\/\",\"name\":\"EXPARTO\",\"description\":\"More than agro parts\",\"publisher\":{\"@id\":\"https:\\\/\\\/exparto.pl\\\/sk\\\/#organization\"},\"potentialAction\":[{\"@type\":\"SearchAction\",\"target\":{\"@type\":\"EntryPoint\",\"urlTemplate\":\"https:\\\/\\\/exparto.pl\\\/sk\\\/?s={search_term_string}\"},\"query-input\":{\"@type\":\"PropertyValueSpecification\",\"valueRequired\":true,\"valueName\":\"search_term_string\"}}],\"inLanguage\":\"sk-SK\"},{\"@type\":\"Organization\",\"@id\":\"https:\\\/\\\/exparto.pl\\\/sk\\\/#organization\",\"name\":\"EXPARTO\",\"url\":\"https:\\\/\\\/exparto.pl\\\/sk\\\/\",\"logo\":{\"@type\":\"ImageObject\",\"inLanguage\":\"sk-SK\",\"@id\":\"https:\\\/\\\/exparto.pl\\\/sk\\\/#\\\/schema\\\/logo\\\/image\\\/\",\"url\":\"https:\\\/\\\/exparto.pl\\\/wp-content\\\/uploads\\\/2023\\\/02\\\/logo-wektor.png\",\"contentUrl\":\"https:\\\/\\\/exparto.pl\\\/wp-content\\\/uploads\\\/2023\\\/02\\\/logo-wektor.png\",\"width\":1338,\"height\":143,\"caption\":\"EXPARTO\"},\"image\":{\"@id\":\"https:\\\/\\\/exparto.pl\\\/sk\\\/#\\\/schema\\\/logo\\\/image\\\/\"},\"sameAs\":[\"https:\\\/\\\/www.facebook.com\\\/exparto.agro\\\/\"]}]}<\/script>\n<!-- \/ Yoast SEO plugin. -->","yoast_head_json":{"title":"Kompaktn\u00fd keramick\u00fd rozpra\u0161ova\u010d 02 \u017elt\u00fd - Exparto.pl","robots":{"index":"index","follow":"follow","max-snippet":"max-snippet:-1","max-image-preview":"max-image-preview:large","max-video-preview":"max-video-preview:-1"},"canonical":"https:\/\/exparto.pl\/sk\/produkt\/striekacia-dyza-compact-ceramic-02-gold\/","og_locale":"sk_SK","og_type":"article","og_title":"Kompaktn\u00fd keramick\u00fd rozpra\u0161ova\u010d 02 \u017elt\u00fd - Exparto.pl","og_description":"Kompaktn\u00fd ejektorov\u00fd rozpra\u0161ova\u010d s keramickou vlo\u017ekou.","og_url":"https:\/\/exparto.pl\/sk\/produkt\/striekacia-dyza-compact-ceramic-02-gold\/","og_site_name":"Exparto.pl","article_publisher":"https:\/\/www.facebook.com\/exparto.agro\/","og_image":[{"width":1000,"height":1000,"url":"https:\/\/exparto.pl\/wp-content\/uploads\/2023\/09\/0f15125d7f4e026ea312577e36975401.jpg","type":"image\/jpeg"}],"twitter_card":"summary_large_image","twitter_misc":{"Predpokladan\u00fd \u010das \u010d\u00edtania":"1 min\u00fata"},"schema":{"@context":"https:\/\/schema.org","@graph":[{"@type":"WebPage","@id":"https:\/\/exparto.pl\/sk\/produkt\/striekacia-dyza-compact-ceramic-02-gold\/","url":"https:\/\/exparto.pl\/sk\/produkt\/striekacia-dyza-compact-ceramic-02-gold\/","name":"Kompaktn\u00fd keramick\u00fd rozpra\u0161ova\u010d 02 \u017elt\u00fd - Exparto.pl","isPartOf":{"@id":"https:\/\/exparto.pl\/sk\/#website"},"primaryImageOfPage":{"@id":"https:\/\/exparto.pl\/sk\/produkt\/striekacia-dyza-compact-ceramic-02-gold\/#primaryimage"},"image":{"@id":"https:\/\/exparto.pl\/sk\/produkt\/striekacia-dyza-compact-ceramic-02-gold\/#primaryimage"},"thumbnailUrl":"https:\/\/exparto.pl\/wp-content\/uploads\/2023\/09\/0f15125d7f4e026ea312577e36975401.jpg","datePublished":"2023-09-17T21:55:23+00:00","breadcrumb":{"@id":"https:\/\/exparto.pl\/sk\/produkt\/striekacia-dyza-compact-ceramic-02-gold\/#breadcrumb"},"inLanguage":"sk-SK","potentialAction":[{"@type":"ReadAction","target":["https:\/\/exparto.pl\/sk\/produkt\/striekacia-dyza-compact-ceramic-02-gold\/"]}]},{"@type":"ImageObject","inLanguage":"sk-SK","@id":"https:\/\/exparto.pl\/sk\/produkt\/striekacia-dyza-compact-ceramic-02-gold\/#primaryimage","url":"https:\/\/exparto.pl\/wp-content\/uploads\/2023\/09\/0f15125d7f4e026ea312577e36975401.jpg","contentUrl":"https:\/\/exparto.pl\/wp-content\/uploads\/2023\/09\/0f15125d7f4e026ea312577e36975401.jpg","width":1000,"height":1000},{"@type":"BreadcrumbList","@id":"https:\/\/exparto.pl\/sk\/produkt\/striekacia-dyza-compact-ceramic-02-gold\/#breadcrumb","itemListElement":[{"@type":"ListItem","position":1,"name":"Domovsk\u00e1 str\u00e1nka","item":"https:\/\/exparto.pl\/sk\/domovska-stranka\/"},{"@type":"ListItem","position":2,"name":"Sklep","item":"https:\/\/exparto.pl\/sklep\/"},{"@type":"ListItem","position":3,"name":"Spreje","item":"https:\/\/exparto.pl\/sk\/kategoria-produktov\/nahradne-diely-pre-postrekovace\/spreje\/"},{"@type":"ListItem","position":4,"name":"Kompaktn\u00fd keramick\u00fd rozpra\u0161ova\u010d 02 \u017elt\u00fd"}]},{"@type":"WebSite","@id":"https:\/\/exparto.pl\/sk\/#website","url":"https:\/\/exparto.pl\/sk\/","name":"EXPARTO","description":"More than agro parts","publisher":{"@id":"https:\/\/exparto.pl\/sk\/#organization"},"potentialAction":[{"@type":"SearchAction","target":{"@type":"EntryPoint","urlTemplate":"https:\/\/exparto.pl\/sk\/?s={search_term_string}"},"query-input":{"@type":"PropertyValueSpecification","valueRequired":true,"valueName":"search_term_string"}}],"inLanguage":"sk-SK"},{"@type":"Organization","@id":"https:\/\/exparto.pl\/sk\/#organization","name":"EXPARTO","url":"https:\/\/exparto.pl\/sk\/","logo":{"@type":"ImageObject","inLanguage":"sk-SK","@id":"https:\/\/exparto.pl\/sk\/#\/schema\/logo\/image\/","url":"https:\/\/exparto.pl\/wp-content\/uploads\/2023\/02\/logo-wektor.png","contentUrl":"https:\/\/exparto.pl\/wp-content\/uploads\/2023\/02\/logo-wektor.png","width":1338,"height":143,"caption":"EXPARTO"},"image":{"@id":"https:\/\/exparto.pl\/sk\/#\/schema\/logo\/image\/"},"sameAs":["https:\/\/www.facebook.com\/exparto.agro\/"]}]}},"_links":{"self":[{"href":"https:\/\/exparto.pl\/sk\/wp-json\/wp\/v2\/product\/12491","targetHints":{"allow":["GET"]}}],"collection":[{"href":"https:\/\/exparto.pl\/sk\/wp-json\/wp\/v2\/product"}],"about":[{"href":"https:\/\/exparto.pl\/sk\/wp-json\/wp\/v2\/types\/product"}],"replies":[{"embeddable":true,"href":"https:\/\/exparto.pl\/sk\/wp-json\/wp\/v2\/comments?post=12491"}],"wp:featuredmedia":[{"embeddable":true,"href":"https:\/\/exparto.pl\/sk\/wp-json\/wp\/v2\/media\/12492"}],"wp:attachment":[{"href":"https:\/\/exparto.pl\/sk\/wp-json\/wp\/v2\/media?parent=12491"}],"wp:term":[{"taxonomy":"product_brand","embeddable":true,"href":"https:\/\/exparto.pl\/sk\/wp-json\/wp\/v2\/product_brand?post=12491"},{"taxonomy":"product_cat","embeddable":true,"href":"https:\/\/exparto.pl\/sk\/wp-json\/wp\/v2\/product_cat?post=12491"},{"taxonomy":"product_tag","embeddable":true,"href":"https:\/\/exparto.pl\/sk\/wp-json\/wp\/v2\/product_tag?post=12491"}],"curies":[{"name":"wp","href":"https:\/\/api.w.org\/{rel}","templated":true}]}}