{"id":12543,"date":"2023-09-25T09:16:19","date_gmt":"2023-09-25T07:16:19","guid":{"rendered":"https:\/\/exparto.pl\/produkt\/rozprasovacie-teleso-0-100-08-k-pro\/"},"modified":"2023-09-25T09:16:19","modified_gmt":"2023-09-25T07:16:19","slug":"korpus-rozpylacza-0-100-08-k-pro","status":"publish","type":"product","link":"https:\/\/exparto.pl\/sk\/produkt\/korpus-rozpylacza-0-100-08-k-pro\/","title":{"rendered":"Rozpra\u0161ovacie teleso 0-100\/08\/K PRO"},"content":{"rendered":"<p>Rozpra\u0161ovacie teleso s uzatv\u00e1rac\u00edm ventilom PROLINE. Karos\u00e9rie radu PROLINE sa vyzna\u010duj\u00fa vysokou odolnos\u0165ou v\u010faka pou\u017eitiu \u0161peci\u00e1lne vystu\u017een\u00e9ho plastu. <b>Membr\u00e1na<\/b> v uzatv\u00e1racom ventile a tesnenie vie\u010dka z <b>materi\u00e1lu Verdesil <\/b>zaru\u010duj\u00fa dlhodob\u00fa a bezprobl\u00e9mov\u00fa prev\u00e1dzku telesa. Kompatibiln\u00fd so v\u0161etk\u00fdmi \u0161tandardn\u00fdmi typmi <b>trysiek a uz\u00e1verov<\/b>.<\/p>\n<ul>\n<li>Tesnenie a membr\u00e1na s\u00fa vyroben\u00e9 zo \u0161peci\u00e1lnej silik\u00f3novej zmesi VERDESIL, ktor\u00e1 zaru\u010duje dlhodob\u00fa tesnos\u0165;<\/li>\n<li>Tesn\u00e9 uzatv\u00e1ranie kvapaliny v\u010faka membr\u00e1nov\u00e9mu ventilu;<\/li>\n<li>Uzatv\u00e1rac\u00ed ventil umiestnen\u00fd na boku telesa umo\u017e\u0148uje \u013eahk\u00fd pr\u00edstup na kontrolu jeho \u010dinnosti;<\/li>\n<li>Upevnenie v \u010dasti kan\u00e1la pomocou skrutky M6 a matice;<\/li>\n<li>Mo\u017enos\u0165 pou\u017eitia uz\u00e1verov pukov, trysiek RSM a tie\u017e rozlieva\u010dov uz\u00e1verov RSM a rozlievac\u00edch had\u00edc, ktor\u00e9 s\u00fa k dispoz\u00edcii u n\u00e1s.<\/li>\n<\/ul>\n<div><\/div>\n","protected":false},"excerpt":{"rendered":"<p style=\"text-align: justify\">Rozpra\u0161ovacie teleso s uzatv\u00e1rac\u00edm ventilom PROLINE<\/p>\n","protected":false},"featured_media":12544,"comment_status":"open","ping_status":"closed","template":"","meta":{"_acf_changed":false,"inline_featured_image":false},"product_brand":[],"product_cat":[538,551,556],"product_tag":[],"class_list":{"0":"post-12543","1":"product","2":"type-product","3":"status-publish","4":"has-post-thumbnail","6":"product_cat-komponenty-postrekovacieho-zariadenia","7":"product_cat-nahradne-diely-pre-postrekovace","8":"product_cat-tela","10":"first","11":"instock","12":"taxable","13":"shipping-taxable","14":"purchasable","15":"product-type-simple"},"acf":[],"yoast_head":"<!-- This site is optimized with the Yoast SEO plugin v27.2 - https:\/\/yoast.com\/product\/yoast-seo-wordpress\/ -->\n<title>Rozpra\u0161ovacie teleso 0-100\/08\/K PRO - Exparto.pl<\/title>\n<meta name=\"robots\" content=\"index, follow, max-snippet:-1, max-image-preview:large, max-video-preview:-1\" \/>\n<link rel=\"canonical\" href=\"https:\/\/exparto.pl\/sk\/produkt\/korpus-rozpylacza-0-100-08-k-pro\/\" \/>\n<meta property=\"og:locale\" content=\"sk_SK\" \/>\n<meta property=\"og:type\" content=\"article\" \/>\n<meta property=\"og:title\" content=\"Rozpra\u0161ovacie teleso 0-100\/08\/K PRO - Exparto.pl\" \/>\n<meta property=\"og:description\" content=\"Rozpra\u0161ovacie teleso s uzatv\u00e1rac\u00edm ventilom PROLINE\" \/>\n<meta property=\"og:url\" content=\"https:\/\/exparto.pl\/sk\/produkt\/korpus-rozpylacza-0-100-08-k-pro\/\" \/>\n<meta property=\"og:site_name\" content=\"Exparto.pl\" \/>\n<meta property=\"article:publisher\" content=\"https:\/\/www.facebook.com\/exparto.agro\/\" \/>\n<meta property=\"og:image\" content=\"https:\/\/exparto.pl\/wp-content\/uploads\/2023\/09\/0218a4ee66af31648ec4f56163d822db.jpg\" \/>\n\t<meta property=\"og:image:width\" content=\"1000\" \/>\n\t<meta property=\"og:image:height\" content=\"1000\" \/>\n\t<meta property=\"og:image:type\" content=\"image\/jpeg\" \/>\n<meta name=\"twitter:card\" content=\"summary_large_image\" \/>\n<meta name=\"twitter:label1\" content=\"Predpokladan\u00fd \u010das \u010d\u00edtania\" \/>\n\t<meta name=\"twitter:data1\" content=\"1 min\u00fata\" \/>\n<script type=\"application\/ld+json\" class=\"yoast-schema-graph\">{\"@context\":\"https:\/\/schema.org\",\"@graph\":[{\"@type\":\"WebPage\",\"@id\":\"https:\/\/exparto.pl\/sk\/produkt\/korpus-rozpylacza-0-100-08-k-pro\/\",\"url\":\"https:\/\/exparto.pl\/sk\/produkt\/korpus-rozpylacza-0-100-08-k-pro\/\",\"name\":\"Rozpra\u0161ovacie teleso 0-100\/08\/K PRO - Exparto.pl\",\"isPartOf\":{\"@id\":\"https:\/\/exparto.pl\/sk\/#website\"},\"primaryImageOfPage\":{\"@id\":\"https:\/\/exparto.pl\/sk\/produkt\/korpus-rozpylacza-0-100-08-k-pro\/#primaryimage\"},\"image\":{\"@id\":\"https:\/\/exparto.pl\/sk\/produkt\/korpus-rozpylacza-0-100-08-k-pro\/#primaryimage\"},\"thumbnailUrl\":\"https:\/\/exparto.pl\/wp-content\/uploads\/2023\/09\/0218a4ee66af31648ec4f56163d822db.jpg\",\"datePublished\":\"2023-09-25T07:16:19+00:00\",\"breadcrumb\":{\"@id\":\"https:\/\/exparto.pl\/sk\/produkt\/korpus-rozpylacza-0-100-08-k-pro\/#breadcrumb\"},\"inLanguage\":\"sk-SK\",\"potentialAction\":[{\"@type\":\"ReadAction\",\"target\":[\"https:\/\/exparto.pl\/sk\/produkt\/korpus-rozpylacza-0-100-08-k-pro\/\"]}]},{\"@type\":\"ImageObject\",\"inLanguage\":\"sk-SK\",\"@id\":\"https:\/\/exparto.pl\/sk\/produkt\/korpus-rozpylacza-0-100-08-k-pro\/#primaryimage\",\"url\":\"https:\/\/exparto.pl\/wp-content\/uploads\/2023\/09\/0218a4ee66af31648ec4f56163d822db.jpg\",\"contentUrl\":\"https:\/\/exparto.pl\/wp-content\/uploads\/2023\/09\/0218a4ee66af31648ec4f56163d822db.jpg\",\"width\":1000,\"height\":1000},{\"@type\":\"BreadcrumbList\",\"@id\":\"https:\/\/exparto.pl\/sk\/produkt\/korpus-rozpylacza-0-100-08-k-pro\/#breadcrumb\",\"itemListElement\":[{\"@type\":\"ListItem\",\"position\":1,\"name\":\"Domovsk\u00e1 str\u00e1nka\",\"item\":\"https:\/\/exparto.pl\/sk\/domovska-stranka\/\"},{\"@type\":\"ListItem\",\"position\":2,\"name\":\"Sklep\",\"item\":\"https:\/\/exparto.pl\/sklep\/\"},{\"@type\":\"ListItem\",\"position\":3,\"name\":\"Tel\u00e1\",\"item\":\"https:\/\/exparto.pl\/sk\/kategoria-produktov\/nahradne-diely-pre-postrekovace\/komponenty-postrekovacieho-zariadenia\/tela\/\"},{\"@type\":\"ListItem\",\"position\":4,\"name\":\"Rozpra\u0161ovacie teleso 0-100\/08\/K PRO\"}]},{\"@type\":\"WebSite\",\"@id\":\"https:\/\/exparto.pl\/sk\/#website\",\"url\":\"https:\/\/exparto.pl\/sk\/\",\"name\":\"EXPARTO\",\"description\":\"More than agro parts\",\"publisher\":{\"@id\":\"https:\/\/exparto.pl\/sk\/#organization\"},\"potentialAction\":[{\"@type\":\"SearchAction\",\"target\":{\"@type\":\"EntryPoint\",\"urlTemplate\":\"https:\/\/exparto.pl\/sk\/?s={search_term_string}\"},\"query-input\":{\"@type\":\"PropertyValueSpecification\",\"valueRequired\":true,\"valueName\":\"search_term_string\"}}],\"inLanguage\":\"sk-SK\"},{\"@type\":\"Organization\",\"@id\":\"https:\/\/exparto.pl\/sk\/#organization\",\"name\":\"EXPARTO\",\"url\":\"https:\/\/exparto.pl\/sk\/\",\"logo\":{\"@type\":\"ImageObject\",\"inLanguage\":\"sk-SK\",\"@id\":\"https:\/\/exparto.pl\/sk\/#\/schema\/logo\/image\/\",\"url\":\"https:\/\/exparto.pl\/wp-content\/uploads\/2023\/02\/logo-wektor.png\",\"contentUrl\":\"https:\/\/exparto.pl\/wp-content\/uploads\/2023\/02\/logo-wektor.png\",\"width\":1338,\"height\":143,\"caption\":\"EXPARTO\"},\"image\":{\"@id\":\"https:\/\/exparto.pl\/sk\/#\/schema\/logo\/image\/\"},\"sameAs\":[\"https:\/\/www.facebook.com\/exparto.agro\/\"]}]}<\/script>\n<!-- \/ Yoast SEO plugin. -->","yoast_head_json":{"title":"Rozpra\u0161ovacie teleso 0-100\/08\/K PRO - Exparto.pl","robots":{"index":"index","follow":"follow","max-snippet":"max-snippet:-1","max-image-preview":"max-image-preview:large","max-video-preview":"max-video-preview:-1"},"canonical":"https:\/\/exparto.pl\/sk\/produkt\/korpus-rozpylacza-0-100-08-k-pro\/","og_locale":"sk_SK","og_type":"article","og_title":"Rozpra\u0161ovacie teleso 0-100\/08\/K PRO - Exparto.pl","og_description":"Rozpra\u0161ovacie teleso s uzatv\u00e1rac\u00edm ventilom PROLINE","og_url":"https:\/\/exparto.pl\/sk\/produkt\/korpus-rozpylacza-0-100-08-k-pro\/","og_site_name":"Exparto.pl","article_publisher":"https:\/\/www.facebook.com\/exparto.agro\/","og_image":[{"width":1000,"height":1000,"url":"https:\/\/exparto.pl\/wp-content\/uploads\/2023\/09\/0218a4ee66af31648ec4f56163d822db.jpg","type":"image\/jpeg"}],"twitter_card":"summary_large_image","twitter_misc":{"Predpokladan\u00fd \u010das \u010d\u00edtania":"1 min\u00fata"},"schema":{"@context":"https:\/\/schema.org","@graph":[{"@type":"WebPage","@id":"https:\/\/exparto.pl\/sk\/produkt\/korpus-rozpylacza-0-100-08-k-pro\/","url":"https:\/\/exparto.pl\/sk\/produkt\/korpus-rozpylacza-0-100-08-k-pro\/","name":"Rozpra\u0161ovacie teleso 0-100\/08\/K PRO - Exparto.pl","isPartOf":{"@id":"https:\/\/exparto.pl\/sk\/#website"},"primaryImageOfPage":{"@id":"https:\/\/exparto.pl\/sk\/produkt\/korpus-rozpylacza-0-100-08-k-pro\/#primaryimage"},"image":{"@id":"https:\/\/exparto.pl\/sk\/produkt\/korpus-rozpylacza-0-100-08-k-pro\/#primaryimage"},"thumbnailUrl":"https:\/\/exparto.pl\/wp-content\/uploads\/2023\/09\/0218a4ee66af31648ec4f56163d822db.jpg","datePublished":"2023-09-25T07:16:19+00:00","breadcrumb":{"@id":"https:\/\/exparto.pl\/sk\/produkt\/korpus-rozpylacza-0-100-08-k-pro\/#breadcrumb"},"inLanguage":"sk-SK","potentialAction":[{"@type":"ReadAction","target":["https:\/\/exparto.pl\/sk\/produkt\/korpus-rozpylacza-0-100-08-k-pro\/"]}]},{"@type":"ImageObject","inLanguage":"sk-SK","@id":"https:\/\/exparto.pl\/sk\/produkt\/korpus-rozpylacza-0-100-08-k-pro\/#primaryimage","url":"https:\/\/exparto.pl\/wp-content\/uploads\/2023\/09\/0218a4ee66af31648ec4f56163d822db.jpg","contentUrl":"https:\/\/exparto.pl\/wp-content\/uploads\/2023\/09\/0218a4ee66af31648ec4f56163d822db.jpg","width":1000,"height":1000},{"@type":"BreadcrumbList","@id":"https:\/\/exparto.pl\/sk\/produkt\/korpus-rozpylacza-0-100-08-k-pro\/#breadcrumb","itemListElement":[{"@type":"ListItem","position":1,"name":"Domovsk\u00e1 str\u00e1nka","item":"https:\/\/exparto.pl\/sk\/domovska-stranka\/"},{"@type":"ListItem","position":2,"name":"Sklep","item":"https:\/\/exparto.pl\/sklep\/"},{"@type":"ListItem","position":3,"name":"Tel\u00e1","item":"https:\/\/exparto.pl\/sk\/kategoria-produktov\/nahradne-diely-pre-postrekovace\/komponenty-postrekovacieho-zariadenia\/tela\/"},{"@type":"ListItem","position":4,"name":"Rozpra\u0161ovacie teleso 0-100\/08\/K PRO"}]},{"@type":"WebSite","@id":"https:\/\/exparto.pl\/sk\/#website","url":"https:\/\/exparto.pl\/sk\/","name":"EXPARTO","description":"More than agro parts","publisher":{"@id":"https:\/\/exparto.pl\/sk\/#organization"},"potentialAction":[{"@type":"SearchAction","target":{"@type":"EntryPoint","urlTemplate":"https:\/\/exparto.pl\/sk\/?s={search_term_string}"},"query-input":{"@type":"PropertyValueSpecification","valueRequired":true,"valueName":"search_term_string"}}],"inLanguage":"sk-SK"},{"@type":"Organization","@id":"https:\/\/exparto.pl\/sk\/#organization","name":"EXPARTO","url":"https:\/\/exparto.pl\/sk\/","logo":{"@type":"ImageObject","inLanguage":"sk-SK","@id":"https:\/\/exparto.pl\/sk\/#\/schema\/logo\/image\/","url":"https:\/\/exparto.pl\/wp-content\/uploads\/2023\/02\/logo-wektor.png","contentUrl":"https:\/\/exparto.pl\/wp-content\/uploads\/2023\/02\/logo-wektor.png","width":1338,"height":143,"caption":"EXPARTO"},"image":{"@id":"https:\/\/exparto.pl\/sk\/#\/schema\/logo\/image\/"},"sameAs":["https:\/\/www.facebook.com\/exparto.agro\/"]}]}},"_links":{"self":[{"href":"https:\/\/exparto.pl\/sk\/wp-json\/wp\/v2\/product\/12543","targetHints":{"allow":["GET"]}}],"collection":[{"href":"https:\/\/exparto.pl\/sk\/wp-json\/wp\/v2\/product"}],"about":[{"href":"https:\/\/exparto.pl\/sk\/wp-json\/wp\/v2\/types\/product"}],"replies":[{"embeddable":true,"href":"https:\/\/exparto.pl\/sk\/wp-json\/wp\/v2\/comments?post=12543"}],"wp:featuredmedia":[{"embeddable":true,"href":"https:\/\/exparto.pl\/sk\/wp-json\/wp\/v2\/media\/12544"}],"wp:attachment":[{"href":"https:\/\/exparto.pl\/sk\/wp-json\/wp\/v2\/media?parent=12543"}],"wp:term":[{"taxonomy":"product_brand","embeddable":true,"href":"https:\/\/exparto.pl\/sk\/wp-json\/wp\/v2\/product_brand?post=12543"},{"taxonomy":"product_cat","embeddable":true,"href":"https:\/\/exparto.pl\/sk\/wp-json\/wp\/v2\/product_cat?post=12543"},{"taxonomy":"product_tag","embeddable":true,"href":"https:\/\/exparto.pl\/sk\/wp-json\/wp\/v2\/product_tag?post=12543"}],"curies":[{"name":"wp","href":"https:\/\/api.w.org\/{rel}","templated":true}]}}