{"id":12579,"date":"2023-09-17T23:41:35","date_gmt":"2023-09-17T21:41:35","guid":{"rendered":"https:\/\/exparto.pl\/produkt\/rozprasovac-8ms-110-03-modry\/"},"modified":"2023-09-17T23:41:35","modified_gmt":"2023-09-17T21:41:35","slug":"spray-nozzle-8ms-110-03-blue","status":"publish","type":"product","link":"https:\/\/exparto.pl\/sk\/produkt\/spray-nozzle-8ms-110-03-blue\/","title":{"rendered":"Rozpra\u0161ova\u010d 8MS 110 03 modr\u00fd"},"content":{"rendered":"<p style=\"text-align: justify\">Ejektorov\u00e9 rozpra\u0161ova\u010de vytv\u00e1raj\u00fa vzduchov\u00e9 bubliny vo ve\u013ek\u00fdch kvapk\u00e1ch pomocou pr\u00fadu vzduchu nas\u00e1van\u00e9ho cez otvory na ich z\u00e1kladni. Ke\u010f kvapky postreku dopadaj\u00fa na povrch rastl\u00edn, rozpadaj\u00fa sa na drobnej\u0161ie kvapky, \u010do zvy\u0161uje \u00fa\u010dinnos\u0165 a rovnomernos\u0165 o\u0161etrenia.<\/p>\n<p style=\"text-align: justify\">Vytv\u00e1ra hrub\u00e9 a\u017e ve\u013emi hrub\u00e9 kvap\u00f4\u010dky s vysokou odolnos\u0165ou proti \u00faletu, \u010do umo\u017e\u0148uje vykon\u00e1va\u0165 postrek aj v nepriazniv\u00fdch podmienkach (vietor do 8 m\/s, n\u00edzka vlhkos\u0165, vy\u0161\u0161ie teploty).<\/p>\n<p style=\"text-align: justify\"><span style=\"color: inherit;font-weight: 700 !important\">Pou\u017eitie<\/span>: pre pr\u00edpravky na ochranu rastl\u00edn, regul\u00e1tory rastu, po\u013en\u00e9 plodiny.<\/p>\n<ul>\n<li style=\"text-align: justify\"><span style=\"color: inherit;font-weight: 700 !important\">Uhol \u0161\u00edrenia kvapaliny &#8211; 110\u00ba;<\/span><\/li>\n<li style=\"text-align: justify\"><span style=\"color: inherit;font-weight: 700 !important\">Hod\u00ed sa na v\u0161etky \u0161tandardn\u00e9 kryty n\u00e1bojov na trhu;<\/span><\/li>\n<li style=\"text-align: justify\"><span style=\"color: inherit;font-weight: 700 !important\">Sp\u013a\u0148a po\u017eiadavky ISO pre po\u013enohospod\u00e1rske d\u00fdzy;<\/span><\/li>\n<li style=\"text-align: justify\"><span style=\"color: inherit;font-weight: 700 !important\">V\u00fdstup kvapaliny pod\u013ea normy ISO 10625;<\/span><\/li>\n<li style=\"text-align: justify\"><span style=\"color: inherit;font-weight: 700 !important\">Umo\u017e\u0148uj\u00fa o\u0161etrenie pri r\u00fdchlosti vetra do 8 m\/s.<\/span><\/li>\n<\/ul>\n","protected":false},"excerpt":{"rendered":"<p style=\"text-align: justify\"><span style=\"text-align: justify\">Ejektorov\u00e9 rozpra\u0161ova\u010de vytv\u00e1raj\u00fa vzduchov\u00e9 bubliny vo ve\u013ek\u00fdch kvapk\u00e1ch pomocou pr\u00fadu vzduchu nas\u00e1van\u00e9ho cez otvory na ich z\u00e1kladni.<\/span><\/p>\n<p>&nbsp;<\/p>\n","protected":false},"featured_media":12580,"comment_status":"open","ping_status":"closed","template":"","meta":{"_acf_changed":false,"inline_featured_image":false},"product_brand":[],"product_cat":[551,529],"product_tag":[],"class_list":{"0":"post-12579","1":"product","2":"type-product","3":"status-publish","4":"has-post-thumbnail","6":"product_cat-nahradne-diely-pre-postrekovace","7":"product_cat-spreje","9":"first","10":"outofstock","11":"featured","12":"taxable","13":"shipping-taxable","14":"purchasable","15":"product-type-simple"},"acf":[],"yoast_head":"<!-- This site is optimized with the Yoast SEO plugin v27.4 - https:\/\/yoast.com\/product\/yoast-seo-wordpress\/ -->\n<title>Rozpra\u0161ova\u010d 8MS 110 03 modr\u00fd - Exparto.pl<\/title>\n<meta name=\"robots\" content=\"index, follow, max-snippet:-1, max-image-preview:large, max-video-preview:-1\" \/>\n<link rel=\"canonical\" href=\"https:\/\/exparto.pl\/sk\/produkt\/spray-nozzle-8ms-110-03-blue\/\" \/>\n<meta property=\"og:locale\" content=\"sk_SK\" \/>\n<meta property=\"og:type\" content=\"article\" \/>\n<meta property=\"og:title\" content=\"Rozpra\u0161ova\u010d 8MS 110 03 modr\u00fd - Exparto.pl\" \/>\n<meta property=\"og:description\" content=\"Ejektorov\u00e9 rozpra\u0161ova\u010de vytv\u00e1raj\u00fa vzduchov\u00e9 bubliny vo ve\u013ek\u00fdch kvapk\u00e1ch pomocou pr\u00fadu vzduchu nas\u00e1van\u00e9ho cez otvory na ich z\u00e1kladni. &nbsp;\" \/>\n<meta property=\"og:url\" content=\"https:\/\/exparto.pl\/sk\/produkt\/spray-nozzle-8ms-110-03-blue\/\" \/>\n<meta property=\"og:site_name\" content=\"Exparto.pl\" \/>\n<meta property=\"article:publisher\" content=\"https:\/\/www.facebook.com\/exparto.agro\/\" \/>\n<meta property=\"og:image\" content=\"https:\/\/exparto.pl\/wp-content\/uploads\/2023\/09\/d56e92c693ee4ed7b737cde6923441e5.jpg\" \/>\n\t<meta property=\"og:image:width\" content=\"1000\" \/>\n\t<meta property=\"og:image:height\" content=\"1000\" \/>\n\t<meta property=\"og:image:type\" content=\"image\/jpeg\" \/>\n<meta name=\"twitter:card\" content=\"summary_large_image\" \/>\n<meta name=\"twitter:label1\" content=\"Predpokladan\u00fd \u010das \u010d\u00edtania\" \/>\n\t<meta name=\"twitter:data1\" content=\"1 min\u00fata\" \/>\n<script type=\"application\/ld+json\" class=\"yoast-schema-graph\">{\"@context\":\"https:\\\/\\\/schema.org\",\"@graph\":[{\"@type\":\"WebPage\",\"@id\":\"https:\\\/\\\/exparto.pl\\\/sk\\\/produkt\\\/spray-nozzle-8ms-110-03-blue\\\/\",\"url\":\"https:\\\/\\\/exparto.pl\\\/sk\\\/produkt\\\/spray-nozzle-8ms-110-03-blue\\\/\",\"name\":\"Rozpra\u0161ova\u010d 8MS 110 03 modr\u00fd - Exparto.pl\",\"isPartOf\":{\"@id\":\"https:\\\/\\\/exparto.pl\\\/sk\\\/#website\"},\"primaryImageOfPage\":{\"@id\":\"https:\\\/\\\/exparto.pl\\\/sk\\\/produkt\\\/spray-nozzle-8ms-110-03-blue\\\/#primaryimage\"},\"image\":{\"@id\":\"https:\\\/\\\/exparto.pl\\\/sk\\\/produkt\\\/spray-nozzle-8ms-110-03-blue\\\/#primaryimage\"},\"thumbnailUrl\":\"https:\\\/\\\/exparto.pl\\\/wp-content\\\/uploads\\\/2023\\\/09\\\/d56e92c693ee4ed7b737cde6923441e5.jpg\",\"datePublished\":\"2023-09-17T21:41:35+00:00\",\"breadcrumb\":{\"@id\":\"https:\\\/\\\/exparto.pl\\\/sk\\\/produkt\\\/spray-nozzle-8ms-110-03-blue\\\/#breadcrumb\"},\"inLanguage\":\"sk-SK\",\"potentialAction\":[{\"@type\":\"ReadAction\",\"target\":[\"https:\\\/\\\/exparto.pl\\\/sk\\\/produkt\\\/spray-nozzle-8ms-110-03-blue\\\/\"]}]},{\"@type\":\"ImageObject\",\"inLanguage\":\"sk-SK\",\"@id\":\"https:\\\/\\\/exparto.pl\\\/sk\\\/produkt\\\/spray-nozzle-8ms-110-03-blue\\\/#primaryimage\",\"url\":\"https:\\\/\\\/exparto.pl\\\/wp-content\\\/uploads\\\/2023\\\/09\\\/d56e92c693ee4ed7b737cde6923441e5.jpg\",\"contentUrl\":\"https:\\\/\\\/exparto.pl\\\/wp-content\\\/uploads\\\/2023\\\/09\\\/d56e92c693ee4ed7b737cde6923441e5.jpg\",\"width\":1000,\"height\":1000},{\"@type\":\"BreadcrumbList\",\"@id\":\"https:\\\/\\\/exparto.pl\\\/sk\\\/produkt\\\/spray-nozzle-8ms-110-03-blue\\\/#breadcrumb\",\"itemListElement\":[{\"@type\":\"ListItem\",\"position\":1,\"name\":\"Domovsk\u00e1 str\u00e1nka\",\"item\":\"https:\\\/\\\/exparto.pl\\\/sk\\\/domovska-stranka\\\/\"},{\"@type\":\"ListItem\",\"position\":2,\"name\":\"Sklep\",\"item\":\"https:\\\/\\\/exparto.pl\\\/sklep\\\/\"},{\"@type\":\"ListItem\",\"position\":3,\"name\":\"Spreje\",\"item\":\"https:\\\/\\\/exparto.pl\\\/sk\\\/kategoria-produktov\\\/nahradne-diely-pre-postrekovace\\\/spreje\\\/\"},{\"@type\":\"ListItem\",\"position\":4,\"name\":\"Rozpra\u0161ova\u010d 8MS 110 03 modr\u00fd\"}]},{\"@type\":\"WebSite\",\"@id\":\"https:\\\/\\\/exparto.pl\\\/sk\\\/#website\",\"url\":\"https:\\\/\\\/exparto.pl\\\/sk\\\/\",\"name\":\"EXPARTO\",\"description\":\"More than agro parts\",\"publisher\":{\"@id\":\"https:\\\/\\\/exparto.pl\\\/sk\\\/#organization\"},\"potentialAction\":[{\"@type\":\"SearchAction\",\"target\":{\"@type\":\"EntryPoint\",\"urlTemplate\":\"https:\\\/\\\/exparto.pl\\\/sk\\\/?s={search_term_string}\"},\"query-input\":{\"@type\":\"PropertyValueSpecification\",\"valueRequired\":true,\"valueName\":\"search_term_string\"}}],\"inLanguage\":\"sk-SK\"},{\"@type\":\"Organization\",\"@id\":\"https:\\\/\\\/exparto.pl\\\/sk\\\/#organization\",\"name\":\"EXPARTO\",\"url\":\"https:\\\/\\\/exparto.pl\\\/sk\\\/\",\"logo\":{\"@type\":\"ImageObject\",\"inLanguage\":\"sk-SK\",\"@id\":\"https:\\\/\\\/exparto.pl\\\/sk\\\/#\\\/schema\\\/logo\\\/image\\\/\",\"url\":\"https:\\\/\\\/exparto.pl\\\/wp-content\\\/uploads\\\/2023\\\/02\\\/logo-wektor.png\",\"contentUrl\":\"https:\\\/\\\/exparto.pl\\\/wp-content\\\/uploads\\\/2023\\\/02\\\/logo-wektor.png\",\"width\":1338,\"height\":143,\"caption\":\"EXPARTO\"},\"image\":{\"@id\":\"https:\\\/\\\/exparto.pl\\\/sk\\\/#\\\/schema\\\/logo\\\/image\\\/\"},\"sameAs\":[\"https:\\\/\\\/www.facebook.com\\\/exparto.agro\\\/\"]}]}<\/script>\n<!-- \/ Yoast SEO plugin. -->","yoast_head_json":{"title":"Rozpra\u0161ova\u010d 8MS 110 03 modr\u00fd - Exparto.pl","robots":{"index":"index","follow":"follow","max-snippet":"max-snippet:-1","max-image-preview":"max-image-preview:large","max-video-preview":"max-video-preview:-1"},"canonical":"https:\/\/exparto.pl\/sk\/produkt\/spray-nozzle-8ms-110-03-blue\/","og_locale":"sk_SK","og_type":"article","og_title":"Rozpra\u0161ova\u010d 8MS 110 03 modr\u00fd - Exparto.pl","og_description":"Ejektorov\u00e9 rozpra\u0161ova\u010de vytv\u00e1raj\u00fa vzduchov\u00e9 bubliny vo ve\u013ek\u00fdch kvapk\u00e1ch pomocou pr\u00fadu vzduchu nas\u00e1van\u00e9ho cez otvory na ich z\u00e1kladni. &nbsp;","og_url":"https:\/\/exparto.pl\/sk\/produkt\/spray-nozzle-8ms-110-03-blue\/","og_site_name":"Exparto.pl","article_publisher":"https:\/\/www.facebook.com\/exparto.agro\/","og_image":[{"width":1000,"height":1000,"url":"https:\/\/exparto.pl\/wp-content\/uploads\/2023\/09\/d56e92c693ee4ed7b737cde6923441e5.jpg","type":"image\/jpeg"}],"twitter_card":"summary_large_image","twitter_misc":{"Predpokladan\u00fd \u010das \u010d\u00edtania":"1 min\u00fata"},"schema":{"@context":"https:\/\/schema.org","@graph":[{"@type":"WebPage","@id":"https:\/\/exparto.pl\/sk\/produkt\/spray-nozzle-8ms-110-03-blue\/","url":"https:\/\/exparto.pl\/sk\/produkt\/spray-nozzle-8ms-110-03-blue\/","name":"Rozpra\u0161ova\u010d 8MS 110 03 modr\u00fd - Exparto.pl","isPartOf":{"@id":"https:\/\/exparto.pl\/sk\/#website"},"primaryImageOfPage":{"@id":"https:\/\/exparto.pl\/sk\/produkt\/spray-nozzle-8ms-110-03-blue\/#primaryimage"},"image":{"@id":"https:\/\/exparto.pl\/sk\/produkt\/spray-nozzle-8ms-110-03-blue\/#primaryimage"},"thumbnailUrl":"https:\/\/exparto.pl\/wp-content\/uploads\/2023\/09\/d56e92c693ee4ed7b737cde6923441e5.jpg","datePublished":"2023-09-17T21:41:35+00:00","breadcrumb":{"@id":"https:\/\/exparto.pl\/sk\/produkt\/spray-nozzle-8ms-110-03-blue\/#breadcrumb"},"inLanguage":"sk-SK","potentialAction":[{"@type":"ReadAction","target":["https:\/\/exparto.pl\/sk\/produkt\/spray-nozzle-8ms-110-03-blue\/"]}]},{"@type":"ImageObject","inLanguage":"sk-SK","@id":"https:\/\/exparto.pl\/sk\/produkt\/spray-nozzle-8ms-110-03-blue\/#primaryimage","url":"https:\/\/exparto.pl\/wp-content\/uploads\/2023\/09\/d56e92c693ee4ed7b737cde6923441e5.jpg","contentUrl":"https:\/\/exparto.pl\/wp-content\/uploads\/2023\/09\/d56e92c693ee4ed7b737cde6923441e5.jpg","width":1000,"height":1000},{"@type":"BreadcrumbList","@id":"https:\/\/exparto.pl\/sk\/produkt\/spray-nozzle-8ms-110-03-blue\/#breadcrumb","itemListElement":[{"@type":"ListItem","position":1,"name":"Domovsk\u00e1 str\u00e1nka","item":"https:\/\/exparto.pl\/sk\/domovska-stranka\/"},{"@type":"ListItem","position":2,"name":"Sklep","item":"https:\/\/exparto.pl\/sklep\/"},{"@type":"ListItem","position":3,"name":"Spreje","item":"https:\/\/exparto.pl\/sk\/kategoria-produktov\/nahradne-diely-pre-postrekovace\/spreje\/"},{"@type":"ListItem","position":4,"name":"Rozpra\u0161ova\u010d 8MS 110 03 modr\u00fd"}]},{"@type":"WebSite","@id":"https:\/\/exparto.pl\/sk\/#website","url":"https:\/\/exparto.pl\/sk\/","name":"EXPARTO","description":"More than agro parts","publisher":{"@id":"https:\/\/exparto.pl\/sk\/#organization"},"potentialAction":[{"@type":"SearchAction","target":{"@type":"EntryPoint","urlTemplate":"https:\/\/exparto.pl\/sk\/?s={search_term_string}"},"query-input":{"@type":"PropertyValueSpecification","valueRequired":true,"valueName":"search_term_string"}}],"inLanguage":"sk-SK"},{"@type":"Organization","@id":"https:\/\/exparto.pl\/sk\/#organization","name":"EXPARTO","url":"https:\/\/exparto.pl\/sk\/","logo":{"@type":"ImageObject","inLanguage":"sk-SK","@id":"https:\/\/exparto.pl\/sk\/#\/schema\/logo\/image\/","url":"https:\/\/exparto.pl\/wp-content\/uploads\/2023\/02\/logo-wektor.png","contentUrl":"https:\/\/exparto.pl\/wp-content\/uploads\/2023\/02\/logo-wektor.png","width":1338,"height":143,"caption":"EXPARTO"},"image":{"@id":"https:\/\/exparto.pl\/sk\/#\/schema\/logo\/image\/"},"sameAs":["https:\/\/www.facebook.com\/exparto.agro\/"]}]}},"_links":{"self":[{"href":"https:\/\/exparto.pl\/sk\/wp-json\/wp\/v2\/product\/12579","targetHints":{"allow":["GET"]}}],"collection":[{"href":"https:\/\/exparto.pl\/sk\/wp-json\/wp\/v2\/product"}],"about":[{"href":"https:\/\/exparto.pl\/sk\/wp-json\/wp\/v2\/types\/product"}],"replies":[{"embeddable":true,"href":"https:\/\/exparto.pl\/sk\/wp-json\/wp\/v2\/comments?post=12579"}],"wp:featuredmedia":[{"embeddable":true,"href":"https:\/\/exparto.pl\/sk\/wp-json\/wp\/v2\/media\/12580"}],"wp:attachment":[{"href":"https:\/\/exparto.pl\/sk\/wp-json\/wp\/v2\/media?parent=12579"}],"wp:term":[{"taxonomy":"product_brand","embeddable":true,"href":"https:\/\/exparto.pl\/sk\/wp-json\/wp\/v2\/product_brand?post=12579"},{"taxonomy":"product_cat","embeddable":true,"href":"https:\/\/exparto.pl\/sk\/wp-json\/wp\/v2\/product_cat?post=12579"},{"taxonomy":"product_tag","embeddable":true,"href":"https:\/\/exparto.pl\/sk\/wp-json\/wp\/v2\/product_tag?post=12579"}],"curies":[{"name":"wp","href":"https:\/\/api.w.org\/{rel}","templated":true}]}}