{"id":12587,"date":"2023-09-09T20:03:41","date_gmt":"2023-09-09T18:03:41","guid":{"rendered":"https:\/\/exparto.pl\/produkt\/kabel-2000-mm-montaz-na-gulu\/"},"modified":"2023-09-09T20:03:41","modified_gmt":"2023-09-09T18:03:41","slug":"linky-2m-montazna-suprava-distributor","status":"publish","type":"product","link":"https:\/\/exparto.pl\/sk\/produkt\/linky-2m-montazna-suprava-distributor\/","title":{"rendered":"K\u00e1bel 2000 mm &#8211; mont\u00e1\u017e na gu\u013eu"},"content":{"rendered":"<p class=\"MsoNormal\" style=\"text-align: justify;\"><span style=\"color: inherit;\">M\u00e1 v\u00fdznamn\u00e9 uplatnenie<\/span> v hydraulick\u00fdch syst\u00e9moch v po\u013enohospod\u00e1rstve, priemysle a stavebn\u00edctve.<\/p>\n<p class=\"MsoNormal\" style=\"text-align: justify;\">Linky s\u00fa vhodn\u00e9 na <span style=\"color: inherit;\">ovl\u00e1danie hydraulick\u00fdch rozv\u00e1dza\u010dov<\/span> na r\u00f4znych typoch strojov, ako s\u00fa: po\u013enohospod\u00e1rske stroje, naklada\u010de HDS, postrekova\u010de, cyklokopt\u00e9ry, aurochy, traktory, stavebn\u00e9 stroje, naklada\u010de, r\u00fdpadl\u00e1, priemyseln\u00e9 stroje, zametacie stroje a in\u00e9 hydraulick\u00e9 zariadenia ovl\u00e1dan\u00e9 joystickmi.<\/p>\n","protected":false},"excerpt":{"rendered":"<p class=\"MsoNormal\" style=\"text-align: justify;\"><span style=\"color: inherit;\">M\u00e1 v\u00fdznamn\u00e9 uplatnenie<\/span> v hydraulick\u00fdch syst\u00e9moch v po\u013enohospod\u00e1rstve, priemysle a stavebn\u00edctve.<\/p>\n<p class=\"MsoNormal\" style=\"text-align: justify;\">Linky s\u00fa vhodn\u00e9 na <span style=\"color: inherit;\">ovl\u00e1danie hydraulick\u00fdch rozv\u00e1dza\u010dov<\/span> na r\u00f4znych typoch strojov, ako s\u00fa: po\u013enohospod\u00e1rske stroje, naklada\u010de HDS, postrekova\u010de, cyklokopt\u00e9ry, aurochy, traktory, stavebn\u00e9 stroje, naklada\u010de, r\u00fdpadl\u00e1, priemyseln\u00e9 stroje, zametacie stroje a in\u00e9 hydraulick\u00e9 zariadenia ovl\u00e1dan\u00e9 joystickmi.<\/p>\n","protected":false},"featured_media":12588,"comment_status":"open","ping_status":"closed","template":"","meta":{"_acf_changed":false,"inline_featured_image":false},"product_brand":[],"product_cat":[561,562],"product_tag":[],"class_list":{"0":"post-12587","1":"product","2":"type-product","3":"status-publish","4":"has-post-thumbnail","6":"product_cat-odkazy-na-rozdelovace","7":"product_cat-odkazy-s-gulovym-drziakom","9":"first","10":"instock","11":"taxable","12":"shipping-taxable","13":"purchasable","14":"product-type-simple"},"acf":[],"yoast_head":"<!-- This site is optimized with the Yoast SEO plugin v27.4 - https:\/\/yoast.com\/product\/yoast-seo-wordpress\/ -->\n<title>K\u00e1bel 2000 mm - mont\u00e1\u017e na gu\u013eu - Exparto.pl<\/title>\n<meta name=\"robots\" content=\"index, follow, max-snippet:-1, max-image-preview:large, max-video-preview:-1\" \/>\n<link rel=\"canonical\" href=\"https:\/\/exparto.pl\/sk\/produkt\/linky-2m-montazna-suprava-distributor\/\" \/>\n<meta property=\"og:locale\" content=\"sk_SK\" \/>\n<meta property=\"og:type\" content=\"article\" \/>\n<meta property=\"og:title\" content=\"K\u00e1bel 2000 mm - mont\u00e1\u017e na gu\u013eu - Exparto.pl\" \/>\n<meta property=\"og:description\" content=\"M\u00e1 v\u00fdznamn\u00e9 uplatnenie v hydraulick\u00fdch syst\u00e9moch v po\u013enohospod\u00e1rstve, priemysle a stavebn\u00edctve. Linky s\u00fa vhodn\u00e9 na ovl\u00e1danie hydraulick\u00fdch rozv\u00e1dza\u010dov na r\u00f4znych typoch strojov, ako s\u00fa: po\u013enohospod\u00e1rske stroje, naklada\u010de HDS, postrekova\u010de, cyklokopt\u00e9ry, aurochy, traktory, stavebn\u00e9 stroje, naklada\u010de, r\u00fdpadl\u00e1, priemyseln\u00e9 stroje, zametacie stroje a in\u00e9 hydraulick\u00e9 zariadenia ovl\u00e1dan\u00e9 joystickmi.\" \/>\n<meta property=\"og:url\" content=\"https:\/\/exparto.pl\/sk\/produkt\/linky-2m-montazna-suprava-distributor\/\" \/>\n<meta property=\"og:site_name\" content=\"Exparto.pl\" \/>\n<meta property=\"article:publisher\" content=\"https:\/\/www.facebook.com\/exparto.agro\/\" \/>\n<meta property=\"og:image\" content=\"https:\/\/exparto.pl\/wp-content\/uploads\/2023\/09\/3e13f4ba4aff38ff40ef5f8de620f2ce.jpg\" \/>\n\t<meta property=\"og:image:width\" content=\"1000\" \/>\n\t<meta property=\"og:image:height\" content=\"1000\" \/>\n\t<meta property=\"og:image:type\" content=\"image\/jpeg\" \/>\n<meta name=\"twitter:card\" content=\"summary_large_image\" \/>\n<script type=\"application\/ld+json\" class=\"yoast-schema-graph\">{\"@context\":\"https:\\\/\\\/schema.org\",\"@graph\":[{\"@type\":\"WebPage\",\"@id\":\"https:\\\/\\\/exparto.pl\\\/sk\\\/produkt\\\/linky-2m-montazna-suprava-distributor\\\/\",\"url\":\"https:\\\/\\\/exparto.pl\\\/sk\\\/produkt\\\/linky-2m-montazna-suprava-distributor\\\/\",\"name\":\"K\u00e1bel 2000 mm - mont\u00e1\u017e na gu\u013eu - Exparto.pl\",\"isPartOf\":{\"@id\":\"https:\\\/\\\/exparto.pl\\\/sk\\\/#website\"},\"primaryImageOfPage\":{\"@id\":\"https:\\\/\\\/exparto.pl\\\/sk\\\/produkt\\\/linky-2m-montazna-suprava-distributor\\\/#primaryimage\"},\"image\":{\"@id\":\"https:\\\/\\\/exparto.pl\\\/sk\\\/produkt\\\/linky-2m-montazna-suprava-distributor\\\/#primaryimage\"},\"thumbnailUrl\":\"https:\\\/\\\/exparto.pl\\\/wp-content\\\/uploads\\\/2023\\\/09\\\/3e13f4ba4aff38ff40ef5f8de620f2ce.jpg\",\"datePublished\":\"2023-09-09T18:03:41+00:00\",\"breadcrumb\":{\"@id\":\"https:\\\/\\\/exparto.pl\\\/sk\\\/produkt\\\/linky-2m-montazna-suprava-distributor\\\/#breadcrumb\"},\"inLanguage\":\"sk-SK\",\"potentialAction\":[{\"@type\":\"ReadAction\",\"target\":[\"https:\\\/\\\/exparto.pl\\\/sk\\\/produkt\\\/linky-2m-montazna-suprava-distributor\\\/\"]}]},{\"@type\":\"ImageObject\",\"inLanguage\":\"sk-SK\",\"@id\":\"https:\\\/\\\/exparto.pl\\\/sk\\\/produkt\\\/linky-2m-montazna-suprava-distributor\\\/#primaryimage\",\"url\":\"https:\\\/\\\/exparto.pl\\\/wp-content\\\/uploads\\\/2023\\\/09\\\/3e13f4ba4aff38ff40ef5f8de620f2ce.jpg\",\"contentUrl\":\"https:\\\/\\\/exparto.pl\\\/wp-content\\\/uploads\\\/2023\\\/09\\\/3e13f4ba4aff38ff40ef5f8de620f2ce.jpg\",\"width\":1000,\"height\":1000},{\"@type\":\"BreadcrumbList\",\"@id\":\"https:\\\/\\\/exparto.pl\\\/sk\\\/produkt\\\/linky-2m-montazna-suprava-distributor\\\/#breadcrumb\",\"itemListElement\":[{\"@type\":\"ListItem\",\"position\":1,\"name\":\"Domovsk\u00e1 str\u00e1nka\",\"item\":\"https:\\\/\\\/exparto.pl\\\/sk\\\/domovska-stranka\\\/\"},{\"@type\":\"ListItem\",\"position\":2,\"name\":\"Sklep\",\"item\":\"https:\\\/\\\/exparto.pl\\\/sklep\\\/\"},{\"@type\":\"ListItem\",\"position\":3,\"name\":\"Odkazy na rozde\u013eova\u010de\",\"item\":\"https:\\\/\\\/exparto.pl\\\/sk\\\/kategoria-produktov\\\/nahradne-diely-pre-celne-nakladace\\\/odkazy-na-rozdelovace\\\/\"},{\"@type\":\"ListItem\",\"position\":4,\"name\":\"K\u00e1bel 2000 mm &#8211; mont\u00e1\u017e na gu\u013eu\"}]},{\"@type\":\"WebSite\",\"@id\":\"https:\\\/\\\/exparto.pl\\\/sk\\\/#website\",\"url\":\"https:\\\/\\\/exparto.pl\\\/sk\\\/\",\"name\":\"EXPARTO\",\"description\":\"More than agro parts\",\"publisher\":{\"@id\":\"https:\\\/\\\/exparto.pl\\\/sk\\\/#organization\"},\"potentialAction\":[{\"@type\":\"SearchAction\",\"target\":{\"@type\":\"EntryPoint\",\"urlTemplate\":\"https:\\\/\\\/exparto.pl\\\/sk\\\/?s={search_term_string}\"},\"query-input\":{\"@type\":\"PropertyValueSpecification\",\"valueRequired\":true,\"valueName\":\"search_term_string\"}}],\"inLanguage\":\"sk-SK\"},{\"@type\":\"Organization\",\"@id\":\"https:\\\/\\\/exparto.pl\\\/sk\\\/#organization\",\"name\":\"EXPARTO\",\"url\":\"https:\\\/\\\/exparto.pl\\\/sk\\\/\",\"logo\":{\"@type\":\"ImageObject\",\"inLanguage\":\"sk-SK\",\"@id\":\"https:\\\/\\\/exparto.pl\\\/sk\\\/#\\\/schema\\\/logo\\\/image\\\/\",\"url\":\"https:\\\/\\\/exparto.pl\\\/wp-content\\\/uploads\\\/2023\\\/02\\\/logo-wektor.png\",\"contentUrl\":\"https:\\\/\\\/exparto.pl\\\/wp-content\\\/uploads\\\/2023\\\/02\\\/logo-wektor.png\",\"width\":1338,\"height\":143,\"caption\":\"EXPARTO\"},\"image\":{\"@id\":\"https:\\\/\\\/exparto.pl\\\/sk\\\/#\\\/schema\\\/logo\\\/image\\\/\"},\"sameAs\":[\"https:\\\/\\\/www.facebook.com\\\/exparto.agro\\\/\"]}]}<\/script>\n<!-- \/ Yoast SEO plugin. -->","yoast_head_json":{"title":"K\u00e1bel 2000 mm - mont\u00e1\u017e na gu\u013eu - Exparto.pl","robots":{"index":"index","follow":"follow","max-snippet":"max-snippet:-1","max-image-preview":"max-image-preview:large","max-video-preview":"max-video-preview:-1"},"canonical":"https:\/\/exparto.pl\/sk\/produkt\/linky-2m-montazna-suprava-distributor\/","og_locale":"sk_SK","og_type":"article","og_title":"K\u00e1bel 2000 mm - mont\u00e1\u017e na gu\u013eu - Exparto.pl","og_description":"M\u00e1 v\u00fdznamn\u00e9 uplatnenie v hydraulick\u00fdch syst\u00e9moch v po\u013enohospod\u00e1rstve, priemysle a stavebn\u00edctve. Linky s\u00fa vhodn\u00e9 na ovl\u00e1danie hydraulick\u00fdch rozv\u00e1dza\u010dov na r\u00f4znych typoch strojov, ako s\u00fa: po\u013enohospod\u00e1rske stroje, naklada\u010de HDS, postrekova\u010de, cyklokopt\u00e9ry, aurochy, traktory, stavebn\u00e9 stroje, naklada\u010de, r\u00fdpadl\u00e1, priemyseln\u00e9 stroje, zametacie stroje a in\u00e9 hydraulick\u00e9 zariadenia ovl\u00e1dan\u00e9 joystickmi.","og_url":"https:\/\/exparto.pl\/sk\/produkt\/linky-2m-montazna-suprava-distributor\/","og_site_name":"Exparto.pl","article_publisher":"https:\/\/www.facebook.com\/exparto.agro\/","og_image":[{"width":1000,"height":1000,"url":"https:\/\/exparto.pl\/wp-content\/uploads\/2023\/09\/3e13f4ba4aff38ff40ef5f8de620f2ce.jpg","type":"image\/jpeg"}],"twitter_card":"summary_large_image","schema":{"@context":"https:\/\/schema.org","@graph":[{"@type":"WebPage","@id":"https:\/\/exparto.pl\/sk\/produkt\/linky-2m-montazna-suprava-distributor\/","url":"https:\/\/exparto.pl\/sk\/produkt\/linky-2m-montazna-suprava-distributor\/","name":"K\u00e1bel 2000 mm - mont\u00e1\u017e na gu\u013eu - Exparto.pl","isPartOf":{"@id":"https:\/\/exparto.pl\/sk\/#website"},"primaryImageOfPage":{"@id":"https:\/\/exparto.pl\/sk\/produkt\/linky-2m-montazna-suprava-distributor\/#primaryimage"},"image":{"@id":"https:\/\/exparto.pl\/sk\/produkt\/linky-2m-montazna-suprava-distributor\/#primaryimage"},"thumbnailUrl":"https:\/\/exparto.pl\/wp-content\/uploads\/2023\/09\/3e13f4ba4aff38ff40ef5f8de620f2ce.jpg","datePublished":"2023-09-09T18:03:41+00:00","breadcrumb":{"@id":"https:\/\/exparto.pl\/sk\/produkt\/linky-2m-montazna-suprava-distributor\/#breadcrumb"},"inLanguage":"sk-SK","potentialAction":[{"@type":"ReadAction","target":["https:\/\/exparto.pl\/sk\/produkt\/linky-2m-montazna-suprava-distributor\/"]}]},{"@type":"ImageObject","inLanguage":"sk-SK","@id":"https:\/\/exparto.pl\/sk\/produkt\/linky-2m-montazna-suprava-distributor\/#primaryimage","url":"https:\/\/exparto.pl\/wp-content\/uploads\/2023\/09\/3e13f4ba4aff38ff40ef5f8de620f2ce.jpg","contentUrl":"https:\/\/exparto.pl\/wp-content\/uploads\/2023\/09\/3e13f4ba4aff38ff40ef5f8de620f2ce.jpg","width":1000,"height":1000},{"@type":"BreadcrumbList","@id":"https:\/\/exparto.pl\/sk\/produkt\/linky-2m-montazna-suprava-distributor\/#breadcrumb","itemListElement":[{"@type":"ListItem","position":1,"name":"Domovsk\u00e1 str\u00e1nka","item":"https:\/\/exparto.pl\/sk\/domovska-stranka\/"},{"@type":"ListItem","position":2,"name":"Sklep","item":"https:\/\/exparto.pl\/sklep\/"},{"@type":"ListItem","position":3,"name":"Odkazy na rozde\u013eova\u010de","item":"https:\/\/exparto.pl\/sk\/kategoria-produktov\/nahradne-diely-pre-celne-nakladace\/odkazy-na-rozdelovace\/"},{"@type":"ListItem","position":4,"name":"K\u00e1bel 2000 mm &#8211; mont\u00e1\u017e na gu\u013eu"}]},{"@type":"WebSite","@id":"https:\/\/exparto.pl\/sk\/#website","url":"https:\/\/exparto.pl\/sk\/","name":"EXPARTO","description":"More than agro parts","publisher":{"@id":"https:\/\/exparto.pl\/sk\/#organization"},"potentialAction":[{"@type":"SearchAction","target":{"@type":"EntryPoint","urlTemplate":"https:\/\/exparto.pl\/sk\/?s={search_term_string}"},"query-input":{"@type":"PropertyValueSpecification","valueRequired":true,"valueName":"search_term_string"}}],"inLanguage":"sk-SK"},{"@type":"Organization","@id":"https:\/\/exparto.pl\/sk\/#organization","name":"EXPARTO","url":"https:\/\/exparto.pl\/sk\/","logo":{"@type":"ImageObject","inLanguage":"sk-SK","@id":"https:\/\/exparto.pl\/sk\/#\/schema\/logo\/image\/","url":"https:\/\/exparto.pl\/wp-content\/uploads\/2023\/02\/logo-wektor.png","contentUrl":"https:\/\/exparto.pl\/wp-content\/uploads\/2023\/02\/logo-wektor.png","width":1338,"height":143,"caption":"EXPARTO"},"image":{"@id":"https:\/\/exparto.pl\/sk\/#\/schema\/logo\/image\/"},"sameAs":["https:\/\/www.facebook.com\/exparto.agro\/"]}]}},"_links":{"self":[{"href":"https:\/\/exparto.pl\/sk\/wp-json\/wp\/v2\/product\/12587","targetHints":{"allow":["GET"]}}],"collection":[{"href":"https:\/\/exparto.pl\/sk\/wp-json\/wp\/v2\/product"}],"about":[{"href":"https:\/\/exparto.pl\/sk\/wp-json\/wp\/v2\/types\/product"}],"replies":[{"embeddable":true,"href":"https:\/\/exparto.pl\/sk\/wp-json\/wp\/v2\/comments?post=12587"}],"wp:featuredmedia":[{"embeddable":true,"href":"https:\/\/exparto.pl\/sk\/wp-json\/wp\/v2\/media\/12588"}],"wp:attachment":[{"href":"https:\/\/exparto.pl\/sk\/wp-json\/wp\/v2\/media?parent=12587"}],"wp:term":[{"taxonomy":"product_brand","embeddable":true,"href":"https:\/\/exparto.pl\/sk\/wp-json\/wp\/v2\/product_brand?post=12587"},{"taxonomy":"product_cat","embeddable":true,"href":"https:\/\/exparto.pl\/sk\/wp-json\/wp\/v2\/product_cat?post=12587"},{"taxonomy":"product_tag","embeddable":true,"href":"https:\/\/exparto.pl\/sk\/wp-json\/wp\/v2\/product_tag?post=12587"}],"curies":[{"name":"wp","href":"https:\/\/api.w.org\/{rel}","templated":true}]}}