{"id":12633,"date":"2023-09-17T23:48:04","date_gmt":"2023-09-17T21:48:04","guid":{"rendered":"https:\/\/exparto.pl\/produkt\/dvojprudovy-rozprasovac-8ms11005p2-hnedy\/"},"modified":"2023-09-17T23:48:04","modified_gmt":"2023-09-17T21:48:04","slug":"spray-nozzle-double-drop-8ms11005p2-brown","status":"publish","type":"product","link":"https:\/\/exparto.pl\/sk\/produkt\/spray-nozzle-double-drop-8ms11005p2-brown\/","title":{"rendered":"Dvojpr\u00fadov\u00fd rozpra\u0161ova\u010d 8MS11005P2 hned\u00fd"},"content":{"rendered":"<p style=\"text-align: justify\"><span style=\"color: inherit;font-weight: 700 !important\">Dvojpr\u00fadov\u00fd rozpra\u0161ova\u010d<\/span>&nbsp;s ru\u017eovou polym\u00e9rovou vlo\u017ekou vystu\u017eenou anorganick\u00fdmi molekulami. T\u00e1to nov\u00e1, inovat\u00edvna v\u00fdrobn\u00e1 technol\u00f3gia, ktor\u00e1 pozost\u00e1va z dvojzlo\u017ekovej kon\u0161trukcie d\u00fdzy pozost\u00e1vaj\u00facej z puzdra a vlo\u017eky, \u0161peci\u00e1lne vystu\u017eenej anorganick\u00fdmi molekulami, umo\u017e\u0148uje \u0161tvorn\u00e1sobne zn\u00ed\u017ei\u0165 opotrebenie d\u00fdzy pri zachovan\u00ed najvy\u0161\u0161\u00edch parametrov postreku v s\u00falade s platn\u00fdmi normami. Nov\u00fd rad d\u00fdz vystu\u017een\u00fdch anorganick\u00fdmi vl\u00e1knami je ide\u00e1lnym rie\u0161en\u00edm pre po\u013enohospod\u00e1rov so stredne ve\u013ek\u00fdmi plochami plod\u00edn, kde be\u017en\u00e9 plastov\u00e9 d\u00fdzy nie s\u00fa dostato\u010dne odoln\u00e9 a pr\u00edli\u0161 r\u00fdchlo sa vym\u00fdvaj\u00fa.<\/p>\n<p style=\"text-align: justify\"><\/p>\n<\/p>\n<ul>\n<li><b>Rozpra\u0161ova\u010d rozde\u013euje pr\u00fad postreku na polovicu &#8211; 30\u00ba od vertik\u00e1lnej osi smerom dopredu a 30\u00ba smerom dozadu, \u010do vedie k lep\u0161iemu pokrytiu postrekovanej rastliny;<\/b><\/li>\n<li><b>Umo\u017e\u0148uje o\u0161etrenie pri r\u00fdchlosti vetra do 8 m\/s;<\/b><\/li>\n<li><b>Inovat\u00edvna technol\u00f3gia dvojdielnej d\u00fdzy zais\u0165uje vynikaj\u00facu rovnomernos\u0165 postreku;<\/b><\/li>\n<li><b>Ru\u017eov\u00e1 vlo\u017eka \u0161peci\u00e1lne vystu\u017een\u00e1 anorganick\u00fdmi molekulami viac ako \u0161tvorn\u00e1sobne zvy\u0161uje jej \u017eivotnos\u0165;<\/b><\/li>\n<li><b>Vyroben\u00e9 z najkvalitnej\u0161\u00edch materi\u00e1lov poch\u00e1dzaj\u00facich v\u00fdlu\u010dne od starostlivo vybran\u00fdch dod\u00e1vate\u013eov;<\/b><\/li>\n<li><b>Vytv\u00e1ra hust\u00e9 a ve\u013emi hust\u00e9 prevzdu\u0161nen\u00e9 kvap\u00f4\u010dky, odoln\u00e9 vo\u010di \u00faletu;<\/b><\/li>\n<li><b>Podlieha pr\u00edsnym testom kvality;<\/b><\/li>\n<li><b>Univerz\u00e1lny dizajn je vhodn\u00fd pre v\u0161etky \u0161tandardn\u00e9 typy hlavy a tela;<\/b><\/li>\n<li><b>Farba a v\u00fdkon v s\u00falade s normou ISO pre po\u013en\u00e9 postreky;<\/b><\/li>\n<li><b>Pou\u017eitie: Pre pr\u00edpravky na ochranu rastl\u00edn a regul\u00e1tory rastu;<\/b><\/li>\n<li><b>Pri tomto type d\u00fdz odpor\u00fa\u010dame pou\u017ei\u0165 dodato\u010dn\u00fa filtr\u00e1ciu vo forme medzisek\u010dn\u00fdch filtrov (namontovan\u00fdch na ka\u017edej sekcii) alebo sitiek z nehrdzavej\u00facej ocele PROLINE (namontovan\u00fdch na ka\u017edej d\u00fdze) s hustotou \u00f4k minim\u00e1lne 100, ktor\u00e9 s\u00fa k dispoz\u00edcii v na\u0161ej ponuke;<\/b><\/li>\n<\/ul>\n","protected":false},"excerpt":{"rendered":"<p style=\"text-align: justify\">Dvojpr\u00fadov\u00fd rozpra\u0161ova\u010d s ru\u017eovou polym\u00e9rovou vlo\u017ekou vystu\u017eenou anorganick\u00fdmi molekulami.<\/p>\n","protected":false},"featured_media":12634,"comment_status":"open","ping_status":"closed","template":"","meta":{"_acf_changed":false,"inline_featured_image":false},"product_brand":[],"product_cat":[529],"product_tag":[],"class_list":{"0":"post-12633","1":"product","2":"type-product","3":"status-publish","4":"has-post-thumbnail","6":"product_cat-spreje","8":"first","9":"instock","10":"taxable","11":"shipping-taxable","12":"purchasable","13":"product-type-simple"},"acf":[],"yoast_head":"<!-- This site is optimized with the Yoast SEO plugin v27.4 - https:\/\/yoast.com\/product\/yoast-seo-wordpress\/ -->\n<title>Dvojpr\u00fadov\u00fd rozpra\u0161ova\u010d 8MS11005P2 hned\u00fd - Exparto.pl<\/title>\n<meta name=\"robots\" content=\"index, follow, max-snippet:-1, max-image-preview:large, max-video-preview:-1\" \/>\n<link rel=\"canonical\" href=\"https:\/\/exparto.pl\/sk\/produkt\/spray-nozzle-double-drop-8ms11005p2-brown\/\" \/>\n<meta property=\"og:locale\" content=\"sk_SK\" \/>\n<meta property=\"og:type\" content=\"article\" \/>\n<meta property=\"og:title\" content=\"Dvojpr\u00fadov\u00fd rozpra\u0161ova\u010d 8MS11005P2 hned\u00fd - Exparto.pl\" \/>\n<meta property=\"og:description\" content=\"Dvojpr\u00fadov\u00fd rozpra\u0161ova\u010d s ru\u017eovou polym\u00e9rovou vlo\u017ekou vystu\u017eenou anorganick\u00fdmi molekulami.\" \/>\n<meta property=\"og:url\" content=\"https:\/\/exparto.pl\/sk\/produkt\/spray-nozzle-double-drop-8ms11005p2-brown\/\" \/>\n<meta property=\"og:site_name\" content=\"Exparto.pl\" \/>\n<meta property=\"article:publisher\" content=\"https:\/\/www.facebook.com\/exparto.agro\/\" \/>\n<meta property=\"og:image\" content=\"https:\/\/exparto.pl\/wp-content\/uploads\/2023\/09\/a0af956086166ef9e718053932b64f03.jpg\" \/>\n\t<meta property=\"og:image:width\" content=\"1000\" \/>\n\t<meta property=\"og:image:height\" content=\"1000\" \/>\n\t<meta property=\"og:image:type\" content=\"image\/jpeg\" \/>\n<meta name=\"twitter:card\" content=\"summary_large_image\" \/>\n<meta name=\"twitter:label1\" content=\"Predpokladan\u00fd \u010das \u010d\u00edtania\" \/>\n\t<meta name=\"twitter:data1\" content=\"2 min\u00faty\" \/>\n<script type=\"application\/ld+json\" class=\"yoast-schema-graph\">{\"@context\":\"https:\\\/\\\/schema.org\",\"@graph\":[{\"@type\":\"WebPage\",\"@id\":\"https:\\\/\\\/exparto.pl\\\/sk\\\/produkt\\\/spray-nozzle-double-drop-8ms11005p2-brown\\\/\",\"url\":\"https:\\\/\\\/exparto.pl\\\/sk\\\/produkt\\\/spray-nozzle-double-drop-8ms11005p2-brown\\\/\",\"name\":\"Dvojpr\u00fadov\u00fd rozpra\u0161ova\u010d 8MS11005P2 hned\u00fd - Exparto.pl\",\"isPartOf\":{\"@id\":\"https:\\\/\\\/exparto.pl\\\/sk\\\/#website\"},\"primaryImageOfPage\":{\"@id\":\"https:\\\/\\\/exparto.pl\\\/sk\\\/produkt\\\/spray-nozzle-double-drop-8ms11005p2-brown\\\/#primaryimage\"},\"image\":{\"@id\":\"https:\\\/\\\/exparto.pl\\\/sk\\\/produkt\\\/spray-nozzle-double-drop-8ms11005p2-brown\\\/#primaryimage\"},\"thumbnailUrl\":\"https:\\\/\\\/exparto.pl\\\/wp-content\\\/uploads\\\/2023\\\/09\\\/a0af956086166ef9e718053932b64f03.jpg\",\"datePublished\":\"2023-09-17T21:48:04+00:00\",\"breadcrumb\":{\"@id\":\"https:\\\/\\\/exparto.pl\\\/sk\\\/produkt\\\/spray-nozzle-double-drop-8ms11005p2-brown\\\/#breadcrumb\"},\"inLanguage\":\"sk-SK\",\"potentialAction\":[{\"@type\":\"ReadAction\",\"target\":[\"https:\\\/\\\/exparto.pl\\\/sk\\\/produkt\\\/spray-nozzle-double-drop-8ms11005p2-brown\\\/\"]}]},{\"@type\":\"ImageObject\",\"inLanguage\":\"sk-SK\",\"@id\":\"https:\\\/\\\/exparto.pl\\\/sk\\\/produkt\\\/spray-nozzle-double-drop-8ms11005p2-brown\\\/#primaryimage\",\"url\":\"https:\\\/\\\/exparto.pl\\\/wp-content\\\/uploads\\\/2023\\\/09\\\/a0af956086166ef9e718053932b64f03.jpg\",\"contentUrl\":\"https:\\\/\\\/exparto.pl\\\/wp-content\\\/uploads\\\/2023\\\/09\\\/a0af956086166ef9e718053932b64f03.jpg\",\"width\":1000,\"height\":1000},{\"@type\":\"BreadcrumbList\",\"@id\":\"https:\\\/\\\/exparto.pl\\\/sk\\\/produkt\\\/spray-nozzle-double-drop-8ms11005p2-brown\\\/#breadcrumb\",\"itemListElement\":[{\"@type\":\"ListItem\",\"position\":1,\"name\":\"Domovsk\u00e1 str\u00e1nka\",\"item\":\"https:\\\/\\\/exparto.pl\\\/sk\\\/domovska-stranka\\\/\"},{\"@type\":\"ListItem\",\"position\":2,\"name\":\"Sklep\",\"item\":\"https:\\\/\\\/exparto.pl\\\/sklep\\\/\"},{\"@type\":\"ListItem\",\"position\":3,\"name\":\"Spreje\",\"item\":\"https:\\\/\\\/exparto.pl\\\/sk\\\/kategoria-produktov\\\/nahradne-diely-pre-postrekovace\\\/spreje\\\/\"},{\"@type\":\"ListItem\",\"position\":4,\"name\":\"Dvojpr\u00fadov\u00fd rozpra\u0161ova\u010d 8MS11005P2 hned\u00fd\"}]},{\"@type\":\"WebSite\",\"@id\":\"https:\\\/\\\/exparto.pl\\\/sk\\\/#website\",\"url\":\"https:\\\/\\\/exparto.pl\\\/sk\\\/\",\"name\":\"EXPARTO\",\"description\":\"More than agro parts\",\"publisher\":{\"@id\":\"https:\\\/\\\/exparto.pl\\\/sk\\\/#organization\"},\"potentialAction\":[{\"@type\":\"SearchAction\",\"target\":{\"@type\":\"EntryPoint\",\"urlTemplate\":\"https:\\\/\\\/exparto.pl\\\/sk\\\/?s={search_term_string}\"},\"query-input\":{\"@type\":\"PropertyValueSpecification\",\"valueRequired\":true,\"valueName\":\"search_term_string\"}}],\"inLanguage\":\"sk-SK\"},{\"@type\":\"Organization\",\"@id\":\"https:\\\/\\\/exparto.pl\\\/sk\\\/#organization\",\"name\":\"EXPARTO\",\"url\":\"https:\\\/\\\/exparto.pl\\\/sk\\\/\",\"logo\":{\"@type\":\"ImageObject\",\"inLanguage\":\"sk-SK\",\"@id\":\"https:\\\/\\\/exparto.pl\\\/sk\\\/#\\\/schema\\\/logo\\\/image\\\/\",\"url\":\"https:\\\/\\\/exparto.pl\\\/wp-content\\\/uploads\\\/2023\\\/02\\\/logo-wektor.png\",\"contentUrl\":\"https:\\\/\\\/exparto.pl\\\/wp-content\\\/uploads\\\/2023\\\/02\\\/logo-wektor.png\",\"width\":1338,\"height\":143,\"caption\":\"EXPARTO\"},\"image\":{\"@id\":\"https:\\\/\\\/exparto.pl\\\/sk\\\/#\\\/schema\\\/logo\\\/image\\\/\"},\"sameAs\":[\"https:\\\/\\\/www.facebook.com\\\/exparto.agro\\\/\"]}]}<\/script>\n<!-- \/ Yoast SEO plugin. -->","yoast_head_json":{"title":"Dvojpr\u00fadov\u00fd rozpra\u0161ova\u010d 8MS11005P2 hned\u00fd - Exparto.pl","robots":{"index":"index","follow":"follow","max-snippet":"max-snippet:-1","max-image-preview":"max-image-preview:large","max-video-preview":"max-video-preview:-1"},"canonical":"https:\/\/exparto.pl\/sk\/produkt\/spray-nozzle-double-drop-8ms11005p2-brown\/","og_locale":"sk_SK","og_type":"article","og_title":"Dvojpr\u00fadov\u00fd rozpra\u0161ova\u010d 8MS11005P2 hned\u00fd - Exparto.pl","og_description":"Dvojpr\u00fadov\u00fd rozpra\u0161ova\u010d s ru\u017eovou polym\u00e9rovou vlo\u017ekou vystu\u017eenou anorganick\u00fdmi molekulami.","og_url":"https:\/\/exparto.pl\/sk\/produkt\/spray-nozzle-double-drop-8ms11005p2-brown\/","og_site_name":"Exparto.pl","article_publisher":"https:\/\/www.facebook.com\/exparto.agro\/","og_image":[{"width":1000,"height":1000,"url":"https:\/\/exparto.pl\/wp-content\/uploads\/2023\/09\/a0af956086166ef9e718053932b64f03.jpg","type":"image\/jpeg"}],"twitter_card":"summary_large_image","twitter_misc":{"Predpokladan\u00fd \u010das \u010d\u00edtania":"2 min\u00faty"},"schema":{"@context":"https:\/\/schema.org","@graph":[{"@type":"WebPage","@id":"https:\/\/exparto.pl\/sk\/produkt\/spray-nozzle-double-drop-8ms11005p2-brown\/","url":"https:\/\/exparto.pl\/sk\/produkt\/spray-nozzle-double-drop-8ms11005p2-brown\/","name":"Dvojpr\u00fadov\u00fd rozpra\u0161ova\u010d 8MS11005P2 hned\u00fd - Exparto.pl","isPartOf":{"@id":"https:\/\/exparto.pl\/sk\/#website"},"primaryImageOfPage":{"@id":"https:\/\/exparto.pl\/sk\/produkt\/spray-nozzle-double-drop-8ms11005p2-brown\/#primaryimage"},"image":{"@id":"https:\/\/exparto.pl\/sk\/produkt\/spray-nozzle-double-drop-8ms11005p2-brown\/#primaryimage"},"thumbnailUrl":"https:\/\/exparto.pl\/wp-content\/uploads\/2023\/09\/a0af956086166ef9e718053932b64f03.jpg","datePublished":"2023-09-17T21:48:04+00:00","breadcrumb":{"@id":"https:\/\/exparto.pl\/sk\/produkt\/spray-nozzle-double-drop-8ms11005p2-brown\/#breadcrumb"},"inLanguage":"sk-SK","potentialAction":[{"@type":"ReadAction","target":["https:\/\/exparto.pl\/sk\/produkt\/spray-nozzle-double-drop-8ms11005p2-brown\/"]}]},{"@type":"ImageObject","inLanguage":"sk-SK","@id":"https:\/\/exparto.pl\/sk\/produkt\/spray-nozzle-double-drop-8ms11005p2-brown\/#primaryimage","url":"https:\/\/exparto.pl\/wp-content\/uploads\/2023\/09\/a0af956086166ef9e718053932b64f03.jpg","contentUrl":"https:\/\/exparto.pl\/wp-content\/uploads\/2023\/09\/a0af956086166ef9e718053932b64f03.jpg","width":1000,"height":1000},{"@type":"BreadcrumbList","@id":"https:\/\/exparto.pl\/sk\/produkt\/spray-nozzle-double-drop-8ms11005p2-brown\/#breadcrumb","itemListElement":[{"@type":"ListItem","position":1,"name":"Domovsk\u00e1 str\u00e1nka","item":"https:\/\/exparto.pl\/sk\/domovska-stranka\/"},{"@type":"ListItem","position":2,"name":"Sklep","item":"https:\/\/exparto.pl\/sklep\/"},{"@type":"ListItem","position":3,"name":"Spreje","item":"https:\/\/exparto.pl\/sk\/kategoria-produktov\/nahradne-diely-pre-postrekovace\/spreje\/"},{"@type":"ListItem","position":4,"name":"Dvojpr\u00fadov\u00fd rozpra\u0161ova\u010d 8MS11005P2 hned\u00fd"}]},{"@type":"WebSite","@id":"https:\/\/exparto.pl\/sk\/#website","url":"https:\/\/exparto.pl\/sk\/","name":"EXPARTO","description":"More than agro parts","publisher":{"@id":"https:\/\/exparto.pl\/sk\/#organization"},"potentialAction":[{"@type":"SearchAction","target":{"@type":"EntryPoint","urlTemplate":"https:\/\/exparto.pl\/sk\/?s={search_term_string}"},"query-input":{"@type":"PropertyValueSpecification","valueRequired":true,"valueName":"search_term_string"}}],"inLanguage":"sk-SK"},{"@type":"Organization","@id":"https:\/\/exparto.pl\/sk\/#organization","name":"EXPARTO","url":"https:\/\/exparto.pl\/sk\/","logo":{"@type":"ImageObject","inLanguage":"sk-SK","@id":"https:\/\/exparto.pl\/sk\/#\/schema\/logo\/image\/","url":"https:\/\/exparto.pl\/wp-content\/uploads\/2023\/02\/logo-wektor.png","contentUrl":"https:\/\/exparto.pl\/wp-content\/uploads\/2023\/02\/logo-wektor.png","width":1338,"height":143,"caption":"EXPARTO"},"image":{"@id":"https:\/\/exparto.pl\/sk\/#\/schema\/logo\/image\/"},"sameAs":["https:\/\/www.facebook.com\/exparto.agro\/"]}]}},"_links":{"self":[{"href":"https:\/\/exparto.pl\/sk\/wp-json\/wp\/v2\/product\/12633","targetHints":{"allow":["GET"]}}],"collection":[{"href":"https:\/\/exparto.pl\/sk\/wp-json\/wp\/v2\/product"}],"about":[{"href":"https:\/\/exparto.pl\/sk\/wp-json\/wp\/v2\/types\/product"}],"replies":[{"embeddable":true,"href":"https:\/\/exparto.pl\/sk\/wp-json\/wp\/v2\/comments?post=12633"}],"wp:featuredmedia":[{"embeddable":true,"href":"https:\/\/exparto.pl\/sk\/wp-json\/wp\/v2\/media\/12634"}],"wp:attachment":[{"href":"https:\/\/exparto.pl\/sk\/wp-json\/wp\/v2\/media?parent=12633"}],"wp:term":[{"taxonomy":"product_brand","embeddable":true,"href":"https:\/\/exparto.pl\/sk\/wp-json\/wp\/v2\/product_brand?post=12633"},{"taxonomy":"product_cat","embeddable":true,"href":"https:\/\/exparto.pl\/sk\/wp-json\/wp\/v2\/product_cat?post=12633"},{"taxonomy":"product_tag","embeddable":true,"href":"https:\/\/exparto.pl\/sk\/wp-json\/wp\/v2\/product_tag?post=12633"}],"curies":[{"name":"wp","href":"https:\/\/api.w.org\/{rel}","templated":true}]}}