{"id":12637,"date":"2023-09-17T23:38:30","date_gmt":"2023-09-17T21:38:30","guid":{"rendered":"https:\/\/exparto.pl\/produkt\/keramicky-dvojprudovy-rozprasovac-6ms-04c2-cerveny\/"},"modified":"2023-09-17T23:38:30","modified_gmt":"2023-09-17T21:38:30","slug":"rozprasovac-ezector-double-ceramic-6ms-04c2-red","status":"publish","type":"product","link":"https:\/\/exparto.pl\/sk\/produkt\/rozprasovac-ezector-double-ceramic-6ms-04c2-red\/","title":{"rendered":"Keramick\u00fd dvojpr\u00fadov\u00fd rozpra\u0161ova\u010d 6MS 04C2 \u010derven\u00fd"},"content":{"rendered":"<p style=\"text-align: justify\"><span style=\"color: inherit;font-weight: 700 !important\">Ejektorov\u00e9 rozpra\u0161ova\u010de<\/span>&nbsp;vytv\u00e1raj\u00fa vzduchov\u00e9 bubliny vo ve\u013ek\u00fdch kvapk\u00e1ch v\u010faka pr\u00fadu vzduchu nas\u00e1van\u00e9ho cez otvory v ich z\u00e1kladni. V d\u00f4sledku toho sa kvap\u00f4\u010dky postreku zv\u00e4\u010d\u0161uj\u00fa a pri kontakte s povrchom rastliny sa rozpadaj\u00fa na jemnej\u0161ie kvap\u00f4\u010dky, \u010d\u00edm sa zvy\u0161uje \u00fa\u010dinnos\u0165 a rovnomernos\u0165 o\u0161etrenia. Ejektorov\u00fd rozpra\u0161ova\u010d vytv\u00e1ra hrub\u00e9 a ve\u013emi hrub\u00e9 kvap\u00f4\u010dky, \u010d\u00edm zabezpe\u010duje vysok\u00fa odolnos\u0165 proti zr\u00e1\u017eaniu, \u010do umo\u017e\u0148uje vykon\u00e1va\u0165 o\u0161etrenie aj za nepriazniv\u00fdch poveternostn\u00fdch podmienok.<\/p>\n<p style=\"text-align: justify\">Pou\u017eitie dvojit\u00e9ho postreku, ktor\u00fd vytv\u00e1ra keramick\u00e1 vlo\u017eka, prakticky eliminuje nebezpe\u010denstvo vynechania aj t\u00fdch najmen\u0161\u00edch oblast\u00ed postreku a z\u00e1rove\u0148 zaru\u010duje bezpe\u010dnos\u0165 rastl\u00edn. Pou\u017eitie keramickej vlo\u017eky zaru\u010duje ve\u013emi dlh\u00fa \u017eivotnos\u0165 d\u00fdzy pri zachovan\u00ed p\u00f4vodn\u00fdch parametrov postreku.<\/p>\n<p style=\"text-align: justify\"><\/p>\n<\/p>\n<ul>\n<li style=\"text-align: justify\"><span style=\"color: inherit\">NEPOSTR\u00c1DATE\u013dN\u00c9 V BOJI PROTI PLESNIAM A \u010cERVOM;<\/span><\/li>\n<li style=\"text-align: justify\"><span style=\"color: inherit\">Dvojit\u00fd rozpra\u0161ovac\u00ed vzor zais\u0165uje v\u00fdnimo\u010dn\u00fa rovnomernos\u0165 a presnos\u0165 postreku;<\/span><\/li>\n<li style=\"text-align: justify\"><span style=\"color: inherit\">Prelomov\u00e1 technol\u00f3gia vyu\u017e\u00edvaj\u00faca extr\u00e9mne odoln\u00fa keramiku zaru\u010duje dlhoro\u010dn\u00fa \u017eivotnos\u0165 pri zachovan\u00ed vysok\u00e9ho v\u00fdkonu postreku;<\/span><\/li>\n<li style=\"text-align: justify\"><span style=\"color: inherit\">Sp\u013a\u0148a po\u017eiadavky ISO pre po\u013enohospod\u00e1rske d\u00fdzy;<\/span><\/li>\n<li style=\"text-align: justify\"><span style=\"color: inherit\">Postrek pri r\u00fdchlosti vetra do 6 m\/s a teplote. aj nad 20C;<\/span><\/li>\n<li style=\"text-align: justify\"><span style=\"color: inherit\">Vy\u017eaduj\u00fa sa filtra\u010dn\u00e9 sit\u00e1 s minim\u00e1lnym po\u010dtom \u00f4k 90.<\/span><\/li>\n<\/ul>\n","protected":false},"excerpt":{"rendered":"<p style=\"text-align: justify\">Ejektorov\u00e9 rozpra\u0161ova\u010de vytv\u00e1raj\u00fa vzduchov\u00e9 bubliny vo ve\u013ek\u00fdch kvapk\u00e1ch v\u010faka pr\u00fadu vzduchu nas\u00e1van\u00e9ho cez otvory v ich z\u00e1kladni.<\/p>\n","protected":false},"featured_media":12638,"comment_status":"open","ping_status":"closed","template":"","meta":{"_acf_changed":false,"inline_featured_image":false},"product_brand":[],"product_cat":[529],"product_tag":[],"class_list":{"0":"post-12637","1":"product","2":"type-product","3":"status-publish","4":"has-post-thumbnail","6":"product_cat-spreje","8":"first","9":"instock","10":"taxable","11":"shipping-taxable","12":"purchasable","13":"product-type-simple"},"acf":[],"yoast_head":"<!-- This site is optimized with the Yoast SEO plugin v27.4 - https:\/\/yoast.com\/product\/yoast-seo-wordpress\/ -->\n<title>Keramick\u00fd dvojpr\u00fadov\u00fd rozpra\u0161ova\u010d 6MS 04C2 \u010derven\u00fd - Exparto.pl<\/title>\n<meta name=\"robots\" content=\"index, follow, max-snippet:-1, max-image-preview:large, max-video-preview:-1\" \/>\n<link rel=\"canonical\" href=\"https:\/\/exparto.pl\/sk\/produkt\/rozprasovac-ezector-double-ceramic-6ms-04c2-red\/\" \/>\n<meta property=\"og:locale\" content=\"sk_SK\" \/>\n<meta property=\"og:type\" content=\"article\" \/>\n<meta property=\"og:title\" content=\"Keramick\u00fd dvojpr\u00fadov\u00fd rozpra\u0161ova\u010d 6MS 04C2 \u010derven\u00fd - Exparto.pl\" \/>\n<meta property=\"og:description\" content=\"Ejektorov\u00e9 rozpra\u0161ova\u010de vytv\u00e1raj\u00fa vzduchov\u00e9 bubliny vo ve\u013ek\u00fdch kvapk\u00e1ch v\u010faka pr\u00fadu vzduchu nas\u00e1van\u00e9ho cez otvory v ich z\u00e1kladni.\" \/>\n<meta property=\"og:url\" content=\"https:\/\/exparto.pl\/sk\/produkt\/rozprasovac-ezector-double-ceramic-6ms-04c2-red\/\" \/>\n<meta property=\"og:site_name\" content=\"Exparto.pl\" \/>\n<meta property=\"article:publisher\" content=\"https:\/\/www.facebook.com\/exparto.agro\/\" \/>\n<meta property=\"og:image\" content=\"https:\/\/exparto.pl\/wp-content\/uploads\/2023\/09\/3ce3a58d9dba1dec3f2730eeb8109596.jpg\" \/>\n\t<meta property=\"og:image:width\" content=\"1000\" \/>\n\t<meta property=\"og:image:height\" content=\"1000\" \/>\n\t<meta property=\"og:image:type\" content=\"image\/jpeg\" \/>\n<meta name=\"twitter:card\" content=\"summary_large_image\" \/>\n<meta name=\"twitter:label1\" content=\"Predpokladan\u00fd \u010das \u010d\u00edtania\" \/>\n\t<meta name=\"twitter:data1\" content=\"1 min\u00fata\" \/>\n<script type=\"application\/ld+json\" class=\"yoast-schema-graph\">{\"@context\":\"https:\\\/\\\/schema.org\",\"@graph\":[{\"@type\":\"WebPage\",\"@id\":\"https:\\\/\\\/exparto.pl\\\/sk\\\/produkt\\\/rozprasovac-ezector-double-ceramic-6ms-04c2-red\\\/\",\"url\":\"https:\\\/\\\/exparto.pl\\\/sk\\\/produkt\\\/rozprasovac-ezector-double-ceramic-6ms-04c2-red\\\/\",\"name\":\"Keramick\u00fd dvojpr\u00fadov\u00fd rozpra\u0161ova\u010d 6MS 04C2 \u010derven\u00fd - Exparto.pl\",\"isPartOf\":{\"@id\":\"https:\\\/\\\/exparto.pl\\\/sk\\\/#website\"},\"primaryImageOfPage\":{\"@id\":\"https:\\\/\\\/exparto.pl\\\/sk\\\/produkt\\\/rozprasovac-ezector-double-ceramic-6ms-04c2-red\\\/#primaryimage\"},\"image\":{\"@id\":\"https:\\\/\\\/exparto.pl\\\/sk\\\/produkt\\\/rozprasovac-ezector-double-ceramic-6ms-04c2-red\\\/#primaryimage\"},\"thumbnailUrl\":\"https:\\\/\\\/exparto.pl\\\/wp-content\\\/uploads\\\/2023\\\/09\\\/3ce3a58d9dba1dec3f2730eeb8109596.jpg\",\"datePublished\":\"2023-09-17T21:38:30+00:00\",\"breadcrumb\":{\"@id\":\"https:\\\/\\\/exparto.pl\\\/sk\\\/produkt\\\/rozprasovac-ezector-double-ceramic-6ms-04c2-red\\\/#breadcrumb\"},\"inLanguage\":\"sk-SK\",\"potentialAction\":[{\"@type\":\"ReadAction\",\"target\":[\"https:\\\/\\\/exparto.pl\\\/sk\\\/produkt\\\/rozprasovac-ezector-double-ceramic-6ms-04c2-red\\\/\"]}]},{\"@type\":\"ImageObject\",\"inLanguage\":\"sk-SK\",\"@id\":\"https:\\\/\\\/exparto.pl\\\/sk\\\/produkt\\\/rozprasovac-ezector-double-ceramic-6ms-04c2-red\\\/#primaryimage\",\"url\":\"https:\\\/\\\/exparto.pl\\\/wp-content\\\/uploads\\\/2023\\\/09\\\/3ce3a58d9dba1dec3f2730eeb8109596.jpg\",\"contentUrl\":\"https:\\\/\\\/exparto.pl\\\/wp-content\\\/uploads\\\/2023\\\/09\\\/3ce3a58d9dba1dec3f2730eeb8109596.jpg\",\"width\":1000,\"height\":1000},{\"@type\":\"BreadcrumbList\",\"@id\":\"https:\\\/\\\/exparto.pl\\\/sk\\\/produkt\\\/rozprasovac-ezector-double-ceramic-6ms-04c2-red\\\/#breadcrumb\",\"itemListElement\":[{\"@type\":\"ListItem\",\"position\":1,\"name\":\"Domovsk\u00e1 str\u00e1nka\",\"item\":\"https:\\\/\\\/exparto.pl\\\/sk\\\/domovska-stranka\\\/\"},{\"@type\":\"ListItem\",\"position\":2,\"name\":\"Sklep\",\"item\":\"https:\\\/\\\/exparto.pl\\\/sklep\\\/\"},{\"@type\":\"ListItem\",\"position\":3,\"name\":\"Spreje\",\"item\":\"https:\\\/\\\/exparto.pl\\\/sk\\\/kategoria-produktov\\\/nahradne-diely-pre-postrekovace\\\/spreje\\\/\"},{\"@type\":\"ListItem\",\"position\":4,\"name\":\"Keramick\u00fd dvojpr\u00fadov\u00fd rozpra\u0161ova\u010d 6MS 04C2 \u010derven\u00fd\"}]},{\"@type\":\"WebSite\",\"@id\":\"https:\\\/\\\/exparto.pl\\\/sk\\\/#website\",\"url\":\"https:\\\/\\\/exparto.pl\\\/sk\\\/\",\"name\":\"EXPARTO\",\"description\":\"More than agro parts\",\"publisher\":{\"@id\":\"https:\\\/\\\/exparto.pl\\\/sk\\\/#organization\"},\"potentialAction\":[{\"@type\":\"SearchAction\",\"target\":{\"@type\":\"EntryPoint\",\"urlTemplate\":\"https:\\\/\\\/exparto.pl\\\/sk\\\/?s={search_term_string}\"},\"query-input\":{\"@type\":\"PropertyValueSpecification\",\"valueRequired\":true,\"valueName\":\"search_term_string\"}}],\"inLanguage\":\"sk-SK\"},{\"@type\":\"Organization\",\"@id\":\"https:\\\/\\\/exparto.pl\\\/sk\\\/#organization\",\"name\":\"EXPARTO\",\"url\":\"https:\\\/\\\/exparto.pl\\\/sk\\\/\",\"logo\":{\"@type\":\"ImageObject\",\"inLanguage\":\"sk-SK\",\"@id\":\"https:\\\/\\\/exparto.pl\\\/sk\\\/#\\\/schema\\\/logo\\\/image\\\/\",\"url\":\"https:\\\/\\\/exparto.pl\\\/wp-content\\\/uploads\\\/2023\\\/02\\\/logo-wektor.png\",\"contentUrl\":\"https:\\\/\\\/exparto.pl\\\/wp-content\\\/uploads\\\/2023\\\/02\\\/logo-wektor.png\",\"width\":1338,\"height\":143,\"caption\":\"EXPARTO\"},\"image\":{\"@id\":\"https:\\\/\\\/exparto.pl\\\/sk\\\/#\\\/schema\\\/logo\\\/image\\\/\"},\"sameAs\":[\"https:\\\/\\\/www.facebook.com\\\/exparto.agro\\\/\"]}]}<\/script>\n<!-- \/ Yoast SEO plugin. -->","yoast_head_json":{"title":"Keramick\u00fd dvojpr\u00fadov\u00fd rozpra\u0161ova\u010d 6MS 04C2 \u010derven\u00fd - Exparto.pl","robots":{"index":"index","follow":"follow","max-snippet":"max-snippet:-1","max-image-preview":"max-image-preview:large","max-video-preview":"max-video-preview:-1"},"canonical":"https:\/\/exparto.pl\/sk\/produkt\/rozprasovac-ezector-double-ceramic-6ms-04c2-red\/","og_locale":"sk_SK","og_type":"article","og_title":"Keramick\u00fd dvojpr\u00fadov\u00fd rozpra\u0161ova\u010d 6MS 04C2 \u010derven\u00fd - Exparto.pl","og_description":"Ejektorov\u00e9 rozpra\u0161ova\u010de vytv\u00e1raj\u00fa vzduchov\u00e9 bubliny vo ve\u013ek\u00fdch kvapk\u00e1ch v\u010faka pr\u00fadu vzduchu nas\u00e1van\u00e9ho cez otvory v ich z\u00e1kladni.","og_url":"https:\/\/exparto.pl\/sk\/produkt\/rozprasovac-ezector-double-ceramic-6ms-04c2-red\/","og_site_name":"Exparto.pl","article_publisher":"https:\/\/www.facebook.com\/exparto.agro\/","og_image":[{"width":1000,"height":1000,"url":"https:\/\/exparto.pl\/wp-content\/uploads\/2023\/09\/3ce3a58d9dba1dec3f2730eeb8109596.jpg","type":"image\/jpeg"}],"twitter_card":"summary_large_image","twitter_misc":{"Predpokladan\u00fd \u010das \u010d\u00edtania":"1 min\u00fata"},"schema":{"@context":"https:\/\/schema.org","@graph":[{"@type":"WebPage","@id":"https:\/\/exparto.pl\/sk\/produkt\/rozprasovac-ezector-double-ceramic-6ms-04c2-red\/","url":"https:\/\/exparto.pl\/sk\/produkt\/rozprasovac-ezector-double-ceramic-6ms-04c2-red\/","name":"Keramick\u00fd dvojpr\u00fadov\u00fd rozpra\u0161ova\u010d 6MS 04C2 \u010derven\u00fd - Exparto.pl","isPartOf":{"@id":"https:\/\/exparto.pl\/sk\/#website"},"primaryImageOfPage":{"@id":"https:\/\/exparto.pl\/sk\/produkt\/rozprasovac-ezector-double-ceramic-6ms-04c2-red\/#primaryimage"},"image":{"@id":"https:\/\/exparto.pl\/sk\/produkt\/rozprasovac-ezector-double-ceramic-6ms-04c2-red\/#primaryimage"},"thumbnailUrl":"https:\/\/exparto.pl\/wp-content\/uploads\/2023\/09\/3ce3a58d9dba1dec3f2730eeb8109596.jpg","datePublished":"2023-09-17T21:38:30+00:00","breadcrumb":{"@id":"https:\/\/exparto.pl\/sk\/produkt\/rozprasovac-ezector-double-ceramic-6ms-04c2-red\/#breadcrumb"},"inLanguage":"sk-SK","potentialAction":[{"@type":"ReadAction","target":["https:\/\/exparto.pl\/sk\/produkt\/rozprasovac-ezector-double-ceramic-6ms-04c2-red\/"]}]},{"@type":"ImageObject","inLanguage":"sk-SK","@id":"https:\/\/exparto.pl\/sk\/produkt\/rozprasovac-ezector-double-ceramic-6ms-04c2-red\/#primaryimage","url":"https:\/\/exparto.pl\/wp-content\/uploads\/2023\/09\/3ce3a58d9dba1dec3f2730eeb8109596.jpg","contentUrl":"https:\/\/exparto.pl\/wp-content\/uploads\/2023\/09\/3ce3a58d9dba1dec3f2730eeb8109596.jpg","width":1000,"height":1000},{"@type":"BreadcrumbList","@id":"https:\/\/exparto.pl\/sk\/produkt\/rozprasovac-ezector-double-ceramic-6ms-04c2-red\/#breadcrumb","itemListElement":[{"@type":"ListItem","position":1,"name":"Domovsk\u00e1 str\u00e1nka","item":"https:\/\/exparto.pl\/sk\/domovska-stranka\/"},{"@type":"ListItem","position":2,"name":"Sklep","item":"https:\/\/exparto.pl\/sklep\/"},{"@type":"ListItem","position":3,"name":"Spreje","item":"https:\/\/exparto.pl\/sk\/kategoria-produktov\/nahradne-diely-pre-postrekovace\/spreje\/"},{"@type":"ListItem","position":4,"name":"Keramick\u00fd dvojpr\u00fadov\u00fd rozpra\u0161ova\u010d 6MS 04C2 \u010derven\u00fd"}]},{"@type":"WebSite","@id":"https:\/\/exparto.pl\/sk\/#website","url":"https:\/\/exparto.pl\/sk\/","name":"EXPARTO","description":"More than agro parts","publisher":{"@id":"https:\/\/exparto.pl\/sk\/#organization"},"potentialAction":[{"@type":"SearchAction","target":{"@type":"EntryPoint","urlTemplate":"https:\/\/exparto.pl\/sk\/?s={search_term_string}"},"query-input":{"@type":"PropertyValueSpecification","valueRequired":true,"valueName":"search_term_string"}}],"inLanguage":"sk-SK"},{"@type":"Organization","@id":"https:\/\/exparto.pl\/sk\/#organization","name":"EXPARTO","url":"https:\/\/exparto.pl\/sk\/","logo":{"@type":"ImageObject","inLanguage":"sk-SK","@id":"https:\/\/exparto.pl\/sk\/#\/schema\/logo\/image\/","url":"https:\/\/exparto.pl\/wp-content\/uploads\/2023\/02\/logo-wektor.png","contentUrl":"https:\/\/exparto.pl\/wp-content\/uploads\/2023\/02\/logo-wektor.png","width":1338,"height":143,"caption":"EXPARTO"},"image":{"@id":"https:\/\/exparto.pl\/sk\/#\/schema\/logo\/image\/"},"sameAs":["https:\/\/www.facebook.com\/exparto.agro\/"]}]}},"_links":{"self":[{"href":"https:\/\/exparto.pl\/sk\/wp-json\/wp\/v2\/product\/12637","targetHints":{"allow":["GET"]}}],"collection":[{"href":"https:\/\/exparto.pl\/sk\/wp-json\/wp\/v2\/product"}],"about":[{"href":"https:\/\/exparto.pl\/sk\/wp-json\/wp\/v2\/types\/product"}],"replies":[{"embeddable":true,"href":"https:\/\/exparto.pl\/sk\/wp-json\/wp\/v2\/comments?post=12637"}],"wp:featuredmedia":[{"embeddable":true,"href":"https:\/\/exparto.pl\/sk\/wp-json\/wp\/v2\/media\/12638"}],"wp:attachment":[{"href":"https:\/\/exparto.pl\/sk\/wp-json\/wp\/v2\/media?parent=12637"}],"wp:term":[{"taxonomy":"product_brand","embeddable":true,"href":"https:\/\/exparto.pl\/sk\/wp-json\/wp\/v2\/product_brand?post=12637"},{"taxonomy":"product_cat","embeddable":true,"href":"https:\/\/exparto.pl\/sk\/wp-json\/wp\/v2\/product_cat?post=12637"},{"taxonomy":"product_tag","embeddable":true,"href":"https:\/\/exparto.pl\/sk\/wp-json\/wp\/v2\/product_tag?post=12637"}],"curies":[{"name":"wp","href":"https:\/\/api.w.org\/{rel}","templated":true}]}}