{"id":12792,"date":"2023-07-10T15:19:24","date_gmt":"2023-07-10T13:19:24","guid":{"rendered":"https:\/\/exparto.pl\/produkt\/rozprasovac-zlty\/"},"modified":"2023-07-10T15:19:24","modified_gmt":"2023-07-10T13:19:24","slug":"tryska-ezk-olive","status":"publish","type":"product","link":"https:\/\/exparto.pl\/sk\/produkt\/tryska-ezk-olive\/","title":{"rendered":"Rozpra\u0161ova\u010d &#8211; \u017elt\u00fd"},"content":{"rendered":"<p style=\"text-align: justify\">Ejektorov\u00e9 d\u00fdzy sa pou\u017e\u00edvaj\u00fa na o\u0161etrenie na ochranu rastl\u00edn<span style=\"text-align: justify\">. Zvy\u0161uj\u00fa \u00fa\u010dinnos\u0165 pou\u017e\u00edvan\u00fdch opatren\u00ed. Vyzna\u010duj\u00fa sa vysokou odolnos\u0165ou proti vetru, tak\u017ee postrek sa m\u00f4\u017ee vykon\u00e1va\u0165 aj v  <\/span><span style=\"text-align: justify\">n\u00e1ro\u010dn\u00e9 poveternostn\u00e9 podmienky<\/span><span style=\"text-align: justify\">. R\u00fdchlos\u0165 vetra tu m\u00f4\u017ee dosahova\u0165 a\u017e 8 m\/s. Postrekova\u010de sa v\u00fdborne osved\u010dili aj pri  <\/span><span style=\"text-align: justify\">vy\u0161\u0161ia teplota<\/span><span style=\"text-align: justify\"> a <\/span><span style=\"text-align: justify\">n\u00edzka vlhkos\u0165<\/span><span style=\"text-align: justify\">.<\/span><\/p>\n<p style=\"text-align: justify\"><span style=\"text-align: justify\">Na postrekovanie sa naj\u010dastej\u0161ie pou\u017e\u00edvaj\u00fa rozpra\u0161ovacie trysky: <\/span><span style=\"text-align: justify\">p\u00f4dne herbic\u00eddy<\/span><span style=\"text-align: justify\">herbic\u00eddov, insektic\u00eddov a <\/span><span style=\"text-align: justify\">fungic\u00eddov so syst\u00e9mov\u00fdm \u00fa\u010dinkom<\/span><span style=\"text-align: justify\">ako aj regul\u00e1tory rastu. Pou\u017e\u00edvaj\u00fa sa aj pri listovom hnojen\u00ed. M\u00f4\u017eu sa \u00faspe\u0161ne pou\u017e\u00edva\u0165 na po\u013en\u00fdch plodin\u00e1ch a na regul\u00e1ciu bur\u00edn.<\/span><\/p>\n","protected":false},"excerpt":{"rendered":"<p style=\"text-align: justify\"><span style=\"text-align: justify\">Ejektorov\u00e9 d\u00fdzy <\/span><span style=\"text-align: justify\">sa pou\u017e\u00edvaj\u00fa na <\/span><span style=\"text-align: justify\">o\u0161etrenie na ochranu rastl\u00edn<\/span><span style=\"text-align: justify\">. Zvy\u0161uj\u00fa \u00fa\u010dinnos\u0165 pou\u017e\u00edvan\u00fdch opatren\u00ed. Vyzna\u010duj\u00fa sa vysokou odolnos\u0165ou proti vetru, tak\u017ee postrek sa m\u00f4\u017ee vykon\u00e1va\u0165 aj v  <\/span>n\u00e1ro\u010dn\u00e9 poveternostn\u00e9 podmienky.<\/p>\n","protected":false},"featured_media":26321,"comment_status":"open","ping_status":"closed","template":"","meta":{"_acf_changed":false,"inline_featured_image":false},"product_brand":[],"product_cat":[551,529],"product_tag":[],"class_list":{"0":"post-12792","1":"product","2":"type-product","3":"status-publish","4":"has-post-thumbnail","6":"product_cat-nahradne-diely-pre-postrekovace","7":"product_cat-spreje","9":"first","10":"instock","11":"taxable","12":"shipping-taxable","13":"purchasable","14":"product-type-simple"},"acf":[],"yoast_head":"<!-- This site is optimized with the Yoast SEO plugin v27.4 - https:\/\/yoast.com\/product\/yoast-seo-wordpress\/ -->\n<title>Rozpra\u0161ova\u010d - \u017elt\u00fd - Exparto.pl<\/title>\n<meta name=\"robots\" content=\"index, follow, max-snippet:-1, max-image-preview:large, max-video-preview:-1\" \/>\n<link rel=\"canonical\" href=\"https:\/\/exparto.pl\/sk\/produkt\/tryska-ezk-olive\/\" \/>\n<meta property=\"og:locale\" content=\"sk_SK\" \/>\n<meta property=\"og:type\" content=\"article\" \/>\n<meta property=\"og:title\" content=\"Rozpra\u0161ova\u010d - \u017elt\u00fd - Exparto.pl\" \/>\n<meta property=\"og:description\" content=\"Ejektorov\u00e9 d\u00fdzy sa pou\u017e\u00edvaj\u00fa na o\u0161etrenie na ochranu rastl\u00edn. Zvy\u0161uj\u00fa \u00fa\u010dinnos\u0165 pou\u017e\u00edvan\u00fdch opatren\u00ed. Vyzna\u010duj\u00fa sa vysokou odolnos\u0165ou proti vetru, tak\u017ee postrek sa m\u00f4\u017ee vykon\u00e1va\u0165 aj v n\u00e1ro\u010dn\u00e9 poveternostn\u00e9 podmienky.\" \/>\n<meta property=\"og:url\" content=\"https:\/\/exparto.pl\/sk\/produkt\/tryska-ezk-olive\/\" \/>\n<meta property=\"og:site_name\" content=\"Exparto.pl\" \/>\n<meta property=\"article:publisher\" content=\"https:\/\/www.facebook.com\/exparto.agro\/\" \/>\n<meta property=\"og:image\" content=\"https:\/\/exparto.pl\/wp-content\/uploads\/2023\/07\/ex113_026a.jpg\" \/>\n\t<meta property=\"og:image:width\" content=\"1200\" \/>\n\t<meta property=\"og:image:height\" content=\"1200\" \/>\n\t<meta property=\"og:image:type\" content=\"image\/jpeg\" \/>\n<meta name=\"twitter:card\" content=\"summary_large_image\" \/>\n<meta name=\"twitter:label1\" content=\"Predpokladan\u00fd \u010das \u010d\u00edtania\" \/>\n\t<meta name=\"twitter:data1\" content=\"1 min\u00fata\" \/>\n<script type=\"application\/ld+json\" class=\"yoast-schema-graph\">{\"@context\":\"https:\\\/\\\/schema.org\",\"@graph\":[{\"@type\":\"WebPage\",\"@id\":\"https:\\\/\\\/exparto.pl\\\/sk\\\/produkt\\\/tryska-ezk-olive\\\/\",\"url\":\"https:\\\/\\\/exparto.pl\\\/sk\\\/produkt\\\/tryska-ezk-olive\\\/\",\"name\":\"Rozpra\u0161ova\u010d - \u017elt\u00fd - Exparto.pl\",\"isPartOf\":{\"@id\":\"https:\\\/\\\/exparto.pl\\\/sk\\\/#website\"},\"primaryImageOfPage\":{\"@id\":\"https:\\\/\\\/exparto.pl\\\/sk\\\/produkt\\\/tryska-ezk-olive\\\/#primaryimage\"},\"image\":{\"@id\":\"https:\\\/\\\/exparto.pl\\\/sk\\\/produkt\\\/tryska-ezk-olive\\\/#primaryimage\"},\"thumbnailUrl\":\"https:\\\/\\\/exparto.pl\\\/wp-content\\\/uploads\\\/2023\\\/07\\\/ex113_026a.jpg\",\"datePublished\":\"2023-07-10T13:19:24+00:00\",\"breadcrumb\":{\"@id\":\"https:\\\/\\\/exparto.pl\\\/sk\\\/produkt\\\/tryska-ezk-olive\\\/#breadcrumb\"},\"inLanguage\":\"sk-SK\",\"potentialAction\":[{\"@type\":\"ReadAction\",\"target\":[\"https:\\\/\\\/exparto.pl\\\/sk\\\/produkt\\\/tryska-ezk-olive\\\/\"]}]},{\"@type\":\"ImageObject\",\"inLanguage\":\"sk-SK\",\"@id\":\"https:\\\/\\\/exparto.pl\\\/sk\\\/produkt\\\/tryska-ezk-olive\\\/#primaryimage\",\"url\":\"https:\\\/\\\/exparto.pl\\\/wp-content\\\/uploads\\\/2023\\\/07\\\/ex113_026a.jpg\",\"contentUrl\":\"https:\\\/\\\/exparto.pl\\\/wp-content\\\/uploads\\\/2023\\\/07\\\/ex113_026a.jpg\",\"width\":1200,\"height\":1200},{\"@type\":\"BreadcrumbList\",\"@id\":\"https:\\\/\\\/exparto.pl\\\/sk\\\/produkt\\\/tryska-ezk-olive\\\/#breadcrumb\",\"itemListElement\":[{\"@type\":\"ListItem\",\"position\":1,\"name\":\"Domovsk\u00e1 str\u00e1nka\",\"item\":\"https:\\\/\\\/exparto.pl\\\/sk\\\/domovska-stranka\\\/\"},{\"@type\":\"ListItem\",\"position\":2,\"name\":\"Sklep\",\"item\":\"https:\\\/\\\/exparto.pl\\\/sklep\\\/\"},{\"@type\":\"ListItem\",\"position\":3,\"name\":\"Spreje\",\"item\":\"https:\\\/\\\/exparto.pl\\\/sk\\\/kategoria-produktov\\\/nahradne-diely-pre-postrekovace\\\/spreje\\\/\"},{\"@type\":\"ListItem\",\"position\":4,\"name\":\"Rozpra\u0161ova\u010d &#8211; \u017elt\u00fd\"}]},{\"@type\":\"WebSite\",\"@id\":\"https:\\\/\\\/exparto.pl\\\/sk\\\/#website\",\"url\":\"https:\\\/\\\/exparto.pl\\\/sk\\\/\",\"name\":\"EXPARTO\",\"description\":\"More than agro parts\",\"publisher\":{\"@id\":\"https:\\\/\\\/exparto.pl\\\/sk\\\/#organization\"},\"potentialAction\":[{\"@type\":\"SearchAction\",\"target\":{\"@type\":\"EntryPoint\",\"urlTemplate\":\"https:\\\/\\\/exparto.pl\\\/sk\\\/?s={search_term_string}\"},\"query-input\":{\"@type\":\"PropertyValueSpecification\",\"valueRequired\":true,\"valueName\":\"search_term_string\"}}],\"inLanguage\":\"sk-SK\"},{\"@type\":\"Organization\",\"@id\":\"https:\\\/\\\/exparto.pl\\\/sk\\\/#organization\",\"name\":\"EXPARTO\",\"url\":\"https:\\\/\\\/exparto.pl\\\/sk\\\/\",\"logo\":{\"@type\":\"ImageObject\",\"inLanguage\":\"sk-SK\",\"@id\":\"https:\\\/\\\/exparto.pl\\\/sk\\\/#\\\/schema\\\/logo\\\/image\\\/\",\"url\":\"https:\\\/\\\/exparto.pl\\\/wp-content\\\/uploads\\\/2023\\\/02\\\/logo-wektor.png\",\"contentUrl\":\"https:\\\/\\\/exparto.pl\\\/wp-content\\\/uploads\\\/2023\\\/02\\\/logo-wektor.png\",\"width\":1338,\"height\":143,\"caption\":\"EXPARTO\"},\"image\":{\"@id\":\"https:\\\/\\\/exparto.pl\\\/sk\\\/#\\\/schema\\\/logo\\\/image\\\/\"},\"sameAs\":[\"https:\\\/\\\/www.facebook.com\\\/exparto.agro\\\/\"]}]}<\/script>\n<!-- \/ Yoast SEO plugin. -->","yoast_head_json":{"title":"Rozpra\u0161ova\u010d - \u017elt\u00fd - Exparto.pl","robots":{"index":"index","follow":"follow","max-snippet":"max-snippet:-1","max-image-preview":"max-image-preview:large","max-video-preview":"max-video-preview:-1"},"canonical":"https:\/\/exparto.pl\/sk\/produkt\/tryska-ezk-olive\/","og_locale":"sk_SK","og_type":"article","og_title":"Rozpra\u0161ova\u010d - \u017elt\u00fd - Exparto.pl","og_description":"Ejektorov\u00e9 d\u00fdzy sa pou\u017e\u00edvaj\u00fa na o\u0161etrenie na ochranu rastl\u00edn. Zvy\u0161uj\u00fa \u00fa\u010dinnos\u0165 pou\u017e\u00edvan\u00fdch opatren\u00ed. Vyzna\u010duj\u00fa sa vysokou odolnos\u0165ou proti vetru, tak\u017ee postrek sa m\u00f4\u017ee vykon\u00e1va\u0165 aj v n\u00e1ro\u010dn\u00e9 poveternostn\u00e9 podmienky.","og_url":"https:\/\/exparto.pl\/sk\/produkt\/tryska-ezk-olive\/","og_site_name":"Exparto.pl","article_publisher":"https:\/\/www.facebook.com\/exparto.agro\/","og_image":[{"width":1200,"height":1200,"url":"https:\/\/exparto.pl\/wp-content\/uploads\/2023\/07\/ex113_026a.jpg","type":"image\/jpeg"}],"twitter_card":"summary_large_image","twitter_misc":{"Predpokladan\u00fd \u010das \u010d\u00edtania":"1 min\u00fata"},"schema":{"@context":"https:\/\/schema.org","@graph":[{"@type":"WebPage","@id":"https:\/\/exparto.pl\/sk\/produkt\/tryska-ezk-olive\/","url":"https:\/\/exparto.pl\/sk\/produkt\/tryska-ezk-olive\/","name":"Rozpra\u0161ova\u010d - \u017elt\u00fd - Exparto.pl","isPartOf":{"@id":"https:\/\/exparto.pl\/sk\/#website"},"primaryImageOfPage":{"@id":"https:\/\/exparto.pl\/sk\/produkt\/tryska-ezk-olive\/#primaryimage"},"image":{"@id":"https:\/\/exparto.pl\/sk\/produkt\/tryska-ezk-olive\/#primaryimage"},"thumbnailUrl":"https:\/\/exparto.pl\/wp-content\/uploads\/2023\/07\/ex113_026a.jpg","datePublished":"2023-07-10T13:19:24+00:00","breadcrumb":{"@id":"https:\/\/exparto.pl\/sk\/produkt\/tryska-ezk-olive\/#breadcrumb"},"inLanguage":"sk-SK","potentialAction":[{"@type":"ReadAction","target":["https:\/\/exparto.pl\/sk\/produkt\/tryska-ezk-olive\/"]}]},{"@type":"ImageObject","inLanguage":"sk-SK","@id":"https:\/\/exparto.pl\/sk\/produkt\/tryska-ezk-olive\/#primaryimage","url":"https:\/\/exparto.pl\/wp-content\/uploads\/2023\/07\/ex113_026a.jpg","contentUrl":"https:\/\/exparto.pl\/wp-content\/uploads\/2023\/07\/ex113_026a.jpg","width":1200,"height":1200},{"@type":"BreadcrumbList","@id":"https:\/\/exparto.pl\/sk\/produkt\/tryska-ezk-olive\/#breadcrumb","itemListElement":[{"@type":"ListItem","position":1,"name":"Domovsk\u00e1 str\u00e1nka","item":"https:\/\/exparto.pl\/sk\/domovska-stranka\/"},{"@type":"ListItem","position":2,"name":"Sklep","item":"https:\/\/exparto.pl\/sklep\/"},{"@type":"ListItem","position":3,"name":"Spreje","item":"https:\/\/exparto.pl\/sk\/kategoria-produktov\/nahradne-diely-pre-postrekovace\/spreje\/"},{"@type":"ListItem","position":4,"name":"Rozpra\u0161ova\u010d &#8211; \u017elt\u00fd"}]},{"@type":"WebSite","@id":"https:\/\/exparto.pl\/sk\/#website","url":"https:\/\/exparto.pl\/sk\/","name":"EXPARTO","description":"More than agro parts","publisher":{"@id":"https:\/\/exparto.pl\/sk\/#organization"},"potentialAction":[{"@type":"SearchAction","target":{"@type":"EntryPoint","urlTemplate":"https:\/\/exparto.pl\/sk\/?s={search_term_string}"},"query-input":{"@type":"PropertyValueSpecification","valueRequired":true,"valueName":"search_term_string"}}],"inLanguage":"sk-SK"},{"@type":"Organization","@id":"https:\/\/exparto.pl\/sk\/#organization","name":"EXPARTO","url":"https:\/\/exparto.pl\/sk\/","logo":{"@type":"ImageObject","inLanguage":"sk-SK","@id":"https:\/\/exparto.pl\/sk\/#\/schema\/logo\/image\/","url":"https:\/\/exparto.pl\/wp-content\/uploads\/2023\/02\/logo-wektor.png","contentUrl":"https:\/\/exparto.pl\/wp-content\/uploads\/2023\/02\/logo-wektor.png","width":1338,"height":143,"caption":"EXPARTO"},"image":{"@id":"https:\/\/exparto.pl\/sk\/#\/schema\/logo\/image\/"},"sameAs":["https:\/\/www.facebook.com\/exparto.agro\/"]}]}},"_links":{"self":[{"href":"https:\/\/exparto.pl\/sk\/wp-json\/wp\/v2\/product\/12792","targetHints":{"allow":["GET"]}}],"collection":[{"href":"https:\/\/exparto.pl\/sk\/wp-json\/wp\/v2\/product"}],"about":[{"href":"https:\/\/exparto.pl\/sk\/wp-json\/wp\/v2\/types\/product"}],"replies":[{"embeddable":true,"href":"https:\/\/exparto.pl\/sk\/wp-json\/wp\/v2\/comments?post=12792"}],"wp:featuredmedia":[{"embeddable":true,"href":"https:\/\/exparto.pl\/sk\/wp-json\/wp\/v2\/media\/26321"}],"wp:attachment":[{"href":"https:\/\/exparto.pl\/sk\/wp-json\/wp\/v2\/media?parent=12792"}],"wp:term":[{"taxonomy":"product_brand","embeddable":true,"href":"https:\/\/exparto.pl\/sk\/wp-json\/wp\/v2\/product_brand?post=12792"},{"taxonomy":"product_cat","embeddable":true,"href":"https:\/\/exparto.pl\/sk\/wp-json\/wp\/v2\/product_cat?post=12792"},{"taxonomy":"product_tag","embeddable":true,"href":"https:\/\/exparto.pl\/sk\/wp-json\/wp\/v2\/product_tag?post=12792"}],"curies":[{"name":"wp","href":"https:\/\/api.w.org\/{rel}","templated":true}]}}