{"id":12904,"date":"2023-06-23T08:58:23","date_gmt":"2023-06-23T06:58:23","guid":{"rendered":"https:\/\/exparto.pl\/produkt\/hydraulicky-stiepkovac-cyklon-130\/"},"modified":"2023-06-23T08:58:23","modified_gmt":"2023-06-23T06:58:23","slug":"rebak-hydraulicky-cyklon-130","status":"publish","type":"product","link":"https:\/\/exparto.pl\/sk\/produkt\/rebak-hydraulicky-cyklon-130\/","title":{"rendered":"Hydraulick\u00fd \u0161tiepkova\u010d CYKLON 130"},"content":{"rendered":"<h2 style=\"margin-right: 0px; margin-bottom: var(--wd-tags-mb); margin-left: 0px; padding: 0px; border: 0px; vertical-align: baseline; line-height: 1.4; text-align: justify;\"><span style=\"margin: 0px; padding: 0px; border: 0px; vertical-align: baseline; line-height: inherit;\">Hydraulick\u00fd \u0161tiepa\u010d dreva Cyklon 130 <\/span><span style=\"margin: 0px; padding: 0px; border: 0px; vertical-align: baseline; line-height: inherit;\">&#8211;<\/span><span style=\"margin: 0px; padding: 0px; border: 0px; vertical-align: baseline; line-height: inherit;\"> nepostr\u00e1date\u013en\u00fd pri \u00faprave lesov, z\u00e1hrad a zelen\u00fdch pl\u00f4ch<\/span><\/h2>\n<p style=\"margin-bottom: var(--wd-tags-mb); padding: 0px; border: 0px; vertical-align: baseline; line-height: inherit; text-align: justify;\"><span style=\"margin: 0px; padding: 0px; border: 0px; vertical-align: baseline; line-height: inherit;\">Zele\u0148 je spojen\u00e1 s priebe\u017en\u00fdm odpadom vo forme kon\u00e1rov stromov a kr\u00edkov. Ich dlhodob\u00e9 skladovanie nie je mo\u017en\u00e9. Ako sa s t\u00fdm vysporiada\u0165? Rie\u0161en\u00edm tohto probl\u00e9mu je  <\/span><span style=\"margin: 0px; padding: 0px; border: 0px; vertical-align: baseline; line-height: inherit;\">drvi\u010d dreva<\/span><span style=\"margin: 0px; padding: 0px; border: 0px; vertical-align: baseline; line-height: inherit;\">. <\/span><span style=\"margin: 0px; padding: 0px; border: 0px; vertical-align: baseline; line-height: inherit;\">Drvi\u010d na drvenie kon\u00e1rov<\/span><span style=\"margin: 0px; padding: 0px; border: 0px; vertical-align: baseline; line-height: inherit;\">  premie\u0148a drevn\u00fd odpad na drevn\u00fa \u0161tiepku. D\u00f4le\u017eit\u00e9 je, \u017ee pou\u017e\u00edvanie  <\/span><span style=\"margin: 0px; padding: 0px; border: 0px; vertical-align: baseline; line-height: inherit;\">\u0161tiepkova\u010d dreva<\/span><span style=\"margin: 0px; padding: 0px; border: 0px; vertical-align: baseline; line-height: inherit;\">, nielen\u017ee sa zbav\u00edte pretrv\u00e1vaj\u00facich kon\u00e1rov, ale z\u00edskate aj u\u017eito\u010dn\u00fd materi\u00e1l, ktor\u00fd m\u00f4\u017eete vyu\u017ei\u0165. Drevn\u00e1 \u0161tiepka m\u00e1 mnoho sp\u00f4sobov vyu\u017eitia &#8211; mo\u017eno ju pou\u017ei\u0165 v z\u00e1hrade na mul\u010dovanie z\u00e1honov, kvetinov\u00fdch z\u00e1honov a chodn\u00edkov, na podsadbu kr\u00edkov alebo na v\u00fdrobu vlastn\u00e9ho kompostu a tie\u017e ako palivov\u00fd materi\u00e1l.  <\/span><\/p>\n<p style=\"margin-bottom: var(--wd-tags-mb); padding: 0px; border: 0px; vertical-align: baseline; line-height: inherit; text-align: justify;\"><span style=\"margin: 0px; padding: 0px; border: 0px; vertical-align: baseline; line-height: inherit;\">H\u013ead\u00e1te efekt\u00edvne a \u00fa\u010dinn\u00e9<\/span><span style=\"margin: 0px; padding: 0px; border: 0px; vertical-align: baseline; line-height: inherit;\"> skartova\u010dka kon\u00e1rov<\/span><span style=\"margin: 0px; padding: 0px; border: 0px; vertical-align: baseline; line-height: inherit;\">? Spoznajte na\u0161e  <\/span><span style=\"margin: 0px; padding: 0px; border: 0px; vertical-align: baseline; line-height: inherit;\">hydraulick\u00fd \u0161tiepkova\u010d <\/span><span style=\"margin: 0px; padding: 0px; border: 0px; vertical-align: baseline; line-height: inherit;\">Cyclone 130, ktor\u00fd v\u00e1m pom\u00f4\u017ee efekt\u00edvne vy\u010disti\u0165 ak\u00e9ko\u013evek miesto.<\/span><\/p>\n<h2 style=\"margin-right: 0px; margin-bottom: var(--wd-tags-mb); margin-left: 0px; padding: 0px; border: 0px; vertical-align: baseline; line-height: 1.4; text-align: justify;\"><span style=\"margin: 0px; padding: 0px; border: 0px; vertical-align: baseline; line-height: inherit;\">Pre\u010do si vybra\u0165 hydraulick\u00fd \u0161tiepkova\u010d Cyclone 130?<\/span><\/h2>\n<p style=\"margin-bottom: var(--wd-tags-mb); padding: 0px; border: 0px; vertical-align: baseline; line-height: inherit; text-align: justify;\"><span style=\"margin: 0px; padding: 0px; border: 0px; vertical-align: baseline; line-height: inherit;\">18 hp <\/span><span style=\"margin: 0px; padding: 0px; border: 0px; vertical-align: baseline; line-height: inherit;\">i<\/span><span style=\"margin: 0px; padding: 0px; border: 0px; vertical-align: baseline; line-height: inherit;\"> 4 no\u017ee<\/span><span style=\"margin: 0px; padding: 0px; border: 0px; vertical-align: baseline; line-height: inherit;\">  z r\u00fdchloreznej ocele si porad\u00ed so v\u0161etk\u00fdmi druhmi dreva. Sprac\u00favaj\u00fa kon\u00e1re a kmene s priemerom a\u017e 13 cm. V\u010faka vysok\u00e9mu v\u00fdkonu a kapacite mo\u017eno \u00fa\u010dinne drvi\u0165 aj hrub\u0161ie kon\u00e1re bez potreby predch\u00e1dzaj\u00facej pr\u00edpravy na rezanie.<\/span><\/p>\n<p style=\"margin-bottom: var(--wd-tags-mb); padding: 0px; border: 0px; vertical-align: baseline; line-height: inherit; text-align: justify;\"><span style=\"margin: 0px; padding: 0px; border: 0px; vertical-align: baseline; line-height: inherit;\">Tento model <\/span><span style=\"margin: 0px; padding: 0px; border: 0px; vertical-align: baseline; line-height: inherit;\">model drvi\u010da dreva<\/span><span style=\"margin: 0px; padding: 0px; border: 0px; vertical-align: baseline; line-height: inherit;\"> je vybaven\u00fd <\/span><span style=\"margin: 0px; padding: 0px; border: 0px; vertical-align: baseline; line-height: inherit;\">hydraulick\u00fdm nakladac\u00edm valcom<\/span><span style=\"margin: 0px; padding: 0px; border: 0px; vertical-align: baseline; line-height: inherit;\">. V\u010faka tomu je pr\u00e1ca so strojom jednoduch\u0161ia a menej n\u00e1siln\u00e1 &#8211; sta\u010d\u00ed vlo\u017ei\u0165 materi\u00e1l do pod\u00e1va\u010da a valec ho posunie \u010falej. Pr\u00edtomnos\u0165 valca ovplyv\u0148uje aj samotn\u00fa prev\u00e1dzku stroja, \u010d\u00edm sa zvy\u0161uje jeho \u00fa\u010dinnos\u0165.<\/span><\/p>\n<p style=\"margin-bottom: var(--wd-tags-mb); padding: 0px; border: 0px; vertical-align: baseline; line-height: inherit; text-align: justify;\"><span style=\"margin: 0px; padding: 0px; border: 0px; vertical-align: baseline; line-height: inherit;\">Hydraulick\u00fd \u0161tiepkova\u010d<\/span><span style=\"margin: 0px; padding: 0px; border: 0px; vertical-align: baseline; line-height: inherit;\"> Cyklon 130 je vybaven\u00fd <\/span><span style=\"margin: 0px; padding: 0px; border: 0px; vertical-align: baseline; line-height: inherit;\">ve\u013ek\u00fdm z\u00e1sobn\u00edkom<\/span><span style=\"margin: 0px; padding: 0px; border: 0px; vertical-align: baseline; line-height: inherit;\">  zu\u017euje sa smerom dolu, \u010do u\u013eah\u010duje a zefekt\u00edv\u0148uje pr\u00e1cu. Jeho nastavenie podporuje nez\u00e1visl\u00e9 vyberanie materi\u00e1lu zo stroja po jeho vlo\u017een\u00ed do z\u00e1sobn\u00edka.<\/span><\/p>\n<p style=\"margin-bottom: var(--wd-tags-mb); padding: 0px; border: 0px; vertical-align: baseline; line-height: inherit; text-align: justify;\"><span style=\"margin: 0px; padding: 0px; border: 0px; vertical-align: baseline; line-height: inherit;\">Robustn\u00fd zv\u00e1ran\u00fd kryt<\/span><span style=\"margin: 0px; padding: 0px; border: 0px; vertical-align: baseline; line-height: inherit;\"> s pr\u00e1\u0161kovou povrchovou \u00fapravou je odoln\u00e9 vo\u010di vlhkosti a mechanick\u00e9mu po\u0161kodeniu a zaru\u010duje bezpe\u010dn\u00fa prev\u00e1dzku. <\/span> <\/p>\n<p style=\"margin-bottom: var(--wd-tags-mb); padding: 0px; border: 0px; vertical-align: baseline; line-height: inherit; text-align: justify;\"><span style=\"margin: 0px; padding: 0px; border: 0px; vertical-align: baseline; line-height: inherit;\">Vysok\u00fd vyhadzovac\u00ed kom\u00edn <\/span><span style=\"margin: 0px; padding: 0px; border: 0px; vertical-align: baseline; line-height: inherit;\">360\u00b0 nastavite\u013en\u00fd<\/span><span style=\"margin: 0px; padding: 0px; border: 0px; vertical-align: baseline; line-height: inherit;\">o <\/span><span style=\"margin: 0px; padding: 0px; border: 0px; vertical-align: baseline; line-height: inherit;\">umo\u017e\u0148uje presn\u00fa kontrolu toku vyhadzovan\u00fdch triesok, zatia\u013e \u010do pohybliv\u00fd horn\u00fd kryt zabra\u0148uje rozptylu triesok do v\u0161etk\u00fdch smerov. <\/span> <\/p>\n<h2 style=\"margin-right: 0px; margin-bottom: var(--wd-tags-mb); margin-left: 0px; padding: 0px; border: 0px; vertical-align: baseline; line-height: 1.4; text-align: justify;\"><span style=\"margin: 0px; padding: 0px; border: 0px; vertical-align: baseline; line-height: inherit;\">Pohodlie a bezpe\u010dnos\u0165 s modelom Cyclone 130<\/span><\/h2>\n<p style=\"margin-bottom: var(--wd-tags-mb); padding: 0px; border: 0px; vertical-align: baseline; line-height: inherit; text-align: justify;\"><span style=\"margin: 0px; padding: 0px; border: 0px; vertical-align: baseline; line-height: inherit;\">Skartova\u010de kon\u00e1rov  <\/span><span style=\"margin: 0px; padding: 0px; border: 0px; vertical-align: baseline; line-height: inherit;\">s\u00fa prev\u00e1dzkovan\u00e9 v n\u00e1ro\u010dn\u00fdch podmienkach a po\u010das prev\u00e1dzky s\u00fa vystaven\u00e9 mechanick\u00e9mu po\u0161kodeniu a vlhkosti. Aby sme minimalizovali riziko po\u0161kodenia, dodali sme na\u0161e  <\/span><span style=\"margin: 0px; padding: 0px; border: 0px; vertical-align: baseline; line-height: inherit;\">hydraulick\u00fd \u0161tiepkova\u010d<\/span><span style=\"margin: 0px; padding: 0px; border: 0px; vertical-align: baseline; line-height: inherit;\">  v robustnom zv\u00e1ranom kryte s pr\u00e1\u0161kovo lakovan\u00fdmi komponentmi. Tento sp\u00f4sob v\u00fdroby zaru\u010duje maxim\u00e1lnu odolnos\u0165 a chr\u00e1ni pred kor\u00f3ziou. Okrem toho ka\u017ed\u00fd n\u00e1\u0161 stroj prech\u00e1dza podrobnou kontrolou kvality.  <\/span><\/p>\n<p style=\"margin-bottom: var(--wd-tags-mb); padding: 0px; border: 0px; vertical-align: baseline; line-height: inherit; text-align: justify;\"><span style=\"margin: 0px; padding: 0px; border: 0px; vertical-align: baseline; line-height: inherit;\">Zv\u00fd\u0161en\u00e1 funk\u010dnos\u0165 tohto modelu je sp\u00f4soben\u00e1 pr\u00edtomnos\u0165ou pod\u00e1vacieho hydraulick\u00e9ho valca, ktor\u00fd v\u00fdrazne u\u013eah\u010duje a ur\u00fdch\u013euje pr\u00e1cu a zvy\u0161uje produktivitu stroja. Pre vysok\u00fd u\u017e\u00edvate\u013esk\u00fd komfort<\/span> <span style=\"margin: 0px; padding: 0px; border: 0px; vertical-align: baseline; line-height: inherit;\"> hydraulick\u00fd \u0161tiepkova\u010d <\/span><span style=\"margin: 0px; padding: 0px; border: 0px; vertical-align: baseline; line-height: inherit;\">Cyclone 130 ovplyv\u0148uj\u00fa aj rie\u0161enia, ako je \u0161irok\u00fd vstupn\u00fd otvor pod\u00e1va\u010da, pohybliv\u00fd vyp\u00fa\u0161\u0165ac\u00ed kom\u00edn, v\u00fdkonn\u00fd motor alebo \u00fa\u010dinn\u00fd rezac\u00ed mechanizmus. <\/span> <\/p>\n<h2 style=\"margin-right: 0px; margin-bottom: var(--wd-tags-mb); margin-left: 0px; padding: 0px; border: 0px; vertical-align: baseline; line-height: 1.4; text-align: justify;\"><span style=\"margin: 0px; padding: 0px; border: 0px; vertical-align: baseline; line-height: inherit;\">Hydraulick\u00fd \u0161tiepkova\u010d Cyklon 130 &#8211; sila a v\u00fdkon<\/span><\/h2>\n<p style=\"margin-bottom: var(--wd-tags-mb); padding: 0px; border: 0px; vertical-align: baseline; line-height: inherit; text-align: justify;\"><span style=\"margin: 0px; padding: 0px; border: 0px; vertical-align: baseline; line-height: inherit;\">Vysok\u00fd v\u00fdkon 18 kon\u00ed, 4 ostr\u00e9 no\u017ee odoln\u00e9 vo\u010di oderu a zosilnen\u00fd, \u0165a\u017ek\u00fd kot\u00fa\u010d zaru\u010duj\u00fa efekt\u00edvnu a \u00fa\u010dinn\u00fa pr\u00e1cu s drevom v\u0161etk\u00fdch stup\u0148ov tvrdosti. <\/span><span style=\"margin: 0px; padding: 0px; border: 0px; vertical-align: baseline; line-height: inherit;\">Hydraulick\u00fd \u0161tiepa\u010d dreva <\/span><span style=\"margin: 0px; padding: 0px; border: 0px; vertical-align: baseline; line-height: inherit;\">Cyclone 130 rozdrv\u00ed nielen tenk\u00e9 kon\u00e1re, ale aj siln\u00e9 kon\u00e1re a dokonca aj kmene s priemerom a\u017e 13 cm. <\/span> <\/p>\n<p style=\"margin-bottom: var(--wd-tags-mb); padding: 0px; border: 0px; vertical-align: baseline; line-height: inherit; text-align: justify;\"><span style=\"margin: 0px; padding: 0px; border: 0px; vertical-align: baseline; line-height: inherit;\">V\u010faka ve\u013ek\u00e9mu z\u00e1sobn\u00edku v tvare n\u00e1sypky a mechanizmu pod\u00e1vania materi\u00e1lu nie je potrebn\u00e9 drevo pred drven\u00edm \u0161peci\u00e1lne pripravova\u0165 &#8211; stroj si materi\u00e1l po vlo\u017een\u00ed do n\u00e1sypky vezme s\u00e1m.  <\/span><span style=\"margin: 0px; padding: 0px; border: 0px; vertical-align: baseline; line-height: inherit;\">Hydraulick\u00fd \u0161tiepkova\u010d  <\/span><span style=\"margin: 0px; padding: 0px; border: 0px; vertical-align: baseline; line-height: inherit;\">Cyclone 130 sa osved\u010d\u00ed tak pri profesion\u00e1lnom pou\u017eit\u00ed, napr\u00edklad v lesn\u00edctve alebo pri spr\u00e1ve zelene, ako aj pri individu\u00e1lnom pou\u017eit\u00ed, ke\u010f poskytuje pomoc na ka\u017edom hospod\u00e1rstve.<\/span><\/p>\n","protected":false},"excerpt":{"rendered":"<p style=\"text-align: justify;\">Tento model drvi\u010da dreva je vybaven\u00fd hydraulick\u00fdm pod\u00e1vac\u00edm valcom. V\u010faka tomu je pr\u00e1ca so strojom jednoduch\u0161ia a menej n\u00e1siln\u00e1 &#8211; sta\u010d\u00ed vlo\u017ei\u0165 materi\u00e1l do pod\u00e1va\u010da a valec ho pos\u00fava \u010falej. Pr\u00edtomnos\u0165 valca ovplyv\u0148uje aj samotn\u00fa prev\u00e1dzku stroja, \u010d\u00edm sa zvy\u0161uje jeho \u00fa\u010dinnos\u0165.<\/p>\n","protected":false},"featured_media":7565,"comment_status":"open","ping_status":"closed","template":"","meta":{"_acf_changed":false,"inline_featured_image":false},"product_brand":[],"product_cat":[605,604],"product_tag":[],"class_list":{"0":"post-12904","1":"product","2":"type-product","3":"status-publish","4":"has-post-thumbnail","6":"product_cat-stiepkovace-cyklon-130","7":"product_cat-stiepkovace-dreva","9":"first","10":"onbackorder","11":"taxable","12":"shipping-taxable","13":"purchasable","14":"product-type-simple"},"acf":[],"yoast_head":"<!-- This site is optimized with the Yoast SEO plugin v27.3 - https:\/\/yoast.com\/product\/yoast-seo-wordpress\/ -->\n<title>Hydraulick\u00fd \u0161tiepkova\u010d CYKLON 130 - Exparto.pl<\/title>\n<meta name=\"robots\" content=\"index, follow, max-snippet:-1, max-image-preview:large, max-video-preview:-1\" \/>\n<link rel=\"canonical\" href=\"https:\/\/exparto.pl\/sk\/produkt\/rebak-hydraulicky-cyklon-130\/\" \/>\n<meta property=\"og:locale\" content=\"sk_SK\" \/>\n<meta property=\"og:type\" content=\"article\" \/>\n<meta property=\"og:title\" content=\"Hydraulick\u00fd \u0161tiepkova\u010d CYKLON 130 - Exparto.pl\" \/>\n<meta property=\"og:description\" content=\"Tento model drvi\u010da dreva je vybaven\u00fd hydraulick\u00fdm pod\u00e1vac\u00edm valcom. V\u010faka tomu je pr\u00e1ca so strojom jednoduch\u0161ia a menej n\u00e1siln\u00e1 - sta\u010d\u00ed vlo\u017ei\u0165 materi\u00e1l do pod\u00e1va\u010da a valec ho pos\u00fava \u010falej. Pr\u00edtomnos\u0165 valca ovplyv\u0148uje aj samotn\u00fa prev\u00e1dzku stroja, \u010d\u00edm sa zvy\u0161uje jeho \u00fa\u010dinnos\u0165.\" \/>\n<meta property=\"og:url\" content=\"https:\/\/exparto.pl\/sk\/produkt\/rebak-hydraulicky-cyklon-130\/\" \/>\n<meta property=\"og:site_name\" content=\"Exparto.pl\" \/>\n<meta property=\"article:publisher\" content=\"https:\/\/www.facebook.com\/exparto.agro\/\" \/>\n<meta property=\"og:image\" content=\"https:\/\/exparto.pl\/wp-content\/uploads\/2023\/06\/99a3bf672be9f4fdcd6cb1253f6210f2.jpg\" \/>\n\t<meta property=\"og:image:width\" content=\"1000\" \/>\n\t<meta property=\"og:image:height\" content=\"1000\" \/>\n\t<meta property=\"og:image:type\" content=\"image\/jpeg\" \/>\n<meta name=\"twitter:card\" content=\"summary_large_image\" \/>\n<meta name=\"twitter:label1\" content=\"Predpokladan\u00fd \u010das \u010d\u00edtania\" \/>\n\t<meta name=\"twitter:data1\" content=\"3 min\u00faty\" \/>\n<script type=\"application\/ld+json\" class=\"yoast-schema-graph\">{\"@context\":\"https:\\\/\\\/schema.org\",\"@graph\":[{\"@type\":\"WebPage\",\"@id\":\"https:\\\/\\\/exparto.pl\\\/sk\\\/produkt\\\/rebak-hydraulicky-cyklon-130\\\/\",\"url\":\"https:\\\/\\\/exparto.pl\\\/sk\\\/produkt\\\/rebak-hydraulicky-cyklon-130\\\/\",\"name\":\"Hydraulick\u00fd \u0161tiepkova\u010d CYKLON 130 - Exparto.pl\",\"isPartOf\":{\"@id\":\"https:\\\/\\\/exparto.pl\\\/sk\\\/#website\"},\"primaryImageOfPage\":{\"@id\":\"https:\\\/\\\/exparto.pl\\\/sk\\\/produkt\\\/rebak-hydraulicky-cyklon-130\\\/#primaryimage\"},\"image\":{\"@id\":\"https:\\\/\\\/exparto.pl\\\/sk\\\/produkt\\\/rebak-hydraulicky-cyklon-130\\\/#primaryimage\"},\"thumbnailUrl\":\"https:\\\/\\\/exparto.pl\\\/wp-content\\\/uploads\\\/2023\\\/06\\\/99a3bf672be9f4fdcd6cb1253f6210f2.jpg\",\"datePublished\":\"2023-06-23T06:58:23+00:00\",\"breadcrumb\":{\"@id\":\"https:\\\/\\\/exparto.pl\\\/sk\\\/produkt\\\/rebak-hydraulicky-cyklon-130\\\/#breadcrumb\"},\"inLanguage\":\"sk-SK\",\"potentialAction\":[{\"@type\":\"ReadAction\",\"target\":[\"https:\\\/\\\/exparto.pl\\\/sk\\\/produkt\\\/rebak-hydraulicky-cyklon-130\\\/\"]}]},{\"@type\":\"ImageObject\",\"inLanguage\":\"sk-SK\",\"@id\":\"https:\\\/\\\/exparto.pl\\\/sk\\\/produkt\\\/rebak-hydraulicky-cyklon-130\\\/#primaryimage\",\"url\":\"https:\\\/\\\/exparto.pl\\\/wp-content\\\/uploads\\\/2023\\\/06\\\/99a3bf672be9f4fdcd6cb1253f6210f2.jpg\",\"contentUrl\":\"https:\\\/\\\/exparto.pl\\\/wp-content\\\/uploads\\\/2023\\\/06\\\/99a3bf672be9f4fdcd6cb1253f6210f2.jpg\",\"width\":1000,\"height\":1000},{\"@type\":\"BreadcrumbList\",\"@id\":\"https:\\\/\\\/exparto.pl\\\/sk\\\/produkt\\\/rebak-hydraulicky-cyklon-130\\\/#breadcrumb\",\"itemListElement\":[{\"@type\":\"ListItem\",\"position\":1,\"name\":\"Domovsk\u00e1 str\u00e1nka\",\"item\":\"https:\\\/\\\/exparto.pl\\\/sk\\\/domovska-stranka\\\/\"},{\"@type\":\"ListItem\",\"position\":2,\"name\":\"Sklep\",\"item\":\"https:\\\/\\\/exparto.pl\\\/sklep\\\/\"},{\"@type\":\"ListItem\",\"position\":3,\"name\":\"\u0160tiepkova\u010de Cyklon 130\",\"item\":\"https:\\\/\\\/exparto.pl\\\/sk\\\/kategoria-produktov\\\/stiepkovace-dreva\\\/stiepkovace-cyklon-130\\\/\"},{\"@type\":\"ListItem\",\"position\":4,\"name\":\"Hydraulick\u00fd \u0161tiepkova\u010d CYKLON 130\"}]},{\"@type\":\"WebSite\",\"@id\":\"https:\\\/\\\/exparto.pl\\\/sk\\\/#website\",\"url\":\"https:\\\/\\\/exparto.pl\\\/sk\\\/\",\"name\":\"EXPARTO\",\"description\":\"More than agro parts\",\"publisher\":{\"@id\":\"https:\\\/\\\/exparto.pl\\\/sk\\\/#organization\"},\"potentialAction\":[{\"@type\":\"SearchAction\",\"target\":{\"@type\":\"EntryPoint\",\"urlTemplate\":\"https:\\\/\\\/exparto.pl\\\/sk\\\/?s={search_term_string}\"},\"query-input\":{\"@type\":\"PropertyValueSpecification\",\"valueRequired\":true,\"valueName\":\"search_term_string\"}}],\"inLanguage\":\"sk-SK\"},{\"@type\":\"Organization\",\"@id\":\"https:\\\/\\\/exparto.pl\\\/sk\\\/#organization\",\"name\":\"EXPARTO\",\"url\":\"https:\\\/\\\/exparto.pl\\\/sk\\\/\",\"logo\":{\"@type\":\"ImageObject\",\"inLanguage\":\"sk-SK\",\"@id\":\"https:\\\/\\\/exparto.pl\\\/sk\\\/#\\\/schema\\\/logo\\\/image\\\/\",\"url\":\"https:\\\/\\\/exparto.pl\\\/wp-content\\\/uploads\\\/2023\\\/02\\\/logo-wektor.png\",\"contentUrl\":\"https:\\\/\\\/exparto.pl\\\/wp-content\\\/uploads\\\/2023\\\/02\\\/logo-wektor.png\",\"width\":1338,\"height\":143,\"caption\":\"EXPARTO\"},\"image\":{\"@id\":\"https:\\\/\\\/exparto.pl\\\/sk\\\/#\\\/schema\\\/logo\\\/image\\\/\"},\"sameAs\":[\"https:\\\/\\\/www.facebook.com\\\/exparto.agro\\\/\"]}]}<\/script>\n<!-- \/ Yoast SEO plugin. -->","yoast_head_json":{"title":"Hydraulick\u00fd \u0161tiepkova\u010d CYKLON 130 - Exparto.pl","robots":{"index":"index","follow":"follow","max-snippet":"max-snippet:-1","max-image-preview":"max-image-preview:large","max-video-preview":"max-video-preview:-1"},"canonical":"https:\/\/exparto.pl\/sk\/produkt\/rebak-hydraulicky-cyklon-130\/","og_locale":"sk_SK","og_type":"article","og_title":"Hydraulick\u00fd \u0161tiepkova\u010d CYKLON 130 - Exparto.pl","og_description":"Tento model drvi\u010da dreva je vybaven\u00fd hydraulick\u00fdm pod\u00e1vac\u00edm valcom. V\u010faka tomu je pr\u00e1ca so strojom jednoduch\u0161ia a menej n\u00e1siln\u00e1 - sta\u010d\u00ed vlo\u017ei\u0165 materi\u00e1l do pod\u00e1va\u010da a valec ho pos\u00fava \u010falej. Pr\u00edtomnos\u0165 valca ovplyv\u0148uje aj samotn\u00fa prev\u00e1dzku stroja, \u010d\u00edm sa zvy\u0161uje jeho \u00fa\u010dinnos\u0165.","og_url":"https:\/\/exparto.pl\/sk\/produkt\/rebak-hydraulicky-cyklon-130\/","og_site_name":"Exparto.pl","article_publisher":"https:\/\/www.facebook.com\/exparto.agro\/","og_image":[{"width":1000,"height":1000,"url":"https:\/\/exparto.pl\/wp-content\/uploads\/2023\/06\/99a3bf672be9f4fdcd6cb1253f6210f2.jpg","type":"image\/jpeg"}],"twitter_card":"summary_large_image","twitter_misc":{"Predpokladan\u00fd \u010das \u010d\u00edtania":"3 min\u00faty"},"schema":{"@context":"https:\/\/schema.org","@graph":[{"@type":"WebPage","@id":"https:\/\/exparto.pl\/sk\/produkt\/rebak-hydraulicky-cyklon-130\/","url":"https:\/\/exparto.pl\/sk\/produkt\/rebak-hydraulicky-cyklon-130\/","name":"Hydraulick\u00fd \u0161tiepkova\u010d CYKLON 130 - Exparto.pl","isPartOf":{"@id":"https:\/\/exparto.pl\/sk\/#website"},"primaryImageOfPage":{"@id":"https:\/\/exparto.pl\/sk\/produkt\/rebak-hydraulicky-cyklon-130\/#primaryimage"},"image":{"@id":"https:\/\/exparto.pl\/sk\/produkt\/rebak-hydraulicky-cyklon-130\/#primaryimage"},"thumbnailUrl":"https:\/\/exparto.pl\/wp-content\/uploads\/2023\/06\/99a3bf672be9f4fdcd6cb1253f6210f2.jpg","datePublished":"2023-06-23T06:58:23+00:00","breadcrumb":{"@id":"https:\/\/exparto.pl\/sk\/produkt\/rebak-hydraulicky-cyklon-130\/#breadcrumb"},"inLanguage":"sk-SK","potentialAction":[{"@type":"ReadAction","target":["https:\/\/exparto.pl\/sk\/produkt\/rebak-hydraulicky-cyklon-130\/"]}]},{"@type":"ImageObject","inLanguage":"sk-SK","@id":"https:\/\/exparto.pl\/sk\/produkt\/rebak-hydraulicky-cyklon-130\/#primaryimage","url":"https:\/\/exparto.pl\/wp-content\/uploads\/2023\/06\/99a3bf672be9f4fdcd6cb1253f6210f2.jpg","contentUrl":"https:\/\/exparto.pl\/wp-content\/uploads\/2023\/06\/99a3bf672be9f4fdcd6cb1253f6210f2.jpg","width":1000,"height":1000},{"@type":"BreadcrumbList","@id":"https:\/\/exparto.pl\/sk\/produkt\/rebak-hydraulicky-cyklon-130\/#breadcrumb","itemListElement":[{"@type":"ListItem","position":1,"name":"Domovsk\u00e1 str\u00e1nka","item":"https:\/\/exparto.pl\/sk\/domovska-stranka\/"},{"@type":"ListItem","position":2,"name":"Sklep","item":"https:\/\/exparto.pl\/sklep\/"},{"@type":"ListItem","position":3,"name":"\u0160tiepkova\u010de Cyklon 130","item":"https:\/\/exparto.pl\/sk\/kategoria-produktov\/stiepkovace-dreva\/stiepkovace-cyklon-130\/"},{"@type":"ListItem","position":4,"name":"Hydraulick\u00fd \u0161tiepkova\u010d CYKLON 130"}]},{"@type":"WebSite","@id":"https:\/\/exparto.pl\/sk\/#website","url":"https:\/\/exparto.pl\/sk\/","name":"EXPARTO","description":"More than agro parts","publisher":{"@id":"https:\/\/exparto.pl\/sk\/#organization"},"potentialAction":[{"@type":"SearchAction","target":{"@type":"EntryPoint","urlTemplate":"https:\/\/exparto.pl\/sk\/?s={search_term_string}"},"query-input":{"@type":"PropertyValueSpecification","valueRequired":true,"valueName":"search_term_string"}}],"inLanguage":"sk-SK"},{"@type":"Organization","@id":"https:\/\/exparto.pl\/sk\/#organization","name":"EXPARTO","url":"https:\/\/exparto.pl\/sk\/","logo":{"@type":"ImageObject","inLanguage":"sk-SK","@id":"https:\/\/exparto.pl\/sk\/#\/schema\/logo\/image\/","url":"https:\/\/exparto.pl\/wp-content\/uploads\/2023\/02\/logo-wektor.png","contentUrl":"https:\/\/exparto.pl\/wp-content\/uploads\/2023\/02\/logo-wektor.png","width":1338,"height":143,"caption":"EXPARTO"},"image":{"@id":"https:\/\/exparto.pl\/sk\/#\/schema\/logo\/image\/"},"sameAs":["https:\/\/www.facebook.com\/exparto.agro\/"]}]}},"_links":{"self":[{"href":"https:\/\/exparto.pl\/sk\/wp-json\/wp\/v2\/product\/12904","targetHints":{"allow":["GET"]}}],"collection":[{"href":"https:\/\/exparto.pl\/sk\/wp-json\/wp\/v2\/product"}],"about":[{"href":"https:\/\/exparto.pl\/sk\/wp-json\/wp\/v2\/types\/product"}],"replies":[{"embeddable":true,"href":"https:\/\/exparto.pl\/sk\/wp-json\/wp\/v2\/comments?post=12904"}],"wp:featuredmedia":[{"embeddable":true,"href":"https:\/\/exparto.pl\/sk\/wp-json\/wp\/v2\/media\/7565"}],"wp:attachment":[{"href":"https:\/\/exparto.pl\/sk\/wp-json\/wp\/v2\/media?parent=12904"}],"wp:term":[{"taxonomy":"product_brand","embeddable":true,"href":"https:\/\/exparto.pl\/sk\/wp-json\/wp\/v2\/product_brand?post=12904"},{"taxonomy":"product_cat","embeddable":true,"href":"https:\/\/exparto.pl\/sk\/wp-json\/wp\/v2\/product_cat?post=12904"},{"taxonomy":"product_tag","embeddable":true,"href":"https:\/\/exparto.pl\/sk\/wp-json\/wp\/v2\/product_tag?post=12904"}],"curies":[{"name":"wp","href":"https:\/\/api.w.org\/{rel}","templated":true}]}}