{"id":12906,"date":"2023-06-22T15:53:28","date_gmt":"2023-06-22T13:53:28","guid":{"rendered":"https:\/\/exparto.pl\/produkt\/stiepkovac-cyklon-130\/"},"modified":"2023-06-22T15:53:28","modified_gmt":"2023-06-22T13:53:28","slug":"rebak-cyclone-130","status":"publish","type":"product","link":"https:\/\/exparto.pl\/sk\/produkt\/rebak-cyclone-130\/","title":{"rendered":"\u0160tiepkova\u010d CYKLON 130"},"content":{"rendered":"<h2 style=\"margin-right: 0px; margin-bottom: var(--wd-tags-mb); margin-left: 0px; padding: 0px; border: 0px; vertical-align: baseline; line-height: 1.4; text-align: justify;\"><span style=\"margin: 0px; padding: 0px; border: 0px; vertical-align: baseline; line-height: inherit;\">Kot\u00fa\u010dov\u00fd \u0161tiepkova\u010d Cyklon 130 je \u00fa\u010dinn\u00fdm pomocn\u00edkom pri drven\u00ed dreva<\/span><\/h2>\n<p style=\"margin-bottom: var(--wd-tags-mb); padding: 0px; border: 0px; vertical-align: baseline; line-height: inherit; text-align: justify;\"><span style=\"margin: 0px; padding: 0px; border: 0px; vertical-align: baseline; line-height: inherit;\">Skartova\u010de kon\u00e1rov<\/span><span style=\"margin: 0px; padding: 0px; border: 0px; vertical-align: baseline; line-height: inherit;\">  s\u00fa zariadenia, ktor\u00e9 premie\u0148aj\u00fa drevn\u00fa hmotu na \u0161tiepku. Rie\u0161ia probl\u00e9m vzniku odpadu v podobe kon\u00e1rov stromov a kr\u00edkov, ktor\u00fd sa neust\u00e1le vyskytuje v lesoch, z\u00e1hrad\u00e1ch, sadoch a upraven\u00fdch oblastiach.<\/span><\/p>\n<p style=\"margin-bottom: var(--wd-tags-mb); padding: 0px; border: 0px; vertical-align: baseline; line-height: inherit; text-align: justify;\"><span style=\"margin: 0px; padding: 0px; border: 0px; vertical-align: baseline; line-height: inherit;\">Kot\u00fa\u010dov\u00fd \u0161tiepkova\u010d<\/span><span style=\"margin: 0px; padding: 0px; border: 0px; vertical-align: baseline; line-height: inherit;\">  je vybaven\u00fd mechanizmom rotuj\u00faceho disku s lopatkami. Vysok\u00e1 kvalita  <\/span><span style=\"margin: 0px; padding: 0px; border: 0px; vertical-align: baseline; line-height: inherit;\">kot\u00fa\u010dov\u00fd \u0161tiepkova\u010d<\/span><span style=\"margin: 0px; padding: 0px; border: 0px; vertical-align: baseline; line-height: inherit;\"> V\u00fdkonn\u00fd \u0161tiepkova\u010d r\u00fdchlo zlikviduje zvy\u0161n\u00e9 drevo a pri spr\u00e1vnom pou\u017e\u00edvan\u00ed a \u00fadr\u017ebe vydr\u017e\u00ed dlh\u00e9 roky.<\/span><\/p>\n<p style=\"margin-bottom: var(--wd-tags-mb); padding: 0px; border: 0px; vertical-align: baseline; line-height: inherit; text-align: justify;\"><span style=\"margin: 0px; padding: 0px; border: 0px; vertical-align: baseline; line-height: inherit;\">H\u013ead\u00e1te<\/span><span style=\"margin: 0px; padding: 0px; border: 0px; vertical-align: baseline; line-height: inherit;\"> drvi\u010d dreva<\/span><span style=\"margin: 0px; padding: 0px; border: 0px; vertical-align: baseline; line-height: inherit;\">  vysok\u00fa kvalitu, ktor\u00e1 v\u00e1m pom\u00f4\u017ee efekt\u00edvne zlikvidova\u0165 drevn\u00fd odpad? Presk\u00famajte str\u00e1nku  <\/span><span style=\"margin: 0px; padding: 0px; border: 0px; vertical-align: baseline; line-height: inherit;\">Kot\u00fa\u010dov\u00fd \u0161tiepkova\u010d Cyklon 130<\/span><span style=\"margin: 0px; padding: 0px; border: 0px; vertical-align: baseline; line-height: inherit;\">. Ide o stroj na\u0161ej v\u00fdroby poh\u00e1\u0148an\u00fd v\u00fdvodov\u00fdm hriade\u013eom, ktor\u00fd sa vyzna\u010duje vysokou pracovnou kapacitou.  <\/span><span style=\"margin: 0px; padding: 0px; border: 0px; vertical-align: baseline; line-height: inherit;\">Skartova\u010d vetiev <\/span><span style=\"margin: 0px; padding: 0px; border: 0px; vertical-align: baseline; line-height: inherit;\">Drvi\u010d Cyclone 130 sp\u013a\u0148a potrebn\u00e9 bezpe\u010dnostn\u00e9 normy a je vhodn\u00fd na individu\u00e1lne aj profesion\u00e1lne pou\u017eitie. <\/span> <\/p>\n<h2 style=\"margin-right: 0px; margin-bottom: var(--wd-tags-mb); margin-left: 0px; padding: 0px; border: 0px; vertical-align: baseline; line-height: 1.4; text-align: justify;\"><span style=\"margin: 0px; padding: 0px; border: 0px; vertical-align: baseline; line-height: inherit;\">Pre\u010do sa rozhodn\u00fa\u0165 pre kot\u00fa\u010dov\u00fd \u0161tiepa\u010d Cyklon 130?<\/span><\/h2>\n<p style=\"margin-bottom: var(--wd-tags-mb); padding: 0px; border: 0px; vertical-align: baseline; line-height: inherit; text-align: justify;\"><span style=\"margin: 0px; padding: 0px; border: 0px; vertical-align: baseline; line-height: inherit;\">Kot\u00fa\u010dov\u00fd \u0161tiepkova\u010d<\/span><span style=\"margin: 0px; padding: 0px; border: 0px; vertical-align: baseline; line-height: inherit;\">  je nenahradite\u013en\u00fd pri spracovan\u00ed odpadov\u00e9ho dreva vo forme kme\u0148ov a kon\u00e1rov.  <\/span><span style=\"margin: 0px; padding: 0px; border: 0px; vertical-align: baseline; line-height: inherit;\">Skartova\u010d vetiev<\/span><span style=\"margin: 0px; padding: 0px; border: 0px; vertical-align: baseline; line-height: inherit;\">  Cyclone 130 bude obrovsk\u00fdm pomocn\u00edkom pre v\u0161etk\u00fdch, ktor\u00ed sa profesion\u00e1lne zaoberaj\u00fa drevom, ako aj pre t\u00fdch, ktor\u00ed maj\u00fa pozemky a z\u00e1hrady &#8211; stane sa neocenite\u013en\u00fdm pomocn\u00edkom na ka\u017edej farme.  <\/span><span style=\"margin: 0px; padding: 0px; border: 0px; vertical-align: baseline; line-height: inherit;\">Kot\u00fa\u010dov\u00fd \u0161tiepkova\u010d Cyklon 130<\/span><span style=\"margin: 0px; padding: 0px; border: 0px; vertical-align: baseline; line-height: inherit;\">  nielen\u017ee zlep\u0161\u00ed \u010distiace pr\u00e1ce, ale umo\u017en\u00ed aj recykl\u00e1ciu zost\u00e1vaj\u00faceho drevn\u00e9ho odpadu na u\u017eito\u010dn\u00fa drevn\u00fa \u0161tiepku.  <\/span><\/p>\n<h3 style=\"margin-right: 0px; margin-bottom: var(--wd-tags-mb); margin-left: 0px; padding: 0px; border: 0px; vertical-align: baseline; line-height: 1.4; text-align: justify;\"><span style=\"margin: 0px; padding: 0px; border: 0px; vertical-align: baseline; line-height: inherit;\">V\u00fdkon, v\u00fdkon, bezpe\u010dnos\u0165<\/span><\/h3>\n<p style=\"margin-bottom: var(--wd-tags-mb); padding: 0px; border: 0px; vertical-align: baseline; line-height: inherit; text-align: justify;\"><span style=\"margin: 0px; padding: 0px; border: 0px; vertical-align: baseline; line-height: inherit;\">Kot\u00fa\u010dov\u00fd \u0161tiepkova\u010d Cyklon 130<\/span><span style=\"margin: 0px; padding: 0px; border: 0px; vertical-align: baseline; line-height: inherit;\">  je ur\u010den\u00fd na drvenie kon\u00e1rov a dokonca kme\u0148ov stromov s maxim\u00e1lnym priemerom 13 cm. Rezac\u00ed kot\u00fa\u010d pracuje efekt\u00edvne v\u010faka \u0161tyrom oce\u013eov\u00fdm no\u017eom a vysokej hmotnosti, ktor\u00e1 je zodpovedn\u00e1 za vysok\u00fd kr\u00fatiaci moment. Na\u0161a str\u00e1nka  <\/span><span style=\"margin: 0px; padding: 0px; border: 0px; vertical-align: baseline; line-height: inherit;\">drvi\u010d dreva<\/span><span style=\"margin: 0px; padding: 0px; border: 0px; vertical-align: baseline; line-height: inherit;\">  m\u00e1 oce\u013eov\u00e9 kryty karos\u00e9rie, ktor\u00e9 s\u00fa robustn\u00e9 a zabezpe\u010duj\u00fa bezpe\u010dn\u00fa prev\u00e1dzku. Stroj je vybaven\u00fd vyhadzovac\u00edm kom\u00ednom s 360\u00b0 pohyblivos\u0165ou.<\/span><span style=\"margin: 0px; padding: 0px; border: 0px; vertical-align: baseline; line-height: inherit;\">o<\/span><span style=\"margin: 0px; padding: 0px; border: 0px; vertical-align: baseline; line-height: inherit;\"> umo\u017e\u0148uje nastavi\u0165 smer \u010dipov. <\/span> <\/p>\n<h3 style=\"margin-right: 0px; margin-bottom: var(--wd-tags-mb); margin-left: 0px; padding: 0px; border: 0px; vertical-align: baseline; line-height: 1.4; text-align: justify;\"><span style=\"margin: 0px; padding: 0px; border: 0px; vertical-align: baseline; line-height: inherit;\">Pou\u017eite\u013enos\u0165<\/span><\/h3>\n<p style=\"margin-bottom: var(--wd-tags-mb); padding: 0px; border: 0px; vertical-align: baseline; line-height: inherit; text-align: justify;\"><span style=\"margin: 0px; padding: 0px; border: 0px; vertical-align: baseline; line-height: inherit;\">Kot\u00fa\u010dov\u00fd \u0161tiepkova\u010d Cyklon 130<\/span><span style=\"margin: 0px; padding: 0px; border: 0px; vertical-align: baseline; line-height: inherit;\"> s v\u00fdkonom 18 kon\u00ed<\/span> <span style=\"margin: 0px; padding: 0px; border: 0px; vertical-align: baseline; line-height: inherit;\">\u00da\u010dinne rozdrv\u00ed pne a kon\u00e1re a premen\u00ed ich na jemn\u00fa drevn\u00fa \u0161tiepku. T\u00e1to str\u00e1nka  <\/span><span style=\"margin: 0px; padding: 0px; border: 0px; vertical-align: baseline; line-height: inherit;\">drvi\u010d dreva<\/span><span style=\"margin: 0px; padding: 0px; border: 0px; vertical-align: baseline; line-height: inherit;\"> si porad\u00ed s ak\u00fdmko\u013evek druhom dreva &#8211; \u0161tyri rezacie no\u017ee si hladko poradia s m\u00e4kk\u00fdm brezov\u00fdm alebo borovicov\u00fdm drevom aj s tvrd\u0161\u00edmi druhmi, ako je javor, lieskov\u00e9 drevo alebo jablo\u0148. <\/span> <\/p>\n<p style=\"margin-bottom: var(--wd-tags-mb); padding: 0px; border: 0px; vertical-align: baseline; line-height: inherit; text-align: justify;\"><span style=\"margin: 0px; padding: 0px; border: 0px; vertical-align: baseline; line-height: inherit;\">Skartova\u010d vetiev  <\/span><span style=\"margin: 0px; padding: 0px; border: 0px; vertical-align: baseline; line-height: inherit;\">Cyclone 130 v\u00e1m pom\u00f4\u017ee uprata\u0165 priestor a zbavi\u0165 sa zaost\u00e1vaj\u00faceho dreva ove\u013ea r\u00fdchlej\u0161ie. Spracovan\u00e9 drevo vo forme \u0161tiepky sa d\u00e1 vyu\u017ei\u0165 viacer\u00fdmi sp\u00f4sobmi:<\/span><\/p>\n<ul style=\"margin-right: 0px; margin-bottom: var(--list-mb); margin-left: 0px; border: 0px; vertical-align: baseline; line-height: inherit; --list-mb: 20px; --li-mb: 10px; --li-pl: 17px; text-align: justify; padding: 0px 0px 0px var(--li-pl);\">\n<li style=\"padding: 0px; border: 0px; vertical-align: baseline; line-height: inherit; margin: 0px 0px var(--li-mb) 0px;\"><span style=\"margin: 0px; padding: 0px; border: 0px; vertical-align: baseline; line-height: inherit;\">ako palivo v spor\u00e1koch s pod\u00e1va\u010dom,  <\/span><\/li>\n<li style=\"padding: 0px; border: 0px; vertical-align: baseline; line-height: inherit; margin: 0px 0px var(--li-mb) 0px;\"><span style=\"margin: 0px; padding: 0px; border: 0px; vertical-align: baseline; line-height: inherit;\">na mul\u010dovanie z\u00e1honov a v\u00fdsadbu,<\/span><\/li>\n<li style=\"padding: 0px; border: 0px; vertical-align: baseline; line-height: inherit; margin: 0px 0px var(--li-mb) 0px;\"><span style=\"margin: 0px; padding: 0px; border: 0px; vertical-align: baseline; line-height: inherit;\">na z\u00e1hony kr\u00edkov,<\/span><\/li>\n<li style=\"padding: 0px; border: 0px; vertical-align: baseline; line-height: inherit; margin: 0px 0px var(--li-mb) 0px;\"><span style=\"margin: 0px; padding: 0px; border: 0px; vertical-align: baseline; line-height: inherit;\">na mul\u010dovanie chodn\u00edkov,<\/span><\/li>\n<li style=\"margin: 0px; padding: 0px; border: 0px; vertical-align: baseline; line-height: inherit;\"><span style=\"margin: 0px; padding: 0px; border: 0px; vertical-align: baseline; line-height: inherit;\">na v\u00fdrobu kompostu.<\/span><\/li>\n<\/ul>\n<h2 style=\"margin-right: 0px; margin-bottom: var(--wd-tags-mb); margin-left: 0px; padding: 0px; border: 0px; vertical-align: baseline; line-height: 1.4; text-align: justify;\"><span style=\"margin: 0px; padding: 0px; border: 0px; vertical-align: baseline; line-height: inherit;\">\u0160tiepkova\u010d Cyklon 130 &#8211; vysok\u00e1 kvalita priamo od po\u013esk\u00e9ho v\u00fdrobcu<\/span><\/h2>\n<p style=\"margin-bottom: var(--wd-tags-mb); padding: 0px; border: 0px; vertical-align: baseline; line-height: inherit; text-align: justify;\"><span style=\"margin: 0px; padding: 0px; border: 0px; vertical-align: baseline; line-height: inherit;\">Vysok\u00fd v\u00fdkon n\u00e1\u0161ho <\/span><span style=\"margin: 0px; padding: 0px; border: 0px; vertical-align: baseline; line-height: inherit;\">Kot\u00fa\u010dov\u00fd \u0161tiepkova\u010d Cyklon 130<\/span><span style=\"margin: 0px; padding: 0px; border: 0px; vertical-align: baseline; line-height: inherit;\">  a schopnos\u0165 spracov\u00e1va\u0165 polen\u00e1 a kon\u00e1re s priemerom a\u017e 13 cm spln\u00ed po\u017eiadavky aj t\u00fdch najn\u00e1ro\u010dnej\u0161\u00edch z\u00e1kazn\u00edkov. Stroj je navrhnut\u00fd na dlhodob\u00fa prev\u00e1dzku v n\u00e1ro\u010dn\u00fdch podmienkach. Pou\u017e\u00edvanie str\u00e1nky  <\/span><span style=\"margin: 0px; padding: 0px; border: 0px; vertical-align: baseline; line-height: inherit;\">drvi\u010de kon\u00e1rov<\/span><span style=\"margin: 0px; padding: 0px; border: 0px; vertical-align: baseline; line-height: inherit;\"> Cyclone 130 m\u00f4\u017eete \u013eahko zlikvidova\u0165 pretrv\u00e1vaj\u00faci drevn\u00fd odpad. <\/span> <\/p>\n<p style=\"margin-bottom: var(--wd-tags-mb); padding: 0px; border: 0px; vertical-align: baseline; line-height: inherit; text-align: justify;\"><span style=\"margin: 0px; padding: 0px; border: 0px; vertical-align: baseline; line-height: inherit;\">Na\u0161a str\u00e1nka <\/span><span style=\"margin: 0px; padding: 0px; border: 0px; vertical-align: baseline; line-height: inherit;\">skartova\u010dky vetiev <\/span> <span style=\"margin: 0px; padding: 0px; border: 0px; vertical-align: baseline; line-height: inherit;\">Cyclone 130 sa vyzna\u010duje funk\u010dnos\u0165ou, komfortom a bezpe\u010dnos\u0165ou. Tieto prvky s\u00fa pre n\u00e1s prioritn\u00e9. Preto venujeme ve\u013ek\u00fa pozornos\u0165 v\u00fdrobn\u00e9mu procesu, dohliadame na ka\u017ed\u00fa f\u00e1zu v\u00fdrobn\u00e9ho procesu &#8211; zv\u00e1ranie, lakovanie a mont\u00e1\u017e a nakoniec podrobujeme ka\u017ed\u00fd v\u00fdsledn\u00fd kus podrobnej kontrole kvality. N\u00e1kup  <\/span><span style=\"margin: 0px; padding: 0px; border: 0px; vertical-align: baseline; line-height: inherit;\">Kot\u00fa\u010dov\u00fd \u0161tiepkova\u010d Cyklon 130<\/span><span style=\"margin: 0px; padding: 0px; border: 0px; vertical-align: baseline; line-height: inherit;\"> z\u00edskate spo\u013eahliv\u00fa podporu po n\u00e1kupe &#8211; poskytujeme technick\u00fa pomoc a \u013eahk\u00fd pr\u00edstup k n\u00e1hradn\u00fdm dielom a spotrebn\u00e9mu materi\u00e1lu.<\/span><\/p>\n","protected":false},"excerpt":{"rendered":"<p style=\"text-align: justify;\"><span style=\"margin: 0px; padding: 0px; border: 0px; vertical-align: baseline; line-height: inherit; text-align: justify;\">Skartova\u010de kon\u00e1rov<\/span><span style=\"margin: 0px; padding: 0px; border: 0px; vertical-align: baseline; line-height: inherit; text-align: justify;\">  s\u00fa zariadenia, ktor\u00e9 premie\u0148aj\u00fa drevn\u00fa hmotu na \u0161tiepku. Rie\u0161ia probl\u00e9m vzniku odpadu v podobe kon\u00e1rov stromov a kr\u00edkov, ktor\u00fd sa neust\u00e1le vyskytuje v lesoch, z\u00e1hrad\u00e1ch, sadoch a upraven\u00fdch oblastiach.<\/span><\/p>\n","protected":false},"featured_media":7505,"comment_status":"open","ping_status":"closed","template":"","meta":{"_acf_changed":false,"inline_featured_image":false},"product_brand":[],"product_cat":[605,604],"product_tag":[],"class_list":{"0":"post-12906","1":"product","2":"type-product","3":"status-publish","4":"has-post-thumbnail","6":"product_cat-stiepkovace-cyklon-130","7":"product_cat-stiepkovace-dreva","9":"first","10":"onbackorder","11":"taxable","12":"shipping-taxable","13":"purchasable","14":"product-type-simple"},"acf":[],"yoast_head":"<!-- This site is optimized with the Yoast SEO plugin v27.3 - https:\/\/yoast.com\/product\/yoast-seo-wordpress\/ -->\n<title>\u0160tiepkova\u010d CYKLON 130 - Exparto.pl<\/title>\n<meta name=\"robots\" content=\"index, follow, max-snippet:-1, max-image-preview:large, max-video-preview:-1\" \/>\n<link rel=\"canonical\" href=\"https:\/\/exparto.pl\/sk\/produkt\/rebak-cyclone-130\/\" \/>\n<meta property=\"og:locale\" content=\"sk_SK\" \/>\n<meta property=\"og:type\" content=\"article\" \/>\n<meta property=\"og:title\" content=\"\u0160tiepkova\u010d CYKLON 130 - Exparto.pl\" \/>\n<meta property=\"og:description\" content=\"Skartova\u010de kon\u00e1rov s\u00fa zariadenia, ktor\u00e9 premie\u0148aj\u00fa drevn\u00fa hmotu na \u0161tiepku. Rie\u0161ia probl\u00e9m vzniku odpadu v podobe kon\u00e1rov stromov a kr\u00edkov, ktor\u00fd sa neust\u00e1le vyskytuje v lesoch, z\u00e1hrad\u00e1ch, sadoch a upraven\u00fdch oblastiach.\" \/>\n<meta property=\"og:url\" content=\"https:\/\/exparto.pl\/sk\/produkt\/rebak-cyclone-130\/\" \/>\n<meta property=\"og:site_name\" content=\"Exparto.pl\" \/>\n<meta property=\"article:publisher\" content=\"https:\/\/www.facebook.com\/exparto.agro\/\" \/>\n<meta property=\"og:image\" content=\"https:\/\/exparto.pl\/wp-content\/uploads\/2023\/06\/37a89f333a5924884f2f667f282432ec.jpg\" \/>\n\t<meta property=\"og:image:width\" content=\"1000\" \/>\n\t<meta property=\"og:image:height\" content=\"1000\" \/>\n\t<meta property=\"og:image:type\" content=\"image\/jpeg\" \/>\n<meta name=\"twitter:card\" content=\"summary_large_image\" \/>\n<meta name=\"twitter:label1\" content=\"Predpokladan\u00fd \u010das \u010d\u00edtania\" \/>\n\t<meta name=\"twitter:data1\" content=\"3 min\u00faty\" \/>\n<script type=\"application\/ld+json\" class=\"yoast-schema-graph\">{\"@context\":\"https:\\\/\\\/schema.org\",\"@graph\":[{\"@type\":\"WebPage\",\"@id\":\"https:\\\/\\\/exparto.pl\\\/sk\\\/produkt\\\/rebak-cyclone-130\\\/\",\"url\":\"https:\\\/\\\/exparto.pl\\\/sk\\\/produkt\\\/rebak-cyclone-130\\\/\",\"name\":\"\u0160tiepkova\u010d CYKLON 130 - Exparto.pl\",\"isPartOf\":{\"@id\":\"https:\\\/\\\/exparto.pl\\\/sk\\\/#website\"},\"primaryImageOfPage\":{\"@id\":\"https:\\\/\\\/exparto.pl\\\/sk\\\/produkt\\\/rebak-cyclone-130\\\/#primaryimage\"},\"image\":{\"@id\":\"https:\\\/\\\/exparto.pl\\\/sk\\\/produkt\\\/rebak-cyclone-130\\\/#primaryimage\"},\"thumbnailUrl\":\"https:\\\/\\\/exparto.pl\\\/wp-content\\\/uploads\\\/2023\\\/06\\\/37a89f333a5924884f2f667f282432ec.jpg\",\"datePublished\":\"2023-06-22T13:53:28+00:00\",\"breadcrumb\":{\"@id\":\"https:\\\/\\\/exparto.pl\\\/sk\\\/produkt\\\/rebak-cyclone-130\\\/#breadcrumb\"},\"inLanguage\":\"sk-SK\",\"potentialAction\":[{\"@type\":\"ReadAction\",\"target\":[\"https:\\\/\\\/exparto.pl\\\/sk\\\/produkt\\\/rebak-cyclone-130\\\/\"]}]},{\"@type\":\"ImageObject\",\"inLanguage\":\"sk-SK\",\"@id\":\"https:\\\/\\\/exparto.pl\\\/sk\\\/produkt\\\/rebak-cyclone-130\\\/#primaryimage\",\"url\":\"https:\\\/\\\/exparto.pl\\\/wp-content\\\/uploads\\\/2023\\\/06\\\/37a89f333a5924884f2f667f282432ec.jpg\",\"contentUrl\":\"https:\\\/\\\/exparto.pl\\\/wp-content\\\/uploads\\\/2023\\\/06\\\/37a89f333a5924884f2f667f282432ec.jpg\",\"width\":1000,\"height\":1000},{\"@type\":\"BreadcrumbList\",\"@id\":\"https:\\\/\\\/exparto.pl\\\/sk\\\/produkt\\\/rebak-cyclone-130\\\/#breadcrumb\",\"itemListElement\":[{\"@type\":\"ListItem\",\"position\":1,\"name\":\"Domovsk\u00e1 str\u00e1nka\",\"item\":\"https:\\\/\\\/exparto.pl\\\/sk\\\/domovska-stranka\\\/\"},{\"@type\":\"ListItem\",\"position\":2,\"name\":\"Sklep\",\"item\":\"https:\\\/\\\/exparto.pl\\\/sklep\\\/\"},{\"@type\":\"ListItem\",\"position\":3,\"name\":\"\u0160tiepkova\u010de Cyklon 130\",\"item\":\"https:\\\/\\\/exparto.pl\\\/sk\\\/kategoria-produktov\\\/stiepkovace-dreva\\\/stiepkovace-cyklon-130\\\/\"},{\"@type\":\"ListItem\",\"position\":4,\"name\":\"\u0160tiepkova\u010d CYKLON 130\"}]},{\"@type\":\"WebSite\",\"@id\":\"https:\\\/\\\/exparto.pl\\\/sk\\\/#website\",\"url\":\"https:\\\/\\\/exparto.pl\\\/sk\\\/\",\"name\":\"EXPARTO\",\"description\":\"More than agro parts\",\"publisher\":{\"@id\":\"https:\\\/\\\/exparto.pl\\\/sk\\\/#organization\"},\"potentialAction\":[{\"@type\":\"SearchAction\",\"target\":{\"@type\":\"EntryPoint\",\"urlTemplate\":\"https:\\\/\\\/exparto.pl\\\/sk\\\/?s={search_term_string}\"},\"query-input\":{\"@type\":\"PropertyValueSpecification\",\"valueRequired\":true,\"valueName\":\"search_term_string\"}}],\"inLanguage\":\"sk-SK\"},{\"@type\":\"Organization\",\"@id\":\"https:\\\/\\\/exparto.pl\\\/sk\\\/#organization\",\"name\":\"EXPARTO\",\"url\":\"https:\\\/\\\/exparto.pl\\\/sk\\\/\",\"logo\":{\"@type\":\"ImageObject\",\"inLanguage\":\"sk-SK\",\"@id\":\"https:\\\/\\\/exparto.pl\\\/sk\\\/#\\\/schema\\\/logo\\\/image\\\/\",\"url\":\"https:\\\/\\\/exparto.pl\\\/wp-content\\\/uploads\\\/2023\\\/02\\\/logo-wektor.png\",\"contentUrl\":\"https:\\\/\\\/exparto.pl\\\/wp-content\\\/uploads\\\/2023\\\/02\\\/logo-wektor.png\",\"width\":1338,\"height\":143,\"caption\":\"EXPARTO\"},\"image\":{\"@id\":\"https:\\\/\\\/exparto.pl\\\/sk\\\/#\\\/schema\\\/logo\\\/image\\\/\"},\"sameAs\":[\"https:\\\/\\\/www.facebook.com\\\/exparto.agro\\\/\"]}]}<\/script>\n<!-- \/ Yoast SEO plugin. -->","yoast_head_json":{"title":"\u0160tiepkova\u010d CYKLON 130 - Exparto.pl","robots":{"index":"index","follow":"follow","max-snippet":"max-snippet:-1","max-image-preview":"max-image-preview:large","max-video-preview":"max-video-preview:-1"},"canonical":"https:\/\/exparto.pl\/sk\/produkt\/rebak-cyclone-130\/","og_locale":"sk_SK","og_type":"article","og_title":"\u0160tiepkova\u010d CYKLON 130 - Exparto.pl","og_description":"Skartova\u010de kon\u00e1rov s\u00fa zariadenia, ktor\u00e9 premie\u0148aj\u00fa drevn\u00fa hmotu na \u0161tiepku. Rie\u0161ia probl\u00e9m vzniku odpadu v podobe kon\u00e1rov stromov a kr\u00edkov, ktor\u00fd sa neust\u00e1le vyskytuje v lesoch, z\u00e1hrad\u00e1ch, sadoch a upraven\u00fdch oblastiach.","og_url":"https:\/\/exparto.pl\/sk\/produkt\/rebak-cyclone-130\/","og_site_name":"Exparto.pl","article_publisher":"https:\/\/www.facebook.com\/exparto.agro\/","og_image":[{"width":1000,"height":1000,"url":"https:\/\/exparto.pl\/wp-content\/uploads\/2023\/06\/37a89f333a5924884f2f667f282432ec.jpg","type":"image\/jpeg"}],"twitter_card":"summary_large_image","twitter_misc":{"Predpokladan\u00fd \u010das \u010d\u00edtania":"3 min\u00faty"},"schema":{"@context":"https:\/\/schema.org","@graph":[{"@type":"WebPage","@id":"https:\/\/exparto.pl\/sk\/produkt\/rebak-cyclone-130\/","url":"https:\/\/exparto.pl\/sk\/produkt\/rebak-cyclone-130\/","name":"\u0160tiepkova\u010d CYKLON 130 - Exparto.pl","isPartOf":{"@id":"https:\/\/exparto.pl\/sk\/#website"},"primaryImageOfPage":{"@id":"https:\/\/exparto.pl\/sk\/produkt\/rebak-cyclone-130\/#primaryimage"},"image":{"@id":"https:\/\/exparto.pl\/sk\/produkt\/rebak-cyclone-130\/#primaryimage"},"thumbnailUrl":"https:\/\/exparto.pl\/wp-content\/uploads\/2023\/06\/37a89f333a5924884f2f667f282432ec.jpg","datePublished":"2023-06-22T13:53:28+00:00","breadcrumb":{"@id":"https:\/\/exparto.pl\/sk\/produkt\/rebak-cyclone-130\/#breadcrumb"},"inLanguage":"sk-SK","potentialAction":[{"@type":"ReadAction","target":["https:\/\/exparto.pl\/sk\/produkt\/rebak-cyclone-130\/"]}]},{"@type":"ImageObject","inLanguage":"sk-SK","@id":"https:\/\/exparto.pl\/sk\/produkt\/rebak-cyclone-130\/#primaryimage","url":"https:\/\/exparto.pl\/wp-content\/uploads\/2023\/06\/37a89f333a5924884f2f667f282432ec.jpg","contentUrl":"https:\/\/exparto.pl\/wp-content\/uploads\/2023\/06\/37a89f333a5924884f2f667f282432ec.jpg","width":1000,"height":1000},{"@type":"BreadcrumbList","@id":"https:\/\/exparto.pl\/sk\/produkt\/rebak-cyclone-130\/#breadcrumb","itemListElement":[{"@type":"ListItem","position":1,"name":"Domovsk\u00e1 str\u00e1nka","item":"https:\/\/exparto.pl\/sk\/domovska-stranka\/"},{"@type":"ListItem","position":2,"name":"Sklep","item":"https:\/\/exparto.pl\/sklep\/"},{"@type":"ListItem","position":3,"name":"\u0160tiepkova\u010de Cyklon 130","item":"https:\/\/exparto.pl\/sk\/kategoria-produktov\/stiepkovace-dreva\/stiepkovace-cyklon-130\/"},{"@type":"ListItem","position":4,"name":"\u0160tiepkova\u010d CYKLON 130"}]},{"@type":"WebSite","@id":"https:\/\/exparto.pl\/sk\/#website","url":"https:\/\/exparto.pl\/sk\/","name":"EXPARTO","description":"More than agro parts","publisher":{"@id":"https:\/\/exparto.pl\/sk\/#organization"},"potentialAction":[{"@type":"SearchAction","target":{"@type":"EntryPoint","urlTemplate":"https:\/\/exparto.pl\/sk\/?s={search_term_string}"},"query-input":{"@type":"PropertyValueSpecification","valueRequired":true,"valueName":"search_term_string"}}],"inLanguage":"sk-SK"},{"@type":"Organization","@id":"https:\/\/exparto.pl\/sk\/#organization","name":"EXPARTO","url":"https:\/\/exparto.pl\/sk\/","logo":{"@type":"ImageObject","inLanguage":"sk-SK","@id":"https:\/\/exparto.pl\/sk\/#\/schema\/logo\/image\/","url":"https:\/\/exparto.pl\/wp-content\/uploads\/2023\/02\/logo-wektor.png","contentUrl":"https:\/\/exparto.pl\/wp-content\/uploads\/2023\/02\/logo-wektor.png","width":1338,"height":143,"caption":"EXPARTO"},"image":{"@id":"https:\/\/exparto.pl\/sk\/#\/schema\/logo\/image\/"},"sameAs":["https:\/\/www.facebook.com\/exparto.agro\/"]}]}},"_links":{"self":[{"href":"https:\/\/exparto.pl\/sk\/wp-json\/wp\/v2\/product\/12906","targetHints":{"allow":["GET"]}}],"collection":[{"href":"https:\/\/exparto.pl\/sk\/wp-json\/wp\/v2\/product"}],"about":[{"href":"https:\/\/exparto.pl\/sk\/wp-json\/wp\/v2\/types\/product"}],"replies":[{"embeddable":true,"href":"https:\/\/exparto.pl\/sk\/wp-json\/wp\/v2\/comments?post=12906"}],"wp:featuredmedia":[{"embeddable":true,"href":"https:\/\/exparto.pl\/sk\/wp-json\/wp\/v2\/media\/7505"}],"wp:attachment":[{"href":"https:\/\/exparto.pl\/sk\/wp-json\/wp\/v2\/media?parent=12906"}],"wp:term":[{"taxonomy":"product_brand","embeddable":true,"href":"https:\/\/exparto.pl\/sk\/wp-json\/wp\/v2\/product_brand?post=12906"},{"taxonomy":"product_cat","embeddable":true,"href":"https:\/\/exparto.pl\/sk\/wp-json\/wp\/v2\/product_cat?post=12906"},{"taxonomy":"product_tag","embeddable":true,"href":"https:\/\/exparto.pl\/sk\/wp-json\/wp\/v2\/product_tag?post=12906"}],"curies":[{"name":"wp","href":"https:\/\/api.w.org\/{rel}","templated":true}]}}